{"id":4848,"date":"2022-02-20T16:50:30","date_gmt":"2022-02-20T16:50:30","guid":{"rendered":"https:\/\/medicinasinc.com\/fr\/?post_type=product&#038;p=4848"},"modified":"2022-03-17T12:20:26","modified_gmt":"2022-03-17T12:20:26","slug":"acheter-ketamine-poudre","status":"publish","type":"product","link":"https:\/\/medicinasinc.com\/fr\/product\/acheter-ketamine-poudre\/","title":{"rendered":"Acheter de la poudre de k\u00e9tamine"},"content":{"rendered":"<p>La poudre de k\u00e9tamine peut \u00eatre achet\u00e9e en ligne.<\/p>\n<p>Acheter de la poudre de k\u00e9tamine pour la gestion de la douleur postop\u00e9ratoire<br \/> La douleur postop\u00e9ratoire survient apr\u00e8s une intervention chirurgicale majeure comprenant une incision et une greffe. Il peut persister pendant deux \u00e0 cinq jours et une gestion appropri\u00e9e est n\u00e9cessaire pour l&#8217;\u00e9radiquer. Un contr\u00f4le inad\u00e9quat peut entra\u00eener une immobilit\u00e9, un temps de r\u00e9cup\u00e9ration plus difficile et une r\u00e9cup\u00e9ration retard\u00e9e. L&#8217;objectif est de soulager l&#8217;inconfort avec le moins d&#8217;effets secondaires possibles. Malgr\u00e9 des ann\u00e9es de progr\u00e8s dans la gestion de la douleur, le principal traitement postop\u00e9ratoire reste les anesth\u00e9siques tels que la poudre de k\u00e9tamine \u00e0 vendre. Ils se lient aux r\u00e9cepteurs du syst\u00e8me nerveux central et inhibent la transmission des signaux de douleur. Il a un d\u00e9but d&#8217;action rapide et une dur\u00e9e d&#8217;effet d&#8217;une heure. Les personnes responsables de l&#8217;administration du m\u00e9dicament doivent s&#8217;assurer qu&#8217;aucune interaction mortelle ne se produit.<\/p>\n<p>Best Global Meds &#8211; La seule et unique source de poudre de k\u00e9tamine abordable<br \/> Une grande vari\u00e9t\u00e9 de m\u00e9dicaments sur ordonnance sont d\u00e9sormais accessibles sans d\u00e9placer un pouce d&#8217;un emplacement. Chez Best Global Meds, vous pouvez commander de la poudre de k\u00e9tamine dans le confort de votre maison ou de votre bureau. Nous nous effor\u00e7ons de rendre les achats en ligne simples et s\u00e9curis\u00e9s pour nos clients. C&#8217;est pourquoi nous acceptons une vari\u00e9t\u00e9 de m\u00e9thodes de paiement, y compris la crypto-monnaie, et prot\u00e9geons les informations de votre carte de cr\u00e9dit gr\u00e2ce au cryptage de carte de cr\u00e9dit. De plus, la proc\u00e9dure d&#8217;exp\u00e9dition est sans risque. Nous travaillons avec des services de transport r\u00e9put\u00e9s pour s\u00e9curiser vos m\u00e9dicaments et les exp\u00e9dier directement \u00e0 votre domicile.<\/p>\n<p>Si vous avez des questions sur nous ou nos produits, veuillez contacter l&#8217;un de nos cadres. Nous serons ravis de r\u00e9pondre \u00e0 toutes vos questions\u00a0!<\/p>\n","protected":false},"excerpt":{"rendered":"<div class=\"woocommerce-product-details__short-description\">\n<p>Acheter de la poudre de k\u00e9tamine Livraison vers l&#8217;Union Europ\u00e9enne, paiement via Bitcoin. Poudre de k\u00e9tamine \u00e0 prix r\u00e9duit &#8211; acheter des produits chimiques de recherche en Europe. Le plus grand d\u00e9taillant europ\u00e9en de poudre de k\u00e9tamine.<\/p>\n<p>La poudre de k\u00e9tamine peut \u00eatre achet\u00e9e en ligne. Acheter de la poudre de k\u00e9tamine HCL en ligne \u2013 Acheter de la poudre de k\u00e9tamine en ligne \u2013 Commander de la poudre de k\u00e9tamine<\/p>\n<\/p><\/div>\n","protected":false},"featured_media":4860,"comment_status":"open","ping_status":"closed","template":"","meta":[],"product_brand":[],"product_cat":[703],"product_tag":[],"class_list":{"0":"post-4848","1":"product","2":"type-product","3":"status-publish","4":"has-post-thumbnail","6":"product_cat-acheter-des-medicaments-psychedeliques","8":"first","9":"instock","10":"shipping-taxable","11":"purchasable","12":"product-type-variable","13":"has-default-attributes"},"yoast_head":"<!-- This site is optimized with the Yoast SEO plugin v27.3 - https:\/\/yoast.com\/product\/yoast-seo-wordpress\/ -->\n<title>Acheter de la poudre de k\u00e9tamine - Vente de k\u00e9tamine en Europe - Meilleurs meilleurs m\u00e9dicaments mondiaux<\/title>\n<meta name=\"description\" content=\"Acheter de la poudre de k\u00e9tamine \u00e0 vendre Exp\u00e9dition dans l&#039;UE, paiement Bitcoin. Fournisseur de poudre de k\u00e9tamine bon march\u00e9 - achetez des produits chimiques de recherche en Europe. Magasin de poudre de k\u00e9tamine en Europe.\" \/>\n<meta name=\"robots\" content=\"index, follow, max-snippet:-1, max-image-preview:large, max-video-preview:-1\" \/>\n<link rel=\"canonical\" href=\"https:\/\/medicinasinc.com\/fr\/product\/acheter-ketamine-poudre\/\" \/>\n<meta property=\"og:locale\" content=\"en_US\" \/>\n<meta property=\"og:type\" content=\"article\" \/>\n<meta property=\"og:title\" content=\"Acheter de la poudre de k\u00e9tamine - Vente de k\u00e9tamine en Europe - Meilleurs meilleurs m\u00e9dicaments mondiaux\" \/>\n<meta property=\"og:description\" content=\"Acheter de la poudre de k\u00e9tamine \u00e0 vendre Exp\u00e9dition dans l&#039;UE, paiement Bitcoin. Fournisseur de poudre de k\u00e9tamine bon march\u00e9 - achetez des produits chimiques de recherche en Europe. Magasin de poudre de k\u00e9tamine en Europe.\" \/>\n<meta property=\"og:url\" content=\"https:\/\/medicinasinc.com\/fr\/product\/acheter-ketamine-poudre\/\" \/>\n<meta property=\"og:site_name\" content=\"Medicinas Inc\" \/>\n<meta property=\"article:modified_time\" content=\"2022-03-17T12:20:26+00:00\" \/>\n<meta property=\"og:image\" content=\"https:\/\/medicinasinc.com\/fr\/wp-content\/uploads\/sites\/5\/2022\/02\/Buy-Ketamine-powder.jpg\" \/>\n\t<meta property=\"og:image:width\" content=\"900\" \/>\n\t<meta property=\"og:image:height\" content=\"675\" \/>\n\t<meta property=\"og:image:type\" content=\"image\/jpeg\" \/>\n<meta name=\"twitter:card\" content=\"summary_large_image\" \/>\n<meta name=\"twitter:label1\" content=\"Est. reading time\" \/>\n\t<meta name=\"twitter:data1\" content=\"2 minutes\" \/>\n<script type=\"application\/ld+json\" class=\"yoast-schema-graph\">{\"@context\":\"https:\\\/\\\/schema.org\",\"@graph\":[{\"@type\":\"WebPage\",\"@id\":\"https:\\\/\\\/medicinasinc.com\\\/fr\\\/product\\\/acheter-ketamine-poudre\\\/\",\"url\":\"https:\\\/\\\/medicinasinc.com\\\/fr\\\/product\\\/acheter-ketamine-poudre\\\/\",\"name\":\"Acheter de la poudre de k\u00e9tamine - Vente de k\u00e9tamine en Europe - Meilleurs meilleurs m\u00e9dicaments mondiaux\",\"isPartOf\":{\"@id\":\"https:\\\/\\\/medicinasinc.com\\\/fr\\\/#website\"},\"primaryImageOfPage\":{\"@id\":\"https:\\\/\\\/medicinasinc.com\\\/fr\\\/product\\\/acheter-ketamine-poudre\\\/#primaryimage\"},\"image\":{\"@id\":\"https:\\\/\\\/medicinasinc.com\\\/fr\\\/product\\\/acheter-ketamine-poudre\\\/#primaryimage\"},\"thumbnailUrl\":\"https:\\\/\\\/medicinasinc.com\\\/fr\\\/wp-content\\\/uploads\\\/sites\\\/5\\\/2022\\\/02\\\/Buy-Ketamine-powder.jpg\",\"datePublished\":\"2022-02-20T16:50:30+00:00\",\"dateModified\":\"2022-03-17T12:20:26+00:00\",\"description\":\"Acheter de la poudre de k\u00e9tamine \u00e0 vendre Exp\u00e9dition dans l'UE, paiement Bitcoin. Fournisseur de poudre de k\u00e9tamine bon march\u00e9 - achetez des produits chimiques de recherche en Europe. Magasin de poudre de k\u00e9tamine en Europe.\",\"breadcrumb\":{\"@id\":\"https:\\\/\\\/medicinasinc.com\\\/fr\\\/product\\\/acheter-ketamine-poudre\\\/#breadcrumb\"},\"inLanguage\":\"en-US\",\"potentialAction\":[{\"@type\":\"ReadAction\",\"target\":[\"https:\\\/\\\/medicinasinc.com\\\/fr\\\/product\\\/acheter-ketamine-poudre\\\/\"]}]},{\"@type\":\"ImageObject\",\"inLanguage\":\"en-US\",\"@id\":\"https:\\\/\\\/medicinasinc.com\\\/fr\\\/product\\\/acheter-ketamine-poudre\\\/#primaryimage\",\"url\":\"https:\\\/\\\/medicinasinc.com\\\/fr\\\/wp-content\\\/uploads\\\/sites\\\/5\\\/2022\\\/02\\\/Buy-Ketamine-powder.jpg\",\"contentUrl\":\"https:\\\/\\\/medicinasinc.com\\\/fr\\\/wp-content\\\/uploads\\\/sites\\\/5\\\/2022\\\/02\\\/Buy-Ketamine-powder.jpg\",\"width\":900,\"height\":675},{\"@type\":\"BreadcrumbList\",\"@id\":\"https:\\\/\\\/medicinasinc.com\\\/fr\\\/product\\\/acheter-ketamine-poudre\\\/#breadcrumb\",\"itemListElement\":[{\"@type\":\"ListItem\",\"position\":1,\"name\":\"Boutique\",\"item\":\"https:\\\/\\\/medicinasinc.com\\\/fr\\\/boutique\\\/\"},{\"@type\":\"ListItem\",\"position\":2,\"name\":\"Acheter de la poudre de k\u00e9tamine\"}]},{\"@type\":\"WebSite\",\"@id\":\"https:\\\/\\\/medicinasinc.com\\\/fr\\\/#website\",\"url\":\"https:\\\/\\\/medicinasinc.com\\\/fr\\\/\",\"name\":\"Medicinas Inc\",\"description\":\"Health Medical Clinic\",\"potentialAction\":[{\"@type\":\"SearchAction\",\"target\":{\"@type\":\"EntryPoint\",\"urlTemplate\":\"https:\\\/\\\/medicinasinc.com\\\/fr\\\/?s={search_term_string}\"},\"query-input\":{\"@type\":\"PropertyValueSpecification\",\"valueRequired\":true,\"valueName\":\"search_term_string\"}}],\"inLanguage\":\"en-US\"}]}<\/script>\n<!-- \/ Yoast SEO plugin. -->","yoast_head_json":{"title":"Acheter de la poudre de k\u00e9tamine - Vente de k\u00e9tamine en Europe - Meilleurs meilleurs m\u00e9dicaments mondiaux","description":"Acheter de la poudre de k\u00e9tamine \u00e0 vendre Exp\u00e9dition dans l'UE, paiement Bitcoin. Fournisseur de poudre de k\u00e9tamine bon march\u00e9 - achetez des produits chimiques de recherche en Europe. Magasin de poudre de k\u00e9tamine en Europe.","robots":{"index":"index","follow":"follow","max-snippet":"max-snippet:-1","max-image-preview":"max-image-preview:large","max-video-preview":"max-video-preview:-1"},"canonical":"https:\/\/medicinasinc.com\/fr\/product\/acheter-ketamine-poudre\/","og_locale":"en_US","og_type":"article","og_title":"Acheter de la poudre de k\u00e9tamine - Vente de k\u00e9tamine en Europe - Meilleurs meilleurs m\u00e9dicaments mondiaux","og_description":"Acheter de la poudre de k\u00e9tamine \u00e0 vendre Exp\u00e9dition dans l'UE, paiement Bitcoin. Fournisseur de poudre de k\u00e9tamine bon march\u00e9 - achetez des produits chimiques de recherche en Europe. Magasin de poudre de k\u00e9tamine en Europe.","og_url":"https:\/\/medicinasinc.com\/fr\/product\/acheter-ketamine-poudre\/","og_site_name":"Medicinas Inc","article_modified_time":"2022-03-17T12:20:26+00:00","og_image":[{"width":900,"height":675,"url":"https:\/\/medicinasinc.com\/fr\/wp-content\/uploads\/sites\/5\/2022\/02\/Buy-Ketamine-powder.jpg","type":"image\/jpeg"}],"twitter_card":"summary_large_image","twitter_misc":{"Est. reading time":"2 minutes"},"schema":{"@context":"https:\/\/schema.org","@graph":[{"@type":"WebPage","@id":"https:\/\/medicinasinc.com\/fr\/product\/acheter-ketamine-poudre\/","url":"https:\/\/medicinasinc.com\/fr\/product\/acheter-ketamine-poudre\/","name":"Acheter de la poudre de k\u00e9tamine - Vente de k\u00e9tamine en Europe - Meilleurs meilleurs m\u00e9dicaments mondiaux","isPartOf":{"@id":"https:\/\/medicinasinc.com\/fr\/#website"},"primaryImageOfPage":{"@id":"https:\/\/medicinasinc.com\/fr\/product\/acheter-ketamine-poudre\/#primaryimage"},"image":{"@id":"https:\/\/medicinasinc.com\/fr\/product\/acheter-ketamine-poudre\/#primaryimage"},"thumbnailUrl":"https:\/\/medicinasinc.com\/fr\/wp-content\/uploads\/sites\/5\/2022\/02\/Buy-Ketamine-powder.jpg","datePublished":"2022-02-20T16:50:30+00:00","dateModified":"2022-03-17T12:20:26+00:00","description":"Acheter de la poudre de k\u00e9tamine \u00e0 vendre Exp\u00e9dition dans l'UE, paiement Bitcoin. Fournisseur de poudre de k\u00e9tamine bon march\u00e9 - achetez des produits chimiques de recherche en Europe. Magasin de poudre de k\u00e9tamine en Europe.","breadcrumb":{"@id":"https:\/\/medicinasinc.com\/fr\/product\/acheter-ketamine-poudre\/#breadcrumb"},"inLanguage":"en-US","potentialAction":[{"@type":"ReadAction","target":["https:\/\/medicinasinc.com\/fr\/product\/acheter-ketamine-poudre\/"]}]},{"@type":"ImageObject","inLanguage":"en-US","@id":"https:\/\/medicinasinc.com\/fr\/product\/acheter-ketamine-poudre\/#primaryimage","url":"https:\/\/medicinasinc.com\/fr\/wp-content\/uploads\/sites\/5\/2022\/02\/Buy-Ketamine-powder.jpg","contentUrl":"https:\/\/medicinasinc.com\/fr\/wp-content\/uploads\/sites\/5\/2022\/02\/Buy-Ketamine-powder.jpg","width":900,"height":675},{"@type":"BreadcrumbList","@id":"https:\/\/medicinasinc.com\/fr\/product\/acheter-ketamine-poudre\/#breadcrumb","itemListElement":[{"@type":"ListItem","position":1,"name":"Boutique","item":"https:\/\/medicinasinc.com\/fr\/boutique\/"},{"@type":"ListItem","position":2,"name":"Acheter de la poudre de k\u00e9tamine"}]},{"@type":"WebSite","@id":"https:\/\/medicinasinc.com\/fr\/#website","url":"https:\/\/medicinasinc.com\/fr\/","name":"Medicinas Inc","description":"Health Medical Clinic","potentialAction":[{"@type":"SearchAction","target":{"@type":"EntryPoint","urlTemplate":"https:\/\/medicinasinc.com\/fr\/?s={search_term_string}"},"query-input":{"@type":"PropertyValueSpecification","valueRequired":true,"valueName":"search_term_string"}}],"inLanguage":"en-US"}]}},"_links":{"self":[{"href":"https:\/\/medicinasinc.com\/fr\/wp-json\/wp\/v2\/product\/4848","targetHints":{"allow":["GET"]}}],"collection":[{"href":"https:\/\/medicinasinc.com\/fr\/wp-json\/wp\/v2\/product"}],"about":[{"href":"https:\/\/medicinasinc.com\/fr\/wp-json\/wp\/v2\/types\/product"}],"replies":[{"embeddable":true,"href":"https:\/\/medicinasinc.com\/fr\/wp-json\/wp\/v2\/comments?post=4848"}],"wp:featuredmedia":[{"embeddable":true,"href":"https:\/\/medicinasinc.com\/fr\/wp-json\/wp\/v2\/media\/4860"}],"wp:attachment":[{"href":"https:\/\/medicinasinc.com\/fr\/wp-json\/wp\/v2\/media?parent=4848"}],"wp:term":[{"taxonomy":"product_brand","embeddable":true,"href":"https:\/\/medicinasinc.com\/fr\/wp-json\/wp\/v2\/product_brand?post=4848"},{"taxonomy":"product_cat","embeddable":true,"href":"https:\/\/medicinasinc.com\/fr\/wp-json\/wp\/v2\/product_cat?post=4848"},{"taxonomy":"product_tag","embeddable":true,"href":"https:\/\/medicinasinc.com\/fr\/wp-json\/wp\/v2\/product_tag?post=4848"}],"curies":[{"name":"wp","href":"https:\/\/api.w.org\/{rel}","templated":true}]}}