{"id":4830,"date":"2022-02-20T16:34:51","date_gmt":"2022-02-20T16:34:51","guid":{"rendered":"https:\/\/medicinasinc.com\/fr\/?post_type=product&#038;p=4830"},"modified":"2022-03-17T12:20:38","modified_gmt":"2022-03-17T12:20:38","slug":"acheter-crystal-meth","status":"publish","type":"product","link":"https:\/\/medicinasinc.com\/fr\/product\/acheter-crystal-meth\/","title":{"rendered":"Acheter de la m\u00e9thamph\u00e9tamine en cristaux"},"content":{"rendered":"<p>O\u00f9 acheter du Crystal Meth \u2013 M\u00e9thamph\u00e9tamine<\/p>\n<p>Pr\u00eat \u00e0 acheter du Crystal Meth, \u00e9galement connu sous le nom de m\u00e9thamph\u00e9tamine pr\u00e9cieuse, est un stimulant du syst\u00e8me nerveux central (SNC) qui pr\u00e9sente de nombreuses similitudes avec les amph\u00e9tamines, la deuxi\u00e8me au monde la classe la plus populaire de m\u00e9dicaments ill\u00e9gaux, derri\u00e8re la maryjane.<br \/> Comme pour l&#8217;amph\u00e9tamine, elle favorise une activit\u00e9 accrue, une diminution de la faim et un sentiment g\u00e9n\u00e9ral de bien-\u00eatre.<\/p>\n<p>Il existe quelques utilisations m\u00e9dicinales reconnues pour Crystal Meth &#8211; M\u00e9thamph\u00e9tamine, y compris le traitement de la narcolepsie, un manque de capacit\u00e9 \u00e0 se concentrer de mani\u00e8re constante et pour une utilisation momentan\u00e9e, comme l&#8217;ob\u00e9sit\u00e9; cependant, ces usages m\u00e9dicinaux sont limit\u00e9s.<\/p>\n<p>Le Crystal Meth, comme la coca\u00efne, peut \u00eatre fum\u00e9. Chemical Inc. vend du Crystal Meth \u2013 M\u00e9thamph\u00e9tamine.<\/p>\n<p>Les m\u00e9thamph\u00e9tamines sont utilis\u00e9es pour traiter les conditions suivantes\u00a0:<\/p>\n<p>TDAHNarcolepsie<\/p>\n<p>Les applications m\u00e9dicales sont limit\u00e9es.<\/p>\n<p>Crystal Meth \u2013 La m\u00e9thamph\u00e9tamine, comme la coca\u00efne, peut \u00eatre fum\u00e9e.<\/p>\n<p>Achetez du Crystal Meth avec des Bitcoins<\/p>\n<p>Crystal Meth \u2013 La m\u00e9thamph\u00e9tamine est utilis\u00e9e pour traiter les affections suivantes\u00a0:<\/p>\n<p>Ob\u00e9sit\u00e9 Hyperactivit\u00e9 Trouble Narcolepsie En cons\u00e9quence, il favorise une action accrue, une diminution de la faim et un sentiment g\u00e9n\u00e9ral de prosp\u00e9rit\u00e9. Lorsqu&#8217;il est utilis\u00e9 en exc\u00e8s, il a des effets progressivement destructeurs sur le syst\u00e8me sensoriel primaire.<br \/> Si vous pensez \u00eatre tomb\u00e9e enceinte pendant que vous prenez le m\u00e9dicament, contactez imm\u00e9diatement votre sp\u00e9cialiste pour \u00e9viter les complications.<br \/> Si vous souffrez de probl\u00e8mes cardiaques,<\/p>\n<p>Les m\u00e9thamph\u00e9tamines ont un certain nombre de cons\u00e9quences n\u00e9gatives, notamment\u00a0:<\/p>\n<p>Acc\u00e9l\u00e9ration du pouls<br \/> Augmentation de la temp\u00e9rature corporelle<br \/> Augmentation du taux \u00e0 laquelle on se d\u00e9tend<br \/> \u00c9l\u00e8ves aux pupilles dilat\u00e9es<br \/> Tremblements \u00c9motions de type ravissement<br \/> Anxi\u00e9t\u00e9 accrue<br \/> Irritabilit\u00e9<br \/> Parano\u00efa<br \/> Comportement violent et \u00e9vasif<br \/> Hyperactivit\u00e9 sur sur une base temporaire Consulter un sp\u00e9cialiste concernant les options th\u00e9rapeutiques.<\/p>\n<p>\u00c9viter une portion de m\u00e9thamph\u00e9tamines n&#8217;est pas difficile, mais vous devez \u00e9viter de prendre des mesures en double.<\/p>\n<p>&nbsp;<\/p>\n<p> &nbsp;<\/p>\n<p>&nbsp;<\/p>\n<p>&nbsp;<\/p>\n<p>&nbsp;<\/p>\n<p>&nbsp;<\/p>\n<p>Alors que la m\u00e9thamph\u00e9tamine est destin\u00e9e \u00e0 rester concentr\u00e9, wh En cas d&#8217;abus, il peut facilement entra\u00eener de graves probl\u00e8mes m\u00e9dicaux. Il est donc pr\u00e9f\u00e9rable de demander de l&#8217;aide en cas de crise \u00e0 des professionnels de la sant\u00e9 qualifi\u00e9s.<\/p>\n<p>&nbsp;<\/p>\n<p>&nbsp;<\/p>\n<p>&nbsp;<\/p>\n<p>&nbsp;<\/p>\n<p>&nbsp;<\/p>\n<p>&nbsp;<\/p>\n<p>Meilleurs m\u00e9dicaments mondiaux. propose Crystal Meth \u2013 Methamphetamine en vente en ligne.<\/p>\n<p>En outre, conservez les Methamphetamines \u00e0 temp\u00e9rature ambiante dans des zones d\u00e9pourvues de lumi\u00e8re et de chaleur. De m\u00eame, ne rincez pas ce m\u00e9dicament. Vos enfants et vos animaux de compagnie ne doivent en aucun cas \u00eatre expos\u00e9s \u00e0 ce m\u00e9dicament.<\/p>\n<p>Vous pouvez cependant acheter du Crystal Meth \u2013 M\u00e9thamph\u00e9tamine en ligne aupr\u00e8s du d\u00e9taillant en ligne le plus r\u00e9put\u00e9 \u2013 Chemical Inc.<\/p>\n<p> Achetez des m\u00e9thamph\u00e9tamines sans ordonnance, les m\u00e9thamph\u00e9tamines sont disponibles \u00e0 l&#8217;achat en ligne au meilleur prix possible.<br \/> Achetez les m\u00e9dicaments les plus efficaces d\u00e8s maintenant\u00a0!<br \/> Achat en ligne de Crystal Meth<\/p>\n<p>Les utilisateurs de m\u00e9thamph\u00e9tamine devraient rechercher traitement imm\u00e9diat.<\/p>\n<p>Bien que de nombreux sympt\u00f4mes physiques puissent \u00eatre invers\u00e9s avec un traitement appropri\u00e9, le vieillissement avanc\u00e9 et la carie dentaire sont plus difficiles \u00e0 inverser, et les dommages sont souvent irr\u00e9versibles.<\/p>\n<p>De plus, la consommation de m\u00e9thamph\u00e9tamine peut entra\u00eener une psychose ou un comportement psychotique, dans lequel les utilisateurs perdent le contact avec la r\u00e9alit\u00e9 et \u00e9prouvent de graves d\u00e9lires, de la parano\u00efa, des hallucinations et un comportement obsessionnel qui les emp\u00eachent de vraiment comprendre le mal qu&#8217;ils se causent.<\/p>\n<p>Cela est essentiel pour le toxicomane de demander de l&#8217;aide imm\u00e9diatement, sinon ils subiront ces cons\u00e9quences physiques et psychologiques, ainsi que d&#8217;autres sympt\u00f4mes courants tels que des relations d\u00e9truites, la mis\u00e8re financi\u00e8re et des accusations criminelles.<\/p>\n<p>Presque toutes les familles sont touch\u00e9es par la d\u00e9pendance, qui provoque des ravages sur la sant\u00e9 physique et mentale, les relations et les finances personnelles. M\u00e8res, les p\u00e8res, les fr\u00e8res, les s\u0153urs, les filles et les fils sont tous inclus dans cette cat\u00e9gorie.<\/p>\n<p>Personne n&#8217;est \u00e0 l&#8217;abri des cons\u00e9quences terrifiantes \u00e0 long terme de l&#8217;abus de drogues dures.<br \/> Ce qui suit est un portrait qui donne \u00e0 r\u00e9fl\u00e9chir sur De vraies personnes.<\/p>\n<p>Nous avons succomb\u00e9 \u00e0 l&#8217;attrait de la consommation de drogues &#8211; dans ce cas, la m\u00e9thamph\u00e9tamine &#8211; et ses cons\u00e9quences d\u00e9vastatrices ne sont que trop \u00e9videntes.<br \/> Si vous ou un \u00eatre cher \u00eates aux prises avec un d\u00e9pendance \u00e0 la m\u00e9thamph\u00e9tamine, ou si vous souhaitez en savoir plus, veuillez visiter les sites Web suivants pour obtenir de l&#8217;aide sur la r\u00e9cup\u00e9ration.<\/p>\n<p>&nbsp;<\/p>\n<p>effets secondaires de la m\u00e9thamph\u00e9tamine, structure de la m\u00e9thamph\u00e9tamine, combien de temps dure la m\u00e9thamph\u00e9tamine rester dans votre syst\u00e8me, comment fumer de la m\u00e9thamph\u00e9tamine, de l&#8217;h\u00e9ro\u00efne, de la coca\u00efne, de la m\u00e9thamph\u00e9tamine, des cigarettes et de l&#8217;alcool sont tous des exemples de ________., m\u00e9thamph\u00e9tamine rose, sniffer de la m\u00e9thamph\u00e9tamine en cristaux, prix de la m\u00e9thamph\u00e9tamine Quel go\u00fbt a la m\u00e9thamph\u00e9tamine, combien de temps reste-t-elle dans votre urine , et \u00e0 quoi ressemble la m\u00e9thamph\u00e9tamine\u00a0? super m\u00e9thamph\u00e9tamine, effets secondaires de la m\u00e9thamph\u00e9tamine, structure de la m\u00e9thamph\u00e9tamine, combien de temps la m\u00e9thamph\u00e9tamine reste-t-elle dans votre syst\u00e8me, comment fumer de la m\u00e9thamph\u00e9tamine, l&#8217;h\u00e9ro\u00efne, la coca\u00efne, la m\u00e9thamph\u00e9tamine, les cigarettes et l&#8217;alcool sont tous des exemples de ________. Quel go\u00fbt a la m\u00e9thamph\u00e9tamine, combien de temps reste-t-elle dans votre urine et \u00e0 quoi ressemble la m\u00e9thamph\u00e9tamine ? m\u00e9thamph\u00e9tamine supr\u00eame<\/p>\n","protected":false},"excerpt":{"rendered":"<p>Acheter de la m\u00e9thamph\u00e9tamine en cristal \u00e0 vendre Royaume-Uni, Europe Asie, m\u00e9thamph\u00e9tamine en ligne acheter de la m\u00e9thamph\u00e9tamine avec nous, nous pouvons vous livrer de n&#8217;importe o\u00f9 partout dans le monde.<\/p>\n<p>Acheter de la m\u00e9thamph\u00e9tamine en cristal en ligne Pilules &#8211; Acheter de la m\u00e9thamph\u00e9tamine en cristal pur \u00e0 96,8% \u2013 O\u00f9 acheter de la m\u00e9thamph\u00e9tamine en cristaux en ligne \u2013 Acheter de la m\u00e9thamph\u00e9tamine pure \u00e0 96,8 % \u2013 Acheter de la m\u00e9thamph\u00e9tamine en ligne<\/p>\n","protected":false},"featured_media":4844,"comment_status":"open","ping_status":"closed","template":"","meta":[],"product_brand":[],"product_cat":[703],"product_tag":[706,704,707,705,720,721,712,709,710,714,715,716,711,719,708,722,713,724,723,718,717],"class_list":{"0":"post-4830","1":"product","2":"type-product","3":"status-publish","4":"has-post-thumbnail","6":"product_cat-acheter-des-medicaments-psychedeliques","7":"product_tag-acheter-crystal-meth-en-allemagne","8":"product_tag-acheter-crystal-meth-en-australie","9":"product_tag-acheter-crystal-meth-en-espagne","10":"product_tag-acheter-crystal-meth-en-france","11":"product_tag-comment-est-fum-le-crystal-meth","12":"product_tag-cristal-de-mthamphtamine","13":"product_tag-crystal-meth-allemagne","14":"product_tag-crystal-meth-australie","15":"product_tag-crystal-meth-drugs","16":"product_tag-crystal-meth-pipe","17":"product_tag-crystal-meth-spain","18":"product_tag-crystal-meth-suede","19":"product_tag-effets-crystal-meth","20":"product_tag-fake-crystal-meth","21":"product_tag-cristal-mthamphtamine","22":"product_tag-photos-de-crystal-meth","23":"product_tag-crystal-meth-pic","24":"product_tag-quest-ce-que-la-crystal-meth","25":"product_tag-snorting-crystal-meth","26":"product_tag-crystal-meth-vendor-usa","27":"product_tag-crystal-meth-vendeur-france","29":"first","30":"instock","31":"shipping-taxable","32":"purchasable","33":"product-type-variable"},"yoast_head":"<!-- This site is optimized with the Yoast SEO plugin v27.3 - https:\/\/yoast.com\/product\/yoast-seo-wordpress\/ -->\n<title>Acheter Crystal Meth - M\u00e9thamph\u00e9tamine - Meilleurs meilleurs m\u00e9dicaments mondiaux<\/title>\n<meta name=\"description\" content=\"Acheter Crystal Meth \u00e0 vendre Royaume-Uni, Europe Asie, M\u00e9thamph\u00e9tamine Achetez en ligne de la m\u00e9thamph\u00e9tamine avec nous, nous pouvons vous livrer de n&#039;importe o\u00f9 dans le monde.\" \/>\n<meta name=\"robots\" content=\"index, follow, max-snippet:-1, max-image-preview:large, max-video-preview:-1\" \/>\n<link rel=\"canonical\" href=\"https:\/\/medicinasinc.com\/fr\/product\/acheter-crystal-meth\/\" \/>\n<meta property=\"og:locale\" content=\"en_US\" \/>\n<meta property=\"og:type\" content=\"article\" \/>\n<meta property=\"og:title\" content=\"Acheter Crystal Meth - M\u00e9thamph\u00e9tamine - Meilleurs meilleurs m\u00e9dicaments mondiaux\" \/>\n<meta property=\"og:description\" content=\"Acheter Crystal Meth \u00e0 vendre Royaume-Uni, Europe Asie, M\u00e9thamph\u00e9tamine Achetez en ligne de la m\u00e9thamph\u00e9tamine avec nous, nous pouvons vous livrer de n&#039;importe o\u00f9 dans le monde.\" \/>\n<meta property=\"og:url\" content=\"https:\/\/medicinasinc.com\/fr\/product\/acheter-crystal-meth\/\" \/>\n<meta property=\"og:site_name\" content=\"Medicinas Inc\" \/>\n<meta property=\"article:modified_time\" content=\"2022-03-17T12:20:38+00:00\" \/>\n<meta property=\"og:image\" content=\"https:\/\/medicinasinc.com\/fr\/wp-content\/uploads\/sites\/5\/2022\/02\/Buy-Crystal-Meth-1.jpg\" \/>\n\t<meta property=\"og:image:width\" content=\"1024\" \/>\n\t<meta property=\"og:image:height\" content=\"768\" \/>\n\t<meta property=\"og:image:type\" content=\"image\/jpeg\" \/>\n<meta name=\"twitter:card\" content=\"summary_large_image\" \/>\n<meta name=\"twitter:label1\" content=\"Est. reading time\" \/>\n\t<meta name=\"twitter:data1\" content=\"4 minutes\" \/>\n<script type=\"application\/ld+json\" class=\"yoast-schema-graph\">{\"@context\":\"https:\\\/\\\/schema.org\",\"@graph\":[{\"@type\":\"WebPage\",\"@id\":\"https:\\\/\\\/medicinasinc.com\\\/fr\\\/product\\\/acheter-crystal-meth\\\/\",\"url\":\"https:\\\/\\\/medicinasinc.com\\\/fr\\\/product\\\/acheter-crystal-meth\\\/\",\"name\":\"Acheter Crystal Meth - M\u00e9thamph\u00e9tamine - Meilleurs meilleurs m\u00e9dicaments mondiaux\",\"isPartOf\":{\"@id\":\"https:\\\/\\\/medicinasinc.com\\\/fr\\\/#website\"},\"primaryImageOfPage\":{\"@id\":\"https:\\\/\\\/medicinasinc.com\\\/fr\\\/product\\\/acheter-crystal-meth\\\/#primaryimage\"},\"image\":{\"@id\":\"https:\\\/\\\/medicinasinc.com\\\/fr\\\/product\\\/acheter-crystal-meth\\\/#primaryimage\"},\"thumbnailUrl\":\"https:\\\/\\\/medicinasinc.com\\\/fr\\\/wp-content\\\/uploads\\\/sites\\\/5\\\/2022\\\/02\\\/Buy-Crystal-Meth-1.jpg\",\"datePublished\":\"2022-02-20T16:34:51+00:00\",\"dateModified\":\"2022-03-17T12:20:38+00:00\",\"description\":\"Acheter Crystal Meth \u00e0 vendre Royaume-Uni, Europe Asie, M\u00e9thamph\u00e9tamine Achetez en ligne de la m\u00e9thamph\u00e9tamine avec nous, nous pouvons vous livrer de n'importe o\u00f9 dans le monde.\",\"breadcrumb\":{\"@id\":\"https:\\\/\\\/medicinasinc.com\\\/fr\\\/product\\\/acheter-crystal-meth\\\/#breadcrumb\"},\"inLanguage\":\"en-US\",\"potentialAction\":[{\"@type\":\"ReadAction\",\"target\":[\"https:\\\/\\\/medicinasinc.com\\\/fr\\\/product\\\/acheter-crystal-meth\\\/\"]}]},{\"@type\":\"ImageObject\",\"inLanguage\":\"en-US\",\"@id\":\"https:\\\/\\\/medicinasinc.com\\\/fr\\\/product\\\/acheter-crystal-meth\\\/#primaryimage\",\"url\":\"https:\\\/\\\/medicinasinc.com\\\/fr\\\/wp-content\\\/uploads\\\/sites\\\/5\\\/2022\\\/02\\\/Buy-Crystal-Meth-1.jpg\",\"contentUrl\":\"https:\\\/\\\/medicinasinc.com\\\/fr\\\/wp-content\\\/uploads\\\/sites\\\/5\\\/2022\\\/02\\\/Buy-Crystal-Meth-1.jpg\",\"width\":1024,\"height\":768},{\"@type\":\"BreadcrumbList\",\"@id\":\"https:\\\/\\\/medicinasinc.com\\\/fr\\\/product\\\/acheter-crystal-meth\\\/#breadcrumb\",\"itemListElement\":[{\"@type\":\"ListItem\",\"position\":1,\"name\":\"Boutique\",\"item\":\"https:\\\/\\\/medicinasinc.com\\\/fr\\\/boutique\\\/\"},{\"@type\":\"ListItem\",\"position\":2,\"name\":\"Acheter de la m\u00e9thamph\u00e9tamine en cristaux\"}]},{\"@type\":\"WebSite\",\"@id\":\"https:\\\/\\\/medicinasinc.com\\\/fr\\\/#website\",\"url\":\"https:\\\/\\\/medicinasinc.com\\\/fr\\\/\",\"name\":\"Medicinas Inc\",\"description\":\"Health Medical Clinic\",\"potentialAction\":[{\"@type\":\"SearchAction\",\"target\":{\"@type\":\"EntryPoint\",\"urlTemplate\":\"https:\\\/\\\/medicinasinc.com\\\/fr\\\/?s={search_term_string}\"},\"query-input\":{\"@type\":\"PropertyValueSpecification\",\"valueRequired\":true,\"valueName\":\"search_term_string\"}}],\"inLanguage\":\"en-US\"}]}<\/script>\n<!-- \/ Yoast SEO plugin. -->","yoast_head_json":{"title":"Acheter Crystal Meth - M\u00e9thamph\u00e9tamine - Meilleurs meilleurs m\u00e9dicaments mondiaux","description":"Acheter Crystal Meth \u00e0 vendre Royaume-Uni, Europe Asie, M\u00e9thamph\u00e9tamine Achetez en ligne de la m\u00e9thamph\u00e9tamine avec nous, nous pouvons vous livrer de n'importe o\u00f9 dans le monde.","robots":{"index":"index","follow":"follow","max-snippet":"max-snippet:-1","max-image-preview":"max-image-preview:large","max-video-preview":"max-video-preview:-1"},"canonical":"https:\/\/medicinasinc.com\/fr\/product\/acheter-crystal-meth\/","og_locale":"en_US","og_type":"article","og_title":"Acheter Crystal Meth - M\u00e9thamph\u00e9tamine - Meilleurs meilleurs m\u00e9dicaments mondiaux","og_description":"Acheter Crystal Meth \u00e0 vendre Royaume-Uni, Europe Asie, M\u00e9thamph\u00e9tamine Achetez en ligne de la m\u00e9thamph\u00e9tamine avec nous, nous pouvons vous livrer de n'importe o\u00f9 dans le monde.","og_url":"https:\/\/medicinasinc.com\/fr\/product\/acheter-crystal-meth\/","og_site_name":"Medicinas Inc","article_modified_time":"2022-03-17T12:20:38+00:00","og_image":[{"width":1024,"height":768,"url":"https:\/\/medicinasinc.com\/fr\/wp-content\/uploads\/sites\/5\/2022\/02\/Buy-Crystal-Meth-1.jpg","type":"image\/jpeg"}],"twitter_card":"summary_large_image","twitter_misc":{"Est. reading time":"4 minutes"},"schema":{"@context":"https:\/\/schema.org","@graph":[{"@type":"WebPage","@id":"https:\/\/medicinasinc.com\/fr\/product\/acheter-crystal-meth\/","url":"https:\/\/medicinasinc.com\/fr\/product\/acheter-crystal-meth\/","name":"Acheter Crystal Meth - M\u00e9thamph\u00e9tamine - Meilleurs meilleurs m\u00e9dicaments mondiaux","isPartOf":{"@id":"https:\/\/medicinasinc.com\/fr\/#website"},"primaryImageOfPage":{"@id":"https:\/\/medicinasinc.com\/fr\/product\/acheter-crystal-meth\/#primaryimage"},"image":{"@id":"https:\/\/medicinasinc.com\/fr\/product\/acheter-crystal-meth\/#primaryimage"},"thumbnailUrl":"https:\/\/medicinasinc.com\/fr\/wp-content\/uploads\/sites\/5\/2022\/02\/Buy-Crystal-Meth-1.jpg","datePublished":"2022-02-20T16:34:51+00:00","dateModified":"2022-03-17T12:20:38+00:00","description":"Acheter Crystal Meth \u00e0 vendre Royaume-Uni, Europe Asie, M\u00e9thamph\u00e9tamine Achetez en ligne de la m\u00e9thamph\u00e9tamine avec nous, nous pouvons vous livrer de n'importe o\u00f9 dans le monde.","breadcrumb":{"@id":"https:\/\/medicinasinc.com\/fr\/product\/acheter-crystal-meth\/#breadcrumb"},"inLanguage":"en-US","potentialAction":[{"@type":"ReadAction","target":["https:\/\/medicinasinc.com\/fr\/product\/acheter-crystal-meth\/"]}]},{"@type":"ImageObject","inLanguage":"en-US","@id":"https:\/\/medicinasinc.com\/fr\/product\/acheter-crystal-meth\/#primaryimage","url":"https:\/\/medicinasinc.com\/fr\/wp-content\/uploads\/sites\/5\/2022\/02\/Buy-Crystal-Meth-1.jpg","contentUrl":"https:\/\/medicinasinc.com\/fr\/wp-content\/uploads\/sites\/5\/2022\/02\/Buy-Crystal-Meth-1.jpg","width":1024,"height":768},{"@type":"BreadcrumbList","@id":"https:\/\/medicinasinc.com\/fr\/product\/acheter-crystal-meth\/#breadcrumb","itemListElement":[{"@type":"ListItem","position":1,"name":"Boutique","item":"https:\/\/medicinasinc.com\/fr\/boutique\/"},{"@type":"ListItem","position":2,"name":"Acheter de la m\u00e9thamph\u00e9tamine en cristaux"}]},{"@type":"WebSite","@id":"https:\/\/medicinasinc.com\/fr\/#website","url":"https:\/\/medicinasinc.com\/fr\/","name":"Medicinas Inc","description":"Health Medical Clinic","potentialAction":[{"@type":"SearchAction","target":{"@type":"EntryPoint","urlTemplate":"https:\/\/medicinasinc.com\/fr\/?s={search_term_string}"},"query-input":{"@type":"PropertyValueSpecification","valueRequired":true,"valueName":"search_term_string"}}],"inLanguage":"en-US"}]}},"_links":{"self":[{"href":"https:\/\/medicinasinc.com\/fr\/wp-json\/wp\/v2\/product\/4830","targetHints":{"allow":["GET"]}}],"collection":[{"href":"https:\/\/medicinasinc.com\/fr\/wp-json\/wp\/v2\/product"}],"about":[{"href":"https:\/\/medicinasinc.com\/fr\/wp-json\/wp\/v2\/types\/product"}],"replies":[{"embeddable":true,"href":"https:\/\/medicinasinc.com\/fr\/wp-json\/wp\/v2\/comments?post=4830"}],"wp:featuredmedia":[{"embeddable":true,"href":"https:\/\/medicinasinc.com\/fr\/wp-json\/wp\/v2\/media\/4844"}],"wp:attachment":[{"href":"https:\/\/medicinasinc.com\/fr\/wp-json\/wp\/v2\/media?parent=4830"}],"wp:term":[{"taxonomy":"product_brand","embeddable":true,"href":"https:\/\/medicinasinc.com\/fr\/wp-json\/wp\/v2\/product_brand?post=4830"},{"taxonomy":"product_cat","embeddable":true,"href":"https:\/\/medicinasinc.com\/fr\/wp-json\/wp\/v2\/product_cat?post=4830"},{"taxonomy":"product_tag","embeddable":true,"href":"https:\/\/medicinasinc.com\/fr\/wp-json\/wp\/v2\/product_tag?post=4830"}],"curies":[{"name":"wp","href":"https:\/\/api.w.org\/{rel}","templated":true}]}}