{"id":4829,"date":"2022-02-20T16:33:58","date_gmt":"2022-02-20T16:33:58","guid":{"rendered":"https:\/\/medicinasinc.com\/fr\/?post_type=product&#038;p=4829"},"modified":"2022-03-17T12:20:51","modified_gmt":"2022-03-17T12:20:51","slug":"acheter-liquide-lsd","status":"publish","type":"product","link":"https:\/\/medicinasinc.com\/fr\/product\/acheter-liquide-lsd\/","title":{"rendered":"Acheter du LSD liquide"},"content":{"rendered":"<p>Achetez du LSD liquide \u00e0 prix r\u00e9duit en ligne<\/p>\n<p>Comme pour le Green Crack (et \u00e0 ne pas confondre avec le LSD), Acid est une vari\u00e9t\u00e9 nomm\u00e9e d&#8217;apr\u00e8s une substance l\u00e9g\u00e8rement psychoactive. Tout bien consid\u00e9r\u00e9, Acid poss\u00e8de une force, combinant des effets contre-intuitifs avec un parfum d\u00e9routant. Acid est une vari\u00e9t\u00e9 d\u00e9velopp\u00e9e par Paradise Seeds, les s\u00e9lectionneurs de Delahaze et Sensi Star. Elle est d\u00e9riv\u00e9e des caract\u00e9ristiques h\u00e9r\u00e9ditaires de la vari\u00e9t\u00e9 New York Sour Diesel la plus populaire. Son allure lui a valu la troisi\u00e8me place de la Copa THC Valencia 2016 en Espagne pour la meilleure fleur cultiv\u00e9e en int\u00e9rieur. La teneur en THC de Corrosive a \u00e9t\u00e9 estim\u00e9e entre 16 et 23\u00a0%.<\/p>\n<p>\u00c9blouissements corrosifs avec des fleurs estim\u00e9es moyennes \u00e0 \u00e9normes qui ont une forme articul\u00e9e en forme de pelle, ressemblant \u00e0 des arbres de No\u00ebl miniatures, se resserrant \u00e0 partir d&#8217;une large base ronde pour une pointe pointue. Avec leur structure compacte et dense, ces t\u00eates sont incontestablement \u00e0 dominante indica. Les feuilles sont d&#8217;un vert sombre envahi par la v\u00e9g\u00e9tation et sont tordues avec des pistils ondul\u00e9s de couleur terreuse. Enfin, des trichomes blancs \u00e9tincelants recouvrent les surfaces int\u00e9rieures et ext\u00e9rieures des fleurs d&#8217;Acid, conf\u00e9rant les propri\u00e9t\u00e9s psychoactives de la vari\u00e9t\u00e9 et rendant les bourgeons extr\u00eamement difficiles \u00e0 s\u00e9parer sans l&#8217;aide d&#8217;un transformateur.<\/p>\n<p>Lorsqu&#8217;il est correctement soulag\u00e9, l&#8217;Acid a une parfum l\u00e9g\u00e8rement acide, qui est compens\u00e9 par une forte saveur d&#8217;agrumes. De m\u00eame, il y a des notes de fond solides et musqu\u00e9es qui rappellent la terre moite et l&#8217;encens. Pendant ce temps, la s\u00e9paration ou la granulation de ces p\u00e9pites denses produit les gaz d&#8217;\u00e9chappement astringents qui donnent \u00e0 la vari\u00e9t\u00e9 parente New York Sour Diesel sa saveur forte et bien connue. Lorsque des combustibles sont enflamm\u00e9s dans une conduite ou un joint, l&#8217;acide produit une fum\u00e9e douce et facile \u00e0 ing\u00e9rer. \u00c0 l&#8217;expiration, cette fum\u00e9e dense laisse un arri\u00e8re-go\u00fbt de citron et de diesel.<\/p>\n<p>L&#8217;effet corrosif commence progressivement et d\u00e9forme la perception qu&#8217;a le fumeur de ses am\u00e9liorations ext\u00e9rieures. Certains sons peuvent \u00eatre amplifi\u00e9s, comme s&#8217;ils \u00e9taient g\u00e9n\u00e9r\u00e9s \u00e0 l&#8217;int\u00e9rieur d&#8217;une chambre de r\u00e9verb\u00e9ration. De plus, des tons distincts et des lumi\u00e8res vives peuvent acqu\u00e9rir une nouvelle signification. Lorsque ces effets tangibles deviennent accablants, des merveilles hallucinog\u00e8nes plus vives commencent \u00e0 se manifester, semblables \u00e0 des contorsions de perspicacit\u00e9 internes et externes et \u00e0 une solide sensation d&#8217;expansion temporelle. Les fumeurs peuvent ressentir une pond\u00e9ration d\u00e9lib\u00e9r\u00e9e autour des sanctuaires et des organes lymphatiques au fil du temps, ainsi qu&#8217;une l\u00e9g\u00e8re augmentation de la salivation. Ces frissons se transforment en flots de d\u00e9tente qui voyagent le long de la colonne vert\u00e9brale et \u00e0 travers le syst\u00e8me nerveux central et les appendices. Bien que ces effets de soulagement n&#8217;immobilisent pas compl\u00e8tement les clients, ils peuvent se sentir oblig\u00e9s de se d\u00e9tendre dans les facteurs environnementaux agr\u00e9ables les plus proches.<\/p>\n<p>Le high corrosif est \u00e9galement caract\u00e9ris\u00e9 par une mentalit\u00e9 c\u00e9r\u00e9brale dans laquelle le fumeur peut se connecter avec des pens\u00e9es ou des id\u00e9es inhabituelles. , les trouvant plus fascinantes qu&#8217;elles ne le sont en tout cas. Un tel raisonnement ouvert peut \u00eatre une m\u00e9thode efficace pour d\u00e9couvrir de nouvelles solutions \u00e0 des probl\u00e8mes complexes ou pour g\u00e9rer des t\u00e2ches professionnelles sp\u00e9cifiques. Au fil du temps &#8211; ou au fur et \u00e0 mesure que la mesure augmente &#8211; les effets psychologiques de l&#8217;acide deviennent plus merveilleux qu&#8217;\u00e9vidents, rendant toute efficacit\u00e9 ant\u00e9rieure nulle et non avenue. En raison de sa perte progressive d&#8217;\u00e9nergie, cette souche est mieux appr\u00e9ci\u00e9e en fin de soir\u00e9e ou la nuit.<\/p>\n<p>Liquid LSD 200ug\/drop, acide en vente en ligne, LSD en vente en ligne, achat de lsd en ligne, LSD acide \u00e0 vendre en ligne, lsd boutique en ligne, lsd liquide \u00e0 vendre, acide \u00e0 vendre en ligne<\/p>\n","protected":false},"excerpt":{"rendered":"<p>Acheter du LSD en ligne LSD liquide, D\u00e9tails Le lysergide (LSD) est un hallucinog\u00e8ne semi-synth\u00e9tique et l&#8217;une des drogues les plus puissantes connues. Utilisation r\u00e9cr\u00e9ative.<\/p>\n<p>Achetez du LSD liquide \u00e0 bas prix en ligne. LSD liquide authentique \u00e0 vendre en ligne | Acheter du LSD liquide en ligne | Acheter du LSD liquide \u00e0 vendre | Acheter du LSD liquide pas cher | O\u00f9 acheter du LSD liquide en ligne<\/p>\n","protected":false},"featured_media":4842,"comment_status":"open","ping_status":"closed","template":"","meta":[],"product_brand":[],"product_cat":[703],"product_tag":[],"class_list":{"0":"post-4829","1":"product","2":"type-product","3":"status-publish","4":"has-post-thumbnail","6":"product_cat-acheter-des-medicaments-psychedeliques","8":"first","9":"instock","10":"shipping-taxable","11":"purchasable","12":"product-type-variable","13":"has-default-attributes"},"yoast_head":"<!-- This site is optimized with the Yoast SEO plugin v27.3 - https:\/\/yoast.com\/product\/yoast-seo-wordpress\/ -->\n<title>Acheter du LSD liquide - Meilleurs meilleurs m\u00e9dicaments mondiaux<\/title>\n<meta name=\"description\" content=\"Acheter du LSD en ligne LSD liquide, D\u00e9tails Le lysergide (LSD) est un hallucinog\u00e8ne semi-synth\u00e9tique et l&#039;une des drogues les plus puissantes connues. Utilisation r\u00e9cr\u00e9ative .\" \/>\n<meta name=\"robots\" content=\"index, follow, max-snippet:-1, max-image-preview:large, max-video-preview:-1\" \/>\n<link rel=\"canonical\" href=\"https:\/\/medicinasinc.com\/fr\/product\/acheter-liquide-lsd\/\" \/>\n<meta property=\"og:locale\" content=\"en_US\" \/>\n<meta property=\"og:type\" content=\"article\" \/>\n<meta property=\"og:title\" content=\"Acheter du LSD liquide - Meilleurs meilleurs m\u00e9dicaments mondiaux\" \/>\n<meta property=\"og:description\" content=\"Acheter du LSD en ligne LSD liquide, D\u00e9tails Le lysergide (LSD) est un hallucinog\u00e8ne semi-synth\u00e9tique et l&#039;une des drogues les plus puissantes connues. Utilisation r\u00e9cr\u00e9ative .\" \/>\n<meta property=\"og:url\" content=\"https:\/\/medicinasinc.com\/fr\/product\/acheter-liquide-lsd\/\" \/>\n<meta property=\"og:site_name\" content=\"Medicinas Inc\" \/>\n<meta property=\"article:modified_time\" content=\"2022-03-17T12:20:51+00:00\" \/>\n<meta property=\"og:image\" content=\"https:\/\/medicinasinc.com\/fr\/wp-content\/uploads\/sites\/5\/2022\/02\/Buy-Liquid-LSD.jpg\" \/>\n\t<meta property=\"og:image:width\" content=\"512\" \/>\n\t<meta property=\"og:image:height\" content=\"512\" \/>\n\t<meta property=\"og:image:type\" content=\"image\/jpeg\" \/>\n<meta name=\"twitter:card\" content=\"summary_large_image\" \/>\n<meta name=\"twitter:label1\" content=\"Est. reading time\" \/>\n\t<meta name=\"twitter:data1\" content=\"3 minutes\" \/>\n<script type=\"application\/ld+json\" class=\"yoast-schema-graph\">{\"@context\":\"https:\\\/\\\/schema.org\",\"@graph\":[{\"@type\":\"WebPage\",\"@id\":\"https:\\\/\\\/medicinasinc.com\\\/fr\\\/product\\\/acheter-liquide-lsd\\\/\",\"url\":\"https:\\\/\\\/medicinasinc.com\\\/fr\\\/product\\\/acheter-liquide-lsd\\\/\",\"name\":\"Acheter du LSD liquide - Meilleurs meilleurs m\u00e9dicaments mondiaux\",\"isPartOf\":{\"@id\":\"https:\\\/\\\/medicinasinc.com\\\/fr\\\/#website\"},\"primaryImageOfPage\":{\"@id\":\"https:\\\/\\\/medicinasinc.com\\\/fr\\\/product\\\/acheter-liquide-lsd\\\/#primaryimage\"},\"image\":{\"@id\":\"https:\\\/\\\/medicinasinc.com\\\/fr\\\/product\\\/acheter-liquide-lsd\\\/#primaryimage\"},\"thumbnailUrl\":\"https:\\\/\\\/medicinasinc.com\\\/fr\\\/wp-content\\\/uploads\\\/sites\\\/5\\\/2022\\\/02\\\/Buy-Liquid-LSD.jpg\",\"datePublished\":\"2022-02-20T16:33:58+00:00\",\"dateModified\":\"2022-03-17T12:20:51+00:00\",\"description\":\"Acheter du LSD en ligne LSD liquide, D\u00e9tails Le lysergide (LSD) est un hallucinog\u00e8ne semi-synth\u00e9tique et l'une des drogues les plus puissantes connues. Utilisation r\u00e9cr\u00e9ative .\",\"breadcrumb\":{\"@id\":\"https:\\\/\\\/medicinasinc.com\\\/fr\\\/product\\\/acheter-liquide-lsd\\\/#breadcrumb\"},\"inLanguage\":\"en-US\",\"potentialAction\":[{\"@type\":\"ReadAction\",\"target\":[\"https:\\\/\\\/medicinasinc.com\\\/fr\\\/product\\\/acheter-liquide-lsd\\\/\"]}]},{\"@type\":\"ImageObject\",\"inLanguage\":\"en-US\",\"@id\":\"https:\\\/\\\/medicinasinc.com\\\/fr\\\/product\\\/acheter-liquide-lsd\\\/#primaryimage\",\"url\":\"https:\\\/\\\/medicinasinc.com\\\/fr\\\/wp-content\\\/uploads\\\/sites\\\/5\\\/2022\\\/02\\\/Buy-Liquid-LSD.jpg\",\"contentUrl\":\"https:\\\/\\\/medicinasinc.com\\\/fr\\\/wp-content\\\/uploads\\\/sites\\\/5\\\/2022\\\/02\\\/Buy-Liquid-LSD.jpg\",\"width\":512,\"height\":512},{\"@type\":\"BreadcrumbList\",\"@id\":\"https:\\\/\\\/medicinasinc.com\\\/fr\\\/product\\\/acheter-liquide-lsd\\\/#breadcrumb\",\"itemListElement\":[{\"@type\":\"ListItem\",\"position\":1,\"name\":\"Boutique\",\"item\":\"https:\\\/\\\/medicinasinc.com\\\/fr\\\/boutique\\\/\"},{\"@type\":\"ListItem\",\"position\":2,\"name\":\"Acheter du LSD liquide\"}]},{\"@type\":\"WebSite\",\"@id\":\"https:\\\/\\\/medicinasinc.com\\\/fr\\\/#website\",\"url\":\"https:\\\/\\\/medicinasinc.com\\\/fr\\\/\",\"name\":\"Medicinas Inc\",\"description\":\"Health Medical Clinic\",\"potentialAction\":[{\"@type\":\"SearchAction\",\"target\":{\"@type\":\"EntryPoint\",\"urlTemplate\":\"https:\\\/\\\/medicinasinc.com\\\/fr\\\/?s={search_term_string}\"},\"query-input\":{\"@type\":\"PropertyValueSpecification\",\"valueRequired\":true,\"valueName\":\"search_term_string\"}}],\"inLanguage\":\"en-US\"}]}<\/script>\n<!-- \/ Yoast SEO plugin. -->","yoast_head_json":{"title":"Acheter du LSD liquide - Meilleurs meilleurs m\u00e9dicaments mondiaux","description":"Acheter du LSD en ligne LSD liquide, D\u00e9tails Le lysergide (LSD) est un hallucinog\u00e8ne semi-synth\u00e9tique et l'une des drogues les plus puissantes connues. Utilisation r\u00e9cr\u00e9ative .","robots":{"index":"index","follow":"follow","max-snippet":"max-snippet:-1","max-image-preview":"max-image-preview:large","max-video-preview":"max-video-preview:-1"},"canonical":"https:\/\/medicinasinc.com\/fr\/product\/acheter-liquide-lsd\/","og_locale":"en_US","og_type":"article","og_title":"Acheter du LSD liquide - Meilleurs meilleurs m\u00e9dicaments mondiaux","og_description":"Acheter du LSD en ligne LSD liquide, D\u00e9tails Le lysergide (LSD) est un hallucinog\u00e8ne semi-synth\u00e9tique et l'une des drogues les plus puissantes connues. Utilisation r\u00e9cr\u00e9ative .","og_url":"https:\/\/medicinasinc.com\/fr\/product\/acheter-liquide-lsd\/","og_site_name":"Medicinas Inc","article_modified_time":"2022-03-17T12:20:51+00:00","og_image":[{"width":512,"height":512,"url":"https:\/\/medicinasinc.com\/fr\/wp-content\/uploads\/sites\/5\/2022\/02\/Buy-Liquid-LSD.jpg","type":"image\/jpeg"}],"twitter_card":"summary_large_image","twitter_misc":{"Est. reading time":"3 minutes"},"schema":{"@context":"https:\/\/schema.org","@graph":[{"@type":"WebPage","@id":"https:\/\/medicinasinc.com\/fr\/product\/acheter-liquide-lsd\/","url":"https:\/\/medicinasinc.com\/fr\/product\/acheter-liquide-lsd\/","name":"Acheter du LSD liquide - Meilleurs meilleurs m\u00e9dicaments mondiaux","isPartOf":{"@id":"https:\/\/medicinasinc.com\/fr\/#website"},"primaryImageOfPage":{"@id":"https:\/\/medicinasinc.com\/fr\/product\/acheter-liquide-lsd\/#primaryimage"},"image":{"@id":"https:\/\/medicinasinc.com\/fr\/product\/acheter-liquide-lsd\/#primaryimage"},"thumbnailUrl":"https:\/\/medicinasinc.com\/fr\/wp-content\/uploads\/sites\/5\/2022\/02\/Buy-Liquid-LSD.jpg","datePublished":"2022-02-20T16:33:58+00:00","dateModified":"2022-03-17T12:20:51+00:00","description":"Acheter du LSD en ligne LSD liquide, D\u00e9tails Le lysergide (LSD) est un hallucinog\u00e8ne semi-synth\u00e9tique et l'une des drogues les plus puissantes connues. Utilisation r\u00e9cr\u00e9ative .","breadcrumb":{"@id":"https:\/\/medicinasinc.com\/fr\/product\/acheter-liquide-lsd\/#breadcrumb"},"inLanguage":"en-US","potentialAction":[{"@type":"ReadAction","target":["https:\/\/medicinasinc.com\/fr\/product\/acheter-liquide-lsd\/"]}]},{"@type":"ImageObject","inLanguage":"en-US","@id":"https:\/\/medicinasinc.com\/fr\/product\/acheter-liquide-lsd\/#primaryimage","url":"https:\/\/medicinasinc.com\/fr\/wp-content\/uploads\/sites\/5\/2022\/02\/Buy-Liquid-LSD.jpg","contentUrl":"https:\/\/medicinasinc.com\/fr\/wp-content\/uploads\/sites\/5\/2022\/02\/Buy-Liquid-LSD.jpg","width":512,"height":512},{"@type":"BreadcrumbList","@id":"https:\/\/medicinasinc.com\/fr\/product\/acheter-liquide-lsd\/#breadcrumb","itemListElement":[{"@type":"ListItem","position":1,"name":"Boutique","item":"https:\/\/medicinasinc.com\/fr\/boutique\/"},{"@type":"ListItem","position":2,"name":"Acheter du LSD liquide"}]},{"@type":"WebSite","@id":"https:\/\/medicinasinc.com\/fr\/#website","url":"https:\/\/medicinasinc.com\/fr\/","name":"Medicinas Inc","description":"Health Medical Clinic","potentialAction":[{"@type":"SearchAction","target":{"@type":"EntryPoint","urlTemplate":"https:\/\/medicinasinc.com\/fr\/?s={search_term_string}"},"query-input":{"@type":"PropertyValueSpecification","valueRequired":true,"valueName":"search_term_string"}}],"inLanguage":"en-US"}]}},"_links":{"self":[{"href":"https:\/\/medicinasinc.com\/fr\/wp-json\/wp\/v2\/product\/4829","targetHints":{"allow":["GET"]}}],"collection":[{"href":"https:\/\/medicinasinc.com\/fr\/wp-json\/wp\/v2\/product"}],"about":[{"href":"https:\/\/medicinasinc.com\/fr\/wp-json\/wp\/v2\/types\/product"}],"replies":[{"embeddable":true,"href":"https:\/\/medicinasinc.com\/fr\/wp-json\/wp\/v2\/comments?post=4829"}],"wp:featuredmedia":[{"embeddable":true,"href":"https:\/\/medicinasinc.com\/fr\/wp-json\/wp\/v2\/media\/4842"}],"wp:attachment":[{"href":"https:\/\/medicinasinc.com\/fr\/wp-json\/wp\/v2\/media?parent=4829"}],"wp:term":[{"taxonomy":"product_brand","embeddable":true,"href":"https:\/\/medicinasinc.com\/fr\/wp-json\/wp\/v2\/product_brand?post=4829"},{"taxonomy":"product_cat","embeddable":true,"href":"https:\/\/medicinasinc.com\/fr\/wp-json\/wp\/v2\/product_cat?post=4829"},{"taxonomy":"product_tag","embeddable":true,"href":"https:\/\/medicinasinc.com\/fr\/wp-json\/wp\/v2\/product_tag?post=4829"}],"curies":[{"name":"wp","href":"https:\/\/api.w.org\/{rel}","templated":true}]}}