{"id":4826,"date":"2022-02-20T16:32:04","date_gmt":"2022-02-20T16:32:04","guid":{"rendered":"https:\/\/medicinasinc.com\/fr\/?post_type=product&#038;p=4826"},"modified":"2022-03-17T12:21:06","modified_gmt":"2022-03-17T12:21:06","slug":"acheter-ketamine-hcl","status":"publish","type":"product","link":"https:\/\/medicinasinc.com\/fr\/product\/acheter-ketamine-hcl\/","title":{"rendered":"Acheter de la k\u00e9tamine HCL"},"content":{"rendered":"<h1 class=\"product_title entry-title\">Acheter pas cher K\u00e9tamine HCL en ligne<\/h1>\n<div class=\"product-next-previous\">\n<div class=\"product-prev\"><\/div><\/div>\n","protected":false},"excerpt":{"rendered":"<div class=\"woocommerce-product-details__short-description\">\n<p>Achetez de la k\u00e9tamine HCL pas cher en ligne. V\u00e9ritable k\u00e9tamine HCL en ligne \u2013 k\u00e9tamine HCL \u00e0 vendre | Acheter de la k\u00e9tamine HCL en ligne | Acheter de la k\u00e9tamine HCL \u00e0 vendre | Acheter de la k\u00e9tamine HCL pas cher | O\u00f9 acheter de la k\u00e9tamine HCL en ligne<\/p>\n<\/p><\/div>\n","protected":false},"featured_media":4838,"comment_status":"open","ping_status":"closed","template":"","meta":[],"product_brand":[],"product_cat":[703],"product_tag":[],"class_list":{"0":"post-4826","1":"product","2":"type-product","3":"status-publish","4":"has-post-thumbnail","6":"product_cat-acheter-des-medicaments-psychedeliques","8":"first","9":"instock","10":"shipping-taxable","11":"purchasable","12":"product-type-variable","13":"has-default-attributes"},"yoast_head":"<!-- This site is optimized with the Yoast SEO plugin v27.2 - https:\/\/yoast.com\/product\/yoast-seo-wordpress\/ -->\n<title>Acheter Ketamine HCL - Ketamine HCL - Best Global Medicina<\/title>\n<meta name=\"description\" content=\"Acheter de la k\u00e9tamine HCL en ligne. V\u00e9ritable k\u00e9tamine HCL en ligne \u2013 k\u00e9tamine HCL \u00e0 vendre | Acheter de la k\u00e9tamine HCL en ligne | Acheter de la k\u00e9tamine HCL \u00e0 vendre | Acheter de la k\u00e9tamine HCL pas cher | O\u00f9 acheter de la k\u00e9tamine HCL en ligne\" \/>\n<meta name=\"robots\" content=\"index, follow, max-snippet:-1, max-image-preview:large, max-video-preview:-1\" \/>\n<link rel=\"canonical\" href=\"https:\/\/medicinasinc.com\/fr\/product\/acheter-ketamine-hcl\/\" \/>\n<meta property=\"og:locale\" content=\"en_US\" \/>\n<meta property=\"og:type\" content=\"article\" \/>\n<meta property=\"og:title\" content=\"Acheter Ketamine HCL - Ketamine HCL - Best Global Medicina\" \/>\n<meta property=\"og:description\" content=\"Acheter de la k\u00e9tamine HCL en ligne. V\u00e9ritable k\u00e9tamine HCL en ligne \u2013 k\u00e9tamine HCL \u00e0 vendre | Acheter de la k\u00e9tamine HCL en ligne | Acheter de la k\u00e9tamine HCL \u00e0 vendre | Acheter de la k\u00e9tamine HCL pas cher | O\u00f9 acheter de la k\u00e9tamine HCL en ligne\" \/>\n<meta property=\"og:url\" content=\"https:\/\/medicinasinc.com\/fr\/product\/acheter-ketamine-hcl\/\" \/>\n<meta property=\"og:site_name\" content=\"Medicinas Inc\" \/>\n<meta property=\"article:modified_time\" content=\"2022-03-17T12:21:06+00:00\" \/>\n<meta property=\"og:image\" content=\"https:\/\/medicinasinc.com\/fr\/wp-content\/uploads\/sites\/5\/2022\/02\/ketamine-hcl.jpg\" \/>\n\t<meta property=\"og:image:width\" content=\"600\" \/>\n\t<meta property=\"og:image:height\" content=\"600\" \/>\n\t<meta property=\"og:image:type\" content=\"image\/jpeg\" \/>\n<meta name=\"twitter:card\" content=\"summary_large_image\" \/>\n<meta name=\"twitter:label1\" content=\"Est. reading time\" \/>\n\t<meta name=\"twitter:data1\" content=\"1 minute\" \/>\n<script type=\"application\/ld+json\" class=\"yoast-schema-graph\">{\"@context\":\"https:\/\/schema.org\",\"@graph\":[{\"@type\":\"WebPage\",\"@id\":\"https:\/\/medicinasinc.com\/fr\/product\/acheter-ketamine-hcl\/\",\"url\":\"https:\/\/medicinasinc.com\/fr\/product\/acheter-ketamine-hcl\/\",\"name\":\"Acheter Ketamine HCL - Ketamine HCL - Best Global Medicina\",\"isPartOf\":{\"@id\":\"https:\/\/medicinasinc.com\/fr\/#website\"},\"primaryImageOfPage\":{\"@id\":\"https:\/\/medicinasinc.com\/fr\/product\/acheter-ketamine-hcl\/#primaryimage\"},\"image\":{\"@id\":\"https:\/\/medicinasinc.com\/fr\/product\/acheter-ketamine-hcl\/#primaryimage\"},\"thumbnailUrl\":\"https:\/\/medicinasinc.com\/fr\/wp-content\/uploads\/sites\/5\/2022\/02\/ketamine-hcl.jpg\",\"datePublished\":\"2022-02-20T16:32:04+00:00\",\"dateModified\":\"2022-03-17T12:21:06+00:00\",\"description\":\"Acheter de la k\u00e9tamine HCL en ligne. V\u00e9ritable k\u00e9tamine HCL en ligne \u2013 k\u00e9tamine HCL \u00e0 vendre | Acheter de la k\u00e9tamine HCL en ligne | Acheter de la k\u00e9tamine HCL \u00e0 vendre | Acheter de la k\u00e9tamine HCL pas cher | O\u00f9 acheter de la k\u00e9tamine HCL en ligne\",\"breadcrumb\":{\"@id\":\"https:\/\/medicinasinc.com\/fr\/product\/acheter-ketamine-hcl\/#breadcrumb\"},\"inLanguage\":\"en-US\",\"potentialAction\":[{\"@type\":\"ReadAction\",\"target\":[\"https:\/\/medicinasinc.com\/fr\/product\/acheter-ketamine-hcl\/\"]}]},{\"@type\":\"ImageObject\",\"inLanguage\":\"en-US\",\"@id\":\"https:\/\/medicinasinc.com\/fr\/product\/acheter-ketamine-hcl\/#primaryimage\",\"url\":\"https:\/\/medicinasinc.com\/fr\/wp-content\/uploads\/sites\/5\/2022\/02\/ketamine-hcl.jpg\",\"contentUrl\":\"https:\/\/medicinasinc.com\/fr\/wp-content\/uploads\/sites\/5\/2022\/02\/ketamine-hcl.jpg\",\"width\":600,\"height\":600},{\"@type\":\"BreadcrumbList\",\"@id\":\"https:\/\/medicinasinc.com\/fr\/product\/acheter-ketamine-hcl\/#breadcrumb\",\"itemListElement\":[{\"@type\":\"ListItem\",\"position\":1,\"name\":\"Boutique\",\"item\":\"https:\/\/medicinasinc.com\/fr\/boutique\/\"},{\"@type\":\"ListItem\",\"position\":2,\"name\":\"Acheter de la k\u00e9tamine HCL\"}]},{\"@type\":\"WebSite\",\"@id\":\"https:\/\/medicinasinc.com\/fr\/#website\",\"url\":\"https:\/\/medicinasinc.com\/fr\/\",\"name\":\"Medicinas Inc\",\"description\":\"Health Medical Clinic\",\"potentialAction\":[{\"@type\":\"SearchAction\",\"target\":{\"@type\":\"EntryPoint\",\"urlTemplate\":\"https:\/\/medicinasinc.com\/fr\/?s={search_term_string}\"},\"query-input\":{\"@type\":\"PropertyValueSpecification\",\"valueRequired\":true,\"valueName\":\"search_term_string\"}}],\"inLanguage\":\"en-US\"}]}<\/script>\n<!-- \/ Yoast SEO plugin. -->","yoast_head_json":{"title":"Acheter Ketamine HCL - Ketamine HCL - Best Global Medicina","description":"Acheter de la k\u00e9tamine HCL en ligne. V\u00e9ritable k\u00e9tamine HCL en ligne \u2013 k\u00e9tamine HCL \u00e0 vendre | Acheter de la k\u00e9tamine HCL en ligne | Acheter de la k\u00e9tamine HCL \u00e0 vendre | Acheter de la k\u00e9tamine HCL pas cher | O\u00f9 acheter de la k\u00e9tamine HCL en ligne","robots":{"index":"index","follow":"follow","max-snippet":"max-snippet:-1","max-image-preview":"max-image-preview:large","max-video-preview":"max-video-preview:-1"},"canonical":"https:\/\/medicinasinc.com\/fr\/product\/acheter-ketamine-hcl\/","og_locale":"en_US","og_type":"article","og_title":"Acheter Ketamine HCL - Ketamine HCL - Best Global Medicina","og_description":"Acheter de la k\u00e9tamine HCL en ligne. V\u00e9ritable k\u00e9tamine HCL en ligne \u2013 k\u00e9tamine HCL \u00e0 vendre | Acheter de la k\u00e9tamine HCL en ligne | Acheter de la k\u00e9tamine HCL \u00e0 vendre | Acheter de la k\u00e9tamine HCL pas cher | O\u00f9 acheter de la k\u00e9tamine HCL en ligne","og_url":"https:\/\/medicinasinc.com\/fr\/product\/acheter-ketamine-hcl\/","og_site_name":"Medicinas Inc","article_modified_time":"2022-03-17T12:21:06+00:00","og_image":[{"width":600,"height":600,"url":"https:\/\/medicinasinc.com\/fr\/wp-content\/uploads\/sites\/5\/2022\/02\/ketamine-hcl.jpg","type":"image\/jpeg"}],"twitter_card":"summary_large_image","twitter_misc":{"Est. reading time":"1 minute"},"schema":{"@context":"https:\/\/schema.org","@graph":[{"@type":"WebPage","@id":"https:\/\/medicinasinc.com\/fr\/product\/acheter-ketamine-hcl\/","url":"https:\/\/medicinasinc.com\/fr\/product\/acheter-ketamine-hcl\/","name":"Acheter Ketamine HCL - Ketamine HCL - Best Global Medicina","isPartOf":{"@id":"https:\/\/medicinasinc.com\/fr\/#website"},"primaryImageOfPage":{"@id":"https:\/\/medicinasinc.com\/fr\/product\/acheter-ketamine-hcl\/#primaryimage"},"image":{"@id":"https:\/\/medicinasinc.com\/fr\/product\/acheter-ketamine-hcl\/#primaryimage"},"thumbnailUrl":"https:\/\/medicinasinc.com\/fr\/wp-content\/uploads\/sites\/5\/2022\/02\/ketamine-hcl.jpg","datePublished":"2022-02-20T16:32:04+00:00","dateModified":"2022-03-17T12:21:06+00:00","description":"Acheter de la k\u00e9tamine HCL en ligne. V\u00e9ritable k\u00e9tamine HCL en ligne \u2013 k\u00e9tamine HCL \u00e0 vendre | Acheter de la k\u00e9tamine HCL en ligne | Acheter de la k\u00e9tamine HCL \u00e0 vendre | Acheter de la k\u00e9tamine HCL pas cher | O\u00f9 acheter de la k\u00e9tamine HCL en ligne","breadcrumb":{"@id":"https:\/\/medicinasinc.com\/fr\/product\/acheter-ketamine-hcl\/#breadcrumb"},"inLanguage":"en-US","potentialAction":[{"@type":"ReadAction","target":["https:\/\/medicinasinc.com\/fr\/product\/acheter-ketamine-hcl\/"]}]},{"@type":"ImageObject","inLanguage":"en-US","@id":"https:\/\/medicinasinc.com\/fr\/product\/acheter-ketamine-hcl\/#primaryimage","url":"https:\/\/medicinasinc.com\/fr\/wp-content\/uploads\/sites\/5\/2022\/02\/ketamine-hcl.jpg","contentUrl":"https:\/\/medicinasinc.com\/fr\/wp-content\/uploads\/sites\/5\/2022\/02\/ketamine-hcl.jpg","width":600,"height":600},{"@type":"BreadcrumbList","@id":"https:\/\/medicinasinc.com\/fr\/product\/acheter-ketamine-hcl\/#breadcrumb","itemListElement":[{"@type":"ListItem","position":1,"name":"Boutique","item":"https:\/\/medicinasinc.com\/fr\/boutique\/"},{"@type":"ListItem","position":2,"name":"Acheter de la k\u00e9tamine HCL"}]},{"@type":"WebSite","@id":"https:\/\/medicinasinc.com\/fr\/#website","url":"https:\/\/medicinasinc.com\/fr\/","name":"Medicinas Inc","description":"Health Medical Clinic","potentialAction":[{"@type":"SearchAction","target":{"@type":"EntryPoint","urlTemplate":"https:\/\/medicinasinc.com\/fr\/?s={search_term_string}"},"query-input":{"@type":"PropertyValueSpecification","valueRequired":true,"valueName":"search_term_string"}}],"inLanguage":"en-US"}]}},"_links":{"self":[{"href":"https:\/\/medicinasinc.com\/fr\/wp-json\/wp\/v2\/product\/4826","targetHints":{"allow":["GET"]}}],"collection":[{"href":"https:\/\/medicinasinc.com\/fr\/wp-json\/wp\/v2\/product"}],"about":[{"href":"https:\/\/medicinasinc.com\/fr\/wp-json\/wp\/v2\/types\/product"}],"replies":[{"embeddable":true,"href":"https:\/\/medicinasinc.com\/fr\/wp-json\/wp\/v2\/comments?post=4826"}],"wp:featuredmedia":[{"embeddable":true,"href":"https:\/\/medicinasinc.com\/fr\/wp-json\/wp\/v2\/media\/4838"}],"wp:attachment":[{"href":"https:\/\/medicinasinc.com\/fr\/wp-json\/wp\/v2\/media?parent=4826"}],"wp:term":[{"taxonomy":"product_brand","embeddable":true,"href":"https:\/\/medicinasinc.com\/fr\/wp-json\/wp\/v2\/product_brand?post=4826"},{"taxonomy":"product_cat","embeddable":true,"href":"https:\/\/medicinasinc.com\/fr\/wp-json\/wp\/v2\/product_cat?post=4826"},{"taxonomy":"product_tag","embeddable":true,"href":"https:\/\/medicinasinc.com\/fr\/wp-json\/wp\/v2\/product_tag?post=4826"}],"curies":[{"name":"wp","href":"https:\/\/api.w.org\/{rel}","templated":true}]}}