{"id":4810,"date":"2022-02-20T16:18:47","date_gmt":"2022-02-20T16:18:47","guid":{"rendered":"https:\/\/medicinasinc.com\/fr\/?post_type=product&#038;p=4810"},"modified":"2022-03-17T12:21:15","modified_gmt":"2022-03-17T12:21:15","slug":"acheter-thca-crystals-top-shelf","status":"publish","type":"product","link":"https:\/\/medicinasinc.com\/fr\/product\/acheter-thca-crystals-top-shelf\/","title":{"rendered":"Acheter des cristaux de THCA &#8211; \u00c9tag\u00e8re sup\u00e9rieure"},"content":{"rendered":"<p>THCA cristallin<\/p>\n<p>THCA cristallin, \u00e9galement appel\u00e9 \u00ab\u00a0cristaux\u00a0\u00bb, \u00ab\u00a0cristaux de THC\u00a0\u00bb ou \u00ab\u00a0diamants\u00a0\u00bb, est un concentr\u00e9 de cannabis \u00e0 l&#8217;\u00e9tat solide. Il a l&#8217;apparence de sucre grossier, le type qui est g\u00e9n\u00e9ralement utilis\u00e9 pour d\u00e9corer les biscuits au sucre ou pour faire briller le dessus des tartes aux fruits cuites. Crystalline est fabriqu\u00e9 pour \u00e9liminer les mati\u00e8res v\u00e9g\u00e9tales et les terp\u00e8nes, qui sont les caract\u00e9ristiques aromatiques et gustatives distinctives d&#8217;un cultivar ou d&#8217;une vari\u00e9t\u00e9 de cannabis.<\/p>\n<p>SIGNIFICATION DU THCA Crystalline<\/p>\n<p>Vous avez peut-\u00eatre entendu le terme &#8221; Cristaux de THC \u00bb ou \u00ab THC cristallin \u00bb utilis\u00e9 pour d\u00e9signer le cristallin, mais le THC, qui produit un high enivrant, n&#8217;est pas cristallin ; chimiquement, le THC est incapable de former une structure cristalline. En d&#8217;autres termes, ce que l&#8217;on appelle fr\u00e9quemment les &#8220;cristaux de THC&#8221; n&#8217;est pas du THC pur, mais une forme de THCA pur. Au moment de la consommation, le THCA se cristallise en THC actif via la d\u00e9carboxylation. Crystalline est produite avec un seul cannabino\u00efde. Le THCA, le CBDA et le CBD sont les seuls cannabino\u00efdes disponibles sous forme cristalline. Quiconque consomme du THCA, du CBDA ou du CBD ne ressentira pas de high enivrant, bien que le THCA se transforme en THC lorsqu&#8217;il est chauff\u00e9, rendant le cristallin enivrant.<\/p>\n<p>COMMENT CR\u00c9ER DU THCA CRISTALLIN<\/p>\n<p>Cristallin est fr\u00e9quemment fum\u00e9 ou tamponn\u00e9 avec un appareil \u00e0 dab. Un dab rig est un appareil \u00e0 fumer, semblable \u00e0 un petit bang \u00e0 eau, qui vaporise du cristal chauff\u00e9 pour l&#8217;inhalation en doses uniques et mesur\u00e9es. Les cristallines sont fr\u00e9quemment consomm\u00e9es par voie orale, soit comme ingr\u00e9dient dans des produits comestibles, soit dissoutes dans de l&#8217;huile pour cr\u00e9er un produit semblable \u00e0 une teinture. Les cristaux sont fr\u00e9quemment dissous dans de l&#8217;huile v\u00e9g\u00e9tale ou du beurre et utilis\u00e9s comme ingr\u00e9dient dans des produits comestibles faits maison. Les huiles v\u00e9g\u00e9tales et de coprah sont les solvants les plus fr\u00e9quemment utilis\u00e9s pour dissoudre les cristaux afin de cr\u00e9er un produit semblable \u00e0 une teinture.<\/p>\n","protected":false},"excerpt":{"rendered":"<p>Acheter du cristal de thca en ligne en Europe, du cristal de thca \u00e0 vendre, des diamants cristallins aux Pays-Bas, du cristal de thc pr\u00e8s de chez moi, des cristaux de thc \u00e0 vendre en Europe.<\/p>\n<ul>\n<li>Exp\u00e9dition dans le monde entier<\/li>\n<li><strong>Un concentr\u00e9 compos\u00e9 de 97 \u00e0 99\u00a0% de THC<\/strong><\/li>\n<li><strong>99\u00a0% de THC-A pur<\/strong><\/li>\n<li><strong>Contactez-nous <\/strong>\u00a0pour les grosses commandes<\/li>\n<\/ul>\n","protected":false},"featured_media":4823,"comment_status":"open","ping_status":"closed","template":"","meta":[],"product_brand":[],"product_cat":[702],"product_tag":[],"class_list":{"0":"post-4810","1":"product","2":"type-product","3":"status-publish","4":"has-post-thumbnail","6":"product_cat-acheter-de-la-cire-de-cannabis","8":"first","9":"instock","10":"shipping-taxable","11":"purchasable","12":"product-type-variable","13":"has-default-attributes"},"yoast_head":"<!-- This site is optimized with the Yoast SEO plugin v27.3 - https:\/\/yoast.com\/product\/yoast-seo-wordpress\/ -->\n<title>Acheter des cristaux de THCA - Top Shelf - Best Best Global Meds<\/title>\n<meta name=\"description\" content=\"Acheter du cristal de thca en ligne Europe, du cristal de thca \u00e0 vendre, des diamants cristallins NL, du cristal de thc pr\u00e8s de chez moi, acheter des cristaux de thc en Europe.\" \/>\n<meta name=\"robots\" content=\"index, follow, max-snippet:-1, max-image-preview:large, max-video-preview:-1\" \/>\n<link rel=\"canonical\" href=\"https:\/\/medicinasinc.com\/fr\/product\/acheter-thca-crystals-top-shelf\/\" \/>\n<meta property=\"og:locale\" content=\"en_US\" \/>\n<meta property=\"og:type\" content=\"article\" \/>\n<meta property=\"og:title\" content=\"Acheter des cristaux de THCA - Top Shelf - Best Best Global Meds\" \/>\n<meta property=\"og:description\" content=\"Acheter du cristal de thca en ligne Europe, du cristal de thca \u00e0 vendre, des diamants cristallins NL, du cristal de thc pr\u00e8s de chez moi, acheter des cristaux de thc en Europe.\" \/>\n<meta property=\"og:url\" content=\"https:\/\/medicinasinc.com\/fr\/product\/acheter-thca-crystals-top-shelf\/\" \/>\n<meta property=\"og:site_name\" content=\"Medicinas Inc\" \/>\n<meta property=\"article:modified_time\" content=\"2022-03-17T12:21:15+00:00\" \/>\n<meta property=\"og:image\" content=\"https:\/\/medicinasinc.com\/fr\/wp-content\/uploads\/sites\/5\/2022\/02\/Buy-THCA-Crystals-Top-Shelf.jpg\" \/>\n\t<meta property=\"og:image:width\" content=\"600\" \/>\n\t<meta property=\"og:image:height\" content=\"600\" \/>\n\t<meta property=\"og:image:type\" content=\"image\/jpeg\" \/>\n<meta name=\"twitter:card\" content=\"summary_large_image\" \/>\n<meta name=\"twitter:label1\" content=\"Est. reading time\" \/>\n\t<meta name=\"twitter:data1\" content=\"2 minutes\" \/>\n<script type=\"application\/ld+json\" class=\"yoast-schema-graph\">{\"@context\":\"https:\\\/\\\/schema.org\",\"@graph\":[{\"@type\":\"WebPage\",\"@id\":\"https:\\\/\\\/medicinasinc.com\\\/fr\\\/product\\\/acheter-thca-crystals-top-shelf\\\/\",\"url\":\"https:\\\/\\\/medicinasinc.com\\\/fr\\\/product\\\/acheter-thca-crystals-top-shelf\\\/\",\"name\":\"Acheter des cristaux de THCA - Top Shelf - Best Best Global Meds\",\"isPartOf\":{\"@id\":\"https:\\\/\\\/medicinasinc.com\\\/fr\\\/#website\"},\"primaryImageOfPage\":{\"@id\":\"https:\\\/\\\/medicinasinc.com\\\/fr\\\/product\\\/acheter-thca-crystals-top-shelf\\\/#primaryimage\"},\"image\":{\"@id\":\"https:\\\/\\\/medicinasinc.com\\\/fr\\\/product\\\/acheter-thca-crystals-top-shelf\\\/#primaryimage\"},\"thumbnailUrl\":\"https:\\\/\\\/medicinasinc.com\\\/fr\\\/wp-content\\\/uploads\\\/sites\\\/5\\\/2022\\\/02\\\/Buy-THCA-Crystals-Top-Shelf.jpg\",\"datePublished\":\"2022-02-20T16:18:47+00:00\",\"dateModified\":\"2022-03-17T12:21:15+00:00\",\"description\":\"Acheter du cristal de thca en ligne Europe, du cristal de thca \u00e0 vendre, des diamants cristallins NL, du cristal de thc pr\u00e8s de chez moi, acheter des cristaux de thc en Europe.\",\"breadcrumb\":{\"@id\":\"https:\\\/\\\/medicinasinc.com\\\/fr\\\/product\\\/acheter-thca-crystals-top-shelf\\\/#breadcrumb\"},\"inLanguage\":\"en-US\",\"potentialAction\":[{\"@type\":\"ReadAction\",\"target\":[\"https:\\\/\\\/medicinasinc.com\\\/fr\\\/product\\\/acheter-thca-crystals-top-shelf\\\/\"]}]},{\"@type\":\"ImageObject\",\"inLanguage\":\"en-US\",\"@id\":\"https:\\\/\\\/medicinasinc.com\\\/fr\\\/product\\\/acheter-thca-crystals-top-shelf\\\/#primaryimage\",\"url\":\"https:\\\/\\\/medicinasinc.com\\\/fr\\\/wp-content\\\/uploads\\\/sites\\\/5\\\/2022\\\/02\\\/Buy-THCA-Crystals-Top-Shelf.jpg\",\"contentUrl\":\"https:\\\/\\\/medicinasinc.com\\\/fr\\\/wp-content\\\/uploads\\\/sites\\\/5\\\/2022\\\/02\\\/Buy-THCA-Crystals-Top-Shelf.jpg\",\"width\":600,\"height\":600},{\"@type\":\"BreadcrumbList\",\"@id\":\"https:\\\/\\\/medicinasinc.com\\\/fr\\\/product\\\/acheter-thca-crystals-top-shelf\\\/#breadcrumb\",\"itemListElement\":[{\"@type\":\"ListItem\",\"position\":1,\"name\":\"Boutique\",\"item\":\"https:\\\/\\\/medicinasinc.com\\\/fr\\\/boutique\\\/\"},{\"@type\":\"ListItem\",\"position\":2,\"name\":\"Acheter des cristaux de THCA &#8211; \u00c9tag\u00e8re sup\u00e9rieure\"}]},{\"@type\":\"WebSite\",\"@id\":\"https:\\\/\\\/medicinasinc.com\\\/fr\\\/#website\",\"url\":\"https:\\\/\\\/medicinasinc.com\\\/fr\\\/\",\"name\":\"Medicinas Inc\",\"description\":\"Health Medical Clinic\",\"potentialAction\":[{\"@type\":\"SearchAction\",\"target\":{\"@type\":\"EntryPoint\",\"urlTemplate\":\"https:\\\/\\\/medicinasinc.com\\\/fr\\\/?s={search_term_string}\"},\"query-input\":{\"@type\":\"PropertyValueSpecification\",\"valueRequired\":true,\"valueName\":\"search_term_string\"}}],\"inLanguage\":\"en-US\"}]}<\/script>\n<!-- \/ Yoast SEO plugin. -->","yoast_head_json":{"title":"Acheter des cristaux de THCA - Top Shelf - Best Best Global Meds","description":"Acheter du cristal de thca en ligne Europe, du cristal de thca \u00e0 vendre, des diamants cristallins NL, du cristal de thc pr\u00e8s de chez moi, acheter des cristaux de thc en Europe.","robots":{"index":"index","follow":"follow","max-snippet":"max-snippet:-1","max-image-preview":"max-image-preview:large","max-video-preview":"max-video-preview:-1"},"canonical":"https:\/\/medicinasinc.com\/fr\/product\/acheter-thca-crystals-top-shelf\/","og_locale":"en_US","og_type":"article","og_title":"Acheter des cristaux de THCA - Top Shelf - Best Best Global Meds","og_description":"Acheter du cristal de thca en ligne Europe, du cristal de thca \u00e0 vendre, des diamants cristallins NL, du cristal de thc pr\u00e8s de chez moi, acheter des cristaux de thc en Europe.","og_url":"https:\/\/medicinasinc.com\/fr\/product\/acheter-thca-crystals-top-shelf\/","og_site_name":"Medicinas Inc","article_modified_time":"2022-03-17T12:21:15+00:00","og_image":[{"width":600,"height":600,"url":"https:\/\/medicinasinc.com\/fr\/wp-content\/uploads\/sites\/5\/2022\/02\/Buy-THCA-Crystals-Top-Shelf.jpg","type":"image\/jpeg"}],"twitter_card":"summary_large_image","twitter_misc":{"Est. reading time":"2 minutes"},"schema":{"@context":"https:\/\/schema.org","@graph":[{"@type":"WebPage","@id":"https:\/\/medicinasinc.com\/fr\/product\/acheter-thca-crystals-top-shelf\/","url":"https:\/\/medicinasinc.com\/fr\/product\/acheter-thca-crystals-top-shelf\/","name":"Acheter des cristaux de THCA - Top Shelf - Best Best Global Meds","isPartOf":{"@id":"https:\/\/medicinasinc.com\/fr\/#website"},"primaryImageOfPage":{"@id":"https:\/\/medicinasinc.com\/fr\/product\/acheter-thca-crystals-top-shelf\/#primaryimage"},"image":{"@id":"https:\/\/medicinasinc.com\/fr\/product\/acheter-thca-crystals-top-shelf\/#primaryimage"},"thumbnailUrl":"https:\/\/medicinasinc.com\/fr\/wp-content\/uploads\/sites\/5\/2022\/02\/Buy-THCA-Crystals-Top-Shelf.jpg","datePublished":"2022-02-20T16:18:47+00:00","dateModified":"2022-03-17T12:21:15+00:00","description":"Acheter du cristal de thca en ligne Europe, du cristal de thca \u00e0 vendre, des diamants cristallins NL, du cristal de thc pr\u00e8s de chez moi, acheter des cristaux de thc en Europe.","breadcrumb":{"@id":"https:\/\/medicinasinc.com\/fr\/product\/acheter-thca-crystals-top-shelf\/#breadcrumb"},"inLanguage":"en-US","potentialAction":[{"@type":"ReadAction","target":["https:\/\/medicinasinc.com\/fr\/product\/acheter-thca-crystals-top-shelf\/"]}]},{"@type":"ImageObject","inLanguage":"en-US","@id":"https:\/\/medicinasinc.com\/fr\/product\/acheter-thca-crystals-top-shelf\/#primaryimage","url":"https:\/\/medicinasinc.com\/fr\/wp-content\/uploads\/sites\/5\/2022\/02\/Buy-THCA-Crystals-Top-Shelf.jpg","contentUrl":"https:\/\/medicinasinc.com\/fr\/wp-content\/uploads\/sites\/5\/2022\/02\/Buy-THCA-Crystals-Top-Shelf.jpg","width":600,"height":600},{"@type":"BreadcrumbList","@id":"https:\/\/medicinasinc.com\/fr\/product\/acheter-thca-crystals-top-shelf\/#breadcrumb","itemListElement":[{"@type":"ListItem","position":1,"name":"Boutique","item":"https:\/\/medicinasinc.com\/fr\/boutique\/"},{"@type":"ListItem","position":2,"name":"Acheter des cristaux de THCA &#8211; \u00c9tag\u00e8re sup\u00e9rieure"}]},{"@type":"WebSite","@id":"https:\/\/medicinasinc.com\/fr\/#website","url":"https:\/\/medicinasinc.com\/fr\/","name":"Medicinas Inc","description":"Health Medical Clinic","potentialAction":[{"@type":"SearchAction","target":{"@type":"EntryPoint","urlTemplate":"https:\/\/medicinasinc.com\/fr\/?s={search_term_string}"},"query-input":{"@type":"PropertyValueSpecification","valueRequired":true,"valueName":"search_term_string"}}],"inLanguage":"en-US"}]}},"_links":{"self":[{"href":"https:\/\/medicinasinc.com\/fr\/wp-json\/wp\/v2\/product\/4810","targetHints":{"allow":["GET"]}}],"collection":[{"href":"https:\/\/medicinasinc.com\/fr\/wp-json\/wp\/v2\/product"}],"about":[{"href":"https:\/\/medicinasinc.com\/fr\/wp-json\/wp\/v2\/types\/product"}],"replies":[{"embeddable":true,"href":"https:\/\/medicinasinc.com\/fr\/wp-json\/wp\/v2\/comments?post=4810"}],"wp:featuredmedia":[{"embeddable":true,"href":"https:\/\/medicinasinc.com\/fr\/wp-json\/wp\/v2\/media\/4823"}],"wp:attachment":[{"href":"https:\/\/medicinasinc.com\/fr\/wp-json\/wp\/v2\/media?parent=4810"}],"wp:term":[{"taxonomy":"product_brand","embeddable":true,"href":"https:\/\/medicinasinc.com\/fr\/wp-json\/wp\/v2\/product_brand?post=4810"},{"taxonomy":"product_cat","embeddable":true,"href":"https:\/\/medicinasinc.com\/fr\/wp-json\/wp\/v2\/product_cat?post=4810"},{"taxonomy":"product_tag","embeddable":true,"href":"https:\/\/medicinasinc.com\/fr\/wp-json\/wp\/v2\/product_tag?post=4810"}],"curies":[{"name":"wp","href":"https:\/\/api.w.org\/{rel}","templated":true}]}}