{"id":4808,"date":"2022-02-20T16:17:53","date_gmt":"2022-02-20T16:17:53","guid":{"rendered":"https:\/\/medicinasinc.com\/fr\/?post_type=product&#038;p=4808"},"modified":"2022-03-17T12:21:26","modified_gmt":"2022-03-17T12:21:26","slug":"acheter-1p-lsd-100mcg-buvards","status":"publish","type":"product","link":"https:\/\/medicinasinc.com\/fr\/product\/acheter-1p-lsd-100mcg-buvards\/","title":{"rendered":"Acheter des buvards 1P-LSD 100mcg"},"content":{"rendered":"<p>Achetez des buvards 1P-LSD 100mcg \u00e0 prix r\u00e9duit en ligne.<\/p>\n<p>L.S.D. est une souche \u00e0 pr\u00e9dominance Indica qui a \u00e9t\u00e9 nomm\u00e9e d&#8217;apr\u00e8s un m\u00e9dicament extr\u00eamement hallucinog\u00e8ne en raison de l&#8217;effet extr\u00eamement hallucinog\u00e8ne et c\u00e9r\u00e9bral de la souche. La souche commence par un sentiment de joie \u00e9nerg\u00e9tique qui a le potentiel d&#8217;obscurcir l&#8217;esprit et de laisser quelques clients compl\u00e8tement confus et \u00ab intellectuellement bloqu\u00e9s \u00bb. Malgr\u00e9 une forte stimulation c\u00e9r\u00e9brale, certains clients d\u00e9clarent se sentir plus innovants ou sociaux apr\u00e8s avoir utilis\u00e9 le LSD<\/p>\n<p>Achetez des buvards 1P-LSD 100mcg en ligne \u00e0 un prix r\u00e9duit.<\/p>\n<p>Ce niveau de stimulation mentale est extr\u00eamement inhabituel pour une Indica. Comme on peut s&#8217;y attendre d&#8217;une substance d\u00e9riv\u00e9e d&#8217;Indica, le L.S.D. a \u00e9galement des effets corporels typiques d&#8217;Indica. Les clients remarquent fr\u00e9quemment l&#8217;effet d\u00e9sensibilisant r\u00e9volutionnaire du corps une \u00e0 deux heures apr\u00e8s l&#8217;ingestion, lorsque la majorit\u00e9 de l&#8217;effet c\u00e9r\u00e9bral s&#8217;est dissip\u00e9. Les effets ind\u00e9sirables peuvent inclure une bouche cotonneuse, des yeux secs, de la somnolence, des maux de t\u00eate et une l\u00e9g\u00e8re m\u00e9fiance.<\/p>\n<p>Pour la majorit\u00e9, cette vari\u00e9t\u00e9 peut \u00eatre utilis\u00e9e \u00e0 tout moment de la journ\u00e9e pour soulager les douleurs lancinantes l\u00e9g\u00e8res \u00e0 s\u00e9v\u00e8res. Le LSD est fr\u00e9quemment prescrit pour aider \u00e0 g\u00e9rer la pression, le malaise ou la mis\u00e8re. De plus, les patients utilisent la souche pour traiter l&#8217;insomnie, et quelques-uns l&#8217;utilisent pour combattre les maux de t\u00eate.<\/p>\n<p>L.S.D. est un croisement entre une Mazar et un assortiment de skunk extr\u00eamement ancien, Skunk #1, cr\u00e9\u00e9 par Barney&#8217;s Farm. Bien que cette vari\u00e9t\u00e9 ne soit pas recommand\u00e9e pour les nouveaux producteurs, elle est extr\u00eamement facile \u00e0 cultiver en raison de sa r\u00e9sistance \u00e0 de nombreuses infections et de sa capacit\u00e9 \u00e0 \u00eatre cultiv\u00e9e \u00e0 la fois en ext\u00e9rieur et en int\u00e9rieur. Avec une p\u00e9riode de floraison comprise entre 65 et 78 jours, L.S.D. peut produire jusqu&#8217;\u00e0 650 grammes par m\u00e8tre carr\u00e9. D\u00e9passant parfois 60 centim\u00e8tres de longueur, la souche se termine g\u00e9n\u00e9ralement en avril sur l&#8217;\u00e9quateur sud et en octobre sur le nord. Cette vari\u00e9t\u00e9 a une teneur en THC allant jusqu&#8217;\u00e0 24\u00a0%.<\/p>\n","protected":false},"excerpt":{"rendered":"<p>O\u00f9 puis-je acheter des buvards 1P-LSD\u00a0? Les meilleurs produits chimiques de recherche sur le march\u00e9 &#8211; Livraison rapide! Achetez des buvards 1P-LSD via Bitcoin, virement bancaire et autres m\u00e9thodes.<\/p>\n","protected":false},"featured_media":4821,"comment_status":"open","ping_status":"closed","template":"","meta":[],"product_brand":[],"product_cat":[703],"product_tag":[],"class_list":{"0":"post-4808","1":"product","2":"type-product","3":"status-publish","4":"has-post-thumbnail","6":"product_cat-acheter-des-medicaments-psychedeliques","8":"first","9":"instock","10":"shipping-taxable","11":"purchasable","12":"product-type-variable","13":"has-default-attributes"},"yoast_head":"<!-- This site is optimized with the Yoast SEO plugin v27.3 - https:\/\/yoast.com\/product\/yoast-seo-wordpress\/ -->\n<title>Acheter des buvards 100mcg bon march\u00e9 1P-LSD - Best Global Meds<\/title>\n<meta name=\"description\" content=\"Commander des buvards 1P-LSD\u00a0? Les meilleurs produits chimiques de recherche - livraison rapide\u00a0! Achetez des buvards 1P-LSD avec Bitcoin, virement bancaire et plus encore.\" \/>\n<meta name=\"robots\" content=\"index, follow, max-snippet:-1, max-image-preview:large, max-video-preview:-1\" \/>\n<link rel=\"canonical\" href=\"https:\/\/medicinasinc.com\/fr\/product\/acheter-1p-lsd-100mcg-buvards\/\" \/>\n<meta property=\"og:locale\" content=\"en_US\" \/>\n<meta property=\"og:type\" content=\"article\" \/>\n<meta property=\"og:title\" content=\"Acheter des buvards 100mcg bon march\u00e9 1P-LSD - Best Global Meds\" \/>\n<meta property=\"og:description\" content=\"Commander des buvards 1P-LSD\u00a0? Les meilleurs produits chimiques de recherche - livraison rapide\u00a0! Achetez des buvards 1P-LSD avec Bitcoin, virement bancaire et plus encore.\" \/>\n<meta property=\"og:url\" content=\"https:\/\/medicinasinc.com\/fr\/product\/acheter-1p-lsd-100mcg-buvards\/\" \/>\n<meta property=\"og:site_name\" content=\"Medicinas Inc\" \/>\n<meta property=\"article:modified_time\" content=\"2022-03-17T12:21:26+00:00\" \/>\n<meta property=\"og:image\" content=\"https:\/\/medicinasinc.com\/fr\/wp-content\/uploads\/sites\/5\/2022\/02\/Buy-1P-LSD-100mcg-Blotters-cheap-online.jpg\" \/>\n\t<meta property=\"og:image:width\" content=\"600\" \/>\n\t<meta property=\"og:image:height\" content=\"600\" \/>\n\t<meta property=\"og:image:type\" content=\"image\/jpeg\" \/>\n<meta name=\"twitter:card\" content=\"summary_large_image\" \/>\n<meta name=\"twitter:label1\" content=\"Est. reading time\" \/>\n\t<meta name=\"twitter:data1\" content=\"2 minutes\" \/>\n<script type=\"application\/ld+json\" class=\"yoast-schema-graph\">{\"@context\":\"https:\\\/\\\/schema.org\",\"@graph\":[{\"@type\":\"WebPage\",\"@id\":\"https:\\\/\\\/medicinasinc.com\\\/fr\\\/product\\\/acheter-1p-lsd-100mcg-buvards\\\/\",\"url\":\"https:\\\/\\\/medicinasinc.com\\\/fr\\\/product\\\/acheter-1p-lsd-100mcg-buvards\\\/\",\"name\":\"Acheter des buvards 100mcg bon march\u00e9 1P-LSD - Best Global Meds\",\"isPartOf\":{\"@id\":\"https:\\\/\\\/medicinasinc.com\\\/fr\\\/#website\"},\"primaryImageOfPage\":{\"@id\":\"https:\\\/\\\/medicinasinc.com\\\/fr\\\/product\\\/acheter-1p-lsd-100mcg-buvards\\\/#primaryimage\"},\"image\":{\"@id\":\"https:\\\/\\\/medicinasinc.com\\\/fr\\\/product\\\/acheter-1p-lsd-100mcg-buvards\\\/#primaryimage\"},\"thumbnailUrl\":\"https:\\\/\\\/medicinasinc.com\\\/fr\\\/wp-content\\\/uploads\\\/sites\\\/5\\\/2022\\\/02\\\/Buy-1P-LSD-100mcg-Blotters-cheap-online.jpg\",\"datePublished\":\"2022-02-20T16:17:53+00:00\",\"dateModified\":\"2022-03-17T12:21:26+00:00\",\"description\":\"Commander des buvards 1P-LSD\u00a0? Les meilleurs produits chimiques de recherche - livraison rapide\u00a0! Achetez des buvards 1P-LSD avec Bitcoin, virement bancaire et plus encore.\",\"breadcrumb\":{\"@id\":\"https:\\\/\\\/medicinasinc.com\\\/fr\\\/product\\\/acheter-1p-lsd-100mcg-buvards\\\/#breadcrumb\"},\"inLanguage\":\"en-US\",\"potentialAction\":[{\"@type\":\"ReadAction\",\"target\":[\"https:\\\/\\\/medicinasinc.com\\\/fr\\\/product\\\/acheter-1p-lsd-100mcg-buvards\\\/\"]}]},{\"@type\":\"ImageObject\",\"inLanguage\":\"en-US\",\"@id\":\"https:\\\/\\\/medicinasinc.com\\\/fr\\\/product\\\/acheter-1p-lsd-100mcg-buvards\\\/#primaryimage\",\"url\":\"https:\\\/\\\/medicinasinc.com\\\/fr\\\/wp-content\\\/uploads\\\/sites\\\/5\\\/2022\\\/02\\\/Buy-1P-LSD-100mcg-Blotters-cheap-online.jpg\",\"contentUrl\":\"https:\\\/\\\/medicinasinc.com\\\/fr\\\/wp-content\\\/uploads\\\/sites\\\/5\\\/2022\\\/02\\\/Buy-1P-LSD-100mcg-Blotters-cheap-online.jpg\",\"width\":600,\"height\":600},{\"@type\":\"BreadcrumbList\",\"@id\":\"https:\\\/\\\/medicinasinc.com\\\/fr\\\/product\\\/acheter-1p-lsd-100mcg-buvards\\\/#breadcrumb\",\"itemListElement\":[{\"@type\":\"ListItem\",\"position\":1,\"name\":\"Boutique\",\"item\":\"https:\\\/\\\/medicinasinc.com\\\/fr\\\/boutique\\\/\"},{\"@type\":\"ListItem\",\"position\":2,\"name\":\"Acheter des buvards 1P-LSD 100mcg\"}]},{\"@type\":\"WebSite\",\"@id\":\"https:\\\/\\\/medicinasinc.com\\\/fr\\\/#website\",\"url\":\"https:\\\/\\\/medicinasinc.com\\\/fr\\\/\",\"name\":\"Medicinas Inc\",\"description\":\"Health Medical Clinic\",\"potentialAction\":[{\"@type\":\"SearchAction\",\"target\":{\"@type\":\"EntryPoint\",\"urlTemplate\":\"https:\\\/\\\/medicinasinc.com\\\/fr\\\/?s={search_term_string}\"},\"query-input\":{\"@type\":\"PropertyValueSpecification\",\"valueRequired\":true,\"valueName\":\"search_term_string\"}}],\"inLanguage\":\"en-US\"}]}<\/script>\n<!-- \/ Yoast SEO plugin. -->","yoast_head_json":{"title":"Acheter des buvards 100mcg bon march\u00e9 1P-LSD - Best Global Meds","description":"Commander des buvards 1P-LSD\u00a0? Les meilleurs produits chimiques de recherche - livraison rapide\u00a0! Achetez des buvards 1P-LSD avec Bitcoin, virement bancaire et plus encore.","robots":{"index":"index","follow":"follow","max-snippet":"max-snippet:-1","max-image-preview":"max-image-preview:large","max-video-preview":"max-video-preview:-1"},"canonical":"https:\/\/medicinasinc.com\/fr\/product\/acheter-1p-lsd-100mcg-buvards\/","og_locale":"en_US","og_type":"article","og_title":"Acheter des buvards 100mcg bon march\u00e9 1P-LSD - Best Global Meds","og_description":"Commander des buvards 1P-LSD\u00a0? Les meilleurs produits chimiques de recherche - livraison rapide\u00a0! Achetez des buvards 1P-LSD avec Bitcoin, virement bancaire et plus encore.","og_url":"https:\/\/medicinasinc.com\/fr\/product\/acheter-1p-lsd-100mcg-buvards\/","og_site_name":"Medicinas Inc","article_modified_time":"2022-03-17T12:21:26+00:00","og_image":[{"width":600,"height":600,"url":"https:\/\/medicinasinc.com\/fr\/wp-content\/uploads\/sites\/5\/2022\/02\/Buy-1P-LSD-100mcg-Blotters-cheap-online.jpg","type":"image\/jpeg"}],"twitter_card":"summary_large_image","twitter_misc":{"Est. reading time":"2 minutes"},"schema":{"@context":"https:\/\/schema.org","@graph":[{"@type":"WebPage","@id":"https:\/\/medicinasinc.com\/fr\/product\/acheter-1p-lsd-100mcg-buvards\/","url":"https:\/\/medicinasinc.com\/fr\/product\/acheter-1p-lsd-100mcg-buvards\/","name":"Acheter des buvards 100mcg bon march\u00e9 1P-LSD - Best Global Meds","isPartOf":{"@id":"https:\/\/medicinasinc.com\/fr\/#website"},"primaryImageOfPage":{"@id":"https:\/\/medicinasinc.com\/fr\/product\/acheter-1p-lsd-100mcg-buvards\/#primaryimage"},"image":{"@id":"https:\/\/medicinasinc.com\/fr\/product\/acheter-1p-lsd-100mcg-buvards\/#primaryimage"},"thumbnailUrl":"https:\/\/medicinasinc.com\/fr\/wp-content\/uploads\/sites\/5\/2022\/02\/Buy-1P-LSD-100mcg-Blotters-cheap-online.jpg","datePublished":"2022-02-20T16:17:53+00:00","dateModified":"2022-03-17T12:21:26+00:00","description":"Commander des buvards 1P-LSD\u00a0? Les meilleurs produits chimiques de recherche - livraison rapide\u00a0! Achetez des buvards 1P-LSD avec Bitcoin, virement bancaire et plus encore.","breadcrumb":{"@id":"https:\/\/medicinasinc.com\/fr\/product\/acheter-1p-lsd-100mcg-buvards\/#breadcrumb"},"inLanguage":"en-US","potentialAction":[{"@type":"ReadAction","target":["https:\/\/medicinasinc.com\/fr\/product\/acheter-1p-lsd-100mcg-buvards\/"]}]},{"@type":"ImageObject","inLanguage":"en-US","@id":"https:\/\/medicinasinc.com\/fr\/product\/acheter-1p-lsd-100mcg-buvards\/#primaryimage","url":"https:\/\/medicinasinc.com\/fr\/wp-content\/uploads\/sites\/5\/2022\/02\/Buy-1P-LSD-100mcg-Blotters-cheap-online.jpg","contentUrl":"https:\/\/medicinasinc.com\/fr\/wp-content\/uploads\/sites\/5\/2022\/02\/Buy-1P-LSD-100mcg-Blotters-cheap-online.jpg","width":600,"height":600},{"@type":"BreadcrumbList","@id":"https:\/\/medicinasinc.com\/fr\/product\/acheter-1p-lsd-100mcg-buvards\/#breadcrumb","itemListElement":[{"@type":"ListItem","position":1,"name":"Boutique","item":"https:\/\/medicinasinc.com\/fr\/boutique\/"},{"@type":"ListItem","position":2,"name":"Acheter des buvards 1P-LSD 100mcg"}]},{"@type":"WebSite","@id":"https:\/\/medicinasinc.com\/fr\/#website","url":"https:\/\/medicinasinc.com\/fr\/","name":"Medicinas Inc","description":"Health Medical Clinic","potentialAction":[{"@type":"SearchAction","target":{"@type":"EntryPoint","urlTemplate":"https:\/\/medicinasinc.com\/fr\/?s={search_term_string}"},"query-input":{"@type":"PropertyValueSpecification","valueRequired":true,"valueName":"search_term_string"}}],"inLanguage":"en-US"}]}},"_links":{"self":[{"href":"https:\/\/medicinasinc.com\/fr\/wp-json\/wp\/v2\/product\/4808","targetHints":{"allow":["GET"]}}],"collection":[{"href":"https:\/\/medicinasinc.com\/fr\/wp-json\/wp\/v2\/product"}],"about":[{"href":"https:\/\/medicinasinc.com\/fr\/wp-json\/wp\/v2\/types\/product"}],"replies":[{"embeddable":true,"href":"https:\/\/medicinasinc.com\/fr\/wp-json\/wp\/v2\/comments?post=4808"}],"wp:featuredmedia":[{"embeddable":true,"href":"https:\/\/medicinasinc.com\/fr\/wp-json\/wp\/v2\/media\/4821"}],"wp:attachment":[{"href":"https:\/\/medicinasinc.com\/fr\/wp-json\/wp\/v2\/media?parent=4808"}],"wp:term":[{"taxonomy":"product_brand","embeddable":true,"href":"https:\/\/medicinasinc.com\/fr\/wp-json\/wp\/v2\/product_brand?post=4808"},{"taxonomy":"product_cat","embeddable":true,"href":"https:\/\/medicinasinc.com\/fr\/wp-json\/wp\/v2\/product_cat?post=4808"},{"taxonomy":"product_tag","embeddable":true,"href":"https:\/\/medicinasinc.com\/fr\/wp-json\/wp\/v2\/product_tag?post=4808"}],"curies":[{"name":"wp","href":"https:\/\/api.w.org\/{rel}","templated":true}]}}