{"id":4794,"date":"2022-02-20T16:06:08","date_gmt":"2022-02-20T16:06:08","guid":{"rendered":"https:\/\/medicinasinc.com\/fr\/?post_type=product&#038;p=4794"},"modified":"2022-03-17T12:21:48","modified_gmt":"2022-03-17T12:21:48","slug":"acheter-nyc-diesel-budder-top-shelf","status":"publish","type":"product","link":"https:\/\/medicinasinc.com\/fr\/product\/acheter-nyc-diesel-budder-top-shelf\/","title":{"rendered":"Acheter NYC Diesel Budder \u2013 \u00c9tag\u00e8re sup\u00e9rieure"},"content":{"rendered":"<p>Acheter New York City Diesel Budder \u2013 Top Shelf<\/p>\n<p>NYC Diesel est une vari\u00e9t\u00e9 \u00e0 60\u00a0% Sativa qui est un croisement entre des g\u00e9n\u00e9tiques locales mexicaines et afghanes. Il sent fortement les pamplemousses acidul\u00e9s et les agrumes acides. NYC Diesel est une excellente vari\u00e9t\u00e9 de jour en raison de sa forte stimulation c\u00e9r\u00e9brale, qui favorise la clart\u00e9 mentale et la vigilance. En plus de ses effets \u00e9nergisants, NYC Diesel am\u00e9liore l&#8217;humeur et stimule la cr\u00e9ativit\u00e9, ce qui en fait un traitement efficace contre la d\u00e9pression. Au fil du temps, les effets de cette souche induisent un l\u00e9ger \u00e9tat de relaxation dans le corps, qui n&#8217;entra\u00eene pas de somnolence mais peut stimuler l&#8217;app\u00e9tit chez certains utilisateurs. L&#8217;utilisation la plus efficace de NYC Diesel est dans le traitement de l&#8217;anxi\u00e9t\u00e9\/anxi\u00e9t\u00e9 sociale, de la d\u00e9pression, de la douleur chronique, de la perte d&#8217;app\u00e9tit et de la mauvaise humeur.<\/p>\n","protected":false},"excerpt":{"rendered":"<p>Acheter NYC Diesel Budderl &#8211; Croisement entre les vari\u00e9t\u00e9s locales mexicaines et afghanes, cette vari\u00e9t\u00e9 \u00e0 dominance Sativa \u00e0 60\u00a0% est d\u00e9sormais disponible au meilleur prix.<\/p>\n<ul>\n<li>Exp\u00e9dition dans le monde entier<\/li>\n<li><strong>Un concentr\u00e9 compos\u00e9 de 97 -99\u00a0% de THC<\/strong><\/li>\n<li><strong>99\u00a0% de THC-A pur<\/strong><\/li>\n<li><strong>Contactez-nous<\/strong>\u00a0pour des commandes plus importantes<\/li>\n<\/ul>\n","protected":false},"featured_media":4807,"comment_status":"open","ping_status":"closed","template":"","meta":[],"product_brand":[],"product_cat":[702],"product_tag":[],"class_list":{"0":"post-4794","1":"product","2":"type-product","3":"status-publish","4":"has-post-thumbnail","6":"product_cat-acheter-de-la-cire-de-cannabis","8":"first","9":"instock","10":"shipping-taxable","11":"purchasable","12":"product-type-variable","13":"has-default-attributes"},"yoast_head":"<!-- This site is optimized with the Yoast SEO plugin v27.2 - https:\/\/yoast.com\/product\/yoast-seo-wordpress\/ -->\n<title>Acheter NYC Diesel Budder - Top Shelf - Best Best Global Meds<\/title>\n<meta name=\"description\" content=\"Acheter NYC Diesel Budderl - Un croisement entre des vari\u00e9t\u00e9s locales mexicaines et afghanes, est une vari\u00e9t\u00e9 \u00e0 dominance Sativa \u00e0 60 %, maintenant disponible \u00e0 la vente au meilleur prix.\" \/>\n<meta name=\"robots\" content=\"index, follow, max-snippet:-1, max-image-preview:large, max-video-preview:-1\" \/>\n<link rel=\"canonical\" href=\"https:\/\/medicinasinc.com\/fr\/product\/acheter-nyc-diesel-budder-top-shelf\/\" \/>\n<meta property=\"og:locale\" content=\"en_US\" \/>\n<meta property=\"og:type\" content=\"article\" \/>\n<meta property=\"og:title\" content=\"Acheter NYC Diesel Budder - Top Shelf - Best Best Global Meds\" \/>\n<meta property=\"og:description\" content=\"Acheter NYC Diesel Budderl - Un croisement entre des vari\u00e9t\u00e9s locales mexicaines et afghanes, est une vari\u00e9t\u00e9 \u00e0 dominance Sativa \u00e0 60 %, maintenant disponible \u00e0 la vente au meilleur prix.\" \/>\n<meta property=\"og:url\" content=\"https:\/\/medicinasinc.com\/fr\/product\/acheter-nyc-diesel-budder-top-shelf\/\" \/>\n<meta property=\"og:site_name\" content=\"Medicinas Inc\" \/>\n<meta property=\"article:modified_time\" content=\"2022-03-17T12:21:48+00:00\" \/>\n<meta property=\"og:image\" content=\"https:\/\/medicinasinc.com\/fr\/wp-content\/uploads\/sites\/5\/2022\/02\/Buy-NYC-Diesel-Budder..jpg\" \/>\n\t<meta property=\"og:image:width\" content=\"600\" \/>\n\t<meta property=\"og:image:height\" content=\"600\" \/>\n\t<meta property=\"og:image:type\" content=\"image\/jpeg\" \/>\n<meta name=\"twitter:card\" content=\"summary_large_image\" \/>\n<meta name=\"twitter:label1\" content=\"Est. reading time\" \/>\n\t<meta name=\"twitter:data1\" content=\"1 minute\" \/>\n<script type=\"application\/ld+json\" class=\"yoast-schema-graph\">{\"@context\":\"https:\/\/schema.org\",\"@graph\":[{\"@type\":\"WebPage\",\"@id\":\"https:\/\/medicinasinc.com\/fr\/product\/acheter-nyc-diesel-budder-top-shelf\/\",\"url\":\"https:\/\/medicinasinc.com\/fr\/product\/acheter-nyc-diesel-budder-top-shelf\/\",\"name\":\"Acheter NYC Diesel Budder - Top Shelf - Best Best Global Meds\",\"isPartOf\":{\"@id\":\"https:\/\/medicinasinc.com\/fr\/#website\"},\"primaryImageOfPage\":{\"@id\":\"https:\/\/medicinasinc.com\/fr\/product\/acheter-nyc-diesel-budder-top-shelf\/#primaryimage\"},\"image\":{\"@id\":\"https:\/\/medicinasinc.com\/fr\/product\/acheter-nyc-diesel-budder-top-shelf\/#primaryimage\"},\"thumbnailUrl\":\"https:\/\/medicinasinc.com\/fr\/wp-content\/uploads\/sites\/5\/2022\/02\/Buy-NYC-Diesel-Budder..jpg\",\"datePublished\":\"2022-02-20T16:06:08+00:00\",\"dateModified\":\"2022-03-17T12:21:48+00:00\",\"description\":\"Acheter NYC Diesel Budderl - Un croisement entre des vari\u00e9t\u00e9s locales mexicaines et afghanes, est une vari\u00e9t\u00e9 \u00e0 dominance Sativa \u00e0 60 %, maintenant disponible \u00e0 la vente au meilleur prix.\",\"breadcrumb\":{\"@id\":\"https:\/\/medicinasinc.com\/fr\/product\/acheter-nyc-diesel-budder-top-shelf\/#breadcrumb\"},\"inLanguage\":\"en-US\",\"potentialAction\":[{\"@type\":\"ReadAction\",\"target\":[\"https:\/\/medicinasinc.com\/fr\/product\/acheter-nyc-diesel-budder-top-shelf\/\"]}]},{\"@type\":\"ImageObject\",\"inLanguage\":\"en-US\",\"@id\":\"https:\/\/medicinasinc.com\/fr\/product\/acheter-nyc-diesel-budder-top-shelf\/#primaryimage\",\"url\":\"https:\/\/medicinasinc.com\/fr\/wp-content\/uploads\/sites\/5\/2022\/02\/Buy-NYC-Diesel-Budder..jpg\",\"contentUrl\":\"https:\/\/medicinasinc.com\/fr\/wp-content\/uploads\/sites\/5\/2022\/02\/Buy-NYC-Diesel-Budder..jpg\",\"width\":600,\"height\":600},{\"@type\":\"BreadcrumbList\",\"@id\":\"https:\/\/medicinasinc.com\/fr\/product\/acheter-nyc-diesel-budder-top-shelf\/#breadcrumb\",\"itemListElement\":[{\"@type\":\"ListItem\",\"position\":1,\"name\":\"Boutique\",\"item\":\"https:\/\/medicinasinc.com\/fr\/boutique\/\"},{\"@type\":\"ListItem\",\"position\":2,\"name\":\"Acheter NYC Diesel Budder \u2013 \u00c9tag\u00e8re sup\u00e9rieure\"}]},{\"@type\":\"WebSite\",\"@id\":\"https:\/\/medicinasinc.com\/fr\/#website\",\"url\":\"https:\/\/medicinasinc.com\/fr\/\",\"name\":\"Medicinas Inc\",\"description\":\"Health Medical Clinic\",\"potentialAction\":[{\"@type\":\"SearchAction\",\"target\":{\"@type\":\"EntryPoint\",\"urlTemplate\":\"https:\/\/medicinasinc.com\/fr\/?s={search_term_string}\"},\"query-input\":{\"@type\":\"PropertyValueSpecification\",\"valueRequired\":true,\"valueName\":\"search_term_string\"}}],\"inLanguage\":\"en-US\"}]}<\/script>\n<!-- \/ Yoast SEO plugin. -->","yoast_head_json":{"title":"Acheter NYC Diesel Budder - Top Shelf - Best Best Global Meds","description":"Acheter NYC Diesel Budderl - Un croisement entre des vari\u00e9t\u00e9s locales mexicaines et afghanes, est une vari\u00e9t\u00e9 \u00e0 dominance Sativa \u00e0 60 %, maintenant disponible \u00e0 la vente au meilleur prix.","robots":{"index":"index","follow":"follow","max-snippet":"max-snippet:-1","max-image-preview":"max-image-preview:large","max-video-preview":"max-video-preview:-1"},"canonical":"https:\/\/medicinasinc.com\/fr\/product\/acheter-nyc-diesel-budder-top-shelf\/","og_locale":"en_US","og_type":"article","og_title":"Acheter NYC Diesel Budder - Top Shelf - Best Best Global Meds","og_description":"Acheter NYC Diesel Budderl - Un croisement entre des vari\u00e9t\u00e9s locales mexicaines et afghanes, est une vari\u00e9t\u00e9 \u00e0 dominance Sativa \u00e0 60 %, maintenant disponible \u00e0 la vente au meilleur prix.","og_url":"https:\/\/medicinasinc.com\/fr\/product\/acheter-nyc-diesel-budder-top-shelf\/","og_site_name":"Medicinas Inc","article_modified_time":"2022-03-17T12:21:48+00:00","og_image":[{"width":600,"height":600,"url":"https:\/\/medicinasinc.com\/fr\/wp-content\/uploads\/sites\/5\/2022\/02\/Buy-NYC-Diesel-Budder..jpg","type":"image\/jpeg"}],"twitter_card":"summary_large_image","twitter_misc":{"Est. reading time":"1 minute"},"schema":{"@context":"https:\/\/schema.org","@graph":[{"@type":"WebPage","@id":"https:\/\/medicinasinc.com\/fr\/product\/acheter-nyc-diesel-budder-top-shelf\/","url":"https:\/\/medicinasinc.com\/fr\/product\/acheter-nyc-diesel-budder-top-shelf\/","name":"Acheter NYC Diesel Budder - Top Shelf - Best Best Global Meds","isPartOf":{"@id":"https:\/\/medicinasinc.com\/fr\/#website"},"primaryImageOfPage":{"@id":"https:\/\/medicinasinc.com\/fr\/product\/acheter-nyc-diesel-budder-top-shelf\/#primaryimage"},"image":{"@id":"https:\/\/medicinasinc.com\/fr\/product\/acheter-nyc-diesel-budder-top-shelf\/#primaryimage"},"thumbnailUrl":"https:\/\/medicinasinc.com\/fr\/wp-content\/uploads\/sites\/5\/2022\/02\/Buy-NYC-Diesel-Budder..jpg","datePublished":"2022-02-20T16:06:08+00:00","dateModified":"2022-03-17T12:21:48+00:00","description":"Acheter NYC Diesel Budderl - Un croisement entre des vari\u00e9t\u00e9s locales mexicaines et afghanes, est une vari\u00e9t\u00e9 \u00e0 dominance Sativa \u00e0 60 %, maintenant disponible \u00e0 la vente au meilleur prix.","breadcrumb":{"@id":"https:\/\/medicinasinc.com\/fr\/product\/acheter-nyc-diesel-budder-top-shelf\/#breadcrumb"},"inLanguage":"en-US","potentialAction":[{"@type":"ReadAction","target":["https:\/\/medicinasinc.com\/fr\/product\/acheter-nyc-diesel-budder-top-shelf\/"]}]},{"@type":"ImageObject","inLanguage":"en-US","@id":"https:\/\/medicinasinc.com\/fr\/product\/acheter-nyc-diesel-budder-top-shelf\/#primaryimage","url":"https:\/\/medicinasinc.com\/fr\/wp-content\/uploads\/sites\/5\/2022\/02\/Buy-NYC-Diesel-Budder..jpg","contentUrl":"https:\/\/medicinasinc.com\/fr\/wp-content\/uploads\/sites\/5\/2022\/02\/Buy-NYC-Diesel-Budder..jpg","width":600,"height":600},{"@type":"BreadcrumbList","@id":"https:\/\/medicinasinc.com\/fr\/product\/acheter-nyc-diesel-budder-top-shelf\/#breadcrumb","itemListElement":[{"@type":"ListItem","position":1,"name":"Boutique","item":"https:\/\/medicinasinc.com\/fr\/boutique\/"},{"@type":"ListItem","position":2,"name":"Acheter NYC Diesel Budder \u2013 \u00c9tag\u00e8re sup\u00e9rieure"}]},{"@type":"WebSite","@id":"https:\/\/medicinasinc.com\/fr\/#website","url":"https:\/\/medicinasinc.com\/fr\/","name":"Medicinas Inc","description":"Health Medical Clinic","potentialAction":[{"@type":"SearchAction","target":{"@type":"EntryPoint","urlTemplate":"https:\/\/medicinasinc.com\/fr\/?s={search_term_string}"},"query-input":{"@type":"PropertyValueSpecification","valueRequired":true,"valueName":"search_term_string"}}],"inLanguage":"en-US"}]}},"_links":{"self":[{"href":"https:\/\/medicinasinc.com\/fr\/wp-json\/wp\/v2\/product\/4794","targetHints":{"allow":["GET"]}}],"collection":[{"href":"https:\/\/medicinasinc.com\/fr\/wp-json\/wp\/v2\/product"}],"about":[{"href":"https:\/\/medicinasinc.com\/fr\/wp-json\/wp\/v2\/types\/product"}],"replies":[{"embeddable":true,"href":"https:\/\/medicinasinc.com\/fr\/wp-json\/wp\/v2\/comments?post=4794"}],"wp:featuredmedia":[{"embeddable":true,"href":"https:\/\/medicinasinc.com\/fr\/wp-json\/wp\/v2\/media\/4807"}],"wp:attachment":[{"href":"https:\/\/medicinasinc.com\/fr\/wp-json\/wp\/v2\/media?parent=4794"}],"wp:term":[{"taxonomy":"product_brand","embeddable":true,"href":"https:\/\/medicinasinc.com\/fr\/wp-json\/wp\/v2\/product_brand?post=4794"},{"taxonomy":"product_cat","embeddable":true,"href":"https:\/\/medicinasinc.com\/fr\/wp-json\/wp\/v2\/product_cat?post=4794"},{"taxonomy":"product_tag","embeddable":true,"href":"https:\/\/medicinasinc.com\/fr\/wp-json\/wp\/v2\/product_tag?post=4794"}],"curies":[{"name":"wp","href":"https:\/\/api.w.org\/{rel}","templated":true}]}}