{"id":4780,"date":"2022-02-20T15:56:42","date_gmt":"2022-02-20T15:56:42","guid":{"rendered":"https:\/\/medicinasinc.com\/fr\/?post_type=product&#038;p=4780"},"modified":"2022-03-17T12:21:58","modified_gmt":"2022-03-17T12:21:58","slug":"acheter-greasy-pink-bubba-budder-top-shelf","status":"publish","type":"product","link":"https:\/\/medicinasinc.com\/fr\/product\/acheter-greasy-pink-bubba-budder-top-shelf\/","title":{"rendered":"Acheter Greasy Pink Bubba Budder \u2013 \u00c9tag\u00e8re sup\u00e9rieure"},"content":{"rendered":"<p>Achetez Greasy Pink Bubba Budder chez un d\u00e9taillant haut de gamme.<\/p>\n<p>&#8216;Greasy&#8217; Pink Bubba est principalement une vari\u00e9t\u00e9 Indica d\u00e9riv\u00e9e de la g\u00e9n\u00e9tique Pink Kush et Bubba Kush. Peut-\u00eatre mieux appr\u00e9ci\u00e9 le soir, &#8220;Greasy&#8221; Pink Bubba offre une puissante dose de relaxation physique qui soulage instantan\u00e9ment les courbatures et les douleurs. Cette relaxation tranquille s&#8217;accompagne d&#8217;une euphorie tranquille, ber\u00e7ant progressivement l&#8217;utilisateur dans un \u00e9tat de r\u00eaverie et de paix. Les effets de &#8216;Greasy&#8217; Pink Bubba s&#8217;installent progressivement sur l&#8217;utilisateur, ber\u00e7ant doucement l&#8217;utilisateur dans ces effets d\u00e9licieusement relaxants. Cette vari\u00e9t\u00e9 a un ar\u00f4me Kush classique, avec des nuances terreuses et roses et des notes florales qui persistent en bouche. Pink Bubba &#8216;Greasy&#8217; peut \u00eatre utilis\u00e9 pour traiter une vari\u00e9t\u00e9 de conditions m\u00e9dicales, y compris la d\u00e9pression, l&#8217;anxi\u00e9t\u00e9, le stress chronique, les naus\u00e9es, la douleur et l&#8217;inflammation chroniques, les migraines\/maux de t\u00eate et l&#8217;insomnie.<\/p>\n","protected":false},"excerpt":{"rendered":"<p>Achetez Greasy Pink Bubba Budder chez un d\u00e9taillant Top Shelf.<\/p>\n<p>&nbsp;<\/p>\n<ul>\n<li>Exp\u00e9dition dans le monde entier<\/li>\n<li>La quantit\u00e9 minimum de commande est de <strong> 3<\/strong><\/li>\n<li><strong>Contactez-nous<\/strong>\u00a0pour des commandes plus importantes<\/li>\n<\/ul>\n","protected":false},"featured_media":4795,"comment_status":"open","ping_status":"closed","template":"","meta":[],"product_brand":[],"product_cat":[702],"product_tag":[],"class_list":{"0":"post-4780","1":"product","2":"type-product","3":"status-publish","4":"has-post-thumbnail","6":"product_cat-acheter-de-la-cire-de-cannabis","8":"first","9":"instock","10":"shipping-taxable","11":"purchasable","12":"product-type-variable","13":"has-default-attributes"},"yoast_head":"<!-- This site is optimized with the Yoast SEO plugin v27.3 - https:\/\/yoast.com\/product\/yoast-seo-wordpress\/ -->\n<title>Acheter Greasy Pink Bubba Budder \u2013 \u00c9tag\u00e8re sup\u00e9rieure - Medicinas Inc<\/title>\n<meta name=\"description\" content=\"Achetez Greasy Pink Bubba Budder chez un d\u00e9taillant Top Shelf.\" \/>\n<meta name=\"robots\" content=\"index, follow, max-snippet:-1, max-image-preview:large, max-video-preview:-1\" \/>\n<link rel=\"canonical\" href=\"https:\/\/medicinasinc.com\/fr\/product\/acheter-greasy-pink-bubba-budder-top-shelf\/\" \/>\n<meta property=\"og:locale\" content=\"en_US\" \/>\n<meta property=\"og:type\" content=\"article\" \/>\n<meta property=\"og:title\" content=\"Acheter Greasy Pink Bubba Budder \u2013 \u00c9tag\u00e8re sup\u00e9rieure - Medicinas Inc\" \/>\n<meta property=\"og:description\" content=\"Achetez Greasy Pink Bubba Budder chez un d\u00e9taillant Top Shelf.\" \/>\n<meta property=\"og:url\" content=\"https:\/\/medicinasinc.com\/fr\/product\/acheter-greasy-pink-bubba-budder-top-shelf\/\" \/>\n<meta property=\"og:site_name\" content=\"Medicinas Inc\" \/>\n<meta property=\"article:modified_time\" content=\"2022-03-17T12:21:58+00:00\" \/>\n<meta property=\"og:image\" content=\"https:\/\/medicinasinc.com\/fr\/wp-content\/uploads\/sites\/5\/2022\/02\/Buy-Greasy-Pink-Bubba-Budder.jpg\" \/>\n\t<meta property=\"og:image:width\" content=\"600\" \/>\n\t<meta property=\"og:image:height\" content=\"600\" \/>\n\t<meta property=\"og:image:type\" content=\"image\/jpeg\" \/>\n<meta name=\"twitter:card\" content=\"summary_large_image\" \/>\n<meta name=\"twitter:label1\" content=\"Est. reading time\" \/>\n\t<meta name=\"twitter:data1\" content=\"1 minute\" \/>\n<script type=\"application\/ld+json\" class=\"yoast-schema-graph\">{\"@context\":\"https:\\\/\\\/schema.org\",\"@graph\":[{\"@type\":\"WebPage\",\"@id\":\"https:\\\/\\\/medicinasinc.com\\\/fr\\\/product\\\/acheter-greasy-pink-bubba-budder-top-shelf\\\/\",\"url\":\"https:\\\/\\\/medicinasinc.com\\\/fr\\\/product\\\/acheter-greasy-pink-bubba-budder-top-shelf\\\/\",\"name\":\"Acheter Greasy Pink Bubba Budder \u2013 \u00c9tag\u00e8re sup\u00e9rieure - Medicinas Inc\",\"isPartOf\":{\"@id\":\"https:\\\/\\\/medicinasinc.com\\\/fr\\\/#website\"},\"primaryImageOfPage\":{\"@id\":\"https:\\\/\\\/medicinasinc.com\\\/fr\\\/product\\\/acheter-greasy-pink-bubba-budder-top-shelf\\\/#primaryimage\"},\"image\":{\"@id\":\"https:\\\/\\\/medicinasinc.com\\\/fr\\\/product\\\/acheter-greasy-pink-bubba-budder-top-shelf\\\/#primaryimage\"},\"thumbnailUrl\":\"https:\\\/\\\/medicinasinc.com\\\/fr\\\/wp-content\\\/uploads\\\/sites\\\/5\\\/2022\\\/02\\\/Buy-Greasy-Pink-Bubba-Budder.jpg\",\"datePublished\":\"2022-02-20T15:56:42+00:00\",\"dateModified\":\"2022-03-17T12:21:58+00:00\",\"description\":\"Achetez Greasy Pink Bubba Budder chez un d\u00e9taillant Top Shelf.\",\"breadcrumb\":{\"@id\":\"https:\\\/\\\/medicinasinc.com\\\/fr\\\/product\\\/acheter-greasy-pink-bubba-budder-top-shelf\\\/#breadcrumb\"},\"inLanguage\":\"en-US\",\"potentialAction\":[{\"@type\":\"ReadAction\",\"target\":[\"https:\\\/\\\/medicinasinc.com\\\/fr\\\/product\\\/acheter-greasy-pink-bubba-budder-top-shelf\\\/\"]}]},{\"@type\":\"ImageObject\",\"inLanguage\":\"en-US\",\"@id\":\"https:\\\/\\\/medicinasinc.com\\\/fr\\\/product\\\/acheter-greasy-pink-bubba-budder-top-shelf\\\/#primaryimage\",\"url\":\"https:\\\/\\\/medicinasinc.com\\\/fr\\\/wp-content\\\/uploads\\\/sites\\\/5\\\/2022\\\/02\\\/Buy-Greasy-Pink-Bubba-Budder.jpg\",\"contentUrl\":\"https:\\\/\\\/medicinasinc.com\\\/fr\\\/wp-content\\\/uploads\\\/sites\\\/5\\\/2022\\\/02\\\/Buy-Greasy-Pink-Bubba-Budder.jpg\",\"width\":600,\"height\":600},{\"@type\":\"BreadcrumbList\",\"@id\":\"https:\\\/\\\/medicinasinc.com\\\/fr\\\/product\\\/acheter-greasy-pink-bubba-budder-top-shelf\\\/#breadcrumb\",\"itemListElement\":[{\"@type\":\"ListItem\",\"position\":1,\"name\":\"Boutique\",\"item\":\"https:\\\/\\\/medicinasinc.com\\\/fr\\\/boutique\\\/\"},{\"@type\":\"ListItem\",\"position\":2,\"name\":\"Acheter Greasy Pink Bubba Budder \u2013 \u00c9tag\u00e8re sup\u00e9rieure\"}]},{\"@type\":\"WebSite\",\"@id\":\"https:\\\/\\\/medicinasinc.com\\\/fr\\\/#website\",\"url\":\"https:\\\/\\\/medicinasinc.com\\\/fr\\\/\",\"name\":\"Medicinas Inc\",\"description\":\"Health Medical Clinic\",\"potentialAction\":[{\"@type\":\"SearchAction\",\"target\":{\"@type\":\"EntryPoint\",\"urlTemplate\":\"https:\\\/\\\/medicinasinc.com\\\/fr\\\/?s={search_term_string}\"},\"query-input\":{\"@type\":\"PropertyValueSpecification\",\"valueRequired\":true,\"valueName\":\"search_term_string\"}}],\"inLanguage\":\"en-US\"}]}<\/script>\n<!-- \/ Yoast SEO plugin. -->","yoast_head_json":{"title":"Acheter Greasy Pink Bubba Budder \u2013 \u00c9tag\u00e8re sup\u00e9rieure - Medicinas Inc","description":"Achetez Greasy Pink Bubba Budder chez un d\u00e9taillant Top Shelf.","robots":{"index":"index","follow":"follow","max-snippet":"max-snippet:-1","max-image-preview":"max-image-preview:large","max-video-preview":"max-video-preview:-1"},"canonical":"https:\/\/medicinasinc.com\/fr\/product\/acheter-greasy-pink-bubba-budder-top-shelf\/","og_locale":"en_US","og_type":"article","og_title":"Acheter Greasy Pink Bubba Budder \u2013 \u00c9tag\u00e8re sup\u00e9rieure - Medicinas Inc","og_description":"Achetez Greasy Pink Bubba Budder chez un d\u00e9taillant Top Shelf.","og_url":"https:\/\/medicinasinc.com\/fr\/product\/acheter-greasy-pink-bubba-budder-top-shelf\/","og_site_name":"Medicinas Inc","article_modified_time":"2022-03-17T12:21:58+00:00","og_image":[{"width":600,"height":600,"url":"https:\/\/medicinasinc.com\/fr\/wp-content\/uploads\/sites\/5\/2022\/02\/Buy-Greasy-Pink-Bubba-Budder.jpg","type":"image\/jpeg"}],"twitter_card":"summary_large_image","twitter_misc":{"Est. reading time":"1 minute"},"schema":{"@context":"https:\/\/schema.org","@graph":[{"@type":"WebPage","@id":"https:\/\/medicinasinc.com\/fr\/product\/acheter-greasy-pink-bubba-budder-top-shelf\/","url":"https:\/\/medicinasinc.com\/fr\/product\/acheter-greasy-pink-bubba-budder-top-shelf\/","name":"Acheter Greasy Pink Bubba Budder \u2013 \u00c9tag\u00e8re sup\u00e9rieure - Medicinas Inc","isPartOf":{"@id":"https:\/\/medicinasinc.com\/fr\/#website"},"primaryImageOfPage":{"@id":"https:\/\/medicinasinc.com\/fr\/product\/acheter-greasy-pink-bubba-budder-top-shelf\/#primaryimage"},"image":{"@id":"https:\/\/medicinasinc.com\/fr\/product\/acheter-greasy-pink-bubba-budder-top-shelf\/#primaryimage"},"thumbnailUrl":"https:\/\/medicinasinc.com\/fr\/wp-content\/uploads\/sites\/5\/2022\/02\/Buy-Greasy-Pink-Bubba-Budder.jpg","datePublished":"2022-02-20T15:56:42+00:00","dateModified":"2022-03-17T12:21:58+00:00","description":"Achetez Greasy Pink Bubba Budder chez un d\u00e9taillant Top Shelf.","breadcrumb":{"@id":"https:\/\/medicinasinc.com\/fr\/product\/acheter-greasy-pink-bubba-budder-top-shelf\/#breadcrumb"},"inLanguage":"en-US","potentialAction":[{"@type":"ReadAction","target":["https:\/\/medicinasinc.com\/fr\/product\/acheter-greasy-pink-bubba-budder-top-shelf\/"]}]},{"@type":"ImageObject","inLanguage":"en-US","@id":"https:\/\/medicinasinc.com\/fr\/product\/acheter-greasy-pink-bubba-budder-top-shelf\/#primaryimage","url":"https:\/\/medicinasinc.com\/fr\/wp-content\/uploads\/sites\/5\/2022\/02\/Buy-Greasy-Pink-Bubba-Budder.jpg","contentUrl":"https:\/\/medicinasinc.com\/fr\/wp-content\/uploads\/sites\/5\/2022\/02\/Buy-Greasy-Pink-Bubba-Budder.jpg","width":600,"height":600},{"@type":"BreadcrumbList","@id":"https:\/\/medicinasinc.com\/fr\/product\/acheter-greasy-pink-bubba-budder-top-shelf\/#breadcrumb","itemListElement":[{"@type":"ListItem","position":1,"name":"Boutique","item":"https:\/\/medicinasinc.com\/fr\/boutique\/"},{"@type":"ListItem","position":2,"name":"Acheter Greasy Pink Bubba Budder \u2013 \u00c9tag\u00e8re sup\u00e9rieure"}]},{"@type":"WebSite","@id":"https:\/\/medicinasinc.com\/fr\/#website","url":"https:\/\/medicinasinc.com\/fr\/","name":"Medicinas Inc","description":"Health Medical Clinic","potentialAction":[{"@type":"SearchAction","target":{"@type":"EntryPoint","urlTemplate":"https:\/\/medicinasinc.com\/fr\/?s={search_term_string}"},"query-input":{"@type":"PropertyValueSpecification","valueRequired":true,"valueName":"search_term_string"}}],"inLanguage":"en-US"}]}},"_links":{"self":[{"href":"https:\/\/medicinasinc.com\/fr\/wp-json\/wp\/v2\/product\/4780","targetHints":{"allow":["GET"]}}],"collection":[{"href":"https:\/\/medicinasinc.com\/fr\/wp-json\/wp\/v2\/product"}],"about":[{"href":"https:\/\/medicinasinc.com\/fr\/wp-json\/wp\/v2\/types\/product"}],"replies":[{"embeddable":true,"href":"https:\/\/medicinasinc.com\/fr\/wp-json\/wp\/v2\/comments?post=4780"}],"wp:featuredmedia":[{"embeddable":true,"href":"https:\/\/medicinasinc.com\/fr\/wp-json\/wp\/v2\/media\/4795"}],"wp:attachment":[{"href":"https:\/\/medicinasinc.com\/fr\/wp-json\/wp\/v2\/media?parent=4780"}],"wp:term":[{"taxonomy":"product_brand","embeddable":true,"href":"https:\/\/medicinasinc.com\/fr\/wp-json\/wp\/v2\/product_brand?post=4780"},{"taxonomy":"product_cat","embeddable":true,"href":"https:\/\/medicinasinc.com\/fr\/wp-json\/wp\/v2\/product_cat?post=4780"},{"taxonomy":"product_tag","embeddable":true,"href":"https:\/\/medicinasinc.com\/fr\/wp-json\/wp\/v2\/product_tag?post=4780"}],"curies":[{"name":"wp","href":"https:\/\/api.w.org\/{rel}","templated":true}]}}