{"id":4779,"date":"2022-02-20T15:55:42","date_gmt":"2022-02-20T15:55:42","guid":{"rendered":"https:\/\/medicinasinc.com\/fr\/?post_type=product&#038;p=4779"},"modified":"2022-03-17T12:22:08","modified_gmt":"2022-03-17T12:22:08","slug":"acheter-alaskan-thunder-fuck-budder-top-shelf","status":"publish","type":"product","link":"https:\/\/medicinasinc.com\/fr\/product\/acheter-alaskan-thunder-fuck-budder-top-shelf\/","title":{"rendered":"Acheter Alaskan Thunder Fuck Budder \u2013 Top Shelf"},"content":{"rendered":"<p>Acheter Alaskan Thunder Fuck Budder \u2013 Qualit\u00e9 sup\u00e9rieure<\/p>\n<p>Alaskan Thunder Fuck, en abr\u00e9g\u00e9 ATF, Matanuska Thunder Fuck ou Matanuska Tundra, est une rare vari\u00e9t\u00e9 \u00e0 dominante sativa originaire de la vall\u00e9e de Matanuska en Alaska. On pense qu&#8217;elle est n\u00e9e d&#8217;un croisement entre une sativa du nord de la Californie et une ruderalis russe, avant d&#8217;\u00eatre crois\u00e9e avec des g\u00e9n\u00e9tiques afghanes \u00e0 la fin des ann\u00e9es 1970. Cette vari\u00e9t\u00e9 a un ar\u00f4me piquant qui m\u00e9lange le pin et le citron avec des notes de skunk et de menthol. L&#8217;ATF est ador\u00e9 pour ses propri\u00e9t\u00e9s stimulantes de l&#8217;app\u00e9tit et ses propri\u00e9t\u00e9s de liane. Le high ATF commence par une pouss\u00e9e de stimulation c\u00e9r\u00e9brale, qui favorise l&#8217;interaction sociale et la cr\u00e9ativit\u00e9. Au fur et \u00e0 mesure que l&#8217;intensit\u00e9 de l&#8217;euphorie augmente, le corps commence \u00e0 se d\u00e9tendre et la faim s&#8217;installe. Alaskan Thunder Fuck peut \u00eatre utilis\u00e9 pour traiter le stress chronique, la d\u00e9pression et la douleur l\u00e9g\u00e8re \u00e0 mod\u00e9r\u00e9e.<\/p>\n","protected":false},"excerpt":{"rendered":"<p>Achetez Alaskan Thunder Fuck Budder \u2013 Qualit\u00e9 sup\u00e9rieure<\/p>\n<p>&nbsp;<\/p>\n<ul>\n<li>Exp\u00e9dition dans le monde entier<\/li>\n<li>La quantit\u00e9 minimum de commande est de <strong>3<\/strong><\/li>\n<li><strong>Contactez-nous<\/strong>\u00a0pour des commandes plus importantes<\/li>\n<\/ul>\n","protected":false},"featured_media":4793,"comment_status":"open","ping_status":"closed","template":"","meta":[],"product_brand":[],"product_cat":[702],"product_tag":[],"class_list":{"0":"post-4779","1":"product","2":"type-product","3":"status-publish","4":"has-post-thumbnail","6":"product_cat-acheter-de-la-cire-de-cannabis","8":"first","9":"instock","10":"shipping-taxable","11":"purchasable","12":"product-type-variable","13":"has-default-attributes"},"yoast_head":"<!-- This site is optimized with the Yoast SEO plugin v27.3 - https:\/\/yoast.com\/product\/yoast-seo-wordpress\/ -->\n<title>Acheter Alaskan Thunder Fuck Budder \u2013 Top Shelf - Medicinas Inc<\/title>\n<meta name=\"description\" content=\"Acheter Alaskan Thunder Fuck Budder \u2013 Qualit\u00e9 Premium\" \/>\n<meta name=\"robots\" content=\"index, follow, max-snippet:-1, max-image-preview:large, max-video-preview:-1\" \/>\n<link rel=\"canonical\" href=\"https:\/\/medicinasinc.com\/fr\/product\/acheter-alaskan-thunder-fuck-budder-top-shelf\/\" \/>\n<meta property=\"og:locale\" content=\"en_US\" \/>\n<meta property=\"og:type\" content=\"article\" \/>\n<meta property=\"og:title\" content=\"Acheter Alaskan Thunder Fuck Budder \u2013 Top Shelf - Medicinas Inc\" \/>\n<meta property=\"og:description\" content=\"Acheter Alaskan Thunder Fuck Budder \u2013 Qualit\u00e9 Premium\" \/>\n<meta property=\"og:url\" content=\"https:\/\/medicinasinc.com\/fr\/product\/acheter-alaskan-thunder-fuck-budder-top-shelf\/\" \/>\n<meta property=\"og:site_name\" content=\"Medicinas Inc\" \/>\n<meta property=\"article:modified_time\" content=\"2022-03-17T12:22:08+00:00\" \/>\n<meta property=\"og:image\" content=\"https:\/\/medicinasinc.com\/fr\/wp-content\/uploads\/sites\/5\/2022\/02\/Buy-Alaskan-Thunder-Fuck-Budder.jpg\" \/>\n\t<meta property=\"og:image:width\" content=\"600\" \/>\n\t<meta property=\"og:image:height\" content=\"600\" \/>\n\t<meta property=\"og:image:type\" content=\"image\/jpeg\" \/>\n<meta name=\"twitter:card\" content=\"summary_large_image\" \/>\n<meta name=\"twitter:label1\" content=\"Est. reading time\" \/>\n\t<meta name=\"twitter:data1\" content=\"1 minute\" \/>\n<script type=\"application\/ld+json\" class=\"yoast-schema-graph\">{\"@context\":\"https:\\\/\\\/schema.org\",\"@graph\":[{\"@type\":\"WebPage\",\"@id\":\"https:\\\/\\\/medicinasinc.com\\\/fr\\\/product\\\/acheter-alaskan-thunder-fuck-budder-top-shelf\\\/\",\"url\":\"https:\\\/\\\/medicinasinc.com\\\/fr\\\/product\\\/acheter-alaskan-thunder-fuck-budder-top-shelf\\\/\",\"name\":\"Acheter Alaskan Thunder Fuck Budder \u2013 Top Shelf - Medicinas Inc\",\"isPartOf\":{\"@id\":\"https:\\\/\\\/medicinasinc.com\\\/fr\\\/#website\"},\"primaryImageOfPage\":{\"@id\":\"https:\\\/\\\/medicinasinc.com\\\/fr\\\/product\\\/acheter-alaskan-thunder-fuck-budder-top-shelf\\\/#primaryimage\"},\"image\":{\"@id\":\"https:\\\/\\\/medicinasinc.com\\\/fr\\\/product\\\/acheter-alaskan-thunder-fuck-budder-top-shelf\\\/#primaryimage\"},\"thumbnailUrl\":\"https:\\\/\\\/medicinasinc.com\\\/fr\\\/wp-content\\\/uploads\\\/sites\\\/5\\\/2022\\\/02\\\/Buy-Alaskan-Thunder-Fuck-Budder.jpg\",\"datePublished\":\"2022-02-20T15:55:42+00:00\",\"dateModified\":\"2022-03-17T12:22:08+00:00\",\"description\":\"Acheter Alaskan Thunder Fuck Budder \u2013 Qualit\u00e9 Premium\",\"breadcrumb\":{\"@id\":\"https:\\\/\\\/medicinasinc.com\\\/fr\\\/product\\\/acheter-alaskan-thunder-fuck-budder-top-shelf\\\/#breadcrumb\"},\"inLanguage\":\"en-US\",\"potentialAction\":[{\"@type\":\"ReadAction\",\"target\":[\"https:\\\/\\\/medicinasinc.com\\\/fr\\\/product\\\/acheter-alaskan-thunder-fuck-budder-top-shelf\\\/\"]}]},{\"@type\":\"ImageObject\",\"inLanguage\":\"en-US\",\"@id\":\"https:\\\/\\\/medicinasinc.com\\\/fr\\\/product\\\/acheter-alaskan-thunder-fuck-budder-top-shelf\\\/#primaryimage\",\"url\":\"https:\\\/\\\/medicinasinc.com\\\/fr\\\/wp-content\\\/uploads\\\/sites\\\/5\\\/2022\\\/02\\\/Buy-Alaskan-Thunder-Fuck-Budder.jpg\",\"contentUrl\":\"https:\\\/\\\/medicinasinc.com\\\/fr\\\/wp-content\\\/uploads\\\/sites\\\/5\\\/2022\\\/02\\\/Buy-Alaskan-Thunder-Fuck-Budder.jpg\",\"width\":600,\"height\":600},{\"@type\":\"BreadcrumbList\",\"@id\":\"https:\\\/\\\/medicinasinc.com\\\/fr\\\/product\\\/acheter-alaskan-thunder-fuck-budder-top-shelf\\\/#breadcrumb\",\"itemListElement\":[{\"@type\":\"ListItem\",\"position\":1,\"name\":\"Boutique\",\"item\":\"https:\\\/\\\/medicinasinc.com\\\/fr\\\/boutique\\\/\"},{\"@type\":\"ListItem\",\"position\":2,\"name\":\"Acheter Alaskan Thunder Fuck Budder \u2013 Top Shelf\"}]},{\"@type\":\"WebSite\",\"@id\":\"https:\\\/\\\/medicinasinc.com\\\/fr\\\/#website\",\"url\":\"https:\\\/\\\/medicinasinc.com\\\/fr\\\/\",\"name\":\"Medicinas Inc\",\"description\":\"Health Medical Clinic\",\"potentialAction\":[{\"@type\":\"SearchAction\",\"target\":{\"@type\":\"EntryPoint\",\"urlTemplate\":\"https:\\\/\\\/medicinasinc.com\\\/fr\\\/?s={search_term_string}\"},\"query-input\":{\"@type\":\"PropertyValueSpecification\",\"valueRequired\":true,\"valueName\":\"search_term_string\"}}],\"inLanguage\":\"en-US\"}]}<\/script>\n<!-- \/ Yoast SEO plugin. -->","yoast_head_json":{"title":"Acheter Alaskan Thunder Fuck Budder \u2013 Top Shelf - Medicinas Inc","description":"Acheter Alaskan Thunder Fuck Budder \u2013 Qualit\u00e9 Premium","robots":{"index":"index","follow":"follow","max-snippet":"max-snippet:-1","max-image-preview":"max-image-preview:large","max-video-preview":"max-video-preview:-1"},"canonical":"https:\/\/medicinasinc.com\/fr\/product\/acheter-alaskan-thunder-fuck-budder-top-shelf\/","og_locale":"en_US","og_type":"article","og_title":"Acheter Alaskan Thunder Fuck Budder \u2013 Top Shelf - Medicinas Inc","og_description":"Acheter Alaskan Thunder Fuck Budder \u2013 Qualit\u00e9 Premium","og_url":"https:\/\/medicinasinc.com\/fr\/product\/acheter-alaskan-thunder-fuck-budder-top-shelf\/","og_site_name":"Medicinas Inc","article_modified_time":"2022-03-17T12:22:08+00:00","og_image":[{"width":600,"height":600,"url":"https:\/\/medicinasinc.com\/fr\/wp-content\/uploads\/sites\/5\/2022\/02\/Buy-Alaskan-Thunder-Fuck-Budder.jpg","type":"image\/jpeg"}],"twitter_card":"summary_large_image","twitter_misc":{"Est. reading time":"1 minute"},"schema":{"@context":"https:\/\/schema.org","@graph":[{"@type":"WebPage","@id":"https:\/\/medicinasinc.com\/fr\/product\/acheter-alaskan-thunder-fuck-budder-top-shelf\/","url":"https:\/\/medicinasinc.com\/fr\/product\/acheter-alaskan-thunder-fuck-budder-top-shelf\/","name":"Acheter Alaskan Thunder Fuck Budder \u2013 Top Shelf - Medicinas Inc","isPartOf":{"@id":"https:\/\/medicinasinc.com\/fr\/#website"},"primaryImageOfPage":{"@id":"https:\/\/medicinasinc.com\/fr\/product\/acheter-alaskan-thunder-fuck-budder-top-shelf\/#primaryimage"},"image":{"@id":"https:\/\/medicinasinc.com\/fr\/product\/acheter-alaskan-thunder-fuck-budder-top-shelf\/#primaryimage"},"thumbnailUrl":"https:\/\/medicinasinc.com\/fr\/wp-content\/uploads\/sites\/5\/2022\/02\/Buy-Alaskan-Thunder-Fuck-Budder.jpg","datePublished":"2022-02-20T15:55:42+00:00","dateModified":"2022-03-17T12:22:08+00:00","description":"Acheter Alaskan Thunder Fuck Budder \u2013 Qualit\u00e9 Premium","breadcrumb":{"@id":"https:\/\/medicinasinc.com\/fr\/product\/acheter-alaskan-thunder-fuck-budder-top-shelf\/#breadcrumb"},"inLanguage":"en-US","potentialAction":[{"@type":"ReadAction","target":["https:\/\/medicinasinc.com\/fr\/product\/acheter-alaskan-thunder-fuck-budder-top-shelf\/"]}]},{"@type":"ImageObject","inLanguage":"en-US","@id":"https:\/\/medicinasinc.com\/fr\/product\/acheter-alaskan-thunder-fuck-budder-top-shelf\/#primaryimage","url":"https:\/\/medicinasinc.com\/fr\/wp-content\/uploads\/sites\/5\/2022\/02\/Buy-Alaskan-Thunder-Fuck-Budder.jpg","contentUrl":"https:\/\/medicinasinc.com\/fr\/wp-content\/uploads\/sites\/5\/2022\/02\/Buy-Alaskan-Thunder-Fuck-Budder.jpg","width":600,"height":600},{"@type":"BreadcrumbList","@id":"https:\/\/medicinasinc.com\/fr\/product\/acheter-alaskan-thunder-fuck-budder-top-shelf\/#breadcrumb","itemListElement":[{"@type":"ListItem","position":1,"name":"Boutique","item":"https:\/\/medicinasinc.com\/fr\/boutique\/"},{"@type":"ListItem","position":2,"name":"Acheter Alaskan Thunder Fuck Budder \u2013 Top Shelf"}]},{"@type":"WebSite","@id":"https:\/\/medicinasinc.com\/fr\/#website","url":"https:\/\/medicinasinc.com\/fr\/","name":"Medicinas Inc","description":"Health Medical Clinic","potentialAction":[{"@type":"SearchAction","target":{"@type":"EntryPoint","urlTemplate":"https:\/\/medicinasinc.com\/fr\/?s={search_term_string}"},"query-input":{"@type":"PropertyValueSpecification","valueRequired":true,"valueName":"search_term_string"}}],"inLanguage":"en-US"}]}},"_links":{"self":[{"href":"https:\/\/medicinasinc.com\/fr\/wp-json\/wp\/v2\/product\/4779","targetHints":{"allow":["GET"]}}],"collection":[{"href":"https:\/\/medicinasinc.com\/fr\/wp-json\/wp\/v2\/product"}],"about":[{"href":"https:\/\/medicinasinc.com\/fr\/wp-json\/wp\/v2\/types\/product"}],"replies":[{"embeddable":true,"href":"https:\/\/medicinasinc.com\/fr\/wp-json\/wp\/v2\/comments?post=4779"}],"wp:featuredmedia":[{"embeddable":true,"href":"https:\/\/medicinasinc.com\/fr\/wp-json\/wp\/v2\/media\/4793"}],"wp:attachment":[{"href":"https:\/\/medicinasinc.com\/fr\/wp-json\/wp\/v2\/media?parent=4779"}],"wp:term":[{"taxonomy":"product_brand","embeddable":true,"href":"https:\/\/medicinasinc.com\/fr\/wp-json\/wp\/v2\/product_brand?post=4779"},{"taxonomy":"product_cat","embeddable":true,"href":"https:\/\/medicinasinc.com\/fr\/wp-json\/wp\/v2\/product_cat?post=4779"},{"taxonomy":"product_tag","embeddable":true,"href":"https:\/\/medicinasinc.com\/fr\/wp-json\/wp\/v2\/product_tag?post=4779"}],"curies":[{"name":"wp","href":"https:\/\/api.w.org\/{rel}","templated":true}]}}