{"id":4768,"date":"2022-02-20T15:46:58","date_gmt":"2022-02-20T15:46:58","guid":{"rendered":"https:\/\/medicinasinc.com\/fr\/?post_type=product&#038;p=4768"},"modified":"2022-03-17T12:22:18","modified_gmt":"2022-03-17T12:22:18","slug":"acheter-k2-encens-spray","status":"publish","type":"product","link":"https:\/\/medicinasinc.com\/fr\/product\/acheter-k2-encens-spray\/","title":{"rendered":"Acheter le spray d&#8217;encens K2"},"content":{"rendered":"<p>Achat en ligne du spray d&#8217;encens K2<\/p>\n<p>De plus, nous vendons du papier K2.<\/p>\n<p>Le spray K2 est disponible \u00e0 l&#8217;achat. Il est inodore et incolore.<\/p>\n<p>25 ml suffisent pour pulv\u00e9riser une feuille de papier A4 enti\u00e8re.<\/p>\n<p>Flavour et K2 sont les deux noms les plus courants pour la marijuana synth\u00e9tique. Ils sont construits \u00e0 partir de mat\u00e9riel v\u00e9g\u00e9tal s\u00e9ch\u00e9 qui a \u00e9t\u00e9 infus\u00e9 avec un cannabino\u00efde modifi\u00e9. Les cannabino\u00efdes con\u00e7us sont des compos\u00e9s synth\u00e9tiques qui agissent sur les r\u00e9cepteurs cannabino\u00efdes du cerveau de la m\u00eame mani\u00e8re que le fait le Delta9-t\u00e9trahydrocannabinol (THC). Les personnes qui utilisent Spice d\u00e9clarent ressentir des sensations similaires \u00e0 celles associ\u00e9es \u00e0 la marijuana. La marijuana est une plante qui contient des cannabino\u00efdes, qui sont des m\u00e9langes. Flavor et K2 sont deux termes qui font r\u00e9f\u00e9rence \u00e0 un ensemble de prescriptions appel\u00e9es cannabino\u00efdes con\u00e7us (modifi\u00e9s). Ils sont construits \u00e0 partir de mati\u00e8res v\u00e9g\u00e9tales s\u00e9ch\u00e9es qui ont \u00e9t\u00e9 pulv\u00e9ris\u00e9es avec des produits chimiques synth\u00e9tiques alt\u00e9rant l&#8217;esprit. Les analystes ont initialement organis\u00e9 ces m\u00e9dicaments fabriqu\u00e9s afin de les utiliser lors de l&#8217;examen.<\/p>\n<p>De plus, le K2 est disponible sous une forme liquide qui se d\u00e9grade dans les cigarettes \u00e9lectroniques. De plus, il est fum\u00e9 dans des pipes, des joints ou transform\u00e9 en th\u00e9. Le K2 est ensuite saupoudr\u00e9 sur les plantes, le papier et les fibres \u00e0 l&#8217;\u00e9tat liquide. Alors que les effets de fumer Spice peuvent ressembler \u00e0 ceux de fumer de la marijuana, la principale raison pour laquelle les gens fument Spice est parce qu&#8217;il est modeste, et compte tenu de la fa\u00e7on dont il est connu&#8230; En r\u00e8gle g\u00e9n\u00e9rale, cette substance est vendue comme mati\u00e8re v\u00e9g\u00e9tale. Ind\u00e9pendamment du fait que nous vendons une saveur k2 exceptionnelle, l&#8217;ensemble de nos m\u00e9langes techniques respecte toutes les r\u00e9glementations en vigueur. Achetez de l&#8217;encens \u00e0 base de plantes en ligne Enflammez vos sens avec l&#8217;encens \u00e0 base de plantes K2 puissant\u00a0! Alors que d&#8217;autres vendent des m\u00e9langes morts sans usurpation d&#8217;identit\u00e9, lorsque vous achetez du K2 chez nous, notre qualit\u00e9 parle d&#8217;elle-m\u00eame\u00a0! Nous vendons des encens \u00e0 base de plantes exceptionnels et sommes uniques parmi les commer\u00e7ants de zing \u00e0 base de plantes. \u00c9galement appel\u00e9 spray d&#8217;encens K2, marijuana synth\u00e9tique et herbes synth\u00e9tiques, le spray k2 \u00e0 vendre est un tranquillisant de rue artificiel qui contient des substances artificielles pulv\u00e9ris\u00e9es sur les ar\u00f4mes. Sur papier, liquide k2. Sur le web, vous pouvez acheter du K2 Spray et de l&#8217;encens fluide. Achetez du papier zing K2 de haute qualit\u00e9 et faites-le livrer \u00e0 votre porte. Vous \u00eates au bon endroit si vous recherchez les meilleurs liquides d&#8217;encens locaux K2 et e-liquides saupoudr\u00e9s sur le Web. Nous vendons la majorit\u00e9 des liquides locaux K2 aux prix les plus bas possibles afin de r\u00e9pondre aux exigences de tous les clients aux \u00c9tats-Unis d&#8217;Am\u00e9rique et dans le monde entier. Une autre application notable est la cr\u00e9ation d&#8217;une douche K2 qui sera appliqu\u00e9e par voie topique en g\u00e9n\u00e9ral. C&#8217;est absolument n\u00e9cessaire. Les cannabino\u00efdes produits, commun\u00e9ment appel\u00e9s &#8220;Flavor&#8221; ou &#8220;K2&#8221;, sont devenus l\u00e9gaux aux \u00c9tats-Unis au d\u00e9but des ann\u00e9es 2000. V\u00e9ritable papier \u00e0 \u00e9pices K2. Nous vendons le meilleur papier m\u00e9lang\u00e9 K2 disponible en ligne. Achetez-le imm\u00e9diatement. Qu&#8217;est-ce que la marijuana cr\u00e9\u00e9e (\u00e9galement connue sous le nom de cannabino\u00efdes synth\u00e9tiques, K2 ou Spice)\u00a0? Nous avons la meilleure s\u00e9lection d&#8217;encens locaux sur le web.<\/p>\n","protected":false},"excerpt":{"rendered":"<div class=\"woocommerce-product-details__short-description\">\n<p>Achetez le spray d&#8217;encens K2, un spray d&#8217;encens inodore et incolore. 25 ml suffisent pour pulv\u00e9riser une feuille enti\u00e8re de papier A4. De plus, nous vendons du papier K2.<\/p>\n<p>K2 Spice Spray Diablo Amazon, K2 Spray Wholesale, K2 Spray le plus fort \u00e0 vendre, Legal High K2 Spray \u00e0 vendre, K2 Spray \u00e0 vendre en ligne au Royaume-Uni, Liquid Spray Encens, K2 Paper ingr\u00e9dients, feuilles de papier d&#8217;\u00e9pices k2<\/p>\n<\/p><\/div>\n","protected":false},"featured_media":4783,"comment_status":"open","ping_status":"closed","template":"","meta":[],"product_brand":[],"product_cat":[690],"product_tag":[699,695,694,697,696,700,698,701],"class_list":{"0":"post-4768","1":"product","2":"type-product","3":"status-publish","4":"has-post-thumbnail","6":"product_cat-acheter-k2-papier","7":"product_tag-encens-spray-liquide","8":"product_tag-k2-spice-paper-sheets","9":"product_tag-k2-paper-ingredients","10":"product_tag-k2-spray-en-vente-en-ligne-royaume-uni","11":"product_tag-k2-spice-spray-diablo-amazon","12":"product_tag-spray-k2-le-plus-fort-en-vente","13":"product_tag-legal-high-spice-spray-for-sale","14":"product_tag-vente-en-gros-k2-spray","16":"first","17":"instock","18":"shipping-taxable","19":"purchasable","20":"product-type-variable","21":"has-default-attributes"},"yoast_head":"<!-- This site is optimized with the Yoast SEO plugin v27.3 - https:\/\/yoast.com\/product\/yoast-seo-wordpress\/ -->\n<title>Acheter le spray d&#039;encens K2 en ligne - Meilleurs meilleurs m\u00e9dicaments mondiaux<\/title>\n<meta name=\"description\" content=\"Achetez Spray d&#039;encens K2, spray K2 inodore et incolore disponible \u00e0 la vente. Il faut 25 ml pour pulv\u00e9riser une feuille de papier A4 enti\u00e8re. Nous avons \u00e9galement du papier K2 \u00e0 vendre.\" \/>\n<meta name=\"robots\" content=\"index, follow, max-snippet:-1, max-image-preview:large, max-video-preview:-1\" \/>\n<link rel=\"canonical\" href=\"https:\/\/medicinasinc.com\/fr\/product\/acheter-k2-encens-spray\/\" \/>\n<meta property=\"og:locale\" content=\"en_US\" \/>\n<meta property=\"og:type\" content=\"article\" \/>\n<meta property=\"og:title\" content=\"Acheter le spray d&#039;encens K2 en ligne - Meilleurs meilleurs m\u00e9dicaments mondiaux\" \/>\n<meta property=\"og:description\" content=\"Achetez Spray d&#039;encens K2, spray K2 inodore et incolore disponible \u00e0 la vente. Il faut 25 ml pour pulv\u00e9riser une feuille de papier A4 enti\u00e8re. Nous avons \u00e9galement du papier K2 \u00e0 vendre.\" \/>\n<meta property=\"og:url\" content=\"https:\/\/medicinasinc.com\/fr\/product\/acheter-k2-encens-spray\/\" \/>\n<meta property=\"og:site_name\" content=\"Medicinas Inc\" \/>\n<meta property=\"article:modified_time\" content=\"2022-03-17T12:22:18+00:00\" \/>\n<meta property=\"og:image\" content=\"https:\/\/medicinasinc.com\/fr\/wp-content\/uploads\/sites\/5\/2022\/02\/Buy-K2-Incense-Spray.png\" \/>\n\t<meta property=\"og:image:width\" content=\"873\" \/>\n\t<meta property=\"og:image:height\" content=\"433\" \/>\n\t<meta property=\"og:image:type\" content=\"image\/png\" \/>\n<meta name=\"twitter:card\" content=\"summary_large_image\" \/>\n<meta name=\"twitter:label1\" content=\"Est. reading time\" \/>\n\t<meta name=\"twitter:data1\" content=\"3 minutes\" \/>\n<script type=\"application\/ld+json\" class=\"yoast-schema-graph\">{\"@context\":\"https:\\\/\\\/schema.org\",\"@graph\":[{\"@type\":\"WebPage\",\"@id\":\"https:\\\/\\\/medicinasinc.com\\\/fr\\\/product\\\/acheter-k2-encens-spray\\\/\",\"url\":\"https:\\\/\\\/medicinasinc.com\\\/fr\\\/product\\\/acheter-k2-encens-spray\\\/\",\"name\":\"Acheter le spray d'encens K2 en ligne - Meilleurs meilleurs m\u00e9dicaments mondiaux\",\"isPartOf\":{\"@id\":\"https:\\\/\\\/medicinasinc.com\\\/fr\\\/#website\"},\"primaryImageOfPage\":{\"@id\":\"https:\\\/\\\/medicinasinc.com\\\/fr\\\/product\\\/acheter-k2-encens-spray\\\/#primaryimage\"},\"image\":{\"@id\":\"https:\\\/\\\/medicinasinc.com\\\/fr\\\/product\\\/acheter-k2-encens-spray\\\/#primaryimage\"},\"thumbnailUrl\":\"https:\\\/\\\/medicinasinc.com\\\/fr\\\/wp-content\\\/uploads\\\/sites\\\/5\\\/2022\\\/02\\\/Buy-K2-Incense-Spray.png\",\"datePublished\":\"2022-02-20T15:46:58+00:00\",\"dateModified\":\"2022-03-17T12:22:18+00:00\",\"description\":\"Achetez Spray d'encens K2, spray K2 inodore et incolore disponible \u00e0 la vente. Il faut 25 ml pour pulv\u00e9riser une feuille de papier A4 enti\u00e8re. Nous avons \u00e9galement du papier K2 \u00e0 vendre.\",\"breadcrumb\":{\"@id\":\"https:\\\/\\\/medicinasinc.com\\\/fr\\\/product\\\/acheter-k2-encens-spray\\\/#breadcrumb\"},\"inLanguage\":\"en-US\",\"potentialAction\":[{\"@type\":\"ReadAction\",\"target\":[\"https:\\\/\\\/medicinasinc.com\\\/fr\\\/product\\\/acheter-k2-encens-spray\\\/\"]}]},{\"@type\":\"ImageObject\",\"inLanguage\":\"en-US\",\"@id\":\"https:\\\/\\\/medicinasinc.com\\\/fr\\\/product\\\/acheter-k2-encens-spray\\\/#primaryimage\",\"url\":\"https:\\\/\\\/medicinasinc.com\\\/fr\\\/wp-content\\\/uploads\\\/sites\\\/5\\\/2022\\\/02\\\/Buy-K2-Incense-Spray.png\",\"contentUrl\":\"https:\\\/\\\/medicinasinc.com\\\/fr\\\/wp-content\\\/uploads\\\/sites\\\/5\\\/2022\\\/02\\\/Buy-K2-Incense-Spray.png\",\"width\":873,\"height\":433},{\"@type\":\"BreadcrumbList\",\"@id\":\"https:\\\/\\\/medicinasinc.com\\\/fr\\\/product\\\/acheter-k2-encens-spray\\\/#breadcrumb\",\"itemListElement\":[{\"@type\":\"ListItem\",\"position\":1,\"name\":\"Boutique\",\"item\":\"https:\\\/\\\/medicinasinc.com\\\/fr\\\/boutique\\\/\"},{\"@type\":\"ListItem\",\"position\":2,\"name\":\"Acheter le spray d&#8217;encens K2\"}]},{\"@type\":\"WebSite\",\"@id\":\"https:\\\/\\\/medicinasinc.com\\\/fr\\\/#website\",\"url\":\"https:\\\/\\\/medicinasinc.com\\\/fr\\\/\",\"name\":\"Medicinas Inc\",\"description\":\"Health Medical Clinic\",\"potentialAction\":[{\"@type\":\"SearchAction\",\"target\":{\"@type\":\"EntryPoint\",\"urlTemplate\":\"https:\\\/\\\/medicinasinc.com\\\/fr\\\/?s={search_term_string}\"},\"query-input\":{\"@type\":\"PropertyValueSpecification\",\"valueRequired\":true,\"valueName\":\"search_term_string\"}}],\"inLanguage\":\"en-US\"}]}<\/script>\n<!-- \/ Yoast SEO plugin. -->","yoast_head_json":{"title":"Acheter le spray d'encens K2 en ligne - Meilleurs meilleurs m\u00e9dicaments mondiaux","description":"Achetez Spray d'encens K2, spray K2 inodore et incolore disponible \u00e0 la vente. Il faut 25 ml pour pulv\u00e9riser une feuille de papier A4 enti\u00e8re. Nous avons \u00e9galement du papier K2 \u00e0 vendre.","robots":{"index":"index","follow":"follow","max-snippet":"max-snippet:-1","max-image-preview":"max-image-preview:large","max-video-preview":"max-video-preview:-1"},"canonical":"https:\/\/medicinasinc.com\/fr\/product\/acheter-k2-encens-spray\/","og_locale":"en_US","og_type":"article","og_title":"Acheter le spray d'encens K2 en ligne - Meilleurs meilleurs m\u00e9dicaments mondiaux","og_description":"Achetez Spray d'encens K2, spray K2 inodore et incolore disponible \u00e0 la vente. Il faut 25 ml pour pulv\u00e9riser une feuille de papier A4 enti\u00e8re. Nous avons \u00e9galement du papier K2 \u00e0 vendre.","og_url":"https:\/\/medicinasinc.com\/fr\/product\/acheter-k2-encens-spray\/","og_site_name":"Medicinas Inc","article_modified_time":"2022-03-17T12:22:18+00:00","og_image":[{"width":873,"height":433,"url":"https:\/\/medicinasinc.com\/fr\/wp-content\/uploads\/sites\/5\/2022\/02\/Buy-K2-Incense-Spray.png","type":"image\/png"}],"twitter_card":"summary_large_image","twitter_misc":{"Est. reading time":"3 minutes"},"schema":{"@context":"https:\/\/schema.org","@graph":[{"@type":"WebPage","@id":"https:\/\/medicinasinc.com\/fr\/product\/acheter-k2-encens-spray\/","url":"https:\/\/medicinasinc.com\/fr\/product\/acheter-k2-encens-spray\/","name":"Acheter le spray d'encens K2 en ligne - Meilleurs meilleurs m\u00e9dicaments mondiaux","isPartOf":{"@id":"https:\/\/medicinasinc.com\/fr\/#website"},"primaryImageOfPage":{"@id":"https:\/\/medicinasinc.com\/fr\/product\/acheter-k2-encens-spray\/#primaryimage"},"image":{"@id":"https:\/\/medicinasinc.com\/fr\/product\/acheter-k2-encens-spray\/#primaryimage"},"thumbnailUrl":"https:\/\/medicinasinc.com\/fr\/wp-content\/uploads\/sites\/5\/2022\/02\/Buy-K2-Incense-Spray.png","datePublished":"2022-02-20T15:46:58+00:00","dateModified":"2022-03-17T12:22:18+00:00","description":"Achetez Spray d'encens K2, spray K2 inodore et incolore disponible \u00e0 la vente. Il faut 25 ml pour pulv\u00e9riser une feuille de papier A4 enti\u00e8re. Nous avons \u00e9galement du papier K2 \u00e0 vendre.","breadcrumb":{"@id":"https:\/\/medicinasinc.com\/fr\/product\/acheter-k2-encens-spray\/#breadcrumb"},"inLanguage":"en-US","potentialAction":[{"@type":"ReadAction","target":["https:\/\/medicinasinc.com\/fr\/product\/acheter-k2-encens-spray\/"]}]},{"@type":"ImageObject","inLanguage":"en-US","@id":"https:\/\/medicinasinc.com\/fr\/product\/acheter-k2-encens-spray\/#primaryimage","url":"https:\/\/medicinasinc.com\/fr\/wp-content\/uploads\/sites\/5\/2022\/02\/Buy-K2-Incense-Spray.png","contentUrl":"https:\/\/medicinasinc.com\/fr\/wp-content\/uploads\/sites\/5\/2022\/02\/Buy-K2-Incense-Spray.png","width":873,"height":433},{"@type":"BreadcrumbList","@id":"https:\/\/medicinasinc.com\/fr\/product\/acheter-k2-encens-spray\/#breadcrumb","itemListElement":[{"@type":"ListItem","position":1,"name":"Boutique","item":"https:\/\/medicinasinc.com\/fr\/boutique\/"},{"@type":"ListItem","position":2,"name":"Acheter le spray d&#8217;encens K2"}]},{"@type":"WebSite","@id":"https:\/\/medicinasinc.com\/fr\/#website","url":"https:\/\/medicinasinc.com\/fr\/","name":"Medicinas Inc","description":"Health Medical Clinic","potentialAction":[{"@type":"SearchAction","target":{"@type":"EntryPoint","urlTemplate":"https:\/\/medicinasinc.com\/fr\/?s={search_term_string}"},"query-input":{"@type":"PropertyValueSpecification","valueRequired":true,"valueName":"search_term_string"}}],"inLanguage":"en-US"}]}},"_links":{"self":[{"href":"https:\/\/medicinasinc.com\/fr\/wp-json\/wp\/v2\/product\/4768","targetHints":{"allow":["GET"]}}],"collection":[{"href":"https:\/\/medicinasinc.com\/fr\/wp-json\/wp\/v2\/product"}],"about":[{"href":"https:\/\/medicinasinc.com\/fr\/wp-json\/wp\/v2\/types\/product"}],"replies":[{"embeddable":true,"href":"https:\/\/medicinasinc.com\/fr\/wp-json\/wp\/v2\/comments?post=4768"}],"wp:featuredmedia":[{"embeddable":true,"href":"https:\/\/medicinasinc.com\/fr\/wp-json\/wp\/v2\/media\/4783"}],"wp:attachment":[{"href":"https:\/\/medicinasinc.com\/fr\/wp-json\/wp\/v2\/media?parent=4768"}],"wp:term":[{"taxonomy":"product_brand","embeddable":true,"href":"https:\/\/medicinasinc.com\/fr\/wp-json\/wp\/v2\/product_brand?post=4768"},{"taxonomy":"product_cat","embeddable":true,"href":"https:\/\/medicinasinc.com\/fr\/wp-json\/wp\/v2\/product_cat?post=4768"},{"taxonomy":"product_tag","embeddable":true,"href":"https:\/\/medicinasinc.com\/fr\/wp-json\/wp\/v2\/product_tag?post=4768"}],"curies":[{"name":"wp","href":"https:\/\/api.w.org\/{rel}","templated":true}]}}