{"id":4767,"date":"2022-02-20T15:46:01","date_gmt":"2022-02-20T15:46:01","guid":{"rendered":"https:\/\/medicinasinc.com\/fr\/?post_type=product&#038;p=4767"},"modified":"2022-03-17T12:22:32","modified_gmt":"2022-03-17T12:22:32","slug":"acheter-k2-papier","status":"publish","type":"product","link":"https:\/\/medicinasinc.com\/fr\/product\/acheter-k2-papier\/","title":{"rendered":"Acheter du papier K2"},"content":{"rendered":"<p>Obtenez des feuilles de papier K2 \u00e0 bas prix livr\u00e9es directement \u00e0 votre porte.<\/p>\n<p>La marijuana synth\u00e9tique gagne rapidement en popularit\u00e9 parmi les consommateurs de marijuana. Le papier infus\u00e9 K2 est un m\u00e9lange de mati\u00e8res v\u00e9g\u00e9tales d\u00e9chiquet\u00e9es et de produits chimiques synth\u00e9tiques aux propri\u00e9t\u00e9s psych\u00e9d\u00e9liques. Selon les recherches, les produits chimiques se lient aux m\u00eames r\u00e9cepteurs des cellules nerveuses du cerveau que le THC, provoquant des sentiments de bien-\u00eatre, de relaxation, de perception alt\u00e9r\u00e9e et de psychose. Si vous recherchez une boutique en ligne r\u00e9put\u00e9e pour acheter un produit de haute qualit\u00e9, ne cherchez pas plus loin que notre boutique en ligne r\u00e9put\u00e9e. Pour assurer la s\u00e9curit\u00e9 de nos clients, nous nous approvisionnons en inventaire aupr\u00e8s de fabricants r\u00e9put\u00e9s. Donnez-nous un essai; nous vous garantissons que vous ne serez pas d\u00e9\u00e7u.<\/p>\n<p>Les cannabino\u00efdes sont des compos\u00e9s chimiques pr\u00e9sents naturellement dans les plants de marijuana et servent de base \u00e0 une vari\u00e9t\u00e9 de drogues synth\u00e9tiques. Chimiquement, le papier de cannabis synth\u00e9tique K2 est li\u00e9 \u00e0 l&#8217;ingr\u00e9dient actif de la marijuana. Les effets sont plus intenses et \u00e0 la fin d&#8217;une s\u00e9ance, on peut se sentir d\u00e9tendu et \u00e9lev\u00e9. Alors que de plus en plus de gens prennent conscience des v\u00e9ritables avantages de la marijuana, ce produit est utilis\u00e9 comme une alternative s\u00fbre \u00e0 diverses fins m\u00e9dicales et r\u00e9cr\u00e9atives. Cependant, vous devez faire preuve de prudence, car une consommation excessive peut entra\u00eener des effets secondaires ind\u00e9sirables tels que l&#8217;anxi\u00e9t\u00e9, les hallucinations, l&#8217;hypertension, les douleurs thoraciques, l&#8217;essoufflement, les convulsions et les vomissements. Certains produits d&#8217;\u00e9pices K2 sur le march\u00e9 peuvent \u00e9galement contenir des ingr\u00e9dients toxiques. Par cons\u00e9quent, il est essentiel d&#8217;acheter aupr\u00e8s d&#8217;un fournisseur r\u00e9put\u00e9.<\/p>\n<p>Vous cherchez \u00e0 acheter des produits \u00e0 base de plantes de la plus haute qualit\u00e9\u00a0? Avec une client\u00e8le mondiale, nous vous offrons une excellente opportunit\u00e9 d&#8217;acheter du papier K2 en ligne \u00e0 des prix comp\u00e9titifs. En plus de la plus grande s\u00e9lection, nous proposons des m\u00e9thodes de paiement s\u00e9curis\u00e9es et une exp\u00e9dition discr\u00e8te. Vous n&#8217;\u00eates pas oblig\u00e9 de visiter les d\u00e9panneurs ou les aires de repos \u00e0 proximit\u00e9. L&#8217;objectif de l&#8217;entreprise est d&#8217;am\u00e9liorer continuellement la qualit\u00e9 des produits et le service \u00e0 la client\u00e8le afin de garder une longueur d&#8217;avance sur la concurrence. Notre premi\u00e8re priorit\u00e9 est votre satisfaction, et nous avons une \u00e9quipe exp\u00e9riment\u00e9e \u00e0 port\u00e9e de main pour g\u00e9rer tout contretemps. N&#8217;h\u00e9sitez pas \u00e0 nous contacter si vous avez des questions ou des pr\u00e9occupations.<\/p>\n","protected":false},"excerpt":{"rendered":"<div class=\"woocommerce-product-details__short-description\">\n<p>Chaque feuille A4 est impr\u00e9gn\u00e9e de\u00a0<em><strong>25 ml=0,845351 oz liquide<\/strong><\/em>\u00a0de K2 liquide. Papier K2 <strong>inodore et incolore<\/strong>\u00a0\u00e0 vendre. <strong>Nous avons \u00e9galement K2 Spray \u00e0 vendre<\/strong><\/p>\n<\/p><\/div>\n","protected":false},"featured_media":4781,"comment_status":"open","ping_status":"closed","template":"","meta":[],"product_brand":[],"product_cat":[690],"product_tag":[691,692,693],"class_list":{"0":"post-4767","1":"product","2":"type-product","3":"status-publish","4":"has-post-thumbnail","6":"product_cat-acheter-k2-papier","7":"product_tag-acheter-k2-papier-en-ligne-fr","8":"product_tag-acheter-k2-papier","9":"product_tag-acheter-k2-feuille-de-papier","11":"first","12":"instock","13":"shipping-taxable","14":"purchasable","15":"product-type-variable","16":"has-default-attributes"},"yoast_head":"<!-- This site is optimized with the Yoast SEO plugin v27.3 - https:\/\/yoast.com\/product\/yoast-seo-wordpress\/ -->\n<title>Acheter du papier K2 en ligne - Best Best Global Meds<\/title>\n<meta name=\"description\" content=\"Achetez du papier K2 en ligne \u00e0 bas prix Chaque feuille A4 contient 25 ml = 0,845351 oz liquide de K2 liquide. Papier K2 inodore et incolore \u00e0 vendre. Nous avons \u00e9galement K2 Spray \u00e0 vendre\" \/>\n<meta name=\"robots\" content=\"index, follow, max-snippet:-1, max-image-preview:large, max-video-preview:-1\" \/>\n<link rel=\"canonical\" href=\"https:\/\/medicinasinc.com\/fr\/product\/acheter-k2-papier\/\" \/>\n<meta property=\"og:locale\" content=\"en_US\" \/>\n<meta property=\"og:type\" content=\"article\" \/>\n<meta property=\"og:title\" content=\"Acheter du papier K2 en ligne - Best Best Global Meds\" \/>\n<meta property=\"og:description\" content=\"Achetez du papier K2 en ligne \u00e0 bas prix Chaque feuille A4 contient 25 ml = 0,845351 oz liquide de K2 liquide. Papier K2 inodore et incolore \u00e0 vendre. Nous avons \u00e9galement K2 Spray \u00e0 vendre\" \/>\n<meta property=\"og:url\" content=\"https:\/\/medicinasinc.com\/fr\/product\/acheter-k2-papier\/\" \/>\n<meta property=\"og:site_name\" content=\"Medicinas Inc\" \/>\n<meta property=\"article:modified_time\" content=\"2022-03-17T12:22:32+00:00\" \/>\n<meta property=\"og:image\" content=\"https:\/\/medicinasinc.com\/fr\/wp-content\/uploads\/sites\/5\/2022\/02\/Buy-K2-paper-online.jpg\" \/>\n\t<meta property=\"og:image:width\" content=\"600\" \/>\n\t<meta property=\"og:image:height\" content=\"600\" \/>\n\t<meta property=\"og:image:type\" content=\"image\/jpeg\" \/>\n<meta name=\"twitter:card\" content=\"summary_large_image\" \/>\n<meta name=\"twitter:label1\" content=\"Est. reading time\" \/>\n\t<meta name=\"twitter:data1\" content=\"2 minutes\" \/>\n<script type=\"application\/ld+json\" class=\"yoast-schema-graph\">{\"@context\":\"https:\\\/\\\/schema.org\",\"@graph\":[{\"@type\":\"WebPage\",\"@id\":\"https:\\\/\\\/medicinasinc.com\\\/fr\\\/product\\\/acheter-k2-papier\\\/\",\"url\":\"https:\\\/\\\/medicinasinc.com\\\/fr\\\/product\\\/acheter-k2-papier\\\/\",\"name\":\"Acheter du papier K2 en ligne - Best Best Global Meds\",\"isPartOf\":{\"@id\":\"https:\\\/\\\/medicinasinc.com\\\/fr\\\/#website\"},\"primaryImageOfPage\":{\"@id\":\"https:\\\/\\\/medicinasinc.com\\\/fr\\\/product\\\/acheter-k2-papier\\\/#primaryimage\"},\"image\":{\"@id\":\"https:\\\/\\\/medicinasinc.com\\\/fr\\\/product\\\/acheter-k2-papier\\\/#primaryimage\"},\"thumbnailUrl\":\"https:\\\/\\\/medicinasinc.com\\\/fr\\\/wp-content\\\/uploads\\\/sites\\\/5\\\/2022\\\/02\\\/Buy-K2-paper-online.jpg\",\"datePublished\":\"2022-02-20T15:46:01+00:00\",\"dateModified\":\"2022-03-17T12:22:32+00:00\",\"description\":\"Achetez du papier K2 en ligne \u00e0 bas prix Chaque feuille A4 contient 25 ml = 0,845351 oz liquide de K2 liquide. Papier K2 inodore et incolore \u00e0 vendre. Nous avons \u00e9galement K2 Spray \u00e0 vendre\",\"breadcrumb\":{\"@id\":\"https:\\\/\\\/medicinasinc.com\\\/fr\\\/product\\\/acheter-k2-papier\\\/#breadcrumb\"},\"inLanguage\":\"en-US\",\"potentialAction\":[{\"@type\":\"ReadAction\",\"target\":[\"https:\\\/\\\/medicinasinc.com\\\/fr\\\/product\\\/acheter-k2-papier\\\/\"]}]},{\"@type\":\"ImageObject\",\"inLanguage\":\"en-US\",\"@id\":\"https:\\\/\\\/medicinasinc.com\\\/fr\\\/product\\\/acheter-k2-papier\\\/#primaryimage\",\"url\":\"https:\\\/\\\/medicinasinc.com\\\/fr\\\/wp-content\\\/uploads\\\/sites\\\/5\\\/2022\\\/02\\\/Buy-K2-paper-online.jpg\",\"contentUrl\":\"https:\\\/\\\/medicinasinc.com\\\/fr\\\/wp-content\\\/uploads\\\/sites\\\/5\\\/2022\\\/02\\\/Buy-K2-paper-online.jpg\",\"width\":600,\"height\":600},{\"@type\":\"BreadcrumbList\",\"@id\":\"https:\\\/\\\/medicinasinc.com\\\/fr\\\/product\\\/acheter-k2-papier\\\/#breadcrumb\",\"itemListElement\":[{\"@type\":\"ListItem\",\"position\":1,\"name\":\"Boutique\",\"item\":\"https:\\\/\\\/medicinasinc.com\\\/fr\\\/boutique\\\/\"},{\"@type\":\"ListItem\",\"position\":2,\"name\":\"Acheter du papier K2\"}]},{\"@type\":\"WebSite\",\"@id\":\"https:\\\/\\\/medicinasinc.com\\\/fr\\\/#website\",\"url\":\"https:\\\/\\\/medicinasinc.com\\\/fr\\\/\",\"name\":\"Medicinas Inc\",\"description\":\"Health Medical Clinic\",\"potentialAction\":[{\"@type\":\"SearchAction\",\"target\":{\"@type\":\"EntryPoint\",\"urlTemplate\":\"https:\\\/\\\/medicinasinc.com\\\/fr\\\/?s={search_term_string}\"},\"query-input\":{\"@type\":\"PropertyValueSpecification\",\"valueRequired\":true,\"valueName\":\"search_term_string\"}}],\"inLanguage\":\"en-US\"}]}<\/script>\n<!-- \/ Yoast SEO plugin. -->","yoast_head_json":{"title":"Acheter du papier K2 en ligne - Best Best Global Meds","description":"Achetez du papier K2 en ligne \u00e0 bas prix Chaque feuille A4 contient 25 ml = 0,845351 oz liquide de K2 liquide. Papier K2 inodore et incolore \u00e0 vendre. Nous avons \u00e9galement K2 Spray \u00e0 vendre","robots":{"index":"index","follow":"follow","max-snippet":"max-snippet:-1","max-image-preview":"max-image-preview:large","max-video-preview":"max-video-preview:-1"},"canonical":"https:\/\/medicinasinc.com\/fr\/product\/acheter-k2-papier\/","og_locale":"en_US","og_type":"article","og_title":"Acheter du papier K2 en ligne - Best Best Global Meds","og_description":"Achetez du papier K2 en ligne \u00e0 bas prix Chaque feuille A4 contient 25 ml = 0,845351 oz liquide de K2 liquide. Papier K2 inodore et incolore \u00e0 vendre. Nous avons \u00e9galement K2 Spray \u00e0 vendre","og_url":"https:\/\/medicinasinc.com\/fr\/product\/acheter-k2-papier\/","og_site_name":"Medicinas Inc","article_modified_time":"2022-03-17T12:22:32+00:00","og_image":[{"width":600,"height":600,"url":"https:\/\/medicinasinc.com\/fr\/wp-content\/uploads\/sites\/5\/2022\/02\/Buy-K2-paper-online.jpg","type":"image\/jpeg"}],"twitter_card":"summary_large_image","twitter_misc":{"Est. reading time":"2 minutes"},"schema":{"@context":"https:\/\/schema.org","@graph":[{"@type":"WebPage","@id":"https:\/\/medicinasinc.com\/fr\/product\/acheter-k2-papier\/","url":"https:\/\/medicinasinc.com\/fr\/product\/acheter-k2-papier\/","name":"Acheter du papier K2 en ligne - Best Best Global Meds","isPartOf":{"@id":"https:\/\/medicinasinc.com\/fr\/#website"},"primaryImageOfPage":{"@id":"https:\/\/medicinasinc.com\/fr\/product\/acheter-k2-papier\/#primaryimage"},"image":{"@id":"https:\/\/medicinasinc.com\/fr\/product\/acheter-k2-papier\/#primaryimage"},"thumbnailUrl":"https:\/\/medicinasinc.com\/fr\/wp-content\/uploads\/sites\/5\/2022\/02\/Buy-K2-paper-online.jpg","datePublished":"2022-02-20T15:46:01+00:00","dateModified":"2022-03-17T12:22:32+00:00","description":"Achetez du papier K2 en ligne \u00e0 bas prix Chaque feuille A4 contient 25 ml = 0,845351 oz liquide de K2 liquide. Papier K2 inodore et incolore \u00e0 vendre. Nous avons \u00e9galement K2 Spray \u00e0 vendre","breadcrumb":{"@id":"https:\/\/medicinasinc.com\/fr\/product\/acheter-k2-papier\/#breadcrumb"},"inLanguage":"en-US","potentialAction":[{"@type":"ReadAction","target":["https:\/\/medicinasinc.com\/fr\/product\/acheter-k2-papier\/"]}]},{"@type":"ImageObject","inLanguage":"en-US","@id":"https:\/\/medicinasinc.com\/fr\/product\/acheter-k2-papier\/#primaryimage","url":"https:\/\/medicinasinc.com\/fr\/wp-content\/uploads\/sites\/5\/2022\/02\/Buy-K2-paper-online.jpg","contentUrl":"https:\/\/medicinasinc.com\/fr\/wp-content\/uploads\/sites\/5\/2022\/02\/Buy-K2-paper-online.jpg","width":600,"height":600},{"@type":"BreadcrumbList","@id":"https:\/\/medicinasinc.com\/fr\/product\/acheter-k2-papier\/#breadcrumb","itemListElement":[{"@type":"ListItem","position":1,"name":"Boutique","item":"https:\/\/medicinasinc.com\/fr\/boutique\/"},{"@type":"ListItem","position":2,"name":"Acheter du papier K2"}]},{"@type":"WebSite","@id":"https:\/\/medicinasinc.com\/fr\/#website","url":"https:\/\/medicinasinc.com\/fr\/","name":"Medicinas Inc","description":"Health Medical Clinic","potentialAction":[{"@type":"SearchAction","target":{"@type":"EntryPoint","urlTemplate":"https:\/\/medicinasinc.com\/fr\/?s={search_term_string}"},"query-input":{"@type":"PropertyValueSpecification","valueRequired":true,"valueName":"search_term_string"}}],"inLanguage":"en-US"}]}},"_links":{"self":[{"href":"https:\/\/medicinasinc.com\/fr\/wp-json\/wp\/v2\/product\/4767","targetHints":{"allow":["GET"]}}],"collection":[{"href":"https:\/\/medicinasinc.com\/fr\/wp-json\/wp\/v2\/product"}],"about":[{"href":"https:\/\/medicinasinc.com\/fr\/wp-json\/wp\/v2\/types\/product"}],"replies":[{"embeddable":true,"href":"https:\/\/medicinasinc.com\/fr\/wp-json\/wp\/v2\/comments?post=4767"}],"wp:featuredmedia":[{"embeddable":true,"href":"https:\/\/medicinasinc.com\/fr\/wp-json\/wp\/v2\/media\/4781"}],"wp:attachment":[{"href":"https:\/\/medicinasinc.com\/fr\/wp-json\/wp\/v2\/media?parent=4767"}],"wp:term":[{"taxonomy":"product_brand","embeddable":true,"href":"https:\/\/medicinasinc.com\/fr\/wp-json\/wp\/v2\/product_brand?post=4767"},{"taxonomy":"product_cat","embeddable":true,"href":"https:\/\/medicinasinc.com\/fr\/wp-json\/wp\/v2\/product_cat?post=4767"},{"taxonomy":"product_tag","embeddable":true,"href":"https:\/\/medicinasinc.com\/fr\/wp-json\/wp\/v2\/product_tag?post=4767"}],"curies":[{"name":"wp","href":"https:\/\/api.w.org\/{rel}","templated":true}]}}