{"id":4761,"date":"2022-02-20T15:41:01","date_gmt":"2022-02-20T15:41:01","guid":{"rendered":"https:\/\/medicinasinc.com\/fr\/?post_type=product&#038;p=4761"},"modified":"2022-03-17T12:22:43","modified_gmt":"2022-03-17T12:22:43","slug":"acheter-du-diesel-acide-cbd-fleur-de-chanvre-en-ligne","status":"publish","type":"product","link":"https:\/\/medicinasinc.com\/fr\/product\/acheter-du-diesel-acide-cbd-fleur-de-chanvre-en-ligne\/","title":{"rendered":"Acheter Sour Diesel CBD Fleur de chanvre en ligne"},"content":{"rendered":"<div class=\"woocommerce-tabs wc-tabs-wrapper\">\n<div id=\"tab-description\" class=\"woocommerce-Tabs-panel woocommerce-Tabs-panel--description panel entry-content wc-tab\" role=\"tabpanel\" aria-labelledby=\"tab-title-description\">\n<p>Sour Diesel est un cultivar l\u00e9gendaire issu de deux classiques. Il combine l&#8217;amertume irr\u00e9sistible de l&#8217;essence avec le picotement qui fait claquer les l\u00e8vres des agrumes aigres. L&#8217;herbe embl\u00e9matique a produit une pl\u00e9thore de souches, en raison de sa g\u00e9n\u00e9tique sup\u00e9rieure et de ses effets distincts, ce qui en fait un favori parmi les agriculteurs qui cherchent \u00e0 cultiver la prochaine grande chose de l&#8217;industrie du chanvre.<\/p>\n<p>La souche Sour Diesel agit rapidement et tr\u00e8s puissante, d\u00e9livrant des effets qui peuvent submerger votre syst\u00e8me avec les avantages par excellence d&#8217;une vari\u00e9t\u00e9 sativa. C&#8217;est-\u00e0-dire la possibilit\u00e9 d&#8217;un \u00e9veil percutant, spectaculaire et muscl\u00e9 qui peut favoriser l&#8217;\u00e9nergie, la productivit\u00e9, la motivation et la cr\u00e9ativit\u00e9.<\/p>\n<p>&nbsp;<\/p>\n<p>L&#8217;histoire de Sour Diesel<\/p>\n<p>Sour Diesel est souvent consid\u00e9r\u00e9e comme l&#8217;une des vari\u00e9t\u00e9s de chanvre les plus essentielles disponibles. N&#8217;importe quel connaisseur de chanvre vous dira que Sour Diesel est un incontournable pour quiconque pr\u00e9tend appr\u00e9cier les bienfaits de l&#8217;herbe. Pour l&#8217;essentiel, la popularit\u00e9 de la vari\u00e9t\u00e9 provient de la r\u00e9putation de ses parents &#8211; Chemdog 91 et Super Skunk. Ces l\u00e9gendes du chanvre ont \u00e9lev\u00e9 la r\u00e9putation de la vari\u00e9t\u00e9 Sour Diesel \u00e0 de nouveaux sommets, la dotant d&#8217;une g\u00e9n\u00e9tique in\u00e9gal\u00e9e qui a permis \u00e0 la prog\u00e9niture de la vari\u00e9t\u00e9 de devenir le succ\u00e8s du chanvre qu&#8217;elle est aujourd&#8217;hui.<\/p>\n<p>Chemdog 91 est une vari\u00e9t\u00e9 \u00e9nigmatique qui est cens\u00e9e ont fait leurs d\u00e9buts sur le march\u00e9 en 1991. Le cultivar non identifi\u00e9 \u00e9met un ar\u00f4me piquant et skunk entrelac\u00e9 de notes dures d&#8217;essence. Ces caract\u00e9ristiques sont importantes dans l&#8217;herbe Sour Diesel, avec son profil de saveur ressemblant \u00e9troitement \u00e0 celui de la souche Chemdog 91.<\/p>\n<p>D&#8217;autre part, Super Skunk est une souche nomm\u00e9e pour des raisons \u00e9videntes. Le cultivar ultra-skunk produit un parfum (ou une odeur, selon votre niveau de tol\u00e9rance) qui fera sortir vos sens olfactifs du parc. Malgr\u00e9 l&#8217;ar\u00f4me offensant de la vari\u00e9t\u00e9, elle offre une douceur d\u00e9licieusement surprenante et d\u00e9licate qui enrobe la langue d&#8217;une douceur p\u00e9tillante semblable \u00e0 du miel.<\/p>\n<p>&nbsp;<\/p>\n<p>Esth\u00e9tique et ar\u00f4me<\/p>\n<p>Vos premi\u00e8res impressions sur la vari\u00e9t\u00e9 Sour Diesel peuvent \u00eatre d\u00e9cevantes. Apr\u00e8s tout, ce n&#8217;est qu&#8217;un soup\u00e7on de vert, avec d&#8217;autres teintes verd\u00e2tres parcourant tout l&#8217;int\u00e9rieur pour cr\u00e9er une palette monochromatique de teintes herbeuses. Les poils blonds fraise enchev\u00eatrent les feuilles \u00e0 l&#8217;ext\u00e9rieur, cr\u00e9ant un r\u00e9seau de vrilles jaunes saupoudr\u00e9es d&#8217;une couche givr\u00e9e de trichomes sucr\u00e9s. En dehors de cela, il n&#8217;y a pas grand-chose d&#8217;autre \u00e0 noter sur le cultivar. Cependant, ce qui lui manque en couleur, il le compense avec son parfum.<\/p>\n<p>Avec les deux parents pr\u00e9sentant des parfums extr\u00eamement piquants, il n&#8217;est pas surprenant que Sour Diesel ait un ar\u00f4me si \u00e9trange. La souche \u00e9trangement parfum\u00e9e attaque vos r\u00e9cepteurs olfactifs comme un train de marchandises skunk. Offensants et accablants, certains utilisateurs pr\u00e9tendent d\u00e9tecter des notes de fromage pointues qui se m\u00e9langent \u00e0 l&#8217;essence en plus de l&#8217;ar\u00f4me de skunk pour cr\u00e9er une exp\u00e9rience de chanvre inoubliable.<\/p>\n<p>&nbsp;<\/p>\n<p>Exp\u00e9riences et cons\u00e9quences<\/p>\n<p>Pour commencer, Sour Diesel n&#8217;est pas une blague en mati\u00e8re de saveur. La fum\u00e9e de la vari\u00e9t\u00e9 contient une saveur extr\u00eamement puissante qui peut facilement submerger les novices et les utilisateurs \u00e0 faible tol\u00e9rance. Par cons\u00e9quent, consid\u00e9rez ceci comme un avertissement juste &#8211; Sour Diesel va foutre en l&#8217;air votre merde, en commen\u00e7ant par son go\u00fbt. Pour faire simple, la souche produit une saveur presque identique \u00e0 son odeur. C&#8217;est-\u00e0-dire une grande quantit\u00e9 de skunk combin\u00e9e \u00e0 de fortes injections d&#8217;essence.<\/p>\n<p>Entre les vagues irr\u00e9sistibles de saveur piquante, des vagues d&#8217;agrumes aigres brisent la skunk. Les notes d\u00e9licates ajoutent suffisamment de plaisir \u00e0 l&#8217;exp\u00e9rience, la transformant en une rencontre de saveurs vraiment dynamique et int\u00e9ressante.<\/p>\n<p>Un autre aspect qui contribue \u00e0 l&#8217;attrait de Sour Diesel est son effet imm\u00e9diat. Les effets se d\u00e9clenchent quelques minutes apr\u00e8s l&#8217;inhalation, produisant des effets \u00e0 tendance sativa de haut vol qui stimulent les sens et r\u00e9veille ta vigueur. \u00c0 bien des \u00e9gards, on peut dire que la souche vous aide \u00e0 surmonter vos inhibitions, vous faisant vous sentir plus audacieux, audacieux et confiant.<\/p>\n<p>Capable de soulager les inconforts physiques et cognitifs, la souche Sour Diesel infuse votre syst\u00e8me avec \u00e9nergie suppl\u00e9mentaire, vous donnant la force et la motivation n\u00e9cessaires pour accomplir une journ\u00e9e de travail et de responsabilit\u00e9s. Cependant, un mot d&#8217;avertissement &#8211; Sour Diesel n&#8217;est pas pour les faibles de c\u0153ur. Avant de prendre une bouff\u00e9e de cette vari\u00e9t\u00e9 monstre, assurez-vous que vous avez la tol\u00e9rance pour les effets sativa forts et la saveur puissante.<\/p>\n<p>&nbsp;<\/p>\n<p>Plantation et traitement<\/p>\n<p> Bien que la vari\u00e9t\u00e9 Sour Diesel soit mod\u00e9r\u00e9ment difficile pour les cultivateurs d\u00e9butants, sa g\u00e9n\u00e9tique unique en fait un excellent choix pour ceux qui recherchent des effets puissants avec un minimum d&#8217;effort. Les souches avec des exigences de croissance plus sp\u00e9cialis\u00e9es sont g\u00e9n\u00e9ralement beaucoup plus adapt\u00e9es \u00e0 l&#8217;extraction, produisant des concentr\u00e9s \u00e0 spectre complet plus puissants pour des produits \u00e0 base de chanvre de meilleure qualit\u00e9. Ainsi, malgr\u00e9 sa difficult\u00e9 mod\u00e9r\u00e9e, Sour Diesel porte ses fruits avec du chanvre supr\u00eame qui est id\u00e9al pour une vari\u00e9t\u00e9 de processus post-r\u00e9colte.<\/p>\n<p>En environ 11 semaines, plus ou moins une semaine, Sour Diesel fleurit. Le rendement mod\u00e9r\u00e9 est limit\u00e9 \u00e0 3 onces par pied de hauteur de plante. Tout au plus, votre herbe atteindra une hauteur de plus de 7 pieds, ce qui la rend l\u00e9g\u00e8rement plus haute que la majorit\u00e9 des autres vari\u00e9t\u00e9s.<\/p>\n<p>En raison des besoins d&#8217;espace de la plante, la cultiver \u00e0 l&#8217;ext\u00e9rieur peut \u00eatre id\u00e9al, surtout si vous re travailler avec un espace limit\u00e9. Cependant, les conditions int\u00e9rieures peuvent \u00eatre favorables au Sour Diesel tant qu&#8217;une chaleur, une lumi\u00e8re et une faible humidit\u00e9 ad\u00e9quates sont fournies. En compl\u00e9tant avec des nutriments riches en phosphore vers la fin de la p\u00e9riode de croissance de la plante et en cessant d&#8217;arroser environ trois jours avant la r\u00e9colte, vous devriez obtenir une odeur \u00e2cre et d\u00e9chirante et une couche de trichomes dense pour un excellent trip.<\/p>\n<p>&nbsp;<\/p>\n<p>Pour qui est-il con\u00e7u\u00a0?<\/p>\n<p>En raison de la saveur intense et des effets monstrueux de Sour Diesel, tout le monde n&#8217;appr\u00e9ciera pas l&#8217;exp\u00e9rience qu&#8217;il procure. Les utilisateurs \u00e0 faible tol\u00e9rance et les d\u00e9butants peuvent \u00eatre submerg\u00e9s non seulement par le go\u00fbt incroyable, mais aussi par les effets accablants, qui peuvent provoquer de l&#8217;anxi\u00e9t\u00e9 et de l&#8217;agitation chez certains.<\/p>\n<p>N\u00e9anmoins, Sour Diesel reste une vari\u00e9t\u00e9 l\u00e9gendaire pour les v\u00e9t\u00e9rans et les puristes qui appr\u00e9cient le chanvre puissant. Pour ceux qui ont plus d&#8217;exp\u00e9rience, la sensation de grondement d&#8217;un flux d&#8217;\u00e9nergie sans pr\u00e9c\u00e9dent qui traverse leur syst\u00e8me peut fournir la force, la motivation et l&#8217;\u00e9tat d&#8217;esprit n\u00e9cessaires pour accomplir une journ\u00e9e de responsabilit\u00e9s &#8211; et plus encore.<\/p>\n<\/p><\/div><\/div>\n<section class=\"produits connexes\">\n<h2><\/h2>\n<\/section>\n<div class=\"product-next-previous\">\n<div class=\"product-prev\"><\/div><\/div>\n","protected":false},"excerpt":{"rendered":"<div class=\"woocommerce-product-details__short-description\">\n<p>Acheter la fleur Sour Diesel CBD \u00e0 vendre au Royaume-Uni, en Europe, est une vari\u00e9t\u00e9 \u00e9nergisante \u00e0 dominante Sativa qui vous aidera \u00e0 rester concentr\u00e9, productif et \u00e9quilibr\u00e9 tout au long de la jour.<\/p>\n<\/p><\/div>\n","protected":false},"featured_media":4775,"comment_status":"open","ping_status":"closed","template":"","meta":[],"product_brand":[],"product_cat":[689],"product_tag":[],"class_list":{"0":"post-4761","1":"product","2":"type-product","3":"status-publish","4":"has-post-thumbnail","6":"product_cat-acheter-fleur-de-chanvre","8":"first","9":"instock","10":"shipping-taxable","11":"purchasable","12":"product-type-variable","13":"has-default-attributes"},"yoast_head":"<!-- This site is optimized with the Yoast SEO plugin v27.3 - https:\/\/yoast.com\/product\/yoast-seo-wordpress\/ -->\n<title>Achetez Sour Diesel CBD Fleur de chanvre en ligne - Meilleurs meilleurs m\u00e9dicaments mondiaux<\/title>\n<meta name=\"description\" content=\"Acheter Sour Diesel CBD flower UK, Europe est une vari\u00e9t\u00e9 \u00e9nergisante \u00e0 dominance Sativa qui vous aidera \u00e0 rester concentr\u00e9, productif et \u00e9quilibr\u00e9 tout au long de la journ\u00e9e.\" \/>\n<meta name=\"robots\" content=\"index, follow, max-snippet:-1, max-image-preview:large, max-video-preview:-1\" \/>\n<link rel=\"canonical\" href=\"https:\/\/medicinasinc.com\/fr\/product\/acheter-du-diesel-acide-cbd-fleur-de-chanvre-en-ligne\/\" \/>\n<meta property=\"og:locale\" content=\"en_US\" \/>\n<meta property=\"og:type\" content=\"article\" \/>\n<meta property=\"og:title\" content=\"Achetez Sour Diesel CBD Fleur de chanvre en ligne - Meilleurs meilleurs m\u00e9dicaments mondiaux\" \/>\n<meta property=\"og:description\" content=\"Acheter Sour Diesel CBD flower UK, Europe est une vari\u00e9t\u00e9 \u00e9nergisante \u00e0 dominance Sativa qui vous aidera \u00e0 rester concentr\u00e9, productif et \u00e9quilibr\u00e9 tout au long de la journ\u00e9e.\" \/>\n<meta property=\"og:url\" content=\"https:\/\/medicinasinc.com\/fr\/product\/acheter-du-diesel-acide-cbd-fleur-de-chanvre-en-ligne\/\" \/>\n<meta property=\"og:site_name\" content=\"Medicinas Inc\" \/>\n<meta property=\"article:modified_time\" content=\"2022-03-17T12:22:43+00:00\" \/>\n<meta property=\"og:image\" content=\"https:\/\/medicinasinc.com\/fr\/wp-content\/uploads\/sites\/5\/2022\/02\/Buy-Sour-Diesel-CBD-Hemp-Flower-Online.jpg\" \/>\n\t<meta property=\"og:image:width\" content=\"600\" \/>\n\t<meta property=\"og:image:height\" content=\"600\" \/>\n\t<meta property=\"og:image:type\" content=\"image\/jpeg\" \/>\n<meta name=\"twitter:card\" content=\"summary_large_image\" \/>\n<meta name=\"twitter:label1\" content=\"Est. reading time\" \/>\n\t<meta name=\"twitter:data1\" content=\"5 minutes\" \/>\n<script type=\"application\/ld+json\" class=\"yoast-schema-graph\">{\"@context\":\"https:\\\/\\\/schema.org\",\"@graph\":[{\"@type\":\"WebPage\",\"@id\":\"https:\\\/\\\/medicinasinc.com\\\/fr\\\/product\\\/acheter-du-diesel-acide-cbd-fleur-de-chanvre-en-ligne\\\/\",\"url\":\"https:\\\/\\\/medicinasinc.com\\\/fr\\\/product\\\/acheter-du-diesel-acide-cbd-fleur-de-chanvre-en-ligne\\\/\",\"name\":\"Achetez Sour Diesel CBD Fleur de chanvre en ligne - Meilleurs meilleurs m\u00e9dicaments mondiaux\",\"isPartOf\":{\"@id\":\"https:\\\/\\\/medicinasinc.com\\\/fr\\\/#website\"},\"primaryImageOfPage\":{\"@id\":\"https:\\\/\\\/medicinasinc.com\\\/fr\\\/product\\\/acheter-du-diesel-acide-cbd-fleur-de-chanvre-en-ligne\\\/#primaryimage\"},\"image\":{\"@id\":\"https:\\\/\\\/medicinasinc.com\\\/fr\\\/product\\\/acheter-du-diesel-acide-cbd-fleur-de-chanvre-en-ligne\\\/#primaryimage\"},\"thumbnailUrl\":\"https:\\\/\\\/medicinasinc.com\\\/fr\\\/wp-content\\\/uploads\\\/sites\\\/5\\\/2022\\\/02\\\/Buy-Sour-Diesel-CBD-Hemp-Flower-Online.jpg\",\"datePublished\":\"2022-02-20T15:41:01+00:00\",\"dateModified\":\"2022-03-17T12:22:43+00:00\",\"description\":\"Acheter Sour Diesel CBD flower UK, Europe est une vari\u00e9t\u00e9 \u00e9nergisante \u00e0 dominance Sativa qui vous aidera \u00e0 rester concentr\u00e9, productif et \u00e9quilibr\u00e9 tout au long de la journ\u00e9e.\",\"breadcrumb\":{\"@id\":\"https:\\\/\\\/medicinasinc.com\\\/fr\\\/product\\\/acheter-du-diesel-acide-cbd-fleur-de-chanvre-en-ligne\\\/#breadcrumb\"},\"inLanguage\":\"en-US\",\"potentialAction\":[{\"@type\":\"ReadAction\",\"target\":[\"https:\\\/\\\/medicinasinc.com\\\/fr\\\/product\\\/acheter-du-diesel-acide-cbd-fleur-de-chanvre-en-ligne\\\/\"]}]},{\"@type\":\"ImageObject\",\"inLanguage\":\"en-US\",\"@id\":\"https:\\\/\\\/medicinasinc.com\\\/fr\\\/product\\\/acheter-du-diesel-acide-cbd-fleur-de-chanvre-en-ligne\\\/#primaryimage\",\"url\":\"https:\\\/\\\/medicinasinc.com\\\/fr\\\/wp-content\\\/uploads\\\/sites\\\/5\\\/2022\\\/02\\\/Buy-Sour-Diesel-CBD-Hemp-Flower-Online.jpg\",\"contentUrl\":\"https:\\\/\\\/medicinasinc.com\\\/fr\\\/wp-content\\\/uploads\\\/sites\\\/5\\\/2022\\\/02\\\/Buy-Sour-Diesel-CBD-Hemp-Flower-Online.jpg\",\"width\":600,\"height\":600},{\"@type\":\"BreadcrumbList\",\"@id\":\"https:\\\/\\\/medicinasinc.com\\\/fr\\\/product\\\/acheter-du-diesel-acide-cbd-fleur-de-chanvre-en-ligne\\\/#breadcrumb\",\"itemListElement\":[{\"@type\":\"ListItem\",\"position\":1,\"name\":\"Boutique\",\"item\":\"https:\\\/\\\/medicinasinc.com\\\/fr\\\/boutique\\\/\"},{\"@type\":\"ListItem\",\"position\":2,\"name\":\"Acheter Sour Diesel CBD Fleur de chanvre en ligne\"}]},{\"@type\":\"WebSite\",\"@id\":\"https:\\\/\\\/medicinasinc.com\\\/fr\\\/#website\",\"url\":\"https:\\\/\\\/medicinasinc.com\\\/fr\\\/\",\"name\":\"Medicinas Inc\",\"description\":\"Health Medical Clinic\",\"potentialAction\":[{\"@type\":\"SearchAction\",\"target\":{\"@type\":\"EntryPoint\",\"urlTemplate\":\"https:\\\/\\\/medicinasinc.com\\\/fr\\\/?s={search_term_string}\"},\"query-input\":{\"@type\":\"PropertyValueSpecification\",\"valueRequired\":true,\"valueName\":\"search_term_string\"}}],\"inLanguage\":\"en-US\"}]}<\/script>\n<!-- \/ Yoast SEO plugin. -->","yoast_head_json":{"title":"Achetez Sour Diesel CBD Fleur de chanvre en ligne - Meilleurs meilleurs m\u00e9dicaments mondiaux","description":"Acheter Sour Diesel CBD flower UK, Europe est une vari\u00e9t\u00e9 \u00e9nergisante \u00e0 dominance Sativa qui vous aidera \u00e0 rester concentr\u00e9, productif et \u00e9quilibr\u00e9 tout au long de la journ\u00e9e.","robots":{"index":"index","follow":"follow","max-snippet":"max-snippet:-1","max-image-preview":"max-image-preview:large","max-video-preview":"max-video-preview:-1"},"canonical":"https:\/\/medicinasinc.com\/fr\/product\/acheter-du-diesel-acide-cbd-fleur-de-chanvre-en-ligne\/","og_locale":"en_US","og_type":"article","og_title":"Achetez Sour Diesel CBD Fleur de chanvre en ligne - Meilleurs meilleurs m\u00e9dicaments mondiaux","og_description":"Acheter Sour Diesel CBD flower UK, Europe est une vari\u00e9t\u00e9 \u00e9nergisante \u00e0 dominance Sativa qui vous aidera \u00e0 rester concentr\u00e9, productif et \u00e9quilibr\u00e9 tout au long de la journ\u00e9e.","og_url":"https:\/\/medicinasinc.com\/fr\/product\/acheter-du-diesel-acide-cbd-fleur-de-chanvre-en-ligne\/","og_site_name":"Medicinas Inc","article_modified_time":"2022-03-17T12:22:43+00:00","og_image":[{"width":600,"height":600,"url":"https:\/\/medicinasinc.com\/fr\/wp-content\/uploads\/sites\/5\/2022\/02\/Buy-Sour-Diesel-CBD-Hemp-Flower-Online.jpg","type":"image\/jpeg"}],"twitter_card":"summary_large_image","twitter_misc":{"Est. reading time":"5 minutes"},"schema":{"@context":"https:\/\/schema.org","@graph":[{"@type":"WebPage","@id":"https:\/\/medicinasinc.com\/fr\/product\/acheter-du-diesel-acide-cbd-fleur-de-chanvre-en-ligne\/","url":"https:\/\/medicinasinc.com\/fr\/product\/acheter-du-diesel-acide-cbd-fleur-de-chanvre-en-ligne\/","name":"Achetez Sour Diesel CBD Fleur de chanvre en ligne - Meilleurs meilleurs m\u00e9dicaments mondiaux","isPartOf":{"@id":"https:\/\/medicinasinc.com\/fr\/#website"},"primaryImageOfPage":{"@id":"https:\/\/medicinasinc.com\/fr\/product\/acheter-du-diesel-acide-cbd-fleur-de-chanvre-en-ligne\/#primaryimage"},"image":{"@id":"https:\/\/medicinasinc.com\/fr\/product\/acheter-du-diesel-acide-cbd-fleur-de-chanvre-en-ligne\/#primaryimage"},"thumbnailUrl":"https:\/\/medicinasinc.com\/fr\/wp-content\/uploads\/sites\/5\/2022\/02\/Buy-Sour-Diesel-CBD-Hemp-Flower-Online.jpg","datePublished":"2022-02-20T15:41:01+00:00","dateModified":"2022-03-17T12:22:43+00:00","description":"Acheter Sour Diesel CBD flower UK, Europe est une vari\u00e9t\u00e9 \u00e9nergisante \u00e0 dominance Sativa qui vous aidera \u00e0 rester concentr\u00e9, productif et \u00e9quilibr\u00e9 tout au long de la journ\u00e9e.","breadcrumb":{"@id":"https:\/\/medicinasinc.com\/fr\/product\/acheter-du-diesel-acide-cbd-fleur-de-chanvre-en-ligne\/#breadcrumb"},"inLanguage":"en-US","potentialAction":[{"@type":"ReadAction","target":["https:\/\/medicinasinc.com\/fr\/product\/acheter-du-diesel-acide-cbd-fleur-de-chanvre-en-ligne\/"]}]},{"@type":"ImageObject","inLanguage":"en-US","@id":"https:\/\/medicinasinc.com\/fr\/product\/acheter-du-diesel-acide-cbd-fleur-de-chanvre-en-ligne\/#primaryimage","url":"https:\/\/medicinasinc.com\/fr\/wp-content\/uploads\/sites\/5\/2022\/02\/Buy-Sour-Diesel-CBD-Hemp-Flower-Online.jpg","contentUrl":"https:\/\/medicinasinc.com\/fr\/wp-content\/uploads\/sites\/5\/2022\/02\/Buy-Sour-Diesel-CBD-Hemp-Flower-Online.jpg","width":600,"height":600},{"@type":"BreadcrumbList","@id":"https:\/\/medicinasinc.com\/fr\/product\/acheter-du-diesel-acide-cbd-fleur-de-chanvre-en-ligne\/#breadcrumb","itemListElement":[{"@type":"ListItem","position":1,"name":"Boutique","item":"https:\/\/medicinasinc.com\/fr\/boutique\/"},{"@type":"ListItem","position":2,"name":"Acheter Sour Diesel CBD Fleur de chanvre en ligne"}]},{"@type":"WebSite","@id":"https:\/\/medicinasinc.com\/fr\/#website","url":"https:\/\/medicinasinc.com\/fr\/","name":"Medicinas Inc","description":"Health Medical Clinic","potentialAction":[{"@type":"SearchAction","target":{"@type":"EntryPoint","urlTemplate":"https:\/\/medicinasinc.com\/fr\/?s={search_term_string}"},"query-input":{"@type":"PropertyValueSpecification","valueRequired":true,"valueName":"search_term_string"}}],"inLanguage":"en-US"}]}},"_links":{"self":[{"href":"https:\/\/medicinasinc.com\/fr\/wp-json\/wp\/v2\/product\/4761","targetHints":{"allow":["GET"]}}],"collection":[{"href":"https:\/\/medicinasinc.com\/fr\/wp-json\/wp\/v2\/product"}],"about":[{"href":"https:\/\/medicinasinc.com\/fr\/wp-json\/wp\/v2\/types\/product"}],"replies":[{"embeddable":true,"href":"https:\/\/medicinasinc.com\/fr\/wp-json\/wp\/v2\/comments?post=4761"}],"wp:featuredmedia":[{"embeddable":true,"href":"https:\/\/medicinasinc.com\/fr\/wp-json\/wp\/v2\/media\/4775"}],"wp:attachment":[{"href":"https:\/\/medicinasinc.com\/fr\/wp-json\/wp\/v2\/media?parent=4761"}],"wp:term":[{"taxonomy":"product_brand","embeddable":true,"href":"https:\/\/medicinasinc.com\/fr\/wp-json\/wp\/v2\/product_brand?post=4761"},{"taxonomy":"product_cat","embeddable":true,"href":"https:\/\/medicinasinc.com\/fr\/wp-json\/wp\/v2\/product_cat?post=4761"},{"taxonomy":"product_tag","embeddable":true,"href":"https:\/\/medicinasinc.com\/fr\/wp-json\/wp\/v2\/product_tag?post=4761"}],"curies":[{"name":"wp","href":"https:\/\/api.w.org\/{rel}","templated":true}]}}