{"id":4734,"date":"2022-02-20T15:19:28","date_gmt":"2022-02-20T15:19:28","guid":{"rendered":"https:\/\/medicinasinc.com\/fr\/?post_type=product&#038;p=4734"},"modified":"2022-03-17T12:23:27","modified_gmt":"2022-03-17T12:23:27","slug":"thc-live-diamonds-superieur-extrait","status":"publish","type":"product","link":"https:\/\/medicinasinc.com\/fr\/product\/thc-live-diamonds-superieur-extrait\/","title":{"rendered":"THC Live Diamonds &#8211; Extrait sup\u00e9rieur"},"content":{"rendered":"<p>Thc Live Diamonds de qualit\u00e9 sup\u00e9rieure<br \/> Souvent appel\u00e9s \u00ab\u00a0les dabs les plus forts au monde\u00a0\u00bb, les Superior THC Live Diamonds sont un nouvel extrait qui gagne rapidement du terrain dans la communaut\u00e9 du cannabis en tant que concentr\u00e9 le plus puissant du march\u00e9. Cet extrait cristallis\u00e9 contient plus de 99\u00a0% de THC-A pur &#8211; qui ne produit pas d&#8217;effet psychoactif lorsqu&#8217;il est consomm\u00e9, mais n\u00e9cessite une d\u00e9carboxylation (combustion) pour se convertir en THC psychoactif.<\/p>\n<p>Les diamants vivants THC sup\u00e9rieurs sont fabriqu\u00e9s \u00e0 partir de r\u00e9sine, qui aide \u00e0 retenir les terp\u00e8nes, ce qui donne un concentr\u00e9 plus savoureux\u00a0!<br \/> Bien que la r\u00e9sine vivante soit visqueuse, elle est scell\u00e9e dans un r\u00e9cipient sous pression et laiss\u00e9e refroidir \u00e0 temp\u00e9rature ambiante. Au sein de ce m\u00e9lange, des cristaux de THCA se forment et tombent au fond du pot au fil du temps. Les terp\u00e8nes r\u00e9siduels dans la r\u00e9sine vivante remontent \u00e0 la surface et forment une couche visqueuse. En cons\u00e9quence, un concentr\u00e9 contenant 97 \u00e0 99\u00a0% de THC est cr\u00e9\u00e9, ainsi que la saveur et les propri\u00e9t\u00e9s m\u00e9dicinales des terp\u00e8nes sp\u00e9cifiques \u00e0 la souche.<\/p>\n","protected":false},"excerpt":{"rendered":"<ul>\n<li>Un concentr\u00e9 compos\u00e9 de 97 \u00e0 99\u00a0% de THC<\/li>\n<li>99\u00a0% de THC-A pur<\/li>\n<li>Poste Canada Xpresspost Livraison GRATUITE pour les commandes de plus de 99\u00a0$<\/li>\n<li>Livraison partout au Canada seulement<\/li>\n<li>Description compl\u00e8te du produit ci-dessous<\/li>\n<\/ul>\n","protected":false},"featured_media":4747,"comment_status":"open","ping_status":"closed","template":"","meta":[],"product_brand":[],"product_cat":[610],"product_tag":[],"class_list":{"0":"post-4734","1":"product","2":"type-product","3":"status-publish","4":"has-post-thumbnail","6":"product_cat-acheter-hachisch-hachisch","8":"first","9":"instock","10":"shipping-taxable","11":"purchasable","12":"product-type-variable","13":"has-default-attributes"},"yoast_head":"<!-- This site is optimized with the Yoast SEO plugin v27.3 - https:\/\/yoast.com\/product\/yoast-seo-wordpress\/ -->\n<title>THC Live Diamonds - Extrait sup\u00e9rieur - Meilleurs meilleurs m\u00e9dicaments mondiaux<\/title>\n<meta name=\"description\" content=\"Achetez THC Live-Diamonds - Extraits sup\u00e9rieurs en ligne avec exp\u00e9dition et livraison dans le monde entier \u00e0 votre emplacement pr\u00e9f\u00e9r\u00e9. Nous vendons au d\u00e9tail et en gros notre THC.\" \/>\n<meta name=\"robots\" content=\"index, follow, max-snippet:-1, max-image-preview:large, max-video-preview:-1\" \/>\n<link rel=\"canonical\" href=\"https:\/\/medicinasinc.com\/fr\/product\/thc-live-diamonds-superieur-extrait\/\" \/>\n<meta property=\"og:locale\" content=\"en_US\" \/>\n<meta property=\"og:type\" content=\"article\" \/>\n<meta property=\"og:title\" content=\"THC Live Diamonds - Extrait sup\u00e9rieur - Meilleurs meilleurs m\u00e9dicaments mondiaux\" \/>\n<meta property=\"og:description\" content=\"Achetez THC Live-Diamonds - Extraits sup\u00e9rieurs en ligne avec exp\u00e9dition et livraison dans le monde entier \u00e0 votre emplacement pr\u00e9f\u00e9r\u00e9. Nous vendons au d\u00e9tail et en gros notre THC.\" \/>\n<meta property=\"og:url\" content=\"https:\/\/medicinasinc.com\/fr\/product\/thc-live-diamonds-superieur-extrait\/\" \/>\n<meta property=\"og:site_name\" content=\"Medicinas Inc\" \/>\n<meta property=\"article:modified_time\" content=\"2022-03-17T12:23:27+00:00\" \/>\n<meta property=\"og:image\" content=\"https:\/\/medicinasinc.com\/fr\/wp-content\/uploads\/sites\/5\/2022\/02\/Buy-THC-Live-Diamonds-Superior-Extract.jpg\" \/>\n\t<meta property=\"og:image:width\" content=\"600\" \/>\n\t<meta property=\"og:image:height\" content=\"600\" \/>\n\t<meta property=\"og:image:type\" content=\"image\/jpeg\" \/>\n<meta name=\"twitter:card\" content=\"summary_large_image\" \/>\n<meta name=\"twitter:label1\" content=\"Est. reading time\" \/>\n\t<meta name=\"twitter:data1\" content=\"1 minute\" \/>\n<script type=\"application\/ld+json\" class=\"yoast-schema-graph\">{\"@context\":\"https:\\\/\\\/schema.org\",\"@graph\":[{\"@type\":\"WebPage\",\"@id\":\"https:\\\/\\\/medicinasinc.com\\\/fr\\\/product\\\/thc-live-diamonds-superieur-extrait\\\/\",\"url\":\"https:\\\/\\\/medicinasinc.com\\\/fr\\\/product\\\/thc-live-diamonds-superieur-extrait\\\/\",\"name\":\"THC Live Diamonds - Extrait sup\u00e9rieur - Meilleurs meilleurs m\u00e9dicaments mondiaux\",\"isPartOf\":{\"@id\":\"https:\\\/\\\/medicinasinc.com\\\/fr\\\/#website\"},\"primaryImageOfPage\":{\"@id\":\"https:\\\/\\\/medicinasinc.com\\\/fr\\\/product\\\/thc-live-diamonds-superieur-extrait\\\/#primaryimage\"},\"image\":{\"@id\":\"https:\\\/\\\/medicinasinc.com\\\/fr\\\/product\\\/thc-live-diamonds-superieur-extrait\\\/#primaryimage\"},\"thumbnailUrl\":\"https:\\\/\\\/medicinasinc.com\\\/fr\\\/wp-content\\\/uploads\\\/sites\\\/5\\\/2022\\\/02\\\/Buy-THC-Live-Diamonds-Superior-Extract.jpg\",\"datePublished\":\"2022-02-20T15:19:28+00:00\",\"dateModified\":\"2022-03-17T12:23:27+00:00\",\"description\":\"Achetez THC Live-Diamonds - Extraits sup\u00e9rieurs en ligne avec exp\u00e9dition et livraison dans le monde entier \u00e0 votre emplacement pr\u00e9f\u00e9r\u00e9. Nous vendons au d\u00e9tail et en gros notre THC.\",\"breadcrumb\":{\"@id\":\"https:\\\/\\\/medicinasinc.com\\\/fr\\\/product\\\/thc-live-diamonds-superieur-extrait\\\/#breadcrumb\"},\"inLanguage\":\"en-US\",\"potentialAction\":[{\"@type\":\"ReadAction\",\"target\":[\"https:\\\/\\\/medicinasinc.com\\\/fr\\\/product\\\/thc-live-diamonds-superieur-extrait\\\/\"]}]},{\"@type\":\"ImageObject\",\"inLanguage\":\"en-US\",\"@id\":\"https:\\\/\\\/medicinasinc.com\\\/fr\\\/product\\\/thc-live-diamonds-superieur-extrait\\\/#primaryimage\",\"url\":\"https:\\\/\\\/medicinasinc.com\\\/fr\\\/wp-content\\\/uploads\\\/sites\\\/5\\\/2022\\\/02\\\/Buy-THC-Live-Diamonds-Superior-Extract.jpg\",\"contentUrl\":\"https:\\\/\\\/medicinasinc.com\\\/fr\\\/wp-content\\\/uploads\\\/sites\\\/5\\\/2022\\\/02\\\/Buy-THC-Live-Diamonds-Superior-Extract.jpg\",\"width\":600,\"height\":600},{\"@type\":\"BreadcrumbList\",\"@id\":\"https:\\\/\\\/medicinasinc.com\\\/fr\\\/product\\\/thc-live-diamonds-superieur-extrait\\\/#breadcrumb\",\"itemListElement\":[{\"@type\":\"ListItem\",\"position\":1,\"name\":\"Boutique\",\"item\":\"https:\\\/\\\/medicinasinc.com\\\/fr\\\/boutique\\\/\"},{\"@type\":\"ListItem\",\"position\":2,\"name\":\"THC Live Diamonds &#8211; Extrait sup\u00e9rieur\"}]},{\"@type\":\"WebSite\",\"@id\":\"https:\\\/\\\/medicinasinc.com\\\/fr\\\/#website\",\"url\":\"https:\\\/\\\/medicinasinc.com\\\/fr\\\/\",\"name\":\"Medicinas Inc\",\"description\":\"Health Medical Clinic\",\"potentialAction\":[{\"@type\":\"SearchAction\",\"target\":{\"@type\":\"EntryPoint\",\"urlTemplate\":\"https:\\\/\\\/medicinasinc.com\\\/fr\\\/?s={search_term_string}\"},\"query-input\":{\"@type\":\"PropertyValueSpecification\",\"valueRequired\":true,\"valueName\":\"search_term_string\"}}],\"inLanguage\":\"en-US\"}]}<\/script>\n<!-- \/ Yoast SEO plugin. -->","yoast_head_json":{"title":"THC Live Diamonds - Extrait sup\u00e9rieur - Meilleurs meilleurs m\u00e9dicaments mondiaux","description":"Achetez THC Live-Diamonds - Extraits sup\u00e9rieurs en ligne avec exp\u00e9dition et livraison dans le monde entier \u00e0 votre emplacement pr\u00e9f\u00e9r\u00e9. Nous vendons au d\u00e9tail et en gros notre THC.","robots":{"index":"index","follow":"follow","max-snippet":"max-snippet:-1","max-image-preview":"max-image-preview:large","max-video-preview":"max-video-preview:-1"},"canonical":"https:\/\/medicinasinc.com\/fr\/product\/thc-live-diamonds-superieur-extrait\/","og_locale":"en_US","og_type":"article","og_title":"THC Live Diamonds - Extrait sup\u00e9rieur - Meilleurs meilleurs m\u00e9dicaments mondiaux","og_description":"Achetez THC Live-Diamonds - Extraits sup\u00e9rieurs en ligne avec exp\u00e9dition et livraison dans le monde entier \u00e0 votre emplacement pr\u00e9f\u00e9r\u00e9. Nous vendons au d\u00e9tail et en gros notre THC.","og_url":"https:\/\/medicinasinc.com\/fr\/product\/thc-live-diamonds-superieur-extrait\/","og_site_name":"Medicinas Inc","article_modified_time":"2022-03-17T12:23:27+00:00","og_image":[{"width":600,"height":600,"url":"https:\/\/medicinasinc.com\/fr\/wp-content\/uploads\/sites\/5\/2022\/02\/Buy-THC-Live-Diamonds-Superior-Extract.jpg","type":"image\/jpeg"}],"twitter_card":"summary_large_image","twitter_misc":{"Est. reading time":"1 minute"},"schema":{"@context":"https:\/\/schema.org","@graph":[{"@type":"WebPage","@id":"https:\/\/medicinasinc.com\/fr\/product\/thc-live-diamonds-superieur-extrait\/","url":"https:\/\/medicinasinc.com\/fr\/product\/thc-live-diamonds-superieur-extrait\/","name":"THC Live Diamonds - Extrait sup\u00e9rieur - Meilleurs meilleurs m\u00e9dicaments mondiaux","isPartOf":{"@id":"https:\/\/medicinasinc.com\/fr\/#website"},"primaryImageOfPage":{"@id":"https:\/\/medicinasinc.com\/fr\/product\/thc-live-diamonds-superieur-extrait\/#primaryimage"},"image":{"@id":"https:\/\/medicinasinc.com\/fr\/product\/thc-live-diamonds-superieur-extrait\/#primaryimage"},"thumbnailUrl":"https:\/\/medicinasinc.com\/fr\/wp-content\/uploads\/sites\/5\/2022\/02\/Buy-THC-Live-Diamonds-Superior-Extract.jpg","datePublished":"2022-02-20T15:19:28+00:00","dateModified":"2022-03-17T12:23:27+00:00","description":"Achetez THC Live-Diamonds - Extraits sup\u00e9rieurs en ligne avec exp\u00e9dition et livraison dans le monde entier \u00e0 votre emplacement pr\u00e9f\u00e9r\u00e9. Nous vendons au d\u00e9tail et en gros notre THC.","breadcrumb":{"@id":"https:\/\/medicinasinc.com\/fr\/product\/thc-live-diamonds-superieur-extrait\/#breadcrumb"},"inLanguage":"en-US","potentialAction":[{"@type":"ReadAction","target":["https:\/\/medicinasinc.com\/fr\/product\/thc-live-diamonds-superieur-extrait\/"]}]},{"@type":"ImageObject","inLanguage":"en-US","@id":"https:\/\/medicinasinc.com\/fr\/product\/thc-live-diamonds-superieur-extrait\/#primaryimage","url":"https:\/\/medicinasinc.com\/fr\/wp-content\/uploads\/sites\/5\/2022\/02\/Buy-THC-Live-Diamonds-Superior-Extract.jpg","contentUrl":"https:\/\/medicinasinc.com\/fr\/wp-content\/uploads\/sites\/5\/2022\/02\/Buy-THC-Live-Diamonds-Superior-Extract.jpg","width":600,"height":600},{"@type":"BreadcrumbList","@id":"https:\/\/medicinasinc.com\/fr\/product\/thc-live-diamonds-superieur-extrait\/#breadcrumb","itemListElement":[{"@type":"ListItem","position":1,"name":"Boutique","item":"https:\/\/medicinasinc.com\/fr\/boutique\/"},{"@type":"ListItem","position":2,"name":"THC Live Diamonds &#8211; Extrait sup\u00e9rieur"}]},{"@type":"WebSite","@id":"https:\/\/medicinasinc.com\/fr\/#website","url":"https:\/\/medicinasinc.com\/fr\/","name":"Medicinas Inc","description":"Health Medical Clinic","potentialAction":[{"@type":"SearchAction","target":{"@type":"EntryPoint","urlTemplate":"https:\/\/medicinasinc.com\/fr\/?s={search_term_string}"},"query-input":{"@type":"PropertyValueSpecification","valueRequired":true,"valueName":"search_term_string"}}],"inLanguage":"en-US"}]}},"_links":{"self":[{"href":"https:\/\/medicinasinc.com\/fr\/wp-json\/wp\/v2\/product\/4734","targetHints":{"allow":["GET"]}}],"collection":[{"href":"https:\/\/medicinasinc.com\/fr\/wp-json\/wp\/v2\/product"}],"about":[{"href":"https:\/\/medicinasinc.com\/fr\/wp-json\/wp\/v2\/types\/product"}],"replies":[{"embeddable":true,"href":"https:\/\/medicinasinc.com\/fr\/wp-json\/wp\/v2\/comments?post=4734"}],"wp:featuredmedia":[{"embeddable":true,"href":"https:\/\/medicinasinc.com\/fr\/wp-json\/wp\/v2\/media\/4747"}],"wp:attachment":[{"href":"https:\/\/medicinasinc.com\/fr\/wp-json\/wp\/v2\/media?parent=4734"}],"wp:term":[{"taxonomy":"product_brand","embeddable":true,"href":"https:\/\/medicinasinc.com\/fr\/wp-json\/wp\/v2\/product_brand?post=4734"},{"taxonomy":"product_cat","embeddable":true,"href":"https:\/\/medicinasinc.com\/fr\/wp-json\/wp\/v2\/product_cat?post=4734"},{"taxonomy":"product_tag","embeddable":true,"href":"https:\/\/medicinasinc.com\/fr\/wp-json\/wp\/v2\/product_tag?post=4734"}],"curies":[{"name":"wp","href":"https:\/\/api.w.org\/{rel}","templated":true}]}}