{"id":4733,"date":"2022-02-20T15:18:37","date_gmt":"2022-02-20T15:18:37","guid":{"rendered":"https:\/\/medicinasinc.com\/fr\/?post_type=product&#038;p=4733"},"modified":"2022-03-17T12:23:38","modified_gmt":"2022-03-17T12:23:38","slug":"acheter-pink-kush-hash","status":"publish","type":"product","link":"https:\/\/medicinasinc.com\/fr\/product\/acheter-pink-kush-hash\/","title":{"rendered":"Acheter du hasch Pink Kush"},"content":{"rendered":"<p>Achat en ligne de Pink Kush Hash<\/p>\n<p>Avant d&#8217;acheter du hasch l\u00e9gal en ligne, il est essentiel de comprendre ce que c&#8217;est, comment il se rapporte au cannabis et ce qui le distingue des autres produits \u00e0 base de cannabis. Le hasch, un autre terme pour \u00ab haschich \u00bb, est un concentr\u00e9 de cannabis v\u00e9hicul\u00e9 par le poix d&#8217;une plante de marijuana. Ceci est accompli en s\u00e9parant les organes de s\u00e8ve d&#8217;une plante de cannabis, qui sont collectivement appel\u00e9s trichomes, de ses fleurs. Ces trichomes sont connus pour contenir les concentrations les plus \u00e9lev\u00e9es de cannabino\u00efdes et de terp\u00e8nes, qui sont les compos\u00e9s chimiques responsables des propri\u00e9t\u00e9s et caract\u00e9ristiques uniques de Maryjane. En raison de la forte concentration de cannabino\u00efdes et de terp\u00e8nes dans le hasch, il poss\u00e8de une capacit\u00e9 extraordinaire \u00e0 cr\u00e9er des rencontres psychoactives et m\u00e9dicinales \u00e9poustouflantes pour les consommateurs de cannabis. L&#8217;huile de hasch est une forme tr\u00e8s concentr\u00e9e de cannabis qui peut \u00eatre fum\u00e9e, vaporis\u00e9e, consomm\u00e9e ou frott\u00e9e sur la peau. Parfois, l&#8217;utilisation de l&#8217;huile de hasch est appel\u00e9e &#8220;atteindre&#8221; ou &#8220;consommer&#8221;. L&#8217;huile de hasch est d\u00e9riv\u00e9e de plantes de cannabis et contient du THC (delta-9-t\u00e9trahydrocannabinol), le m\u00eame compos\u00e9 r\u00e9volutionnaire que l&#8217;on trouve dans d&#8217;autres produits Maryjane.<\/p>\n<p>Dans tous les cas, l&#8217;huile de hasch est plus puissante, contenant jusqu&#8217;\u00e0 90\u00a0% THC pur. Bien s\u00fbr, dans d&#8217;autres parties de la plante de cannabis, la concentration typique de THC est d&#8217;environ 12 %. L&#8217;extraction au CO2 de confiance<\/p>\n<p>est actuellement la m\u00e9thode la plus efficace pour extraire l&#8217;huile de THC. De plus, c&#8217;est la m\u00e9thode la plus courante et la plus s\u00fbre pour produire de l&#8217;huile de cannabis, du distillat et des camions de gomme vivante. La raison pour laquelle elle est si r\u00e9pandue de nos jours est que cette huile THC est exempte de solvants suppl\u00e9mentaires tels que la liqueur ou le butane.<\/p>\n<p>La majorit\u00e9 des huiles THC contiennent un type de pr\u00e9paration d\u00e9croissante. Cela est n\u00e9cessaire pour s&#8217;assurer que l&#8217;huile conserve une consistance id\u00e9ale pour le vapotage. Les agents r\u00e9ducteurs les plus efficaces sont la glyc\u00e9rine v\u00e9g\u00e9tale et le propyl\u00e8ne glycol (VG et PG), que l&#8217;on trouve couramment dans les e-liquides classiques. Quelques-unes contiennent diverses charges, telles que le PEG, et beaucoup plus r\u00e9cemment, le TEC Temper, qui est une autre condition d\u00e9riv\u00e9e des terp\u00e8nes conventionnels. L&#8217;huile de hasch est disponible \u00e0 l&#8217;achat.<\/p>\n","protected":false},"excerpt":{"rendered":"<p>Acheter Pink Kush Hash \u00e0 vendre au Royaume-Uni, en Europe en ligne. Pink Kush, aussi convoit\u00e9e que sa parente OG Kush, est un hybride \u00e0 dominance indica avec de puissants effets corporels. Commandez en ligne MAINTENANT\u00a0!<\/p>\n<ul>\n<li>Exp\u00e9dition dans le monde entier<\/li>\n<li>Contactez-nous pour des commandes plus importantes<\/li>\n<\/ul>\n","protected":false},"featured_media":4745,"comment_status":"open","ping_status":"closed","template":"","meta":[],"product_brand":[],"product_cat":[610],"product_tag":[],"class_list":{"0":"post-4733","1":"product","2":"type-product","3":"status-publish","4":"has-post-thumbnail","6":"product_cat-acheter-hachisch-hachisch","8":"first","9":"instock","10":"shipping-taxable","11":"purchasable","12":"product-type-variable","13":"has-default-attributes"},"yoast_head":"<!-- This site is optimized with the Yoast SEO plugin v27.2 - https:\/\/yoast.com\/product\/yoast-seo-wordpress\/ -->\n<title>Acheter Pink Kush Hash en ligne - Meilleurs meilleurs m\u00e9dicaments mondiaux<\/title>\n<meta name=\"description\" content=\"Acheter Pink Kush Hash \u00e0 vendre au Royaume-Uni, en Europe en ligne. Pink Kush, aussi convoit\u00e9e que sa parente OG Kush, est un hybride \u00e0 dominance indica avec de puissants effets corporels. Commandez en ligne MAINTENANT\u00a0!\" \/>\n<meta name=\"robots\" content=\"index, follow, max-snippet:-1, max-image-preview:large, max-video-preview:-1\" \/>\n<link rel=\"canonical\" href=\"https:\/\/medicinasinc.com\/fr\/product\/acheter-pink-kush-hash\/\" \/>\n<meta property=\"og:locale\" content=\"en_US\" \/>\n<meta property=\"og:type\" content=\"article\" \/>\n<meta property=\"og:title\" content=\"Acheter Pink Kush Hash en ligne - Meilleurs meilleurs m\u00e9dicaments mondiaux\" \/>\n<meta property=\"og:description\" content=\"Acheter Pink Kush Hash \u00e0 vendre au Royaume-Uni, en Europe en ligne. Pink Kush, aussi convoit\u00e9e que sa parente OG Kush, est un hybride \u00e0 dominance indica avec de puissants effets corporels. Commandez en ligne MAINTENANT\u00a0!\" \/>\n<meta property=\"og:url\" content=\"https:\/\/medicinasinc.com\/fr\/product\/acheter-pink-kush-hash\/\" \/>\n<meta property=\"og:site_name\" content=\"Medicinas Inc\" \/>\n<meta property=\"article:modified_time\" content=\"2022-03-17T12:23:38+00:00\" \/>\n<meta property=\"og:image\" content=\"https:\/\/medicinasinc.com\/fr\/wp-content\/uploads\/sites\/5\/2022\/02\/buy-pink-kush-hash.jpg\" \/>\n\t<meta property=\"og:image:width\" content=\"600\" \/>\n\t<meta property=\"og:image:height\" content=\"600\" \/>\n\t<meta property=\"og:image:type\" content=\"image\/jpeg\" \/>\n<meta name=\"twitter:card\" content=\"summary_large_image\" \/>\n<meta name=\"twitter:label1\" content=\"Est. reading time\" \/>\n\t<meta name=\"twitter:data1\" content=\"2 minutes\" \/>\n<script type=\"application\/ld+json\" class=\"yoast-schema-graph\">{\"@context\":\"https:\/\/schema.org\",\"@graph\":[{\"@type\":\"WebPage\",\"@id\":\"https:\/\/medicinasinc.com\/fr\/product\/acheter-pink-kush-hash\/\",\"url\":\"https:\/\/medicinasinc.com\/fr\/product\/acheter-pink-kush-hash\/\",\"name\":\"Acheter Pink Kush Hash en ligne - Meilleurs meilleurs m\u00e9dicaments mondiaux\",\"isPartOf\":{\"@id\":\"https:\/\/medicinasinc.com\/fr\/#website\"},\"primaryImageOfPage\":{\"@id\":\"https:\/\/medicinasinc.com\/fr\/product\/acheter-pink-kush-hash\/#primaryimage\"},\"image\":{\"@id\":\"https:\/\/medicinasinc.com\/fr\/product\/acheter-pink-kush-hash\/#primaryimage\"},\"thumbnailUrl\":\"https:\/\/medicinasinc.com\/fr\/wp-content\/uploads\/sites\/5\/2022\/02\/buy-pink-kush-hash.jpg\",\"datePublished\":\"2022-02-20T15:18:37+00:00\",\"dateModified\":\"2022-03-17T12:23:38+00:00\",\"description\":\"Acheter Pink Kush Hash \u00e0 vendre au Royaume-Uni, en Europe en ligne. Pink Kush, aussi convoit\u00e9e que sa parente OG Kush, est un hybride \u00e0 dominance indica avec de puissants effets corporels. Commandez en ligne MAINTENANT\u00a0!\",\"breadcrumb\":{\"@id\":\"https:\/\/medicinasinc.com\/fr\/product\/acheter-pink-kush-hash\/#breadcrumb\"},\"inLanguage\":\"en-US\",\"potentialAction\":[{\"@type\":\"ReadAction\",\"target\":[\"https:\/\/medicinasinc.com\/fr\/product\/acheter-pink-kush-hash\/\"]}]},{\"@type\":\"ImageObject\",\"inLanguage\":\"en-US\",\"@id\":\"https:\/\/medicinasinc.com\/fr\/product\/acheter-pink-kush-hash\/#primaryimage\",\"url\":\"https:\/\/medicinasinc.com\/fr\/wp-content\/uploads\/sites\/5\/2022\/02\/buy-pink-kush-hash.jpg\",\"contentUrl\":\"https:\/\/medicinasinc.com\/fr\/wp-content\/uploads\/sites\/5\/2022\/02\/buy-pink-kush-hash.jpg\",\"width\":600,\"height\":600},{\"@type\":\"BreadcrumbList\",\"@id\":\"https:\/\/medicinasinc.com\/fr\/product\/acheter-pink-kush-hash\/#breadcrumb\",\"itemListElement\":[{\"@type\":\"ListItem\",\"position\":1,\"name\":\"Boutique\",\"item\":\"https:\/\/medicinasinc.com\/fr\/boutique\/\"},{\"@type\":\"ListItem\",\"position\":2,\"name\":\"Acheter du hasch Pink Kush\"}]},{\"@type\":\"WebSite\",\"@id\":\"https:\/\/medicinasinc.com\/fr\/#website\",\"url\":\"https:\/\/medicinasinc.com\/fr\/\",\"name\":\"Medicinas Inc\",\"description\":\"Health Medical Clinic\",\"potentialAction\":[{\"@type\":\"SearchAction\",\"target\":{\"@type\":\"EntryPoint\",\"urlTemplate\":\"https:\/\/medicinasinc.com\/fr\/?s={search_term_string}\"},\"query-input\":{\"@type\":\"PropertyValueSpecification\",\"valueRequired\":true,\"valueName\":\"search_term_string\"}}],\"inLanguage\":\"en-US\"}]}<\/script>\n<!-- \/ Yoast SEO plugin. -->","yoast_head_json":{"title":"Acheter Pink Kush Hash en ligne - Meilleurs meilleurs m\u00e9dicaments mondiaux","description":"Acheter Pink Kush Hash \u00e0 vendre au Royaume-Uni, en Europe en ligne. Pink Kush, aussi convoit\u00e9e que sa parente OG Kush, est un hybride \u00e0 dominance indica avec de puissants effets corporels. Commandez en ligne MAINTENANT\u00a0!","robots":{"index":"index","follow":"follow","max-snippet":"max-snippet:-1","max-image-preview":"max-image-preview:large","max-video-preview":"max-video-preview:-1"},"canonical":"https:\/\/medicinasinc.com\/fr\/product\/acheter-pink-kush-hash\/","og_locale":"en_US","og_type":"article","og_title":"Acheter Pink Kush Hash en ligne - Meilleurs meilleurs m\u00e9dicaments mondiaux","og_description":"Acheter Pink Kush Hash \u00e0 vendre au Royaume-Uni, en Europe en ligne. Pink Kush, aussi convoit\u00e9e que sa parente OG Kush, est un hybride \u00e0 dominance indica avec de puissants effets corporels. Commandez en ligne MAINTENANT\u00a0!","og_url":"https:\/\/medicinasinc.com\/fr\/product\/acheter-pink-kush-hash\/","og_site_name":"Medicinas Inc","article_modified_time":"2022-03-17T12:23:38+00:00","og_image":[{"width":600,"height":600,"url":"https:\/\/medicinasinc.com\/fr\/wp-content\/uploads\/sites\/5\/2022\/02\/buy-pink-kush-hash.jpg","type":"image\/jpeg"}],"twitter_card":"summary_large_image","twitter_misc":{"Est. reading time":"2 minutes"},"schema":{"@context":"https:\/\/schema.org","@graph":[{"@type":"WebPage","@id":"https:\/\/medicinasinc.com\/fr\/product\/acheter-pink-kush-hash\/","url":"https:\/\/medicinasinc.com\/fr\/product\/acheter-pink-kush-hash\/","name":"Acheter Pink Kush Hash en ligne - Meilleurs meilleurs m\u00e9dicaments mondiaux","isPartOf":{"@id":"https:\/\/medicinasinc.com\/fr\/#website"},"primaryImageOfPage":{"@id":"https:\/\/medicinasinc.com\/fr\/product\/acheter-pink-kush-hash\/#primaryimage"},"image":{"@id":"https:\/\/medicinasinc.com\/fr\/product\/acheter-pink-kush-hash\/#primaryimage"},"thumbnailUrl":"https:\/\/medicinasinc.com\/fr\/wp-content\/uploads\/sites\/5\/2022\/02\/buy-pink-kush-hash.jpg","datePublished":"2022-02-20T15:18:37+00:00","dateModified":"2022-03-17T12:23:38+00:00","description":"Acheter Pink Kush Hash \u00e0 vendre au Royaume-Uni, en Europe en ligne. Pink Kush, aussi convoit\u00e9e que sa parente OG Kush, est un hybride \u00e0 dominance indica avec de puissants effets corporels. Commandez en ligne MAINTENANT\u00a0!","breadcrumb":{"@id":"https:\/\/medicinasinc.com\/fr\/product\/acheter-pink-kush-hash\/#breadcrumb"},"inLanguage":"en-US","potentialAction":[{"@type":"ReadAction","target":["https:\/\/medicinasinc.com\/fr\/product\/acheter-pink-kush-hash\/"]}]},{"@type":"ImageObject","inLanguage":"en-US","@id":"https:\/\/medicinasinc.com\/fr\/product\/acheter-pink-kush-hash\/#primaryimage","url":"https:\/\/medicinasinc.com\/fr\/wp-content\/uploads\/sites\/5\/2022\/02\/buy-pink-kush-hash.jpg","contentUrl":"https:\/\/medicinasinc.com\/fr\/wp-content\/uploads\/sites\/5\/2022\/02\/buy-pink-kush-hash.jpg","width":600,"height":600},{"@type":"BreadcrumbList","@id":"https:\/\/medicinasinc.com\/fr\/product\/acheter-pink-kush-hash\/#breadcrumb","itemListElement":[{"@type":"ListItem","position":1,"name":"Boutique","item":"https:\/\/medicinasinc.com\/fr\/boutique\/"},{"@type":"ListItem","position":2,"name":"Acheter du hasch Pink Kush"}]},{"@type":"WebSite","@id":"https:\/\/medicinasinc.com\/fr\/#website","url":"https:\/\/medicinasinc.com\/fr\/","name":"Medicinas Inc","description":"Health Medical Clinic","potentialAction":[{"@type":"SearchAction","target":{"@type":"EntryPoint","urlTemplate":"https:\/\/medicinasinc.com\/fr\/?s={search_term_string}"},"query-input":{"@type":"PropertyValueSpecification","valueRequired":true,"valueName":"search_term_string"}}],"inLanguage":"en-US"}]}},"_links":{"self":[{"href":"https:\/\/medicinasinc.com\/fr\/wp-json\/wp\/v2\/product\/4733","targetHints":{"allow":["GET"]}}],"collection":[{"href":"https:\/\/medicinasinc.com\/fr\/wp-json\/wp\/v2\/product"}],"about":[{"href":"https:\/\/medicinasinc.com\/fr\/wp-json\/wp\/v2\/types\/product"}],"replies":[{"embeddable":true,"href":"https:\/\/medicinasinc.com\/fr\/wp-json\/wp\/v2\/comments?post=4733"}],"wp:featuredmedia":[{"embeddable":true,"href":"https:\/\/medicinasinc.com\/fr\/wp-json\/wp\/v2\/media\/4745"}],"wp:attachment":[{"href":"https:\/\/medicinasinc.com\/fr\/wp-json\/wp\/v2\/media?parent=4733"}],"wp:term":[{"taxonomy":"product_brand","embeddable":true,"href":"https:\/\/medicinasinc.com\/fr\/wp-json\/wp\/v2\/product_brand?post=4733"},{"taxonomy":"product_cat","embeddable":true,"href":"https:\/\/medicinasinc.com\/fr\/wp-json\/wp\/v2\/product_cat?post=4733"},{"taxonomy":"product_tag","embeddable":true,"href":"https:\/\/medicinasinc.com\/fr\/wp-json\/wp\/v2\/product_tag?post=4733"}],"curies":[{"name":"wp","href":"https:\/\/api.w.org\/{rel}","templated":true}]}}