{"id":4717,"date":"2022-02-20T15:05:15","date_gmt":"2022-02-20T15:05:15","guid":{"rendered":"https:\/\/medicinasinc.com\/fr\/?post_type=product&#038;p=4717"},"modified":"2022-03-17T12:24:03","modified_gmt":"2022-03-17T12:24:03","slug":"acheter-nepalese-stick-hash","status":"publish","type":"product","link":"https:\/\/medicinasinc.com\/fr\/product\/acheter-nepalese-stick-hash\/","title":{"rendered":"Acheter du N\u00e9palais Stick Hash"},"content":{"rendered":"<p>Achat en ligne de Nepalese Stick Hash<\/p>\n<p>Le Nepalese Stick Hash est pr\u00e9par\u00e9 de la m\u00eame mani\u00e8re que les Temple Balls. Les plantes de cannabis les cultivent. Les bourgeons ou les fleurs de cannabis sont d&#8217;abord collect\u00e9s et r\u00e9colt\u00e9s. Frottez ces bourgeons entre vos mains pour en extraire les r\u00e9sines ou les trichomes. Les Temple Balls sont cr\u00e9\u00e9es \u00e0 partir des r\u00e9sines obtenues. Les boules de tempe sont ensuite press\u00e9es contre une \u00e9tag\u00e8re ou une dalle \u00e9paisse et dure.<\/p>\n<p>Le hachis b\u00e2ton n\u00e9palais est noir \u00e0 l&#8217;ext\u00e9rieur et brun\u00e2tre \u00e0 l&#8217;int\u00e9rieur. Ils contiennent pr\u00e8s de 15 \u00e0 20 % de THC. Ceux-ci sont tr\u00e8s concentr\u00e9s et ont une saveur \u00e9pic\u00e9e ou sucr\u00e9e.<\/p>\n<p>Effets\u00a0:<\/p>\n<p>Les effets de Stick Hash d\u00e9pendent g\u00e9n\u00e9ralement des concentrations de THC et de r\u00e9sine. Ils ont tendance \u00e0 augmenter la temp\u00e9rature de votre corps et \u00e0 vous \u00e9lever \u00e0 un niveau dangereusement \u00e9lev\u00e9, m\u00eame en petites quantit\u00e9s. Il est g\u00e9n\u00e9ralement s\u00fbr \u00e0 utiliser et a une demi-vie de 6 \u00e0 7 heures. Ces b\u00e2tons de hachage sont id\u00e9aux pour ceux qui ont besoin de rester plan\u00e9s pendant une longue p\u00e9riode de temps.<\/p>\n<p>Comment les utiliser\u00a0:<\/p>\n<p>Le Nepalese Stick Hash est un produit du N\u00e9pal. Ils peuvent \u00eatre fum\u00e9s, infus\u00e9s dans une pipe, incorpor\u00e9s dans des produits comestibles ou vaporis\u00e9s en tampon. Lorsque Stick Hash est utilis\u00e9 dans des produits comestibles, il faut environ 1 \u00e0 2 heures pour se d\u00e9clencher et montrer les effets.<\/p>\n<p>O\u00f9 puis-je acheter du Nepalese Stick Hash sur Internet\u00a0?<\/p>\n<p>Vous pouvez acheter Nepalese Stick Hash fra\u00eechement pr\u00e9par\u00e9 sur notre site Web, nous vous fournissons des b\u00e2tonnets de hachage de haute qualit\u00e9 et extr\u00eamement puissants. Ceux-ci sont produits de mani\u00e8re naturelle au N\u00e9pal. Vous pouvez les acheter \u00e0 un prix raisonnable et les recevoir rapidement.<\/p>\n","protected":false},"excerpt":{"rendered":"<p>Acheter N\u00e9palais Stick Hash en ligne N\u00e9palais fait r\u00e9f\u00e9rence \u00e0 toute souche qui pousse na\u00efvement dans la r\u00e9gion du N\u00e9pal. Commandez de l&#8217;herbe en ligne, ces vari\u00e9t\u00e9s indig\u00e8nes.<\/p>\n","protected":false},"featured_media":4730,"comment_status":"open","ping_status":"closed","template":"","meta":[],"product_brand":[],"product_cat":[610],"product_tag":[],"class_list":{"0":"post-4717","1":"product","2":"type-product","3":"status-publish","4":"has-post-thumbnail","6":"product_cat-acheter-hachisch-hachisch","8":"first","9":"instock","10":"shipping-taxable","11":"purchasable","12":"product-type-variable","13":"has-default-attributes"},"yoast_head":"<!-- This site is optimized with the Yoast SEO plugin v27.3 - https:\/\/yoast.com\/product\/yoast-seo-wordpress\/ -->\n<title>Acheter Nepalese Stick Hash - Meilleurs meilleurs m\u00e9dicaments mondiaux<\/title>\n<meta name=\"description\" content=\"Acheter N\u00e9palais Stick Hash en ligne N\u00e9palais fait r\u00e9f\u00e9rence \u00e0 toute souche qui pousse na\u00efvement dans la r\u00e9gion du N\u00e9pal. Commandez de l&#039;herbe en ligne, ces vari\u00e9t\u00e9s indig\u00e8nes.\" \/>\n<meta name=\"robots\" content=\"index, follow, max-snippet:-1, max-image-preview:large, max-video-preview:-1\" \/>\n<link rel=\"canonical\" href=\"https:\/\/medicinasinc.com\/fr\/product\/acheter-nepalese-stick-hash\/\" \/>\n<meta property=\"og:locale\" content=\"en_US\" \/>\n<meta property=\"og:type\" content=\"article\" \/>\n<meta property=\"og:title\" content=\"Acheter Nepalese Stick Hash - Meilleurs meilleurs m\u00e9dicaments mondiaux\" \/>\n<meta property=\"og:description\" content=\"Acheter N\u00e9palais Stick Hash en ligne N\u00e9palais fait r\u00e9f\u00e9rence \u00e0 toute souche qui pousse na\u00efvement dans la r\u00e9gion du N\u00e9pal. Commandez de l&#039;herbe en ligne, ces vari\u00e9t\u00e9s indig\u00e8nes.\" \/>\n<meta property=\"og:url\" content=\"https:\/\/medicinasinc.com\/fr\/product\/acheter-nepalese-stick-hash\/\" \/>\n<meta property=\"og:site_name\" content=\"Medicinas Inc\" \/>\n<meta property=\"article:modified_time\" content=\"2022-03-17T12:24:03+00:00\" \/>\n<meta property=\"og:image\" content=\"https:\/\/medicinasinc.com\/fr\/wp-content\/uploads\/sites\/5\/2022\/02\/Buy-Nepalese-Stick-Hash.jpg\" \/>\n\t<meta property=\"og:image:width\" content=\"600\" \/>\n\t<meta property=\"og:image:height\" content=\"600\" \/>\n\t<meta property=\"og:image:type\" content=\"image\/jpeg\" \/>\n<meta name=\"twitter:card\" content=\"summary_large_image\" \/>\n<meta name=\"twitter:label1\" content=\"Est. reading time\" \/>\n\t<meta name=\"twitter:data1\" content=\"2 minutes\" \/>\n<script type=\"application\/ld+json\" class=\"yoast-schema-graph\">{\"@context\":\"https:\\\/\\\/schema.org\",\"@graph\":[{\"@type\":\"WebPage\",\"@id\":\"https:\\\/\\\/medicinasinc.com\\\/fr\\\/product\\\/acheter-nepalese-stick-hash\\\/\",\"url\":\"https:\\\/\\\/medicinasinc.com\\\/fr\\\/product\\\/acheter-nepalese-stick-hash\\\/\",\"name\":\"Acheter Nepalese Stick Hash - Meilleurs meilleurs m\u00e9dicaments mondiaux\",\"isPartOf\":{\"@id\":\"https:\\\/\\\/medicinasinc.com\\\/fr\\\/#website\"},\"primaryImageOfPage\":{\"@id\":\"https:\\\/\\\/medicinasinc.com\\\/fr\\\/product\\\/acheter-nepalese-stick-hash\\\/#primaryimage\"},\"image\":{\"@id\":\"https:\\\/\\\/medicinasinc.com\\\/fr\\\/product\\\/acheter-nepalese-stick-hash\\\/#primaryimage\"},\"thumbnailUrl\":\"https:\\\/\\\/medicinasinc.com\\\/fr\\\/wp-content\\\/uploads\\\/sites\\\/5\\\/2022\\\/02\\\/Buy-Nepalese-Stick-Hash.jpg\",\"datePublished\":\"2022-02-20T15:05:15+00:00\",\"dateModified\":\"2022-03-17T12:24:03+00:00\",\"description\":\"Acheter N\u00e9palais Stick Hash en ligne N\u00e9palais fait r\u00e9f\u00e9rence \u00e0 toute souche qui pousse na\u00efvement dans la r\u00e9gion du N\u00e9pal. Commandez de l'herbe en ligne, ces vari\u00e9t\u00e9s indig\u00e8nes.\",\"breadcrumb\":{\"@id\":\"https:\\\/\\\/medicinasinc.com\\\/fr\\\/product\\\/acheter-nepalese-stick-hash\\\/#breadcrumb\"},\"inLanguage\":\"en-US\",\"potentialAction\":[{\"@type\":\"ReadAction\",\"target\":[\"https:\\\/\\\/medicinasinc.com\\\/fr\\\/product\\\/acheter-nepalese-stick-hash\\\/\"]}]},{\"@type\":\"ImageObject\",\"inLanguage\":\"en-US\",\"@id\":\"https:\\\/\\\/medicinasinc.com\\\/fr\\\/product\\\/acheter-nepalese-stick-hash\\\/#primaryimage\",\"url\":\"https:\\\/\\\/medicinasinc.com\\\/fr\\\/wp-content\\\/uploads\\\/sites\\\/5\\\/2022\\\/02\\\/Buy-Nepalese-Stick-Hash.jpg\",\"contentUrl\":\"https:\\\/\\\/medicinasinc.com\\\/fr\\\/wp-content\\\/uploads\\\/sites\\\/5\\\/2022\\\/02\\\/Buy-Nepalese-Stick-Hash.jpg\",\"width\":600,\"height\":600},{\"@type\":\"BreadcrumbList\",\"@id\":\"https:\\\/\\\/medicinasinc.com\\\/fr\\\/product\\\/acheter-nepalese-stick-hash\\\/#breadcrumb\",\"itemListElement\":[{\"@type\":\"ListItem\",\"position\":1,\"name\":\"Boutique\",\"item\":\"https:\\\/\\\/medicinasinc.com\\\/fr\\\/boutique\\\/\"},{\"@type\":\"ListItem\",\"position\":2,\"name\":\"Acheter du N\u00e9palais Stick Hash\"}]},{\"@type\":\"WebSite\",\"@id\":\"https:\\\/\\\/medicinasinc.com\\\/fr\\\/#website\",\"url\":\"https:\\\/\\\/medicinasinc.com\\\/fr\\\/\",\"name\":\"Medicinas Inc\",\"description\":\"Health Medical Clinic\",\"potentialAction\":[{\"@type\":\"SearchAction\",\"target\":{\"@type\":\"EntryPoint\",\"urlTemplate\":\"https:\\\/\\\/medicinasinc.com\\\/fr\\\/?s={search_term_string}\"},\"query-input\":{\"@type\":\"PropertyValueSpecification\",\"valueRequired\":true,\"valueName\":\"search_term_string\"}}],\"inLanguage\":\"en-US\"}]}<\/script>\n<!-- \/ Yoast SEO plugin. -->","yoast_head_json":{"title":"Acheter Nepalese Stick Hash - Meilleurs meilleurs m\u00e9dicaments mondiaux","description":"Acheter N\u00e9palais Stick Hash en ligne N\u00e9palais fait r\u00e9f\u00e9rence \u00e0 toute souche qui pousse na\u00efvement dans la r\u00e9gion du N\u00e9pal. Commandez de l'herbe en ligne, ces vari\u00e9t\u00e9s indig\u00e8nes.","robots":{"index":"index","follow":"follow","max-snippet":"max-snippet:-1","max-image-preview":"max-image-preview:large","max-video-preview":"max-video-preview:-1"},"canonical":"https:\/\/medicinasinc.com\/fr\/product\/acheter-nepalese-stick-hash\/","og_locale":"en_US","og_type":"article","og_title":"Acheter Nepalese Stick Hash - Meilleurs meilleurs m\u00e9dicaments mondiaux","og_description":"Acheter N\u00e9palais Stick Hash en ligne N\u00e9palais fait r\u00e9f\u00e9rence \u00e0 toute souche qui pousse na\u00efvement dans la r\u00e9gion du N\u00e9pal. Commandez de l'herbe en ligne, ces vari\u00e9t\u00e9s indig\u00e8nes.","og_url":"https:\/\/medicinasinc.com\/fr\/product\/acheter-nepalese-stick-hash\/","og_site_name":"Medicinas Inc","article_modified_time":"2022-03-17T12:24:03+00:00","og_image":[{"width":600,"height":600,"url":"https:\/\/medicinasinc.com\/fr\/wp-content\/uploads\/sites\/5\/2022\/02\/Buy-Nepalese-Stick-Hash.jpg","type":"image\/jpeg"}],"twitter_card":"summary_large_image","twitter_misc":{"Est. reading time":"2 minutes"},"schema":{"@context":"https:\/\/schema.org","@graph":[{"@type":"WebPage","@id":"https:\/\/medicinasinc.com\/fr\/product\/acheter-nepalese-stick-hash\/","url":"https:\/\/medicinasinc.com\/fr\/product\/acheter-nepalese-stick-hash\/","name":"Acheter Nepalese Stick Hash - Meilleurs meilleurs m\u00e9dicaments mondiaux","isPartOf":{"@id":"https:\/\/medicinasinc.com\/fr\/#website"},"primaryImageOfPage":{"@id":"https:\/\/medicinasinc.com\/fr\/product\/acheter-nepalese-stick-hash\/#primaryimage"},"image":{"@id":"https:\/\/medicinasinc.com\/fr\/product\/acheter-nepalese-stick-hash\/#primaryimage"},"thumbnailUrl":"https:\/\/medicinasinc.com\/fr\/wp-content\/uploads\/sites\/5\/2022\/02\/Buy-Nepalese-Stick-Hash.jpg","datePublished":"2022-02-20T15:05:15+00:00","dateModified":"2022-03-17T12:24:03+00:00","description":"Acheter N\u00e9palais Stick Hash en ligne N\u00e9palais fait r\u00e9f\u00e9rence \u00e0 toute souche qui pousse na\u00efvement dans la r\u00e9gion du N\u00e9pal. Commandez de l'herbe en ligne, ces vari\u00e9t\u00e9s indig\u00e8nes.","breadcrumb":{"@id":"https:\/\/medicinasinc.com\/fr\/product\/acheter-nepalese-stick-hash\/#breadcrumb"},"inLanguage":"en-US","potentialAction":[{"@type":"ReadAction","target":["https:\/\/medicinasinc.com\/fr\/product\/acheter-nepalese-stick-hash\/"]}]},{"@type":"ImageObject","inLanguage":"en-US","@id":"https:\/\/medicinasinc.com\/fr\/product\/acheter-nepalese-stick-hash\/#primaryimage","url":"https:\/\/medicinasinc.com\/fr\/wp-content\/uploads\/sites\/5\/2022\/02\/Buy-Nepalese-Stick-Hash.jpg","contentUrl":"https:\/\/medicinasinc.com\/fr\/wp-content\/uploads\/sites\/5\/2022\/02\/Buy-Nepalese-Stick-Hash.jpg","width":600,"height":600},{"@type":"BreadcrumbList","@id":"https:\/\/medicinasinc.com\/fr\/product\/acheter-nepalese-stick-hash\/#breadcrumb","itemListElement":[{"@type":"ListItem","position":1,"name":"Boutique","item":"https:\/\/medicinasinc.com\/fr\/boutique\/"},{"@type":"ListItem","position":2,"name":"Acheter du N\u00e9palais Stick Hash"}]},{"@type":"WebSite","@id":"https:\/\/medicinasinc.com\/fr\/#website","url":"https:\/\/medicinasinc.com\/fr\/","name":"Medicinas Inc","description":"Health Medical Clinic","potentialAction":[{"@type":"SearchAction","target":{"@type":"EntryPoint","urlTemplate":"https:\/\/medicinasinc.com\/fr\/?s={search_term_string}"},"query-input":{"@type":"PropertyValueSpecification","valueRequired":true,"valueName":"search_term_string"}}],"inLanguage":"en-US"}]}},"_links":{"self":[{"href":"https:\/\/medicinasinc.com\/fr\/wp-json\/wp\/v2\/product\/4717","targetHints":{"allow":["GET"]}}],"collection":[{"href":"https:\/\/medicinasinc.com\/fr\/wp-json\/wp\/v2\/product"}],"about":[{"href":"https:\/\/medicinasinc.com\/fr\/wp-json\/wp\/v2\/types\/product"}],"replies":[{"embeddable":true,"href":"https:\/\/medicinasinc.com\/fr\/wp-json\/wp\/v2\/comments?post=4717"}],"wp:featuredmedia":[{"embeddable":true,"href":"https:\/\/medicinasinc.com\/fr\/wp-json\/wp\/v2\/media\/4730"}],"wp:attachment":[{"href":"https:\/\/medicinasinc.com\/fr\/wp-json\/wp\/v2\/media?parent=4717"}],"wp:term":[{"taxonomy":"product_brand","embeddable":true,"href":"https:\/\/medicinasinc.com\/fr\/wp-json\/wp\/v2\/product_brand?post=4717"},{"taxonomy":"product_cat","embeddable":true,"href":"https:\/\/medicinasinc.com\/fr\/wp-json\/wp\/v2\/product_cat?post=4717"},{"taxonomy":"product_tag","embeddable":true,"href":"https:\/\/medicinasinc.com\/fr\/wp-json\/wp\/v2\/product_tag?post=4717"}],"curies":[{"name":"wp","href":"https:\/\/api.w.org\/{rel}","templated":true}]}}