{"id":4716,"date":"2022-02-20T15:05:01","date_gmt":"2022-02-20T15:05:01","guid":{"rendered":"https:\/\/medicinasinc.com\/fr\/?post_type=product&#038;p=4716"},"modified":"2022-03-17T12:25:20","modified_gmt":"2022-03-17T12:25:20","slug":"acheter-nederhash-hachisch","status":"publish","type":"product","link":"https:\/\/medicinasinc.com\/fr\/product\/acheter-nederhash-hachisch\/","title":{"rendered":"Acheter du haschich Nederhash"},"content":{"rendered":"<p>Achat en ligne de Nederhash Hashish<\/p>\n<p>Qu&#8217;est-ce qu&#8217;un hachage exactement\u00a0? Le hasch est extrait de plants de cannabis cultiv\u00e9s aux Pays-Bas. Les plantes sont g\u00e9n\u00e9ralement cultiv\u00e9es \u00e0 l&#8217;int\u00e9rieur, mais il existe \u00e9galement quelques d\u00e9veloppements en ext\u00e9rieur et en serre. G\u00e9n\u00e9ration : Les techniques d&#8217;assemblage varient selon les fabricants. Alors que la majorit\u00e9 du Hash est livr\u00e9 par criblage, comme c&#8217;est le cas au Maroc, une petite quantit\u00e9 de Hash r\u00e9cur\u00e9 \u00e0 la main est \u00e9galement produite en utilisant la strat\u00e9gie Afghani (qui est \u00e9videmment consid\u00e9rablement am\u00e9lior\u00e9e). Dans tous les cas, seule une infime partie de l&#8217;herbe est alt\u00e9r\u00e9e dans le haschisch. Ombrage : G\u00e9n\u00e9ralement tr\u00e8s vert, mais cela varie selon le type de Weed utilis\u00e9 et le fabricant. Odeur\u00a0: Typiquement herbac\u00e9e ou skunk, mais cela d\u00e9pend du type de mauvaise herbe. Go\u00fbt : Identique \u00e0 celui \u00e9nonc\u00e9 pr\u00e9c\u00e9demment. Coh\u00e9rence\u00a0: Une grande partie du haschisch hollandais n&#8217;est pas press\u00e9 avec pr\u00e9cision (c&#8217;est de la fabrication) et les museaux sont g\u00e9n\u00e9ralement s\u00e9par\u00e9s trop efficacement. En tout cas, la coh\u00e9rence s&#8217;est am\u00e9lior\u00e9e r\u00e9cemment, et ils semblent s&#8217;adapter rapidement. \u00c9videmment, ce qui pr\u00e9c\u00e8de ne fait pas r\u00e9f\u00e9rence au Hash r\u00e9cur\u00e9 \u00e0 la main, qui est extr\u00eamement d\u00e9licat, semblable \u00e0 l&#8217;Afghani. Typiquement, le hasch est compos\u00e9 de t\u00eates f\u00e9minines qui ont \u00e9t\u00e9 \u00e9cras\u00e9es et press\u00e9es sous d&#8217;\u00e9normes charges pour cr\u00e9er une forte irr\u00e9gularit\u00e9 qui se poudre compl\u00e8tement. Le type de High varie selon la vari\u00e9t\u00e9 de Weed utilis\u00e9e, mais pour la plupart, le high est tr\u00e8s dynamique et c\u00e9r\u00e9bral. Intensit\u00e9 : De puissant \u00e0 puissant, ce mat\u00e9riau surpasse tout autre type de Hash disponible pour l&#8217;utilisateur moyen. Il surpasse m\u00eame la majorit\u00e9 des N\u00e9palais et presque tous les Afghans bienveillants. (Contient jusqu&#8217;\u00e0 59 % de THC) Disponibilit\u00e9 : Extr\u00eamement rare en dehors des Pays-Bas et des pays voisins. Je ne retiendrais pas mon souffle en attendant que cela apparaisse sur le march\u00e9 britannique. En g\u00e9n\u00e9ral, la qualit\u00e9 varie, mais le co\u00fbt est toujours \u00e9lev\u00e9. Il n&#8217;y a pas de classification standard pour le Dutch Hash. Sensi-Hash est le nom donn\u00e9 \u00e0 l&#8217;extraordinaire poudre, qui est essentiellement constitu\u00e9e de gemmes de THC tr\u00e8s denses.<\/p>\n<p>Comment le hasch est-il cr\u00e9\u00e9\u00a0?<\/p>\n<p>La majorit\u00e9 du hasch est produite en frottant des plantes s\u00e9ch\u00e9es contre un maillage tr\u00e8s fin. Apr\u00e8s cela, les trichomes tombent \u00e0 travers le tamis, les s\u00e9parant du mat\u00e9riel v\u00e9g\u00e9tal. Les glandes de r\u00e9sine sont ensuite chauff\u00e9es et compress\u00e9es pour former une masse coh\u00e9sive de haschich.<\/p>\n<p>Hashish contre Marijuana\u00a0?<\/p>\n<p>Pour commencer, le lien \u00e9vident entre la marijuana et le haschisch est que les deux sont d\u00e9riv\u00e9s de la m\u00eame plante de cannabis. Comme vous le savez probablement d\u00e9j\u00e0, le pot est le bourgeon floral de la plante de cannabis femelle. L&#8217;herbe \u00e0 hasch est compos\u00e9e des m\u00eames bourgeons que la marijuana, mais elle est trait\u00e9e diff\u00e9remment. Pendant qu&#8217;une plante de cannabis est en pleine floraison, les bourgeons floraux sont r\u00e9colt\u00e9s, et un agriculteur proc\u00e9dera alors dans l&#8217;une des deux directions. Dans le cas du hasch, les fleurs seront suspendues pour s\u00e9cher. Le produit r\u00e9sultant est la plante que nous connaissons tous, apr\u00e8s que chaque graine, ressort et feuille en exc\u00e8s ait \u00e9t\u00e9 retir\u00e9. C&#8217;est \u00e0 vous de d\u00e9cider si vous pr\u00e9f\u00e9rez la marijuana ou le haschisch, mais la seule fa\u00e7on d&#8217;acc\u00e9der \u00e0 tous les avantages du cannabis est par l&#8217;\u00e9ducation personnelle. Effectuez des recherches avant de fumer et, comme toujours, abonnez-vous \u00e0 notre newsletter pour obtenir des conseils et astuces suppl\u00e9mentaires\u00a0!<\/p>\n<p>Qu&#8217;est-ce que le haschisch exactement\u00a0?<\/p>\n<p>Qu&#8217;est-ce qu&#8217;une substance \u00e0 base de haschich\u00a0? Le haschisch, \u00e9galement appel\u00e9 &#8220;hachisch&#8221;, est un type de bourgeon de marijuana cr\u00e9\u00e9 en comprimant et en traitant les trichomes de la plante de cannabis. Il est g\u00e9n\u00e9ralement fum\u00e9 dans une pipe, un bang, un vaporisateur ou un joint, mais peut \u00e9galement \u00eatre consomm\u00e9 par voie orale. Comment le haschich est-il produit ? Achat en ligne de Nederhash Hashish, le haschich est produit en s\u00e9parant ces trichomes des bourgeons, des feuilles et des tiges de la plante et en les chauffant\/pressant pour cr\u00e9er une substance puissante.<\/p>\n<p>Comment rouler un joint avec du hasch\u00a0?<\/p>\n<p>Combinez-le avec de l&#8217;herbe et du tabac dans un joint. Si vous avez un bloc sec, vous pouvez simplement l&#8217;\u00e9craser ou casser de petits cailloux et l&#8217;incorporer dans votre joint roulant. Combinez-le avec du tabac ou de la marijuana. La deuxi\u00e8me m\u00e9thode implique un high plus intense, que vous \u00eates susceptible de rechercher si vous \u00eates un chercheur d&#8217;aventure. La meilleure fa\u00e7on de rouler un joint de hasch est de briser le hasch et de le combiner avec de l&#8217;herbe. C&#8217;est vraiment la meilleure fa\u00e7on de fumer du hasch, car il est facile \u00e0 partager et la saveur du hasch am\u00e9liore le doobie. Le haschisch est-il l\u00e9gal aux \u00c9tats-Unis\u00a0? Bien que la vente de cannabis ait \u00e9t\u00e9 interdite en 1989, les lois sont rarement appliqu\u00e9es et la drogue est ouvertement vendue dans de nombreuses r\u00e9gions du pays. Barbade, utilisation spirituelle l\u00e9gale par les organisations religieuses enregistr\u00e9es<\/p>\n<p>Quels sont les effets du haschisch\u00a0?<\/p>\n<p>\u00c0 court terme, la consommation de haschich peut entra\u00eener des difficult\u00e9s de m\u00e9moire et d&#8217;apprentissage\u00a0; perception d\u00e9form\u00e9e (images, sons, temps, toucher); difficult\u00e9 \u00e0 penser et \u00e0 r\u00e9soudre des probl\u00e8mes; perte de coordination; et augmentation de la fr\u00e9quence cardiaque, de l&#8217;anxi\u00e9t\u00e9 et des attaques de panique. En raison de la forte concentration de THC dans le hasch et autres concentr\u00e9s, les effets peuvent \u00eatre plus intenses.<\/p>\n<p>Le bubble hash est un concentr\u00e9 de cannabis compos\u00e9 de milliers de trichomes, ou glandes r\u00e9sineuses, qui ont \u00e9t\u00e9 extraites du plante en utilisant de l&#8217;eau glac\u00e9e, une agitation et un tamis. Le terme &#8220;bubble hash&#8221; fait r\u00e9f\u00e9rence \u00e0 la fa\u00e7on dont il bouillonne lorsqu&#8217;il est expos\u00e9 \u00e0 une flamme. De plus, les sacs utilis\u00e9s pour le fabriquer \u00e0 la maison sont appel\u00e9s &#8220;sacs \u00e0 bulles&#8221;.<\/p>\n<p>Hash Plant, un classique de Sensi Seeds, reste compacte tout au long de sa p\u00e9riode de floraison ultra-courte. Ce produit \u00e0 90\u00a0% indien est le r\u00e9sultat d&#8217;une s\u00e9lection g\u00e9n\u00e9tique m\u00e9ticuleuse, qui comprenait le croisement de l&#8217;\u00e9nigmatique Hash Plant des \u00c9tats-Unis avec Northern Lights.<\/p>\n","protected":false},"excerpt":{"rendered":"<p>Achat en ligne de Nederhash Hashish,\u00a0 Acheter de la marijuana m\u00e9dicale en Allemagne O\u00f9 puis-je acheter des drogues ill\u00e9gales en ligne\u00a0? Pharmacies en ligne \u00e0 proximit\u00e9 Ventes de m\u00e9dicaments sur le dark web.<\/p>\n<p>&nbsp;<\/p>\n","protected":false},"featured_media":4728,"comment_status":"open","ping_status":"closed","template":"","meta":[],"product_brand":[],"product_cat":[610],"product_tag":[],"class_list":{"0":"post-4716","1":"product","2":"type-product","3":"status-publish","4":"has-post-thumbnail","6":"product_cat-acheter-hachisch-hachisch","8":"first","9":"instock","10":"shipping-taxable","11":"purchasable","12":"product-type-variable","13":"has-default-attributes"},"yoast_head":"<!-- This site is optimized with the Yoast SEO plugin v27.3 - https:\/\/yoast.com\/product\/yoast-seo-wordpress\/ -->\n<title>Acheter Nederhash Hashish - Meilleurs meilleurs m\u00e9dicaments mondiaux<\/title>\n<meta name=\"description\" content=\"Acheter Nederhash Hashish en ligne Acheter de l&#039;herbe m\u00e9dicale en Allemagne O\u00f9 acheter des drogues ill\u00e9gales en ligne Drogues \u00e0 vendre en ligne pr\u00e8s de chez moi Drogues des ventes sur le Web sombre.\" \/>\n<meta name=\"robots\" content=\"index, follow, max-snippet:-1, max-image-preview:large, max-video-preview:-1\" \/>\n<link rel=\"canonical\" href=\"https:\/\/medicinasinc.com\/fr\/product\/acheter-nederhash-hachisch\/\" \/>\n<meta property=\"og:locale\" content=\"en_US\" \/>\n<meta property=\"og:type\" content=\"article\" \/>\n<meta property=\"og:title\" content=\"Acheter Nederhash Hashish - Meilleurs meilleurs m\u00e9dicaments mondiaux\" \/>\n<meta property=\"og:description\" content=\"Acheter Nederhash Hashish en ligne Acheter de l&#039;herbe m\u00e9dicale en Allemagne O\u00f9 acheter des drogues ill\u00e9gales en ligne Drogues \u00e0 vendre en ligne pr\u00e8s de chez moi Drogues des ventes sur le Web sombre.\" \/>\n<meta property=\"og:url\" content=\"https:\/\/medicinasinc.com\/fr\/product\/acheter-nederhash-hachisch\/\" \/>\n<meta property=\"og:site_name\" content=\"Medicinas Inc\" \/>\n<meta property=\"article:modified_time\" content=\"2022-03-17T12:25:20+00:00\" \/>\n<meta property=\"og:image\" content=\"https:\/\/medicinasinc.com\/fr\/wp-content\/uploads\/sites\/5\/2022\/02\/Buy-Nederhash-Hashish-Online.jpg\" \/>\n\t<meta property=\"og:image:width\" content=\"600\" \/>\n\t<meta property=\"og:image:height\" content=\"600\" \/>\n\t<meta property=\"og:image:type\" content=\"image\/jpeg\" \/>\n<meta name=\"twitter:card\" content=\"summary_large_image\" \/>\n<meta name=\"twitter:label1\" content=\"Est. reading time\" \/>\n\t<meta name=\"twitter:data1\" content=\"4 minutes\" \/>\n<script type=\"application\/ld+json\" class=\"yoast-schema-graph\">{\"@context\":\"https:\\\/\\\/schema.org\",\"@graph\":[{\"@type\":\"WebPage\",\"@id\":\"https:\\\/\\\/medicinasinc.com\\\/fr\\\/product\\\/acheter-nederhash-hachisch\\\/\",\"url\":\"https:\\\/\\\/medicinasinc.com\\\/fr\\\/product\\\/acheter-nederhash-hachisch\\\/\",\"name\":\"Acheter Nederhash Hashish - Meilleurs meilleurs m\u00e9dicaments mondiaux\",\"isPartOf\":{\"@id\":\"https:\\\/\\\/medicinasinc.com\\\/fr\\\/#website\"},\"primaryImageOfPage\":{\"@id\":\"https:\\\/\\\/medicinasinc.com\\\/fr\\\/product\\\/acheter-nederhash-hachisch\\\/#primaryimage\"},\"image\":{\"@id\":\"https:\\\/\\\/medicinasinc.com\\\/fr\\\/product\\\/acheter-nederhash-hachisch\\\/#primaryimage\"},\"thumbnailUrl\":\"https:\\\/\\\/medicinasinc.com\\\/fr\\\/wp-content\\\/uploads\\\/sites\\\/5\\\/2022\\\/02\\\/Buy-Nederhash-Hashish-Online.jpg\",\"datePublished\":\"2022-02-20T15:05:01+00:00\",\"dateModified\":\"2022-03-17T12:25:20+00:00\",\"description\":\"Acheter Nederhash Hashish en ligne Acheter de l'herbe m\u00e9dicale en Allemagne O\u00f9 acheter des drogues ill\u00e9gales en ligne Drogues \u00e0 vendre en ligne pr\u00e8s de chez moi Drogues des ventes sur le Web sombre.\",\"breadcrumb\":{\"@id\":\"https:\\\/\\\/medicinasinc.com\\\/fr\\\/product\\\/acheter-nederhash-hachisch\\\/#breadcrumb\"},\"inLanguage\":\"en-US\",\"potentialAction\":[{\"@type\":\"ReadAction\",\"target\":[\"https:\\\/\\\/medicinasinc.com\\\/fr\\\/product\\\/acheter-nederhash-hachisch\\\/\"]}]},{\"@type\":\"ImageObject\",\"inLanguage\":\"en-US\",\"@id\":\"https:\\\/\\\/medicinasinc.com\\\/fr\\\/product\\\/acheter-nederhash-hachisch\\\/#primaryimage\",\"url\":\"https:\\\/\\\/medicinasinc.com\\\/fr\\\/wp-content\\\/uploads\\\/sites\\\/5\\\/2022\\\/02\\\/Buy-Nederhash-Hashish-Online.jpg\",\"contentUrl\":\"https:\\\/\\\/medicinasinc.com\\\/fr\\\/wp-content\\\/uploads\\\/sites\\\/5\\\/2022\\\/02\\\/Buy-Nederhash-Hashish-Online.jpg\",\"width\":600,\"height\":600},{\"@type\":\"BreadcrumbList\",\"@id\":\"https:\\\/\\\/medicinasinc.com\\\/fr\\\/product\\\/acheter-nederhash-hachisch\\\/#breadcrumb\",\"itemListElement\":[{\"@type\":\"ListItem\",\"position\":1,\"name\":\"Boutique\",\"item\":\"https:\\\/\\\/medicinasinc.com\\\/fr\\\/boutique\\\/\"},{\"@type\":\"ListItem\",\"position\":2,\"name\":\"Acheter du haschich Nederhash\"}]},{\"@type\":\"WebSite\",\"@id\":\"https:\\\/\\\/medicinasinc.com\\\/fr\\\/#website\",\"url\":\"https:\\\/\\\/medicinasinc.com\\\/fr\\\/\",\"name\":\"Medicinas Inc\",\"description\":\"Health Medical Clinic\",\"potentialAction\":[{\"@type\":\"SearchAction\",\"target\":{\"@type\":\"EntryPoint\",\"urlTemplate\":\"https:\\\/\\\/medicinasinc.com\\\/fr\\\/?s={search_term_string}\"},\"query-input\":{\"@type\":\"PropertyValueSpecification\",\"valueRequired\":true,\"valueName\":\"search_term_string\"}}],\"inLanguage\":\"en-US\"}]}<\/script>\n<!-- \/ Yoast SEO plugin. -->","yoast_head_json":{"title":"Acheter Nederhash Hashish - Meilleurs meilleurs m\u00e9dicaments mondiaux","description":"Acheter Nederhash Hashish en ligne Acheter de l'herbe m\u00e9dicale en Allemagne O\u00f9 acheter des drogues ill\u00e9gales en ligne Drogues \u00e0 vendre en ligne pr\u00e8s de chez moi Drogues des ventes sur le Web sombre.","robots":{"index":"index","follow":"follow","max-snippet":"max-snippet:-1","max-image-preview":"max-image-preview:large","max-video-preview":"max-video-preview:-1"},"canonical":"https:\/\/medicinasinc.com\/fr\/product\/acheter-nederhash-hachisch\/","og_locale":"en_US","og_type":"article","og_title":"Acheter Nederhash Hashish - Meilleurs meilleurs m\u00e9dicaments mondiaux","og_description":"Acheter Nederhash Hashish en ligne Acheter de l'herbe m\u00e9dicale en Allemagne O\u00f9 acheter des drogues ill\u00e9gales en ligne Drogues \u00e0 vendre en ligne pr\u00e8s de chez moi Drogues des ventes sur le Web sombre.","og_url":"https:\/\/medicinasinc.com\/fr\/product\/acheter-nederhash-hachisch\/","og_site_name":"Medicinas Inc","article_modified_time":"2022-03-17T12:25:20+00:00","og_image":[{"width":600,"height":600,"url":"https:\/\/medicinasinc.com\/fr\/wp-content\/uploads\/sites\/5\/2022\/02\/Buy-Nederhash-Hashish-Online.jpg","type":"image\/jpeg"}],"twitter_card":"summary_large_image","twitter_misc":{"Est. reading time":"4 minutes"},"schema":{"@context":"https:\/\/schema.org","@graph":[{"@type":"WebPage","@id":"https:\/\/medicinasinc.com\/fr\/product\/acheter-nederhash-hachisch\/","url":"https:\/\/medicinasinc.com\/fr\/product\/acheter-nederhash-hachisch\/","name":"Acheter Nederhash Hashish - Meilleurs meilleurs m\u00e9dicaments mondiaux","isPartOf":{"@id":"https:\/\/medicinasinc.com\/fr\/#website"},"primaryImageOfPage":{"@id":"https:\/\/medicinasinc.com\/fr\/product\/acheter-nederhash-hachisch\/#primaryimage"},"image":{"@id":"https:\/\/medicinasinc.com\/fr\/product\/acheter-nederhash-hachisch\/#primaryimage"},"thumbnailUrl":"https:\/\/medicinasinc.com\/fr\/wp-content\/uploads\/sites\/5\/2022\/02\/Buy-Nederhash-Hashish-Online.jpg","datePublished":"2022-02-20T15:05:01+00:00","dateModified":"2022-03-17T12:25:20+00:00","description":"Acheter Nederhash Hashish en ligne Acheter de l'herbe m\u00e9dicale en Allemagne O\u00f9 acheter des drogues ill\u00e9gales en ligne Drogues \u00e0 vendre en ligne pr\u00e8s de chez moi Drogues des ventes sur le Web sombre.","breadcrumb":{"@id":"https:\/\/medicinasinc.com\/fr\/product\/acheter-nederhash-hachisch\/#breadcrumb"},"inLanguage":"en-US","potentialAction":[{"@type":"ReadAction","target":["https:\/\/medicinasinc.com\/fr\/product\/acheter-nederhash-hachisch\/"]}]},{"@type":"ImageObject","inLanguage":"en-US","@id":"https:\/\/medicinasinc.com\/fr\/product\/acheter-nederhash-hachisch\/#primaryimage","url":"https:\/\/medicinasinc.com\/fr\/wp-content\/uploads\/sites\/5\/2022\/02\/Buy-Nederhash-Hashish-Online.jpg","contentUrl":"https:\/\/medicinasinc.com\/fr\/wp-content\/uploads\/sites\/5\/2022\/02\/Buy-Nederhash-Hashish-Online.jpg","width":600,"height":600},{"@type":"BreadcrumbList","@id":"https:\/\/medicinasinc.com\/fr\/product\/acheter-nederhash-hachisch\/#breadcrumb","itemListElement":[{"@type":"ListItem","position":1,"name":"Boutique","item":"https:\/\/medicinasinc.com\/fr\/boutique\/"},{"@type":"ListItem","position":2,"name":"Acheter du haschich Nederhash"}]},{"@type":"WebSite","@id":"https:\/\/medicinasinc.com\/fr\/#website","url":"https:\/\/medicinasinc.com\/fr\/","name":"Medicinas Inc","description":"Health Medical Clinic","potentialAction":[{"@type":"SearchAction","target":{"@type":"EntryPoint","urlTemplate":"https:\/\/medicinasinc.com\/fr\/?s={search_term_string}"},"query-input":{"@type":"PropertyValueSpecification","valueRequired":true,"valueName":"search_term_string"}}],"inLanguage":"en-US"}]}},"_links":{"self":[{"href":"https:\/\/medicinasinc.com\/fr\/wp-json\/wp\/v2\/product\/4716","targetHints":{"allow":["GET"]}}],"collection":[{"href":"https:\/\/medicinasinc.com\/fr\/wp-json\/wp\/v2\/product"}],"about":[{"href":"https:\/\/medicinasinc.com\/fr\/wp-json\/wp\/v2\/types\/product"}],"replies":[{"embeddable":true,"href":"https:\/\/medicinasinc.com\/fr\/wp-json\/wp\/v2\/comments?post=4716"}],"wp:featuredmedia":[{"embeddable":true,"href":"https:\/\/medicinasinc.com\/fr\/wp-json\/wp\/v2\/media\/4728"}],"wp:attachment":[{"href":"https:\/\/medicinasinc.com\/fr\/wp-json\/wp\/v2\/media?parent=4716"}],"wp:term":[{"taxonomy":"product_brand","embeddable":true,"href":"https:\/\/medicinasinc.com\/fr\/wp-json\/wp\/v2\/product_brand?post=4716"},{"taxonomy":"product_cat","embeddable":true,"href":"https:\/\/medicinasinc.com\/fr\/wp-json\/wp\/v2\/product_cat?post=4716"},{"taxonomy":"product_tag","embeddable":true,"href":"https:\/\/medicinasinc.com\/fr\/wp-json\/wp\/v2\/product_tag?post=4716"}],"curies":[{"name":"wp","href":"https:\/\/api.w.org\/{rel}","templated":true}]}}