{"id":4684,"date":"2022-02-20T14:40:34","date_gmt":"2022-02-20T14:40:34","guid":{"rendered":"https:\/\/medicinasinc.com\/fr\/?post_type=product&#038;p=4684"},"modified":"2022-03-17T12:26:15","modified_gmt":"2022-03-17T12:26:15","slug":"acheter-mercedez-liban-hash","status":"publish","type":"product","link":"https:\/\/medicinasinc.com\/fr\/product\/acheter-mercedez-liban-hash\/","title":{"rendered":"Acheter Mercedez Liban Hash"},"content":{"rendered":"<p>Le hasch est utilis\u00e9 depuis des milliers d&#8217;ann\u00e9es, depuis que les humains ont d\u00e9couvert l&#8217;\u00e9trange sous-produit collant de la plante de cannabis. Le hasch contient souvent environ 40 % de THC et peut \u00eatre fum\u00e9 ou utilis\u00e9 dans la cuisine\/les aliments. Pour certains amateurs de cannabis, le riche parfum aromatique et le go\u00fbt du hasch en font un r\u00e9gal unique en son genre. Il est pratique \u00e0 ranger, \u00e0 transporter et \u00e0 utiliser. Dans les ann\u00e9es 1980, le hasch \u00e9tait export\u00e9 de plusieurs grandes zones de production (N\u00e9pal, Inde, Pakistan et Afghanistan) avec un sceau unique en relief sur chaque bloc, et il \u00e9tait fr\u00e9quemment emball\u00e9 dans un emballage rouge ou or avant l&#8217;exportation.<\/p>\n","protected":false},"excerpt":{"rendered":"<p>Mercedes libanais Hash \u00e0 vendre au Royaume-Uni et en Europe est l\u00e9g\u00e8rement aromatique, avec des notes d&#8217;\u00e9pices et un profil de saveur terreuse. Il a une consistance douce et tr\u00e8s mall\u00e9able.<\/p>\n<p>La Mercedes noire est un haschisch interm\u00e9diaire import\u00e9 du Liban. Il a un ext\u00e9rieur brun fonc\u00e9 et un int\u00e9rieur brun plus clair et un profil de saveur l\u00e9g\u00e8rement aromatique avec des notes d&#8217;\u00e9pices et un profil de saveur terreuse. Il a une consistance douce et mall\u00e9able qui le rend extr\u00eamement facile \u00e0 travailler, encore plus lorsqu&#8217;il est chauff\u00e9.<\/p>\n","protected":false},"featured_media":4696,"comment_status":"open","ping_status":"closed","template":"","meta":[],"product_brand":[],"product_cat":[610],"product_tag":[],"class_list":{"0":"post-4684","1":"product","2":"type-product","3":"status-publish","4":"has-post-thumbnail","6":"product_cat-acheter-hachisch-hachisch","8":"first","9":"instock","10":"shipping-taxable","11":"purchasable","12":"product-type-variable","13":"has-default-attributes"},"yoast_head":"<!-- This site is optimized with the Yoast SEO plugin v27.3 - https:\/\/yoast.com\/product\/yoast-seo-wordpress\/ -->\n<title>Acheter Mercedez Lebanon Hash - Meilleurs meilleurs m\u00e9dicaments mondiaux<\/title>\n<meta name=\"description\" content=\"Acheter Mercedes Lebanon Hash UK, Europe est l\u00e9g\u00e8rement aromatique, avec des notes d&#039;\u00e9pices et un profil de saveur terreuse. Il a une consistance assez douce et mall\u00e9able.\" \/>\n<meta name=\"robots\" content=\"index, follow, max-snippet:-1, max-image-preview:large, max-video-preview:-1\" \/>\n<link rel=\"canonical\" href=\"https:\/\/medicinasinc.com\/fr\/product\/acheter-mercedez-liban-hash\/\" \/>\n<meta property=\"og:locale\" content=\"en_US\" \/>\n<meta property=\"og:type\" content=\"article\" \/>\n<meta property=\"og:title\" content=\"Acheter Mercedez Lebanon Hash - Meilleurs meilleurs m\u00e9dicaments mondiaux\" \/>\n<meta property=\"og:description\" content=\"Acheter Mercedes Lebanon Hash UK, Europe est l\u00e9g\u00e8rement aromatique, avec des notes d&#039;\u00e9pices et un profil de saveur terreuse. Il a une consistance assez douce et mall\u00e9able.\" \/>\n<meta property=\"og:url\" content=\"https:\/\/medicinasinc.com\/fr\/product\/acheter-mercedez-liban-hash\/\" \/>\n<meta property=\"og:site_name\" content=\"Medicinas Inc\" \/>\n<meta property=\"article:modified_time\" content=\"2022-03-17T12:26:15+00:00\" \/>\n<meta property=\"og:image\" content=\"https:\/\/medicinasinc.com\/fr\/wp-content\/uploads\/sites\/5\/2022\/02\/Buy-Mercedez-Lebanon-Hash.jpg\" \/>\n\t<meta property=\"og:image:width\" content=\"600\" \/>\n\t<meta property=\"og:image:height\" content=\"600\" \/>\n\t<meta property=\"og:image:type\" content=\"image\/jpeg\" \/>\n<meta name=\"twitter:card\" content=\"summary_large_image\" \/>\n<meta name=\"twitter:label1\" content=\"Est. reading time\" \/>\n\t<meta name=\"twitter:data1\" content=\"1 minute\" \/>\n<script type=\"application\/ld+json\" class=\"yoast-schema-graph\">{\"@context\":\"https:\\\/\\\/schema.org\",\"@graph\":[{\"@type\":\"WebPage\",\"@id\":\"https:\\\/\\\/medicinasinc.com\\\/fr\\\/product\\\/acheter-mercedez-liban-hash\\\/\",\"url\":\"https:\\\/\\\/medicinasinc.com\\\/fr\\\/product\\\/acheter-mercedez-liban-hash\\\/\",\"name\":\"Acheter Mercedez Lebanon Hash - Meilleurs meilleurs m\u00e9dicaments mondiaux\",\"isPartOf\":{\"@id\":\"https:\\\/\\\/medicinasinc.com\\\/fr\\\/#website\"},\"primaryImageOfPage\":{\"@id\":\"https:\\\/\\\/medicinasinc.com\\\/fr\\\/product\\\/acheter-mercedez-liban-hash\\\/#primaryimage\"},\"image\":{\"@id\":\"https:\\\/\\\/medicinasinc.com\\\/fr\\\/product\\\/acheter-mercedez-liban-hash\\\/#primaryimage\"},\"thumbnailUrl\":\"https:\\\/\\\/medicinasinc.com\\\/fr\\\/wp-content\\\/uploads\\\/sites\\\/5\\\/2022\\\/02\\\/Buy-Mercedez-Lebanon-Hash.jpg\",\"datePublished\":\"2022-02-20T14:40:34+00:00\",\"dateModified\":\"2022-03-17T12:26:15+00:00\",\"description\":\"Acheter Mercedes Lebanon Hash UK, Europe est l\u00e9g\u00e8rement aromatique, avec des notes d'\u00e9pices et un profil de saveur terreuse. Il a une consistance assez douce et mall\u00e9able.\",\"breadcrumb\":{\"@id\":\"https:\\\/\\\/medicinasinc.com\\\/fr\\\/product\\\/acheter-mercedez-liban-hash\\\/#breadcrumb\"},\"inLanguage\":\"en-US\",\"potentialAction\":[{\"@type\":\"ReadAction\",\"target\":[\"https:\\\/\\\/medicinasinc.com\\\/fr\\\/product\\\/acheter-mercedez-liban-hash\\\/\"]}]},{\"@type\":\"ImageObject\",\"inLanguage\":\"en-US\",\"@id\":\"https:\\\/\\\/medicinasinc.com\\\/fr\\\/product\\\/acheter-mercedez-liban-hash\\\/#primaryimage\",\"url\":\"https:\\\/\\\/medicinasinc.com\\\/fr\\\/wp-content\\\/uploads\\\/sites\\\/5\\\/2022\\\/02\\\/Buy-Mercedez-Lebanon-Hash.jpg\",\"contentUrl\":\"https:\\\/\\\/medicinasinc.com\\\/fr\\\/wp-content\\\/uploads\\\/sites\\\/5\\\/2022\\\/02\\\/Buy-Mercedez-Lebanon-Hash.jpg\",\"width\":600,\"height\":600},{\"@type\":\"BreadcrumbList\",\"@id\":\"https:\\\/\\\/medicinasinc.com\\\/fr\\\/product\\\/acheter-mercedez-liban-hash\\\/#breadcrumb\",\"itemListElement\":[{\"@type\":\"ListItem\",\"position\":1,\"name\":\"Boutique\",\"item\":\"https:\\\/\\\/medicinasinc.com\\\/fr\\\/boutique\\\/\"},{\"@type\":\"ListItem\",\"position\":2,\"name\":\"Acheter Mercedez Liban Hash\"}]},{\"@type\":\"WebSite\",\"@id\":\"https:\\\/\\\/medicinasinc.com\\\/fr\\\/#website\",\"url\":\"https:\\\/\\\/medicinasinc.com\\\/fr\\\/\",\"name\":\"Medicinas Inc\",\"description\":\"Health Medical Clinic\",\"potentialAction\":[{\"@type\":\"SearchAction\",\"target\":{\"@type\":\"EntryPoint\",\"urlTemplate\":\"https:\\\/\\\/medicinasinc.com\\\/fr\\\/?s={search_term_string}\"},\"query-input\":{\"@type\":\"PropertyValueSpecification\",\"valueRequired\":true,\"valueName\":\"search_term_string\"}}],\"inLanguage\":\"en-US\"}]}<\/script>\n<!-- \/ Yoast SEO plugin. -->","yoast_head_json":{"title":"Acheter Mercedez Lebanon Hash - Meilleurs meilleurs m\u00e9dicaments mondiaux","description":"Acheter Mercedes Lebanon Hash UK, Europe est l\u00e9g\u00e8rement aromatique, avec des notes d'\u00e9pices et un profil de saveur terreuse. Il a une consistance assez douce et mall\u00e9able.","robots":{"index":"index","follow":"follow","max-snippet":"max-snippet:-1","max-image-preview":"max-image-preview:large","max-video-preview":"max-video-preview:-1"},"canonical":"https:\/\/medicinasinc.com\/fr\/product\/acheter-mercedez-liban-hash\/","og_locale":"en_US","og_type":"article","og_title":"Acheter Mercedez Lebanon Hash - Meilleurs meilleurs m\u00e9dicaments mondiaux","og_description":"Acheter Mercedes Lebanon Hash UK, Europe est l\u00e9g\u00e8rement aromatique, avec des notes d'\u00e9pices et un profil de saveur terreuse. Il a une consistance assez douce et mall\u00e9able.","og_url":"https:\/\/medicinasinc.com\/fr\/product\/acheter-mercedez-liban-hash\/","og_site_name":"Medicinas Inc","article_modified_time":"2022-03-17T12:26:15+00:00","og_image":[{"width":600,"height":600,"url":"https:\/\/medicinasinc.com\/fr\/wp-content\/uploads\/sites\/5\/2022\/02\/Buy-Mercedez-Lebanon-Hash.jpg","type":"image\/jpeg"}],"twitter_card":"summary_large_image","twitter_misc":{"Est. reading time":"1 minute"},"schema":{"@context":"https:\/\/schema.org","@graph":[{"@type":"WebPage","@id":"https:\/\/medicinasinc.com\/fr\/product\/acheter-mercedez-liban-hash\/","url":"https:\/\/medicinasinc.com\/fr\/product\/acheter-mercedez-liban-hash\/","name":"Acheter Mercedez Lebanon Hash - Meilleurs meilleurs m\u00e9dicaments mondiaux","isPartOf":{"@id":"https:\/\/medicinasinc.com\/fr\/#website"},"primaryImageOfPage":{"@id":"https:\/\/medicinasinc.com\/fr\/product\/acheter-mercedez-liban-hash\/#primaryimage"},"image":{"@id":"https:\/\/medicinasinc.com\/fr\/product\/acheter-mercedez-liban-hash\/#primaryimage"},"thumbnailUrl":"https:\/\/medicinasinc.com\/fr\/wp-content\/uploads\/sites\/5\/2022\/02\/Buy-Mercedez-Lebanon-Hash.jpg","datePublished":"2022-02-20T14:40:34+00:00","dateModified":"2022-03-17T12:26:15+00:00","description":"Acheter Mercedes Lebanon Hash UK, Europe est l\u00e9g\u00e8rement aromatique, avec des notes d'\u00e9pices et un profil de saveur terreuse. Il a une consistance assez douce et mall\u00e9able.","breadcrumb":{"@id":"https:\/\/medicinasinc.com\/fr\/product\/acheter-mercedez-liban-hash\/#breadcrumb"},"inLanguage":"en-US","potentialAction":[{"@type":"ReadAction","target":["https:\/\/medicinasinc.com\/fr\/product\/acheter-mercedez-liban-hash\/"]}]},{"@type":"ImageObject","inLanguage":"en-US","@id":"https:\/\/medicinasinc.com\/fr\/product\/acheter-mercedez-liban-hash\/#primaryimage","url":"https:\/\/medicinasinc.com\/fr\/wp-content\/uploads\/sites\/5\/2022\/02\/Buy-Mercedez-Lebanon-Hash.jpg","contentUrl":"https:\/\/medicinasinc.com\/fr\/wp-content\/uploads\/sites\/5\/2022\/02\/Buy-Mercedez-Lebanon-Hash.jpg","width":600,"height":600},{"@type":"BreadcrumbList","@id":"https:\/\/medicinasinc.com\/fr\/product\/acheter-mercedez-liban-hash\/#breadcrumb","itemListElement":[{"@type":"ListItem","position":1,"name":"Boutique","item":"https:\/\/medicinasinc.com\/fr\/boutique\/"},{"@type":"ListItem","position":2,"name":"Acheter Mercedez Liban Hash"}]},{"@type":"WebSite","@id":"https:\/\/medicinasinc.com\/fr\/#website","url":"https:\/\/medicinasinc.com\/fr\/","name":"Medicinas Inc","description":"Health Medical Clinic","potentialAction":[{"@type":"SearchAction","target":{"@type":"EntryPoint","urlTemplate":"https:\/\/medicinasinc.com\/fr\/?s={search_term_string}"},"query-input":{"@type":"PropertyValueSpecification","valueRequired":true,"valueName":"search_term_string"}}],"inLanguage":"en-US"}]}},"_links":{"self":[{"href":"https:\/\/medicinasinc.com\/fr\/wp-json\/wp\/v2\/product\/4684","targetHints":{"allow":["GET"]}}],"collection":[{"href":"https:\/\/medicinasinc.com\/fr\/wp-json\/wp\/v2\/product"}],"about":[{"href":"https:\/\/medicinasinc.com\/fr\/wp-json\/wp\/v2\/types\/product"}],"replies":[{"embeddable":true,"href":"https:\/\/medicinasinc.com\/fr\/wp-json\/wp\/v2\/comments?post=4684"}],"wp:featuredmedia":[{"embeddable":true,"href":"https:\/\/medicinasinc.com\/fr\/wp-json\/wp\/v2\/media\/4696"}],"wp:attachment":[{"href":"https:\/\/medicinasinc.com\/fr\/wp-json\/wp\/v2\/media?parent=4684"}],"wp:term":[{"taxonomy":"product_brand","embeddable":true,"href":"https:\/\/medicinasinc.com\/fr\/wp-json\/wp\/v2\/product_brand?post=4684"},{"taxonomy":"product_cat","embeddable":true,"href":"https:\/\/medicinasinc.com\/fr\/wp-json\/wp\/v2\/product_cat?post=4684"},{"taxonomy":"product_tag","embeddable":true,"href":"https:\/\/medicinasinc.com\/fr\/wp-json\/wp\/v2\/product_tag?post=4684"}],"curies":[{"name":"wp","href":"https:\/\/api.w.org\/{rel}","templated":true}]}}