{"id":4667,"date":"2022-02-20T14:27:35","date_gmt":"2022-02-20T14:27:35","guid":{"rendered":"https:\/\/medicinasinc.com\/fr\/?post_type=product&#038;p=4667"},"modified":"2022-03-17T12:26:27","modified_gmt":"2022-03-17T12:26:27","slug":"acheter-inde-charas-noir-hash","status":"publish","type":"product","link":"https:\/\/medicinasinc.com\/fr\/product\/acheter-inde-charas-noir-hash\/","title":{"rendered":"Acheter India Charas Black Hash"},"content":{"rendered":"<p>Achat en ligne de India Charas Black Hash| Achat en ligne de India Charas Black Hash<\/p>\n<p>Achat en ligne de India Charas Black Hash. Il est facile \u00e0 travailler, a un ar\u00f4me piquant et \u00e9pic\u00e9 et procure aux utilisateurs un fort bourdonnement corporel. Cultiv\u00e9e et produite dans la vall\u00e9e de Parvati, c\u00e9l\u00e8bre pour une vari\u00e9t\u00e9 unique de Charas appel\u00e9e Malana Cream, appr\u00e9ci\u00e9e pour sa teneur \u00e9lev\u00e9e en THC. C&#8217;est un excellent compagnon de jour pour les fumeurs exp\u00e9riment\u00e9s qui peuvent supporter un fort high. Le terme &#8220;Indian Charas Black Hash&#8221; fait r\u00e9f\u00e9rence au haschich qui a \u00e9t\u00e9 fabriqu\u00e9 \u00e0 la main en Inde, au Pakistan ou au N\u00e9pal. \u00c0 l&#8217;ext\u00e9rieur, le haschisch est de couleur brun fonc\u00e9. Lorsque le haschich est ouvert, il r\u00e9v\u00e8le un int\u00e9rieur verd\u00e2tre\/marron fonc\u00e9. L&#8217;ar\u00f4me distinct varie d&#8217;\u00e9pic\u00e9 \u00e0 extr\u00eamement \u00e9pic\u00e9. Elle produit un high extr\u00eamement pierreux et physique. India Charas Black Hash est disponible \u00e0 l&#8217;achat en ligne.<\/p>\n<p>Avantages<\/p>\n<p>Il aide \u00e0 soulager les \u00e9l\u00e9ments suivants\u00a0:<\/p>\n<p>StresssD\u00e9pressionsDouleursMaux de t\u00eate<br \/> Insomnie<br \/> O\u00f9 acheter en ligne Charas Black Hash en Inde<\/p>\n<p>Notre objectif est de plaire \u00e0 nos clients et de leur offrir la meilleure exp\u00e9rience d&#8217;achat en ligne possible. Nous nous assurons que tous nos produits sont de la plus haute qualit\u00e9 pour garantir que nos clients ne re\u00e7oivent que le meilleur. Nous offrons l&#8217;authentique India Charas Black Hash. Nos prix sont les plus bas disponibles en ligne. Achetez de la qualit\u00e9 et d\u00e9couvrez ce dont tout le monde parle. Passez votre commande de India Charas Black Hash en ligne avec nous aujourd&#8217;hui et soyez assur\u00e9 de la s\u00e9curit\u00e9 et des meilleurs services de livraison. Vous n&#8217;\u00eates qu&#8217;\u00e0 quelques clics d&#8217;acheter India Charas Black Hash Online.<\/p>\n","protected":false},"excerpt":{"rendered":"<p>Achetez India Charas Black Hash en ligne. Facile \u00e0 travailler, poss\u00e8de un ar\u00f4me piquant et \u00e9pic\u00e9 et procure un effet corporel puissant. Commandez du hasch noir ici.<\/p>\n<ul>\n<li>Exp\u00e9dition dans le monde entier<\/li>\n<li><strong>Grade\u00a0: AAAAA<\/strong><\/li>\n<li>Contactez-nous pour des commandes plus importantes<\/li>\n<\/ul>\n","protected":false},"featured_media":4681,"comment_status":"open","ping_status":"closed","template":"","meta":[],"product_brand":[],"product_cat":[610],"product_tag":[],"class_list":{"0":"post-4667","1":"product","2":"type-product","3":"status-publish","4":"has-post-thumbnail","6":"product_cat-acheter-hachisch-hachisch","8":"first","9":"instock","10":"shipping-taxable","11":"purchasable","12":"product-type-variable","13":"has-default-attributes"},"yoast_head":"<!-- This site is optimized with the Yoast SEO plugin v27.3 - https:\/\/yoast.com\/product\/yoast-seo-wordpress\/ -->\n<title>Acheter India Charas Black Hash - Meilleurs meilleurs m\u00e9dicaments mondiaux<\/title>\n<meta name=\"description\" content=\"Achetez India Charas Black Hash en ligne. Facile \u00e0 travailler, poss\u00e8de un ar\u00f4me piquant et \u00e9pic\u00e9 et procure un effet corporel puissant. Commandez du hasch noir ici.\" \/>\n<meta name=\"robots\" content=\"index, follow, max-snippet:-1, max-image-preview:large, max-video-preview:-1\" \/>\n<link rel=\"canonical\" href=\"https:\/\/medicinasinc.com\/fr\/product\/acheter-inde-charas-noir-hash\/\" \/>\n<meta property=\"og:locale\" content=\"en_US\" \/>\n<meta property=\"og:type\" content=\"article\" \/>\n<meta property=\"og:title\" content=\"Acheter India Charas Black Hash - Meilleurs meilleurs m\u00e9dicaments mondiaux\" \/>\n<meta property=\"og:description\" content=\"Achetez India Charas Black Hash en ligne. Facile \u00e0 travailler, poss\u00e8de un ar\u00f4me piquant et \u00e9pic\u00e9 et procure un effet corporel puissant. Commandez du hasch noir ici.\" \/>\n<meta property=\"og:url\" content=\"https:\/\/medicinasinc.com\/fr\/product\/acheter-inde-charas-noir-hash\/\" \/>\n<meta property=\"og:site_name\" content=\"Medicinas Inc\" \/>\n<meta property=\"article:modified_time\" content=\"2022-03-17T12:26:27+00:00\" \/>\n<meta property=\"og:image\" content=\"https:\/\/medicinasinc.com\/fr\/wp-content\/uploads\/sites\/5\/2022\/02\/Buy-India-Charas-Black-Hash.jpg\" \/>\n\t<meta property=\"og:image:width\" content=\"600\" \/>\n\t<meta property=\"og:image:height\" content=\"600\" \/>\n\t<meta property=\"og:image:type\" content=\"image\/jpeg\" \/>\n<meta name=\"twitter:card\" content=\"summary_large_image\" \/>\n<meta name=\"twitter:label1\" content=\"Est. reading time\" \/>\n\t<meta name=\"twitter:data1\" content=\"2 minutes\" \/>\n<script type=\"application\/ld+json\" class=\"yoast-schema-graph\">{\"@context\":\"https:\\\/\\\/schema.org\",\"@graph\":[{\"@type\":\"WebPage\",\"@id\":\"https:\\\/\\\/medicinasinc.com\\\/fr\\\/product\\\/acheter-inde-charas-noir-hash\\\/\",\"url\":\"https:\\\/\\\/medicinasinc.com\\\/fr\\\/product\\\/acheter-inde-charas-noir-hash\\\/\",\"name\":\"Acheter India Charas Black Hash - Meilleurs meilleurs m\u00e9dicaments mondiaux\",\"isPartOf\":{\"@id\":\"https:\\\/\\\/medicinasinc.com\\\/fr\\\/#website\"},\"primaryImageOfPage\":{\"@id\":\"https:\\\/\\\/medicinasinc.com\\\/fr\\\/product\\\/acheter-inde-charas-noir-hash\\\/#primaryimage\"},\"image\":{\"@id\":\"https:\\\/\\\/medicinasinc.com\\\/fr\\\/product\\\/acheter-inde-charas-noir-hash\\\/#primaryimage\"},\"thumbnailUrl\":\"https:\\\/\\\/medicinasinc.com\\\/fr\\\/wp-content\\\/uploads\\\/sites\\\/5\\\/2022\\\/02\\\/Buy-India-Charas-Black-Hash.jpg\",\"datePublished\":\"2022-02-20T14:27:35+00:00\",\"dateModified\":\"2022-03-17T12:26:27+00:00\",\"description\":\"Achetez India Charas Black Hash en ligne. Facile \u00e0 travailler, poss\u00e8de un ar\u00f4me piquant et \u00e9pic\u00e9 et procure un effet corporel puissant. Commandez du hasch noir ici.\",\"breadcrumb\":{\"@id\":\"https:\\\/\\\/medicinasinc.com\\\/fr\\\/product\\\/acheter-inde-charas-noir-hash\\\/#breadcrumb\"},\"inLanguage\":\"en-US\",\"potentialAction\":[{\"@type\":\"ReadAction\",\"target\":[\"https:\\\/\\\/medicinasinc.com\\\/fr\\\/product\\\/acheter-inde-charas-noir-hash\\\/\"]}]},{\"@type\":\"ImageObject\",\"inLanguage\":\"en-US\",\"@id\":\"https:\\\/\\\/medicinasinc.com\\\/fr\\\/product\\\/acheter-inde-charas-noir-hash\\\/#primaryimage\",\"url\":\"https:\\\/\\\/medicinasinc.com\\\/fr\\\/wp-content\\\/uploads\\\/sites\\\/5\\\/2022\\\/02\\\/Buy-India-Charas-Black-Hash.jpg\",\"contentUrl\":\"https:\\\/\\\/medicinasinc.com\\\/fr\\\/wp-content\\\/uploads\\\/sites\\\/5\\\/2022\\\/02\\\/Buy-India-Charas-Black-Hash.jpg\",\"width\":600,\"height\":600},{\"@type\":\"BreadcrumbList\",\"@id\":\"https:\\\/\\\/medicinasinc.com\\\/fr\\\/product\\\/acheter-inde-charas-noir-hash\\\/#breadcrumb\",\"itemListElement\":[{\"@type\":\"ListItem\",\"position\":1,\"name\":\"Boutique\",\"item\":\"https:\\\/\\\/medicinasinc.com\\\/fr\\\/boutique\\\/\"},{\"@type\":\"ListItem\",\"position\":2,\"name\":\"Acheter India Charas Black Hash\"}]},{\"@type\":\"WebSite\",\"@id\":\"https:\\\/\\\/medicinasinc.com\\\/fr\\\/#website\",\"url\":\"https:\\\/\\\/medicinasinc.com\\\/fr\\\/\",\"name\":\"Medicinas Inc\",\"description\":\"Health Medical Clinic\",\"potentialAction\":[{\"@type\":\"SearchAction\",\"target\":{\"@type\":\"EntryPoint\",\"urlTemplate\":\"https:\\\/\\\/medicinasinc.com\\\/fr\\\/?s={search_term_string}\"},\"query-input\":{\"@type\":\"PropertyValueSpecification\",\"valueRequired\":true,\"valueName\":\"search_term_string\"}}],\"inLanguage\":\"en-US\"}]}<\/script>\n<!-- \/ Yoast SEO plugin. -->","yoast_head_json":{"title":"Acheter India Charas Black Hash - Meilleurs meilleurs m\u00e9dicaments mondiaux","description":"Achetez India Charas Black Hash en ligne. Facile \u00e0 travailler, poss\u00e8de un ar\u00f4me piquant et \u00e9pic\u00e9 et procure un effet corporel puissant. Commandez du hasch noir ici.","robots":{"index":"index","follow":"follow","max-snippet":"max-snippet:-1","max-image-preview":"max-image-preview:large","max-video-preview":"max-video-preview:-1"},"canonical":"https:\/\/medicinasinc.com\/fr\/product\/acheter-inde-charas-noir-hash\/","og_locale":"en_US","og_type":"article","og_title":"Acheter India Charas Black Hash - Meilleurs meilleurs m\u00e9dicaments mondiaux","og_description":"Achetez India Charas Black Hash en ligne. Facile \u00e0 travailler, poss\u00e8de un ar\u00f4me piquant et \u00e9pic\u00e9 et procure un effet corporel puissant. Commandez du hasch noir ici.","og_url":"https:\/\/medicinasinc.com\/fr\/product\/acheter-inde-charas-noir-hash\/","og_site_name":"Medicinas Inc","article_modified_time":"2022-03-17T12:26:27+00:00","og_image":[{"width":600,"height":600,"url":"https:\/\/medicinasinc.com\/fr\/wp-content\/uploads\/sites\/5\/2022\/02\/Buy-India-Charas-Black-Hash.jpg","type":"image\/jpeg"}],"twitter_card":"summary_large_image","twitter_misc":{"Est. reading time":"2 minutes"},"schema":{"@context":"https:\/\/schema.org","@graph":[{"@type":"WebPage","@id":"https:\/\/medicinasinc.com\/fr\/product\/acheter-inde-charas-noir-hash\/","url":"https:\/\/medicinasinc.com\/fr\/product\/acheter-inde-charas-noir-hash\/","name":"Acheter India Charas Black Hash - Meilleurs meilleurs m\u00e9dicaments mondiaux","isPartOf":{"@id":"https:\/\/medicinasinc.com\/fr\/#website"},"primaryImageOfPage":{"@id":"https:\/\/medicinasinc.com\/fr\/product\/acheter-inde-charas-noir-hash\/#primaryimage"},"image":{"@id":"https:\/\/medicinasinc.com\/fr\/product\/acheter-inde-charas-noir-hash\/#primaryimage"},"thumbnailUrl":"https:\/\/medicinasinc.com\/fr\/wp-content\/uploads\/sites\/5\/2022\/02\/Buy-India-Charas-Black-Hash.jpg","datePublished":"2022-02-20T14:27:35+00:00","dateModified":"2022-03-17T12:26:27+00:00","description":"Achetez India Charas Black Hash en ligne. Facile \u00e0 travailler, poss\u00e8de un ar\u00f4me piquant et \u00e9pic\u00e9 et procure un effet corporel puissant. Commandez du hasch noir ici.","breadcrumb":{"@id":"https:\/\/medicinasinc.com\/fr\/product\/acheter-inde-charas-noir-hash\/#breadcrumb"},"inLanguage":"en-US","potentialAction":[{"@type":"ReadAction","target":["https:\/\/medicinasinc.com\/fr\/product\/acheter-inde-charas-noir-hash\/"]}]},{"@type":"ImageObject","inLanguage":"en-US","@id":"https:\/\/medicinasinc.com\/fr\/product\/acheter-inde-charas-noir-hash\/#primaryimage","url":"https:\/\/medicinasinc.com\/fr\/wp-content\/uploads\/sites\/5\/2022\/02\/Buy-India-Charas-Black-Hash.jpg","contentUrl":"https:\/\/medicinasinc.com\/fr\/wp-content\/uploads\/sites\/5\/2022\/02\/Buy-India-Charas-Black-Hash.jpg","width":600,"height":600},{"@type":"BreadcrumbList","@id":"https:\/\/medicinasinc.com\/fr\/product\/acheter-inde-charas-noir-hash\/#breadcrumb","itemListElement":[{"@type":"ListItem","position":1,"name":"Boutique","item":"https:\/\/medicinasinc.com\/fr\/boutique\/"},{"@type":"ListItem","position":2,"name":"Acheter India Charas Black Hash"}]},{"@type":"WebSite","@id":"https:\/\/medicinasinc.com\/fr\/#website","url":"https:\/\/medicinasinc.com\/fr\/","name":"Medicinas Inc","description":"Health Medical Clinic","potentialAction":[{"@type":"SearchAction","target":{"@type":"EntryPoint","urlTemplate":"https:\/\/medicinasinc.com\/fr\/?s={search_term_string}"},"query-input":{"@type":"PropertyValueSpecification","valueRequired":true,"valueName":"search_term_string"}}],"inLanguage":"en-US"}]}},"_links":{"self":[{"href":"https:\/\/medicinasinc.com\/fr\/wp-json\/wp\/v2\/product\/4667","targetHints":{"allow":["GET"]}}],"collection":[{"href":"https:\/\/medicinasinc.com\/fr\/wp-json\/wp\/v2\/product"}],"about":[{"href":"https:\/\/medicinasinc.com\/fr\/wp-json\/wp\/v2\/types\/product"}],"replies":[{"embeddable":true,"href":"https:\/\/medicinasinc.com\/fr\/wp-json\/wp\/v2\/comments?post=4667"}],"wp:featuredmedia":[{"embeddable":true,"href":"https:\/\/medicinasinc.com\/fr\/wp-json\/wp\/v2\/media\/4681"}],"wp:attachment":[{"href":"https:\/\/medicinasinc.com\/fr\/wp-json\/wp\/v2\/media?parent=4667"}],"wp:term":[{"taxonomy":"product_brand","embeddable":true,"href":"https:\/\/medicinasinc.com\/fr\/wp-json\/wp\/v2\/product_brand?post=4667"},{"taxonomy":"product_cat","embeddable":true,"href":"https:\/\/medicinasinc.com\/fr\/wp-json\/wp\/v2\/product_cat?post=4667"},{"taxonomy":"product_tag","embeddable":true,"href":"https:\/\/medicinasinc.com\/fr\/wp-json\/wp\/v2\/product_tag?post=4667"}],"curies":[{"name":"wp","href":"https:\/\/api.w.org\/{rel}","templated":true}]}}