{"id":4666,"date":"2022-02-20T14:26:53","date_gmt":"2022-02-20T14:26:53","guid":{"rendered":"https:\/\/medicinasinc.com\/fr\/?post_type=product&#038;p=4666"},"modified":"2022-03-17T12:26:39","modified_gmt":"2022-03-17T12:26:39","slug":"acheter-des-batonnets-de-glace","status":"publish","type":"product","link":"https:\/\/medicinasinc.com\/fr\/product\/acheter-des-batonnets-de-glace\/","title":{"rendered":"Acheter des b\u00e2tonnets de hachage de glace"},"content":{"rendered":"<p>Ice Hash gagne rapidement en popularit\u00e9 en tant que m\u00e9thode n\u00e9cessitant peu d&#8217;entretien pour produire du hasch de haute qualit\u00e9. La marijuana est m\u00e9lang\u00e9e \u00e0 de l&#8217;eau, puis filtr\u00e9e \u00e0 travers diff\u00e9rents types de tissus. La r\u00e9sine qui en r\u00e9sulte est incroyable. B\u00e2tonnets de hachis faits de glace. Il existe de nombreuses m\u00e9thodes pour cr\u00e9er du Ice Hash. Vous pouvez acheter des Ice-o-lators en ligne pour cr\u00e9er Ice Hash. Achetez des b\u00e2tonnets de haschisch faits de glace<\/p>\n<p>Comment d\u00e9finit-on le haschisch (haschich)\u00a0?<\/p>\n<p>&#8220;Le haschich est une substance psychoactive d\u00e9riv\u00e9e des glandes de r\u00e9sine de la plante de cannabis femelle (pistill\u00e9e). [\u2026 ] L&#8217;objectif est d&#8217;isoler (et donc de concentrer) la r\u00e9sine contenant du THC afin de produire du haschisch.&#8221; B\u00e2tonnets de hachage en glace<\/p>\n<p>Acheter des b\u00e2tonnets de hachage de glace | Achetez des b\u00e2tonnets de hachis glac\u00e9s | Buy Ice Hash Sticks<\/p>\n<p>En termes simples, le haschich (que nous appellerons d\u00e9sormais hasch) est la glande r\u00e9sineuse isol\u00e9e de la plante de cannabis. Encore plus simple, le hasch, c&#8217;est quand la bonne substance collante de votre cannabis est enti\u00e8rement extraite d&#8217;elle-m\u00eame. Le hasch est, en un sens, du cannabis distill\u00e9 ! B\u00e2tonnets de hachage faits de glace<\/p>\n<p>Fabriquer du hasch avec de la neige carbonique est la m\u00e9thode la plus simple, la plus rapide et la plus efficace pour extraire la r\u00e9sine du cannabis. En un mot, c&#8217;est notre avis collectif. Dry Ice Hash est la m\u00e9thode optimale de production de hasch. B\u00e2tonnets de hachage faits de glace<\/p>\n<p>&nbsp;<\/p>\n<p>Qu&#8217;est-ce qui rend le Dry Ice Hash unique\u00a0?<\/p>\n<p>Bien que tous les hachages ne soient pas identiques, beaucoup sont assez similaires.<\/p>\n<p>Le haschich \u00e0 l&#8217;eau &#8211; alternativement appel\u00e9 hachage de glace, hachage de bulles, hachage de gravit\u00e9 (Gumby) et hachage de glace s\u00e8che &#8211; produit tous des glandes de r\u00e9sine isol\u00e9es.<\/p>\n<p>B\u00e2tonnets de hachage en glace<\/p>\n<p>Alors que de nombreuses m\u00e9thodes produisent le m\u00eame produit ou un produit similaire, l&#8217;utilisation de la neige carbonique pr\u00e9sente un certain nombre d&#8217;avantages par rapport aux autres m\u00e9thodes de collecte de r\u00e9sine\u00a0:<\/p>\n<p>C&#8217;est plus rapide que les m\u00e9thodes alternatives.<br \/> Vous pouvez terminez le hachage de glace carbonique en environ 1\/25e du temps qu&#8217;il faut pour terminer le hachage de gravit\u00e9\u00a0! Bien que cet exemple soit extr\u00eame, la fabrication de hachage de glace carbonique ne prend que quelques minutes et est nettement plus rapide que les autres m\u00e9thodes. Hash Sticks Made of Ice<br \/> C&#8217;est ridiculement simple, et cette simplicit\u00e9 se traduit par une gratification instantan\u00e9e. Vous obtenez du hasch premium pendant moins de 15 minutes en secouant un seau et un sac.<br \/> Il n&#8217;y a pas d&#8217;humidit\u00e9\u00a0!<br \/> Cela signifie que la r\u00e9sine est pr\u00eate imm\u00e9diatement apr\u00e8s avoir \u00e9t\u00e9 secou\u00e9e\u00a0!<\/p>\n","protected":false},"excerpt":{"rendered":"<div class=\"woocommerce-product-details__short-description\">\n<p>Les Ice Hash Sticks, \u00e9galement connus sous le nom de Thai Sticks, sont une race pure sativa originaire de Tha\u00eflande et arriv\u00e9e aux \u00c9tats-Unis dans les ann\u00e9es 1970.<\/p>\n<p>Ice Hash gagne rapidement en popularit\u00e9 en tant que m\u00e9thode n\u00e9cessitant peu d&#8217;entretien pour produire du hasch de haute qualit\u00e9. La marijuana est m\u00e9lang\u00e9e \u00e0 de l&#8217;eau, puis filtr\u00e9e \u00e0 travers diff\u00e9rents types de tissus. La r\u00e9sine qui en r\u00e9sulte est incroyable. B\u00e2tonnets de hachis faits de glace. Il existe de nombreuses m\u00e9thodes pour cr\u00e9er du Ice Hash. Vous pouvez acheter des Ice-o-lators en ligne pour cr\u00e9er Ice Hash. Acheter des b\u00e2tonnets de hachis faits de glace<\/p>\n<\/p><\/div>\n","protected":false},"featured_media":4679,"comment_status":"open","ping_status":"closed","template":"","meta":[],"product_brand":[],"product_cat":[610],"product_tag":[],"class_list":{"0":"post-4666","1":"product","2":"type-product","3":"status-publish","4":"has-post-thumbnail","6":"product_cat-acheter-hachisch-hachisch","8":"first","9":"instock","10":"shipping-taxable","11":"purchasable","12":"product-type-variable","13":"has-default-attributes"},"yoast_head":"<!-- This site is optimized with the Yoast SEO plugin v27.3 - https:\/\/yoast.com\/product\/yoast-seo-wordpress\/ -->\n<title>Acheter Ice Hash Sticks - Meilleurs meilleurs m\u00e9dicaments mondiaux<\/title>\n<meta name=\"description\" content=\"Acheter Ice Hash Sticks \u00e0 vendre au Royaume-Uni, Europe Online, \u00e9galement connu sous le nom de Thai Sticks, est une race pure sativa qui a commenc\u00e9 en Tha\u00eflande et n&#039;a fait son chemin aux \u00c9tats-Unis que dans les ann\u00e9es 70.\" \/>\n<meta name=\"robots\" content=\"index, follow, max-snippet:-1, max-image-preview:large, max-video-preview:-1\" \/>\n<link rel=\"canonical\" href=\"https:\/\/medicinasinc.com\/fr\/product\/acheter-des-batonnets-de-glace\/\" \/>\n<meta property=\"og:locale\" content=\"en_US\" \/>\n<meta property=\"og:type\" content=\"article\" \/>\n<meta property=\"og:title\" content=\"Acheter Ice Hash Sticks - Meilleurs meilleurs m\u00e9dicaments mondiaux\" \/>\n<meta property=\"og:description\" content=\"Acheter Ice Hash Sticks \u00e0 vendre au Royaume-Uni, Europe Online, \u00e9galement connu sous le nom de Thai Sticks, est une race pure sativa qui a commenc\u00e9 en Tha\u00eflande et n&#039;a fait son chemin aux \u00c9tats-Unis que dans les ann\u00e9es 70.\" \/>\n<meta property=\"og:url\" content=\"https:\/\/medicinasinc.com\/fr\/product\/acheter-des-batonnets-de-glace\/\" \/>\n<meta property=\"og:site_name\" content=\"Medicinas Inc\" \/>\n<meta property=\"article:modified_time\" content=\"2022-03-17T12:26:39+00:00\" \/>\n<meta property=\"og:image\" content=\"https:\/\/medicinasinc.com\/fr\/wp-content\/uploads\/sites\/5\/2022\/02\/Buy-Ice-Hash-Sticks.jpg\" \/>\n\t<meta property=\"og:image:width\" content=\"600\" \/>\n\t<meta property=\"og:image:height\" content=\"600\" \/>\n\t<meta property=\"og:image:type\" content=\"image\/jpeg\" \/>\n<meta name=\"twitter:card\" content=\"summary_large_image\" \/>\n<meta name=\"twitter:label1\" content=\"Est. reading time\" \/>\n\t<meta name=\"twitter:data1\" content=\"2 minutes\" \/>\n<script type=\"application\/ld+json\" class=\"yoast-schema-graph\">{\"@context\":\"https:\\\/\\\/schema.org\",\"@graph\":[{\"@type\":\"WebPage\",\"@id\":\"https:\\\/\\\/medicinasinc.com\\\/fr\\\/product\\\/acheter-des-batonnets-de-glace\\\/\",\"url\":\"https:\\\/\\\/medicinasinc.com\\\/fr\\\/product\\\/acheter-des-batonnets-de-glace\\\/\",\"name\":\"Acheter Ice Hash Sticks - Meilleurs meilleurs m\u00e9dicaments mondiaux\",\"isPartOf\":{\"@id\":\"https:\\\/\\\/medicinasinc.com\\\/fr\\\/#website\"},\"primaryImageOfPage\":{\"@id\":\"https:\\\/\\\/medicinasinc.com\\\/fr\\\/product\\\/acheter-des-batonnets-de-glace\\\/#primaryimage\"},\"image\":{\"@id\":\"https:\\\/\\\/medicinasinc.com\\\/fr\\\/product\\\/acheter-des-batonnets-de-glace\\\/#primaryimage\"},\"thumbnailUrl\":\"https:\\\/\\\/medicinasinc.com\\\/fr\\\/wp-content\\\/uploads\\\/sites\\\/5\\\/2022\\\/02\\\/Buy-Ice-Hash-Sticks.jpg\",\"datePublished\":\"2022-02-20T14:26:53+00:00\",\"dateModified\":\"2022-03-17T12:26:39+00:00\",\"description\":\"Acheter Ice Hash Sticks \u00e0 vendre au Royaume-Uni, Europe Online, \u00e9galement connu sous le nom de Thai Sticks, est une race pure sativa qui a commenc\u00e9 en Tha\u00eflande et n'a fait son chemin aux \u00c9tats-Unis que dans les ann\u00e9es 70.\",\"breadcrumb\":{\"@id\":\"https:\\\/\\\/medicinasinc.com\\\/fr\\\/product\\\/acheter-des-batonnets-de-glace\\\/#breadcrumb\"},\"inLanguage\":\"en-US\",\"potentialAction\":[{\"@type\":\"ReadAction\",\"target\":[\"https:\\\/\\\/medicinasinc.com\\\/fr\\\/product\\\/acheter-des-batonnets-de-glace\\\/\"]}]},{\"@type\":\"ImageObject\",\"inLanguage\":\"en-US\",\"@id\":\"https:\\\/\\\/medicinasinc.com\\\/fr\\\/product\\\/acheter-des-batonnets-de-glace\\\/#primaryimage\",\"url\":\"https:\\\/\\\/medicinasinc.com\\\/fr\\\/wp-content\\\/uploads\\\/sites\\\/5\\\/2022\\\/02\\\/Buy-Ice-Hash-Sticks.jpg\",\"contentUrl\":\"https:\\\/\\\/medicinasinc.com\\\/fr\\\/wp-content\\\/uploads\\\/sites\\\/5\\\/2022\\\/02\\\/Buy-Ice-Hash-Sticks.jpg\",\"width\":600,\"height\":600},{\"@type\":\"BreadcrumbList\",\"@id\":\"https:\\\/\\\/medicinasinc.com\\\/fr\\\/product\\\/acheter-des-batonnets-de-glace\\\/#breadcrumb\",\"itemListElement\":[{\"@type\":\"ListItem\",\"position\":1,\"name\":\"Boutique\",\"item\":\"https:\\\/\\\/medicinasinc.com\\\/fr\\\/boutique\\\/\"},{\"@type\":\"ListItem\",\"position\":2,\"name\":\"Acheter des b\u00e2tonnets de hachage de glace\"}]},{\"@type\":\"WebSite\",\"@id\":\"https:\\\/\\\/medicinasinc.com\\\/fr\\\/#website\",\"url\":\"https:\\\/\\\/medicinasinc.com\\\/fr\\\/\",\"name\":\"Medicinas Inc\",\"description\":\"Health Medical Clinic\",\"potentialAction\":[{\"@type\":\"SearchAction\",\"target\":{\"@type\":\"EntryPoint\",\"urlTemplate\":\"https:\\\/\\\/medicinasinc.com\\\/fr\\\/?s={search_term_string}\"},\"query-input\":{\"@type\":\"PropertyValueSpecification\",\"valueRequired\":true,\"valueName\":\"search_term_string\"}}],\"inLanguage\":\"en-US\"}]}<\/script>\n<!-- \/ Yoast SEO plugin. -->","yoast_head_json":{"title":"Acheter Ice Hash Sticks - Meilleurs meilleurs m\u00e9dicaments mondiaux","description":"Acheter Ice Hash Sticks \u00e0 vendre au Royaume-Uni, Europe Online, \u00e9galement connu sous le nom de Thai Sticks, est une race pure sativa qui a commenc\u00e9 en Tha\u00eflande et n'a fait son chemin aux \u00c9tats-Unis que dans les ann\u00e9es 70.","robots":{"index":"index","follow":"follow","max-snippet":"max-snippet:-1","max-image-preview":"max-image-preview:large","max-video-preview":"max-video-preview:-1"},"canonical":"https:\/\/medicinasinc.com\/fr\/product\/acheter-des-batonnets-de-glace\/","og_locale":"en_US","og_type":"article","og_title":"Acheter Ice Hash Sticks - Meilleurs meilleurs m\u00e9dicaments mondiaux","og_description":"Acheter Ice Hash Sticks \u00e0 vendre au Royaume-Uni, Europe Online, \u00e9galement connu sous le nom de Thai Sticks, est une race pure sativa qui a commenc\u00e9 en Tha\u00eflande et n'a fait son chemin aux \u00c9tats-Unis que dans les ann\u00e9es 70.","og_url":"https:\/\/medicinasinc.com\/fr\/product\/acheter-des-batonnets-de-glace\/","og_site_name":"Medicinas Inc","article_modified_time":"2022-03-17T12:26:39+00:00","og_image":[{"width":600,"height":600,"url":"https:\/\/medicinasinc.com\/fr\/wp-content\/uploads\/sites\/5\/2022\/02\/Buy-Ice-Hash-Sticks.jpg","type":"image\/jpeg"}],"twitter_card":"summary_large_image","twitter_misc":{"Est. reading time":"2 minutes"},"schema":{"@context":"https:\/\/schema.org","@graph":[{"@type":"WebPage","@id":"https:\/\/medicinasinc.com\/fr\/product\/acheter-des-batonnets-de-glace\/","url":"https:\/\/medicinasinc.com\/fr\/product\/acheter-des-batonnets-de-glace\/","name":"Acheter Ice Hash Sticks - Meilleurs meilleurs m\u00e9dicaments mondiaux","isPartOf":{"@id":"https:\/\/medicinasinc.com\/fr\/#website"},"primaryImageOfPage":{"@id":"https:\/\/medicinasinc.com\/fr\/product\/acheter-des-batonnets-de-glace\/#primaryimage"},"image":{"@id":"https:\/\/medicinasinc.com\/fr\/product\/acheter-des-batonnets-de-glace\/#primaryimage"},"thumbnailUrl":"https:\/\/medicinasinc.com\/fr\/wp-content\/uploads\/sites\/5\/2022\/02\/Buy-Ice-Hash-Sticks.jpg","datePublished":"2022-02-20T14:26:53+00:00","dateModified":"2022-03-17T12:26:39+00:00","description":"Acheter Ice Hash Sticks \u00e0 vendre au Royaume-Uni, Europe Online, \u00e9galement connu sous le nom de Thai Sticks, est une race pure sativa qui a commenc\u00e9 en Tha\u00eflande et n'a fait son chemin aux \u00c9tats-Unis que dans les ann\u00e9es 70.","breadcrumb":{"@id":"https:\/\/medicinasinc.com\/fr\/product\/acheter-des-batonnets-de-glace\/#breadcrumb"},"inLanguage":"en-US","potentialAction":[{"@type":"ReadAction","target":["https:\/\/medicinasinc.com\/fr\/product\/acheter-des-batonnets-de-glace\/"]}]},{"@type":"ImageObject","inLanguage":"en-US","@id":"https:\/\/medicinasinc.com\/fr\/product\/acheter-des-batonnets-de-glace\/#primaryimage","url":"https:\/\/medicinasinc.com\/fr\/wp-content\/uploads\/sites\/5\/2022\/02\/Buy-Ice-Hash-Sticks.jpg","contentUrl":"https:\/\/medicinasinc.com\/fr\/wp-content\/uploads\/sites\/5\/2022\/02\/Buy-Ice-Hash-Sticks.jpg","width":600,"height":600},{"@type":"BreadcrumbList","@id":"https:\/\/medicinasinc.com\/fr\/product\/acheter-des-batonnets-de-glace\/#breadcrumb","itemListElement":[{"@type":"ListItem","position":1,"name":"Boutique","item":"https:\/\/medicinasinc.com\/fr\/boutique\/"},{"@type":"ListItem","position":2,"name":"Acheter des b\u00e2tonnets de hachage de glace"}]},{"@type":"WebSite","@id":"https:\/\/medicinasinc.com\/fr\/#website","url":"https:\/\/medicinasinc.com\/fr\/","name":"Medicinas Inc","description":"Health Medical Clinic","potentialAction":[{"@type":"SearchAction","target":{"@type":"EntryPoint","urlTemplate":"https:\/\/medicinasinc.com\/fr\/?s={search_term_string}"},"query-input":{"@type":"PropertyValueSpecification","valueRequired":true,"valueName":"search_term_string"}}],"inLanguage":"en-US"}]}},"_links":{"self":[{"href":"https:\/\/medicinasinc.com\/fr\/wp-json\/wp\/v2\/product\/4666","targetHints":{"allow":["GET"]}}],"collection":[{"href":"https:\/\/medicinasinc.com\/fr\/wp-json\/wp\/v2\/product"}],"about":[{"href":"https:\/\/medicinasinc.com\/fr\/wp-json\/wp\/v2\/types\/product"}],"replies":[{"embeddable":true,"href":"https:\/\/medicinasinc.com\/fr\/wp-json\/wp\/v2\/comments?post=4666"}],"wp:featuredmedia":[{"embeddable":true,"href":"https:\/\/medicinasinc.com\/fr\/wp-json\/wp\/v2\/media\/4679"}],"wp:attachment":[{"href":"https:\/\/medicinasinc.com\/fr\/wp-json\/wp\/v2\/media?parent=4666"}],"wp:term":[{"taxonomy":"product_brand","embeddable":true,"href":"https:\/\/medicinasinc.com\/fr\/wp-json\/wp\/v2\/product_brand?post=4666"},{"taxonomy":"product_cat","embeddable":true,"href":"https:\/\/medicinasinc.com\/fr\/wp-json\/wp\/v2\/product_cat?post=4666"},{"taxonomy":"product_tag","embeddable":true,"href":"https:\/\/medicinasinc.com\/fr\/wp-json\/wp\/v2\/product_tag?post=4666"}],"curies":[{"name":"wp","href":"https:\/\/api.w.org\/{rel}","templated":true}]}}