{"id":4658,"date":"2022-02-20T14:22:15","date_gmt":"2022-02-20T14:22:15","guid":{"rendered":"https:\/\/medicinasinc.com\/fr\/?post_type=product&#038;p=4658"},"modified":"2022-03-17T12:26:50","modified_gmt":"2022-03-17T12:26:50","slug":"acheter-du-miel-marocain-blonde-hash","status":"publish","type":"product","link":"https:\/\/medicinasinc.com\/fr\/product\/acheter-du-miel-marocain-blonde-hash\/","title":{"rendered":"Acheter Honey Hash Blonde Marocaine"},"content":{"rendered":"<div class=\"woocommerce-tabs wc-tabs-wrapper\">\n<div id=\"tab-description\" class=\"woocommerce-Tabs-panel woocommerce-Tabs-panel--description panel entry-content wc-tab\" role=\"tabpanel\" aria-labelledby=\"tab-title-description\">\n<p>Achat en ligne de Honey Moroccan Blonde Hash. Le kif est fr\u00e9quemment utilis\u00e9 en conjonction avec le haschisch. Le kif est fr\u00e9quemment utilis\u00e9 en Occident pour cr\u00e9er l&#8217;unique Honey Moroccan Blonde Hash. Lorsque les feuilles les plus douces sont utilis\u00e9es, on parle de &#8220;habisha&#8221;, qui est similaire \u00e0 la marijuana.<\/p>\n<p>Honey Moroccan Blonde Hash a une saveur typiquement sucr\u00e9e avec une douce vibration sur la langue. C&#8217;est le type de saveur que les papilles adorent. Il est possible d&#8217;avoir un hasch extr\u00eamement r\u00e9sineux.<\/p>\n<p>Saveur du Honey Moroccan Blonde Hash\u00a0:<\/p>\n<p>Honey Moroccan Blonde Hash a un go\u00fbt sucr\u00e9 et une texture onctueuse sur la langue. C&#8217;est le type de saveur que les papilles appr\u00e9cient. Il est possible d&#8217;avoir un hasch tr\u00e8s r\u00e9sineux. Achat en ligne de Miel Moroccan Blonde Hash<\/p>\n<\/p><\/div><\/div>\n","protected":false},"excerpt":{"rendered":"<div class=\"woocommerce-product-details__short-description\">\n<p>Acheter Honey Moroccan Blonde Hash \u00e0 vendre au Royaume-Uni, en Europe. Elle est l\u00e9g\u00e8rement aromatique avec une pointe d&#8217;\u00e9pice qui produit un high c\u00e9r\u00e9bral et actif. hachage blond.<\/p>\n<\/p><\/div>\n","protected":false},"featured_media":4671,"comment_status":"open","ping_status":"closed","template":"","meta":[],"product_brand":[],"product_cat":[610],"product_tag":[],"class_list":{"0":"post-4658","1":"product","2":"type-product","3":"status-publish","4":"has-post-thumbnail","6":"product_cat-acheter-hachisch-hachisch","8":"first","9":"instock","10":"shipping-taxable","11":"purchasable","12":"product-type-variable","13":"has-default-attributes"},"yoast_head":"<!-- This site is optimized with the Yoast SEO plugin v27.3 - https:\/\/yoast.com\/product\/yoast-seo-wordpress\/ -->\n<title>Acheter Honey Moroccan Blonde Hash - Best Global Medicina<\/title>\n<meta name=\"description\" content=\"Acheter Honey Moroccan Blonde Hash \u00e0 vendre au Royaume-Uni, en Europe. Elle est l\u00e9g\u00e8rement aromatique avec une pointe d&#039;\u00e9pice qui produit un high c\u00e9r\u00e9bral et actif. hachage blond.\" \/>\n<meta name=\"robots\" content=\"index, follow, max-snippet:-1, max-image-preview:large, max-video-preview:-1\" \/>\n<link rel=\"canonical\" href=\"https:\/\/medicinasinc.com\/fr\/product\/acheter-du-miel-marocain-blonde-hash\/\" \/>\n<meta property=\"og:locale\" content=\"en_US\" \/>\n<meta property=\"og:type\" content=\"article\" \/>\n<meta property=\"og:title\" content=\"Acheter Honey Moroccan Blonde Hash - Best Global Medicina\" \/>\n<meta property=\"og:description\" content=\"Acheter Honey Moroccan Blonde Hash \u00e0 vendre au Royaume-Uni, en Europe. Elle est l\u00e9g\u00e8rement aromatique avec une pointe d&#039;\u00e9pice qui produit un high c\u00e9r\u00e9bral et actif. hachage blond.\" \/>\n<meta property=\"og:url\" content=\"https:\/\/medicinasinc.com\/fr\/product\/acheter-du-miel-marocain-blonde-hash\/\" \/>\n<meta property=\"og:site_name\" content=\"Medicinas Inc\" \/>\n<meta property=\"article:modified_time\" content=\"2022-03-17T12:26:50+00:00\" \/>\n<meta property=\"og:image\" content=\"https:\/\/medicinasinc.com\/fr\/wp-content\/uploads\/sites\/5\/2022\/02\/Buy-Honey-Moroccan-Blonde-Hash.jpg\" \/>\n\t<meta property=\"og:image:width\" content=\"600\" \/>\n\t<meta property=\"og:image:height\" content=\"600\" \/>\n\t<meta property=\"og:image:type\" content=\"image\/jpeg\" \/>\n<meta name=\"twitter:card\" content=\"summary_large_image\" \/>\n<meta name=\"twitter:label1\" content=\"Est. reading time\" \/>\n\t<meta name=\"twitter:data1\" content=\"1 minute\" \/>\n<script type=\"application\/ld+json\" class=\"yoast-schema-graph\">{\"@context\":\"https:\\\/\\\/schema.org\",\"@graph\":[{\"@type\":\"WebPage\",\"@id\":\"https:\\\/\\\/medicinasinc.com\\\/fr\\\/product\\\/acheter-du-miel-marocain-blonde-hash\\\/\",\"url\":\"https:\\\/\\\/medicinasinc.com\\\/fr\\\/product\\\/acheter-du-miel-marocain-blonde-hash\\\/\",\"name\":\"Acheter Honey Moroccan Blonde Hash - Best Global Medicina\",\"isPartOf\":{\"@id\":\"https:\\\/\\\/medicinasinc.com\\\/fr\\\/#website\"},\"primaryImageOfPage\":{\"@id\":\"https:\\\/\\\/medicinasinc.com\\\/fr\\\/product\\\/acheter-du-miel-marocain-blonde-hash\\\/#primaryimage\"},\"image\":{\"@id\":\"https:\\\/\\\/medicinasinc.com\\\/fr\\\/product\\\/acheter-du-miel-marocain-blonde-hash\\\/#primaryimage\"},\"thumbnailUrl\":\"https:\\\/\\\/medicinasinc.com\\\/fr\\\/wp-content\\\/uploads\\\/sites\\\/5\\\/2022\\\/02\\\/Buy-Honey-Moroccan-Blonde-Hash.jpg\",\"datePublished\":\"2022-02-20T14:22:15+00:00\",\"dateModified\":\"2022-03-17T12:26:50+00:00\",\"description\":\"Acheter Honey Moroccan Blonde Hash \u00e0 vendre au Royaume-Uni, en Europe. Elle est l\u00e9g\u00e8rement aromatique avec une pointe d'\u00e9pice qui produit un high c\u00e9r\u00e9bral et actif. hachage blond.\",\"breadcrumb\":{\"@id\":\"https:\\\/\\\/medicinasinc.com\\\/fr\\\/product\\\/acheter-du-miel-marocain-blonde-hash\\\/#breadcrumb\"},\"inLanguage\":\"en-US\",\"potentialAction\":[{\"@type\":\"ReadAction\",\"target\":[\"https:\\\/\\\/medicinasinc.com\\\/fr\\\/product\\\/acheter-du-miel-marocain-blonde-hash\\\/\"]}]},{\"@type\":\"ImageObject\",\"inLanguage\":\"en-US\",\"@id\":\"https:\\\/\\\/medicinasinc.com\\\/fr\\\/product\\\/acheter-du-miel-marocain-blonde-hash\\\/#primaryimage\",\"url\":\"https:\\\/\\\/medicinasinc.com\\\/fr\\\/wp-content\\\/uploads\\\/sites\\\/5\\\/2022\\\/02\\\/Buy-Honey-Moroccan-Blonde-Hash.jpg\",\"contentUrl\":\"https:\\\/\\\/medicinasinc.com\\\/fr\\\/wp-content\\\/uploads\\\/sites\\\/5\\\/2022\\\/02\\\/Buy-Honey-Moroccan-Blonde-Hash.jpg\",\"width\":600,\"height\":600},{\"@type\":\"BreadcrumbList\",\"@id\":\"https:\\\/\\\/medicinasinc.com\\\/fr\\\/product\\\/acheter-du-miel-marocain-blonde-hash\\\/#breadcrumb\",\"itemListElement\":[{\"@type\":\"ListItem\",\"position\":1,\"name\":\"Boutique\",\"item\":\"https:\\\/\\\/medicinasinc.com\\\/fr\\\/boutique\\\/\"},{\"@type\":\"ListItem\",\"position\":2,\"name\":\"Acheter Honey Hash Blonde Marocaine\"}]},{\"@type\":\"WebSite\",\"@id\":\"https:\\\/\\\/medicinasinc.com\\\/fr\\\/#website\",\"url\":\"https:\\\/\\\/medicinasinc.com\\\/fr\\\/\",\"name\":\"Medicinas Inc\",\"description\":\"Health Medical Clinic\",\"potentialAction\":[{\"@type\":\"SearchAction\",\"target\":{\"@type\":\"EntryPoint\",\"urlTemplate\":\"https:\\\/\\\/medicinasinc.com\\\/fr\\\/?s={search_term_string}\"},\"query-input\":{\"@type\":\"PropertyValueSpecification\",\"valueRequired\":true,\"valueName\":\"search_term_string\"}}],\"inLanguage\":\"en-US\"}]}<\/script>\n<!-- \/ Yoast SEO plugin. -->","yoast_head_json":{"title":"Acheter Honey Moroccan Blonde Hash - Best Global Medicina","description":"Acheter Honey Moroccan Blonde Hash \u00e0 vendre au Royaume-Uni, en Europe. Elle est l\u00e9g\u00e8rement aromatique avec une pointe d'\u00e9pice qui produit un high c\u00e9r\u00e9bral et actif. hachage blond.","robots":{"index":"index","follow":"follow","max-snippet":"max-snippet:-1","max-image-preview":"max-image-preview:large","max-video-preview":"max-video-preview:-1"},"canonical":"https:\/\/medicinasinc.com\/fr\/product\/acheter-du-miel-marocain-blonde-hash\/","og_locale":"en_US","og_type":"article","og_title":"Acheter Honey Moroccan Blonde Hash - Best Global Medicina","og_description":"Acheter Honey Moroccan Blonde Hash \u00e0 vendre au Royaume-Uni, en Europe. Elle est l\u00e9g\u00e8rement aromatique avec une pointe d'\u00e9pice qui produit un high c\u00e9r\u00e9bral et actif. hachage blond.","og_url":"https:\/\/medicinasinc.com\/fr\/product\/acheter-du-miel-marocain-blonde-hash\/","og_site_name":"Medicinas Inc","article_modified_time":"2022-03-17T12:26:50+00:00","og_image":[{"width":600,"height":600,"url":"https:\/\/medicinasinc.com\/fr\/wp-content\/uploads\/sites\/5\/2022\/02\/Buy-Honey-Moroccan-Blonde-Hash.jpg","type":"image\/jpeg"}],"twitter_card":"summary_large_image","twitter_misc":{"Est. reading time":"1 minute"},"schema":{"@context":"https:\/\/schema.org","@graph":[{"@type":"WebPage","@id":"https:\/\/medicinasinc.com\/fr\/product\/acheter-du-miel-marocain-blonde-hash\/","url":"https:\/\/medicinasinc.com\/fr\/product\/acheter-du-miel-marocain-blonde-hash\/","name":"Acheter Honey Moroccan Blonde Hash - Best Global Medicina","isPartOf":{"@id":"https:\/\/medicinasinc.com\/fr\/#website"},"primaryImageOfPage":{"@id":"https:\/\/medicinasinc.com\/fr\/product\/acheter-du-miel-marocain-blonde-hash\/#primaryimage"},"image":{"@id":"https:\/\/medicinasinc.com\/fr\/product\/acheter-du-miel-marocain-blonde-hash\/#primaryimage"},"thumbnailUrl":"https:\/\/medicinasinc.com\/fr\/wp-content\/uploads\/sites\/5\/2022\/02\/Buy-Honey-Moroccan-Blonde-Hash.jpg","datePublished":"2022-02-20T14:22:15+00:00","dateModified":"2022-03-17T12:26:50+00:00","description":"Acheter Honey Moroccan Blonde Hash \u00e0 vendre au Royaume-Uni, en Europe. Elle est l\u00e9g\u00e8rement aromatique avec une pointe d'\u00e9pice qui produit un high c\u00e9r\u00e9bral et actif. hachage blond.","breadcrumb":{"@id":"https:\/\/medicinasinc.com\/fr\/product\/acheter-du-miel-marocain-blonde-hash\/#breadcrumb"},"inLanguage":"en-US","potentialAction":[{"@type":"ReadAction","target":["https:\/\/medicinasinc.com\/fr\/product\/acheter-du-miel-marocain-blonde-hash\/"]}]},{"@type":"ImageObject","inLanguage":"en-US","@id":"https:\/\/medicinasinc.com\/fr\/product\/acheter-du-miel-marocain-blonde-hash\/#primaryimage","url":"https:\/\/medicinasinc.com\/fr\/wp-content\/uploads\/sites\/5\/2022\/02\/Buy-Honey-Moroccan-Blonde-Hash.jpg","contentUrl":"https:\/\/medicinasinc.com\/fr\/wp-content\/uploads\/sites\/5\/2022\/02\/Buy-Honey-Moroccan-Blonde-Hash.jpg","width":600,"height":600},{"@type":"BreadcrumbList","@id":"https:\/\/medicinasinc.com\/fr\/product\/acheter-du-miel-marocain-blonde-hash\/#breadcrumb","itemListElement":[{"@type":"ListItem","position":1,"name":"Boutique","item":"https:\/\/medicinasinc.com\/fr\/boutique\/"},{"@type":"ListItem","position":2,"name":"Acheter Honey Hash Blonde Marocaine"}]},{"@type":"WebSite","@id":"https:\/\/medicinasinc.com\/fr\/#website","url":"https:\/\/medicinasinc.com\/fr\/","name":"Medicinas Inc","description":"Health Medical Clinic","potentialAction":[{"@type":"SearchAction","target":{"@type":"EntryPoint","urlTemplate":"https:\/\/medicinasinc.com\/fr\/?s={search_term_string}"},"query-input":{"@type":"PropertyValueSpecification","valueRequired":true,"valueName":"search_term_string"}}],"inLanguage":"en-US"}]}},"_links":{"self":[{"href":"https:\/\/medicinasinc.com\/fr\/wp-json\/wp\/v2\/product\/4658","targetHints":{"allow":["GET"]}}],"collection":[{"href":"https:\/\/medicinasinc.com\/fr\/wp-json\/wp\/v2\/product"}],"about":[{"href":"https:\/\/medicinasinc.com\/fr\/wp-json\/wp\/v2\/types\/product"}],"replies":[{"embeddable":true,"href":"https:\/\/medicinasinc.com\/fr\/wp-json\/wp\/v2\/comments?post=4658"}],"wp:featuredmedia":[{"embeddable":true,"href":"https:\/\/medicinasinc.com\/fr\/wp-json\/wp\/v2\/media\/4671"}],"wp:attachment":[{"href":"https:\/\/medicinasinc.com\/fr\/wp-json\/wp\/v2\/media?parent=4658"}],"wp:term":[{"taxonomy":"product_brand","embeddable":true,"href":"https:\/\/medicinasinc.com\/fr\/wp-json\/wp\/v2\/product_brand?post=4658"},{"taxonomy":"product_cat","embeddable":true,"href":"https:\/\/medicinasinc.com\/fr\/wp-json\/wp\/v2\/product_cat?post=4658"},{"taxonomy":"product_tag","embeddable":true,"href":"https:\/\/medicinasinc.com\/fr\/wp-json\/wp\/v2\/product_tag?post=4658"}],"curies":[{"name":"wp","href":"https:\/\/api.w.org\/{rel}","templated":true}]}}