{"id":4635,"date":"2022-02-20T14:04:42","date_gmt":"2022-02-20T14:04:42","guid":{"rendered":"https:\/\/medicinasinc.com\/fr\/?post_type=product&#038;p=4635"},"modified":"2022-03-17T12:28:36","modified_gmt":"2022-03-17T12:28:36","slug":"acheter-charas-hachage","status":"publish","type":"product","link":"https:\/\/medicinasinc.com\/fr\/product\/acheter-charas-hachage\/","title":{"rendered":"Acheter Charas Hash"},"content":{"rendered":"<p>Achat en ligne de Charas Hash<\/p>\n<p>Achat en ligne de Charas Hash. Cr\u00e9\u00e9 en r\u00e9curant soigneusement les bourgeons femelles entre les doigts. Le terrain est livr\u00e9 en Hash-Balls et est press\u00e9 en morceaux standard avant l&#8217;exp\u00e9dition. Noir \u00e0 l&#8217;ext\u00e9rieur, dim verd\u00e2tre\/fonc\u00e9 \u00e0 l&#8217;int\u00e9rieur. Ar\u00f4me : \u00c9pic\u00e9 \u00e0 extr\u00eamement piquant. Il a un ar\u00f4me incomparable. Bouche : Tr\u00e8s piquante, assez \u00e2pre en gorge, mais beaucoup moins que l&#8217;Afghani. Coh\u00e9rence\u00a0: Extr\u00eamement d\u00e9licat, semblable \u00e0 l&#8217;Afghani dans sa capacit\u00e9 \u00e0 \u00eatre mass\u00e9 efficacement. Parfois tr\u00e8s fin, mais toujours \u00e9pais. Impact : High extr\u00eamement pierreux et physiquement stimulant. C\u00e9r\u00e9bral. Puissant \u00e0 extr\u00eamement puissant. Le charas, comme le n\u00e9palais, produit fr\u00e9quemment une excellente fum\u00e9e. (10-26 % THC) Disponibilit\u00e9 : Extr\u00eamement rare ; de tr\u00e8s petites quantit\u00e9s deviennent parfois disponibles. La majorit\u00e9 de ce type de hasch est import\u00e9e en Inde par des voyageurs priv\u00e9s. Naturellement, le co\u00fbt est \u00e9lev\u00e9 en termes n\u00e9palais. Le charas est g\u00e9n\u00e9ralement vendu sous la forme d&#8217;un &#8220;doigt&#8221;, qui est un hachage en forme de hot-dog.<\/p>\n","protected":false},"excerpt":{"rendered":"<div class=\"woocommerce-product-details__short-description\">\n<p>Achetez Charas Hash \u00e0 vendre au Royaume-Uni, en Europe en ligne pas cher avec une exp\u00e9dition dans le monde entier. C&#8217;est un concentr\u00e9 distinctif et robuste qui est tr\u00e8s bon pour la douleur, l&#8217;anxi\u00e9t\u00e9 et les naus\u00e9es.<\/p>\n<\/p><\/div>\n","protected":false},"featured_media":4649,"comment_status":"open","ping_status":"closed","template":"","meta":[],"product_brand":[],"product_cat":[610],"product_tag":[],"class_list":{"0":"post-4635","1":"product","2":"type-product","3":"status-publish","4":"has-post-thumbnail","6":"product_cat-acheter-hachisch-hachisch","8":"first","9":"instock","10":"shipping-taxable","11":"purchasable","12":"product-type-variable","13":"has-default-attributes"},"yoast_head":"<!-- This site is optimized with the Yoast SEO plugin v27.2 - https:\/\/yoast.com\/product\/yoast-seo-wordpress\/ -->\n<title>Acheter Charas Hash - Meilleurs meilleurs m\u00e9dicaments mondiaux<\/title>\n<meta name=\"description\" content=\"Achetez Charas Hash \u00e0 vendre au Royaume-Uni, en Europe en ligne pas cher avec une livraison dans le monde entier. C&#039;est un concentr\u00e9 distinctif et robuste qui est tr\u00e8s bon pour la douleur, l&#039;anxi\u00e9t\u00e9 et les naus\u00e9es.\" \/>\n<meta name=\"robots\" content=\"index, follow, max-snippet:-1, max-image-preview:large, max-video-preview:-1\" \/>\n<link rel=\"canonical\" href=\"https:\/\/medicinasinc.com\/fr\/product\/acheter-charas-hachage\/\" \/>\n<meta property=\"og:locale\" content=\"en_US\" \/>\n<meta property=\"og:type\" content=\"article\" \/>\n<meta property=\"og:title\" content=\"Acheter Charas Hash - Meilleurs meilleurs m\u00e9dicaments mondiaux\" \/>\n<meta property=\"og:description\" content=\"Achetez Charas Hash \u00e0 vendre au Royaume-Uni, en Europe en ligne pas cher avec une livraison dans le monde entier. C&#039;est un concentr\u00e9 distinctif et robuste qui est tr\u00e8s bon pour la douleur, l&#039;anxi\u00e9t\u00e9 et les naus\u00e9es.\" \/>\n<meta property=\"og:url\" content=\"https:\/\/medicinasinc.com\/fr\/product\/acheter-charas-hachage\/\" \/>\n<meta property=\"og:site_name\" content=\"Medicinas Inc\" \/>\n<meta property=\"article:modified_time\" content=\"2022-03-17T12:28:36+00:00\" \/>\n<meta property=\"og:image\" content=\"https:\/\/medicinasinc.com\/fr\/wp-content\/uploads\/sites\/5\/2022\/02\/Buy-Charas-Hash-Online.jpg\" \/>\n\t<meta property=\"og:image:width\" content=\"600\" \/>\n\t<meta property=\"og:image:height\" content=\"600\" \/>\n\t<meta property=\"og:image:type\" content=\"image\/jpeg\" \/>\n<meta name=\"twitter:card\" content=\"summary_large_image\" \/>\n<meta name=\"twitter:label1\" content=\"Est. reading time\" \/>\n\t<meta name=\"twitter:data1\" content=\"1 minute\" \/>\n<script type=\"application\/ld+json\" class=\"yoast-schema-graph\">{\"@context\":\"https:\/\/schema.org\",\"@graph\":[{\"@type\":\"WebPage\",\"@id\":\"https:\/\/medicinasinc.com\/fr\/product\/acheter-charas-hachage\/\",\"url\":\"https:\/\/medicinasinc.com\/fr\/product\/acheter-charas-hachage\/\",\"name\":\"Acheter Charas Hash - Meilleurs meilleurs m\u00e9dicaments mondiaux\",\"isPartOf\":{\"@id\":\"https:\/\/medicinasinc.com\/fr\/#website\"},\"primaryImageOfPage\":{\"@id\":\"https:\/\/medicinasinc.com\/fr\/product\/acheter-charas-hachage\/#primaryimage\"},\"image\":{\"@id\":\"https:\/\/medicinasinc.com\/fr\/product\/acheter-charas-hachage\/#primaryimage\"},\"thumbnailUrl\":\"https:\/\/medicinasinc.com\/fr\/wp-content\/uploads\/sites\/5\/2022\/02\/Buy-Charas-Hash-Online.jpg\",\"datePublished\":\"2022-02-20T14:04:42+00:00\",\"dateModified\":\"2022-03-17T12:28:36+00:00\",\"description\":\"Achetez Charas Hash \u00e0 vendre au Royaume-Uni, en Europe en ligne pas cher avec une livraison dans le monde entier. C'est un concentr\u00e9 distinctif et robuste qui est tr\u00e8s bon pour la douleur, l'anxi\u00e9t\u00e9 et les naus\u00e9es.\",\"breadcrumb\":{\"@id\":\"https:\/\/medicinasinc.com\/fr\/product\/acheter-charas-hachage\/#breadcrumb\"},\"inLanguage\":\"en-US\",\"potentialAction\":[{\"@type\":\"ReadAction\",\"target\":[\"https:\/\/medicinasinc.com\/fr\/product\/acheter-charas-hachage\/\"]}]},{\"@type\":\"ImageObject\",\"inLanguage\":\"en-US\",\"@id\":\"https:\/\/medicinasinc.com\/fr\/product\/acheter-charas-hachage\/#primaryimage\",\"url\":\"https:\/\/medicinasinc.com\/fr\/wp-content\/uploads\/sites\/5\/2022\/02\/Buy-Charas-Hash-Online.jpg\",\"contentUrl\":\"https:\/\/medicinasinc.com\/fr\/wp-content\/uploads\/sites\/5\/2022\/02\/Buy-Charas-Hash-Online.jpg\",\"width\":600,\"height\":600},{\"@type\":\"BreadcrumbList\",\"@id\":\"https:\/\/medicinasinc.com\/fr\/product\/acheter-charas-hachage\/#breadcrumb\",\"itemListElement\":[{\"@type\":\"ListItem\",\"position\":1,\"name\":\"Boutique\",\"item\":\"https:\/\/medicinasinc.com\/fr\/boutique\/\"},{\"@type\":\"ListItem\",\"position\":2,\"name\":\"Acheter Charas Hash\"}]},{\"@type\":\"WebSite\",\"@id\":\"https:\/\/medicinasinc.com\/fr\/#website\",\"url\":\"https:\/\/medicinasinc.com\/fr\/\",\"name\":\"Medicinas Inc\",\"description\":\"Health Medical Clinic\",\"potentialAction\":[{\"@type\":\"SearchAction\",\"target\":{\"@type\":\"EntryPoint\",\"urlTemplate\":\"https:\/\/medicinasinc.com\/fr\/?s={search_term_string}\"},\"query-input\":{\"@type\":\"PropertyValueSpecification\",\"valueRequired\":true,\"valueName\":\"search_term_string\"}}],\"inLanguage\":\"en-US\"}]}<\/script>\n<!-- \/ Yoast SEO plugin. -->","yoast_head_json":{"title":"Acheter Charas Hash - Meilleurs meilleurs m\u00e9dicaments mondiaux","description":"Achetez Charas Hash \u00e0 vendre au Royaume-Uni, en Europe en ligne pas cher avec une livraison dans le monde entier. C'est un concentr\u00e9 distinctif et robuste qui est tr\u00e8s bon pour la douleur, l'anxi\u00e9t\u00e9 et les naus\u00e9es.","robots":{"index":"index","follow":"follow","max-snippet":"max-snippet:-1","max-image-preview":"max-image-preview:large","max-video-preview":"max-video-preview:-1"},"canonical":"https:\/\/medicinasinc.com\/fr\/product\/acheter-charas-hachage\/","og_locale":"en_US","og_type":"article","og_title":"Acheter Charas Hash - Meilleurs meilleurs m\u00e9dicaments mondiaux","og_description":"Achetez Charas Hash \u00e0 vendre au Royaume-Uni, en Europe en ligne pas cher avec une livraison dans le monde entier. C'est un concentr\u00e9 distinctif et robuste qui est tr\u00e8s bon pour la douleur, l'anxi\u00e9t\u00e9 et les naus\u00e9es.","og_url":"https:\/\/medicinasinc.com\/fr\/product\/acheter-charas-hachage\/","og_site_name":"Medicinas Inc","article_modified_time":"2022-03-17T12:28:36+00:00","og_image":[{"width":600,"height":600,"url":"https:\/\/medicinasinc.com\/fr\/wp-content\/uploads\/sites\/5\/2022\/02\/Buy-Charas-Hash-Online.jpg","type":"image\/jpeg"}],"twitter_card":"summary_large_image","twitter_misc":{"Est. reading time":"1 minute"},"schema":{"@context":"https:\/\/schema.org","@graph":[{"@type":"WebPage","@id":"https:\/\/medicinasinc.com\/fr\/product\/acheter-charas-hachage\/","url":"https:\/\/medicinasinc.com\/fr\/product\/acheter-charas-hachage\/","name":"Acheter Charas Hash - Meilleurs meilleurs m\u00e9dicaments mondiaux","isPartOf":{"@id":"https:\/\/medicinasinc.com\/fr\/#website"},"primaryImageOfPage":{"@id":"https:\/\/medicinasinc.com\/fr\/product\/acheter-charas-hachage\/#primaryimage"},"image":{"@id":"https:\/\/medicinasinc.com\/fr\/product\/acheter-charas-hachage\/#primaryimage"},"thumbnailUrl":"https:\/\/medicinasinc.com\/fr\/wp-content\/uploads\/sites\/5\/2022\/02\/Buy-Charas-Hash-Online.jpg","datePublished":"2022-02-20T14:04:42+00:00","dateModified":"2022-03-17T12:28:36+00:00","description":"Achetez Charas Hash \u00e0 vendre au Royaume-Uni, en Europe en ligne pas cher avec une livraison dans le monde entier. C'est un concentr\u00e9 distinctif et robuste qui est tr\u00e8s bon pour la douleur, l'anxi\u00e9t\u00e9 et les naus\u00e9es.","breadcrumb":{"@id":"https:\/\/medicinasinc.com\/fr\/product\/acheter-charas-hachage\/#breadcrumb"},"inLanguage":"en-US","potentialAction":[{"@type":"ReadAction","target":["https:\/\/medicinasinc.com\/fr\/product\/acheter-charas-hachage\/"]}]},{"@type":"ImageObject","inLanguage":"en-US","@id":"https:\/\/medicinasinc.com\/fr\/product\/acheter-charas-hachage\/#primaryimage","url":"https:\/\/medicinasinc.com\/fr\/wp-content\/uploads\/sites\/5\/2022\/02\/Buy-Charas-Hash-Online.jpg","contentUrl":"https:\/\/medicinasinc.com\/fr\/wp-content\/uploads\/sites\/5\/2022\/02\/Buy-Charas-Hash-Online.jpg","width":600,"height":600},{"@type":"BreadcrumbList","@id":"https:\/\/medicinasinc.com\/fr\/product\/acheter-charas-hachage\/#breadcrumb","itemListElement":[{"@type":"ListItem","position":1,"name":"Boutique","item":"https:\/\/medicinasinc.com\/fr\/boutique\/"},{"@type":"ListItem","position":2,"name":"Acheter Charas Hash"}]},{"@type":"WebSite","@id":"https:\/\/medicinasinc.com\/fr\/#website","url":"https:\/\/medicinasinc.com\/fr\/","name":"Medicinas Inc","description":"Health Medical Clinic","potentialAction":[{"@type":"SearchAction","target":{"@type":"EntryPoint","urlTemplate":"https:\/\/medicinasinc.com\/fr\/?s={search_term_string}"},"query-input":{"@type":"PropertyValueSpecification","valueRequired":true,"valueName":"search_term_string"}}],"inLanguage":"en-US"}]}},"_links":{"self":[{"href":"https:\/\/medicinasinc.com\/fr\/wp-json\/wp\/v2\/product\/4635","targetHints":{"allow":["GET"]}}],"collection":[{"href":"https:\/\/medicinasinc.com\/fr\/wp-json\/wp\/v2\/product"}],"about":[{"href":"https:\/\/medicinasinc.com\/fr\/wp-json\/wp\/v2\/types\/product"}],"replies":[{"embeddable":true,"href":"https:\/\/medicinasinc.com\/fr\/wp-json\/wp\/v2\/comments?post=4635"}],"wp:featuredmedia":[{"embeddable":true,"href":"https:\/\/medicinasinc.com\/fr\/wp-json\/wp\/v2\/media\/4649"}],"wp:attachment":[{"href":"https:\/\/medicinasinc.com\/fr\/wp-json\/wp\/v2\/media?parent=4635"}],"wp:term":[{"taxonomy":"product_brand","embeddable":true,"href":"https:\/\/medicinasinc.com\/fr\/wp-json\/wp\/v2\/product_brand?post=4635"},{"taxonomy":"product_cat","embeddable":true,"href":"https:\/\/medicinasinc.com\/fr\/wp-json\/wp\/v2\/product_cat?post=4635"},{"taxonomy":"product_tag","embeddable":true,"href":"https:\/\/medicinasinc.com\/fr\/wp-json\/wp\/v2\/product_tag?post=4635"}],"curies":[{"name":"wp","href":"https:\/\/api.w.org\/{rel}","templated":true}]}}