{"id":4627,"date":"2022-02-20T13:57:00","date_gmt":"2022-02-20T13:57:00","guid":{"rendered":"https:\/\/medicinasinc.com\/fr\/?post_type=product&#038;p=4627"},"modified":"2022-03-17T12:28:56","modified_gmt":"2022-03-17T12:28:56","slug":"acheter-bc-hachage","status":"publish","type":"product","link":"https:\/\/medicinasinc.com\/fr\/product\/acheter-bc-hachage\/","title":{"rendered":"Acheter BC Hash"},"content":{"rendered":"<div class=\"woocommerce-tabs wc-tabs-wrapper\">\n<div id=\"tab-description\" class=\"woocommerce-Tabs-panel woocommerce-Tabs-panel--description panel entry-content wc-tab\" role=\"tabpanel\" aria-labelledby=\"tab-title-description\">\n<p>BC-Hash peut \u00eatre achet\u00e9 en ligne.<\/p>\n<p>Voulez-vous essayer quelque chose de nouveau aujourd&#8217;hui\u00a0? Notre recommandation est de v\u00e9rifier ce hasch de haute qualit\u00e9 qui est populaire parmi les utilisateurs de marijuana novices et exp\u00e9riment\u00e9s. Le BC-Hash peut \u00eatre achet\u00e9 en ligne.<\/p>\n<p>BC Hash a un ar\u00f4me et une saveur de pin distincts.<\/p>\n<p>Alors que beaucoup de gens s&#8217;attendent \u00e0 un parfum fort, la r\u00e9alit\u00e9 est qu&#8217;il est assez doux, ce qui rend ce produit tout aussi pratique. La meilleure partie est que le high ne commence pas imm\u00e9diatement, vous pouvez donc prendre votre temps et vous attendre \u00e0 ce qu&#8217;il dure longtemps. C&#8217;est une excellente option pour ceux qui recherchent une journ\u00e9e de d\u00e9tente ainsi que ceux qui cherchent \u00e0 lutter contre l&#8217;anxi\u00e9t\u00e9. Nous exp\u00e9dions aux \u00c9tats-Unis d&#8217;Am\u00e9rique, au Royaume-Uni, en Australie, au Canada et en Europe, ainsi qu&#8217;\u00e0 l&#8217;international.<\/p>\n<\/p><\/div><\/div>\n","protected":false},"excerpt":{"rendered":"<p>Achetez BC Hash \u00e0 vendre au Royaume-Uni en ligne au meilleur d\u00e9sordre mondial. Commandez des produits \u00e0 base d&#8217;huile de hasch et du hash BC. Achetez de l&#8217;herbe en ligne ici et b\u00e9n\u00e9ficiez d&#8217;une livraison rapide partout en Europe, au Royaume-Uni.<\/p>\n<p>&nbsp;<\/p>\n<ul>\n<li>Exp\u00e9dition dans le monde entier<\/li>\n<li><strong>Grade\u00a0: AAAA<\/strong><\/li>\n<li><strong>Contactez-nous<\/strong>\u00a0pour des commandes plus importantes<\/li>\n<\/ul>\n","protected":false},"featured_media":4639,"comment_status":"open","ping_status":"closed","template":"","meta":[],"product_brand":[],"product_cat":[610],"product_tag":[611,612,470,475,653,649,650,647,648,473,626,618,623,615,621,643,642,639,638,644,624,631,633,634,652,459,628,629,630,627,632,461,620,641,640,646,454,619,455,616,617,622,625,636,651,645,635,637,613,682,655,678,680,679,672,673,676,674,675,677,671,654,670,659,666,667,668,669,657,658,663,664,665,656,681,614,660,661,662],"class_list":{"0":"post-4627","1":"product","2":"type-product","3":"status-publish","4":"has-post-thumbnail","6":"product_cat-acheter-hachisch-hachisch","7":"product_tag-420-mail-order-marijuana-usa","8":"product_tag-420-mail-order-usa","9":"product_tag-acheter-de-lherbe-en-ligne","10":"product_tag-acheter-de-l-herbe-en-ligne-royaume-uni","11":"product_tag-acheter-des-herbes-en-ligne-etats-unis-avis","12":"product_tag-acheter-de-lherbe-en-ligne-etats-unis","13":"product_tag-acheter-de-lherbe-en-ligne-avec-la-livraison-dans-le-monde-monde","14":"product_tag-acheter-herbe-en-ligne-asie","15":"product_tag-acheter-herbe-en-ligne-australie","16":"product_tag-acheter-herbe-en-ligne-europe","17":"product_tag-acheter-de-l-herbe-legale-en-ligne","18":"product_tag-acheter-herbe-pas-cher-en-ligne-usa","19":"product_tag-acheter-huile-de-cannabis-riche-en-thc-en-ligne","20":"product_tag-acheter-huile-de-cannabis-en-ligne","21":"product_tag-acheter-huile-de-haschich-en-ligne-australie","22":"product_tag-acheter-huile-thc-en-ligne","23":"product_tag-acheter-shatter-wax-en-ligne","24":"product_tag-acheter-de-la-cire-de-marijuana-en-ligne-royaume-uni","25":"product_tag-acheter-de-la-cire-de-marijuana-en-ligne-australie","26":"product_tag-acheter-thc-wax-en-ligne","27":"product_tag-acheter-kush-en-ligne","28":"product_tag-acheter-de-la-marijuana-en-ligne-latino-americaine","29":"product_tag-acheter-marijuana-en-ligne-moyen-orient","30":"product_tag-acheter-marijuana-en-ligne-royaume-uni","31":"product_tag-achat-de-marijuana-en-ligne-etats-unis","32":"product_tag-acheter-marijuana-en-ligne-usa","33":"product_tag-acheter-marijuana-en-ligne-bresil","34":"product_tag-acheter-marijuana-en-ligne-ca","35":"product_tag-acheter-marijuana-en-ligne-emballage-discret","36":"product_tag-acheter-marijuana-en-ligne-australie","37":"product_tag-acheter-marijuana-en-ligne-malaisie","38":"product_tag-acheter-de-la-marijuana-medicale-en-ligne","39":"product_tag-acheter-dabs-vente-en-ligne","40":"product_tag-acheter-joints-pre-roules-en-ligne","41":"product_tag-acheter-moon-rocks-en-ligne","42":"product_tag-acheter-des-herbes-comestibles-en-ligne","43":"product_tag-acheter-marijuana-comestibles-en-ligne","44":"product_tag-acheter-dabs-en-ligne","45":"product_tag-acheter-de-la-marijuana-en-ligne","46":"product_tag-acheter-cannabis-en-ligne-kowet","47":"product_tag-acheter-cannabis-en-ligne-malaisie","48":"product_tag-acheter-hachage-en-ligne-royaume-uni","49":"product_tag-acheter-kush-en-ligne-usa","50":"product_tag-acheter-marijuana-shatter-wax-en-ligne-avec-expdition-mondiale","51":"product_tag-acheter-de-la-cire-de-mauvaise-herbe-en-ligne-avec-expdition-dans-le-monde-monde","52":"product_tag-acheter-de-la-cire-en-ligne-avec-expdition-dans-le-monde-monde","53":"product_tag-acheter-de-la-marijuana-en-ligne-avec-livraison-dans-le-monde-monde","54":"product_tag-acheter-marijuana-shatterwax-en-ligne-avec-expdition-dans-le-monde-monde","55":"product_tag-best-marijuana-online-shop-usa","56":"product_tag-boutique-en-ligne-de-cannabis-dans-le-monde-monde","57":"product_tag-edibles-worldwide-shipping","58":"product_tag-commander-de-lherbe-en-ligne","59":"product_tag-commander-de-lherbe-en-ligne-aux-etats-unis","60":"product_tag-commander-des-herbes-en-ligne-etats-unis","61":"product_tag-commander-de-la-marijuana-en-ligne","62":"product_tag-commander-de-la-marijuana-en-ligne-europe","63":"product_tag-commander-de-la-marijuana-en-ligne-livraison-dans-le-monde-monde","64":"product_tag-commander-marijuana-en-ligne-france","65":"product_tag-commander-de-la-marijuana-en-ligne-etats-unis","66":"product_tag-order-shatter-online-usa","67":"product_tag-commander-kush-en-ligne-usa","68":"product_tag-californie-dispensaire-expdition-dans-le-monde-entier","69":"product_tag-avis-dispensaire-en-ligne-livraison-dans-le-monde","70":"product_tag-dispensaire-en-ligne-lgitime-expdition-dans-le-monde-entier","71":"product_tag-expdition-dispensaire-en-ligne","72":"product_tag-dispensaire-en-ligne-livraison-royaume-uni","73":"product_tag-dispensaire-en-ligne-livraison-usa","74":"product_tag-dispensaire-en-ligne-livraison-dans-le-monde","75":"product_tag-legit-online-dispensary","76":"product_tag-legit-online-dispensary-shipping-usa","77":"product_tag-mail-order-weed-online-with-worldwide-shipping","78":"product_tag-marijuana-a-vendre-etats-unis","79":"product_tag-marijuana-en-ligne-etats-unis","80":"product_tag-marijuana-juridique-a-vendre-etats-unis","81":"product_tag-mauvaises-herbes--vendre-en-ligne-usa","82":"product_tag-meilleur-dispensaire-en-ligne","83":"product_tag-vente-de-marijuana-en-ligne","84":"product_tag-vente-de-marijuana-en-ligne-etats-unis","85":"product_tag-vente-de-marijuana-par-mail-en-ligne-avec-expdition-dans-le-monde-monde","87":"first","88":"instock","89":"shipping-taxable","90":"purchasable","91":"product-type-variable","92":"has-default-attributes"},"yoast_head":"<!-- This site is optimized with the Yoast SEO plugin v27.3 - https:\/\/yoast.com\/product\/yoast-seo-wordpress\/ -->\n<title>Acheter BC Hash en ligne - Meilleurs meilleurs m\u00e9dicaments mondiaux<\/title>\n<meta name=\"description\" content=\"Acheter BC Hash \u00e0 vendre au Royaume-Uni en ligne au meilleur d\u00e9sordre mondial. Commandez des produits \u00e0 base d&#039;huile de hasch et du hash BC. Achetez de l&#039;herbe en ligne ici et b\u00e9n\u00e9ficiez d&#039;une livraison rapide partout en Europe, au Royaume-Uni.\" \/>\n<meta name=\"robots\" content=\"index, follow, max-snippet:-1, max-image-preview:large, max-video-preview:-1\" \/>\n<link rel=\"canonical\" href=\"https:\/\/medicinasinc.com\/fr\/product\/acheter-bc-hachage\/\" \/>\n<meta property=\"og:locale\" content=\"en_US\" \/>\n<meta property=\"og:type\" content=\"article\" \/>\n<meta property=\"og:title\" content=\"Acheter BC Hash en ligne - Meilleurs meilleurs m\u00e9dicaments mondiaux\" \/>\n<meta property=\"og:description\" content=\"Acheter BC Hash \u00e0 vendre au Royaume-Uni en ligne au meilleur d\u00e9sordre mondial. Commandez des produits \u00e0 base d&#039;huile de hasch et du hash BC. Achetez de l&#039;herbe en ligne ici et b\u00e9n\u00e9ficiez d&#039;une livraison rapide partout en Europe, au Royaume-Uni.\" \/>\n<meta property=\"og:url\" content=\"https:\/\/medicinasinc.com\/fr\/product\/acheter-bc-hachage\/\" \/>\n<meta property=\"og:site_name\" content=\"Medicinas Inc\" \/>\n<meta property=\"article:modified_time\" content=\"2022-03-17T12:28:56+00:00\" \/>\n<meta property=\"og:image\" content=\"https:\/\/medicinasinc.com\/fr\/wp-content\/uploads\/sites\/5\/2022\/02\/Buy-BC-Hash.jpg\" \/>\n\t<meta property=\"og:image:width\" content=\"600\" \/>\n\t<meta property=\"og:image:height\" content=\"600\" \/>\n\t<meta property=\"og:image:type\" content=\"image\/jpeg\" \/>\n<meta name=\"twitter:card\" content=\"summary_large_image\" \/>\n<meta name=\"twitter:label1\" content=\"Est. reading time\" \/>\n\t<meta name=\"twitter:data1\" content=\"1 minute\" \/>\n<script type=\"application\/ld+json\" class=\"yoast-schema-graph\">{\"@context\":\"https:\\\/\\\/schema.org\",\"@graph\":[{\"@type\":\"WebPage\",\"@id\":\"https:\\\/\\\/medicinasinc.com\\\/fr\\\/product\\\/acheter-bc-hachage\\\/\",\"url\":\"https:\\\/\\\/medicinasinc.com\\\/fr\\\/product\\\/acheter-bc-hachage\\\/\",\"name\":\"Acheter BC Hash en ligne - Meilleurs meilleurs m\u00e9dicaments mondiaux\",\"isPartOf\":{\"@id\":\"https:\\\/\\\/medicinasinc.com\\\/fr\\\/#website\"},\"primaryImageOfPage\":{\"@id\":\"https:\\\/\\\/medicinasinc.com\\\/fr\\\/product\\\/acheter-bc-hachage\\\/#primaryimage\"},\"image\":{\"@id\":\"https:\\\/\\\/medicinasinc.com\\\/fr\\\/product\\\/acheter-bc-hachage\\\/#primaryimage\"},\"thumbnailUrl\":\"https:\\\/\\\/medicinasinc.com\\\/fr\\\/wp-content\\\/uploads\\\/sites\\\/5\\\/2022\\\/02\\\/Buy-BC-Hash.jpg\",\"datePublished\":\"2022-02-20T13:57:00+00:00\",\"dateModified\":\"2022-03-17T12:28:56+00:00\",\"description\":\"Acheter BC Hash \u00e0 vendre au Royaume-Uni en ligne au meilleur d\u00e9sordre mondial. Commandez des produits \u00e0 base d'huile de hasch et du hash BC. Achetez de l'herbe en ligne ici et b\u00e9n\u00e9ficiez d'une livraison rapide partout en Europe, au Royaume-Uni.\",\"breadcrumb\":{\"@id\":\"https:\\\/\\\/medicinasinc.com\\\/fr\\\/product\\\/acheter-bc-hachage\\\/#breadcrumb\"},\"inLanguage\":\"en-US\",\"potentialAction\":[{\"@type\":\"ReadAction\",\"target\":[\"https:\\\/\\\/medicinasinc.com\\\/fr\\\/product\\\/acheter-bc-hachage\\\/\"]}]},{\"@type\":\"ImageObject\",\"inLanguage\":\"en-US\",\"@id\":\"https:\\\/\\\/medicinasinc.com\\\/fr\\\/product\\\/acheter-bc-hachage\\\/#primaryimage\",\"url\":\"https:\\\/\\\/medicinasinc.com\\\/fr\\\/wp-content\\\/uploads\\\/sites\\\/5\\\/2022\\\/02\\\/Buy-BC-Hash.jpg\",\"contentUrl\":\"https:\\\/\\\/medicinasinc.com\\\/fr\\\/wp-content\\\/uploads\\\/sites\\\/5\\\/2022\\\/02\\\/Buy-BC-Hash.jpg\",\"width\":600,\"height\":600},{\"@type\":\"BreadcrumbList\",\"@id\":\"https:\\\/\\\/medicinasinc.com\\\/fr\\\/product\\\/acheter-bc-hachage\\\/#breadcrumb\",\"itemListElement\":[{\"@type\":\"ListItem\",\"position\":1,\"name\":\"Boutique\",\"item\":\"https:\\\/\\\/medicinasinc.com\\\/fr\\\/boutique\\\/\"},{\"@type\":\"ListItem\",\"position\":2,\"name\":\"Acheter BC Hash\"}]},{\"@type\":\"WebSite\",\"@id\":\"https:\\\/\\\/medicinasinc.com\\\/fr\\\/#website\",\"url\":\"https:\\\/\\\/medicinasinc.com\\\/fr\\\/\",\"name\":\"Medicinas Inc\",\"description\":\"Health Medical Clinic\",\"potentialAction\":[{\"@type\":\"SearchAction\",\"target\":{\"@type\":\"EntryPoint\",\"urlTemplate\":\"https:\\\/\\\/medicinasinc.com\\\/fr\\\/?s={search_term_string}\"},\"query-input\":{\"@type\":\"PropertyValueSpecification\",\"valueRequired\":true,\"valueName\":\"search_term_string\"}}],\"inLanguage\":\"en-US\"}]}<\/script>\n<!-- \/ Yoast SEO plugin. -->","yoast_head_json":{"title":"Acheter BC Hash en ligne - Meilleurs meilleurs m\u00e9dicaments mondiaux","description":"Acheter BC Hash \u00e0 vendre au Royaume-Uni en ligne au meilleur d\u00e9sordre mondial. Commandez des produits \u00e0 base d'huile de hasch et du hash BC. Achetez de l'herbe en ligne ici et b\u00e9n\u00e9ficiez d'une livraison rapide partout en Europe, au Royaume-Uni.","robots":{"index":"index","follow":"follow","max-snippet":"max-snippet:-1","max-image-preview":"max-image-preview:large","max-video-preview":"max-video-preview:-1"},"canonical":"https:\/\/medicinasinc.com\/fr\/product\/acheter-bc-hachage\/","og_locale":"en_US","og_type":"article","og_title":"Acheter BC Hash en ligne - Meilleurs meilleurs m\u00e9dicaments mondiaux","og_description":"Acheter BC Hash \u00e0 vendre au Royaume-Uni en ligne au meilleur d\u00e9sordre mondial. Commandez des produits \u00e0 base d'huile de hasch et du hash BC. Achetez de l'herbe en ligne ici et b\u00e9n\u00e9ficiez d'une livraison rapide partout en Europe, au Royaume-Uni.","og_url":"https:\/\/medicinasinc.com\/fr\/product\/acheter-bc-hachage\/","og_site_name":"Medicinas Inc","article_modified_time":"2022-03-17T12:28:56+00:00","og_image":[{"width":600,"height":600,"url":"https:\/\/medicinasinc.com\/fr\/wp-content\/uploads\/sites\/5\/2022\/02\/Buy-BC-Hash.jpg","type":"image\/jpeg"}],"twitter_card":"summary_large_image","twitter_misc":{"Est. reading time":"1 minute"},"schema":{"@context":"https:\/\/schema.org","@graph":[{"@type":"WebPage","@id":"https:\/\/medicinasinc.com\/fr\/product\/acheter-bc-hachage\/","url":"https:\/\/medicinasinc.com\/fr\/product\/acheter-bc-hachage\/","name":"Acheter BC Hash en ligne - Meilleurs meilleurs m\u00e9dicaments mondiaux","isPartOf":{"@id":"https:\/\/medicinasinc.com\/fr\/#website"},"primaryImageOfPage":{"@id":"https:\/\/medicinasinc.com\/fr\/product\/acheter-bc-hachage\/#primaryimage"},"image":{"@id":"https:\/\/medicinasinc.com\/fr\/product\/acheter-bc-hachage\/#primaryimage"},"thumbnailUrl":"https:\/\/medicinasinc.com\/fr\/wp-content\/uploads\/sites\/5\/2022\/02\/Buy-BC-Hash.jpg","datePublished":"2022-02-20T13:57:00+00:00","dateModified":"2022-03-17T12:28:56+00:00","description":"Acheter BC Hash \u00e0 vendre au Royaume-Uni en ligne au meilleur d\u00e9sordre mondial. Commandez des produits \u00e0 base d'huile de hasch et du hash BC. Achetez de l'herbe en ligne ici et b\u00e9n\u00e9ficiez d'une livraison rapide partout en Europe, au Royaume-Uni.","breadcrumb":{"@id":"https:\/\/medicinasinc.com\/fr\/product\/acheter-bc-hachage\/#breadcrumb"},"inLanguage":"en-US","potentialAction":[{"@type":"ReadAction","target":["https:\/\/medicinasinc.com\/fr\/product\/acheter-bc-hachage\/"]}]},{"@type":"ImageObject","inLanguage":"en-US","@id":"https:\/\/medicinasinc.com\/fr\/product\/acheter-bc-hachage\/#primaryimage","url":"https:\/\/medicinasinc.com\/fr\/wp-content\/uploads\/sites\/5\/2022\/02\/Buy-BC-Hash.jpg","contentUrl":"https:\/\/medicinasinc.com\/fr\/wp-content\/uploads\/sites\/5\/2022\/02\/Buy-BC-Hash.jpg","width":600,"height":600},{"@type":"BreadcrumbList","@id":"https:\/\/medicinasinc.com\/fr\/product\/acheter-bc-hachage\/#breadcrumb","itemListElement":[{"@type":"ListItem","position":1,"name":"Boutique","item":"https:\/\/medicinasinc.com\/fr\/boutique\/"},{"@type":"ListItem","position":2,"name":"Acheter BC Hash"}]},{"@type":"WebSite","@id":"https:\/\/medicinasinc.com\/fr\/#website","url":"https:\/\/medicinasinc.com\/fr\/","name":"Medicinas Inc","description":"Health Medical Clinic","potentialAction":[{"@type":"SearchAction","target":{"@type":"EntryPoint","urlTemplate":"https:\/\/medicinasinc.com\/fr\/?s={search_term_string}"},"query-input":{"@type":"PropertyValueSpecification","valueRequired":true,"valueName":"search_term_string"}}],"inLanguage":"en-US"}]}},"_links":{"self":[{"href":"https:\/\/medicinasinc.com\/fr\/wp-json\/wp\/v2\/product\/4627","targetHints":{"allow":["GET"]}}],"collection":[{"href":"https:\/\/medicinasinc.com\/fr\/wp-json\/wp\/v2\/product"}],"about":[{"href":"https:\/\/medicinasinc.com\/fr\/wp-json\/wp\/v2\/types\/product"}],"replies":[{"embeddable":true,"href":"https:\/\/medicinasinc.com\/fr\/wp-json\/wp\/v2\/comments?post=4627"}],"wp:featuredmedia":[{"embeddable":true,"href":"https:\/\/medicinasinc.com\/fr\/wp-json\/wp\/v2\/media\/4639"}],"wp:attachment":[{"href":"https:\/\/medicinasinc.com\/fr\/wp-json\/wp\/v2\/media?parent=4627"}],"wp:term":[{"taxonomy":"product_brand","embeddable":true,"href":"https:\/\/medicinasinc.com\/fr\/wp-json\/wp\/v2\/product_brand?post=4627"},{"taxonomy":"product_cat","embeddable":true,"href":"https:\/\/medicinasinc.com\/fr\/wp-json\/wp\/v2\/product_cat?post=4627"},{"taxonomy":"product_tag","embeddable":true,"href":"https:\/\/medicinasinc.com\/fr\/wp-json\/wp\/v2\/product_tag?post=4627"}],"curies":[{"name":"wp","href":"https:\/\/api.w.org\/{rel}","templated":true}]}}