{"id":4468,"date":"2022-02-20T09:37:05","date_gmt":"2022-02-20T09:37:05","guid":{"rendered":"https:\/\/medicinasinc.com\/fr\/?post_type=product&#038;p=4468"},"modified":"2022-03-17T12:32:30","modified_gmt":"2022-03-17T12:32:30","slug":"acheter-rexcof-sirop-contre-la-toux","status":"publish","type":"product","link":"https:\/\/medicinasinc.com\/fr\/product\/acheter-rexcof-sirop-contre-la-toux\/","title":{"rendered":"Acheter le sirop contre la toux Rexcof"},"content":{"rendered":"<h1>Achetez le sirop contre la toux Rexcof.<\/h1>\n<p>Achetez le sirop contre la toux Rexcof. Nous avons \u00e9galement Actavis \u00e0 vendre. Achetez de la coca\u00efne en ligne.<\/p>\n","protected":false},"excerpt":{"rendered":"<p>Achetez du sirop contre la toux rexcof. La cod\u00e9ine ou m\u00e9thylmorphine est un opiac\u00e9 utilis\u00e9 pour ses propri\u00e9t\u00e9s analg\u00e9siques, antitussives et antidiarrh\u00e9iques. Nous offrons la livraison gratuite sur les commandes en gros<\/p>\n","protected":false},"featured_media":4503,"comment_status":"open","ping_status":"closed","template":"","meta":[],"product_brand":[],"product_cat":[497],"product_tag":[],"class_list":{"0":"post-4468","1":"product","2":"type-product","3":"status-publish","4":"has-post-thumbnail","6":"product_cat-acheter-sirop-contre-la-toux","8":"first","9":"instock","10":"shipping-taxable","11":"purchasable","12":"product-type-variable"},"yoast_head":"<!-- This site is optimized with the Yoast SEO plugin v27.3 - https:\/\/yoast.com\/product\/yoast-seo-wordpress\/ -->\n<title>Acheter le sirop contre la toux Rexcof - Meilleurs meilleurs m\u00e9dicaments mondiaux<\/title>\n<meta name=\"description\" content=\"Acheter du sirop contre la toux rexcof \u00e0 vendre au Royaume-Uni, en Europe. La cod\u00e9ine ou m\u00e9thylmorphine est un opiac\u00e9 utilis\u00e9 pour ses propri\u00e9t\u00e9s analg\u00e9siques, antitussives et antidiarrh\u00e9iques. Nous offrons la livraison gratuite sur les commandes en gros\" \/>\n<meta name=\"robots\" content=\"index, follow, max-snippet:-1, max-image-preview:large, max-video-preview:-1\" \/>\n<link rel=\"canonical\" href=\"https:\/\/medicinasinc.com\/fr\/product\/acheter-rexcof-sirop-contre-la-toux\/\" \/>\n<meta property=\"og:locale\" content=\"en_US\" \/>\n<meta property=\"og:type\" content=\"article\" \/>\n<meta property=\"og:title\" content=\"Acheter le sirop contre la toux Rexcof - Meilleurs meilleurs m\u00e9dicaments mondiaux\" \/>\n<meta property=\"og:description\" content=\"Acheter du sirop contre la toux rexcof \u00e0 vendre au Royaume-Uni, en Europe. La cod\u00e9ine ou m\u00e9thylmorphine est un opiac\u00e9 utilis\u00e9 pour ses propri\u00e9t\u00e9s analg\u00e9siques, antitussives et antidiarrh\u00e9iques. Nous offrons la livraison gratuite sur les commandes en gros\" \/>\n<meta property=\"og:url\" content=\"https:\/\/medicinasinc.com\/fr\/product\/acheter-rexcof-sirop-contre-la-toux\/\" \/>\n<meta property=\"og:site_name\" content=\"Medicinas Inc\" \/>\n<meta property=\"article:modified_time\" content=\"2022-03-17T12:32:30+00:00\" \/>\n<meta property=\"og:image\" content=\"https:\/\/medicinasinc.com\/fr\/wp-content\/uploads\/sites\/5\/2022\/02\/buy-rexcof-cough-syrup.jpg\" \/>\n\t<meta property=\"og:image:width\" content=\"600\" \/>\n\t<meta property=\"og:image:height\" content=\"600\" \/>\n\t<meta property=\"og:image:type\" content=\"image\/jpeg\" \/>\n<meta name=\"twitter:card\" content=\"summary_large_image\" \/>\n<meta name=\"twitter:label1\" content=\"Est. reading time\" \/>\n\t<meta name=\"twitter:data1\" content=\"1 minute\" \/>\n<script type=\"application\/ld+json\" class=\"yoast-schema-graph\">{\"@context\":\"https:\\\/\\\/schema.org\",\"@graph\":[{\"@type\":\"WebPage\",\"@id\":\"https:\\\/\\\/medicinasinc.com\\\/fr\\\/product\\\/acheter-rexcof-sirop-contre-la-toux\\\/\",\"url\":\"https:\\\/\\\/medicinasinc.com\\\/fr\\\/product\\\/acheter-rexcof-sirop-contre-la-toux\\\/\",\"name\":\"Acheter le sirop contre la toux Rexcof - Meilleurs meilleurs m\u00e9dicaments mondiaux\",\"isPartOf\":{\"@id\":\"https:\\\/\\\/medicinasinc.com\\\/fr\\\/#website\"},\"primaryImageOfPage\":{\"@id\":\"https:\\\/\\\/medicinasinc.com\\\/fr\\\/product\\\/acheter-rexcof-sirop-contre-la-toux\\\/#primaryimage\"},\"image\":{\"@id\":\"https:\\\/\\\/medicinasinc.com\\\/fr\\\/product\\\/acheter-rexcof-sirop-contre-la-toux\\\/#primaryimage\"},\"thumbnailUrl\":\"https:\\\/\\\/medicinasinc.com\\\/fr\\\/wp-content\\\/uploads\\\/sites\\\/5\\\/2022\\\/02\\\/buy-rexcof-cough-syrup.jpg\",\"datePublished\":\"2022-02-20T09:37:05+00:00\",\"dateModified\":\"2022-03-17T12:32:30+00:00\",\"description\":\"Acheter du sirop contre la toux rexcof \u00e0 vendre au Royaume-Uni, en Europe. La cod\u00e9ine ou m\u00e9thylmorphine est un opiac\u00e9 utilis\u00e9 pour ses propri\u00e9t\u00e9s analg\u00e9siques, antitussives et antidiarrh\u00e9iques. Nous offrons la livraison gratuite sur les commandes en gros\",\"breadcrumb\":{\"@id\":\"https:\\\/\\\/medicinasinc.com\\\/fr\\\/product\\\/acheter-rexcof-sirop-contre-la-toux\\\/#breadcrumb\"},\"inLanguage\":\"en-US\",\"potentialAction\":[{\"@type\":\"ReadAction\",\"target\":[\"https:\\\/\\\/medicinasinc.com\\\/fr\\\/product\\\/acheter-rexcof-sirop-contre-la-toux\\\/\"]}]},{\"@type\":\"ImageObject\",\"inLanguage\":\"en-US\",\"@id\":\"https:\\\/\\\/medicinasinc.com\\\/fr\\\/product\\\/acheter-rexcof-sirop-contre-la-toux\\\/#primaryimage\",\"url\":\"https:\\\/\\\/medicinasinc.com\\\/fr\\\/wp-content\\\/uploads\\\/sites\\\/5\\\/2022\\\/02\\\/buy-rexcof-cough-syrup.jpg\",\"contentUrl\":\"https:\\\/\\\/medicinasinc.com\\\/fr\\\/wp-content\\\/uploads\\\/sites\\\/5\\\/2022\\\/02\\\/buy-rexcof-cough-syrup.jpg\",\"width\":600,\"height\":600},{\"@type\":\"BreadcrumbList\",\"@id\":\"https:\\\/\\\/medicinasinc.com\\\/fr\\\/product\\\/acheter-rexcof-sirop-contre-la-toux\\\/#breadcrumb\",\"itemListElement\":[{\"@type\":\"ListItem\",\"position\":1,\"name\":\"Boutique\",\"item\":\"https:\\\/\\\/medicinasinc.com\\\/fr\\\/boutique\\\/\"},{\"@type\":\"ListItem\",\"position\":2,\"name\":\"Acheter le sirop contre la toux Rexcof\"}]},{\"@type\":\"WebSite\",\"@id\":\"https:\\\/\\\/medicinasinc.com\\\/fr\\\/#website\",\"url\":\"https:\\\/\\\/medicinasinc.com\\\/fr\\\/\",\"name\":\"Medicinas Inc\",\"description\":\"Health Medical Clinic\",\"potentialAction\":[{\"@type\":\"SearchAction\",\"target\":{\"@type\":\"EntryPoint\",\"urlTemplate\":\"https:\\\/\\\/medicinasinc.com\\\/fr\\\/?s={search_term_string}\"},\"query-input\":{\"@type\":\"PropertyValueSpecification\",\"valueRequired\":true,\"valueName\":\"search_term_string\"}}],\"inLanguage\":\"en-US\"}]}<\/script>\n<!-- \/ Yoast SEO plugin. -->","yoast_head_json":{"title":"Acheter le sirop contre la toux Rexcof - Meilleurs meilleurs m\u00e9dicaments mondiaux","description":"Acheter du sirop contre la toux rexcof \u00e0 vendre au Royaume-Uni, en Europe. La cod\u00e9ine ou m\u00e9thylmorphine est un opiac\u00e9 utilis\u00e9 pour ses propri\u00e9t\u00e9s analg\u00e9siques, antitussives et antidiarrh\u00e9iques. Nous offrons la livraison gratuite sur les commandes en gros","robots":{"index":"index","follow":"follow","max-snippet":"max-snippet:-1","max-image-preview":"max-image-preview:large","max-video-preview":"max-video-preview:-1"},"canonical":"https:\/\/medicinasinc.com\/fr\/product\/acheter-rexcof-sirop-contre-la-toux\/","og_locale":"en_US","og_type":"article","og_title":"Acheter le sirop contre la toux Rexcof - Meilleurs meilleurs m\u00e9dicaments mondiaux","og_description":"Acheter du sirop contre la toux rexcof \u00e0 vendre au Royaume-Uni, en Europe. La cod\u00e9ine ou m\u00e9thylmorphine est un opiac\u00e9 utilis\u00e9 pour ses propri\u00e9t\u00e9s analg\u00e9siques, antitussives et antidiarrh\u00e9iques. Nous offrons la livraison gratuite sur les commandes en gros","og_url":"https:\/\/medicinasinc.com\/fr\/product\/acheter-rexcof-sirop-contre-la-toux\/","og_site_name":"Medicinas Inc","article_modified_time":"2022-03-17T12:32:30+00:00","og_image":[{"width":600,"height":600,"url":"https:\/\/medicinasinc.com\/fr\/wp-content\/uploads\/sites\/5\/2022\/02\/buy-rexcof-cough-syrup.jpg","type":"image\/jpeg"}],"twitter_card":"summary_large_image","twitter_misc":{"Est. reading time":"1 minute"},"schema":{"@context":"https:\/\/schema.org","@graph":[{"@type":"WebPage","@id":"https:\/\/medicinasinc.com\/fr\/product\/acheter-rexcof-sirop-contre-la-toux\/","url":"https:\/\/medicinasinc.com\/fr\/product\/acheter-rexcof-sirop-contre-la-toux\/","name":"Acheter le sirop contre la toux Rexcof - Meilleurs meilleurs m\u00e9dicaments mondiaux","isPartOf":{"@id":"https:\/\/medicinasinc.com\/fr\/#website"},"primaryImageOfPage":{"@id":"https:\/\/medicinasinc.com\/fr\/product\/acheter-rexcof-sirop-contre-la-toux\/#primaryimage"},"image":{"@id":"https:\/\/medicinasinc.com\/fr\/product\/acheter-rexcof-sirop-contre-la-toux\/#primaryimage"},"thumbnailUrl":"https:\/\/medicinasinc.com\/fr\/wp-content\/uploads\/sites\/5\/2022\/02\/buy-rexcof-cough-syrup.jpg","datePublished":"2022-02-20T09:37:05+00:00","dateModified":"2022-03-17T12:32:30+00:00","description":"Acheter du sirop contre la toux rexcof \u00e0 vendre au Royaume-Uni, en Europe. La cod\u00e9ine ou m\u00e9thylmorphine est un opiac\u00e9 utilis\u00e9 pour ses propri\u00e9t\u00e9s analg\u00e9siques, antitussives et antidiarrh\u00e9iques. Nous offrons la livraison gratuite sur les commandes en gros","breadcrumb":{"@id":"https:\/\/medicinasinc.com\/fr\/product\/acheter-rexcof-sirop-contre-la-toux\/#breadcrumb"},"inLanguage":"en-US","potentialAction":[{"@type":"ReadAction","target":["https:\/\/medicinasinc.com\/fr\/product\/acheter-rexcof-sirop-contre-la-toux\/"]}]},{"@type":"ImageObject","inLanguage":"en-US","@id":"https:\/\/medicinasinc.com\/fr\/product\/acheter-rexcof-sirop-contre-la-toux\/#primaryimage","url":"https:\/\/medicinasinc.com\/fr\/wp-content\/uploads\/sites\/5\/2022\/02\/buy-rexcof-cough-syrup.jpg","contentUrl":"https:\/\/medicinasinc.com\/fr\/wp-content\/uploads\/sites\/5\/2022\/02\/buy-rexcof-cough-syrup.jpg","width":600,"height":600},{"@type":"BreadcrumbList","@id":"https:\/\/medicinasinc.com\/fr\/product\/acheter-rexcof-sirop-contre-la-toux\/#breadcrumb","itemListElement":[{"@type":"ListItem","position":1,"name":"Boutique","item":"https:\/\/medicinasinc.com\/fr\/boutique\/"},{"@type":"ListItem","position":2,"name":"Acheter le sirop contre la toux Rexcof"}]},{"@type":"WebSite","@id":"https:\/\/medicinasinc.com\/fr\/#website","url":"https:\/\/medicinasinc.com\/fr\/","name":"Medicinas Inc","description":"Health Medical Clinic","potentialAction":[{"@type":"SearchAction","target":{"@type":"EntryPoint","urlTemplate":"https:\/\/medicinasinc.com\/fr\/?s={search_term_string}"},"query-input":{"@type":"PropertyValueSpecification","valueRequired":true,"valueName":"search_term_string"}}],"inLanguage":"en-US"}]}},"_links":{"self":[{"href":"https:\/\/medicinasinc.com\/fr\/wp-json\/wp\/v2\/product\/4468","targetHints":{"allow":["GET"]}}],"collection":[{"href":"https:\/\/medicinasinc.com\/fr\/wp-json\/wp\/v2\/product"}],"about":[{"href":"https:\/\/medicinasinc.com\/fr\/wp-json\/wp\/v2\/types\/product"}],"replies":[{"embeddable":true,"href":"https:\/\/medicinasinc.com\/fr\/wp-json\/wp\/v2\/comments?post=4468"}],"wp:featuredmedia":[{"embeddable":true,"href":"https:\/\/medicinasinc.com\/fr\/wp-json\/wp\/v2\/media\/4503"}],"wp:attachment":[{"href":"https:\/\/medicinasinc.com\/fr\/wp-json\/wp\/v2\/media?parent=4468"}],"wp:term":[{"taxonomy":"product_brand","embeddable":true,"href":"https:\/\/medicinasinc.com\/fr\/wp-json\/wp\/v2\/product_brand?post=4468"},{"taxonomy":"product_cat","embeddable":true,"href":"https:\/\/medicinasinc.com\/fr\/wp-json\/wp\/v2\/product_cat?post=4468"},{"taxonomy":"product_tag","embeddable":true,"href":"https:\/\/medicinasinc.com\/fr\/wp-json\/wp\/v2\/product_tag?post=4468"}],"curies":[{"name":"wp","href":"https:\/\/api.w.org\/{rel}","templated":true}]}}