{"id":4460,"date":"2022-02-20T09:31:07","date_gmt":"2022-02-20T09:31:07","guid":{"rendered":"https:\/\/medicinasinc.com\/fr\/?post_type=product&#038;p=4460"},"modified":"2022-03-17T12:32:40","modified_gmt":"2022-03-17T12:32:40","slug":"acheter-promethazine-sirop","status":"publish","type":"product","link":"https:\/\/medicinasinc.com\/fr\/product\/acheter-promethazine-sirop\/","title":{"rendered":"Acheter du sirop de prom\u00e9thazine"},"content":{"rendered":"<h1>Achetez Promethazine DM Syrup Qualitest.<\/h1>\n<p>Achetez Promethazine DM Syrup Qualitest. Nous avons aussi du crystal meth. La plupart de nos produits chimiques de recherche ont pass\u00e9 avec succ\u00e8s les proc\u00e9dures de contr\u00f4le qualit\u00e9.<\/p>\n","protected":false},"excerpt":{"rendered":"<p>Acheter du sirop de prom\u00e9thazine \u00e0 vendre au Royaume-Uni, en Europe. Prix \u200b\u200bles plus bas garantis. envoi discret ! Meilleurs m\u00e9dicaments mondiaux. Codeine g\u00e9n\u00e9rique bon march\u00e9.<\/p>\n<p>Achetez le sirop de prom\u00e9thazine DM de Qualitest.<\/p>\n<p>Sirop de prom\u00e9thazine DM de Qualitest\u2026<\/p>\n<p>Prom\u00e9thazine (Phenergan\u00ae) avec sirop de cod\u00e9ine 6,25 mg\/10 mg par flacon de 5\u00a0ml, 473\u00a0ml<\/p>\n","protected":false},"featured_media":4495,"comment_status":"open","ping_status":"closed","template":"","meta":[],"product_brand":[],"product_cat":[497],"product_tag":[],"class_list":{"0":"post-4460","1":"product","2":"type-product","3":"status-publish","4":"has-post-thumbnail","6":"product_cat-acheter-sirop-contre-la-toux","8":"first","9":"instock","10":"shipping-taxable","11":"purchasable","12":"product-type-variable"},"yoast_head":"<!-- This site is optimized with the Yoast SEO plugin v27.3 - https:\/\/yoast.com\/product\/yoast-seo-wordpress\/ -->\n<title>Acheter du sirop de prom\u00e9thazine - Meilleurs meilleurs m\u00e9dicaments mondiaux<\/title>\n<meta name=\"description\" content=\"Acheter du sirop de prom\u00e9thazine \u00e0 vendre au Royaume-Uni, en Europe. Prix \u200b\u200bles plus bas garantis. envoi discret ! Meilleurs m\u00e9dicaments mondiaux. Cod\u00e9ine g\u00e9n\u00e9rique bon march\u00e9.\" \/>\n<meta name=\"robots\" content=\"index, follow, max-snippet:-1, max-image-preview:large, max-video-preview:-1\" \/>\n<link rel=\"canonical\" href=\"https:\/\/medicinasinc.com\/fr\/product\/acheter-promethazine-sirop\/\" \/>\n<meta property=\"og:locale\" content=\"en_US\" \/>\n<meta property=\"og:type\" content=\"article\" \/>\n<meta property=\"og:title\" content=\"Acheter du sirop de prom\u00e9thazine - Meilleurs meilleurs m\u00e9dicaments mondiaux\" \/>\n<meta property=\"og:description\" content=\"Acheter du sirop de prom\u00e9thazine \u00e0 vendre au Royaume-Uni, en Europe. Prix \u200b\u200bles plus bas garantis. envoi discret ! Meilleurs m\u00e9dicaments mondiaux. Cod\u00e9ine g\u00e9n\u00e9rique bon march\u00e9.\" \/>\n<meta property=\"og:url\" content=\"https:\/\/medicinasinc.com\/fr\/product\/acheter-promethazine-sirop\/\" \/>\n<meta property=\"og:site_name\" content=\"Medicinas Inc\" \/>\n<meta property=\"article:modified_time\" content=\"2022-03-17T12:32:40+00:00\" \/>\n<meta property=\"og:image\" content=\"https:\/\/medicinasinc.com\/fr\/wp-content\/uploads\/sites\/5\/2022\/02\/buy-promethazine-dm-syrup-qualitest.jpg\" \/>\n\t<meta property=\"og:image:width\" content=\"600\" \/>\n\t<meta property=\"og:image:height\" content=\"600\" \/>\n\t<meta property=\"og:image:type\" content=\"image\/jpeg\" \/>\n<meta name=\"twitter:card\" content=\"summary_large_image\" \/>\n<meta name=\"twitter:label1\" content=\"Est. reading time\" \/>\n\t<meta name=\"twitter:data1\" content=\"1 minute\" \/>\n<script type=\"application\/ld+json\" class=\"yoast-schema-graph\">{\"@context\":\"https:\\\/\\\/schema.org\",\"@graph\":[{\"@type\":\"WebPage\",\"@id\":\"https:\\\/\\\/medicinasinc.com\\\/fr\\\/product\\\/acheter-promethazine-sirop\\\/\",\"url\":\"https:\\\/\\\/medicinasinc.com\\\/fr\\\/product\\\/acheter-promethazine-sirop\\\/\",\"name\":\"Acheter du sirop de prom\u00e9thazine - Meilleurs meilleurs m\u00e9dicaments mondiaux\",\"isPartOf\":{\"@id\":\"https:\\\/\\\/medicinasinc.com\\\/fr\\\/#website\"},\"primaryImageOfPage\":{\"@id\":\"https:\\\/\\\/medicinasinc.com\\\/fr\\\/product\\\/acheter-promethazine-sirop\\\/#primaryimage\"},\"image\":{\"@id\":\"https:\\\/\\\/medicinasinc.com\\\/fr\\\/product\\\/acheter-promethazine-sirop\\\/#primaryimage\"},\"thumbnailUrl\":\"https:\\\/\\\/medicinasinc.com\\\/fr\\\/wp-content\\\/uploads\\\/sites\\\/5\\\/2022\\\/02\\\/buy-promethazine-dm-syrup-qualitest.jpg\",\"datePublished\":\"2022-02-20T09:31:07+00:00\",\"dateModified\":\"2022-03-17T12:32:40+00:00\",\"description\":\"Acheter du sirop de prom\u00e9thazine \u00e0 vendre au Royaume-Uni, en Europe. Prix \u200b\u200bles plus bas garantis. envoi discret ! Meilleurs m\u00e9dicaments mondiaux. Cod\u00e9ine g\u00e9n\u00e9rique bon march\u00e9.\",\"breadcrumb\":{\"@id\":\"https:\\\/\\\/medicinasinc.com\\\/fr\\\/product\\\/acheter-promethazine-sirop\\\/#breadcrumb\"},\"inLanguage\":\"en-US\",\"potentialAction\":[{\"@type\":\"ReadAction\",\"target\":[\"https:\\\/\\\/medicinasinc.com\\\/fr\\\/product\\\/acheter-promethazine-sirop\\\/\"]}]},{\"@type\":\"ImageObject\",\"inLanguage\":\"en-US\",\"@id\":\"https:\\\/\\\/medicinasinc.com\\\/fr\\\/product\\\/acheter-promethazine-sirop\\\/#primaryimage\",\"url\":\"https:\\\/\\\/medicinasinc.com\\\/fr\\\/wp-content\\\/uploads\\\/sites\\\/5\\\/2022\\\/02\\\/buy-promethazine-dm-syrup-qualitest.jpg\",\"contentUrl\":\"https:\\\/\\\/medicinasinc.com\\\/fr\\\/wp-content\\\/uploads\\\/sites\\\/5\\\/2022\\\/02\\\/buy-promethazine-dm-syrup-qualitest.jpg\",\"width\":600,\"height\":600},{\"@type\":\"BreadcrumbList\",\"@id\":\"https:\\\/\\\/medicinasinc.com\\\/fr\\\/product\\\/acheter-promethazine-sirop\\\/#breadcrumb\",\"itemListElement\":[{\"@type\":\"ListItem\",\"position\":1,\"name\":\"Boutique\",\"item\":\"https:\\\/\\\/medicinasinc.com\\\/fr\\\/boutique\\\/\"},{\"@type\":\"ListItem\",\"position\":2,\"name\":\"Acheter du sirop de prom\u00e9thazine\"}]},{\"@type\":\"WebSite\",\"@id\":\"https:\\\/\\\/medicinasinc.com\\\/fr\\\/#website\",\"url\":\"https:\\\/\\\/medicinasinc.com\\\/fr\\\/\",\"name\":\"Medicinas Inc\",\"description\":\"Health Medical Clinic\",\"potentialAction\":[{\"@type\":\"SearchAction\",\"target\":{\"@type\":\"EntryPoint\",\"urlTemplate\":\"https:\\\/\\\/medicinasinc.com\\\/fr\\\/?s={search_term_string}\"},\"query-input\":{\"@type\":\"PropertyValueSpecification\",\"valueRequired\":true,\"valueName\":\"search_term_string\"}}],\"inLanguage\":\"en-US\"}]}<\/script>\n<!-- \/ Yoast SEO plugin. -->","yoast_head_json":{"title":"Acheter du sirop de prom\u00e9thazine - Meilleurs meilleurs m\u00e9dicaments mondiaux","description":"Acheter du sirop de prom\u00e9thazine \u00e0 vendre au Royaume-Uni, en Europe. Prix \u200b\u200bles plus bas garantis. envoi discret ! Meilleurs m\u00e9dicaments mondiaux. Cod\u00e9ine g\u00e9n\u00e9rique bon march\u00e9.","robots":{"index":"index","follow":"follow","max-snippet":"max-snippet:-1","max-image-preview":"max-image-preview:large","max-video-preview":"max-video-preview:-1"},"canonical":"https:\/\/medicinasinc.com\/fr\/product\/acheter-promethazine-sirop\/","og_locale":"en_US","og_type":"article","og_title":"Acheter du sirop de prom\u00e9thazine - Meilleurs meilleurs m\u00e9dicaments mondiaux","og_description":"Acheter du sirop de prom\u00e9thazine \u00e0 vendre au Royaume-Uni, en Europe. Prix \u200b\u200bles plus bas garantis. envoi discret ! Meilleurs m\u00e9dicaments mondiaux. Cod\u00e9ine g\u00e9n\u00e9rique bon march\u00e9.","og_url":"https:\/\/medicinasinc.com\/fr\/product\/acheter-promethazine-sirop\/","og_site_name":"Medicinas Inc","article_modified_time":"2022-03-17T12:32:40+00:00","og_image":[{"width":600,"height":600,"url":"https:\/\/medicinasinc.com\/fr\/wp-content\/uploads\/sites\/5\/2022\/02\/buy-promethazine-dm-syrup-qualitest.jpg","type":"image\/jpeg"}],"twitter_card":"summary_large_image","twitter_misc":{"Est. reading time":"1 minute"},"schema":{"@context":"https:\/\/schema.org","@graph":[{"@type":"WebPage","@id":"https:\/\/medicinasinc.com\/fr\/product\/acheter-promethazine-sirop\/","url":"https:\/\/medicinasinc.com\/fr\/product\/acheter-promethazine-sirop\/","name":"Acheter du sirop de prom\u00e9thazine - Meilleurs meilleurs m\u00e9dicaments mondiaux","isPartOf":{"@id":"https:\/\/medicinasinc.com\/fr\/#website"},"primaryImageOfPage":{"@id":"https:\/\/medicinasinc.com\/fr\/product\/acheter-promethazine-sirop\/#primaryimage"},"image":{"@id":"https:\/\/medicinasinc.com\/fr\/product\/acheter-promethazine-sirop\/#primaryimage"},"thumbnailUrl":"https:\/\/medicinasinc.com\/fr\/wp-content\/uploads\/sites\/5\/2022\/02\/buy-promethazine-dm-syrup-qualitest.jpg","datePublished":"2022-02-20T09:31:07+00:00","dateModified":"2022-03-17T12:32:40+00:00","description":"Acheter du sirop de prom\u00e9thazine \u00e0 vendre au Royaume-Uni, en Europe. Prix \u200b\u200bles plus bas garantis. envoi discret ! Meilleurs m\u00e9dicaments mondiaux. Cod\u00e9ine g\u00e9n\u00e9rique bon march\u00e9.","breadcrumb":{"@id":"https:\/\/medicinasinc.com\/fr\/product\/acheter-promethazine-sirop\/#breadcrumb"},"inLanguage":"en-US","potentialAction":[{"@type":"ReadAction","target":["https:\/\/medicinasinc.com\/fr\/product\/acheter-promethazine-sirop\/"]}]},{"@type":"ImageObject","inLanguage":"en-US","@id":"https:\/\/medicinasinc.com\/fr\/product\/acheter-promethazine-sirop\/#primaryimage","url":"https:\/\/medicinasinc.com\/fr\/wp-content\/uploads\/sites\/5\/2022\/02\/buy-promethazine-dm-syrup-qualitest.jpg","contentUrl":"https:\/\/medicinasinc.com\/fr\/wp-content\/uploads\/sites\/5\/2022\/02\/buy-promethazine-dm-syrup-qualitest.jpg","width":600,"height":600},{"@type":"BreadcrumbList","@id":"https:\/\/medicinasinc.com\/fr\/product\/acheter-promethazine-sirop\/#breadcrumb","itemListElement":[{"@type":"ListItem","position":1,"name":"Boutique","item":"https:\/\/medicinasinc.com\/fr\/boutique\/"},{"@type":"ListItem","position":2,"name":"Acheter du sirop de prom\u00e9thazine"}]},{"@type":"WebSite","@id":"https:\/\/medicinasinc.com\/fr\/#website","url":"https:\/\/medicinasinc.com\/fr\/","name":"Medicinas Inc","description":"Health Medical Clinic","potentialAction":[{"@type":"SearchAction","target":{"@type":"EntryPoint","urlTemplate":"https:\/\/medicinasinc.com\/fr\/?s={search_term_string}"},"query-input":{"@type":"PropertyValueSpecification","valueRequired":true,"valueName":"search_term_string"}}],"inLanguage":"en-US"}]}},"_links":{"self":[{"href":"https:\/\/medicinasinc.com\/fr\/wp-json\/wp\/v2\/product\/4460","targetHints":{"allow":["GET"]}}],"collection":[{"href":"https:\/\/medicinasinc.com\/fr\/wp-json\/wp\/v2\/product"}],"about":[{"href":"https:\/\/medicinasinc.com\/fr\/wp-json\/wp\/v2\/types\/product"}],"replies":[{"embeddable":true,"href":"https:\/\/medicinasinc.com\/fr\/wp-json\/wp\/v2\/comments?post=4460"}],"wp:featuredmedia":[{"embeddable":true,"href":"https:\/\/medicinasinc.com\/fr\/wp-json\/wp\/v2\/media\/4495"}],"wp:attachment":[{"href":"https:\/\/medicinasinc.com\/fr\/wp-json\/wp\/v2\/media?parent=4460"}],"wp:term":[{"taxonomy":"product_brand","embeddable":true,"href":"https:\/\/medicinasinc.com\/fr\/wp-json\/wp\/v2\/product_brand?post=4460"},{"taxonomy":"product_cat","embeddable":true,"href":"https:\/\/medicinasinc.com\/fr\/wp-json\/wp\/v2\/product_cat?post=4460"},{"taxonomy":"product_tag","embeddable":true,"href":"https:\/\/medicinasinc.com\/fr\/wp-json\/wp\/v2\/product_tag?post=4460"}],"curies":[{"name":"wp","href":"https:\/\/api.w.org\/{rel}","templated":true}]}}