{"id":4458,"date":"2022-02-20T09:30:17","date_gmt":"2022-02-20T09:30:17","guid":{"rendered":"https:\/\/medicinasinc.com\/fr\/?post_type=product&#038;p=4458"},"modified":"2022-03-17T12:32:51","modified_gmt":"2022-03-17T12:32:51","slug":"acheter-ketof-toux-sirop","status":"publish","type":"product","link":"https:\/\/medicinasinc.com\/fr\/product\/acheter-ketof-toux-sirop\/","title":{"rendered":"Acheter du sirop contre la toux Ketof"},"content":{"rendered":"<h1>Achetez le sirop Keto Cough en ligne<\/h1>\n<p>Achetez le sirop Keto Cough en ligne. \u00c9galement disponible, vous pouvez acheter de l&#8217;h\u00e9ro\u00efne en ligne \u00e0 des prix bon march\u00e9. Nous avons une large gamme de stup\u00e9fiants disponibles ici pour les ventes comme la coca\u00efne, le crystal meth et bien d&#8217;autres.<\/p>\n","protected":false},"excerpt":{"rendered":"<p>Acheter le sirop contre la toux Ketof en vente au Royaume-Uni, en Europe en ligne. Principes actifs : K\u00e9totif\u00e8ne. Nous offrons des remises sp\u00e9ciales sur les commandes en gros. Notez que nous offrons \u00e9galement la livraison gratuite lorsque vous vendez ce produit et Actavis.<\/p>\n","protected":false},"featured_media":4493,"comment_status":"open","ping_status":"closed","template":"","meta":[],"product_brand":[],"product_cat":[497],"product_tag":[],"class_list":{"0":"post-4458","1":"product","2":"type-product","3":"status-publish","4":"has-post-thumbnail","6":"product_cat-acheter-sirop-contre-la-toux","8":"first","9":"instock","10":"shipping-taxable","11":"purchasable","12":"product-type-variable","13":"has-default-attributes"},"yoast_head":"<!-- This site is optimized with the Yoast SEO plugin v27.2 - https:\/\/yoast.com\/product\/yoast-seo-wordpress\/ -->\n<title>Acheter le sirop contre la toux Ketof - Best Best Global Meds<\/title>\n<meta name=\"description\" content=\"Acheter du sirop contre la toux Ketof \u00e0 vendre au Royaume-Uni, en Europe en ligne. Principes actifs : K\u00e9totif\u00e8ne. Nous offrons des remises sp\u00e9ciales sur les commandes en gros. Notez que nous offrons \u00e9galement la livraison gratuite lorsque vous vendez ce produit et \u00e9galement Actavis.\" \/>\n<meta name=\"robots\" content=\"index, follow, max-snippet:-1, max-image-preview:large, max-video-preview:-1\" \/>\n<link rel=\"canonical\" href=\"https:\/\/medicinasinc.com\/fr\/product\/acheter-ketof-toux-sirop\/\" \/>\n<meta property=\"og:locale\" content=\"en_US\" \/>\n<meta property=\"og:type\" content=\"article\" \/>\n<meta property=\"og:title\" content=\"Acheter le sirop contre la toux Ketof - Best Best Global Meds\" \/>\n<meta property=\"og:description\" content=\"Acheter du sirop contre la toux Ketof \u00e0 vendre au Royaume-Uni, en Europe en ligne. Principes actifs : K\u00e9totif\u00e8ne. Nous offrons des remises sp\u00e9ciales sur les commandes en gros. Notez que nous offrons \u00e9galement la livraison gratuite lorsque vous vendez ce produit et \u00e9galement Actavis.\" \/>\n<meta property=\"og:url\" content=\"https:\/\/medicinasinc.com\/fr\/product\/acheter-ketof-toux-sirop\/\" \/>\n<meta property=\"og:site_name\" content=\"Medicinas Inc\" \/>\n<meta property=\"article:modified_time\" content=\"2022-03-17T12:32:51+00:00\" \/>\n<meta property=\"og:image\" content=\"https:\/\/medicinasinc.com\/fr\/wp-content\/uploads\/sites\/5\/2022\/02\/buy-ketof-cough-syrup-online.jpg\" \/>\n\t<meta property=\"og:image:width\" content=\"600\" \/>\n\t<meta property=\"og:image:height\" content=\"600\" \/>\n\t<meta property=\"og:image:type\" content=\"image\/jpeg\" \/>\n<meta name=\"twitter:card\" content=\"summary_large_image\" \/>\n<meta name=\"twitter:label1\" content=\"Est. reading time\" \/>\n\t<meta name=\"twitter:data1\" content=\"1 minute\" \/>\n<script type=\"application\/ld+json\" class=\"yoast-schema-graph\">{\"@context\":\"https:\/\/schema.org\",\"@graph\":[{\"@type\":\"WebPage\",\"@id\":\"https:\/\/medicinasinc.com\/fr\/product\/acheter-ketof-toux-sirop\/\",\"url\":\"https:\/\/medicinasinc.com\/fr\/product\/acheter-ketof-toux-sirop\/\",\"name\":\"Acheter le sirop contre la toux Ketof - Best Best Global Meds\",\"isPartOf\":{\"@id\":\"https:\/\/medicinasinc.com\/fr\/#website\"},\"primaryImageOfPage\":{\"@id\":\"https:\/\/medicinasinc.com\/fr\/product\/acheter-ketof-toux-sirop\/#primaryimage\"},\"image\":{\"@id\":\"https:\/\/medicinasinc.com\/fr\/product\/acheter-ketof-toux-sirop\/#primaryimage\"},\"thumbnailUrl\":\"https:\/\/medicinasinc.com\/fr\/wp-content\/uploads\/sites\/5\/2022\/02\/buy-ketof-cough-syrup-online.jpg\",\"datePublished\":\"2022-02-20T09:30:17+00:00\",\"dateModified\":\"2022-03-17T12:32:51+00:00\",\"description\":\"Acheter du sirop contre la toux Ketof \u00e0 vendre au Royaume-Uni, en Europe en ligne. Principes actifs : K\u00e9totif\u00e8ne. Nous offrons des remises sp\u00e9ciales sur les commandes en gros. Notez que nous offrons \u00e9galement la livraison gratuite lorsque vous vendez ce produit et \u00e9galement Actavis.\",\"breadcrumb\":{\"@id\":\"https:\/\/medicinasinc.com\/fr\/product\/acheter-ketof-toux-sirop\/#breadcrumb\"},\"inLanguage\":\"en-US\",\"potentialAction\":[{\"@type\":\"ReadAction\",\"target\":[\"https:\/\/medicinasinc.com\/fr\/product\/acheter-ketof-toux-sirop\/\"]}]},{\"@type\":\"ImageObject\",\"inLanguage\":\"en-US\",\"@id\":\"https:\/\/medicinasinc.com\/fr\/product\/acheter-ketof-toux-sirop\/#primaryimage\",\"url\":\"https:\/\/medicinasinc.com\/fr\/wp-content\/uploads\/sites\/5\/2022\/02\/buy-ketof-cough-syrup-online.jpg\",\"contentUrl\":\"https:\/\/medicinasinc.com\/fr\/wp-content\/uploads\/sites\/5\/2022\/02\/buy-ketof-cough-syrup-online.jpg\",\"width\":600,\"height\":600},{\"@type\":\"BreadcrumbList\",\"@id\":\"https:\/\/medicinasinc.com\/fr\/product\/acheter-ketof-toux-sirop\/#breadcrumb\",\"itemListElement\":[{\"@type\":\"ListItem\",\"position\":1,\"name\":\"Boutique\",\"item\":\"https:\/\/medicinasinc.com\/fr\/boutique\/\"},{\"@type\":\"ListItem\",\"position\":2,\"name\":\"Acheter du sirop contre la toux Ketof\"}]},{\"@type\":\"WebSite\",\"@id\":\"https:\/\/medicinasinc.com\/fr\/#website\",\"url\":\"https:\/\/medicinasinc.com\/fr\/\",\"name\":\"Medicinas Inc\",\"description\":\"Health Medical Clinic\",\"potentialAction\":[{\"@type\":\"SearchAction\",\"target\":{\"@type\":\"EntryPoint\",\"urlTemplate\":\"https:\/\/medicinasinc.com\/fr\/?s={search_term_string}\"},\"query-input\":{\"@type\":\"PropertyValueSpecification\",\"valueRequired\":true,\"valueName\":\"search_term_string\"}}],\"inLanguage\":\"en-US\"}]}<\/script>\n<!-- \/ Yoast SEO plugin. -->","yoast_head_json":{"title":"Acheter le sirop contre la toux Ketof - Best Best Global Meds","description":"Acheter du sirop contre la toux Ketof \u00e0 vendre au Royaume-Uni, en Europe en ligne. Principes actifs : K\u00e9totif\u00e8ne. Nous offrons des remises sp\u00e9ciales sur les commandes en gros. Notez que nous offrons \u00e9galement la livraison gratuite lorsque vous vendez ce produit et \u00e9galement Actavis.","robots":{"index":"index","follow":"follow","max-snippet":"max-snippet:-1","max-image-preview":"max-image-preview:large","max-video-preview":"max-video-preview:-1"},"canonical":"https:\/\/medicinasinc.com\/fr\/product\/acheter-ketof-toux-sirop\/","og_locale":"en_US","og_type":"article","og_title":"Acheter le sirop contre la toux Ketof - Best Best Global Meds","og_description":"Acheter du sirop contre la toux Ketof \u00e0 vendre au Royaume-Uni, en Europe en ligne. Principes actifs : K\u00e9totif\u00e8ne. Nous offrons des remises sp\u00e9ciales sur les commandes en gros. Notez que nous offrons \u00e9galement la livraison gratuite lorsque vous vendez ce produit et \u00e9galement Actavis.","og_url":"https:\/\/medicinasinc.com\/fr\/product\/acheter-ketof-toux-sirop\/","og_site_name":"Medicinas Inc","article_modified_time":"2022-03-17T12:32:51+00:00","og_image":[{"width":600,"height":600,"url":"https:\/\/medicinasinc.com\/fr\/wp-content\/uploads\/sites\/5\/2022\/02\/buy-ketof-cough-syrup-online.jpg","type":"image\/jpeg"}],"twitter_card":"summary_large_image","twitter_misc":{"Est. reading time":"1 minute"},"schema":{"@context":"https:\/\/schema.org","@graph":[{"@type":"WebPage","@id":"https:\/\/medicinasinc.com\/fr\/product\/acheter-ketof-toux-sirop\/","url":"https:\/\/medicinasinc.com\/fr\/product\/acheter-ketof-toux-sirop\/","name":"Acheter le sirop contre la toux Ketof - Best Best Global Meds","isPartOf":{"@id":"https:\/\/medicinasinc.com\/fr\/#website"},"primaryImageOfPage":{"@id":"https:\/\/medicinasinc.com\/fr\/product\/acheter-ketof-toux-sirop\/#primaryimage"},"image":{"@id":"https:\/\/medicinasinc.com\/fr\/product\/acheter-ketof-toux-sirop\/#primaryimage"},"thumbnailUrl":"https:\/\/medicinasinc.com\/fr\/wp-content\/uploads\/sites\/5\/2022\/02\/buy-ketof-cough-syrup-online.jpg","datePublished":"2022-02-20T09:30:17+00:00","dateModified":"2022-03-17T12:32:51+00:00","description":"Acheter du sirop contre la toux Ketof \u00e0 vendre au Royaume-Uni, en Europe en ligne. Principes actifs : K\u00e9totif\u00e8ne. Nous offrons des remises sp\u00e9ciales sur les commandes en gros. Notez que nous offrons \u00e9galement la livraison gratuite lorsque vous vendez ce produit et \u00e9galement Actavis.","breadcrumb":{"@id":"https:\/\/medicinasinc.com\/fr\/product\/acheter-ketof-toux-sirop\/#breadcrumb"},"inLanguage":"en-US","potentialAction":[{"@type":"ReadAction","target":["https:\/\/medicinasinc.com\/fr\/product\/acheter-ketof-toux-sirop\/"]}]},{"@type":"ImageObject","inLanguage":"en-US","@id":"https:\/\/medicinasinc.com\/fr\/product\/acheter-ketof-toux-sirop\/#primaryimage","url":"https:\/\/medicinasinc.com\/fr\/wp-content\/uploads\/sites\/5\/2022\/02\/buy-ketof-cough-syrup-online.jpg","contentUrl":"https:\/\/medicinasinc.com\/fr\/wp-content\/uploads\/sites\/5\/2022\/02\/buy-ketof-cough-syrup-online.jpg","width":600,"height":600},{"@type":"BreadcrumbList","@id":"https:\/\/medicinasinc.com\/fr\/product\/acheter-ketof-toux-sirop\/#breadcrumb","itemListElement":[{"@type":"ListItem","position":1,"name":"Boutique","item":"https:\/\/medicinasinc.com\/fr\/boutique\/"},{"@type":"ListItem","position":2,"name":"Acheter du sirop contre la toux Ketof"}]},{"@type":"WebSite","@id":"https:\/\/medicinasinc.com\/fr\/#website","url":"https:\/\/medicinasinc.com\/fr\/","name":"Medicinas Inc","description":"Health Medical Clinic","potentialAction":[{"@type":"SearchAction","target":{"@type":"EntryPoint","urlTemplate":"https:\/\/medicinasinc.com\/fr\/?s={search_term_string}"},"query-input":{"@type":"PropertyValueSpecification","valueRequired":true,"valueName":"search_term_string"}}],"inLanguage":"en-US"}]}},"_links":{"self":[{"href":"https:\/\/medicinasinc.com\/fr\/wp-json\/wp\/v2\/product\/4458","targetHints":{"allow":["GET"]}}],"collection":[{"href":"https:\/\/medicinasinc.com\/fr\/wp-json\/wp\/v2\/product"}],"about":[{"href":"https:\/\/medicinasinc.com\/fr\/wp-json\/wp\/v2\/types\/product"}],"replies":[{"embeddable":true,"href":"https:\/\/medicinasinc.com\/fr\/wp-json\/wp\/v2\/comments?post=4458"}],"wp:featuredmedia":[{"embeddable":true,"href":"https:\/\/medicinasinc.com\/fr\/wp-json\/wp\/v2\/media\/4493"}],"wp:attachment":[{"href":"https:\/\/medicinasinc.com\/fr\/wp-json\/wp\/v2\/media?parent=4458"}],"wp:term":[{"taxonomy":"product_brand","embeddable":true,"href":"https:\/\/medicinasinc.com\/fr\/wp-json\/wp\/v2\/product_brand?post=4458"},{"taxonomy":"product_cat","embeddable":true,"href":"https:\/\/medicinasinc.com\/fr\/wp-json\/wp\/v2\/product_cat?post=4458"},{"taxonomy":"product_tag","embeddable":true,"href":"https:\/\/medicinasinc.com\/fr\/wp-json\/wp\/v2\/product_tag?post=4458"}],"curies":[{"name":"wp","href":"https:\/\/api.w.org\/{rel}","templated":true}]}}