{"id":4455,"date":"2022-02-20T09:28:05","date_gmt":"2022-02-20T09:28:05","guid":{"rendered":"https:\/\/medicinasinc.com\/fr\/?post_type=product&#038;p=4455"},"modified":"2022-03-17T12:33:09","modified_gmt":"2022-03-17T12:33:09","slug":"acheter-hi-tech-toux-sirop","status":"publish","type":"product","link":"https:\/\/medicinasinc.com\/fr\/product\/acheter-hi-tech-toux-sirop\/","title":{"rendered":"Acheter du sirop contre la toux Hi-Tech"},"content":{"rendered":"<p>Achat en ligne de sirop contre la toux Hi-Tech.<\/p>\n<p>Achetez le sirop contre la toux Hi-Tech en ligne \u00e0 des prix extr\u00eamement bas. de plus, acheter de la coca\u00efne \u00e0 des fins de revente. Nous vendons une vari\u00e9t\u00e9 de stimulants et de narcotiques, y compris le GHB.<\/p>\n<p>Bien que j&#8217;appr\u00e9cie un go\u00fbt d\u00e9cent, je pense qu&#8217;ils mettent beaucoup trop de temps \u00e0 entrer en action. En raison de sa force et de sa saveur, le sirop de THC peut devenir votre nouveau go-to substance for assistance.<\/p>\n<p>Le sirop de cannabis est fantastique pour les clients r\u00e9parateurs et r\u00e9cr\u00e9atifs. C&#8217;est fort et efficace &#8211; prenant souvent effet dans les 20 \u00e0 30 minutes &#8211; et prudent \u00e0 utiliser. Ajoutez simplement votre portion \u00e0 n&#8217;importe quel aliment ou boisson et le tour est jou\u00e9. Cependant, vous pouvez boire une petite mesure sans incident. C&#8217;est tout ce qu&#8217;il y a \u00e0 faire\u00a0!<\/p>\n<p>sirop contre la toux \u00e0 vendre, sirop de thc de haute technologie, sirop contre la toux en ligne, prix maigre de haute technologie, sirop contre la toux de haute technologie en ligne, haute technologie en ligne. Ceux qui ne supportent pas l&#8217;id\u00e9e de fumer de l&#8217;herbe (ou qui sont peut-\u00eatre trop incapables de l&#8217;envisager) mais qui souhaitent tout de m\u00eame profiter des bienfaits de cette plante vraiment merveilleuse sont encourag\u00e9s \u00e0 consid\u00e9rer le sirop de THC comme une m\u00e9thode alternative de consommation. Les clients strictement th\u00e9rapeutiques seront ravis d&#8217;apprendre que le sirop de CBD est \u00e9galement disponible. Cela, cependant, est un sujet pour un autre article\u00a0!<\/p>\n<p>FAIRE DU SIROP DE THC\u00a0: INSTRUCTIONS \u00c9TAPE PAR \u00c9TAPE<\/p>\n<p>Si vous cherchez une recette simple de sirop de THC, ne cherchez pas plus loin. Vous pouvez sans aucun doute faire un sirop de THC versable \u00e0 la maison avec seulement quelques ingr\u00e9dients et un minimum de mat\u00e9riel. C&#8217;est probablement l&#8217;article le plus simple \u00e0 fabriquer soi-m\u00eame, car aucun produit synth\u00e9tique potentiellement dangereux n&#8217;est cens\u00e9 extraire le THC du mat\u00e9riel v\u00e9g\u00e9tal.<\/p>\n<p>Pour cr\u00e9er votre propre sirop infus\u00e9 au THC, vous aurez besoin&#8230;.<\/p>\n<p>Eau. Environ 200 ml donneront une quantit\u00e9 raisonnable de sirop. Parce que la formule est si simple, vous pouvez g\u00e9n\u00e9ralement en faire autant que vous le souhaitez plus tard.<\/p>\n<p>Sucre. La quantit\u00e9 de sucre que vous utilisez affectera la dur\u00e9e de conservation de votre sirop de cannabis. Le sirop compos\u00e9 de deux parts de sucre et d&#8217;une part d&#8217;eau se conserve environ un quart d&#8217;ann\u00e9e). Un sirop 1:1 peut \u00e9galement \u00eatre fabriqu\u00e9, bien qu&#8217;il ne dure pas aussi longtemps.<\/p>\n<p>Diverses formes de THC grossi\u00e8rement d\u00e9carboxyl\u00e9 (bloom, trim, shake, hash, oil, break, wax, dans un sens r\u00e9el tout peut \u00eatre utilis\u00e9).<\/p>\n<p>DOSAGE DU SIROP DE THC<\/p>\n<p>La quantit\u00e9 de sirop de THC consomm\u00e9e varie consid\u00e9rablement d&#8217;un individu \u00e0 l&#8217;autre. Il est essentiel de faire preuve de prudence et de peser votre capacit\u00e9 par rapport \u00e0 la force de tout article contenant du THC. sirop contre la toux en ligne, sirop de thc de haute technologie, prix maigre de haute technologie, sirop contre la toux de haute technologie en ligne, haute technologie en ligne, sirop contre la toux \u00e0 vendre<\/p>\n<p>Le probl\u00e8me avec les sirops m\u00e9lang\u00e9s de THC faits maison est que leur la force du concentr\u00e9 est souvent inconnue. Si cela vous inqui\u00e8te ou si vous ne voulez tout simplement pas vous occuper des tracas (insignifiants) de cr\u00e9er le v\u00f4tre, regardez ci-dessous nos meilleurs choix sur le march\u00e9 aujourd&#8217;hui.<\/p>\n","protected":false},"excerpt":{"rendered":"<p>Achetez du sirop contre la toux Hi-Tech \u00e0 vendre en ligne au Royaume-Uni et en Europe. Chlorhydrate de prom\u00e9thazine Hi-Tech et sirop de phosphate de cod\u00e9ine\u2026 chaque 5 mL contient : Chlorhydrate de prom\u00e9thazine 6,25 mg ; phosphate de cod\u00e9ine 10 mg. Alcool 7%Indication : Antitussif<\/p>\n","protected":false},"featured_media":4489,"comment_status":"open","ping_status":"closed","template":"","meta":[],"product_brand":[],"product_cat":[497],"product_tag":[],"class_list":{"0":"post-4455","1":"product","2":"type-product","3":"status-publish","4":"has-post-thumbnail","6":"product_cat-acheter-sirop-contre-la-toux","8":"first","9":"instock","10":"shipping-taxable","11":"purchasable","12":"product-type-variable","13":"has-default-attributes"},"yoast_head":"<!-- This site is optimized with the Yoast SEO plugin v27.3 - https:\/\/yoast.com\/product\/yoast-seo-wordpress\/ -->\n<title>Acheter du sirop contre la toux Hi-Tech - Best Best Global Meds<\/title>\n<meta name=\"description\" content=\"Acheter du sirop contre la toux Hi-Tech \u00e0 vendre au Royaume-Uni, en Europe en ligne. Chlorhydrate de prom\u00e9thazine Hi-Tech et sirop de phosphate de cod\u00e9ine\u2026 chaque 5 mL contient : Chlorhydrate de prom\u00e9thazine 6,25 mg ; phosphate de cod\u00e9ine 10 mg. Alcool 7%Indication : Antitussif\" \/>\n<meta name=\"robots\" content=\"index, follow, max-snippet:-1, max-image-preview:large, max-video-preview:-1\" \/>\n<link rel=\"canonical\" href=\"https:\/\/medicinasinc.com\/fr\/product\/acheter-hi-tech-toux-sirop\/\" \/>\n<meta property=\"og:locale\" content=\"en_US\" \/>\n<meta property=\"og:type\" content=\"article\" \/>\n<meta property=\"og:title\" content=\"Acheter du sirop contre la toux Hi-Tech - Best Best Global Meds\" \/>\n<meta property=\"og:description\" content=\"Acheter du sirop contre la toux Hi-Tech \u00e0 vendre au Royaume-Uni, en Europe en ligne. Chlorhydrate de prom\u00e9thazine Hi-Tech et sirop de phosphate de cod\u00e9ine\u2026 chaque 5 mL contient : Chlorhydrate de prom\u00e9thazine 6,25 mg ; phosphate de cod\u00e9ine 10 mg. Alcool 7%Indication : Antitussif\" \/>\n<meta property=\"og:url\" content=\"https:\/\/medicinasinc.com\/fr\/product\/acheter-hi-tech-toux-sirop\/\" \/>\n<meta property=\"og:site_name\" content=\"Medicinas Inc\" \/>\n<meta property=\"article:modified_time\" content=\"2022-03-17T12:33:09+00:00\" \/>\n<meta property=\"og:image\" content=\"https:\/\/medicinasinc.com\/fr\/wp-content\/uploads\/sites\/5\/2022\/02\/buy-hi-tech-cough-syrup-online.jpg\" \/>\n\t<meta property=\"og:image:width\" content=\"600\" \/>\n\t<meta property=\"og:image:height\" content=\"600\" \/>\n\t<meta property=\"og:image:type\" content=\"image\/jpeg\" \/>\n<meta name=\"twitter:card\" content=\"summary_large_image\" \/>\n<meta name=\"twitter:label1\" content=\"Est. reading time\" \/>\n\t<meta name=\"twitter:data1\" content=\"3 minutes\" \/>\n<script type=\"application\/ld+json\" class=\"yoast-schema-graph\">{\"@context\":\"https:\\\/\\\/schema.org\",\"@graph\":[{\"@type\":\"WebPage\",\"@id\":\"https:\\\/\\\/medicinasinc.com\\\/fr\\\/product\\\/acheter-hi-tech-toux-sirop\\\/\",\"url\":\"https:\\\/\\\/medicinasinc.com\\\/fr\\\/product\\\/acheter-hi-tech-toux-sirop\\\/\",\"name\":\"Acheter du sirop contre la toux Hi-Tech - Best Best Global Meds\",\"isPartOf\":{\"@id\":\"https:\\\/\\\/medicinasinc.com\\\/fr\\\/#website\"},\"primaryImageOfPage\":{\"@id\":\"https:\\\/\\\/medicinasinc.com\\\/fr\\\/product\\\/acheter-hi-tech-toux-sirop\\\/#primaryimage\"},\"image\":{\"@id\":\"https:\\\/\\\/medicinasinc.com\\\/fr\\\/product\\\/acheter-hi-tech-toux-sirop\\\/#primaryimage\"},\"thumbnailUrl\":\"https:\\\/\\\/medicinasinc.com\\\/fr\\\/wp-content\\\/uploads\\\/sites\\\/5\\\/2022\\\/02\\\/buy-hi-tech-cough-syrup-online.jpg\",\"datePublished\":\"2022-02-20T09:28:05+00:00\",\"dateModified\":\"2022-03-17T12:33:09+00:00\",\"description\":\"Acheter du sirop contre la toux Hi-Tech \u00e0 vendre au Royaume-Uni, en Europe en ligne. Chlorhydrate de prom\u00e9thazine Hi-Tech et sirop de phosphate de cod\u00e9ine\u2026 chaque 5 mL contient : Chlorhydrate de prom\u00e9thazine 6,25 mg ; phosphate de cod\u00e9ine 10 mg. Alcool 7%Indication : Antitussif\",\"breadcrumb\":{\"@id\":\"https:\\\/\\\/medicinasinc.com\\\/fr\\\/product\\\/acheter-hi-tech-toux-sirop\\\/#breadcrumb\"},\"inLanguage\":\"en-US\",\"potentialAction\":[{\"@type\":\"ReadAction\",\"target\":[\"https:\\\/\\\/medicinasinc.com\\\/fr\\\/product\\\/acheter-hi-tech-toux-sirop\\\/\"]}]},{\"@type\":\"ImageObject\",\"inLanguage\":\"en-US\",\"@id\":\"https:\\\/\\\/medicinasinc.com\\\/fr\\\/product\\\/acheter-hi-tech-toux-sirop\\\/#primaryimage\",\"url\":\"https:\\\/\\\/medicinasinc.com\\\/fr\\\/wp-content\\\/uploads\\\/sites\\\/5\\\/2022\\\/02\\\/buy-hi-tech-cough-syrup-online.jpg\",\"contentUrl\":\"https:\\\/\\\/medicinasinc.com\\\/fr\\\/wp-content\\\/uploads\\\/sites\\\/5\\\/2022\\\/02\\\/buy-hi-tech-cough-syrup-online.jpg\",\"width\":600,\"height\":600},{\"@type\":\"BreadcrumbList\",\"@id\":\"https:\\\/\\\/medicinasinc.com\\\/fr\\\/product\\\/acheter-hi-tech-toux-sirop\\\/#breadcrumb\",\"itemListElement\":[{\"@type\":\"ListItem\",\"position\":1,\"name\":\"Boutique\",\"item\":\"https:\\\/\\\/medicinasinc.com\\\/fr\\\/boutique\\\/\"},{\"@type\":\"ListItem\",\"position\":2,\"name\":\"Acheter du sirop contre la toux Hi-Tech\"}]},{\"@type\":\"WebSite\",\"@id\":\"https:\\\/\\\/medicinasinc.com\\\/fr\\\/#website\",\"url\":\"https:\\\/\\\/medicinasinc.com\\\/fr\\\/\",\"name\":\"Medicinas Inc\",\"description\":\"Health Medical Clinic\",\"potentialAction\":[{\"@type\":\"SearchAction\",\"target\":{\"@type\":\"EntryPoint\",\"urlTemplate\":\"https:\\\/\\\/medicinasinc.com\\\/fr\\\/?s={search_term_string}\"},\"query-input\":{\"@type\":\"PropertyValueSpecification\",\"valueRequired\":true,\"valueName\":\"search_term_string\"}}],\"inLanguage\":\"en-US\"}]}<\/script>\n<!-- \/ Yoast SEO plugin. -->","yoast_head_json":{"title":"Acheter du sirop contre la toux Hi-Tech - Best Best Global Meds","description":"Acheter du sirop contre la toux Hi-Tech \u00e0 vendre au Royaume-Uni, en Europe en ligne. Chlorhydrate de prom\u00e9thazine Hi-Tech et sirop de phosphate de cod\u00e9ine\u2026 chaque 5 mL contient : Chlorhydrate de prom\u00e9thazine 6,25 mg ; phosphate de cod\u00e9ine 10 mg. Alcool 7%Indication : Antitussif","robots":{"index":"index","follow":"follow","max-snippet":"max-snippet:-1","max-image-preview":"max-image-preview:large","max-video-preview":"max-video-preview:-1"},"canonical":"https:\/\/medicinasinc.com\/fr\/product\/acheter-hi-tech-toux-sirop\/","og_locale":"en_US","og_type":"article","og_title":"Acheter du sirop contre la toux Hi-Tech - Best Best Global Meds","og_description":"Acheter du sirop contre la toux Hi-Tech \u00e0 vendre au Royaume-Uni, en Europe en ligne. Chlorhydrate de prom\u00e9thazine Hi-Tech et sirop de phosphate de cod\u00e9ine\u2026 chaque 5 mL contient : Chlorhydrate de prom\u00e9thazine 6,25 mg ; phosphate de cod\u00e9ine 10 mg. Alcool 7%Indication : Antitussif","og_url":"https:\/\/medicinasinc.com\/fr\/product\/acheter-hi-tech-toux-sirop\/","og_site_name":"Medicinas Inc","article_modified_time":"2022-03-17T12:33:09+00:00","og_image":[{"width":600,"height":600,"url":"https:\/\/medicinasinc.com\/fr\/wp-content\/uploads\/sites\/5\/2022\/02\/buy-hi-tech-cough-syrup-online.jpg","type":"image\/jpeg"}],"twitter_card":"summary_large_image","twitter_misc":{"Est. reading time":"3 minutes"},"schema":{"@context":"https:\/\/schema.org","@graph":[{"@type":"WebPage","@id":"https:\/\/medicinasinc.com\/fr\/product\/acheter-hi-tech-toux-sirop\/","url":"https:\/\/medicinasinc.com\/fr\/product\/acheter-hi-tech-toux-sirop\/","name":"Acheter du sirop contre la toux Hi-Tech - Best Best Global Meds","isPartOf":{"@id":"https:\/\/medicinasinc.com\/fr\/#website"},"primaryImageOfPage":{"@id":"https:\/\/medicinasinc.com\/fr\/product\/acheter-hi-tech-toux-sirop\/#primaryimage"},"image":{"@id":"https:\/\/medicinasinc.com\/fr\/product\/acheter-hi-tech-toux-sirop\/#primaryimage"},"thumbnailUrl":"https:\/\/medicinasinc.com\/fr\/wp-content\/uploads\/sites\/5\/2022\/02\/buy-hi-tech-cough-syrup-online.jpg","datePublished":"2022-02-20T09:28:05+00:00","dateModified":"2022-03-17T12:33:09+00:00","description":"Acheter du sirop contre la toux Hi-Tech \u00e0 vendre au Royaume-Uni, en Europe en ligne. Chlorhydrate de prom\u00e9thazine Hi-Tech et sirop de phosphate de cod\u00e9ine\u2026 chaque 5 mL contient : Chlorhydrate de prom\u00e9thazine 6,25 mg ; phosphate de cod\u00e9ine 10 mg. Alcool 7%Indication : Antitussif","breadcrumb":{"@id":"https:\/\/medicinasinc.com\/fr\/product\/acheter-hi-tech-toux-sirop\/#breadcrumb"},"inLanguage":"en-US","potentialAction":[{"@type":"ReadAction","target":["https:\/\/medicinasinc.com\/fr\/product\/acheter-hi-tech-toux-sirop\/"]}]},{"@type":"ImageObject","inLanguage":"en-US","@id":"https:\/\/medicinasinc.com\/fr\/product\/acheter-hi-tech-toux-sirop\/#primaryimage","url":"https:\/\/medicinasinc.com\/fr\/wp-content\/uploads\/sites\/5\/2022\/02\/buy-hi-tech-cough-syrup-online.jpg","contentUrl":"https:\/\/medicinasinc.com\/fr\/wp-content\/uploads\/sites\/5\/2022\/02\/buy-hi-tech-cough-syrup-online.jpg","width":600,"height":600},{"@type":"BreadcrumbList","@id":"https:\/\/medicinasinc.com\/fr\/product\/acheter-hi-tech-toux-sirop\/#breadcrumb","itemListElement":[{"@type":"ListItem","position":1,"name":"Boutique","item":"https:\/\/medicinasinc.com\/fr\/boutique\/"},{"@type":"ListItem","position":2,"name":"Acheter du sirop contre la toux Hi-Tech"}]},{"@type":"WebSite","@id":"https:\/\/medicinasinc.com\/fr\/#website","url":"https:\/\/medicinasinc.com\/fr\/","name":"Medicinas Inc","description":"Health Medical Clinic","potentialAction":[{"@type":"SearchAction","target":{"@type":"EntryPoint","urlTemplate":"https:\/\/medicinasinc.com\/fr\/?s={search_term_string}"},"query-input":{"@type":"PropertyValueSpecification","valueRequired":true,"valueName":"search_term_string"}}],"inLanguage":"en-US"}]}},"_links":{"self":[{"href":"https:\/\/medicinasinc.com\/fr\/wp-json\/wp\/v2\/product\/4455","targetHints":{"allow":["GET"]}}],"collection":[{"href":"https:\/\/medicinasinc.com\/fr\/wp-json\/wp\/v2\/product"}],"about":[{"href":"https:\/\/medicinasinc.com\/fr\/wp-json\/wp\/v2\/types\/product"}],"replies":[{"embeddable":true,"href":"https:\/\/medicinasinc.com\/fr\/wp-json\/wp\/v2\/comments?post=4455"}],"wp:featuredmedia":[{"embeddable":true,"href":"https:\/\/medicinasinc.com\/fr\/wp-json\/wp\/v2\/media\/4489"}],"wp:attachment":[{"href":"https:\/\/medicinasinc.com\/fr\/wp-json\/wp\/v2\/media?parent=4455"}],"wp:term":[{"taxonomy":"product_brand","embeddable":true,"href":"https:\/\/medicinasinc.com\/fr\/wp-json\/wp\/v2\/product_brand?post=4455"},{"taxonomy":"product_cat","embeddable":true,"href":"https:\/\/medicinasinc.com\/fr\/wp-json\/wp\/v2\/product_cat?post=4455"},{"taxonomy":"product_tag","embeddable":true,"href":"https:\/\/medicinasinc.com\/fr\/wp-json\/wp\/v2\/product_tag?post=4455"}],"curies":[{"name":"wp","href":"https:\/\/api.w.org\/{rel}","templated":true}]}}