{"id":4449,"date":"2022-02-20T09:24:06","date_gmt":"2022-02-20T09:24:06","guid":{"rendered":"https:\/\/medicinasinc.com\/fr\/?post_type=product&#038;p=4449"},"modified":"2022-03-17T12:33:20","modified_gmt":"2022-03-17T12:33:20","slug":"acheter-actavis-promethazine-toux-sirop-16oz","status":"publish","type":"product","link":"https:\/\/medicinasinc.com\/fr\/product\/acheter-actavis-promethazine-toux-sirop-16oz\/","title":{"rendered":"Acheter sirop contre la toux actavis prom\u00e9thazine 16OZ"},"content":{"rendered":"<h1>acheter du sirop contre la toux Actavis prom\u00e9thazine 16OZ<\/h1>\n<p>acheter du sirop contre la toux Actavis prom\u00e9thazine 16OZ en utilisant Western Union, MoneyGram ou des bitcoins. Nous avons \u00e9galement de la coca\u00efne \u00e0 vendre \u00e0 des prix tr\u00e8s bas. Actavis \u00e0 vendre \u00e0 bas prix. Venez passer votre commande maintenant.<\/p>\n","protected":false},"excerpt":{"rendered":"<div class=\"woocommerce-product-details__short-description\">\n<p>acheter du sirop contre la toux actavis prom\u00e9thazine \u00e0 vendre au Royaume-Uni, en Europe 16 OZ. prom\u00e9th avec cod\u00e9ine sirop contre la toux prom\u00e9thazine avec cod\u00e9ine \u00e0 vendre en ligne actavis \u00e0 vendre en ligne commander actavis en ligne<\/p>\n<\/p><\/div>\n","protected":false},"featured_media":4481,"comment_status":"open","ping_status":"closed","template":"","meta":[],"product_brand":[],"product_cat":[497],"product_tag":[],"class_list":{"0":"post-4449","1":"product","2":"type-product","3":"status-publish","4":"has-post-thumbnail","6":"product_cat-acheter-sirop-contre-la-toux","8":"first","9":"instock","10":"shipping-taxable","11":"purchasable","12":"product-type-variable","13":"has-default-attributes"},"yoast_head":"<!-- This site is optimized with the Yoast SEO plugin v27.3 - https:\/\/yoast.com\/product\/yoast-seo-wordpress\/ -->\n<title>Acheter du sirop contre la toux actavis prom\u00e9thazine 16OZ - Best Best Global Meds<\/title>\n<meta name=\"description\" content=\"acheter du sirop contre la toux actavis prom\u00e9thazine \u00e0 vendre au Royaume-Uni, en Europe 16OZ. prometh avec cod\u00e9ine sirop contre la toux promethazine avec cod\u00e9ine \u00e0 vendre en ligne actavis \u00e0 vendre en ligne commander actavis en ligne\" \/>\n<meta name=\"robots\" content=\"index, follow, max-snippet:-1, max-image-preview:large, max-video-preview:-1\" \/>\n<link rel=\"canonical\" href=\"https:\/\/medicinasinc.com\/fr\/product\/acheter-actavis-promethazine-toux-sirop-16oz\/\" \/>\n<meta property=\"og:locale\" content=\"en_US\" \/>\n<meta property=\"og:type\" content=\"article\" \/>\n<meta property=\"og:title\" content=\"Acheter du sirop contre la toux actavis prom\u00e9thazine 16OZ - Best Best Global Meds\" \/>\n<meta property=\"og:description\" content=\"acheter du sirop contre la toux actavis prom\u00e9thazine \u00e0 vendre au Royaume-Uni, en Europe 16OZ. prometh avec cod\u00e9ine sirop contre la toux promethazine avec cod\u00e9ine \u00e0 vendre en ligne actavis \u00e0 vendre en ligne commander actavis en ligne\" \/>\n<meta property=\"og:url\" content=\"https:\/\/medicinasinc.com\/fr\/product\/acheter-actavis-promethazine-toux-sirop-16oz\/\" \/>\n<meta property=\"og:site_name\" content=\"Medicinas Inc\" \/>\n<meta property=\"article:modified_time\" content=\"2022-03-17T12:33:20+00:00\" \/>\n<meta property=\"og:image\" content=\"https:\/\/medicinasinc.com\/fr\/wp-content\/uploads\/sites\/5\/2022\/02\/buy-actavis-promethazine-cough-syrup-16oz.jpg\" \/>\n\t<meta property=\"og:image:width\" content=\"600\" \/>\n\t<meta property=\"og:image:height\" content=\"600\" \/>\n\t<meta property=\"og:image:type\" content=\"image\/jpeg\" \/>\n<meta name=\"twitter:card\" content=\"summary_large_image\" \/>\n<meta name=\"twitter:label1\" content=\"Est. reading time\" \/>\n\t<meta name=\"twitter:data1\" content=\"1 minute\" \/>\n<script type=\"application\/ld+json\" class=\"yoast-schema-graph\">{\"@context\":\"https:\\\/\\\/schema.org\",\"@graph\":[{\"@type\":\"WebPage\",\"@id\":\"https:\\\/\\\/medicinasinc.com\\\/fr\\\/product\\\/acheter-actavis-promethazine-toux-sirop-16oz\\\/\",\"url\":\"https:\\\/\\\/medicinasinc.com\\\/fr\\\/product\\\/acheter-actavis-promethazine-toux-sirop-16oz\\\/\",\"name\":\"Acheter du sirop contre la toux actavis prom\u00e9thazine 16OZ - Best Best Global Meds\",\"isPartOf\":{\"@id\":\"https:\\\/\\\/medicinasinc.com\\\/fr\\\/#website\"},\"primaryImageOfPage\":{\"@id\":\"https:\\\/\\\/medicinasinc.com\\\/fr\\\/product\\\/acheter-actavis-promethazine-toux-sirop-16oz\\\/#primaryimage\"},\"image\":{\"@id\":\"https:\\\/\\\/medicinasinc.com\\\/fr\\\/product\\\/acheter-actavis-promethazine-toux-sirop-16oz\\\/#primaryimage\"},\"thumbnailUrl\":\"https:\\\/\\\/medicinasinc.com\\\/fr\\\/wp-content\\\/uploads\\\/sites\\\/5\\\/2022\\\/02\\\/buy-actavis-promethazine-cough-syrup-16oz.jpg\",\"datePublished\":\"2022-02-20T09:24:06+00:00\",\"dateModified\":\"2022-03-17T12:33:20+00:00\",\"description\":\"acheter du sirop contre la toux actavis prom\u00e9thazine \u00e0 vendre au Royaume-Uni, en Europe 16OZ. prometh avec cod\u00e9ine sirop contre la toux promethazine avec cod\u00e9ine \u00e0 vendre en ligne actavis \u00e0 vendre en ligne commander actavis en ligne\",\"breadcrumb\":{\"@id\":\"https:\\\/\\\/medicinasinc.com\\\/fr\\\/product\\\/acheter-actavis-promethazine-toux-sirop-16oz\\\/#breadcrumb\"},\"inLanguage\":\"en-US\",\"potentialAction\":[{\"@type\":\"ReadAction\",\"target\":[\"https:\\\/\\\/medicinasinc.com\\\/fr\\\/product\\\/acheter-actavis-promethazine-toux-sirop-16oz\\\/\"]}]},{\"@type\":\"ImageObject\",\"inLanguage\":\"en-US\",\"@id\":\"https:\\\/\\\/medicinasinc.com\\\/fr\\\/product\\\/acheter-actavis-promethazine-toux-sirop-16oz\\\/#primaryimage\",\"url\":\"https:\\\/\\\/medicinasinc.com\\\/fr\\\/wp-content\\\/uploads\\\/sites\\\/5\\\/2022\\\/02\\\/buy-actavis-promethazine-cough-syrup-16oz.jpg\",\"contentUrl\":\"https:\\\/\\\/medicinasinc.com\\\/fr\\\/wp-content\\\/uploads\\\/sites\\\/5\\\/2022\\\/02\\\/buy-actavis-promethazine-cough-syrup-16oz.jpg\",\"width\":600,\"height\":600},{\"@type\":\"BreadcrumbList\",\"@id\":\"https:\\\/\\\/medicinasinc.com\\\/fr\\\/product\\\/acheter-actavis-promethazine-toux-sirop-16oz\\\/#breadcrumb\",\"itemListElement\":[{\"@type\":\"ListItem\",\"position\":1,\"name\":\"Boutique\",\"item\":\"https:\\\/\\\/medicinasinc.com\\\/fr\\\/boutique\\\/\"},{\"@type\":\"ListItem\",\"position\":2,\"name\":\"Acheter sirop contre la toux actavis prom\u00e9thazine 16OZ\"}]},{\"@type\":\"WebSite\",\"@id\":\"https:\\\/\\\/medicinasinc.com\\\/fr\\\/#website\",\"url\":\"https:\\\/\\\/medicinasinc.com\\\/fr\\\/\",\"name\":\"Medicinas Inc\",\"description\":\"Health Medical Clinic\",\"potentialAction\":[{\"@type\":\"SearchAction\",\"target\":{\"@type\":\"EntryPoint\",\"urlTemplate\":\"https:\\\/\\\/medicinasinc.com\\\/fr\\\/?s={search_term_string}\"},\"query-input\":{\"@type\":\"PropertyValueSpecification\",\"valueRequired\":true,\"valueName\":\"search_term_string\"}}],\"inLanguage\":\"en-US\"}]}<\/script>\n<!-- \/ Yoast SEO plugin. -->","yoast_head_json":{"title":"Acheter du sirop contre la toux actavis prom\u00e9thazine 16OZ - Best Best Global Meds","description":"acheter du sirop contre la toux actavis prom\u00e9thazine \u00e0 vendre au Royaume-Uni, en Europe 16OZ. prometh avec cod\u00e9ine sirop contre la toux promethazine avec cod\u00e9ine \u00e0 vendre en ligne actavis \u00e0 vendre en ligne commander actavis en ligne","robots":{"index":"index","follow":"follow","max-snippet":"max-snippet:-1","max-image-preview":"max-image-preview:large","max-video-preview":"max-video-preview:-1"},"canonical":"https:\/\/medicinasinc.com\/fr\/product\/acheter-actavis-promethazine-toux-sirop-16oz\/","og_locale":"en_US","og_type":"article","og_title":"Acheter du sirop contre la toux actavis prom\u00e9thazine 16OZ - Best Best Global Meds","og_description":"acheter du sirop contre la toux actavis prom\u00e9thazine \u00e0 vendre au Royaume-Uni, en Europe 16OZ. prometh avec cod\u00e9ine sirop contre la toux promethazine avec cod\u00e9ine \u00e0 vendre en ligne actavis \u00e0 vendre en ligne commander actavis en ligne","og_url":"https:\/\/medicinasinc.com\/fr\/product\/acheter-actavis-promethazine-toux-sirop-16oz\/","og_site_name":"Medicinas Inc","article_modified_time":"2022-03-17T12:33:20+00:00","og_image":[{"width":600,"height":600,"url":"https:\/\/medicinasinc.com\/fr\/wp-content\/uploads\/sites\/5\/2022\/02\/buy-actavis-promethazine-cough-syrup-16oz.jpg","type":"image\/jpeg"}],"twitter_card":"summary_large_image","twitter_misc":{"Est. reading time":"1 minute"},"schema":{"@context":"https:\/\/schema.org","@graph":[{"@type":"WebPage","@id":"https:\/\/medicinasinc.com\/fr\/product\/acheter-actavis-promethazine-toux-sirop-16oz\/","url":"https:\/\/medicinasinc.com\/fr\/product\/acheter-actavis-promethazine-toux-sirop-16oz\/","name":"Acheter du sirop contre la toux actavis prom\u00e9thazine 16OZ - Best Best Global Meds","isPartOf":{"@id":"https:\/\/medicinasinc.com\/fr\/#website"},"primaryImageOfPage":{"@id":"https:\/\/medicinasinc.com\/fr\/product\/acheter-actavis-promethazine-toux-sirop-16oz\/#primaryimage"},"image":{"@id":"https:\/\/medicinasinc.com\/fr\/product\/acheter-actavis-promethazine-toux-sirop-16oz\/#primaryimage"},"thumbnailUrl":"https:\/\/medicinasinc.com\/fr\/wp-content\/uploads\/sites\/5\/2022\/02\/buy-actavis-promethazine-cough-syrup-16oz.jpg","datePublished":"2022-02-20T09:24:06+00:00","dateModified":"2022-03-17T12:33:20+00:00","description":"acheter du sirop contre la toux actavis prom\u00e9thazine \u00e0 vendre au Royaume-Uni, en Europe 16OZ. prometh avec cod\u00e9ine sirop contre la toux promethazine avec cod\u00e9ine \u00e0 vendre en ligne actavis \u00e0 vendre en ligne commander actavis en ligne","breadcrumb":{"@id":"https:\/\/medicinasinc.com\/fr\/product\/acheter-actavis-promethazine-toux-sirop-16oz\/#breadcrumb"},"inLanguage":"en-US","potentialAction":[{"@type":"ReadAction","target":["https:\/\/medicinasinc.com\/fr\/product\/acheter-actavis-promethazine-toux-sirop-16oz\/"]}]},{"@type":"ImageObject","inLanguage":"en-US","@id":"https:\/\/medicinasinc.com\/fr\/product\/acheter-actavis-promethazine-toux-sirop-16oz\/#primaryimage","url":"https:\/\/medicinasinc.com\/fr\/wp-content\/uploads\/sites\/5\/2022\/02\/buy-actavis-promethazine-cough-syrup-16oz.jpg","contentUrl":"https:\/\/medicinasinc.com\/fr\/wp-content\/uploads\/sites\/5\/2022\/02\/buy-actavis-promethazine-cough-syrup-16oz.jpg","width":600,"height":600},{"@type":"BreadcrumbList","@id":"https:\/\/medicinasinc.com\/fr\/product\/acheter-actavis-promethazine-toux-sirop-16oz\/#breadcrumb","itemListElement":[{"@type":"ListItem","position":1,"name":"Boutique","item":"https:\/\/medicinasinc.com\/fr\/boutique\/"},{"@type":"ListItem","position":2,"name":"Acheter sirop contre la toux actavis prom\u00e9thazine 16OZ"}]},{"@type":"WebSite","@id":"https:\/\/medicinasinc.com\/fr\/#website","url":"https:\/\/medicinasinc.com\/fr\/","name":"Medicinas Inc","description":"Health Medical Clinic","potentialAction":[{"@type":"SearchAction","target":{"@type":"EntryPoint","urlTemplate":"https:\/\/medicinasinc.com\/fr\/?s={search_term_string}"},"query-input":{"@type":"PropertyValueSpecification","valueRequired":true,"valueName":"search_term_string"}}],"inLanguage":"en-US"}]}},"_links":{"self":[{"href":"https:\/\/medicinasinc.com\/fr\/wp-json\/wp\/v2\/product\/4449","targetHints":{"allow":["GET"]}}],"collection":[{"href":"https:\/\/medicinasinc.com\/fr\/wp-json\/wp\/v2\/product"}],"about":[{"href":"https:\/\/medicinasinc.com\/fr\/wp-json\/wp\/v2\/types\/product"}],"replies":[{"embeddable":true,"href":"https:\/\/medicinasinc.com\/fr\/wp-json\/wp\/v2\/comments?post=4449"}],"wp:featuredmedia":[{"embeddable":true,"href":"https:\/\/medicinasinc.com\/fr\/wp-json\/wp\/v2\/media\/4481"}],"wp:attachment":[{"href":"https:\/\/medicinasinc.com\/fr\/wp-json\/wp\/v2\/media?parent=4449"}],"wp:term":[{"taxonomy":"product_brand","embeddable":true,"href":"https:\/\/medicinasinc.com\/fr\/wp-json\/wp\/v2\/product_brand?post=4449"},{"taxonomy":"product_cat","embeddable":true,"href":"https:\/\/medicinasinc.com\/fr\/wp-json\/wp\/v2\/product_cat?post=4449"},{"taxonomy":"product_tag","embeddable":true,"href":"https:\/\/medicinasinc.com\/fr\/wp-json\/wp\/v2\/product_tag?post=4449"}],"curies":[{"name":"wp","href":"https:\/\/api.w.org\/{rel}","templated":true}]}}