{"id":4431,"date":"2022-02-20T09:14:34","date_gmt":"2022-02-20T09:14:34","guid":{"rendered":"https:\/\/medicinasinc.com\/fr\/?post_type=product&#038;p=4431"},"modified":"2022-03-17T12:33:41","modified_gmt":"2022-03-17T12:33:41","slug":"acheter-thc-distillat-superieur-extrait","status":"publish","type":"product","link":"https:\/\/medicinasinc.com\/fr\/product\/acheter-thc-distillat-superieur-extrait\/","title":{"rendered":"Acheter distillat de THC &#8211; Extrait sup\u00e9rieur"},"content":{"rendered":"<p>Acheter du distillat de THC &#8211; Extrait de qualit\u00e9 sup\u00e9rieure<\/p>\n<p>Le distillat de THC de qualit\u00e9 sup\u00e9rieure est un concentr\u00e9 de cannabis fabriqu\u00e9 au Canada. Ce produit a \u00e9t\u00e9 test\u00e9 en laboratoire et contient une concentration \u00e9lev\u00e9e de THC, allant de 95 \u00e0 98 %. Notre distillat de THC est extr\u00eamement stable \u00e0 temp\u00e9rature ambiante et ne deviendra pas liquide. De plus, il est d&#8217;une qualit\u00e9 exceptionnelle, sans solvant, transparent et transparent. Le distillat est un type d&#8217;extrait qui est utilis\u00e9 de diverses mani\u00e8res. Pour n&#8217;en nommer que quelques-uns, il s&#8217;agit notamment de remplir des cartouches de vapotage, de cr\u00e9er des produits comestibles et de tamponner dans une plate-forme.<\/p>\n","protected":false},"excerpt":{"rendered":"<ul>\n<li>Exp\u00e9dition dans le monde entier<\/li>\n<li>La quantit\u00e9 minimum de commande est de <strong>2<\/strong><\/li>\n<li><strong>Contactez-nous<\/strong>\u00a0pour les commandes plus importantes<\/li>\n<\/ul>\n","protected":false},"featured_media":4465,"comment_status":"open","ping_status":"closed","template":"","meta":[],"product_brand":[],"product_cat":[440],"product_tag":[],"class_list":{"0":"post-4431","1":"product","2":"type-product","3":"status-publish","4":"has-post-thumbnail","6":"product_cat-acheter-huile-de-cannabis-cbd","8":"first","9":"instock","10":"shipping-taxable","11":"purchasable","12":"product-type-variable","13":"has-default-attributes"},"yoast_head":"<!-- This site is optimized with the Yoast SEO plugin v27.2 - https:\/\/yoast.com\/product\/yoast-seo-wordpress\/ -->\n<title>Acheter du distillat de THC - Extrait sup\u00e9rieur - Best Global Meds<\/title>\n<meta name=\"description\" content=\"Achetez de l&#039;extrait sup\u00e9rieur de distillat de THC et des concentr\u00e9s de THC \u00e0 vendre au Royaume-Uni, dans le meilleur dispensaire en ligne d&#039;Europe. Commandez maintenant et obtenez la livraison gratuite sur les achats de plus de 150\u00a0$\u00a0!\" \/>\n<meta name=\"robots\" content=\"index, follow, max-snippet:-1, max-image-preview:large, max-video-preview:-1\" \/>\n<link rel=\"canonical\" href=\"https:\/\/medicinasinc.com\/fr\/product\/acheter-thc-distillat-superieur-extrait\/\" \/>\n<meta property=\"og:locale\" content=\"en_US\" \/>\n<meta property=\"og:type\" content=\"article\" \/>\n<meta property=\"og:title\" content=\"Acheter du distillat de THC - Extrait sup\u00e9rieur - Best Global Meds\" \/>\n<meta property=\"og:description\" content=\"Achetez de l&#039;extrait sup\u00e9rieur de distillat de THC et des concentr\u00e9s de THC \u00e0 vendre au Royaume-Uni, dans le meilleur dispensaire en ligne d&#039;Europe. Commandez maintenant et obtenez la livraison gratuite sur les achats de plus de 150\u00a0$\u00a0!\" \/>\n<meta property=\"og:url\" content=\"https:\/\/medicinasinc.com\/fr\/product\/acheter-thc-distillat-superieur-extrait\/\" \/>\n<meta property=\"og:site_name\" content=\"Medicinas Inc\" \/>\n<meta property=\"article:modified_time\" content=\"2022-03-17T12:33:41+00:00\" \/>\n<meta property=\"og:image\" content=\"https:\/\/medicinasinc.com\/fr\/wp-content\/uploads\/sites\/5\/2022\/02\/Buy-THC-DISTILLATE-1.jpg\" \/>\n\t<meta property=\"og:image:width\" content=\"800\" \/>\n\t<meta property=\"og:image:height\" content=\"800\" \/>\n\t<meta property=\"og:image:type\" content=\"image\/jpeg\" \/>\n<meta name=\"twitter:card\" content=\"summary_large_image\" \/>\n<meta name=\"twitter:label1\" content=\"Est. reading time\" \/>\n\t<meta name=\"twitter:data1\" content=\"1 minute\" \/>\n<script type=\"application\/ld+json\" class=\"yoast-schema-graph\">{\"@context\":\"https:\/\/schema.org\",\"@graph\":[{\"@type\":\"WebPage\",\"@id\":\"https:\/\/medicinasinc.com\/fr\/product\/acheter-thc-distillat-superieur-extrait\/\",\"url\":\"https:\/\/medicinasinc.com\/fr\/product\/acheter-thc-distillat-superieur-extrait\/\",\"name\":\"Acheter du distillat de THC - Extrait sup\u00e9rieur - Best Global Meds\",\"isPartOf\":{\"@id\":\"https:\/\/medicinasinc.com\/fr\/#website\"},\"primaryImageOfPage\":{\"@id\":\"https:\/\/medicinasinc.com\/fr\/product\/acheter-thc-distillat-superieur-extrait\/#primaryimage\"},\"image\":{\"@id\":\"https:\/\/medicinasinc.com\/fr\/product\/acheter-thc-distillat-superieur-extrait\/#primaryimage\"},\"thumbnailUrl\":\"https:\/\/medicinasinc.com\/fr\/wp-content\/uploads\/sites\/5\/2022\/02\/Buy-THC-DISTILLATE-1.jpg\",\"datePublished\":\"2022-02-20T09:14:34+00:00\",\"dateModified\":\"2022-03-17T12:33:41+00:00\",\"description\":\"Achetez de l'extrait sup\u00e9rieur de distillat de THC et des concentr\u00e9s de THC \u00e0 vendre au Royaume-Uni, dans le meilleur dispensaire en ligne d'Europe. Commandez maintenant et obtenez la livraison gratuite sur les achats de plus de 150\u00a0$\u00a0!\",\"breadcrumb\":{\"@id\":\"https:\/\/medicinasinc.com\/fr\/product\/acheter-thc-distillat-superieur-extrait\/#breadcrumb\"},\"inLanguage\":\"en-US\",\"potentialAction\":[{\"@type\":\"ReadAction\",\"target\":[\"https:\/\/medicinasinc.com\/fr\/product\/acheter-thc-distillat-superieur-extrait\/\"]}]},{\"@type\":\"ImageObject\",\"inLanguage\":\"en-US\",\"@id\":\"https:\/\/medicinasinc.com\/fr\/product\/acheter-thc-distillat-superieur-extrait\/#primaryimage\",\"url\":\"https:\/\/medicinasinc.com\/fr\/wp-content\/uploads\/sites\/5\/2022\/02\/Buy-THC-DISTILLATE-1.jpg\",\"contentUrl\":\"https:\/\/medicinasinc.com\/fr\/wp-content\/uploads\/sites\/5\/2022\/02\/Buy-THC-DISTILLATE-1.jpg\",\"width\":800,\"height\":800},{\"@type\":\"BreadcrumbList\",\"@id\":\"https:\/\/medicinasinc.com\/fr\/product\/acheter-thc-distillat-superieur-extrait\/#breadcrumb\",\"itemListElement\":[{\"@type\":\"ListItem\",\"position\":1,\"name\":\"Boutique\",\"item\":\"https:\/\/medicinasinc.com\/fr\/boutique\/\"},{\"@type\":\"ListItem\",\"position\":2,\"name\":\"Acheter distillat de THC &#8211; Extrait sup\u00e9rieur\"}]},{\"@type\":\"WebSite\",\"@id\":\"https:\/\/medicinasinc.com\/fr\/#website\",\"url\":\"https:\/\/medicinasinc.com\/fr\/\",\"name\":\"Medicinas Inc\",\"description\":\"Health Medical Clinic\",\"potentialAction\":[{\"@type\":\"SearchAction\",\"target\":{\"@type\":\"EntryPoint\",\"urlTemplate\":\"https:\/\/medicinasinc.com\/fr\/?s={search_term_string}\"},\"query-input\":{\"@type\":\"PropertyValueSpecification\",\"valueRequired\":true,\"valueName\":\"search_term_string\"}}],\"inLanguage\":\"en-US\"}]}<\/script>\n<!-- \/ Yoast SEO plugin. -->","yoast_head_json":{"title":"Acheter du distillat de THC - Extrait sup\u00e9rieur - Best Global Meds","description":"Achetez de l'extrait sup\u00e9rieur de distillat de THC et des concentr\u00e9s de THC \u00e0 vendre au Royaume-Uni, dans le meilleur dispensaire en ligne d'Europe. Commandez maintenant et obtenez la livraison gratuite sur les achats de plus de 150\u00a0$\u00a0!","robots":{"index":"index","follow":"follow","max-snippet":"max-snippet:-1","max-image-preview":"max-image-preview:large","max-video-preview":"max-video-preview:-1"},"canonical":"https:\/\/medicinasinc.com\/fr\/product\/acheter-thc-distillat-superieur-extrait\/","og_locale":"en_US","og_type":"article","og_title":"Acheter du distillat de THC - Extrait sup\u00e9rieur - Best Global Meds","og_description":"Achetez de l'extrait sup\u00e9rieur de distillat de THC et des concentr\u00e9s de THC \u00e0 vendre au Royaume-Uni, dans le meilleur dispensaire en ligne d'Europe. Commandez maintenant et obtenez la livraison gratuite sur les achats de plus de 150\u00a0$\u00a0!","og_url":"https:\/\/medicinasinc.com\/fr\/product\/acheter-thc-distillat-superieur-extrait\/","og_site_name":"Medicinas Inc","article_modified_time":"2022-03-17T12:33:41+00:00","og_image":[{"width":800,"height":800,"url":"https:\/\/medicinasinc.com\/fr\/wp-content\/uploads\/sites\/5\/2022\/02\/Buy-THC-DISTILLATE-1.jpg","type":"image\/jpeg"}],"twitter_card":"summary_large_image","twitter_misc":{"Est. reading time":"1 minute"},"schema":{"@context":"https:\/\/schema.org","@graph":[{"@type":"WebPage","@id":"https:\/\/medicinasinc.com\/fr\/product\/acheter-thc-distillat-superieur-extrait\/","url":"https:\/\/medicinasinc.com\/fr\/product\/acheter-thc-distillat-superieur-extrait\/","name":"Acheter du distillat de THC - Extrait sup\u00e9rieur - Best Global Meds","isPartOf":{"@id":"https:\/\/medicinasinc.com\/fr\/#website"},"primaryImageOfPage":{"@id":"https:\/\/medicinasinc.com\/fr\/product\/acheter-thc-distillat-superieur-extrait\/#primaryimage"},"image":{"@id":"https:\/\/medicinasinc.com\/fr\/product\/acheter-thc-distillat-superieur-extrait\/#primaryimage"},"thumbnailUrl":"https:\/\/medicinasinc.com\/fr\/wp-content\/uploads\/sites\/5\/2022\/02\/Buy-THC-DISTILLATE-1.jpg","datePublished":"2022-02-20T09:14:34+00:00","dateModified":"2022-03-17T12:33:41+00:00","description":"Achetez de l'extrait sup\u00e9rieur de distillat de THC et des concentr\u00e9s de THC \u00e0 vendre au Royaume-Uni, dans le meilleur dispensaire en ligne d'Europe. Commandez maintenant et obtenez la livraison gratuite sur les achats de plus de 150\u00a0$\u00a0!","breadcrumb":{"@id":"https:\/\/medicinasinc.com\/fr\/product\/acheter-thc-distillat-superieur-extrait\/#breadcrumb"},"inLanguage":"en-US","potentialAction":[{"@type":"ReadAction","target":["https:\/\/medicinasinc.com\/fr\/product\/acheter-thc-distillat-superieur-extrait\/"]}]},{"@type":"ImageObject","inLanguage":"en-US","@id":"https:\/\/medicinasinc.com\/fr\/product\/acheter-thc-distillat-superieur-extrait\/#primaryimage","url":"https:\/\/medicinasinc.com\/fr\/wp-content\/uploads\/sites\/5\/2022\/02\/Buy-THC-DISTILLATE-1.jpg","contentUrl":"https:\/\/medicinasinc.com\/fr\/wp-content\/uploads\/sites\/5\/2022\/02\/Buy-THC-DISTILLATE-1.jpg","width":800,"height":800},{"@type":"BreadcrumbList","@id":"https:\/\/medicinasinc.com\/fr\/product\/acheter-thc-distillat-superieur-extrait\/#breadcrumb","itemListElement":[{"@type":"ListItem","position":1,"name":"Boutique","item":"https:\/\/medicinasinc.com\/fr\/boutique\/"},{"@type":"ListItem","position":2,"name":"Acheter distillat de THC &#8211; Extrait sup\u00e9rieur"}]},{"@type":"WebSite","@id":"https:\/\/medicinasinc.com\/fr\/#website","url":"https:\/\/medicinasinc.com\/fr\/","name":"Medicinas Inc","description":"Health Medical Clinic","potentialAction":[{"@type":"SearchAction","target":{"@type":"EntryPoint","urlTemplate":"https:\/\/medicinasinc.com\/fr\/?s={search_term_string}"},"query-input":{"@type":"PropertyValueSpecification","valueRequired":true,"valueName":"search_term_string"}}],"inLanguage":"en-US"}]}},"_links":{"self":[{"href":"https:\/\/medicinasinc.com\/fr\/wp-json\/wp\/v2\/product\/4431","targetHints":{"allow":["GET"]}}],"collection":[{"href":"https:\/\/medicinasinc.com\/fr\/wp-json\/wp\/v2\/product"}],"about":[{"href":"https:\/\/medicinasinc.com\/fr\/wp-json\/wp\/v2\/types\/product"}],"replies":[{"embeddable":true,"href":"https:\/\/medicinasinc.com\/fr\/wp-json\/wp\/v2\/comments?post=4431"}],"wp:featuredmedia":[{"embeddable":true,"href":"https:\/\/medicinasinc.com\/fr\/wp-json\/wp\/v2\/media\/4465"}],"wp:attachment":[{"href":"https:\/\/medicinasinc.com\/fr\/wp-json\/wp\/v2\/media?parent=4431"}],"wp:term":[{"taxonomy":"product_brand","embeddable":true,"href":"https:\/\/medicinasinc.com\/fr\/wp-json\/wp\/v2\/product_brand?post=4431"},{"taxonomy":"product_cat","embeddable":true,"href":"https:\/\/medicinasinc.com\/fr\/wp-json\/wp\/v2\/product_cat?post=4431"},{"taxonomy":"product_tag","embeddable":true,"href":"https:\/\/medicinasinc.com\/fr\/wp-json\/wp\/v2\/product_tag?post=4431"}],"curies":[{"name":"wp","href":"https:\/\/api.w.org\/{rel}","templated":true}]}}