{"id":4425,"date":"2022-02-20T09:10:27","date_gmt":"2022-02-20T09:10:27","guid":{"rendered":"https:\/\/medicinasinc.com\/fr\/?post_type=product&#038;p=4425"},"modified":"2022-03-17T12:33:57","modified_gmt":"2022-03-17T12:33:57","slug":"acheter-skywalker-og-thc-distillat-extrait-kasher","status":"publish","type":"product","link":"https:\/\/medicinasinc.com\/fr\/product\/acheter-skywalker-og-thc-distillat-extrait-kasher\/","title":{"rendered":"Acheter Distillat Skywalker OG THC \u2013 Extrait casher"},"content":{"rendered":"<p>Extrait de distillat de THC casher<\/p>\n<p>Le distillat de THC est l&#8217;un des extraits de cannabis les plus purs et les plus puissants du march\u00e9, offrant une grande vari\u00e9t\u00e9 d&#8217;avantages et de propri\u00e9t\u00e9s m\u00e9dicinales. Le cannabis est d\u00e9compos\u00e9 par distillation mol\u00e9culaire \u00e0 court trajet jusqu&#8217;\u00e0 ce que pratiquement tous les composants soient s\u00e9par\u00e9s du THC (cela inclut : les terp\u00e8nes, les lipides v\u00e9g\u00e9taux, les pesticides et autres contaminants). Cette m\u00e9thode produit un extrait de cannabis extr\u00eamement pur sans utiliser de solvants pour extraire le THC. En plus de cette puret\u00e9, la distillation produit un produit nettement plus puissant que l&#8217;herbe s\u00e8che ou d&#8217;autres extraits de cannabis. Le distillat de THC peut contenir entre 85 et 99\u00a0% de THC\u00a0!<\/p>\n","protected":false},"excerpt":{"rendered":"<p><em>Acheter Skywalker OG Distillate<\/em>\u00a0La seringue est une huile Indica relaxante qui calme l&#8217;esprit, d\u00e9tend le corps et vous plonge dans un \u00e9tat d&#8217;euphorie totale.<\/p>\n<p><em>Acheter Distillat Skywalker OG THC<\/em>\u00a0&#8211; extrait casher en ligne au Canada du plus grand dispensaire en ligne, Buy My Weed Online.<\/p>\n<ul>\n<li><\/li>\n<li>Exp\u00e9dition dans le monde entier<\/li>\n<li>La quantit\u00e9 minimum de commande est de 5<\/li>\n<li><strong>Contactez-nous<\/strong>\u00a0pour des commandes plus importantes<\/li>\n<\/ul>\n","protected":false},"featured_media":4459,"comment_status":"open","ping_status":"closed","template":"","meta":[],"product_brand":[],"product_cat":[440],"product_tag":[],"class_list":{"0":"post-4425","1":"product","2":"type-product","3":"status-publish","4":"has-post-thumbnail","6":"product_cat-acheter-huile-de-cannabis-cbd","8":"first","9":"instock","10":"shipping-taxable","11":"purchasable","12":"product-type-variable","13":"has-default-attributes"},"yoast_head":"<!-- This site is optimized with the Yoast SEO plugin v27.3 - https:\/\/yoast.com\/product\/yoast-seo-wordpress\/ -->\n<title>Acheter Skywalker OG THC Distillate - extrait casher - Best Global MedsMeta aper\u00e7u de la description :<\/title>\n<meta name=\"description\" content=\"Acheter Skywalker OG THC Distillate sale - extrait casher en ligne Europe du plus grand dispensaire en ligne, Buy My Weed Online.\" \/>\n<meta name=\"robots\" content=\"index, follow, max-snippet:-1, max-image-preview:large, max-video-preview:-1\" \/>\n<link rel=\"canonical\" href=\"https:\/\/medicinasinc.com\/fr\/product\/acheter-skywalker-og-thc-distillat-extrait-kasher\/\" \/>\n<meta property=\"og:locale\" content=\"en_US\" \/>\n<meta property=\"og:type\" content=\"article\" \/>\n<meta property=\"og:title\" content=\"Acheter Skywalker OG THC Distillate - extrait casher - Best Global MedsMeta aper\u00e7u de la description :\" \/>\n<meta property=\"og:description\" content=\"Acheter Skywalker OG THC Distillate sale - extrait casher en ligne Europe du plus grand dispensaire en ligne, Buy My Weed Online.\" \/>\n<meta property=\"og:url\" content=\"https:\/\/medicinasinc.com\/fr\/product\/acheter-skywalker-og-thc-distillat-extrait-kasher\/\" \/>\n<meta property=\"og:site_name\" content=\"Medicinas Inc\" \/>\n<meta property=\"article:modified_time\" content=\"2022-03-17T12:33:57+00:00\" \/>\n<meta property=\"og:image\" content=\"https:\/\/medicinasinc.com\/fr\/wp-content\/uploads\/sites\/5\/2022\/02\/Buy-Skywalker-OG-THC-Distillate.jpg\" \/>\n\t<meta property=\"og:image:width\" content=\"980\" \/>\n\t<meta property=\"og:image:height\" content=\"980\" \/>\n\t<meta property=\"og:image:type\" content=\"image\/jpeg\" \/>\n<meta name=\"twitter:card\" content=\"summary_large_image\" \/>\n<meta name=\"twitter:label1\" content=\"Est. reading time\" \/>\n\t<meta name=\"twitter:data1\" content=\"1 minute\" \/>\n<script type=\"application\/ld+json\" class=\"yoast-schema-graph\">{\"@context\":\"https:\\\/\\\/schema.org\",\"@graph\":[{\"@type\":\"WebPage\",\"@id\":\"https:\\\/\\\/medicinasinc.com\\\/fr\\\/product\\\/acheter-skywalker-og-thc-distillat-extrait-kasher\\\/\",\"url\":\"https:\\\/\\\/medicinasinc.com\\\/fr\\\/product\\\/acheter-skywalker-og-thc-distillat-extrait-kasher\\\/\",\"name\":\"Acheter Skywalker OG THC Distillate - extrait casher - Best Global MedsMeta aper\u00e7u de la description :\",\"isPartOf\":{\"@id\":\"https:\\\/\\\/medicinasinc.com\\\/fr\\\/#website\"},\"primaryImageOfPage\":{\"@id\":\"https:\\\/\\\/medicinasinc.com\\\/fr\\\/product\\\/acheter-skywalker-og-thc-distillat-extrait-kasher\\\/#primaryimage\"},\"image\":{\"@id\":\"https:\\\/\\\/medicinasinc.com\\\/fr\\\/product\\\/acheter-skywalker-og-thc-distillat-extrait-kasher\\\/#primaryimage\"},\"thumbnailUrl\":\"https:\\\/\\\/medicinasinc.com\\\/fr\\\/wp-content\\\/uploads\\\/sites\\\/5\\\/2022\\\/02\\\/Buy-Skywalker-OG-THC-Distillate.jpg\",\"datePublished\":\"2022-02-20T09:10:27+00:00\",\"dateModified\":\"2022-03-17T12:33:57+00:00\",\"description\":\"Acheter Skywalker OG THC Distillate sale - extrait casher en ligne Europe du plus grand dispensaire en ligne, Buy My Weed Online.\",\"breadcrumb\":{\"@id\":\"https:\\\/\\\/medicinasinc.com\\\/fr\\\/product\\\/acheter-skywalker-og-thc-distillat-extrait-kasher\\\/#breadcrumb\"},\"inLanguage\":\"en-US\",\"potentialAction\":[{\"@type\":\"ReadAction\",\"target\":[\"https:\\\/\\\/medicinasinc.com\\\/fr\\\/product\\\/acheter-skywalker-og-thc-distillat-extrait-kasher\\\/\"]}]},{\"@type\":\"ImageObject\",\"inLanguage\":\"en-US\",\"@id\":\"https:\\\/\\\/medicinasinc.com\\\/fr\\\/product\\\/acheter-skywalker-og-thc-distillat-extrait-kasher\\\/#primaryimage\",\"url\":\"https:\\\/\\\/medicinasinc.com\\\/fr\\\/wp-content\\\/uploads\\\/sites\\\/5\\\/2022\\\/02\\\/Buy-Skywalker-OG-THC-Distillate.jpg\",\"contentUrl\":\"https:\\\/\\\/medicinasinc.com\\\/fr\\\/wp-content\\\/uploads\\\/sites\\\/5\\\/2022\\\/02\\\/Buy-Skywalker-OG-THC-Distillate.jpg\",\"width\":980,\"height\":980},{\"@type\":\"BreadcrumbList\",\"@id\":\"https:\\\/\\\/medicinasinc.com\\\/fr\\\/product\\\/acheter-skywalker-og-thc-distillat-extrait-kasher\\\/#breadcrumb\",\"itemListElement\":[{\"@type\":\"ListItem\",\"position\":1,\"name\":\"Boutique\",\"item\":\"https:\\\/\\\/medicinasinc.com\\\/fr\\\/boutique\\\/\"},{\"@type\":\"ListItem\",\"position\":2,\"name\":\"Acheter Distillat Skywalker OG THC \u2013 Extrait casher\"}]},{\"@type\":\"WebSite\",\"@id\":\"https:\\\/\\\/medicinasinc.com\\\/fr\\\/#website\",\"url\":\"https:\\\/\\\/medicinasinc.com\\\/fr\\\/\",\"name\":\"Medicinas Inc\",\"description\":\"Health Medical Clinic\",\"potentialAction\":[{\"@type\":\"SearchAction\",\"target\":{\"@type\":\"EntryPoint\",\"urlTemplate\":\"https:\\\/\\\/medicinasinc.com\\\/fr\\\/?s={search_term_string}\"},\"query-input\":{\"@type\":\"PropertyValueSpecification\",\"valueRequired\":true,\"valueName\":\"search_term_string\"}}],\"inLanguage\":\"en-US\"}]}<\/script>\n<!-- \/ Yoast SEO plugin. -->","yoast_head_json":{"title":"Acheter Skywalker OG THC Distillate - extrait casher - Best Global MedsMeta aper\u00e7u de la description :","description":"Acheter Skywalker OG THC Distillate sale - extrait casher en ligne Europe du plus grand dispensaire en ligne, Buy My Weed Online.","robots":{"index":"index","follow":"follow","max-snippet":"max-snippet:-1","max-image-preview":"max-image-preview:large","max-video-preview":"max-video-preview:-1"},"canonical":"https:\/\/medicinasinc.com\/fr\/product\/acheter-skywalker-og-thc-distillat-extrait-kasher\/","og_locale":"en_US","og_type":"article","og_title":"Acheter Skywalker OG THC Distillate - extrait casher - Best Global MedsMeta aper\u00e7u de la description :","og_description":"Acheter Skywalker OG THC Distillate sale - extrait casher en ligne Europe du plus grand dispensaire en ligne, Buy My Weed Online.","og_url":"https:\/\/medicinasinc.com\/fr\/product\/acheter-skywalker-og-thc-distillat-extrait-kasher\/","og_site_name":"Medicinas Inc","article_modified_time":"2022-03-17T12:33:57+00:00","og_image":[{"width":980,"height":980,"url":"https:\/\/medicinasinc.com\/fr\/wp-content\/uploads\/sites\/5\/2022\/02\/Buy-Skywalker-OG-THC-Distillate.jpg","type":"image\/jpeg"}],"twitter_card":"summary_large_image","twitter_misc":{"Est. reading time":"1 minute"},"schema":{"@context":"https:\/\/schema.org","@graph":[{"@type":"WebPage","@id":"https:\/\/medicinasinc.com\/fr\/product\/acheter-skywalker-og-thc-distillat-extrait-kasher\/","url":"https:\/\/medicinasinc.com\/fr\/product\/acheter-skywalker-og-thc-distillat-extrait-kasher\/","name":"Acheter Skywalker OG THC Distillate - extrait casher - Best Global MedsMeta aper\u00e7u de la description :","isPartOf":{"@id":"https:\/\/medicinasinc.com\/fr\/#website"},"primaryImageOfPage":{"@id":"https:\/\/medicinasinc.com\/fr\/product\/acheter-skywalker-og-thc-distillat-extrait-kasher\/#primaryimage"},"image":{"@id":"https:\/\/medicinasinc.com\/fr\/product\/acheter-skywalker-og-thc-distillat-extrait-kasher\/#primaryimage"},"thumbnailUrl":"https:\/\/medicinasinc.com\/fr\/wp-content\/uploads\/sites\/5\/2022\/02\/Buy-Skywalker-OG-THC-Distillate.jpg","datePublished":"2022-02-20T09:10:27+00:00","dateModified":"2022-03-17T12:33:57+00:00","description":"Acheter Skywalker OG THC Distillate sale - extrait casher en ligne Europe du plus grand dispensaire en ligne, Buy My Weed Online.","breadcrumb":{"@id":"https:\/\/medicinasinc.com\/fr\/product\/acheter-skywalker-og-thc-distillat-extrait-kasher\/#breadcrumb"},"inLanguage":"en-US","potentialAction":[{"@type":"ReadAction","target":["https:\/\/medicinasinc.com\/fr\/product\/acheter-skywalker-og-thc-distillat-extrait-kasher\/"]}]},{"@type":"ImageObject","inLanguage":"en-US","@id":"https:\/\/medicinasinc.com\/fr\/product\/acheter-skywalker-og-thc-distillat-extrait-kasher\/#primaryimage","url":"https:\/\/medicinasinc.com\/fr\/wp-content\/uploads\/sites\/5\/2022\/02\/Buy-Skywalker-OG-THC-Distillate.jpg","contentUrl":"https:\/\/medicinasinc.com\/fr\/wp-content\/uploads\/sites\/5\/2022\/02\/Buy-Skywalker-OG-THC-Distillate.jpg","width":980,"height":980},{"@type":"BreadcrumbList","@id":"https:\/\/medicinasinc.com\/fr\/product\/acheter-skywalker-og-thc-distillat-extrait-kasher\/#breadcrumb","itemListElement":[{"@type":"ListItem","position":1,"name":"Boutique","item":"https:\/\/medicinasinc.com\/fr\/boutique\/"},{"@type":"ListItem","position":2,"name":"Acheter Distillat Skywalker OG THC \u2013 Extrait casher"}]},{"@type":"WebSite","@id":"https:\/\/medicinasinc.com\/fr\/#website","url":"https:\/\/medicinasinc.com\/fr\/","name":"Medicinas Inc","description":"Health Medical Clinic","potentialAction":[{"@type":"SearchAction","target":{"@type":"EntryPoint","urlTemplate":"https:\/\/medicinasinc.com\/fr\/?s={search_term_string}"},"query-input":{"@type":"PropertyValueSpecification","valueRequired":true,"valueName":"search_term_string"}}],"inLanguage":"en-US"}]}},"_links":{"self":[{"href":"https:\/\/medicinasinc.com\/fr\/wp-json\/wp\/v2\/product\/4425","targetHints":{"allow":["GET"]}}],"collection":[{"href":"https:\/\/medicinasinc.com\/fr\/wp-json\/wp\/v2\/product"}],"about":[{"href":"https:\/\/medicinasinc.com\/fr\/wp-json\/wp\/v2\/types\/product"}],"replies":[{"embeddable":true,"href":"https:\/\/medicinasinc.com\/fr\/wp-json\/wp\/v2\/comments?post=4425"}],"wp:featuredmedia":[{"embeddable":true,"href":"https:\/\/medicinasinc.com\/fr\/wp-json\/wp\/v2\/media\/4459"}],"wp:attachment":[{"href":"https:\/\/medicinasinc.com\/fr\/wp-json\/wp\/v2\/media?parent=4425"}],"wp:term":[{"taxonomy":"product_brand","embeddable":true,"href":"https:\/\/medicinasinc.com\/fr\/wp-json\/wp\/v2\/product_brand?post=4425"},{"taxonomy":"product_cat","embeddable":true,"href":"https:\/\/medicinasinc.com\/fr\/wp-json\/wp\/v2\/product_cat?post=4425"},{"taxonomy":"product_tag","embeddable":true,"href":"https:\/\/medicinasinc.com\/fr\/wp-json\/wp\/v2\/product_tag?post=4425"}],"curies":[{"name":"wp","href":"https:\/\/api.w.org\/{rel}","templated":true}]}}