{"id":4413,"date":"2022-02-20T09:01:25","date_gmt":"2022-02-20T09:01:25","guid":{"rendered":"https:\/\/medicinasinc.com\/fr\/?post_type=product&#038;p=4413"},"modified":"2022-03-17T12:34:08","modified_gmt":"2022-03-17T12:34:08","slug":"rso-pink-kush-huile-5ml","status":"publish","type":"product","link":"https:\/\/medicinasinc.com\/fr\/product\/rso-pink-kush-huile-5ml\/","title":{"rendered":"RSO | Huile de Kush Rose \u2013 5ml"},"content":{"rendered":"<p>Kush Pink (Rick Simpson Oil)<\/p>\n<p>5mL dans un distributeur &#8216;Eos&#8217; en polypropyl\u00e8ne avec un fil vert pour un dosage pr\u00e9cis.<\/p>\n<p>Cette huile Rick Simpson est d\u00e9riv\u00e9e de Pink Des fleurs de Kush cultiv\u00e9es dans l&#8217;int\u00e9rieur luxuriant de la Colombie-Britannique\u00a0!<\/p>\n<p>On pense que la Pink Kush est une parente \u00e9loign\u00e9e de la l\u00e9gendaire OG Kush (l&#8217;une des vari\u00e9t\u00e9s les plus populaires de l&#8217;histoire du cannabis). Pink Kush perp\u00e9tue la tradition en procurant un fort effet corporel, ce qui en fait l&#8217;une des vari\u00e9t\u00e9s les plus m\u00e9dicinales disponibles. Les effets de cette vari\u00e9t\u00e9 sont presque instantan\u00e9s. L&#8217;utilisateur est inond\u00e9 d&#8217;une sensation corporelle r\u00e9chauffante qui s&#8217;accompagne d&#8217;un bourdonnement c\u00e9r\u00e9bral intens\u00e9ment euphorique. Un hybride \u00e0 dominance sativa qui produit un high intense centr\u00e9 sur le corps. Pink Kush est donc un traitement efficace contre l&#8217;anxi\u00e9t\u00e9, la d\u00e9pression, l&#8217;inflammation, la douleur chronique, les maux de t\u00eate, l&#8217;insomnie et la perte d&#8217;app\u00e9tit.<\/p>\n<p>Des tests ind\u00e9pendants dans les laboratoires MB ont r\u00e9v\u00e9l\u00e9 que ce RSO premium contient plus de 73,27\u00a0% de cannabino\u00efdes, dont 68,80 pourcentage de THC\u00a0!<\/p>\n<p>Nous avons d\u00e9termin\u00e9 que ce produit contient 90\u00a0% d&#8217;indica.<\/p>\n<p>1) Delta-9 THC = 68,80\u00a0%<br \/> 2) CBG = 1,80\u00a0%<br \/> 3) CBC = 0,96\u00a0%<br \/> 4) CBN = 0,89\u00a0%<br \/> 5) CBD = 0,44\u00a0%<\/p>\n<div class=\"product-next-previous\">\n<div class=\"product-prev \"><\/div><\/div>\n","protected":false},"excerpt":{"rendered":"<p>Acheter RSO | Huile Rose Kush &#8211; 5 ml \u00e0 vendre en ligne aux \u00c9tats-Unis, en Europe depuis le plus grand dispensaire en ligne, Buy My Weed Online \u00e0 vendre.<\/p>\n<p><em>Acheter<\/em>\u00a0<em>RSO Pink Kush 5ml de Viridesco<\/em> &gt;\u00a0aujourd&#8217;hui dans le confort de votre maison. <em>Achetez RSO<\/em>\u00a0en toute s\u00e9curit\u00e9 et discr\u00e9tion dans n&#8217;importe quelle province du Canada. Commandez en ligne d\u00e8s aujourd&#8217;hui\u00a0!<\/p>\n<ul>\n<li><\/li>\n<li>Exp\u00e9dition dans le monde entier<\/li>\n<li>La quantit\u00e9 minimum de commande est de 5<\/li>\n<li><strong>Contactez-nous<\/li>\n<p> strong&gt;\u00a0pour les grosses commandes<\/li>\n<\/ul>\n","protected":false},"featured_media":4447,"comment_status":"open","ping_status":"closed","template":"","meta":[],"product_brand":[],"product_cat":[440],"product_tag":[],"class_list":{"0":"post-4413","1":"product","2":"type-product","3":"status-publish","4":"has-post-thumbnail","6":"product_cat-acheter-huile-de-cannabis-cbd","8":"first","9":"instock","10":"shipping-taxable","11":"purchasable","12":"product-type-variable","13":"has-default-attributes"},"yoast_head":"<!-- This site is optimized with the Yoast SEO plugin v27.3 - https:\/\/yoast.com\/product\/yoast-seo-wordpress\/ -->\n<title>RSO | Huile de Pink Kush - 5ml - Acheter My Weed Online - Global Medicnas<\/title>\n<meta name=\"description\" content=\"Acheter RSO | Pink Kush Oil - 5 ml \u00e0 vendre en ligne aux \u00c9tats-Unis, en Europe depuis le plus grand dispensaire en ligne, Buy My Weed Online \u00e0 vendre.\" \/>\n<meta name=\"robots\" content=\"index, follow, max-snippet:-1, max-image-preview:large, max-video-preview:-1\" \/>\n<link rel=\"canonical\" href=\"https:\/\/medicinasinc.com\/fr\/product\/rso-pink-kush-huile-5ml\/\" \/>\n<meta property=\"og:locale\" content=\"en_US\" \/>\n<meta property=\"og:type\" content=\"article\" \/>\n<meta property=\"og:title\" content=\"RSO | Huile de Pink Kush - 5ml - Acheter My Weed Online - Global Medicnas\" \/>\n<meta property=\"og:description\" content=\"Acheter RSO | Pink Kush Oil - 5 ml \u00e0 vendre en ligne aux \u00c9tats-Unis, en Europe depuis le plus grand dispensaire en ligne, Buy My Weed Online \u00e0 vendre.\" \/>\n<meta property=\"og:url\" content=\"https:\/\/medicinasinc.com\/fr\/product\/rso-pink-kush-huile-5ml\/\" \/>\n<meta property=\"og:site_name\" content=\"Medicinas Inc\" \/>\n<meta property=\"article:modified_time\" content=\"2022-03-17T12:34:08+00:00\" \/>\n<meta property=\"og:image\" content=\"https:\/\/medicinasinc.com\/fr\/wp-content\/uploads\/sites\/5\/2022\/02\/Buy-RSO-Pink-Kush-Oil-\u2013-5ml.jpg\" \/>\n\t<meta property=\"og:image:width\" content=\"800\" \/>\n\t<meta property=\"og:image:height\" content=\"800\" \/>\n\t<meta property=\"og:image:type\" content=\"image\/jpeg\" \/>\n<meta name=\"twitter:card\" content=\"summary_large_image\" \/>\n<meta name=\"twitter:label1\" content=\"Est. reading time\" \/>\n\t<meta name=\"twitter:data1\" content=\"1 minute\" \/>\n<script type=\"application\/ld+json\" class=\"yoast-schema-graph\">{\"@context\":\"https:\\\/\\\/schema.org\",\"@graph\":[{\"@type\":\"WebPage\",\"@id\":\"https:\\\/\\\/medicinasinc.com\\\/fr\\\/product\\\/rso-pink-kush-huile-5ml\\\/\",\"url\":\"https:\\\/\\\/medicinasinc.com\\\/fr\\\/product\\\/rso-pink-kush-huile-5ml\\\/\",\"name\":\"RSO | Huile de Pink Kush - 5ml - Acheter My Weed Online - Global Medicnas\",\"isPartOf\":{\"@id\":\"https:\\\/\\\/medicinasinc.com\\\/fr\\\/#website\"},\"primaryImageOfPage\":{\"@id\":\"https:\\\/\\\/medicinasinc.com\\\/fr\\\/product\\\/rso-pink-kush-huile-5ml\\\/#primaryimage\"},\"image\":{\"@id\":\"https:\\\/\\\/medicinasinc.com\\\/fr\\\/product\\\/rso-pink-kush-huile-5ml\\\/#primaryimage\"},\"thumbnailUrl\":\"https:\\\/\\\/medicinasinc.com\\\/fr\\\/wp-content\\\/uploads\\\/sites\\\/5\\\/2022\\\/02\\\/Buy-RSO-Pink-Kush-Oil-\u2013-5ml.jpg\",\"datePublished\":\"2022-02-20T09:01:25+00:00\",\"dateModified\":\"2022-03-17T12:34:08+00:00\",\"description\":\"Acheter RSO | Pink Kush Oil - 5 ml \u00e0 vendre en ligne aux \u00c9tats-Unis, en Europe depuis le plus grand dispensaire en ligne, Buy My Weed Online \u00e0 vendre.\",\"breadcrumb\":{\"@id\":\"https:\\\/\\\/medicinasinc.com\\\/fr\\\/product\\\/rso-pink-kush-huile-5ml\\\/#breadcrumb\"},\"inLanguage\":\"en-US\",\"potentialAction\":[{\"@type\":\"ReadAction\",\"target\":[\"https:\\\/\\\/medicinasinc.com\\\/fr\\\/product\\\/rso-pink-kush-huile-5ml\\\/\"]}]},{\"@type\":\"ImageObject\",\"inLanguage\":\"en-US\",\"@id\":\"https:\\\/\\\/medicinasinc.com\\\/fr\\\/product\\\/rso-pink-kush-huile-5ml\\\/#primaryimage\",\"url\":\"https:\\\/\\\/medicinasinc.com\\\/fr\\\/wp-content\\\/uploads\\\/sites\\\/5\\\/2022\\\/02\\\/Buy-RSO-Pink-Kush-Oil-\u2013-5ml.jpg\",\"contentUrl\":\"https:\\\/\\\/medicinasinc.com\\\/fr\\\/wp-content\\\/uploads\\\/sites\\\/5\\\/2022\\\/02\\\/Buy-RSO-Pink-Kush-Oil-\u2013-5ml.jpg\",\"width\":800,\"height\":800},{\"@type\":\"BreadcrumbList\",\"@id\":\"https:\\\/\\\/medicinasinc.com\\\/fr\\\/product\\\/rso-pink-kush-huile-5ml\\\/#breadcrumb\",\"itemListElement\":[{\"@type\":\"ListItem\",\"position\":1,\"name\":\"Boutique\",\"item\":\"https:\\\/\\\/medicinasinc.com\\\/fr\\\/boutique\\\/\"},{\"@type\":\"ListItem\",\"position\":2,\"name\":\"RSO | Huile de Kush Rose \u2013 5ml\"}]},{\"@type\":\"WebSite\",\"@id\":\"https:\\\/\\\/medicinasinc.com\\\/fr\\\/#website\",\"url\":\"https:\\\/\\\/medicinasinc.com\\\/fr\\\/\",\"name\":\"Medicinas Inc\",\"description\":\"Health Medical Clinic\",\"potentialAction\":[{\"@type\":\"SearchAction\",\"target\":{\"@type\":\"EntryPoint\",\"urlTemplate\":\"https:\\\/\\\/medicinasinc.com\\\/fr\\\/?s={search_term_string}\"},\"query-input\":{\"@type\":\"PropertyValueSpecification\",\"valueRequired\":true,\"valueName\":\"search_term_string\"}}],\"inLanguage\":\"en-US\"}]}<\/script>\n<!-- \/ Yoast SEO plugin. -->","yoast_head_json":{"title":"RSO | Huile de Pink Kush - 5ml - Acheter My Weed Online - Global Medicnas","description":"Acheter RSO | Pink Kush Oil - 5 ml \u00e0 vendre en ligne aux \u00c9tats-Unis, en Europe depuis le plus grand dispensaire en ligne, Buy My Weed Online \u00e0 vendre.","robots":{"index":"index","follow":"follow","max-snippet":"max-snippet:-1","max-image-preview":"max-image-preview:large","max-video-preview":"max-video-preview:-1"},"canonical":"https:\/\/medicinasinc.com\/fr\/product\/rso-pink-kush-huile-5ml\/","og_locale":"en_US","og_type":"article","og_title":"RSO | Huile de Pink Kush - 5ml - Acheter My Weed Online - Global Medicnas","og_description":"Acheter RSO | Pink Kush Oil - 5 ml \u00e0 vendre en ligne aux \u00c9tats-Unis, en Europe depuis le plus grand dispensaire en ligne, Buy My Weed Online \u00e0 vendre.","og_url":"https:\/\/medicinasinc.com\/fr\/product\/rso-pink-kush-huile-5ml\/","og_site_name":"Medicinas Inc","article_modified_time":"2022-03-17T12:34:08+00:00","og_image":[{"width":800,"height":800,"url":"https:\/\/medicinasinc.com\/fr\/wp-content\/uploads\/sites\/5\/2022\/02\/Buy-RSO-Pink-Kush-Oil-\u2013-5ml.jpg","type":"image\/jpeg"}],"twitter_card":"summary_large_image","twitter_misc":{"Est. reading time":"1 minute"},"schema":{"@context":"https:\/\/schema.org","@graph":[{"@type":"WebPage","@id":"https:\/\/medicinasinc.com\/fr\/product\/rso-pink-kush-huile-5ml\/","url":"https:\/\/medicinasinc.com\/fr\/product\/rso-pink-kush-huile-5ml\/","name":"RSO | Huile de Pink Kush - 5ml - Acheter My Weed Online - Global Medicnas","isPartOf":{"@id":"https:\/\/medicinasinc.com\/fr\/#website"},"primaryImageOfPage":{"@id":"https:\/\/medicinasinc.com\/fr\/product\/rso-pink-kush-huile-5ml\/#primaryimage"},"image":{"@id":"https:\/\/medicinasinc.com\/fr\/product\/rso-pink-kush-huile-5ml\/#primaryimage"},"thumbnailUrl":"https:\/\/medicinasinc.com\/fr\/wp-content\/uploads\/sites\/5\/2022\/02\/Buy-RSO-Pink-Kush-Oil-\u2013-5ml.jpg","datePublished":"2022-02-20T09:01:25+00:00","dateModified":"2022-03-17T12:34:08+00:00","description":"Acheter RSO | Pink Kush Oil - 5 ml \u00e0 vendre en ligne aux \u00c9tats-Unis, en Europe depuis le plus grand dispensaire en ligne, Buy My Weed Online \u00e0 vendre.","breadcrumb":{"@id":"https:\/\/medicinasinc.com\/fr\/product\/rso-pink-kush-huile-5ml\/#breadcrumb"},"inLanguage":"en-US","potentialAction":[{"@type":"ReadAction","target":["https:\/\/medicinasinc.com\/fr\/product\/rso-pink-kush-huile-5ml\/"]}]},{"@type":"ImageObject","inLanguage":"en-US","@id":"https:\/\/medicinasinc.com\/fr\/product\/rso-pink-kush-huile-5ml\/#primaryimage","url":"https:\/\/medicinasinc.com\/fr\/wp-content\/uploads\/sites\/5\/2022\/02\/Buy-RSO-Pink-Kush-Oil-\u2013-5ml.jpg","contentUrl":"https:\/\/medicinasinc.com\/fr\/wp-content\/uploads\/sites\/5\/2022\/02\/Buy-RSO-Pink-Kush-Oil-\u2013-5ml.jpg","width":800,"height":800},{"@type":"BreadcrumbList","@id":"https:\/\/medicinasinc.com\/fr\/product\/rso-pink-kush-huile-5ml\/#breadcrumb","itemListElement":[{"@type":"ListItem","position":1,"name":"Boutique","item":"https:\/\/medicinasinc.com\/fr\/boutique\/"},{"@type":"ListItem","position":2,"name":"RSO | Huile de Kush Rose \u2013 5ml"}]},{"@type":"WebSite","@id":"https:\/\/medicinasinc.com\/fr\/#website","url":"https:\/\/medicinasinc.com\/fr\/","name":"Medicinas Inc","description":"Health Medical Clinic","potentialAction":[{"@type":"SearchAction","target":{"@type":"EntryPoint","urlTemplate":"https:\/\/medicinasinc.com\/fr\/?s={search_term_string}"},"query-input":{"@type":"PropertyValueSpecification","valueRequired":true,"valueName":"search_term_string"}}],"inLanguage":"en-US"}]}},"_links":{"self":[{"href":"https:\/\/medicinasinc.com\/fr\/wp-json\/wp\/v2\/product\/4413","targetHints":{"allow":["GET"]}}],"collection":[{"href":"https:\/\/medicinasinc.com\/fr\/wp-json\/wp\/v2\/product"}],"about":[{"href":"https:\/\/medicinasinc.com\/fr\/wp-json\/wp\/v2\/types\/product"}],"replies":[{"embeddable":true,"href":"https:\/\/medicinasinc.com\/fr\/wp-json\/wp\/v2\/comments?post=4413"}],"wp:featuredmedia":[{"embeddable":true,"href":"https:\/\/medicinasinc.com\/fr\/wp-json\/wp\/v2\/media\/4447"}],"wp:attachment":[{"href":"https:\/\/medicinasinc.com\/fr\/wp-json\/wp\/v2\/media?parent=4413"}],"wp:term":[{"taxonomy":"product_brand","embeddable":true,"href":"https:\/\/medicinasinc.com\/fr\/wp-json\/wp\/v2\/product_brand?post=4413"},{"taxonomy":"product_cat","embeddable":true,"href":"https:\/\/medicinasinc.com\/fr\/wp-json\/wp\/v2\/product_cat?post=4413"},{"taxonomy":"product_tag","embeddable":true,"href":"https:\/\/medicinasinc.com\/fr\/wp-json\/wp\/v2\/product_tag?post=4413"}],"curies":[{"name":"wp","href":"https:\/\/api.w.org\/{rel}","templated":true}]}}