{"id":4412,"date":"2022-02-20T09:00:17","date_gmt":"2022-02-20T09:00:17","guid":{"rendered":"https:\/\/medicinasinc.com\/fr\/?post_type=product&#038;p=4412"},"modified":"2022-03-17T12:34:22","modified_gmt":"2022-03-17T12:34:22","slug":"acheter-rick-simpson-oil","status":"publish","type":"product","link":"https:\/\/medicinasinc.com\/fr\/product\/acheter-rick-simpson-oil\/","title":{"rendered":"Acheter de l&#8217;huile Rick Simpson"},"content":{"rendered":"<p><strong>Acheter l&#8217;huile de Rick Simpson<\/strong><\/p>\n<div class=\"woocommerce-tabs wc-tabs-wrapper\">\n<div id=\"tab-description\" class=\"woocommerce-Tabs-panel woocommerce-Tabs-panel--description panel entry-content wc-tab\" role=\"tabpanel\" aria-labelledby=\"tab-title-description\">\n<p><strong>RSO est une huile d\u00e9riv\u00e9e de solvant obtenue en lavant du cannabis bourgeons dans un solvant tel que du naphta l\u00e9ger pur, puis faire bouillir le solvant pour extraire l&#8217;huile.<\/strong><br \/> <strong>RSO est un produit g\u00e9n\u00e9rique. Cela signifie qu&#8217;il n&#8217;y a pas d'&#8221;huile Rick Simpson&#8221; disponible \u00e0 l&#8217;achat. Simpson montre comment fabriquer son huile \u00e9ponyme sur son site Internet. Cependant, il ne profite pas du p\u00e9trole.<\/strong><\/p>\n<\/p><\/div><\/div>\n<div class=\"related products\">\n<div class=\"woocommerce-tabs wc-tabs-wrapper\">\n<div id=\"tab-description\" class=\"woocommerce-Tabs-panel woocommerce-Tabs-panel--description panel entry-content wc-tab\" role=\"tabpanel\" aria-labelledby=\"tab-title-description\">\n<p>&nbsp;<\/p>\n<\/p><\/div><\/div><\/div>\n<p>&nbsp;<\/p>\n","protected":false},"excerpt":{"rendered":"<p>Achetez de l&#8217;huile Rick Simpson (RSO) \u00e0 vendre au Royaume-Uni, en Europe Commandez en ligne. Nous avons la plus haute qualit\u00e9 d&#8217;huile Rick Simpson \u00e0 vendre. Nous proposons la formule RSO originale \u00e0 haute teneur en THC.<\/p>\n<p><em>Achetez<\/em>\u00a0notre\u00a0<em>huile Rick Simpson<\/em>\u00a0\u00e0 vendre et utilisez-la correctement. La\u00a0<em>RSO<\/em>\u00a0classique est g\u00e9n\u00e9ralement compos\u00e9e de souches \u00e0 dominance Indica, car elles contiennent des niveaux plus \u00e9lev\u00e9s de\u00a0<em>CBD<\/em>.<\/p>\n<ul>\n<li>Exp\u00e9dition dans le monde entier<\/li>\n<li>La quantit\u00e9 minimum de commande est de 5<\/li>\n<li><strong>Contactez-nous<\/strong>\u00a0pour des commandes plus importantes<\/li>\n<\/ul>\n","protected":false},"featured_media":4445,"comment_status":"open","ping_status":"closed","template":"","meta":[],"product_brand":[],"product_cat":[440],"product_tag":[489,490,493,495,494,491,492,496],"class_list":{"0":"post-4412","1":"product","2":"type-product","3":"status-publish","4":"has-post-thumbnail","6":"product_cat-acheter-huile-de-cannabis-cbd","7":"product_tag-vrac-cbd-rso","8":"product_tag-high-cbd-rso","9":"product_tag-rso-cbd-huile-pour-anxit","10":"product_tag-huile-rso-a-vendre-en-ohio","11":"product_tag-rso-huile-pour-la-douleur","12":"product_tag-rick-simpson-huile-californie","13":"product_tag-rick-simpson-oil-wiki","14":"product_tag-rso-prix-du-ptrole-colorado","16":"first","17":"instock","18":"shipping-taxable","19":"purchasable","20":"product-type-variable","21":"has-default-attributes"},"yoast_head":"<!-- This site is optimized with the Yoast SEO plugin v27.3 - https:\/\/yoast.com\/product\/yoast-seo-wordpress\/ -->\n<title>Acheter de l&#039;huile de Rick Simpson - \u00c9tats-Unis - Europe - Meilleurs m\u00e9dicaments mondiaux<\/title>\n<meta name=\"description\" content=\"Achetez de l&#039;huile Rick Simpson (RSO) \u00e0 vendre au Royaume-Uni, en Europe Commandez en ligne. Nous avons la plus haute qualit\u00e9 d&#039;huile Rick Simpson \u00e0 vendre. Nous proposons la formule originale RSO \u00e0 haute teneur en THC.\" \/>\n<meta name=\"robots\" content=\"index, follow, max-snippet:-1, max-image-preview:large, max-video-preview:-1\" \/>\n<link rel=\"canonical\" href=\"https:\/\/medicinasinc.com\/fr\/product\/acheter-rick-simpson-oil\/\" \/>\n<meta property=\"og:locale\" content=\"en_US\" \/>\n<meta property=\"og:type\" content=\"article\" \/>\n<meta property=\"og:title\" content=\"Acheter de l&#039;huile de Rick Simpson - \u00c9tats-Unis - Europe - Meilleurs m\u00e9dicaments mondiaux\" \/>\n<meta property=\"og:description\" content=\"Achetez de l&#039;huile Rick Simpson (RSO) \u00e0 vendre au Royaume-Uni, en Europe Commandez en ligne. Nous avons la plus haute qualit\u00e9 d&#039;huile Rick Simpson \u00e0 vendre. Nous proposons la formule originale RSO \u00e0 haute teneur en THC.\" \/>\n<meta property=\"og:url\" content=\"https:\/\/medicinasinc.com\/fr\/product\/acheter-rick-simpson-oil\/\" \/>\n<meta property=\"og:site_name\" content=\"Medicinas Inc\" \/>\n<meta property=\"article:modified_time\" content=\"2022-03-17T12:34:22+00:00\" \/>\n<meta property=\"og:image\" content=\"https:\/\/medicinasinc.com\/fr\/wp-content\/uploads\/sites\/5\/2022\/02\/Buy-Rick-Simpson-Oil.jpg\" \/>\n\t<meta property=\"og:image:width\" content=\"1170\" \/>\n\t<meta property=\"og:image:height\" content=\"658\" \/>\n\t<meta property=\"og:image:type\" content=\"image\/jpeg\" \/>\n<meta name=\"twitter:card\" content=\"summary_large_image\" \/>\n<meta name=\"twitter:label1\" content=\"Est. reading time\" \/>\n\t<meta name=\"twitter:data1\" content=\"1 minute\" \/>\n<script type=\"application\/ld+json\" class=\"yoast-schema-graph\">{\"@context\":\"https:\\\/\\\/schema.org\",\"@graph\":[{\"@type\":\"WebPage\",\"@id\":\"https:\\\/\\\/medicinasinc.com\\\/fr\\\/product\\\/acheter-rick-simpson-oil\\\/\",\"url\":\"https:\\\/\\\/medicinasinc.com\\\/fr\\\/product\\\/acheter-rick-simpson-oil\\\/\",\"name\":\"Acheter de l'huile de Rick Simpson - \u00c9tats-Unis - Europe - Meilleurs m\u00e9dicaments mondiaux\",\"isPartOf\":{\"@id\":\"https:\\\/\\\/medicinasinc.com\\\/fr\\\/#website\"},\"primaryImageOfPage\":{\"@id\":\"https:\\\/\\\/medicinasinc.com\\\/fr\\\/product\\\/acheter-rick-simpson-oil\\\/#primaryimage\"},\"image\":{\"@id\":\"https:\\\/\\\/medicinasinc.com\\\/fr\\\/product\\\/acheter-rick-simpson-oil\\\/#primaryimage\"},\"thumbnailUrl\":\"https:\\\/\\\/medicinasinc.com\\\/fr\\\/wp-content\\\/uploads\\\/sites\\\/5\\\/2022\\\/02\\\/Buy-Rick-Simpson-Oil.jpg\",\"datePublished\":\"2022-02-20T09:00:17+00:00\",\"dateModified\":\"2022-03-17T12:34:22+00:00\",\"description\":\"Achetez de l'huile Rick Simpson (RSO) \u00e0 vendre au Royaume-Uni, en Europe Commandez en ligne. Nous avons la plus haute qualit\u00e9 d'huile Rick Simpson \u00e0 vendre. Nous proposons la formule originale RSO \u00e0 haute teneur en THC.\",\"breadcrumb\":{\"@id\":\"https:\\\/\\\/medicinasinc.com\\\/fr\\\/product\\\/acheter-rick-simpson-oil\\\/#breadcrumb\"},\"inLanguage\":\"en-US\",\"potentialAction\":[{\"@type\":\"ReadAction\",\"target\":[\"https:\\\/\\\/medicinasinc.com\\\/fr\\\/product\\\/acheter-rick-simpson-oil\\\/\"]}]},{\"@type\":\"ImageObject\",\"inLanguage\":\"en-US\",\"@id\":\"https:\\\/\\\/medicinasinc.com\\\/fr\\\/product\\\/acheter-rick-simpson-oil\\\/#primaryimage\",\"url\":\"https:\\\/\\\/medicinasinc.com\\\/fr\\\/wp-content\\\/uploads\\\/sites\\\/5\\\/2022\\\/02\\\/Buy-Rick-Simpson-Oil.jpg\",\"contentUrl\":\"https:\\\/\\\/medicinasinc.com\\\/fr\\\/wp-content\\\/uploads\\\/sites\\\/5\\\/2022\\\/02\\\/Buy-Rick-Simpson-Oil.jpg\",\"width\":1170,\"height\":658},{\"@type\":\"BreadcrumbList\",\"@id\":\"https:\\\/\\\/medicinasinc.com\\\/fr\\\/product\\\/acheter-rick-simpson-oil\\\/#breadcrumb\",\"itemListElement\":[{\"@type\":\"ListItem\",\"position\":1,\"name\":\"Boutique\",\"item\":\"https:\\\/\\\/medicinasinc.com\\\/fr\\\/boutique\\\/\"},{\"@type\":\"ListItem\",\"position\":2,\"name\":\"Acheter de l&#8217;huile Rick Simpson\"}]},{\"@type\":\"WebSite\",\"@id\":\"https:\\\/\\\/medicinasinc.com\\\/fr\\\/#website\",\"url\":\"https:\\\/\\\/medicinasinc.com\\\/fr\\\/\",\"name\":\"Medicinas Inc\",\"description\":\"Health Medical Clinic\",\"potentialAction\":[{\"@type\":\"SearchAction\",\"target\":{\"@type\":\"EntryPoint\",\"urlTemplate\":\"https:\\\/\\\/medicinasinc.com\\\/fr\\\/?s={search_term_string}\"},\"query-input\":{\"@type\":\"PropertyValueSpecification\",\"valueRequired\":true,\"valueName\":\"search_term_string\"}}],\"inLanguage\":\"en-US\"}]}<\/script>\n<!-- \/ Yoast SEO plugin. -->","yoast_head_json":{"title":"Acheter de l'huile de Rick Simpson - \u00c9tats-Unis - Europe - Meilleurs m\u00e9dicaments mondiaux","description":"Achetez de l'huile Rick Simpson (RSO) \u00e0 vendre au Royaume-Uni, en Europe Commandez en ligne. Nous avons la plus haute qualit\u00e9 d'huile Rick Simpson \u00e0 vendre. Nous proposons la formule originale RSO \u00e0 haute teneur en THC.","robots":{"index":"index","follow":"follow","max-snippet":"max-snippet:-1","max-image-preview":"max-image-preview:large","max-video-preview":"max-video-preview:-1"},"canonical":"https:\/\/medicinasinc.com\/fr\/product\/acheter-rick-simpson-oil\/","og_locale":"en_US","og_type":"article","og_title":"Acheter de l'huile de Rick Simpson - \u00c9tats-Unis - Europe - Meilleurs m\u00e9dicaments mondiaux","og_description":"Achetez de l'huile Rick Simpson (RSO) \u00e0 vendre au Royaume-Uni, en Europe Commandez en ligne. Nous avons la plus haute qualit\u00e9 d'huile Rick Simpson \u00e0 vendre. Nous proposons la formule originale RSO \u00e0 haute teneur en THC.","og_url":"https:\/\/medicinasinc.com\/fr\/product\/acheter-rick-simpson-oil\/","og_site_name":"Medicinas Inc","article_modified_time":"2022-03-17T12:34:22+00:00","og_image":[{"width":1170,"height":658,"url":"https:\/\/medicinasinc.com\/fr\/wp-content\/uploads\/sites\/5\/2022\/02\/Buy-Rick-Simpson-Oil.jpg","type":"image\/jpeg"}],"twitter_card":"summary_large_image","twitter_misc":{"Est. reading time":"1 minute"},"schema":{"@context":"https:\/\/schema.org","@graph":[{"@type":"WebPage","@id":"https:\/\/medicinasinc.com\/fr\/product\/acheter-rick-simpson-oil\/","url":"https:\/\/medicinasinc.com\/fr\/product\/acheter-rick-simpson-oil\/","name":"Acheter de l'huile de Rick Simpson - \u00c9tats-Unis - Europe - Meilleurs m\u00e9dicaments mondiaux","isPartOf":{"@id":"https:\/\/medicinasinc.com\/fr\/#website"},"primaryImageOfPage":{"@id":"https:\/\/medicinasinc.com\/fr\/product\/acheter-rick-simpson-oil\/#primaryimage"},"image":{"@id":"https:\/\/medicinasinc.com\/fr\/product\/acheter-rick-simpson-oil\/#primaryimage"},"thumbnailUrl":"https:\/\/medicinasinc.com\/fr\/wp-content\/uploads\/sites\/5\/2022\/02\/Buy-Rick-Simpson-Oil.jpg","datePublished":"2022-02-20T09:00:17+00:00","dateModified":"2022-03-17T12:34:22+00:00","description":"Achetez de l'huile Rick Simpson (RSO) \u00e0 vendre au Royaume-Uni, en Europe Commandez en ligne. Nous avons la plus haute qualit\u00e9 d'huile Rick Simpson \u00e0 vendre. Nous proposons la formule originale RSO \u00e0 haute teneur en THC.","breadcrumb":{"@id":"https:\/\/medicinasinc.com\/fr\/product\/acheter-rick-simpson-oil\/#breadcrumb"},"inLanguage":"en-US","potentialAction":[{"@type":"ReadAction","target":["https:\/\/medicinasinc.com\/fr\/product\/acheter-rick-simpson-oil\/"]}]},{"@type":"ImageObject","inLanguage":"en-US","@id":"https:\/\/medicinasinc.com\/fr\/product\/acheter-rick-simpson-oil\/#primaryimage","url":"https:\/\/medicinasinc.com\/fr\/wp-content\/uploads\/sites\/5\/2022\/02\/Buy-Rick-Simpson-Oil.jpg","contentUrl":"https:\/\/medicinasinc.com\/fr\/wp-content\/uploads\/sites\/5\/2022\/02\/Buy-Rick-Simpson-Oil.jpg","width":1170,"height":658},{"@type":"BreadcrumbList","@id":"https:\/\/medicinasinc.com\/fr\/product\/acheter-rick-simpson-oil\/#breadcrumb","itemListElement":[{"@type":"ListItem","position":1,"name":"Boutique","item":"https:\/\/medicinasinc.com\/fr\/boutique\/"},{"@type":"ListItem","position":2,"name":"Acheter de l&#8217;huile Rick Simpson"}]},{"@type":"WebSite","@id":"https:\/\/medicinasinc.com\/fr\/#website","url":"https:\/\/medicinasinc.com\/fr\/","name":"Medicinas Inc","description":"Health Medical Clinic","potentialAction":[{"@type":"SearchAction","target":{"@type":"EntryPoint","urlTemplate":"https:\/\/medicinasinc.com\/fr\/?s={search_term_string}"},"query-input":{"@type":"PropertyValueSpecification","valueRequired":true,"valueName":"search_term_string"}}],"inLanguage":"en-US"}]}},"_links":{"self":[{"href":"https:\/\/medicinasinc.com\/fr\/wp-json\/wp\/v2\/product\/4412","targetHints":{"allow":["GET"]}}],"collection":[{"href":"https:\/\/medicinasinc.com\/fr\/wp-json\/wp\/v2\/product"}],"about":[{"href":"https:\/\/medicinasinc.com\/fr\/wp-json\/wp\/v2\/types\/product"}],"replies":[{"embeddable":true,"href":"https:\/\/medicinasinc.com\/fr\/wp-json\/wp\/v2\/comments?post=4412"}],"wp:featuredmedia":[{"embeddable":true,"href":"https:\/\/medicinasinc.com\/fr\/wp-json\/wp\/v2\/media\/4445"}],"wp:attachment":[{"href":"https:\/\/medicinasinc.com\/fr\/wp-json\/wp\/v2\/media?parent=4412"}],"wp:term":[{"taxonomy":"product_brand","embeddable":true,"href":"https:\/\/medicinasinc.com\/fr\/wp-json\/wp\/v2\/product_brand?post=4412"},{"taxonomy":"product_cat","embeddable":true,"href":"https:\/\/medicinasinc.com\/fr\/wp-json\/wp\/v2\/product_cat?post=4412"},{"taxonomy":"product_tag","embeddable":true,"href":"https:\/\/medicinasinc.com\/fr\/wp-json\/wp\/v2\/product_tag?post=4412"}],"curies":[{"name":"wp","href":"https:\/\/api.w.org\/{rel}","templated":true}]}}