{"id":4404,"date":"2022-02-20T08:55:28","date_gmt":"2022-02-20T08:55:28","guid":{"rendered":"https:\/\/medicinasinc.com\/fr\/?post_type=product&#038;p=4404"},"modified":"2022-03-17T12:34:31","modified_gmt":"2022-03-17T12:34:31","slug":"acheter-pink-kush-thc-distillate-dabeast","status":"publish","type":"product","link":"https:\/\/medicinasinc.com\/fr\/product\/acheter-pink-kush-thc-distillate-dabeast\/","title":{"rendered":"Acheter Distillat THC Pink Kush \u2013 Dabeast"},"content":{"rendered":"<p>Distillat de THC Pink Kush \u00e0 vendre \u2013 Dabeast<\/p>\n<p>Stylo Vape Sabre avec Distillat de THC Pink Kush \u2013 Dabeast<\/p>\n<p>1 x Cigarette \u00e9lectronique Sabre<br \/> 1 x Pr\u00e9-premium Pink Kush pod rempli<br \/> 1 x c\u00e2ble micro USB ET\/OU 1 x pod pr\u00e9-rempli Pink Kush<\/p>\n<p>Ins\u00e9rez le pod dans le Sabre Pen et commencez imm\u00e9diatement \u00e0 vapoter. Le plein effet peut prendre jusqu&#8217;\u00e0 quinze minutes \u00e0 se sentir. Deux \u00e0 quatre bouff\u00e9es sont recommand\u00e9es pour les patients qui n&#8217;ont pas consomm\u00e9 depuis un certain temps, mais jusqu&#8217;\u00e0 dix bouff\u00e9es devraient suffire pour ceux qui consomment plus fr\u00e9quemment.<\/p>\n<p>Kush Pink<br \/> La lign\u00e9e g\u00e9n\u00e9tique de Pink Kush est inconnue &#8211; mais on pense g\u00e9n\u00e9ralement qu&#8217;il s&#8217;agit d&#8217;un parent de la l\u00e9gendaire OG Kush. Cet hybride \u00e0 dominance indica produit un high physique puissant, ce qui en fait l&#8217;une des vari\u00e9t\u00e9s les plus m\u00e9dicinales disponibles. Pink Kush a un ar\u00f4me doux rappelant la vanille ou les bonbons sucr\u00e9s, avec des nuances de pin frais. Pink Kush procure un high durable ax\u00e9 sur le corps qui s&#8217;accompagne d&#8217;effets euphoriques et \u00e9l\u00e9vateurs. \u00c0 fortes doses, certains utilisateurs peuvent avoir de fortes fringales, ce qui fait de Pink Kush une excellente vari\u00e9t\u00e9 pour stimuler la perte d&#8217;app\u00e9tit. Pink Kush est un m\u00e9dicament polyvalent qui peut \u00eatre utilis\u00e9 pour traiter la d\u00e9pression, l&#8217;anxi\u00e9t\u00e9, l&#8217;inflammation, la douleur chronique, les migraines, les maux de t\u00eate, l&#8217;insomnie et la perte d&#8217;app\u00e9tit.<\/p>\n","protected":false},"excerpt":{"rendered":"<p>Achetez Pink Kush THC Distillate Saber Vape Pens en vente au Royaume-Uni, en Europe et aux \u00c9tats-Unis d&#8217;Am\u00e9rique aupr\u00e8s du plus grand dispensaire en ligne au monde, Buy My Weed Online.<\/p>\n<p>Acheter Seringues de distillat Pink Kush THC Indica du site Web de vente par correspondance de marijuana le plus fiable &#8211; Meilleurs m\u00e9dicaments \u00e0 base de plantes avec livraison gratuite\u00a0! Plus de 150 $.<\/p>\n<p>&nbsp;<\/p>\n<ul>\n<li>Exp\u00e9dition dans le monde entier<\/li>\n<li>La quantit\u00e9 minimum de commande est de 5 cartouches<\/li>\n<li><strong>Contactez-nous <\/strong>\u00a0pour les grosses commandes<\/li>\n<\/ul>\n","protected":false},"featured_media":4438,"comment_status":"open","ping_status":"closed","template":"","meta":[],"product_brand":[],"product_cat":[440],"product_tag":[],"class_list":{"0":"post-4404","1":"product","2":"type-product","3":"status-publish","4":"has-post-thumbnail","6":"product_cat-acheter-huile-de-cannabis-cbd","8":"first","9":"instock","10":"shipping-taxable","11":"purchasable","12":"product-type-simple"},"yoast_head":"<!-- This site is optimized with the Yoast SEO plugin v27.3 - https:\/\/yoast.com\/product\/yoast-seo-wordpress\/ -->\n<title>Acheter du distillat de THC Pink Kush - Dabeast - Best Global Meds<\/title>\n<meta name=\"description\" content=\"Achetez Pink Kush THC Distillate Saber Vape Pen \u00e0 vendre au Royaume-Uni, en Europe - Dabeast en ligne aux \u00c9tats-Unis aupr\u00e8s du plus grand dispensaire en ligne, Buy My Weed Online.\" \/>\n<meta name=\"robots\" content=\"index, follow, max-snippet:-1, max-image-preview:large, max-video-preview:-1\" \/>\n<link rel=\"canonical\" href=\"https:\/\/medicinasinc.com\/fr\/product\/acheter-pink-kush-thc-distillate-dabeast\/\" \/>\n<meta property=\"og:locale\" content=\"en_US\" \/>\n<meta property=\"og:type\" content=\"article\" \/>\n<meta property=\"og:title\" content=\"Acheter du distillat de THC Pink Kush - Dabeast - Best Global Meds\" \/>\n<meta property=\"og:description\" content=\"Achetez Pink Kush THC Distillate Saber Vape Pen \u00e0 vendre au Royaume-Uni, en Europe - Dabeast en ligne aux \u00c9tats-Unis aupr\u00e8s du plus grand dispensaire en ligne, Buy My Weed Online.\" \/>\n<meta property=\"og:url\" content=\"https:\/\/medicinasinc.com\/fr\/product\/acheter-pink-kush-thc-distillate-dabeast\/\" \/>\n<meta property=\"og:site_name\" content=\"Medicinas Inc\" \/>\n<meta property=\"article:modified_time\" content=\"2022-03-17T12:34:31+00:00\" \/>\n<meta property=\"og:image\" content=\"https:\/\/medicinasinc.com\/fr\/wp-content\/uploads\/sites\/5\/2022\/02\/Buy-Pink-Kush-THC-Distillate-\u2013-Dabeast.jpg\" \/>\n\t<meta property=\"og:image:width\" content=\"600\" \/>\n\t<meta property=\"og:image:height\" content=\"600\" \/>\n\t<meta property=\"og:image:type\" content=\"image\/jpeg\" \/>\n<meta name=\"twitter:card\" content=\"summary_large_image\" \/>\n<meta name=\"twitter:label1\" content=\"Est. reading time\" \/>\n\t<meta name=\"twitter:data1\" content=\"1 minute\" \/>\n<script type=\"application\/ld+json\" class=\"yoast-schema-graph\">{\"@context\":\"https:\\\/\\\/schema.org\",\"@graph\":[{\"@type\":\"WebPage\",\"@id\":\"https:\\\/\\\/medicinasinc.com\\\/fr\\\/product\\\/acheter-pink-kush-thc-distillate-dabeast\\\/\",\"url\":\"https:\\\/\\\/medicinasinc.com\\\/fr\\\/product\\\/acheter-pink-kush-thc-distillate-dabeast\\\/\",\"name\":\"Acheter du distillat de THC Pink Kush - Dabeast - Best Global Meds\",\"isPartOf\":{\"@id\":\"https:\\\/\\\/medicinasinc.com\\\/fr\\\/#website\"},\"primaryImageOfPage\":{\"@id\":\"https:\\\/\\\/medicinasinc.com\\\/fr\\\/product\\\/acheter-pink-kush-thc-distillate-dabeast\\\/#primaryimage\"},\"image\":{\"@id\":\"https:\\\/\\\/medicinasinc.com\\\/fr\\\/product\\\/acheter-pink-kush-thc-distillate-dabeast\\\/#primaryimage\"},\"thumbnailUrl\":\"https:\\\/\\\/medicinasinc.com\\\/fr\\\/wp-content\\\/uploads\\\/sites\\\/5\\\/2022\\\/02\\\/Buy-Pink-Kush-THC-Distillate-\u2013-Dabeast.jpg\",\"datePublished\":\"2022-02-20T08:55:28+00:00\",\"dateModified\":\"2022-03-17T12:34:31+00:00\",\"description\":\"Achetez Pink Kush THC Distillate Saber Vape Pen \u00e0 vendre au Royaume-Uni, en Europe - Dabeast en ligne aux \u00c9tats-Unis aupr\u00e8s du plus grand dispensaire en ligne, Buy My Weed Online.\",\"breadcrumb\":{\"@id\":\"https:\\\/\\\/medicinasinc.com\\\/fr\\\/product\\\/acheter-pink-kush-thc-distillate-dabeast\\\/#breadcrumb\"},\"inLanguage\":\"en-US\",\"potentialAction\":[{\"@type\":\"ReadAction\",\"target\":[\"https:\\\/\\\/medicinasinc.com\\\/fr\\\/product\\\/acheter-pink-kush-thc-distillate-dabeast\\\/\"]}]},{\"@type\":\"ImageObject\",\"inLanguage\":\"en-US\",\"@id\":\"https:\\\/\\\/medicinasinc.com\\\/fr\\\/product\\\/acheter-pink-kush-thc-distillate-dabeast\\\/#primaryimage\",\"url\":\"https:\\\/\\\/medicinasinc.com\\\/fr\\\/wp-content\\\/uploads\\\/sites\\\/5\\\/2022\\\/02\\\/Buy-Pink-Kush-THC-Distillate-\u2013-Dabeast.jpg\",\"contentUrl\":\"https:\\\/\\\/medicinasinc.com\\\/fr\\\/wp-content\\\/uploads\\\/sites\\\/5\\\/2022\\\/02\\\/Buy-Pink-Kush-THC-Distillate-\u2013-Dabeast.jpg\",\"width\":600,\"height\":600},{\"@type\":\"BreadcrumbList\",\"@id\":\"https:\\\/\\\/medicinasinc.com\\\/fr\\\/product\\\/acheter-pink-kush-thc-distillate-dabeast\\\/#breadcrumb\",\"itemListElement\":[{\"@type\":\"ListItem\",\"position\":1,\"name\":\"Boutique\",\"item\":\"https:\\\/\\\/medicinasinc.com\\\/fr\\\/boutique\\\/\"},{\"@type\":\"ListItem\",\"position\":2,\"name\":\"Acheter Distillat THC Pink Kush \u2013 Dabeast\"}]},{\"@type\":\"WebSite\",\"@id\":\"https:\\\/\\\/medicinasinc.com\\\/fr\\\/#website\",\"url\":\"https:\\\/\\\/medicinasinc.com\\\/fr\\\/\",\"name\":\"Medicinas Inc\",\"description\":\"Health Medical Clinic\",\"potentialAction\":[{\"@type\":\"SearchAction\",\"target\":{\"@type\":\"EntryPoint\",\"urlTemplate\":\"https:\\\/\\\/medicinasinc.com\\\/fr\\\/?s={search_term_string}\"},\"query-input\":{\"@type\":\"PropertyValueSpecification\",\"valueRequired\":true,\"valueName\":\"search_term_string\"}}],\"inLanguage\":\"en-US\"}]}<\/script>\n<!-- \/ Yoast SEO plugin. -->","yoast_head_json":{"title":"Acheter du distillat de THC Pink Kush - Dabeast - Best Global Meds","description":"Achetez Pink Kush THC Distillate Saber Vape Pen \u00e0 vendre au Royaume-Uni, en Europe - Dabeast en ligne aux \u00c9tats-Unis aupr\u00e8s du plus grand dispensaire en ligne, Buy My Weed Online.","robots":{"index":"index","follow":"follow","max-snippet":"max-snippet:-1","max-image-preview":"max-image-preview:large","max-video-preview":"max-video-preview:-1"},"canonical":"https:\/\/medicinasinc.com\/fr\/product\/acheter-pink-kush-thc-distillate-dabeast\/","og_locale":"en_US","og_type":"article","og_title":"Acheter du distillat de THC Pink Kush - Dabeast - Best Global Meds","og_description":"Achetez Pink Kush THC Distillate Saber Vape Pen \u00e0 vendre au Royaume-Uni, en Europe - Dabeast en ligne aux \u00c9tats-Unis aupr\u00e8s du plus grand dispensaire en ligne, Buy My Weed Online.","og_url":"https:\/\/medicinasinc.com\/fr\/product\/acheter-pink-kush-thc-distillate-dabeast\/","og_site_name":"Medicinas Inc","article_modified_time":"2022-03-17T12:34:31+00:00","og_image":[{"width":600,"height":600,"url":"https:\/\/medicinasinc.com\/fr\/wp-content\/uploads\/sites\/5\/2022\/02\/Buy-Pink-Kush-THC-Distillate-\u2013-Dabeast.jpg","type":"image\/jpeg"}],"twitter_card":"summary_large_image","twitter_misc":{"Est. reading time":"1 minute"},"schema":{"@context":"https:\/\/schema.org","@graph":[{"@type":"WebPage","@id":"https:\/\/medicinasinc.com\/fr\/product\/acheter-pink-kush-thc-distillate-dabeast\/","url":"https:\/\/medicinasinc.com\/fr\/product\/acheter-pink-kush-thc-distillate-dabeast\/","name":"Acheter du distillat de THC Pink Kush - Dabeast - Best Global Meds","isPartOf":{"@id":"https:\/\/medicinasinc.com\/fr\/#website"},"primaryImageOfPage":{"@id":"https:\/\/medicinasinc.com\/fr\/product\/acheter-pink-kush-thc-distillate-dabeast\/#primaryimage"},"image":{"@id":"https:\/\/medicinasinc.com\/fr\/product\/acheter-pink-kush-thc-distillate-dabeast\/#primaryimage"},"thumbnailUrl":"https:\/\/medicinasinc.com\/fr\/wp-content\/uploads\/sites\/5\/2022\/02\/Buy-Pink-Kush-THC-Distillate-\u2013-Dabeast.jpg","datePublished":"2022-02-20T08:55:28+00:00","dateModified":"2022-03-17T12:34:31+00:00","description":"Achetez Pink Kush THC Distillate Saber Vape Pen \u00e0 vendre au Royaume-Uni, en Europe - Dabeast en ligne aux \u00c9tats-Unis aupr\u00e8s du plus grand dispensaire en ligne, Buy My Weed Online.","breadcrumb":{"@id":"https:\/\/medicinasinc.com\/fr\/product\/acheter-pink-kush-thc-distillate-dabeast\/#breadcrumb"},"inLanguage":"en-US","potentialAction":[{"@type":"ReadAction","target":["https:\/\/medicinasinc.com\/fr\/product\/acheter-pink-kush-thc-distillate-dabeast\/"]}]},{"@type":"ImageObject","inLanguage":"en-US","@id":"https:\/\/medicinasinc.com\/fr\/product\/acheter-pink-kush-thc-distillate-dabeast\/#primaryimage","url":"https:\/\/medicinasinc.com\/fr\/wp-content\/uploads\/sites\/5\/2022\/02\/Buy-Pink-Kush-THC-Distillate-\u2013-Dabeast.jpg","contentUrl":"https:\/\/medicinasinc.com\/fr\/wp-content\/uploads\/sites\/5\/2022\/02\/Buy-Pink-Kush-THC-Distillate-\u2013-Dabeast.jpg","width":600,"height":600},{"@type":"BreadcrumbList","@id":"https:\/\/medicinasinc.com\/fr\/product\/acheter-pink-kush-thc-distillate-dabeast\/#breadcrumb","itemListElement":[{"@type":"ListItem","position":1,"name":"Boutique","item":"https:\/\/medicinasinc.com\/fr\/boutique\/"},{"@type":"ListItem","position":2,"name":"Acheter Distillat THC Pink Kush \u2013 Dabeast"}]},{"@type":"WebSite","@id":"https:\/\/medicinasinc.com\/fr\/#website","url":"https:\/\/medicinasinc.com\/fr\/","name":"Medicinas Inc","description":"Health Medical Clinic","potentialAction":[{"@type":"SearchAction","target":{"@type":"EntryPoint","urlTemplate":"https:\/\/medicinasinc.com\/fr\/?s={search_term_string}"},"query-input":{"@type":"PropertyValueSpecification","valueRequired":true,"valueName":"search_term_string"}}],"inLanguage":"en-US"}]}},"_links":{"self":[{"href":"https:\/\/medicinasinc.com\/fr\/wp-json\/wp\/v2\/product\/4404","targetHints":{"allow":["GET"]}}],"collection":[{"href":"https:\/\/medicinasinc.com\/fr\/wp-json\/wp\/v2\/product"}],"about":[{"href":"https:\/\/medicinasinc.com\/fr\/wp-json\/wp\/v2\/types\/product"}],"replies":[{"embeddable":true,"href":"https:\/\/medicinasinc.com\/fr\/wp-json\/wp\/v2\/comments?post=4404"}],"wp:featuredmedia":[{"embeddable":true,"href":"https:\/\/medicinasinc.com\/fr\/wp-json\/wp\/v2\/media\/4438"}],"wp:attachment":[{"href":"https:\/\/medicinasinc.com\/fr\/wp-json\/wp\/v2\/media?parent=4404"}],"wp:term":[{"taxonomy":"product_brand","embeddable":true,"href":"https:\/\/medicinasinc.com\/fr\/wp-json\/wp\/v2\/product_brand?post=4404"},{"taxonomy":"product_cat","embeddable":true,"href":"https:\/\/medicinasinc.com\/fr\/wp-json\/wp\/v2\/product_cat?post=4404"},{"taxonomy":"product_tag","embeddable":true,"href":"https:\/\/medicinasinc.com\/fr\/wp-json\/wp\/v2\/product_tag?post=4404"}],"curies":[{"name":"wp","href":"https:\/\/api.w.org\/{rel}","templated":true}]}}