{"id":4390,"date":"2022-02-20T08:47:42","date_gmt":"2022-02-20T08:47:42","guid":{"rendered":"https:\/\/medicinasinc.com\/fr\/?post_type=product&#038;p=4390"},"modified":"2022-03-17T12:34:56","modified_gmt":"2022-03-17T12:34:56","slug":"acheter-cartouche-lemon-haze-co2-1g-vape","status":"publish","type":"product","link":"https:\/\/medicinasinc.com\/fr\/product\/acheter-cartouche-lemon-haze-co2-1g-vape\/","title":{"rendered":"Acheter cartouche vape Lemon Haze CO2 1g"},"content":{"rendered":"<p>Cartouche vape CO2 Lemon Haze 1g \u00e0 vendre.<\/p>\n<p>Cartouche vape CO2 Lemon Haze 1g \u00e0 vendre.<\/p>\n<p>Cartouches vape CO2 Lemon Haze \u00e0 vendre. Chez Pure, nous nous effor\u00e7ons de fournir l&#8217;huile la plus pure, la plus s\u00fbre et la plus constante disponible. Nos ar\u00f4mes sont enti\u00e8rement compos\u00e9s de terp\u00e8nes de fruits naturels. 1 gramme d&#8217;huile de cannabis pure<br \/> Lemon Skunk Super Silver Haze de Green House Seeds est un hybride \u00e0 dominance Sativa de Lemon Skunk et Super Silver Haze qui a remport\u00e9 deux Cannabis Cups. La Super Lemon Haze est une merveille de kief multicolore. Comme son nom l&#8217;indique, cette vari\u00e9t\u00e9 pr\u00e9sente des caract\u00e9ristiques citronn\u00e9es distinctes. L&#8217;ar\u00f4me est citronn\u00e9, piquant et l\u00e9g\u00e8rement sucr\u00e9. La saveur est exactement ce \u00e0 quoi on pourrait s&#8217;attendre de l&#8217;homonyme; acidul\u00e9 et sucr\u00e9, semblable aux bonbons Lemonheads &#8211; mais pas aussi pointu qu&#8217;on pourrait s&#8217;y attendre.<\/p>\n<p>Teneur en THC\u00a0: 65,22\u00a0% Contenu en CBD\u00a0: 2,86\u00a0%<\/p>\n","protected":false},"excerpt":{"rendered":"<p>Cartouche Vape Co2 Super Lemon Haze<\/p>\n<p>Achetez une souche de cartouche Vape d&#8217;huile de cannabis Super Lemon Haze au Royaume-Uni et en Europe. M\u00e9thode d&#8217;extraction de SativaOil\u00a0: CO2 sous-critique. Cartouche Vape pour huile de cannabis Super Lemon Haze.<\/p>\n<p>L&#8217;une des meilleures cartouches Vape Co2 sur le march\u00e9 est la Super Lemon Haze. Plus pr\u00e9cis\u00e9ment, l&#8217;ar\u00f4me est piquant, citronn\u00e9 et l\u00e9g\u00e8rement sucr\u00e9. La saveur est acidul\u00e9e et sucr\u00e9e, rappelant les bonbons \u00e0 la citronnelle. Les cartouches de vape X-trates CO2 contiennent uniquement de l&#8217;huile de cannabis pure qui contient un large spectre de cannabino\u00efdes et de terp\u00e8nes organiques. De plus, des cartouches de 1g et 0,5 ml sont disponibles.<\/p>\n<p>Le prix du produit est le suivant\u00a0: par cartouche de 1g<br \/> Une quantit\u00e9 minimale de commande de 5 cartouches est requise.<\/p>\n","protected":false},"featured_media":4423,"comment_status":"open","ping_status":"closed","template":"","meta":[],"product_brand":[],"product_cat":[440],"product_tag":[485,482,483,481,487,484,486,488],"class_list":{"0":"post-4390","1":"product","2":"type-product","3":"status-publish","4":"has-post-thumbnail","6":"product_cat-acheter-huile-de-cannabis-cbd","7":"product_tag-cartouche-dhuile-super-lemon-haze","8":"product_tag-cartouche-super-lemon-haze","9":"product_tag-cartouche-super-lemon-haze-co2-vape","10":"product_tag-cartouches-de-vape-pre-remplies-europe-tags-super-lemon-haze-allbud","11":"product_tag-graines-de-super-lemon-haze","12":"product_tag-super-lemon-haze-kingpen","13":"product_tag-super-lemon-haze-prix","14":"product_tag-super-citron-haze-rendement-description-avis-0","16":"first","17":"instock","18":"shipping-taxable","19":"purchasable","20":"product-type-variable","21":"has-default-attributes"},"yoast_head":"<!-- This site is optimized with the Yoast SEO plugin v27.3 - https:\/\/yoast.com\/product\/yoast-seo-wordpress\/ -->\n<title>Acheter cartouche de vape CO2 Lemon Haze - Best Global Meds<\/title>\n<meta name=\"description\" content=\"Acheter une souche de cartouche de vape d&#039;huile de cannabis Super Lemon Haze \u00e0 vendre au Royaume-Uni, en Europe. M\u00e9thode d&#039;extraction SativaOil\u00a0: CO2 sous-critique. Cartouche de vapotage d&#039;huile de cannabis Super Lemon Haze.\" \/>\n<meta name=\"robots\" content=\"index, follow, max-snippet:-1, max-image-preview:large, max-video-preview:-1\" \/>\n<link rel=\"canonical\" href=\"https:\/\/medicinasinc.com\/fr\/product\/acheter-cartouche-lemon-haze-co2-1g-vape\/\" \/>\n<meta property=\"og:locale\" content=\"en_US\" \/>\n<meta property=\"og:type\" content=\"article\" \/>\n<meta property=\"og:title\" content=\"Acheter cartouche de vape CO2 Lemon Haze - Best Global Meds\" \/>\n<meta property=\"og:description\" content=\"Acheter une souche de cartouche de vape d&#039;huile de cannabis Super Lemon Haze \u00e0 vendre au Royaume-Uni, en Europe. M\u00e9thode d&#039;extraction SativaOil\u00a0: CO2 sous-critique. Cartouche de vapotage d&#039;huile de cannabis Super Lemon Haze.\" \/>\n<meta property=\"og:url\" content=\"https:\/\/medicinasinc.com\/fr\/product\/acheter-cartouche-lemon-haze-co2-1g-vape\/\" \/>\n<meta property=\"og:site_name\" content=\"Medicinas Inc\" \/>\n<meta property=\"article:modified_time\" content=\"2022-03-17T12:34:56+00:00\" \/>\n<meta property=\"og:image\" content=\"https:\/\/medicinasinc.com\/fr\/wp-content\/uploads\/sites\/5\/2022\/02\/Buy-High-THC-Cannabis-Oil-1g-cartridge-online.jpg\" \/>\n\t<meta property=\"og:image:width\" content=\"600\" \/>\n\t<meta property=\"og:image:height\" content=\"600\" \/>\n\t<meta property=\"og:image:type\" content=\"image\/jpeg\" \/>\n<meta name=\"twitter:card\" content=\"summary_large_image\" \/>\n<meta name=\"twitter:label1\" content=\"Est. reading time\" \/>\n\t<meta name=\"twitter:data1\" content=\"1 minute\" \/>\n<script type=\"application\/ld+json\" class=\"yoast-schema-graph\">{\"@context\":\"https:\\\/\\\/schema.org\",\"@graph\":[{\"@type\":\"WebPage\",\"@id\":\"https:\\\/\\\/medicinasinc.com\\\/fr\\\/product\\\/acheter-cartouche-lemon-haze-co2-1g-vape\\\/\",\"url\":\"https:\\\/\\\/medicinasinc.com\\\/fr\\\/product\\\/acheter-cartouche-lemon-haze-co2-1g-vape\\\/\",\"name\":\"Acheter cartouche de vape CO2 Lemon Haze - Best Global Meds\",\"isPartOf\":{\"@id\":\"https:\\\/\\\/medicinasinc.com\\\/fr\\\/#website\"},\"primaryImageOfPage\":{\"@id\":\"https:\\\/\\\/medicinasinc.com\\\/fr\\\/product\\\/acheter-cartouche-lemon-haze-co2-1g-vape\\\/#primaryimage\"},\"image\":{\"@id\":\"https:\\\/\\\/medicinasinc.com\\\/fr\\\/product\\\/acheter-cartouche-lemon-haze-co2-1g-vape\\\/#primaryimage\"},\"thumbnailUrl\":\"https:\\\/\\\/medicinasinc.com\\\/fr\\\/wp-content\\\/uploads\\\/sites\\\/5\\\/2022\\\/02\\\/Buy-High-THC-Cannabis-Oil-1g-cartridge-online.jpg\",\"datePublished\":\"2022-02-20T08:47:42+00:00\",\"dateModified\":\"2022-03-17T12:34:56+00:00\",\"description\":\"Acheter une souche de cartouche de vape d'huile de cannabis Super Lemon Haze \u00e0 vendre au Royaume-Uni, en Europe. M\u00e9thode d'extraction SativaOil\u00a0: CO2 sous-critique. Cartouche de vapotage d'huile de cannabis Super Lemon Haze.\",\"breadcrumb\":{\"@id\":\"https:\\\/\\\/medicinasinc.com\\\/fr\\\/product\\\/acheter-cartouche-lemon-haze-co2-1g-vape\\\/#breadcrumb\"},\"inLanguage\":\"en-US\",\"potentialAction\":[{\"@type\":\"ReadAction\",\"target\":[\"https:\\\/\\\/medicinasinc.com\\\/fr\\\/product\\\/acheter-cartouche-lemon-haze-co2-1g-vape\\\/\"]}]},{\"@type\":\"ImageObject\",\"inLanguage\":\"en-US\",\"@id\":\"https:\\\/\\\/medicinasinc.com\\\/fr\\\/product\\\/acheter-cartouche-lemon-haze-co2-1g-vape\\\/#primaryimage\",\"url\":\"https:\\\/\\\/medicinasinc.com\\\/fr\\\/wp-content\\\/uploads\\\/sites\\\/5\\\/2022\\\/02\\\/Buy-High-THC-Cannabis-Oil-1g-cartridge-online.jpg\",\"contentUrl\":\"https:\\\/\\\/medicinasinc.com\\\/fr\\\/wp-content\\\/uploads\\\/sites\\\/5\\\/2022\\\/02\\\/Buy-High-THC-Cannabis-Oil-1g-cartridge-online.jpg\",\"width\":600,\"height\":600},{\"@type\":\"BreadcrumbList\",\"@id\":\"https:\\\/\\\/medicinasinc.com\\\/fr\\\/product\\\/acheter-cartouche-lemon-haze-co2-1g-vape\\\/#breadcrumb\",\"itemListElement\":[{\"@type\":\"ListItem\",\"position\":1,\"name\":\"Boutique\",\"item\":\"https:\\\/\\\/medicinasinc.com\\\/fr\\\/boutique\\\/\"},{\"@type\":\"ListItem\",\"position\":2,\"name\":\"Acheter cartouche vape Lemon Haze CO2 1g\"}]},{\"@type\":\"WebSite\",\"@id\":\"https:\\\/\\\/medicinasinc.com\\\/fr\\\/#website\",\"url\":\"https:\\\/\\\/medicinasinc.com\\\/fr\\\/\",\"name\":\"Medicinas Inc\",\"description\":\"Health Medical Clinic\",\"potentialAction\":[{\"@type\":\"SearchAction\",\"target\":{\"@type\":\"EntryPoint\",\"urlTemplate\":\"https:\\\/\\\/medicinasinc.com\\\/fr\\\/?s={search_term_string}\"},\"query-input\":{\"@type\":\"PropertyValueSpecification\",\"valueRequired\":true,\"valueName\":\"search_term_string\"}}],\"inLanguage\":\"en-US\"}]}<\/script>\n<!-- \/ Yoast SEO plugin. -->","yoast_head_json":{"title":"Acheter cartouche de vape CO2 Lemon Haze - Best Global Meds","description":"Acheter une souche de cartouche de vape d'huile de cannabis Super Lemon Haze \u00e0 vendre au Royaume-Uni, en Europe. M\u00e9thode d'extraction SativaOil\u00a0: CO2 sous-critique. Cartouche de vapotage d'huile de cannabis Super Lemon Haze.","robots":{"index":"index","follow":"follow","max-snippet":"max-snippet:-1","max-image-preview":"max-image-preview:large","max-video-preview":"max-video-preview:-1"},"canonical":"https:\/\/medicinasinc.com\/fr\/product\/acheter-cartouche-lemon-haze-co2-1g-vape\/","og_locale":"en_US","og_type":"article","og_title":"Acheter cartouche de vape CO2 Lemon Haze - Best Global Meds","og_description":"Acheter une souche de cartouche de vape d'huile de cannabis Super Lemon Haze \u00e0 vendre au Royaume-Uni, en Europe. M\u00e9thode d'extraction SativaOil\u00a0: CO2 sous-critique. Cartouche de vapotage d'huile de cannabis Super Lemon Haze.","og_url":"https:\/\/medicinasinc.com\/fr\/product\/acheter-cartouche-lemon-haze-co2-1g-vape\/","og_site_name":"Medicinas Inc","article_modified_time":"2022-03-17T12:34:56+00:00","og_image":[{"width":600,"height":600,"url":"https:\/\/medicinasinc.com\/fr\/wp-content\/uploads\/sites\/5\/2022\/02\/Buy-High-THC-Cannabis-Oil-1g-cartridge-online.jpg","type":"image\/jpeg"}],"twitter_card":"summary_large_image","twitter_misc":{"Est. reading time":"1 minute"},"schema":{"@context":"https:\/\/schema.org","@graph":[{"@type":"WebPage","@id":"https:\/\/medicinasinc.com\/fr\/product\/acheter-cartouche-lemon-haze-co2-1g-vape\/","url":"https:\/\/medicinasinc.com\/fr\/product\/acheter-cartouche-lemon-haze-co2-1g-vape\/","name":"Acheter cartouche de vape CO2 Lemon Haze - Best Global Meds","isPartOf":{"@id":"https:\/\/medicinasinc.com\/fr\/#website"},"primaryImageOfPage":{"@id":"https:\/\/medicinasinc.com\/fr\/product\/acheter-cartouche-lemon-haze-co2-1g-vape\/#primaryimage"},"image":{"@id":"https:\/\/medicinasinc.com\/fr\/product\/acheter-cartouche-lemon-haze-co2-1g-vape\/#primaryimage"},"thumbnailUrl":"https:\/\/medicinasinc.com\/fr\/wp-content\/uploads\/sites\/5\/2022\/02\/Buy-High-THC-Cannabis-Oil-1g-cartridge-online.jpg","datePublished":"2022-02-20T08:47:42+00:00","dateModified":"2022-03-17T12:34:56+00:00","description":"Acheter une souche de cartouche de vape d'huile de cannabis Super Lemon Haze \u00e0 vendre au Royaume-Uni, en Europe. M\u00e9thode d'extraction SativaOil\u00a0: CO2 sous-critique. Cartouche de vapotage d'huile de cannabis Super Lemon Haze.","breadcrumb":{"@id":"https:\/\/medicinasinc.com\/fr\/product\/acheter-cartouche-lemon-haze-co2-1g-vape\/#breadcrumb"},"inLanguage":"en-US","potentialAction":[{"@type":"ReadAction","target":["https:\/\/medicinasinc.com\/fr\/product\/acheter-cartouche-lemon-haze-co2-1g-vape\/"]}]},{"@type":"ImageObject","inLanguage":"en-US","@id":"https:\/\/medicinasinc.com\/fr\/product\/acheter-cartouche-lemon-haze-co2-1g-vape\/#primaryimage","url":"https:\/\/medicinasinc.com\/fr\/wp-content\/uploads\/sites\/5\/2022\/02\/Buy-High-THC-Cannabis-Oil-1g-cartridge-online.jpg","contentUrl":"https:\/\/medicinasinc.com\/fr\/wp-content\/uploads\/sites\/5\/2022\/02\/Buy-High-THC-Cannabis-Oil-1g-cartridge-online.jpg","width":600,"height":600},{"@type":"BreadcrumbList","@id":"https:\/\/medicinasinc.com\/fr\/product\/acheter-cartouche-lemon-haze-co2-1g-vape\/#breadcrumb","itemListElement":[{"@type":"ListItem","position":1,"name":"Boutique","item":"https:\/\/medicinasinc.com\/fr\/boutique\/"},{"@type":"ListItem","position":2,"name":"Acheter cartouche vape Lemon Haze CO2 1g"}]},{"@type":"WebSite","@id":"https:\/\/medicinasinc.com\/fr\/#website","url":"https:\/\/medicinasinc.com\/fr\/","name":"Medicinas Inc","description":"Health Medical Clinic","potentialAction":[{"@type":"SearchAction","target":{"@type":"EntryPoint","urlTemplate":"https:\/\/medicinasinc.com\/fr\/?s={search_term_string}"},"query-input":{"@type":"PropertyValueSpecification","valueRequired":true,"valueName":"search_term_string"}}],"inLanguage":"en-US"}]}},"_links":{"self":[{"href":"https:\/\/medicinasinc.com\/fr\/wp-json\/wp\/v2\/product\/4390","targetHints":{"allow":["GET"]}}],"collection":[{"href":"https:\/\/medicinasinc.com\/fr\/wp-json\/wp\/v2\/product"}],"about":[{"href":"https:\/\/medicinasinc.com\/fr\/wp-json\/wp\/v2\/types\/product"}],"replies":[{"embeddable":true,"href":"https:\/\/medicinasinc.com\/fr\/wp-json\/wp\/v2\/comments?post=4390"}],"wp:featuredmedia":[{"embeddable":true,"href":"https:\/\/medicinasinc.com\/fr\/wp-json\/wp\/v2\/media\/4423"}],"wp:attachment":[{"href":"https:\/\/medicinasinc.com\/fr\/wp-json\/wp\/v2\/media?parent=4390"}],"wp:term":[{"taxonomy":"product_brand","embeddable":true,"href":"https:\/\/medicinasinc.com\/fr\/wp-json\/wp\/v2\/product_brand?post=4390"},{"taxonomy":"product_cat","embeddable":true,"href":"https:\/\/medicinasinc.com\/fr\/wp-json\/wp\/v2\/product_cat?post=4390"},{"taxonomy":"product_tag","embeddable":true,"href":"https:\/\/medicinasinc.com\/fr\/wp-json\/wp\/v2\/product_tag?post=4390"}],"curies":[{"name":"wp","href":"https:\/\/api.w.org\/{rel}","templated":true}]}}