{"id":4388,"date":"2022-02-20T08:46:53","date_gmt":"2022-02-20T08:46:53","guid":{"rendered":"https:\/\/medicinasinc.com\/fr\/?post_type=product&#038;p=4388"},"modified":"2022-03-17T12:35:09","modified_gmt":"2022-03-17T12:35:09","slug":"acheter-huile-de-cannabis-riche-en-thc-cartouche-1g-en-ligne","status":"publish","type":"product","link":"https:\/\/medicinasinc.com\/fr\/product\/acheter-huile-de-cannabis-riche-en-thc-cartouche-1g-en-ligne\/","title":{"rendered":"Acheter une cartouche d&#8217;huile de cannabis \u00e0 haute teneur en THC 1g en ligne"},"content":{"rendered":"<p>Achetez une cartouche de 1\u00a0g d&#8217;huile de cannabis \u00e0 haute teneur en THC en ligne.<\/p>\n<p>Plut\u00f4t que de m\u00e9langer notre cannabis, nous proposons des cartouches de 18\u00a0souches distinctes. Nous n&#8217;utilisons aucun additif. Notre cannabis est cultiv\u00e9 naturellement dans la r\u00e9gion de cannabis haut de gamme du nord de la Californie, puis extrait proprement \u00e0 l&#8217;aide d&#8217;une m\u00e9thode brevet\u00e9e au CO2 supercritique.<\/p>\n<p>Huile de cannabis \u00e0 usage m\u00e9dical. Hybride, Sativa et Indica<\/p>\n<p>Les avantages m\u00e9dicaux de l&#8217;huile de cannabis<br \/> Protection du syst\u00e8me immunitaire Augmente consid\u00e9rablement vos chances de r\u00e9mission<br \/> Aide \u00e0 stabiliser et \u00e0 \u00e9radiquer la douleur aigu\u00eb ou chronique<br \/> \u00c9limine protocoles pharmaceutiques potentiellement nocifs<br \/> R\u00e9duit ou \u00e9limine la croissance des cellules malignes. R\u00e9duit ou \u00e9limine les naus\u00e9es.<\/p>\n<p>Le cannabis a historiquement contenu des concentrations de THC comprises entre 12 et 21\u00a0%.<\/p>\n<p>Les concentrations de CBD dans la majorit\u00e9 des plants de cannabis varient entre 0,1 et 0,3\u00a0%. Cependant, des vari\u00e9t\u00e9s de cannabis contenant plus de CBD sont d\u00e9sormais disponibles, ce qui rend les huiles de cannabis riches en CBD plus accessibles. Ces huiles de cannabis sont disponibles \u00e0 l&#8217;achat et peuvent \u00eatre command\u00e9es en ligne en toute s\u00e9curit\u00e9 chez nous. huile de hasch \u00e0 vendre en ligne, comment acheter de l&#8217;huile de hasch en ligne, huile \u00e0 haute teneur en thc \u00e0 vendre, commander de l&#8217;huile de hasch en ligne, acheter de l&#8217;huile de hasch en ligne, cartouche d&#8217;huile de hasch \u00e0 vendre, o\u00f9 puis-je acheter de l&#8217;huile de thc en ligne, thc huile de hasch \u00e0 vendre, hash cartouches d&#8217;huile \u00e0 vendre en ligne, o\u00f9 acheter de l&#8217;huile de thc en ligne, acheter des cartouches d&#8217;huile de hasch en ligne<\/p>\n<p>De plus, les huiles riches en CBD sont pr\u00e9f\u00e9r\u00e9es pour des conditions telles que l&#8217;\u00e9pilepsie, l&#8217;anxi\u00e9t\u00e9, le stress et les naus\u00e9es. Les huiles de CBD vous aideront \u00e9galement \u00e0 vous d\u00e9tendre et contribueront au traitement de l&#8217;insomnie, des c\u00e9phal\u00e9es de tension, des troubles de l&#8217;humeur et du trouble d\u00e9ficitaire de l&#8217;attention.<\/p>\n<p>Avant d&#8217;acheter du hasch en ligne, il est essentiel de comprendre l&#8217;effet, son lien au cannabis et ce qui le distingue des autres produits \u00e0 base de cannabis. Le hasch, un autre terme pour &#8220;haschich&#8221; dans l&#8217;\u00e9tat, est un concentr\u00e9 de cannabis v\u00e9hicul\u00e9 via le poix d&#8217;une plante de marijuana. Ceci est accompli en s\u00e9parant les organes de s\u00e8ve d&#8217;une plante de cannabis, qui sont collectivement appel\u00e9s trichomes, de ses fleurs. Ces trichomes sont connus pour contenir les concentrations les plus \u00e9lev\u00e9es de cannabino\u00efdes et de terp\u00e8nes, qui sont les compos\u00e9s chimiques responsables des propri\u00e9t\u00e9s et caract\u00e9ristiques uniques de Maryjane. En raison de la forte concentration de cannabino\u00efdes et de terp\u00e8nes dans le hasch, il poss\u00e8de une capacit\u00e9 extraordinaire \u00e0 cr\u00e9er des rencontres psychoactives et m\u00e9dicinales \u00e9poustouflantes pour les consommateurs de cannabis. L&#8217;huile de hasch est une forme tr\u00e8s concentr\u00e9e de cannabis qui peut \u00eatre fum\u00e9e, vaporis\u00e9e, consomm\u00e9e ou frott\u00e9e sur la peau. Parfois, l&#8217;utilisation de l&#8217;huile de hasch est appel\u00e9e &#8220;atteindre&#8221; ou &#8220;consommer&#8221;. L&#8217;huile de hasch est d\u00e9riv\u00e9e de plantes de cannabis et contient du THC (delta-9-t\u00e9trahydrocannabinol), le m\u00eame compos\u00e9 r\u00e9volutionnaire que l&#8217;on trouve dans d&#8217;autres produits Maryjane. N\u00e9anmoins, l&#8217;huile de hasch est plus puissante, contenant jusqu&#8217;\u00e0 90 % de THC pur. Naturellement, dans d&#8217;autres parties de la plante de cannabis, la teneur en THC est g\u00e9n\u00e9ralement d&#8217;environ 12 %. L&#8217;extraction de CO2 fiable est actuellement la m\u00e9thode la plus efficace pour extraire l&#8217;huile de THC. De plus, c&#8217;est la m\u00e9thode la plus courante et la plus s\u00fbre pour produire de l&#8217;huile de cannabis, du distillat et des camions de gomme vivante. La raison pour laquelle elle est si r\u00e9pandue de nos jours est que cette huile de THC est exempte de solvants suppl\u00e9mentaires tels que la liqueur ou le butane. La majorit\u00e9 des huiles THC contiennent un type de pr\u00e9paration d\u00e9croissante. Cela est n\u00e9cessaire pour s&#8217;assurer que l&#8217;huile conserve une consistance id\u00e9ale pour le vapotage. Les sp\u00e9cialistes d\u00e9croissants les plus notables sont la glyc\u00e9rine v\u00e9g\u00e9tale et le propyl\u00e8ne glycol (VG et PG), que l&#8217;on trouve couramment dans les e-liquides standards. Quelques-unes contiennent diverses charges telles que le PEG et, plus r\u00e9cemment, le TEC Temper, qui est une autre condition d\u00e9riv\u00e9e de terp\u00e8nes naturels. L&#8217;huile de hasch est disponible \u00e0 l&#8217;achat.<\/p>\n","protected":false},"excerpt":{"rendered":"<p>Acheter de l&#8217;huile de marijuana \u00e0 haute teneur en THC \u00e0 vendre au Royaume-Uni, en Europe en ligne. Achetez de l&#8217;huile de cannabis 100% pure thc \u00e0 vendre aux \u00c9tats-Unis. Huile de cannabis \u00e0 spectre complet. Cancer de l&#8217;huile de THC \u00e0 vendre.Puissance\u00a0: 85\u00a0% de THC et amp\u00a0; 15\u00a0% CBD<\/p>\n<p>le prix du produit est le suivant\u00a0: par 5\u00a0cartouches<\/p>\n<p>La quantit\u00e9 minimum de commande est\u00a0: 5\u00a0cartouches<\/p>\n","protected":false},"featured_media":4423,"comment_status":"open","ping_status":"closed","template":"","meta":[],"product_brand":[],"product_cat":[440],"product_tag":[],"class_list":{"0":"post-4388","1":"product","2":"type-product","3":"status-publish","4":"has-post-thumbnail","6":"product_cat-acheter-huile-de-cannabis-cbd","8":"first","9":"instock","10":"shipping-taxable","11":"purchasable","12":"product-type-variable","13":"has-default-attributes"},"yoast_head":"<!-- This site is optimized with the Yoast SEO plugin v27.3 - https:\/\/yoast.com\/product\/yoast-seo-wordpress\/ -->\n<title>Acheter une cartouche d&#039;huile de cannabis \u00e0 haute teneur en THC 1g en ligne - Best Global Meds<\/title>\n<meta name=\"description\" content=\"Acheter de l&#039;huile de marijuana \u00e0 haute teneur en THC \u00e0 vendre au Royaume-Uni, en Europe en ligne. Achetez de l&#039;huile de cannabis 100% pure thc \u00e0 vendre aux \u00c9tats-Unis. Huile de cannabis \u00e0 spectre complet. Cancer de l&#039;huile de THC \u00e0 vendre.Puissance\u00a0: 85\u00a0% de THC et amp\u00a0; 15% CBD\" \/>\n<meta name=\"robots\" content=\"index, follow, max-snippet:-1, max-image-preview:large, max-video-preview:-1\" \/>\n<link rel=\"canonical\" href=\"https:\/\/medicinasinc.com\/fr\/product\/acheter-huile-de-cannabis-riche-en-thc-cartouche-1g-en-ligne\/\" \/>\n<meta property=\"og:locale\" content=\"en_US\" \/>\n<meta property=\"og:type\" content=\"article\" \/>\n<meta property=\"og:title\" content=\"Acheter une cartouche d&#039;huile de cannabis \u00e0 haute teneur en THC 1g en ligne - Best Global Meds\" \/>\n<meta property=\"og:description\" content=\"Acheter de l&#039;huile de marijuana \u00e0 haute teneur en THC \u00e0 vendre au Royaume-Uni, en Europe en ligne. Achetez de l&#039;huile de cannabis 100% pure thc \u00e0 vendre aux \u00c9tats-Unis. Huile de cannabis \u00e0 spectre complet. Cancer de l&#039;huile de THC \u00e0 vendre.Puissance\u00a0: 85\u00a0% de THC et amp\u00a0; 15% CBD\" \/>\n<meta property=\"og:url\" content=\"https:\/\/medicinasinc.com\/fr\/product\/acheter-huile-de-cannabis-riche-en-thc-cartouche-1g-en-ligne\/\" \/>\n<meta property=\"og:site_name\" content=\"Medicinas Inc\" \/>\n<meta property=\"article:modified_time\" content=\"2022-03-17T12:35:09+00:00\" \/>\n<meta property=\"og:image\" content=\"https:\/\/medicinasinc.com\/fr\/wp-content\/uploads\/sites\/5\/2022\/02\/Buy-High-THC-Cannabis-Oil-1g-cartridge-online.jpg\" \/>\n\t<meta property=\"og:image:width\" content=\"600\" \/>\n\t<meta property=\"og:image:height\" content=\"600\" \/>\n\t<meta property=\"og:image:type\" content=\"image\/jpeg\" \/>\n<meta name=\"twitter:card\" content=\"summary_large_image\" \/>\n<meta name=\"twitter:label1\" content=\"Est. reading time\" \/>\n\t<meta name=\"twitter:data1\" content=\"3 minutes\" \/>\n<script type=\"application\/ld+json\" class=\"yoast-schema-graph\">{\"@context\":\"https:\\\/\\\/schema.org\",\"@graph\":[{\"@type\":\"WebPage\",\"@id\":\"https:\\\/\\\/medicinasinc.com\\\/fr\\\/product\\\/acheter-huile-de-cannabis-riche-en-thc-cartouche-1g-en-ligne\\\/\",\"url\":\"https:\\\/\\\/medicinasinc.com\\\/fr\\\/product\\\/acheter-huile-de-cannabis-riche-en-thc-cartouche-1g-en-ligne\\\/\",\"name\":\"Acheter une cartouche d'huile de cannabis \u00e0 haute teneur en THC 1g en ligne - Best Global Meds\",\"isPartOf\":{\"@id\":\"https:\\\/\\\/medicinasinc.com\\\/fr\\\/#website\"},\"primaryImageOfPage\":{\"@id\":\"https:\\\/\\\/medicinasinc.com\\\/fr\\\/product\\\/acheter-huile-de-cannabis-riche-en-thc-cartouche-1g-en-ligne\\\/#primaryimage\"},\"image\":{\"@id\":\"https:\\\/\\\/medicinasinc.com\\\/fr\\\/product\\\/acheter-huile-de-cannabis-riche-en-thc-cartouche-1g-en-ligne\\\/#primaryimage\"},\"thumbnailUrl\":\"https:\\\/\\\/medicinasinc.com\\\/fr\\\/wp-content\\\/uploads\\\/sites\\\/5\\\/2022\\\/02\\\/Buy-High-THC-Cannabis-Oil-1g-cartridge-online.jpg\",\"datePublished\":\"2022-02-20T08:46:53+00:00\",\"dateModified\":\"2022-03-17T12:35:09+00:00\",\"description\":\"Acheter de l'huile de marijuana \u00e0 haute teneur en THC \u00e0 vendre au Royaume-Uni, en Europe en ligne. Achetez de l'huile de cannabis 100% pure thc \u00e0 vendre aux \u00c9tats-Unis. Huile de cannabis \u00e0 spectre complet. Cancer de l'huile de THC \u00e0 vendre.Puissance\u00a0: 85\u00a0% de THC et amp\u00a0; 15% CBD\",\"breadcrumb\":{\"@id\":\"https:\\\/\\\/medicinasinc.com\\\/fr\\\/product\\\/acheter-huile-de-cannabis-riche-en-thc-cartouche-1g-en-ligne\\\/#breadcrumb\"},\"inLanguage\":\"en-US\",\"potentialAction\":[{\"@type\":\"ReadAction\",\"target\":[\"https:\\\/\\\/medicinasinc.com\\\/fr\\\/product\\\/acheter-huile-de-cannabis-riche-en-thc-cartouche-1g-en-ligne\\\/\"]}]},{\"@type\":\"ImageObject\",\"inLanguage\":\"en-US\",\"@id\":\"https:\\\/\\\/medicinasinc.com\\\/fr\\\/product\\\/acheter-huile-de-cannabis-riche-en-thc-cartouche-1g-en-ligne\\\/#primaryimage\",\"url\":\"https:\\\/\\\/medicinasinc.com\\\/fr\\\/wp-content\\\/uploads\\\/sites\\\/5\\\/2022\\\/02\\\/Buy-High-THC-Cannabis-Oil-1g-cartridge-online.jpg\",\"contentUrl\":\"https:\\\/\\\/medicinasinc.com\\\/fr\\\/wp-content\\\/uploads\\\/sites\\\/5\\\/2022\\\/02\\\/Buy-High-THC-Cannabis-Oil-1g-cartridge-online.jpg\",\"width\":600,\"height\":600},{\"@type\":\"BreadcrumbList\",\"@id\":\"https:\\\/\\\/medicinasinc.com\\\/fr\\\/product\\\/acheter-huile-de-cannabis-riche-en-thc-cartouche-1g-en-ligne\\\/#breadcrumb\",\"itemListElement\":[{\"@type\":\"ListItem\",\"position\":1,\"name\":\"Boutique\",\"item\":\"https:\\\/\\\/medicinasinc.com\\\/fr\\\/boutique\\\/\"},{\"@type\":\"ListItem\",\"position\":2,\"name\":\"Acheter une cartouche d&#8217;huile de cannabis \u00e0 haute teneur en THC 1g en ligne\"}]},{\"@type\":\"WebSite\",\"@id\":\"https:\\\/\\\/medicinasinc.com\\\/fr\\\/#website\",\"url\":\"https:\\\/\\\/medicinasinc.com\\\/fr\\\/\",\"name\":\"Medicinas Inc\",\"description\":\"Health Medical Clinic\",\"potentialAction\":[{\"@type\":\"SearchAction\",\"target\":{\"@type\":\"EntryPoint\",\"urlTemplate\":\"https:\\\/\\\/medicinasinc.com\\\/fr\\\/?s={search_term_string}\"},\"query-input\":{\"@type\":\"PropertyValueSpecification\",\"valueRequired\":true,\"valueName\":\"search_term_string\"}}],\"inLanguage\":\"en-US\"}]}<\/script>\n<!-- \/ Yoast SEO plugin. -->","yoast_head_json":{"title":"Acheter une cartouche d'huile de cannabis \u00e0 haute teneur en THC 1g en ligne - Best Global Meds","description":"Acheter de l'huile de marijuana \u00e0 haute teneur en THC \u00e0 vendre au Royaume-Uni, en Europe en ligne. Achetez de l'huile de cannabis 100% pure thc \u00e0 vendre aux \u00c9tats-Unis. Huile de cannabis \u00e0 spectre complet. Cancer de l'huile de THC \u00e0 vendre.Puissance\u00a0: 85\u00a0% de THC et amp\u00a0; 15% CBD","robots":{"index":"index","follow":"follow","max-snippet":"max-snippet:-1","max-image-preview":"max-image-preview:large","max-video-preview":"max-video-preview:-1"},"canonical":"https:\/\/medicinasinc.com\/fr\/product\/acheter-huile-de-cannabis-riche-en-thc-cartouche-1g-en-ligne\/","og_locale":"en_US","og_type":"article","og_title":"Acheter une cartouche d'huile de cannabis \u00e0 haute teneur en THC 1g en ligne - Best Global Meds","og_description":"Acheter de l'huile de marijuana \u00e0 haute teneur en THC \u00e0 vendre au Royaume-Uni, en Europe en ligne. Achetez de l'huile de cannabis 100% pure thc \u00e0 vendre aux \u00c9tats-Unis. Huile de cannabis \u00e0 spectre complet. Cancer de l'huile de THC \u00e0 vendre.Puissance\u00a0: 85\u00a0% de THC et amp\u00a0; 15% CBD","og_url":"https:\/\/medicinasinc.com\/fr\/product\/acheter-huile-de-cannabis-riche-en-thc-cartouche-1g-en-ligne\/","og_site_name":"Medicinas Inc","article_modified_time":"2022-03-17T12:35:09+00:00","og_image":[{"width":600,"height":600,"url":"https:\/\/medicinasinc.com\/fr\/wp-content\/uploads\/sites\/5\/2022\/02\/Buy-High-THC-Cannabis-Oil-1g-cartridge-online.jpg","type":"image\/jpeg"}],"twitter_card":"summary_large_image","twitter_misc":{"Est. reading time":"3 minutes"},"schema":{"@context":"https:\/\/schema.org","@graph":[{"@type":"WebPage","@id":"https:\/\/medicinasinc.com\/fr\/product\/acheter-huile-de-cannabis-riche-en-thc-cartouche-1g-en-ligne\/","url":"https:\/\/medicinasinc.com\/fr\/product\/acheter-huile-de-cannabis-riche-en-thc-cartouche-1g-en-ligne\/","name":"Acheter une cartouche d'huile de cannabis \u00e0 haute teneur en THC 1g en ligne - Best Global Meds","isPartOf":{"@id":"https:\/\/medicinasinc.com\/fr\/#website"},"primaryImageOfPage":{"@id":"https:\/\/medicinasinc.com\/fr\/product\/acheter-huile-de-cannabis-riche-en-thc-cartouche-1g-en-ligne\/#primaryimage"},"image":{"@id":"https:\/\/medicinasinc.com\/fr\/product\/acheter-huile-de-cannabis-riche-en-thc-cartouche-1g-en-ligne\/#primaryimage"},"thumbnailUrl":"https:\/\/medicinasinc.com\/fr\/wp-content\/uploads\/sites\/5\/2022\/02\/Buy-High-THC-Cannabis-Oil-1g-cartridge-online.jpg","datePublished":"2022-02-20T08:46:53+00:00","dateModified":"2022-03-17T12:35:09+00:00","description":"Acheter de l'huile de marijuana \u00e0 haute teneur en THC \u00e0 vendre au Royaume-Uni, en Europe en ligne. Achetez de l'huile de cannabis 100% pure thc \u00e0 vendre aux \u00c9tats-Unis. Huile de cannabis \u00e0 spectre complet. Cancer de l'huile de THC \u00e0 vendre.Puissance\u00a0: 85\u00a0% de THC et amp\u00a0; 15% CBD","breadcrumb":{"@id":"https:\/\/medicinasinc.com\/fr\/product\/acheter-huile-de-cannabis-riche-en-thc-cartouche-1g-en-ligne\/#breadcrumb"},"inLanguage":"en-US","potentialAction":[{"@type":"ReadAction","target":["https:\/\/medicinasinc.com\/fr\/product\/acheter-huile-de-cannabis-riche-en-thc-cartouche-1g-en-ligne\/"]}]},{"@type":"ImageObject","inLanguage":"en-US","@id":"https:\/\/medicinasinc.com\/fr\/product\/acheter-huile-de-cannabis-riche-en-thc-cartouche-1g-en-ligne\/#primaryimage","url":"https:\/\/medicinasinc.com\/fr\/wp-content\/uploads\/sites\/5\/2022\/02\/Buy-High-THC-Cannabis-Oil-1g-cartridge-online.jpg","contentUrl":"https:\/\/medicinasinc.com\/fr\/wp-content\/uploads\/sites\/5\/2022\/02\/Buy-High-THC-Cannabis-Oil-1g-cartridge-online.jpg","width":600,"height":600},{"@type":"BreadcrumbList","@id":"https:\/\/medicinasinc.com\/fr\/product\/acheter-huile-de-cannabis-riche-en-thc-cartouche-1g-en-ligne\/#breadcrumb","itemListElement":[{"@type":"ListItem","position":1,"name":"Boutique","item":"https:\/\/medicinasinc.com\/fr\/boutique\/"},{"@type":"ListItem","position":2,"name":"Acheter une cartouche d&#8217;huile de cannabis \u00e0 haute teneur en THC 1g en ligne"}]},{"@type":"WebSite","@id":"https:\/\/medicinasinc.com\/fr\/#website","url":"https:\/\/medicinasinc.com\/fr\/","name":"Medicinas Inc","description":"Health Medical Clinic","potentialAction":[{"@type":"SearchAction","target":{"@type":"EntryPoint","urlTemplate":"https:\/\/medicinasinc.com\/fr\/?s={search_term_string}"},"query-input":{"@type":"PropertyValueSpecification","valueRequired":true,"valueName":"search_term_string"}}],"inLanguage":"en-US"}]}},"_links":{"self":[{"href":"https:\/\/medicinasinc.com\/fr\/wp-json\/wp\/v2\/product\/4388","targetHints":{"allow":["GET"]}}],"collection":[{"href":"https:\/\/medicinasinc.com\/fr\/wp-json\/wp\/v2\/product"}],"about":[{"href":"https:\/\/medicinasinc.com\/fr\/wp-json\/wp\/v2\/types\/product"}],"replies":[{"embeddable":true,"href":"https:\/\/medicinasinc.com\/fr\/wp-json\/wp\/v2\/comments?post=4388"}],"wp:featuredmedia":[{"embeddable":true,"href":"https:\/\/medicinasinc.com\/fr\/wp-json\/wp\/v2\/media\/4423"}],"wp:attachment":[{"href":"https:\/\/medicinasinc.com\/fr\/wp-json\/wp\/v2\/media?parent=4388"}],"wp:term":[{"taxonomy":"product_brand","embeddable":true,"href":"https:\/\/medicinasinc.com\/fr\/wp-json\/wp\/v2\/product_brand?post=4388"},{"taxonomy":"product_cat","embeddable":true,"href":"https:\/\/medicinasinc.com\/fr\/wp-json\/wp\/v2\/product_cat?post=4388"},{"taxonomy":"product_tag","embeddable":true,"href":"https:\/\/medicinasinc.com\/fr\/wp-json\/wp\/v2\/product_tag?post=4388"}],"curies":[{"name":"wp","href":"https:\/\/api.w.org\/{rel}","templated":true}]}}