{"id":4375,"date":"2022-02-20T08:40:25","date_gmt":"2022-02-20T08:40:25","guid":{"rendered":"https:\/\/medicinasinc.com\/fr\/?post_type=product&#038;p=4375"},"modified":"2022-03-17T12:35:22","modified_gmt":"2022-03-17T12:35:22","slug":"acheter-huile-extraite-co2-premium-haute-cbd","status":"publish","type":"product","link":"https:\/\/medicinasinc.com\/fr\/product\/acheter-huile-extraite-co2-premium-haute-cbd\/","title":{"rendered":"Acheter de l&#8217;huile extraite au CO2 de qualit\u00e9 sup\u00e9rieure \u00e0 haute teneur en CBD"},"content":{"rendered":"<p>Achetez de l&#8217;huile extraite au CO2 de qualit\u00e9 sup\u00e9rieure \u00e0 haute teneur en CBD en ligne aux \u00c9tats-Unis d&#8217;Am\u00e9rique.<\/p>\n<p>Achetez de l&#8217;huile extraite au CO2 de qualit\u00e9 sup\u00e9rieure \u00e0 teneur \u00e9lev\u00e9e en CBD en ligne aux \u00c9tats-Unis d&#8217;Am\u00e9rique.<\/p>\n<p>Les cannabino\u00efdes sont extrait au CO2. Ce qui semble se traduire par une huile beaucoup plus agr\u00e9able \u00e0 inhaler et d\u00e9pourvue d&#8217;agressivit\u00e9.<br \/> Ce lot de m\u00e9dicament est d\u00e9riv\u00e9 de l&#8217;ACDC, une souche de cannabis connue pour sa forte teneur en CBD.<\/p>\n","protected":false},"excerpt":{"rendered":"<p>Acheter de l&#8217;huile extraite au CO2 de qualit\u00e9 sup\u00e9rieure \u00e0 haute teneur en CBD \u00e0 vendre au Royaume-Uni, en Europe en ligne. Cannabino\u00efdes actifs totaux 80\u00a0% THC\u00a0: 24\u00a0% CBD\u00a0: 56\u00a0% cartouche d&#8217;huile de marijuana d&#8217;extraction de CO2.<\/p>\n<h3>Acheter des cartouches d&#8217;huile de cannabis THC<\/h3>\n<p>le prix du produit est le suivant\u00a0: par 5 cartouches<br \/> <strong>La quantit\u00e9 minimum de commande est\u00a0: 5\u00a0cartouches<\/strong><\/p>\n","protected":false},"featured_media":4411,"comment_status":"open","ping_status":"closed","template":"","meta":[],"product_brand":[],"product_cat":[440],"product_tag":[],"class_list":{"0":"post-4375","1":"product","2":"type-product","3":"status-publish","4":"has-post-thumbnail","6":"product_cat-acheter-huile-de-cannabis-cbd","8":"first","9":"instock","10":"shipping-taxable","11":"purchasable","12":"product-type-variable","13":"has-default-attributes"},"yoast_head":"<!-- This site is optimized with the Yoast SEO plugin v27.3 - https:\/\/yoast.com\/product\/yoast-seo-wordpress\/ -->\n<title>Acheter de l&#039;huile extraite au CO2 de qualit\u00e9 sup\u00e9rieure \u00e0 haute teneur en CBD - Best Global Meds<\/title>\n<meta name=\"description\" content=\"Acheter de l&#039;huile extraite au CO2 de qualit\u00e9 sup\u00e9rieure \u00e0 haute teneur en CBD \u00e0 vendre au Royaume-Uni, en Europe en ligne. Cannabino\u00efdes actifs totaux 80 % THC : 24 % CBD : 56 % Cartouche d&#039;huile de marijuana extraite au CO2.\" \/>\n<meta name=\"robots\" content=\"index, follow, max-snippet:-1, max-image-preview:large, max-video-preview:-1\" \/>\n<link rel=\"canonical\" href=\"https:\/\/medicinasinc.com\/fr\/product\/acheter-huile-extraite-co2-premium-haute-cbd\/\" \/>\n<meta property=\"og:locale\" content=\"en_US\" \/>\n<meta property=\"og:type\" content=\"article\" \/>\n<meta property=\"og:title\" content=\"Acheter de l&#039;huile extraite au CO2 de qualit\u00e9 sup\u00e9rieure \u00e0 haute teneur en CBD - Best Global Meds\" \/>\n<meta property=\"og:description\" content=\"Acheter de l&#039;huile extraite au CO2 de qualit\u00e9 sup\u00e9rieure \u00e0 haute teneur en CBD \u00e0 vendre au Royaume-Uni, en Europe en ligne. Cannabino\u00efdes actifs totaux 80 % THC : 24 % CBD : 56 % Cartouche d&#039;huile de marijuana extraite au CO2.\" \/>\n<meta property=\"og:url\" content=\"https:\/\/medicinasinc.com\/fr\/product\/acheter-huile-extraite-co2-premium-haute-cbd\/\" \/>\n<meta property=\"og:site_name\" content=\"Medicinas Inc\" \/>\n<meta property=\"article:modified_time\" content=\"2022-03-17T12:35:22+00:00\" \/>\n<meta property=\"og:image\" content=\"https:\/\/medicinasinc.com\/fr\/wp-content\/uploads\/sites\/5\/2022\/02\/Buy-High-CBD-Premium-CO2-Extracted-Oil.jpg\" \/>\n\t<meta property=\"og:image:width\" content=\"770\" \/>\n\t<meta property=\"og:image:height\" content=\"686\" \/>\n\t<meta property=\"og:image:type\" content=\"image\/jpeg\" \/>\n<meta name=\"twitter:card\" content=\"summary_large_image\" \/>\n<meta name=\"twitter:label1\" content=\"Est. reading time\" \/>\n\t<meta name=\"twitter:data1\" content=\"1 minute\" \/>\n<script type=\"application\/ld+json\" class=\"yoast-schema-graph\">{\"@context\":\"https:\\\/\\\/schema.org\",\"@graph\":[{\"@type\":\"WebPage\",\"@id\":\"https:\\\/\\\/medicinasinc.com\\\/fr\\\/product\\\/acheter-huile-extraite-co2-premium-haute-cbd\\\/\",\"url\":\"https:\\\/\\\/medicinasinc.com\\\/fr\\\/product\\\/acheter-huile-extraite-co2-premium-haute-cbd\\\/\",\"name\":\"Acheter de l'huile extraite au CO2 de qualit\u00e9 sup\u00e9rieure \u00e0 haute teneur en CBD - Best Global Meds\",\"isPartOf\":{\"@id\":\"https:\\\/\\\/medicinasinc.com\\\/fr\\\/#website\"},\"primaryImageOfPage\":{\"@id\":\"https:\\\/\\\/medicinasinc.com\\\/fr\\\/product\\\/acheter-huile-extraite-co2-premium-haute-cbd\\\/#primaryimage\"},\"image\":{\"@id\":\"https:\\\/\\\/medicinasinc.com\\\/fr\\\/product\\\/acheter-huile-extraite-co2-premium-haute-cbd\\\/#primaryimage\"},\"thumbnailUrl\":\"https:\\\/\\\/medicinasinc.com\\\/fr\\\/wp-content\\\/uploads\\\/sites\\\/5\\\/2022\\\/02\\\/Buy-High-CBD-Premium-CO2-Extracted-Oil.jpg\",\"datePublished\":\"2022-02-20T08:40:25+00:00\",\"dateModified\":\"2022-03-17T12:35:22+00:00\",\"description\":\"Acheter de l'huile extraite au CO2 de qualit\u00e9 sup\u00e9rieure \u00e0 haute teneur en CBD \u00e0 vendre au Royaume-Uni, en Europe en ligne. Cannabino\u00efdes actifs totaux 80 % THC : 24 % CBD : 56 % Cartouche d'huile de marijuana extraite au CO2.\",\"breadcrumb\":{\"@id\":\"https:\\\/\\\/medicinasinc.com\\\/fr\\\/product\\\/acheter-huile-extraite-co2-premium-haute-cbd\\\/#breadcrumb\"},\"inLanguage\":\"en-US\",\"potentialAction\":[{\"@type\":\"ReadAction\",\"target\":[\"https:\\\/\\\/medicinasinc.com\\\/fr\\\/product\\\/acheter-huile-extraite-co2-premium-haute-cbd\\\/\"]}]},{\"@type\":\"ImageObject\",\"inLanguage\":\"en-US\",\"@id\":\"https:\\\/\\\/medicinasinc.com\\\/fr\\\/product\\\/acheter-huile-extraite-co2-premium-haute-cbd\\\/#primaryimage\",\"url\":\"https:\\\/\\\/medicinasinc.com\\\/fr\\\/wp-content\\\/uploads\\\/sites\\\/5\\\/2022\\\/02\\\/Buy-High-CBD-Premium-CO2-Extracted-Oil.jpg\",\"contentUrl\":\"https:\\\/\\\/medicinasinc.com\\\/fr\\\/wp-content\\\/uploads\\\/sites\\\/5\\\/2022\\\/02\\\/Buy-High-CBD-Premium-CO2-Extracted-Oil.jpg\",\"width\":770,\"height\":686},{\"@type\":\"BreadcrumbList\",\"@id\":\"https:\\\/\\\/medicinasinc.com\\\/fr\\\/product\\\/acheter-huile-extraite-co2-premium-haute-cbd\\\/#breadcrumb\",\"itemListElement\":[{\"@type\":\"ListItem\",\"position\":1,\"name\":\"Boutique\",\"item\":\"https:\\\/\\\/medicinasinc.com\\\/fr\\\/boutique\\\/\"},{\"@type\":\"ListItem\",\"position\":2,\"name\":\"Acheter de l&#8217;huile extraite au CO2 de qualit\u00e9 sup\u00e9rieure \u00e0 haute teneur en CBD\"}]},{\"@type\":\"WebSite\",\"@id\":\"https:\\\/\\\/medicinasinc.com\\\/fr\\\/#website\",\"url\":\"https:\\\/\\\/medicinasinc.com\\\/fr\\\/\",\"name\":\"Medicinas Inc\",\"description\":\"Health Medical Clinic\",\"potentialAction\":[{\"@type\":\"SearchAction\",\"target\":{\"@type\":\"EntryPoint\",\"urlTemplate\":\"https:\\\/\\\/medicinasinc.com\\\/fr\\\/?s={search_term_string}\"},\"query-input\":{\"@type\":\"PropertyValueSpecification\",\"valueRequired\":true,\"valueName\":\"search_term_string\"}}],\"inLanguage\":\"en-US\"}]}<\/script>\n<!-- \/ Yoast SEO plugin. -->","yoast_head_json":{"title":"Acheter de l'huile extraite au CO2 de qualit\u00e9 sup\u00e9rieure \u00e0 haute teneur en CBD - Best Global Meds","description":"Acheter de l'huile extraite au CO2 de qualit\u00e9 sup\u00e9rieure \u00e0 haute teneur en CBD \u00e0 vendre au Royaume-Uni, en Europe en ligne. Cannabino\u00efdes actifs totaux 80 % THC : 24 % CBD : 56 % Cartouche d'huile de marijuana extraite au CO2.","robots":{"index":"index","follow":"follow","max-snippet":"max-snippet:-1","max-image-preview":"max-image-preview:large","max-video-preview":"max-video-preview:-1"},"canonical":"https:\/\/medicinasinc.com\/fr\/product\/acheter-huile-extraite-co2-premium-haute-cbd\/","og_locale":"en_US","og_type":"article","og_title":"Acheter de l'huile extraite au CO2 de qualit\u00e9 sup\u00e9rieure \u00e0 haute teneur en CBD - Best Global Meds","og_description":"Acheter de l'huile extraite au CO2 de qualit\u00e9 sup\u00e9rieure \u00e0 haute teneur en CBD \u00e0 vendre au Royaume-Uni, en Europe en ligne. Cannabino\u00efdes actifs totaux 80 % THC : 24 % CBD : 56 % Cartouche d'huile de marijuana extraite au CO2.","og_url":"https:\/\/medicinasinc.com\/fr\/product\/acheter-huile-extraite-co2-premium-haute-cbd\/","og_site_name":"Medicinas Inc","article_modified_time":"2022-03-17T12:35:22+00:00","og_image":[{"width":770,"height":686,"url":"https:\/\/medicinasinc.com\/fr\/wp-content\/uploads\/sites\/5\/2022\/02\/Buy-High-CBD-Premium-CO2-Extracted-Oil.jpg","type":"image\/jpeg"}],"twitter_card":"summary_large_image","twitter_misc":{"Est. reading time":"1 minute"},"schema":{"@context":"https:\/\/schema.org","@graph":[{"@type":"WebPage","@id":"https:\/\/medicinasinc.com\/fr\/product\/acheter-huile-extraite-co2-premium-haute-cbd\/","url":"https:\/\/medicinasinc.com\/fr\/product\/acheter-huile-extraite-co2-premium-haute-cbd\/","name":"Acheter de l'huile extraite au CO2 de qualit\u00e9 sup\u00e9rieure \u00e0 haute teneur en CBD - Best Global Meds","isPartOf":{"@id":"https:\/\/medicinasinc.com\/fr\/#website"},"primaryImageOfPage":{"@id":"https:\/\/medicinasinc.com\/fr\/product\/acheter-huile-extraite-co2-premium-haute-cbd\/#primaryimage"},"image":{"@id":"https:\/\/medicinasinc.com\/fr\/product\/acheter-huile-extraite-co2-premium-haute-cbd\/#primaryimage"},"thumbnailUrl":"https:\/\/medicinasinc.com\/fr\/wp-content\/uploads\/sites\/5\/2022\/02\/Buy-High-CBD-Premium-CO2-Extracted-Oil.jpg","datePublished":"2022-02-20T08:40:25+00:00","dateModified":"2022-03-17T12:35:22+00:00","description":"Acheter de l'huile extraite au CO2 de qualit\u00e9 sup\u00e9rieure \u00e0 haute teneur en CBD \u00e0 vendre au Royaume-Uni, en Europe en ligne. Cannabino\u00efdes actifs totaux 80 % THC : 24 % CBD : 56 % Cartouche d'huile de marijuana extraite au CO2.","breadcrumb":{"@id":"https:\/\/medicinasinc.com\/fr\/product\/acheter-huile-extraite-co2-premium-haute-cbd\/#breadcrumb"},"inLanguage":"en-US","potentialAction":[{"@type":"ReadAction","target":["https:\/\/medicinasinc.com\/fr\/product\/acheter-huile-extraite-co2-premium-haute-cbd\/"]}]},{"@type":"ImageObject","inLanguage":"en-US","@id":"https:\/\/medicinasinc.com\/fr\/product\/acheter-huile-extraite-co2-premium-haute-cbd\/#primaryimage","url":"https:\/\/medicinasinc.com\/fr\/wp-content\/uploads\/sites\/5\/2022\/02\/Buy-High-CBD-Premium-CO2-Extracted-Oil.jpg","contentUrl":"https:\/\/medicinasinc.com\/fr\/wp-content\/uploads\/sites\/5\/2022\/02\/Buy-High-CBD-Premium-CO2-Extracted-Oil.jpg","width":770,"height":686},{"@type":"BreadcrumbList","@id":"https:\/\/medicinasinc.com\/fr\/product\/acheter-huile-extraite-co2-premium-haute-cbd\/#breadcrumb","itemListElement":[{"@type":"ListItem","position":1,"name":"Boutique","item":"https:\/\/medicinasinc.com\/fr\/boutique\/"},{"@type":"ListItem","position":2,"name":"Acheter de l&#8217;huile extraite au CO2 de qualit\u00e9 sup\u00e9rieure \u00e0 haute teneur en CBD"}]},{"@type":"WebSite","@id":"https:\/\/medicinasinc.com\/fr\/#website","url":"https:\/\/medicinasinc.com\/fr\/","name":"Medicinas Inc","description":"Health Medical Clinic","potentialAction":[{"@type":"SearchAction","target":{"@type":"EntryPoint","urlTemplate":"https:\/\/medicinasinc.com\/fr\/?s={search_term_string}"},"query-input":{"@type":"PropertyValueSpecification","valueRequired":true,"valueName":"search_term_string"}}],"inLanguage":"en-US"}]}},"_links":{"self":[{"href":"https:\/\/medicinasinc.com\/fr\/wp-json\/wp\/v2\/product\/4375","targetHints":{"allow":["GET"]}}],"collection":[{"href":"https:\/\/medicinasinc.com\/fr\/wp-json\/wp\/v2\/product"}],"about":[{"href":"https:\/\/medicinasinc.com\/fr\/wp-json\/wp\/v2\/types\/product"}],"replies":[{"embeddable":true,"href":"https:\/\/medicinasinc.com\/fr\/wp-json\/wp\/v2\/comments?post=4375"}],"wp:featuredmedia":[{"embeddable":true,"href":"https:\/\/medicinasinc.com\/fr\/wp-json\/wp\/v2\/media\/4411"}],"wp:attachment":[{"href":"https:\/\/medicinasinc.com\/fr\/wp-json\/wp\/v2\/media?parent=4375"}],"wp:term":[{"taxonomy":"product_brand","embeddable":true,"href":"https:\/\/medicinasinc.com\/fr\/wp-json\/wp\/v2\/product_brand?post=4375"},{"taxonomy":"product_cat","embeddable":true,"href":"https:\/\/medicinasinc.com\/fr\/wp-json\/wp\/v2\/product_cat?post=4375"},{"taxonomy":"product_tag","embeddable":true,"href":"https:\/\/medicinasinc.com\/fr\/wp-json\/wp\/v2\/product_tag?post=4375"}],"curies":[{"name":"wp","href":"https:\/\/api.w.org\/{rel}","templated":true}]}}