{"id":4374,"date":"2022-02-20T08:40:15","date_gmt":"2022-02-20T08:40:15","guid":{"rendered":"https:\/\/medicinasinc.com\/fr\/?post_type=product&#038;p=4374"},"modified":"2022-03-17T12:35:40","modified_gmt":"2022-03-17T12:35:40","slug":"acheter-harlequin-huile-co2-cartouche-1g","status":"publish","type":"product","link":"https:\/\/medicinasinc.com\/fr\/product\/acheter-harlequin-huile-co2-cartouche-1g\/","title":{"rendered":"Acheter cartouche d&#8217;huile CO2 Harlequin 1g"},"content":{"rendered":"<p>Achat en ligne de cartouche d&#8217;huile Harlequin CO2 1g.<\/p>\n<p>Achat en ligne de cartouche d&#8217;huile Harlequin CO2 1g.<\/p>\n<p>Achat en ligne de cartouches d&#8217;huile Harlequin CO2. 13,02 % de THCA | 6,54 % de THC | 49,10 % CBDA | 5,35\u00a0% de CBD<\/p>\n<p>Harlequin est une vari\u00e9t\u00e9 l\u00e9g\u00e8rement psychoactive \u00e0 dominance Sativa avec des noix grill\u00e9es, du chocolat et, plus particuli\u00e8rement, des fleurs parfum\u00e9es \u00e0 la cerise. Harlequin est une vari\u00e9t\u00e9 riche en CBD avec une psychoactivit\u00e9 et des propri\u00e9t\u00e9s analg\u00e9siques n\u00e9gligeables. Harlequin est fr\u00e9quemment utilis\u00e9 pour traiter la douleur et convient \u00e0 une utilisation diurne en raison de sa teneur \u00e9lev\u00e9e en CBD et de ses effets lucides.<\/p>\n<p>COLOMBIAN GOLD + NEPALI + THAI + SWISS LANDRACE LINEAGE<\/p>\n<p>EARTH \u2013 \u00c9PIC\u00c9 \u2013 BOIS\u00c9 \u2013 SAVEURS DE MANGUE<\/p>\n<p>DOULEUR \u2013 STRESS \u2013 INFLAMMATION \u2013 D\u00c9PRESSION \u2013 NAUS\u00c9E \u2013 M\u00c9DICAL<\/p>\n<p>\u00c9VOLUANT \u2013 D\u00c9TENDU \u2013 DOUX \u2013 CONCENTR\u00c9 \u2013 HEUREUX EN G\u00c9N\u00c9RAL\/p<\/p>\n","protected":false},"excerpt":{"rendered":"<p>Acheter des cartouches Harlequin Co2 \u00e0 vendre, cartouche harlequin vape, cartouche harlequin cbd vape, &#8230; Achetez des cartouches d&#8217;huile THC Vape Pen, des cartouches THC \u00e0 vendre en ligne. Achetez la cartouche d&#8217;huile CO2 Harlequin 1g en ligne. Cartouches THC britanniques \u00e0 vendre. Achetez des cartouches d&#8217;huile co2 Vape.<\/p>\n<h2>Achetez des cartouches d&#8217;huile de cannabis THC<\/h2>\n<p>le prix du produit est de\u00a0: par cartouche de 1\u00a0g<br \/> <strong>La quantit\u00e9 minimale de commande est\u00a0: 5 cartouches<\/p>\n","protected":false},"featured_media":4409,"comment_status":"open","ping_status":"closed","template":"","meta":[],"product_brand":[],"product_cat":[440],"product_tag":[],"class_list":{"0":"post-4374","1":"product","2":"type-product","3":"status-publish","4":"has-post-thumbnail","6":"product_cat-acheter-huile-de-cannabis-cbd","8":"first","9":"instock","10":"shipping-taxable","11":"purchasable","12":"product-type-variable","13":"has-default-attributes"},"yoast_head":"<!-- This site is optimized with the Yoast SEO plugin v27.3 - https:\/\/yoast.com\/product\/yoast-seo-wordpress\/ -->\n<title>Acheter la cartouche d&#039;huile de CO2 Harlequin 1g en ligne - Best Global Meds<\/title>\n<meta name=\"description\" content=\"Acheter des cartouches Harlequin Co2 \u00e0 vendre, cartouche harlequin vape, cartouche harlequin cbd vape, ... Acheter des cartouches d&#039;huile THC Vape Pen, des cartouches THC \u00e0 vendre en ligne. Achetez la cartouche d&#039;huile CO2 Harlequin 1g en ligne. Cartouches THC britanniques \u00e0 vendre. Achetez des cartouches d&#039;huile co2 Vape.\" \/>\n<meta name=\"robots\" content=\"index, follow, max-snippet:-1, max-image-preview:large, max-video-preview:-1\" \/>\n<link rel=\"canonical\" href=\"https:\/\/medicinasinc.com\/fr\/product\/acheter-harlequin-huile-co2-cartouche-1g\/\" \/>\n<meta property=\"og:locale\" content=\"en_US\" \/>\n<meta property=\"og:type\" content=\"article\" \/>\n<meta property=\"og:title\" content=\"Acheter la cartouche d&#039;huile de CO2 Harlequin 1g en ligne - Best Global Meds\" \/>\n<meta property=\"og:description\" content=\"Acheter des cartouches Harlequin Co2 \u00e0 vendre, cartouche harlequin vape, cartouche harlequin cbd vape, ... Acheter des cartouches d&#039;huile THC Vape Pen, des cartouches THC \u00e0 vendre en ligne. Achetez la cartouche d&#039;huile CO2 Harlequin 1g en ligne. Cartouches THC britanniques \u00e0 vendre. Achetez des cartouches d&#039;huile co2 Vape.\" \/>\n<meta property=\"og:url\" content=\"https:\/\/medicinasinc.com\/fr\/product\/acheter-harlequin-huile-co2-cartouche-1g\/\" \/>\n<meta property=\"og:site_name\" content=\"Medicinas Inc\" \/>\n<meta property=\"article:modified_time\" content=\"2022-03-17T12:35:40+00:00\" \/>\n<meta property=\"og:image\" content=\"https:\/\/medicinasinc.com\/fr\/wp-content\/uploads\/sites\/5\/2022\/02\/Buy-Harlequin-CO2-Oil-1g-Cartridge-Online.jpg\" \/>\n\t<meta property=\"og:image:width\" content=\"600\" \/>\n\t<meta property=\"og:image:height\" content=\"600\" \/>\n\t<meta property=\"og:image:type\" content=\"image\/jpeg\" \/>\n<meta name=\"twitter:card\" content=\"summary_large_image\" \/>\n<meta name=\"twitter:label1\" content=\"Est. reading time\" \/>\n\t<meta name=\"twitter:data1\" content=\"1 minute\" \/>\n<script type=\"application\/ld+json\" class=\"yoast-schema-graph\">{\"@context\":\"https:\\\/\\\/schema.org\",\"@graph\":[{\"@type\":\"WebPage\",\"@id\":\"https:\\\/\\\/medicinasinc.com\\\/fr\\\/product\\\/acheter-harlequin-huile-co2-cartouche-1g\\\/\",\"url\":\"https:\\\/\\\/medicinasinc.com\\\/fr\\\/product\\\/acheter-harlequin-huile-co2-cartouche-1g\\\/\",\"name\":\"Acheter la cartouche d'huile de CO2 Harlequin 1g en ligne - Best Global Meds\",\"isPartOf\":{\"@id\":\"https:\\\/\\\/medicinasinc.com\\\/fr\\\/#website\"},\"primaryImageOfPage\":{\"@id\":\"https:\\\/\\\/medicinasinc.com\\\/fr\\\/product\\\/acheter-harlequin-huile-co2-cartouche-1g\\\/#primaryimage\"},\"image\":{\"@id\":\"https:\\\/\\\/medicinasinc.com\\\/fr\\\/product\\\/acheter-harlequin-huile-co2-cartouche-1g\\\/#primaryimage\"},\"thumbnailUrl\":\"https:\\\/\\\/medicinasinc.com\\\/fr\\\/wp-content\\\/uploads\\\/sites\\\/5\\\/2022\\\/02\\\/Buy-Harlequin-CO2-Oil-1g-Cartridge-Online.jpg\",\"datePublished\":\"2022-02-20T08:40:15+00:00\",\"dateModified\":\"2022-03-17T12:35:40+00:00\",\"description\":\"Acheter des cartouches Harlequin Co2 \u00e0 vendre, cartouche harlequin vape, cartouche harlequin cbd vape, ... Acheter des cartouches d'huile THC Vape Pen, des cartouches THC \u00e0 vendre en ligne. Achetez la cartouche d'huile CO2 Harlequin 1g en ligne. Cartouches THC britanniques \u00e0 vendre. Achetez des cartouches d'huile co2 Vape.\",\"breadcrumb\":{\"@id\":\"https:\\\/\\\/medicinasinc.com\\\/fr\\\/product\\\/acheter-harlequin-huile-co2-cartouche-1g\\\/#breadcrumb\"},\"inLanguage\":\"en-US\",\"potentialAction\":[{\"@type\":\"ReadAction\",\"target\":[\"https:\\\/\\\/medicinasinc.com\\\/fr\\\/product\\\/acheter-harlequin-huile-co2-cartouche-1g\\\/\"]}]},{\"@type\":\"ImageObject\",\"inLanguage\":\"en-US\",\"@id\":\"https:\\\/\\\/medicinasinc.com\\\/fr\\\/product\\\/acheter-harlequin-huile-co2-cartouche-1g\\\/#primaryimage\",\"url\":\"https:\\\/\\\/medicinasinc.com\\\/fr\\\/wp-content\\\/uploads\\\/sites\\\/5\\\/2022\\\/02\\\/Buy-Harlequin-CO2-Oil-1g-Cartridge-Online.jpg\",\"contentUrl\":\"https:\\\/\\\/medicinasinc.com\\\/fr\\\/wp-content\\\/uploads\\\/sites\\\/5\\\/2022\\\/02\\\/Buy-Harlequin-CO2-Oil-1g-Cartridge-Online.jpg\",\"width\":600,\"height\":600},{\"@type\":\"BreadcrumbList\",\"@id\":\"https:\\\/\\\/medicinasinc.com\\\/fr\\\/product\\\/acheter-harlequin-huile-co2-cartouche-1g\\\/#breadcrumb\",\"itemListElement\":[{\"@type\":\"ListItem\",\"position\":1,\"name\":\"Boutique\",\"item\":\"https:\\\/\\\/medicinasinc.com\\\/fr\\\/boutique\\\/\"},{\"@type\":\"ListItem\",\"position\":2,\"name\":\"Acheter cartouche d&#8217;huile CO2 Harlequin 1g\"}]},{\"@type\":\"WebSite\",\"@id\":\"https:\\\/\\\/medicinasinc.com\\\/fr\\\/#website\",\"url\":\"https:\\\/\\\/medicinasinc.com\\\/fr\\\/\",\"name\":\"Medicinas Inc\",\"description\":\"Health Medical Clinic\",\"potentialAction\":[{\"@type\":\"SearchAction\",\"target\":{\"@type\":\"EntryPoint\",\"urlTemplate\":\"https:\\\/\\\/medicinasinc.com\\\/fr\\\/?s={search_term_string}\"},\"query-input\":{\"@type\":\"PropertyValueSpecification\",\"valueRequired\":true,\"valueName\":\"search_term_string\"}}],\"inLanguage\":\"en-US\"}]}<\/script>\n<!-- \/ Yoast SEO plugin. -->","yoast_head_json":{"title":"Acheter la cartouche d'huile de CO2 Harlequin 1g en ligne - Best Global Meds","description":"Acheter des cartouches Harlequin Co2 \u00e0 vendre, cartouche harlequin vape, cartouche harlequin cbd vape, ... Acheter des cartouches d'huile THC Vape Pen, des cartouches THC \u00e0 vendre en ligne. Achetez la cartouche d'huile CO2 Harlequin 1g en ligne. Cartouches THC britanniques \u00e0 vendre. Achetez des cartouches d'huile co2 Vape.","robots":{"index":"index","follow":"follow","max-snippet":"max-snippet:-1","max-image-preview":"max-image-preview:large","max-video-preview":"max-video-preview:-1"},"canonical":"https:\/\/medicinasinc.com\/fr\/product\/acheter-harlequin-huile-co2-cartouche-1g\/","og_locale":"en_US","og_type":"article","og_title":"Acheter la cartouche d'huile de CO2 Harlequin 1g en ligne - Best Global Meds","og_description":"Acheter des cartouches Harlequin Co2 \u00e0 vendre, cartouche harlequin vape, cartouche harlequin cbd vape, ... Acheter des cartouches d'huile THC Vape Pen, des cartouches THC \u00e0 vendre en ligne. Achetez la cartouche d'huile CO2 Harlequin 1g en ligne. Cartouches THC britanniques \u00e0 vendre. Achetez des cartouches d'huile co2 Vape.","og_url":"https:\/\/medicinasinc.com\/fr\/product\/acheter-harlequin-huile-co2-cartouche-1g\/","og_site_name":"Medicinas Inc","article_modified_time":"2022-03-17T12:35:40+00:00","og_image":[{"width":600,"height":600,"url":"https:\/\/medicinasinc.com\/fr\/wp-content\/uploads\/sites\/5\/2022\/02\/Buy-Harlequin-CO2-Oil-1g-Cartridge-Online.jpg","type":"image\/jpeg"}],"twitter_card":"summary_large_image","twitter_misc":{"Est. reading time":"1 minute"},"schema":{"@context":"https:\/\/schema.org","@graph":[{"@type":"WebPage","@id":"https:\/\/medicinasinc.com\/fr\/product\/acheter-harlequin-huile-co2-cartouche-1g\/","url":"https:\/\/medicinasinc.com\/fr\/product\/acheter-harlequin-huile-co2-cartouche-1g\/","name":"Acheter la cartouche d'huile de CO2 Harlequin 1g en ligne - Best Global Meds","isPartOf":{"@id":"https:\/\/medicinasinc.com\/fr\/#website"},"primaryImageOfPage":{"@id":"https:\/\/medicinasinc.com\/fr\/product\/acheter-harlequin-huile-co2-cartouche-1g\/#primaryimage"},"image":{"@id":"https:\/\/medicinasinc.com\/fr\/product\/acheter-harlequin-huile-co2-cartouche-1g\/#primaryimage"},"thumbnailUrl":"https:\/\/medicinasinc.com\/fr\/wp-content\/uploads\/sites\/5\/2022\/02\/Buy-Harlequin-CO2-Oil-1g-Cartridge-Online.jpg","datePublished":"2022-02-20T08:40:15+00:00","dateModified":"2022-03-17T12:35:40+00:00","description":"Acheter des cartouches Harlequin Co2 \u00e0 vendre, cartouche harlequin vape, cartouche harlequin cbd vape, ... Acheter des cartouches d'huile THC Vape Pen, des cartouches THC \u00e0 vendre en ligne. Achetez la cartouche d'huile CO2 Harlequin 1g en ligne. Cartouches THC britanniques \u00e0 vendre. Achetez des cartouches d'huile co2 Vape.","breadcrumb":{"@id":"https:\/\/medicinasinc.com\/fr\/product\/acheter-harlequin-huile-co2-cartouche-1g\/#breadcrumb"},"inLanguage":"en-US","potentialAction":[{"@type":"ReadAction","target":["https:\/\/medicinasinc.com\/fr\/product\/acheter-harlequin-huile-co2-cartouche-1g\/"]}]},{"@type":"ImageObject","inLanguage":"en-US","@id":"https:\/\/medicinasinc.com\/fr\/product\/acheter-harlequin-huile-co2-cartouche-1g\/#primaryimage","url":"https:\/\/medicinasinc.com\/fr\/wp-content\/uploads\/sites\/5\/2022\/02\/Buy-Harlequin-CO2-Oil-1g-Cartridge-Online.jpg","contentUrl":"https:\/\/medicinasinc.com\/fr\/wp-content\/uploads\/sites\/5\/2022\/02\/Buy-Harlequin-CO2-Oil-1g-Cartridge-Online.jpg","width":600,"height":600},{"@type":"BreadcrumbList","@id":"https:\/\/medicinasinc.com\/fr\/product\/acheter-harlequin-huile-co2-cartouche-1g\/#breadcrumb","itemListElement":[{"@type":"ListItem","position":1,"name":"Boutique","item":"https:\/\/medicinasinc.com\/fr\/boutique\/"},{"@type":"ListItem","position":2,"name":"Acheter cartouche d&#8217;huile CO2 Harlequin 1g"}]},{"@type":"WebSite","@id":"https:\/\/medicinasinc.com\/fr\/#website","url":"https:\/\/medicinasinc.com\/fr\/","name":"Medicinas Inc","description":"Health Medical Clinic","potentialAction":[{"@type":"SearchAction","target":{"@type":"EntryPoint","urlTemplate":"https:\/\/medicinasinc.com\/fr\/?s={search_term_string}"},"query-input":{"@type":"PropertyValueSpecification","valueRequired":true,"valueName":"search_term_string"}}],"inLanguage":"en-US"}]}},"_links":{"self":[{"href":"https:\/\/medicinasinc.com\/fr\/wp-json\/wp\/v2\/product\/4374","targetHints":{"allow":["GET"]}}],"collection":[{"href":"https:\/\/medicinasinc.com\/fr\/wp-json\/wp\/v2\/product"}],"about":[{"href":"https:\/\/medicinasinc.com\/fr\/wp-json\/wp\/v2\/types\/product"}],"replies":[{"embeddable":true,"href":"https:\/\/medicinasinc.com\/fr\/wp-json\/wp\/v2\/comments?post=4374"}],"wp:featuredmedia":[{"embeddable":true,"href":"https:\/\/medicinasinc.com\/fr\/wp-json\/wp\/v2\/media\/4409"}],"wp:attachment":[{"href":"https:\/\/medicinasinc.com\/fr\/wp-json\/wp\/v2\/media?parent=4374"}],"wp:term":[{"taxonomy":"product_brand","embeddable":true,"href":"https:\/\/medicinasinc.com\/fr\/wp-json\/wp\/v2\/product_brand?post=4374"},{"taxonomy":"product_cat","embeddable":true,"href":"https:\/\/medicinasinc.com\/fr\/wp-json\/wp\/v2\/product_cat?post=4374"},{"taxonomy":"product_tag","embeddable":true,"href":"https:\/\/medicinasinc.com\/fr\/wp-json\/wp\/v2\/product_tag?post=4374"}],"curies":[{"name":"wp","href":"https:\/\/api.w.org\/{rel}","templated":true}]}}