{"id":4367,"date":"2022-02-20T08:35:49","date_gmt":"2022-02-20T08:35:49","guid":{"rendered":"https:\/\/medicinasinc.com\/fr\/?post_type=product&#038;p=4367"},"modified":"2022-03-17T12:35:50","modified_gmt":"2022-03-17T12:35:50","slug":"acheter-cannatonic-co2-huile-cartouche","status":"publish","type":"product","link":"https:\/\/medicinasinc.com\/fr\/product\/acheter-cannatonic-co2-huile-cartouche\/","title":{"rendered":"Acheter Cartouche d&#8217;huile Cannatonic CO2"},"content":{"rendered":"<p>Achetez des cartouches d&#8217;huile de cannabis Rick Simpson 1g en ligne aux \u00c9tats-Unis d&#8217;Am\u00e9rique.<\/p>\n<p>Achetez des cartouches d&#8217;huile de cannabis Rick Simpson 1g en ligne aux \u00c9tats-Unis d&#8217;Am\u00e9rique.<\/p>\n<p>Apr\u00e8s avoir tremp\u00e9 le meilleur cannabis dans du naphta pur ou de l&#8217;alcool isopropylique, des compos\u00e9s th\u00e9rapeutiques sont extraits de la plante, laissant un liquide semblable \u00e0 du goudron lorsque le solvant s&#8217;\u00e9vapore compl\u00e8tement. Nous obtenons une huile de cannabis Rick Simpson de haute qualit\u00e9. Cela peut \u00eatre pris par voie orale ou appliqu\u00e9 directement sur la peau.<\/p>\n<p>Washington, DC, huile de Rick Simpson<\/p>\n<p>L&#8217;huile de Rick Simpson est une solution vaporis\u00e9e d\u00e9riv\u00e9e du cannabis. C&#8217;\u00e9tait un moyen de sortir du cancer pour beaucoup de gens. De plus, l&#8217;huile est appel\u00e9e huile de chanvre Rick Simpson et huile de cannabis Rick Simpson.<\/p>\n<p>Si vous vous \u00eates pench\u00e9 sur la marijuana \u00e0 des fins m\u00e9dicales, vous avez peut-\u00eatre rencontr\u00e9 l&#8217;huile de Rick Simpson. RSO est un extrait de cannabis unique en son genre qui tire son nom d&#8217;un homme nomm\u00e9, vous l&#8217;avez devin\u00e9, Rick Simpson.<\/p>\n<p>C&#8217;est un extrait de cannabis extr\u00eamement puissant avec des concentrations \u00e9lev\u00e9es de THC, le psychoactif composant du cannabis. L&#8217;huile est produite en concentrant la teneur en THC de fleurs indicatrices s\u00e9ch\u00e9es \u00e0 l&#8217;aide d&#8217;un soluble. Indica est pr\u00e9f\u00e9r\u00e9e aux autres vari\u00e9t\u00e9s en raison de ses effets s\u00e9datifs. En raison de la forte concentration de mati\u00e8re v\u00e9g\u00e9tale et de l&#8217;absence d&#8217;huiles de transport, l&#8217;huile r\u00e9sultante est de couleur terre fonc\u00e9e et \u00e9paisse, contrairement aux nombreux concentr\u00e9s que nous avons l&#8217;habitude de voir.<\/p>\n<p>L&#8217;huile a \u00e9t\u00e9 d\u00e9couverte en 2003. Rick Simpson a \u00e9t\u00e9 diagnostiqu\u00e9 avec un type de cancer de la peau et s&#8217;est tourn\u00e9 vers le cannabis pour le traitement. Il a r\u00e9cemment demand\u00e9 si le cannabis pouvait l&#8217;aider \u00e0 soulager ses divers maux, mais il n&#8217;a rencontr\u00e9 que du m\u00e9contentement. Il a cherch\u00e9 la plante par lui-m\u00eame et a cru que cela calmait ses indications. Lorsqu&#8217;il a r\u00e9alis\u00e9 qu&#8217;il avait un cancer, il a examin\u00e9 une enqu\u00eate qui a d\u00e9couvert que le cannabis pouvait r\u00e9duire les tumeurs chez les souris et a choisi de tenter un arrangement efficace avec du cannabis.<\/p>\n<p>Pendant quatre jours, il a appliqu\u00e9 des concentr\u00e9s de cannabis sur de la gaze et a couvert ses tumeurs. Quand il a \u00e9limin\u00e9 les andains, les tumeurs ont disparu. Cette r\u00e9v\u00e9lation a incit\u00e9 la cr\u00e9ation de Rick Simpson Oil. Il a commenc\u00e9 \u00e0 partager ses id\u00e9es, en tout cas, en r\u00e9coltant du cannabis et en produisant de l&#8217;huile pour d&#8217;autres qui en \u00e9taient priv\u00e9s avant de rencontrer des difficult\u00e9s juridiques. Pour le moment, Rick Simpson encourage les autres \u00e0 fabriquer leur propre huile et fournit des lignes directrices.<\/p>\n<p>Si vous recherchez la meilleure huile au monde, l&#8217;huile de Rick Simpson Washington est votre meilleur pari. Nous fournissons \u00e0 Washington de l&#8217;huile pure de Rick Simpson. Passez votre commande maintenant et elle sera livr\u00e9e \u00e0 votre porte dans quelques jours.<\/p>\n<p>Un m\u00e9dicament \u00e0 la fois s\u00fbr et efficace<br \/> L&#8217;huile de cannabis Rick Simpson est dans une classe \u00e0 part en raison de sa non -caract\u00e8re toxique. Si vous cherchez un moyen s\u00fbr de traiter le cancer ou une vari\u00e9t\u00e9 d&#8217;autres maux, l&#8217;huile de chanvre Rick Simpson peut \u00eatre la r\u00e9ponse. Vous n&#8217;avez m\u00eame pas besoin de la supervision d&#8217;un m\u00e9decin pour utiliser cette huile.<\/p>\n","protected":false},"excerpt":{"rendered":"<p>Achetez des cartouches d&#8217;huile de CO2 Cannatonic en toute s\u00e9curit\u00e9 et \u00e0 un prix abordable en ligne. D\u00e9couvrez une s\u00e9lection vari\u00e9e de produits de marijuana de haute qualit\u00e9 \u00e0 vendre aux \u00c9tats-Unis d&#8217;Am\u00e9rique, en Europe et au Royaume-Uni\u00a0!<\/p>\n<p>Achetez des cartouches d&#8217;huile de cannabis Rick Simpson 1g en ligne aux \u00c9tats-Unis d&#8217;Am\u00e9rique.<\/p>\n<p>L&#8217;huile de cannabis Rick Simpson est disponible dans une vari\u00e9t\u00e9 de vari\u00e9t\u00e9s. Diff\u00e9rent CBD &amp; Concentrations de THC pour le cancer &amp; plus.<\/p>\n<p>Achetez des cartouches d&#8217;huile de cannabis Rick Simpson 1g<\/p>\n<p>Le prix du produit est le suivant\u00a0: par cartouche de 1g<br \/> Une quantit\u00e9 minimale de commande de 5 cartouches est requise. <\/p>\n","protected":false},"featured_media":4402,"comment_status":"open","ping_status":"closed","template":"","meta":[],"product_brand":[],"product_cat":[440],"product_tag":[452,469,465,466,467,477,470,475,471,473,468,460,476,458,459,456,457,461,464,454,451,455,463,462,472,474,453,479,478,480],"class_list":{"0":"post-4367","1":"product","2":"type-product","3":"status-publish","4":"has-post-thumbnail","6":"product_cat-acheter-huile-de-cannabis-cbd","7":"product_tag-acheter-cannatonic-co2-huile-cartouche","8":"product_tag-acheter-de-lherbe-aux-tats-unis","9":"product_tag-acheter-de-l-herbe-en-australie","10":"product_tag-acheter-de-l-herbe-en-france","11":"product_tag-acheter-de-l-herbe-en-irlande","12":"product_tag-acheter-de-l-herbe-en-ligne","13":"product_tag-acheter-de-lherbe-en-ligne","14":"product_tag-acheter-de-l-herbe-en-ligne-royaume-uni","15":"product_tag-acheter-de-lherbe-en-ligne-bitcoin","16":"product_tag-acheter-herbe-en-ligne-europe","17":"product_tag-acheter-de-l-herbe-en-suisse","18":"product_tag-acheter-de-la-cire-de-marijuana-en-ligne-etats-unis","19":"product_tag-achat-de-marijuana-en-ligne","20":"product_tag-acheter-de-la-marijuana-en-ligne-aux-etats-unis","21":"product_tag-acheter-marijuana-en-ligne-usa","22":"product_tag-acheter-de-la-marijuana-en-ligne-bitcoin","23":"product_tag-acheter-marijuana-en-ligne-europe","24":"product_tag-acheter-de-la-marijuana-medicale-en-ligne","25":"product_tag-acheter-moonrocks-en-ligne","26":"product_tag-acheter-marijuana-comestibles-en-ligne","27":"product_tag-acheter-du-cannabis-avec-bitcoin","28":"product_tag-acheter-de-la-marijuana-en-ligne","29":"product_tag-acheter-moonrock-en-ligne-france","30":"product_tag-acheter-moonrock-en-ligne-bitcoin","31":"product_tag-acheter-de-lherbe-en-ligne-discretement","32":"product_tag-acheter-de-lherbe-en-ligne-lgalement","33":"product_tag-acheter-cannatonic-co2-huile-cartouche-en-ligne","34":"product_tag-marijuana--vendre","35":"product_tag-kush-for-sale","36":"product_tag-o-acheter-de-la-marijuana-en-ligne","38":"first","39":"instock","40":"shipping-taxable","41":"purchasable","42":"product-type-variable","43":"has-default-attributes"},"yoast_head":"<!-- This site is optimized with the Yoast SEO plugin v27.3 - https:\/\/yoast.com\/product\/yoast-seo-wordpress\/ -->\n<title>Acheter Cannatonic CO2 Oil 1g cartouche en ligne (Copie) - Best Global Meds<\/title>\n<meta name=\"description\" content=\"Achetez des cartouches d&#039;huile Cannatonic CO2 en vente en ligne en toute s\u00e9curit\u00e9 \u00e0 des prix abordables. D\u00e9couvrez une large gamme de produits de cannabis de qualit\u00e9 \u00e0 vendre aux \u00c9tats-Unis, dans l&#039;UE et au Royaume-Uni\u00a0!\" \/>\n<meta name=\"robots\" content=\"index, follow, max-snippet:-1, max-image-preview:large, max-video-preview:-1\" \/>\n<link rel=\"canonical\" href=\"https:\/\/medicinasinc.com\/fr\/product\/acheter-cannatonic-co2-huile-cartouche\/\" \/>\n<meta property=\"og:locale\" content=\"en_US\" \/>\n<meta property=\"og:type\" content=\"article\" \/>\n<meta property=\"og:title\" content=\"Acheter Cannatonic CO2 Oil 1g cartouche en ligne (Copie) - Best Global Meds\" \/>\n<meta property=\"og:description\" content=\"Achetez des cartouches d&#039;huile Cannatonic CO2 en vente en ligne en toute s\u00e9curit\u00e9 \u00e0 des prix abordables. D\u00e9couvrez une large gamme de produits de cannabis de qualit\u00e9 \u00e0 vendre aux \u00c9tats-Unis, dans l&#039;UE et au Royaume-Uni\u00a0!\" \/>\n<meta property=\"og:url\" content=\"https:\/\/medicinasinc.com\/fr\/product\/acheter-cannatonic-co2-huile-cartouche\/\" \/>\n<meta property=\"og:site_name\" content=\"Medicinas Inc\" \/>\n<meta property=\"article:modified_time\" content=\"2022-03-17T12:35:50+00:00\" \/>\n<meta property=\"og:image\" content=\"https:\/\/medicinasinc.com\/fr\/wp-content\/uploads\/sites\/5\/2022\/02\/Buy-Cannatonic-CO2-Oil-Cartridge.png\" \/>\n\t<meta property=\"og:image:width\" content=\"542\" \/>\n\t<meta property=\"og:image:height\" content=\"420\" \/>\n\t<meta property=\"og:image:type\" content=\"image\/png\" \/>\n<meta name=\"twitter:card\" content=\"summary_large_image\" \/>\n<meta name=\"twitter:label1\" content=\"Est. reading time\" \/>\n\t<meta name=\"twitter:data1\" content=\"3 minutes\" \/>\n<script type=\"application\/ld+json\" class=\"yoast-schema-graph\">{\"@context\":\"https:\\\/\\\/schema.org\",\"@graph\":[{\"@type\":\"WebPage\",\"@id\":\"https:\\\/\\\/medicinasinc.com\\\/fr\\\/product\\\/acheter-cannatonic-co2-huile-cartouche\\\/\",\"url\":\"https:\\\/\\\/medicinasinc.com\\\/fr\\\/product\\\/acheter-cannatonic-co2-huile-cartouche\\\/\",\"name\":\"Acheter Cannatonic CO2 Oil 1g cartouche en ligne (Copie) - Best Global Meds\",\"isPartOf\":{\"@id\":\"https:\\\/\\\/medicinasinc.com\\\/fr\\\/#website\"},\"primaryImageOfPage\":{\"@id\":\"https:\\\/\\\/medicinasinc.com\\\/fr\\\/product\\\/acheter-cannatonic-co2-huile-cartouche\\\/#primaryimage\"},\"image\":{\"@id\":\"https:\\\/\\\/medicinasinc.com\\\/fr\\\/product\\\/acheter-cannatonic-co2-huile-cartouche\\\/#primaryimage\"},\"thumbnailUrl\":\"https:\\\/\\\/medicinasinc.com\\\/fr\\\/wp-content\\\/uploads\\\/sites\\\/5\\\/2022\\\/02\\\/Buy-Cannatonic-CO2-Oil-Cartridge.png\",\"datePublished\":\"2022-02-20T08:35:49+00:00\",\"dateModified\":\"2022-03-17T12:35:50+00:00\",\"description\":\"Achetez des cartouches d'huile Cannatonic CO2 en vente en ligne en toute s\u00e9curit\u00e9 \u00e0 des prix abordables. D\u00e9couvrez une large gamme de produits de cannabis de qualit\u00e9 \u00e0 vendre aux \u00c9tats-Unis, dans l'UE et au Royaume-Uni\u00a0!\",\"breadcrumb\":{\"@id\":\"https:\\\/\\\/medicinasinc.com\\\/fr\\\/product\\\/acheter-cannatonic-co2-huile-cartouche\\\/#breadcrumb\"},\"inLanguage\":\"en-US\",\"potentialAction\":[{\"@type\":\"ReadAction\",\"target\":[\"https:\\\/\\\/medicinasinc.com\\\/fr\\\/product\\\/acheter-cannatonic-co2-huile-cartouche\\\/\"]}]},{\"@type\":\"ImageObject\",\"inLanguage\":\"en-US\",\"@id\":\"https:\\\/\\\/medicinasinc.com\\\/fr\\\/product\\\/acheter-cannatonic-co2-huile-cartouche\\\/#primaryimage\",\"url\":\"https:\\\/\\\/medicinasinc.com\\\/fr\\\/wp-content\\\/uploads\\\/sites\\\/5\\\/2022\\\/02\\\/Buy-Cannatonic-CO2-Oil-Cartridge.png\",\"contentUrl\":\"https:\\\/\\\/medicinasinc.com\\\/fr\\\/wp-content\\\/uploads\\\/sites\\\/5\\\/2022\\\/02\\\/Buy-Cannatonic-CO2-Oil-Cartridge.png\",\"width\":542,\"height\":420},{\"@type\":\"BreadcrumbList\",\"@id\":\"https:\\\/\\\/medicinasinc.com\\\/fr\\\/product\\\/acheter-cannatonic-co2-huile-cartouche\\\/#breadcrumb\",\"itemListElement\":[{\"@type\":\"ListItem\",\"position\":1,\"name\":\"Boutique\",\"item\":\"https:\\\/\\\/medicinasinc.com\\\/fr\\\/boutique\\\/\"},{\"@type\":\"ListItem\",\"position\":2,\"name\":\"Acheter Cartouche d&#8217;huile Cannatonic CO2\"}]},{\"@type\":\"WebSite\",\"@id\":\"https:\\\/\\\/medicinasinc.com\\\/fr\\\/#website\",\"url\":\"https:\\\/\\\/medicinasinc.com\\\/fr\\\/\",\"name\":\"Medicinas Inc\",\"description\":\"Health Medical Clinic\",\"potentialAction\":[{\"@type\":\"SearchAction\",\"target\":{\"@type\":\"EntryPoint\",\"urlTemplate\":\"https:\\\/\\\/medicinasinc.com\\\/fr\\\/?s={search_term_string}\"},\"query-input\":{\"@type\":\"PropertyValueSpecification\",\"valueRequired\":true,\"valueName\":\"search_term_string\"}}],\"inLanguage\":\"en-US\"}]}<\/script>\n<!-- \/ Yoast SEO plugin. -->","yoast_head_json":{"title":"Acheter Cannatonic CO2 Oil 1g cartouche en ligne (Copie) - Best Global Meds","description":"Achetez des cartouches d'huile Cannatonic CO2 en vente en ligne en toute s\u00e9curit\u00e9 \u00e0 des prix abordables. D\u00e9couvrez une large gamme de produits de cannabis de qualit\u00e9 \u00e0 vendre aux \u00c9tats-Unis, dans l'UE et au Royaume-Uni\u00a0!","robots":{"index":"index","follow":"follow","max-snippet":"max-snippet:-1","max-image-preview":"max-image-preview:large","max-video-preview":"max-video-preview:-1"},"canonical":"https:\/\/medicinasinc.com\/fr\/product\/acheter-cannatonic-co2-huile-cartouche\/","og_locale":"en_US","og_type":"article","og_title":"Acheter Cannatonic CO2 Oil 1g cartouche en ligne (Copie) - Best Global Meds","og_description":"Achetez des cartouches d'huile Cannatonic CO2 en vente en ligne en toute s\u00e9curit\u00e9 \u00e0 des prix abordables. D\u00e9couvrez une large gamme de produits de cannabis de qualit\u00e9 \u00e0 vendre aux \u00c9tats-Unis, dans l'UE et au Royaume-Uni\u00a0!","og_url":"https:\/\/medicinasinc.com\/fr\/product\/acheter-cannatonic-co2-huile-cartouche\/","og_site_name":"Medicinas Inc","article_modified_time":"2022-03-17T12:35:50+00:00","og_image":[{"width":542,"height":420,"url":"https:\/\/medicinasinc.com\/fr\/wp-content\/uploads\/sites\/5\/2022\/02\/Buy-Cannatonic-CO2-Oil-Cartridge.png","type":"image\/png"}],"twitter_card":"summary_large_image","twitter_misc":{"Est. reading time":"3 minutes"},"schema":{"@context":"https:\/\/schema.org","@graph":[{"@type":"WebPage","@id":"https:\/\/medicinasinc.com\/fr\/product\/acheter-cannatonic-co2-huile-cartouche\/","url":"https:\/\/medicinasinc.com\/fr\/product\/acheter-cannatonic-co2-huile-cartouche\/","name":"Acheter Cannatonic CO2 Oil 1g cartouche en ligne (Copie) - Best Global Meds","isPartOf":{"@id":"https:\/\/medicinasinc.com\/fr\/#website"},"primaryImageOfPage":{"@id":"https:\/\/medicinasinc.com\/fr\/product\/acheter-cannatonic-co2-huile-cartouche\/#primaryimage"},"image":{"@id":"https:\/\/medicinasinc.com\/fr\/product\/acheter-cannatonic-co2-huile-cartouche\/#primaryimage"},"thumbnailUrl":"https:\/\/medicinasinc.com\/fr\/wp-content\/uploads\/sites\/5\/2022\/02\/Buy-Cannatonic-CO2-Oil-Cartridge.png","datePublished":"2022-02-20T08:35:49+00:00","dateModified":"2022-03-17T12:35:50+00:00","description":"Achetez des cartouches d'huile Cannatonic CO2 en vente en ligne en toute s\u00e9curit\u00e9 \u00e0 des prix abordables. D\u00e9couvrez une large gamme de produits de cannabis de qualit\u00e9 \u00e0 vendre aux \u00c9tats-Unis, dans l'UE et au Royaume-Uni\u00a0!","breadcrumb":{"@id":"https:\/\/medicinasinc.com\/fr\/product\/acheter-cannatonic-co2-huile-cartouche\/#breadcrumb"},"inLanguage":"en-US","potentialAction":[{"@type":"ReadAction","target":["https:\/\/medicinasinc.com\/fr\/product\/acheter-cannatonic-co2-huile-cartouche\/"]}]},{"@type":"ImageObject","inLanguage":"en-US","@id":"https:\/\/medicinasinc.com\/fr\/product\/acheter-cannatonic-co2-huile-cartouche\/#primaryimage","url":"https:\/\/medicinasinc.com\/fr\/wp-content\/uploads\/sites\/5\/2022\/02\/Buy-Cannatonic-CO2-Oil-Cartridge.png","contentUrl":"https:\/\/medicinasinc.com\/fr\/wp-content\/uploads\/sites\/5\/2022\/02\/Buy-Cannatonic-CO2-Oil-Cartridge.png","width":542,"height":420},{"@type":"BreadcrumbList","@id":"https:\/\/medicinasinc.com\/fr\/product\/acheter-cannatonic-co2-huile-cartouche\/#breadcrumb","itemListElement":[{"@type":"ListItem","position":1,"name":"Boutique","item":"https:\/\/medicinasinc.com\/fr\/boutique\/"},{"@type":"ListItem","position":2,"name":"Acheter Cartouche d&#8217;huile Cannatonic CO2"}]},{"@type":"WebSite","@id":"https:\/\/medicinasinc.com\/fr\/#website","url":"https:\/\/medicinasinc.com\/fr\/","name":"Medicinas Inc","description":"Health Medical Clinic","potentialAction":[{"@type":"SearchAction","target":{"@type":"EntryPoint","urlTemplate":"https:\/\/medicinasinc.com\/fr\/?s={search_term_string}"},"query-input":{"@type":"PropertyValueSpecification","valueRequired":true,"valueName":"search_term_string"}}],"inLanguage":"en-US"}]}},"_links":{"self":[{"href":"https:\/\/medicinasinc.com\/fr\/wp-json\/wp\/v2\/product\/4367","targetHints":{"allow":["GET"]}}],"collection":[{"href":"https:\/\/medicinasinc.com\/fr\/wp-json\/wp\/v2\/product"}],"about":[{"href":"https:\/\/medicinasinc.com\/fr\/wp-json\/wp\/v2\/types\/product"}],"replies":[{"embeddable":true,"href":"https:\/\/medicinasinc.com\/fr\/wp-json\/wp\/v2\/comments?post=4367"}],"wp:featuredmedia":[{"embeddable":true,"href":"https:\/\/medicinasinc.com\/fr\/wp-json\/wp\/v2\/media\/4402"}],"wp:attachment":[{"href":"https:\/\/medicinasinc.com\/fr\/wp-json\/wp\/v2\/media?parent=4367"}],"wp:term":[{"taxonomy":"product_brand","embeddable":true,"href":"https:\/\/medicinasinc.com\/fr\/wp-json\/wp\/v2\/product_brand?post=4367"},{"taxonomy":"product_cat","embeddable":true,"href":"https:\/\/medicinasinc.com\/fr\/wp-json\/wp\/v2\/product_cat?post=4367"},{"taxonomy":"product_tag","embeddable":true,"href":"https:\/\/medicinasinc.com\/fr\/wp-json\/wp\/v2\/product_tag?post=4367"}],"curies":[{"name":"wp","href":"https:\/\/api.w.org\/{rel}","templated":true}]}}