{"id":4359,"date":"2022-02-20T08:31:50","date_gmt":"2022-02-20T08:31:50","guid":{"rendered":"https:\/\/medicinasinc.com\/fr\/?post_type=product&#038;p=4359"},"modified":"2022-03-17T12:36:01","modified_gmt":"2022-03-17T12:36:01","slug":"acheter-fab-cbd-huile-300mg-600mg-1200mg","status":"publish","type":"product","link":"https:\/\/medicinasinc.com\/fr\/product\/acheter-fab-cbd-huile-300mg-600mg-1200mg\/","title":{"rendered":"Acheter de l&#8217;huile Fab CBD 300mg, 600mg, 1200mg"},"content":{"rendered":"<p>Les gouttes d&#8217;huile de CBD sont un excellent moyen de promouvoir le bien-\u00eatre et la vitalit\u00e9 en g\u00e9n\u00e9ral. Nous offrons une vari\u00e9t\u00e9 de saveurs d&#8217;huile de chanvre CBD qui sont populaires aupr\u00e8s de nos clients, y compris les agrumes, la menthe, le naturel, les baies et la vanille. L&#8217;ar\u00f4me FAB CBD Oil est d\u00e9riv\u00e9 des meilleurs ingr\u00e9dients. Profitez de la d\u00e9licieuse saveur et de l&#8217;ar\u00f4me de ces huiles CBD aromatis\u00e9es ou de la saveur traditionnelle de notre huile CBD naturelle.<\/p>\n","protected":false},"excerpt":{"rendered":"<p>Acheter de l&#8217;huile Fab CBD 300mg, Acheter de l&#8217;huile Fab CBD 600mg, Acheter fab cbd 2400 mg, de l&#8217;huile de CBD qui vous rend heureux, la meilleure huile d&#8217;isolat de CBD, acheter de la teinture de CBD en ligne, de l&#8217;huile de CBD gnc pour l&#8217;anxi\u00e9t\u00e9, des gouttes comestibles d&#8217;huile de CBD, Amazon fab cbd,fab cbd white label,<\/p>\n<p><strong>La quantit\u00e9 minimum de commande est\u00a0: 5 cartouches<\/strong><\/p>\n","protected":false},"featured_media":4394,"comment_status":"open","ping_status":"closed","template":"","meta":[],"product_brand":[],"product_cat":[440],"product_tag":[445,446,444,443,442,441,449,450,447,448],"class_list":{"0":"post-4359","1":"product","2":"type-product","3":"status-publish","4":"has-post-thumbnail","6":"product_cat-acheter-huile-de-cannabis-cbd","7":"product_tag-acheter-fab-cbd-huile-300mg","8":"product_tag-acheter-fab-cbd-huile-600mg","9":"product_tag-acheter-fab-cbd-2400-mg","10":"product_tag-acheter-teinture-cbd-en-ligne","11":"product_tag-best-cbd-isolate-oil","12":"product_tag-amazon-fab-cbd","13":"product_tag-fab-cbd-white-label","14":"product_tag-gnc-cbd-oil-for-anxiety","15":"product_tag-gouttes-comestibles-huile-cbd","16":"product_tag-huile-cbd-qui-rend-heureux","18":"first","19":"instock","20":"shipping-taxable","21":"purchasable","22":"product-type-variable","23":"has-default-attributes"},"yoast_head":"<!-- This site is optimized with the Yoast SEO plugin v27.3 - https:\/\/yoast.com\/product\/yoast-seo-wordpress\/ -->\n<title>Acheter Fab CBD Oil 300mg, 600mg, 1200mg - Best Global Meds<\/title>\n<meta name=\"description\" content=\"Acheter Fab CBD Oil 300mg, Acheter Fab CBD Oil 600mg, Acheter fab cbd 2400 mg, l&#039;huile de cbd qui vous rend heureux, la meilleure huile d&#039;isolat de cbd, acheter de la teinture cbd en ligne, l&#039;huile gnc cbd pour l&#039;anxi\u00e9t\u00e9, les gouttes comestibles d&#039;huile cbd, amazon fab cbd, fab cbd \u00e9tiquette blanche,\" \/>\n<meta name=\"robots\" content=\"index, follow, max-snippet:-1, max-image-preview:large, max-video-preview:-1\" \/>\n<link rel=\"canonical\" href=\"https:\/\/medicinasinc.com\/fr\/product\/acheter-fab-cbd-huile-300mg-600mg-1200mg\/\" \/>\n<meta property=\"og:locale\" content=\"en_US\" \/>\n<meta property=\"og:type\" content=\"article\" \/>\n<meta property=\"og:title\" content=\"Acheter Fab CBD Oil 300mg, 600mg, 1200mg - Best Global Meds\" \/>\n<meta property=\"og:description\" content=\"Acheter Fab CBD Oil 300mg, Acheter Fab CBD Oil 600mg, Acheter fab cbd 2400 mg, l&#039;huile de cbd qui vous rend heureux, la meilleure huile d&#039;isolat de cbd, acheter de la teinture cbd en ligne, l&#039;huile gnc cbd pour l&#039;anxi\u00e9t\u00e9, les gouttes comestibles d&#039;huile cbd, amazon fab cbd, fab cbd \u00e9tiquette blanche,\" \/>\n<meta property=\"og:url\" content=\"https:\/\/medicinasinc.com\/fr\/product\/acheter-fab-cbd-huile-300mg-600mg-1200mg\/\" \/>\n<meta property=\"og:site_name\" content=\"Medicinas Inc\" \/>\n<meta property=\"article:modified_time\" content=\"2022-03-17T12:36:01+00:00\" \/>\n<meta property=\"og:image\" content=\"https:\/\/medicinasinc.com\/fr\/wp-content\/uploads\/sites\/5\/2022\/02\/Buy-Fab-CBD-Oil.jpg\" \/>\n\t<meta property=\"og:image:width\" content=\"600\" \/>\n\t<meta property=\"og:image:height\" content=\"600\" \/>\n\t<meta property=\"og:image:type\" content=\"image\/jpeg\" \/>\n<meta name=\"twitter:card\" content=\"summary_large_image\" \/>\n<meta name=\"twitter:label1\" content=\"Est. reading time\" \/>\n\t<meta name=\"twitter:data1\" content=\"1 minute\" \/>\n<script type=\"application\/ld+json\" class=\"yoast-schema-graph\">{\"@context\":\"https:\\\/\\\/schema.org\",\"@graph\":[{\"@type\":\"WebPage\",\"@id\":\"https:\\\/\\\/medicinasinc.com\\\/fr\\\/product\\\/acheter-fab-cbd-huile-300mg-600mg-1200mg\\\/\",\"url\":\"https:\\\/\\\/medicinasinc.com\\\/fr\\\/product\\\/acheter-fab-cbd-huile-300mg-600mg-1200mg\\\/\",\"name\":\"Acheter Fab CBD Oil 300mg, 600mg, 1200mg - Best Global Meds\",\"isPartOf\":{\"@id\":\"https:\\\/\\\/medicinasinc.com\\\/fr\\\/#website\"},\"primaryImageOfPage\":{\"@id\":\"https:\\\/\\\/medicinasinc.com\\\/fr\\\/product\\\/acheter-fab-cbd-huile-300mg-600mg-1200mg\\\/#primaryimage\"},\"image\":{\"@id\":\"https:\\\/\\\/medicinasinc.com\\\/fr\\\/product\\\/acheter-fab-cbd-huile-300mg-600mg-1200mg\\\/#primaryimage\"},\"thumbnailUrl\":\"https:\\\/\\\/medicinasinc.com\\\/fr\\\/wp-content\\\/uploads\\\/sites\\\/5\\\/2022\\\/02\\\/Buy-Fab-CBD-Oil.jpg\",\"datePublished\":\"2022-02-20T08:31:50+00:00\",\"dateModified\":\"2022-03-17T12:36:01+00:00\",\"description\":\"Acheter Fab CBD Oil 300mg, Acheter Fab CBD Oil 600mg, Acheter fab cbd 2400 mg, l'huile de cbd qui vous rend heureux, la meilleure huile d'isolat de cbd, acheter de la teinture cbd en ligne, l'huile gnc cbd pour l'anxi\u00e9t\u00e9, les gouttes comestibles d'huile cbd, amazon fab cbd, fab cbd \u00e9tiquette blanche,\",\"breadcrumb\":{\"@id\":\"https:\\\/\\\/medicinasinc.com\\\/fr\\\/product\\\/acheter-fab-cbd-huile-300mg-600mg-1200mg\\\/#breadcrumb\"},\"inLanguage\":\"en-US\",\"potentialAction\":[{\"@type\":\"ReadAction\",\"target\":[\"https:\\\/\\\/medicinasinc.com\\\/fr\\\/product\\\/acheter-fab-cbd-huile-300mg-600mg-1200mg\\\/\"]}]},{\"@type\":\"ImageObject\",\"inLanguage\":\"en-US\",\"@id\":\"https:\\\/\\\/medicinasinc.com\\\/fr\\\/product\\\/acheter-fab-cbd-huile-300mg-600mg-1200mg\\\/#primaryimage\",\"url\":\"https:\\\/\\\/medicinasinc.com\\\/fr\\\/wp-content\\\/uploads\\\/sites\\\/5\\\/2022\\\/02\\\/Buy-Fab-CBD-Oil.jpg\",\"contentUrl\":\"https:\\\/\\\/medicinasinc.com\\\/fr\\\/wp-content\\\/uploads\\\/sites\\\/5\\\/2022\\\/02\\\/Buy-Fab-CBD-Oil.jpg\",\"width\":600,\"height\":600},{\"@type\":\"BreadcrumbList\",\"@id\":\"https:\\\/\\\/medicinasinc.com\\\/fr\\\/product\\\/acheter-fab-cbd-huile-300mg-600mg-1200mg\\\/#breadcrumb\",\"itemListElement\":[{\"@type\":\"ListItem\",\"position\":1,\"name\":\"Boutique\",\"item\":\"https:\\\/\\\/medicinasinc.com\\\/fr\\\/boutique\\\/\"},{\"@type\":\"ListItem\",\"position\":2,\"name\":\"Acheter de l&#8217;huile Fab CBD 300mg, 600mg, 1200mg\"}]},{\"@type\":\"WebSite\",\"@id\":\"https:\\\/\\\/medicinasinc.com\\\/fr\\\/#website\",\"url\":\"https:\\\/\\\/medicinasinc.com\\\/fr\\\/\",\"name\":\"Medicinas Inc\",\"description\":\"Health Medical Clinic\",\"potentialAction\":[{\"@type\":\"SearchAction\",\"target\":{\"@type\":\"EntryPoint\",\"urlTemplate\":\"https:\\\/\\\/medicinasinc.com\\\/fr\\\/?s={search_term_string}\"},\"query-input\":{\"@type\":\"PropertyValueSpecification\",\"valueRequired\":true,\"valueName\":\"search_term_string\"}}],\"inLanguage\":\"en-US\"}]}<\/script>\n<!-- \/ Yoast SEO plugin. -->","yoast_head_json":{"title":"Acheter Fab CBD Oil 300mg, 600mg, 1200mg - Best Global Meds","description":"Acheter Fab CBD Oil 300mg, Acheter Fab CBD Oil 600mg, Acheter fab cbd 2400 mg, l'huile de cbd qui vous rend heureux, la meilleure huile d'isolat de cbd, acheter de la teinture cbd en ligne, l'huile gnc cbd pour l'anxi\u00e9t\u00e9, les gouttes comestibles d'huile cbd, amazon fab cbd, fab cbd \u00e9tiquette blanche,","robots":{"index":"index","follow":"follow","max-snippet":"max-snippet:-1","max-image-preview":"max-image-preview:large","max-video-preview":"max-video-preview:-1"},"canonical":"https:\/\/medicinasinc.com\/fr\/product\/acheter-fab-cbd-huile-300mg-600mg-1200mg\/","og_locale":"en_US","og_type":"article","og_title":"Acheter Fab CBD Oil 300mg, 600mg, 1200mg - Best Global Meds","og_description":"Acheter Fab CBD Oil 300mg, Acheter Fab CBD Oil 600mg, Acheter fab cbd 2400 mg, l'huile de cbd qui vous rend heureux, la meilleure huile d'isolat de cbd, acheter de la teinture cbd en ligne, l'huile gnc cbd pour l'anxi\u00e9t\u00e9, les gouttes comestibles d'huile cbd, amazon fab cbd, fab cbd \u00e9tiquette blanche,","og_url":"https:\/\/medicinasinc.com\/fr\/product\/acheter-fab-cbd-huile-300mg-600mg-1200mg\/","og_site_name":"Medicinas Inc","article_modified_time":"2022-03-17T12:36:01+00:00","og_image":[{"width":600,"height":600,"url":"https:\/\/medicinasinc.com\/fr\/wp-content\/uploads\/sites\/5\/2022\/02\/Buy-Fab-CBD-Oil.jpg","type":"image\/jpeg"}],"twitter_card":"summary_large_image","twitter_misc":{"Est. reading time":"1 minute"},"schema":{"@context":"https:\/\/schema.org","@graph":[{"@type":"WebPage","@id":"https:\/\/medicinasinc.com\/fr\/product\/acheter-fab-cbd-huile-300mg-600mg-1200mg\/","url":"https:\/\/medicinasinc.com\/fr\/product\/acheter-fab-cbd-huile-300mg-600mg-1200mg\/","name":"Acheter Fab CBD Oil 300mg, 600mg, 1200mg - Best Global Meds","isPartOf":{"@id":"https:\/\/medicinasinc.com\/fr\/#website"},"primaryImageOfPage":{"@id":"https:\/\/medicinasinc.com\/fr\/product\/acheter-fab-cbd-huile-300mg-600mg-1200mg\/#primaryimage"},"image":{"@id":"https:\/\/medicinasinc.com\/fr\/product\/acheter-fab-cbd-huile-300mg-600mg-1200mg\/#primaryimage"},"thumbnailUrl":"https:\/\/medicinasinc.com\/fr\/wp-content\/uploads\/sites\/5\/2022\/02\/Buy-Fab-CBD-Oil.jpg","datePublished":"2022-02-20T08:31:50+00:00","dateModified":"2022-03-17T12:36:01+00:00","description":"Acheter Fab CBD Oil 300mg, Acheter Fab CBD Oil 600mg, Acheter fab cbd 2400 mg, l'huile de cbd qui vous rend heureux, la meilleure huile d'isolat de cbd, acheter de la teinture cbd en ligne, l'huile gnc cbd pour l'anxi\u00e9t\u00e9, les gouttes comestibles d'huile cbd, amazon fab cbd, fab cbd \u00e9tiquette blanche,","breadcrumb":{"@id":"https:\/\/medicinasinc.com\/fr\/product\/acheter-fab-cbd-huile-300mg-600mg-1200mg\/#breadcrumb"},"inLanguage":"en-US","potentialAction":[{"@type":"ReadAction","target":["https:\/\/medicinasinc.com\/fr\/product\/acheter-fab-cbd-huile-300mg-600mg-1200mg\/"]}]},{"@type":"ImageObject","inLanguage":"en-US","@id":"https:\/\/medicinasinc.com\/fr\/product\/acheter-fab-cbd-huile-300mg-600mg-1200mg\/#primaryimage","url":"https:\/\/medicinasinc.com\/fr\/wp-content\/uploads\/sites\/5\/2022\/02\/Buy-Fab-CBD-Oil.jpg","contentUrl":"https:\/\/medicinasinc.com\/fr\/wp-content\/uploads\/sites\/5\/2022\/02\/Buy-Fab-CBD-Oil.jpg","width":600,"height":600},{"@type":"BreadcrumbList","@id":"https:\/\/medicinasinc.com\/fr\/product\/acheter-fab-cbd-huile-300mg-600mg-1200mg\/#breadcrumb","itemListElement":[{"@type":"ListItem","position":1,"name":"Boutique","item":"https:\/\/medicinasinc.com\/fr\/boutique\/"},{"@type":"ListItem","position":2,"name":"Acheter de l&#8217;huile Fab CBD 300mg, 600mg, 1200mg"}]},{"@type":"WebSite","@id":"https:\/\/medicinasinc.com\/fr\/#website","url":"https:\/\/medicinasinc.com\/fr\/","name":"Medicinas Inc","description":"Health Medical Clinic","potentialAction":[{"@type":"SearchAction","target":{"@type":"EntryPoint","urlTemplate":"https:\/\/medicinasinc.com\/fr\/?s={search_term_string}"},"query-input":{"@type":"PropertyValueSpecification","valueRequired":true,"valueName":"search_term_string"}}],"inLanguage":"en-US"}]}},"_links":{"self":[{"href":"https:\/\/medicinasinc.com\/fr\/wp-json\/wp\/v2\/product\/4359","targetHints":{"allow":["GET"]}}],"collection":[{"href":"https:\/\/medicinasinc.com\/fr\/wp-json\/wp\/v2\/product"}],"about":[{"href":"https:\/\/medicinasinc.com\/fr\/wp-json\/wp\/v2\/types\/product"}],"replies":[{"embeddable":true,"href":"https:\/\/medicinasinc.com\/fr\/wp-json\/wp\/v2\/comments?post=4359"}],"wp:featuredmedia":[{"embeddable":true,"href":"https:\/\/medicinasinc.com\/fr\/wp-json\/wp\/v2\/media\/4394"}],"wp:attachment":[{"href":"https:\/\/medicinasinc.com\/fr\/wp-json\/wp\/v2\/media?parent=4359"}],"wp:term":[{"taxonomy":"product_brand","embeddable":true,"href":"https:\/\/medicinasinc.com\/fr\/wp-json\/wp\/v2\/product_brand?post=4359"},{"taxonomy":"product_cat","embeddable":true,"href":"https:\/\/medicinasinc.com\/fr\/wp-json\/wp\/v2\/product_cat?post=4359"},{"taxonomy":"product_tag","embeddable":true,"href":"https:\/\/medicinasinc.com\/fr\/wp-json\/wp\/v2\/product_tag?post=4359"}],"curies":[{"name":"wp","href":"https:\/\/api.w.org\/{rel}","templated":true}]}}