{"id":4338,"date":"2022-02-20T08:27:22","date_gmt":"2022-02-20T08:27:22","guid":{"rendered":"https:\/\/medicinasinc.com\/fr\/?post_type=product&#038;p=4338"},"modified":"2022-03-17T12:36:46","modified_gmt":"2022-03-17T12:36:46","slug":"acheter-250mg-thc-mist-spray-10ml-ease","status":"publish","type":"product","link":"https:\/\/medicinasinc.com\/fr\/product\/acheter-250mg-thc-mist-spray-10ml-ease\/","title":{"rendered":"Acheter 250mg THC Brume Spray 10ml \u2013 Facilit\u00e9"},"content":{"rendered":"<p>Acheter 10ml 250mg THC Mist Spray \u2013 Ease<\/p>\n<p>Avec notre d\u00e9licieux spray pour l&#8217;haleine infus\u00e9 au cannabis, Ease sublingual Spray \u00e9l\u00e8ve le concept de teinture traditionnelle \u00e0 un tout autre niveau. Ease Spray vous permet de doser au besoin, quel que soit l&#8217;endroit, sans craindre la stigmatisation traditionnellement associ\u00e9e \u00e0 la majorit\u00e9 des produits \u00e0 base de cannabis. Ease Spray contient 5 mg de m\u00e9dicament par pulv\u00e9risation, ce qui vous permet de doser avec pr\u00e9cision le niveau qui r\u00e9pond \u00e0 vos besoins. Les sprays Ease ne contiennent pas d&#8217;alcool, de solvants ou de produits p\u00e9trochimiques dans leur formule enti\u00e8rement naturelle d&#8217;extraits de noix de coco, de terp\u00e8nes et d&#8217;extraits de cannabis.<\/p>\n<p>Ce produit simplifie la m\u00e9dication en d\u00e9placement\u00a0! Avec le tout nouveau Ease Shake n Spray Extra Strength\u00a0!<\/p>\n<p>DOSAGES POUR FLACON SPRAY SUBLINGUAL<\/p>\n<p>250mg de THC dans un flacon en verre de 10 ml<\/p>\n<p>Chaque flacon contient 50 -60 pulv\u00e9risations.<\/p>\n","protected":false},"excerpt":{"rendered":"<p>Acheter 250mg THC Mist Spray UK 10ml \u00e0 vendre Europe Online. Ease Spray vous donne la libert\u00e9 de doser au besoin o\u00f9 que vous soyez, sans vous soucier de la stigmatisation traditionnelle<\/p>\n<ul>\n<li>Exp\u00e9dition dans le monde entier<\/li>\n<li>SPRAY DE BROUILLARD DE THC EXTRA PUISSANT<\/li>\n<li> Flacon en verre de 10 ml contenant 250 mg de THC<\/li>\n<li>La quantit\u00e9 minimale de commande est de 5<\/li>\n<li><strong>Contactez-nous<\/strong>\u00a0pour des commandes plus importantes<\/li>\n<\/ul>\n","protected":false},"featured_media":4371,"comment_status":"open","ping_status":"closed","template":"","meta":[],"product_brand":[],"product_cat":[440],"product_tag":[],"class_list":{"0":"post-4338","1":"product","2":"type-product","3":"status-publish","4":"has-post-thumbnail","6":"product_cat-acheter-huile-de-cannabis-cbd","8":"first","9":"instock","10":"shipping-taxable","11":"purchasable","12":"product-type-variable","13":"has-default-attributes"},"yoast_head":"<!-- This site is optimized with the Yoast SEO plugin v27.3 - https:\/\/yoast.com\/product\/yoast-seo-wordpress\/ -->\n<title>Acheter 250mg THC Mist Spray 10ml - Ease - Best Global Meds<\/title>\n<meta name=\"description\" content=\"Acheter 250mg THC Mist Spray UK 10ml \u00e0 vendre Europe Online. Ease Spray vous donne la libert\u00e9 de doser au besoin o\u00f9 que vous soyez, sans vous soucier de la stigmatisation traditionnelle\" \/>\n<meta name=\"robots\" content=\"index, follow, max-snippet:-1, max-image-preview:large, max-video-preview:-1\" \/>\n<link rel=\"canonical\" href=\"https:\/\/medicinasinc.com\/fr\/product\/acheter-250mg-thc-mist-spray-10ml-ease\/\" \/>\n<meta property=\"og:locale\" content=\"en_US\" \/>\n<meta property=\"og:type\" content=\"article\" \/>\n<meta property=\"og:title\" content=\"Acheter 250mg THC Mist Spray 10ml - Ease - Best Global Meds\" \/>\n<meta property=\"og:description\" content=\"Acheter 250mg THC Mist Spray UK 10ml \u00e0 vendre Europe Online. Ease Spray vous donne la libert\u00e9 de doser au besoin o\u00f9 que vous soyez, sans vous soucier de la stigmatisation traditionnelle\" \/>\n<meta property=\"og:url\" content=\"https:\/\/medicinasinc.com\/fr\/product\/acheter-250mg-thc-mist-spray-10ml-ease\/\" \/>\n<meta property=\"og:site_name\" content=\"Medicinas Inc\" \/>\n<meta property=\"article:modified_time\" content=\"2022-03-17T12:36:46+00:00\" \/>\n<meta property=\"og:image\" content=\"https:\/\/medicinasinc.com\/fr\/wp-content\/uploads\/sites\/5\/2022\/02\/Buy-250mg-THC-Mist-Spray-10ml.jpg\" \/>\n\t<meta property=\"og:image:width\" content=\"1500\" \/>\n\t<meta property=\"og:image:height\" content=\"1500\" \/>\n\t<meta property=\"og:image:type\" content=\"image\/jpeg\" \/>\n<meta name=\"twitter:card\" content=\"summary_large_image\" \/>\n<meta name=\"twitter:label1\" content=\"Est. reading time\" \/>\n\t<meta name=\"twitter:data1\" content=\"1 minute\" \/>\n<script type=\"application\/ld+json\" class=\"yoast-schema-graph\">{\"@context\":\"https:\\\/\\\/schema.org\",\"@graph\":[{\"@type\":\"WebPage\",\"@id\":\"https:\\\/\\\/medicinasinc.com\\\/fr\\\/product\\\/acheter-250mg-thc-mist-spray-10ml-ease\\\/\",\"url\":\"https:\\\/\\\/medicinasinc.com\\\/fr\\\/product\\\/acheter-250mg-thc-mist-spray-10ml-ease\\\/\",\"name\":\"Acheter 250mg THC Mist Spray 10ml - Ease - Best Global Meds\",\"isPartOf\":{\"@id\":\"https:\\\/\\\/medicinasinc.com\\\/fr\\\/#website\"},\"primaryImageOfPage\":{\"@id\":\"https:\\\/\\\/medicinasinc.com\\\/fr\\\/product\\\/acheter-250mg-thc-mist-spray-10ml-ease\\\/#primaryimage\"},\"image\":{\"@id\":\"https:\\\/\\\/medicinasinc.com\\\/fr\\\/product\\\/acheter-250mg-thc-mist-spray-10ml-ease\\\/#primaryimage\"},\"thumbnailUrl\":\"https:\\\/\\\/medicinasinc.com\\\/fr\\\/wp-content\\\/uploads\\\/sites\\\/5\\\/2022\\\/02\\\/Buy-250mg-THC-Mist-Spray-10ml.jpg\",\"datePublished\":\"2022-02-20T08:27:22+00:00\",\"dateModified\":\"2022-03-17T12:36:46+00:00\",\"description\":\"Acheter 250mg THC Mist Spray UK 10ml \u00e0 vendre Europe Online. Ease Spray vous donne la libert\u00e9 de doser au besoin o\u00f9 que vous soyez, sans vous soucier de la stigmatisation traditionnelle\",\"breadcrumb\":{\"@id\":\"https:\\\/\\\/medicinasinc.com\\\/fr\\\/product\\\/acheter-250mg-thc-mist-spray-10ml-ease\\\/#breadcrumb\"},\"inLanguage\":\"en-US\",\"potentialAction\":[{\"@type\":\"ReadAction\",\"target\":[\"https:\\\/\\\/medicinasinc.com\\\/fr\\\/product\\\/acheter-250mg-thc-mist-spray-10ml-ease\\\/\"]}]},{\"@type\":\"ImageObject\",\"inLanguage\":\"en-US\",\"@id\":\"https:\\\/\\\/medicinasinc.com\\\/fr\\\/product\\\/acheter-250mg-thc-mist-spray-10ml-ease\\\/#primaryimage\",\"url\":\"https:\\\/\\\/medicinasinc.com\\\/fr\\\/wp-content\\\/uploads\\\/sites\\\/5\\\/2022\\\/02\\\/Buy-250mg-THC-Mist-Spray-10ml.jpg\",\"contentUrl\":\"https:\\\/\\\/medicinasinc.com\\\/fr\\\/wp-content\\\/uploads\\\/sites\\\/5\\\/2022\\\/02\\\/Buy-250mg-THC-Mist-Spray-10ml.jpg\",\"width\":1500,\"height\":1500},{\"@type\":\"BreadcrumbList\",\"@id\":\"https:\\\/\\\/medicinasinc.com\\\/fr\\\/product\\\/acheter-250mg-thc-mist-spray-10ml-ease\\\/#breadcrumb\",\"itemListElement\":[{\"@type\":\"ListItem\",\"position\":1,\"name\":\"Boutique\",\"item\":\"https:\\\/\\\/medicinasinc.com\\\/fr\\\/boutique\\\/\"},{\"@type\":\"ListItem\",\"position\":2,\"name\":\"Acheter 250mg THC Brume Spray 10ml \u2013 Facilit\u00e9\"}]},{\"@type\":\"WebSite\",\"@id\":\"https:\\\/\\\/medicinasinc.com\\\/fr\\\/#website\",\"url\":\"https:\\\/\\\/medicinasinc.com\\\/fr\\\/\",\"name\":\"Medicinas Inc\",\"description\":\"Health Medical Clinic\",\"potentialAction\":[{\"@type\":\"SearchAction\",\"target\":{\"@type\":\"EntryPoint\",\"urlTemplate\":\"https:\\\/\\\/medicinasinc.com\\\/fr\\\/?s={search_term_string}\"},\"query-input\":{\"@type\":\"PropertyValueSpecification\",\"valueRequired\":true,\"valueName\":\"search_term_string\"}}],\"inLanguage\":\"en-US\"}]}<\/script>\n<!-- \/ Yoast SEO plugin. -->","yoast_head_json":{"title":"Acheter 250mg THC Mist Spray 10ml - Ease - Best Global Meds","description":"Acheter 250mg THC Mist Spray UK 10ml \u00e0 vendre Europe Online. Ease Spray vous donne la libert\u00e9 de doser au besoin o\u00f9 que vous soyez, sans vous soucier de la stigmatisation traditionnelle","robots":{"index":"index","follow":"follow","max-snippet":"max-snippet:-1","max-image-preview":"max-image-preview:large","max-video-preview":"max-video-preview:-1"},"canonical":"https:\/\/medicinasinc.com\/fr\/product\/acheter-250mg-thc-mist-spray-10ml-ease\/","og_locale":"en_US","og_type":"article","og_title":"Acheter 250mg THC Mist Spray 10ml - Ease - Best Global Meds","og_description":"Acheter 250mg THC Mist Spray UK 10ml \u00e0 vendre Europe Online. Ease Spray vous donne la libert\u00e9 de doser au besoin o\u00f9 que vous soyez, sans vous soucier de la stigmatisation traditionnelle","og_url":"https:\/\/medicinasinc.com\/fr\/product\/acheter-250mg-thc-mist-spray-10ml-ease\/","og_site_name":"Medicinas Inc","article_modified_time":"2022-03-17T12:36:46+00:00","og_image":[{"width":1500,"height":1500,"url":"https:\/\/medicinasinc.com\/fr\/wp-content\/uploads\/sites\/5\/2022\/02\/Buy-250mg-THC-Mist-Spray-10ml.jpg","type":"image\/jpeg"}],"twitter_card":"summary_large_image","twitter_misc":{"Est. reading time":"1 minute"},"schema":{"@context":"https:\/\/schema.org","@graph":[{"@type":"WebPage","@id":"https:\/\/medicinasinc.com\/fr\/product\/acheter-250mg-thc-mist-spray-10ml-ease\/","url":"https:\/\/medicinasinc.com\/fr\/product\/acheter-250mg-thc-mist-spray-10ml-ease\/","name":"Acheter 250mg THC Mist Spray 10ml - Ease - Best Global Meds","isPartOf":{"@id":"https:\/\/medicinasinc.com\/fr\/#website"},"primaryImageOfPage":{"@id":"https:\/\/medicinasinc.com\/fr\/product\/acheter-250mg-thc-mist-spray-10ml-ease\/#primaryimage"},"image":{"@id":"https:\/\/medicinasinc.com\/fr\/product\/acheter-250mg-thc-mist-spray-10ml-ease\/#primaryimage"},"thumbnailUrl":"https:\/\/medicinasinc.com\/fr\/wp-content\/uploads\/sites\/5\/2022\/02\/Buy-250mg-THC-Mist-Spray-10ml.jpg","datePublished":"2022-02-20T08:27:22+00:00","dateModified":"2022-03-17T12:36:46+00:00","description":"Acheter 250mg THC Mist Spray UK 10ml \u00e0 vendre Europe Online. Ease Spray vous donne la libert\u00e9 de doser au besoin o\u00f9 que vous soyez, sans vous soucier de la stigmatisation traditionnelle","breadcrumb":{"@id":"https:\/\/medicinasinc.com\/fr\/product\/acheter-250mg-thc-mist-spray-10ml-ease\/#breadcrumb"},"inLanguage":"en-US","potentialAction":[{"@type":"ReadAction","target":["https:\/\/medicinasinc.com\/fr\/product\/acheter-250mg-thc-mist-spray-10ml-ease\/"]}]},{"@type":"ImageObject","inLanguage":"en-US","@id":"https:\/\/medicinasinc.com\/fr\/product\/acheter-250mg-thc-mist-spray-10ml-ease\/#primaryimage","url":"https:\/\/medicinasinc.com\/fr\/wp-content\/uploads\/sites\/5\/2022\/02\/Buy-250mg-THC-Mist-Spray-10ml.jpg","contentUrl":"https:\/\/medicinasinc.com\/fr\/wp-content\/uploads\/sites\/5\/2022\/02\/Buy-250mg-THC-Mist-Spray-10ml.jpg","width":1500,"height":1500},{"@type":"BreadcrumbList","@id":"https:\/\/medicinasinc.com\/fr\/product\/acheter-250mg-thc-mist-spray-10ml-ease\/#breadcrumb","itemListElement":[{"@type":"ListItem","position":1,"name":"Boutique","item":"https:\/\/medicinasinc.com\/fr\/boutique\/"},{"@type":"ListItem","position":2,"name":"Acheter 250mg THC Brume Spray 10ml \u2013 Facilit\u00e9"}]},{"@type":"WebSite","@id":"https:\/\/medicinasinc.com\/fr\/#website","url":"https:\/\/medicinasinc.com\/fr\/","name":"Medicinas Inc","description":"Health Medical Clinic","potentialAction":[{"@type":"SearchAction","target":{"@type":"EntryPoint","urlTemplate":"https:\/\/medicinasinc.com\/fr\/?s={search_term_string}"},"query-input":{"@type":"PropertyValueSpecification","valueRequired":true,"valueName":"search_term_string"}}],"inLanguage":"en-US"}]}},"_links":{"self":[{"href":"https:\/\/medicinasinc.com\/fr\/wp-json\/wp\/v2\/product\/4338","targetHints":{"allow":["GET"]}}],"collection":[{"href":"https:\/\/medicinasinc.com\/fr\/wp-json\/wp\/v2\/product"}],"about":[{"href":"https:\/\/medicinasinc.com\/fr\/wp-json\/wp\/v2\/types\/product"}],"replies":[{"embeddable":true,"href":"https:\/\/medicinasinc.com\/fr\/wp-json\/wp\/v2\/comments?post=4338"}],"wp:featuredmedia":[{"embeddable":true,"href":"https:\/\/medicinasinc.com\/fr\/wp-json\/wp\/v2\/media\/4371"}],"wp:attachment":[{"href":"https:\/\/medicinasinc.com\/fr\/wp-json\/wp\/v2\/media?parent=4338"}],"wp:term":[{"taxonomy":"product_brand","embeddable":true,"href":"https:\/\/medicinasinc.com\/fr\/wp-json\/wp\/v2\/product_brand?post=4338"},{"taxonomy":"product_cat","embeddable":true,"href":"https:\/\/medicinasinc.com\/fr\/wp-json\/wp\/v2\/product_cat?post=4338"},{"taxonomy":"product_tag","embeddable":true,"href":"https:\/\/medicinasinc.com\/fr\/wp-json\/wp\/v2\/product_tag?post=4338"}],"curies":[{"name":"wp","href":"https:\/\/api.w.org\/{rel}","templated":true}]}}