{"id":4333,"date":"2022-02-20T08:26:46","date_gmt":"2022-02-20T08:26:46","guid":{"rendered":"https:\/\/medicinasinc.com\/fr\/?post_type=product&#038;p=4333"},"modified":"2022-03-17T12:36:56","modified_gmt":"2022-03-17T12:36:56","slug":"acheter-capsules-d-huile-de-graines-de-chanvre-100mg-thc","status":"publish","type":"product","link":"https:\/\/medicinasinc.com\/fr\/product\/acheter-capsules-d-huile-de-graines-de-chanvre-100mg-thc\/","title":{"rendered":"Acheter des capsules d&#8217;huile de graines de chanvre 100mg THC"},"content":{"rendered":"<p>Achetez des capsules d&#8217;huile de graines de chanvre 100 mg de THC<\/p>\n<p>Pour distinguer ces capsules des capsules de poudre de THC largement disponibles mais inf\u00e9rieures, chaque capsule contient 100 mg d&#8217;huile de graines de chanvre THC.<\/p>\n<p>Vendu en pack de trois<\/p>\n<p>Nos capsules d&#8217;huile de THC sont d\u00e9riv\u00e9es de la plante de cannabis enti\u00e8re et sont exceptionnellement riches en terp\u00e8nes. Ces capsules contiennent le THC et l&#8217;huile de graines de chanvre les plus purs disponibles. L&#8217;huile de graines de chanvre contient un ratio de 3:1 d&#8217;acides gras om\u00e9ga 6 et om\u00e9ga 3, qui r\u00e9pond aux exigences optimales pour une sant\u00e9 \u00e0 long terme. Chaque lot d&#8217;huile de THC est test\u00e9 en laboratoire pour garantir sa puret\u00e9 et sa s\u00e9curit\u00e9.<\/p>\n","protected":false},"excerpt":{"rendered":"<p>Les capsules d&#8217;huile de graines de chanvre 100mg THC \u00e0 vendre sont formul\u00e9es \u00e0 partir de la plante de cannabis enti\u00e8re et sont riches en terp\u00e8nes. Ces capsules contiennent du THC et de l&#8217;huile de graines de chanvre de la plus haute qualit\u00e9.<\/p>\n<ul>\n<li>Exp\u00e9dition dans le monde entier<\/li>\n<li>Chaque capsule contient 100 mg de THC.<\/li>\n<li>Chaque bouteille contient 3 capsules.<\/li>\n<li>La quantit\u00e9 minimum de commande est de 5<strong><em>\u00a0bouteilles<\/em><\/strong><\/li>\n<li>Contactez-nous pour des commandes plus importantes<\/li>\n<\/ul>\n","protected":false},"featured_media":4365,"comment_status":"open","ping_status":"closed","template":"","meta":[],"product_brand":[],"product_cat":[440],"product_tag":[],"class_list":{"0":"post-4333","1":"product","2":"type-product","3":"status-publish","4":"has-post-thumbnail","6":"product_cat-acheter-huile-de-cannabis-cbd","8":"first","9":"instock","10":"shipping-taxable","11":"purchasable","12":"product-type-variable","13":"has-default-attributes"},"yoast_head":"<!-- This site is optimized with the Yoast SEO plugin v27.3 - https:\/\/yoast.com\/product\/yoast-seo-wordpress\/ -->\n<title>Acheter des capsules d&#039;huile de graines de chanvre 100mg THC - Best Global Meds<\/title>\n<meta name=\"description\" content=\"Les capsules d&#039;huile de graines de chanvre 100mg THC \u00e0 vendre sont formul\u00e9es \u00e0 partir de la plante de cannabis enti\u00e8re et sont riches en terp\u00e8nes. Ces capsules contiennent du THC et de l&#039;huile de graines de chanvre de la plus haute qualit\u00e9.\" \/>\n<meta name=\"robots\" content=\"index, follow, max-snippet:-1, max-image-preview:large, max-video-preview:-1\" \/>\n<link rel=\"canonical\" href=\"https:\/\/medicinasinc.com\/fr\/product\/acheter-capsules-d-huile-de-graines-de-chanvre-100mg-thc\/\" \/>\n<meta property=\"og:locale\" content=\"en_US\" \/>\n<meta property=\"og:type\" content=\"article\" \/>\n<meta property=\"og:title\" content=\"Acheter des capsules d&#039;huile de graines de chanvre 100mg THC - Best Global Meds\" \/>\n<meta property=\"og:description\" content=\"Les capsules d&#039;huile de graines de chanvre 100mg THC \u00e0 vendre sont formul\u00e9es \u00e0 partir de la plante de cannabis enti\u00e8re et sont riches en terp\u00e8nes. Ces capsules contiennent du THC et de l&#039;huile de graines de chanvre de la plus haute qualit\u00e9.\" \/>\n<meta property=\"og:url\" content=\"https:\/\/medicinasinc.com\/fr\/product\/acheter-capsules-d-huile-de-graines-de-chanvre-100mg-thc\/\" \/>\n<meta property=\"og:site_name\" content=\"Medicinas Inc\" \/>\n<meta property=\"article:modified_time\" content=\"2022-03-17T12:36:56+00:00\" \/>\n<meta property=\"og:image\" content=\"https:\/\/medicinasinc.com\/fr\/wp-content\/uploads\/sites\/5\/2022\/02\/Buy-100mg-THC-Hemp-Seed-Oil-Capsules-2.jpg\" \/>\n\t<meta property=\"og:image:width\" content=\"344\" \/>\n\t<meta property=\"og:image:height\" content=\"400\" \/>\n\t<meta property=\"og:image:type\" content=\"image\/jpeg\" \/>\n<meta name=\"twitter:card\" content=\"summary_large_image\" \/>\n<meta name=\"twitter:label1\" content=\"Est. reading time\" \/>\n\t<meta name=\"twitter:data1\" content=\"1 minute\" \/>\n<script type=\"application\/ld+json\" class=\"yoast-schema-graph\">{\"@context\":\"https:\\\/\\\/schema.org\",\"@graph\":[{\"@type\":\"WebPage\",\"@id\":\"https:\\\/\\\/medicinasinc.com\\\/fr\\\/product\\\/acheter-capsules-d-huile-de-graines-de-chanvre-100mg-thc\\\/\",\"url\":\"https:\\\/\\\/medicinasinc.com\\\/fr\\\/product\\\/acheter-capsules-d-huile-de-graines-de-chanvre-100mg-thc\\\/\",\"name\":\"Acheter des capsules d'huile de graines de chanvre 100mg THC - Best Global Meds\",\"isPartOf\":{\"@id\":\"https:\\\/\\\/medicinasinc.com\\\/fr\\\/#website\"},\"primaryImageOfPage\":{\"@id\":\"https:\\\/\\\/medicinasinc.com\\\/fr\\\/product\\\/acheter-capsules-d-huile-de-graines-de-chanvre-100mg-thc\\\/#primaryimage\"},\"image\":{\"@id\":\"https:\\\/\\\/medicinasinc.com\\\/fr\\\/product\\\/acheter-capsules-d-huile-de-graines-de-chanvre-100mg-thc\\\/#primaryimage\"},\"thumbnailUrl\":\"https:\\\/\\\/medicinasinc.com\\\/fr\\\/wp-content\\\/uploads\\\/sites\\\/5\\\/2022\\\/02\\\/Buy-100mg-THC-Hemp-Seed-Oil-Capsules-2.jpg\",\"datePublished\":\"2022-02-20T08:26:46+00:00\",\"dateModified\":\"2022-03-17T12:36:56+00:00\",\"description\":\"Les capsules d'huile de graines de chanvre 100mg THC \u00e0 vendre sont formul\u00e9es \u00e0 partir de la plante de cannabis enti\u00e8re et sont riches en terp\u00e8nes. Ces capsules contiennent du THC et de l'huile de graines de chanvre de la plus haute qualit\u00e9.\",\"breadcrumb\":{\"@id\":\"https:\\\/\\\/medicinasinc.com\\\/fr\\\/product\\\/acheter-capsules-d-huile-de-graines-de-chanvre-100mg-thc\\\/#breadcrumb\"},\"inLanguage\":\"en-US\",\"potentialAction\":[{\"@type\":\"ReadAction\",\"target\":[\"https:\\\/\\\/medicinasinc.com\\\/fr\\\/product\\\/acheter-capsules-d-huile-de-graines-de-chanvre-100mg-thc\\\/\"]}]},{\"@type\":\"ImageObject\",\"inLanguage\":\"en-US\",\"@id\":\"https:\\\/\\\/medicinasinc.com\\\/fr\\\/product\\\/acheter-capsules-d-huile-de-graines-de-chanvre-100mg-thc\\\/#primaryimage\",\"url\":\"https:\\\/\\\/medicinasinc.com\\\/fr\\\/wp-content\\\/uploads\\\/sites\\\/5\\\/2022\\\/02\\\/Buy-100mg-THC-Hemp-Seed-Oil-Capsules-2.jpg\",\"contentUrl\":\"https:\\\/\\\/medicinasinc.com\\\/fr\\\/wp-content\\\/uploads\\\/sites\\\/5\\\/2022\\\/02\\\/Buy-100mg-THC-Hemp-Seed-Oil-Capsules-2.jpg\",\"width\":344,\"height\":400},{\"@type\":\"BreadcrumbList\",\"@id\":\"https:\\\/\\\/medicinasinc.com\\\/fr\\\/product\\\/acheter-capsules-d-huile-de-graines-de-chanvre-100mg-thc\\\/#breadcrumb\",\"itemListElement\":[{\"@type\":\"ListItem\",\"position\":1,\"name\":\"Boutique\",\"item\":\"https:\\\/\\\/medicinasinc.com\\\/fr\\\/boutique\\\/\"},{\"@type\":\"ListItem\",\"position\":2,\"name\":\"Acheter des capsules d&#8217;huile de graines de chanvre 100mg THC\"}]},{\"@type\":\"WebSite\",\"@id\":\"https:\\\/\\\/medicinasinc.com\\\/fr\\\/#website\",\"url\":\"https:\\\/\\\/medicinasinc.com\\\/fr\\\/\",\"name\":\"Medicinas Inc\",\"description\":\"Health Medical Clinic\",\"potentialAction\":[{\"@type\":\"SearchAction\",\"target\":{\"@type\":\"EntryPoint\",\"urlTemplate\":\"https:\\\/\\\/medicinasinc.com\\\/fr\\\/?s={search_term_string}\"},\"query-input\":{\"@type\":\"PropertyValueSpecification\",\"valueRequired\":true,\"valueName\":\"search_term_string\"}}],\"inLanguage\":\"en-US\"}]}<\/script>\n<!-- \/ Yoast SEO plugin. -->","yoast_head_json":{"title":"Acheter des capsules d'huile de graines de chanvre 100mg THC - Best Global Meds","description":"Les capsules d'huile de graines de chanvre 100mg THC \u00e0 vendre sont formul\u00e9es \u00e0 partir de la plante de cannabis enti\u00e8re et sont riches en terp\u00e8nes. Ces capsules contiennent du THC et de l'huile de graines de chanvre de la plus haute qualit\u00e9.","robots":{"index":"index","follow":"follow","max-snippet":"max-snippet:-1","max-image-preview":"max-image-preview:large","max-video-preview":"max-video-preview:-1"},"canonical":"https:\/\/medicinasinc.com\/fr\/product\/acheter-capsules-d-huile-de-graines-de-chanvre-100mg-thc\/","og_locale":"en_US","og_type":"article","og_title":"Acheter des capsules d'huile de graines de chanvre 100mg THC - Best Global Meds","og_description":"Les capsules d'huile de graines de chanvre 100mg THC \u00e0 vendre sont formul\u00e9es \u00e0 partir de la plante de cannabis enti\u00e8re et sont riches en terp\u00e8nes. Ces capsules contiennent du THC et de l'huile de graines de chanvre de la plus haute qualit\u00e9.","og_url":"https:\/\/medicinasinc.com\/fr\/product\/acheter-capsules-d-huile-de-graines-de-chanvre-100mg-thc\/","og_site_name":"Medicinas Inc","article_modified_time":"2022-03-17T12:36:56+00:00","og_image":[{"width":344,"height":400,"url":"https:\/\/medicinasinc.com\/fr\/wp-content\/uploads\/sites\/5\/2022\/02\/Buy-100mg-THC-Hemp-Seed-Oil-Capsules-2.jpg","type":"image\/jpeg"}],"twitter_card":"summary_large_image","twitter_misc":{"Est. reading time":"1 minute"},"schema":{"@context":"https:\/\/schema.org","@graph":[{"@type":"WebPage","@id":"https:\/\/medicinasinc.com\/fr\/product\/acheter-capsules-d-huile-de-graines-de-chanvre-100mg-thc\/","url":"https:\/\/medicinasinc.com\/fr\/product\/acheter-capsules-d-huile-de-graines-de-chanvre-100mg-thc\/","name":"Acheter des capsules d'huile de graines de chanvre 100mg THC - Best Global Meds","isPartOf":{"@id":"https:\/\/medicinasinc.com\/fr\/#website"},"primaryImageOfPage":{"@id":"https:\/\/medicinasinc.com\/fr\/product\/acheter-capsules-d-huile-de-graines-de-chanvre-100mg-thc\/#primaryimage"},"image":{"@id":"https:\/\/medicinasinc.com\/fr\/product\/acheter-capsules-d-huile-de-graines-de-chanvre-100mg-thc\/#primaryimage"},"thumbnailUrl":"https:\/\/medicinasinc.com\/fr\/wp-content\/uploads\/sites\/5\/2022\/02\/Buy-100mg-THC-Hemp-Seed-Oil-Capsules-2.jpg","datePublished":"2022-02-20T08:26:46+00:00","dateModified":"2022-03-17T12:36:56+00:00","description":"Les capsules d'huile de graines de chanvre 100mg THC \u00e0 vendre sont formul\u00e9es \u00e0 partir de la plante de cannabis enti\u00e8re et sont riches en terp\u00e8nes. Ces capsules contiennent du THC et de l'huile de graines de chanvre de la plus haute qualit\u00e9.","breadcrumb":{"@id":"https:\/\/medicinasinc.com\/fr\/product\/acheter-capsules-d-huile-de-graines-de-chanvre-100mg-thc\/#breadcrumb"},"inLanguage":"en-US","potentialAction":[{"@type":"ReadAction","target":["https:\/\/medicinasinc.com\/fr\/product\/acheter-capsules-d-huile-de-graines-de-chanvre-100mg-thc\/"]}]},{"@type":"ImageObject","inLanguage":"en-US","@id":"https:\/\/medicinasinc.com\/fr\/product\/acheter-capsules-d-huile-de-graines-de-chanvre-100mg-thc\/#primaryimage","url":"https:\/\/medicinasinc.com\/fr\/wp-content\/uploads\/sites\/5\/2022\/02\/Buy-100mg-THC-Hemp-Seed-Oil-Capsules-2.jpg","contentUrl":"https:\/\/medicinasinc.com\/fr\/wp-content\/uploads\/sites\/5\/2022\/02\/Buy-100mg-THC-Hemp-Seed-Oil-Capsules-2.jpg","width":344,"height":400},{"@type":"BreadcrumbList","@id":"https:\/\/medicinasinc.com\/fr\/product\/acheter-capsules-d-huile-de-graines-de-chanvre-100mg-thc\/#breadcrumb","itemListElement":[{"@type":"ListItem","position":1,"name":"Boutique","item":"https:\/\/medicinasinc.com\/fr\/boutique\/"},{"@type":"ListItem","position":2,"name":"Acheter des capsules d&#8217;huile de graines de chanvre 100mg THC"}]},{"@type":"WebSite","@id":"https:\/\/medicinasinc.com\/fr\/#website","url":"https:\/\/medicinasinc.com\/fr\/","name":"Medicinas Inc","description":"Health Medical Clinic","potentialAction":[{"@type":"SearchAction","target":{"@type":"EntryPoint","urlTemplate":"https:\/\/medicinasinc.com\/fr\/?s={search_term_string}"},"query-input":{"@type":"PropertyValueSpecification","valueRequired":true,"valueName":"search_term_string"}}],"inLanguage":"en-US"}]}},"_links":{"self":[{"href":"https:\/\/medicinasinc.com\/fr\/wp-json\/wp\/v2\/product\/4333","targetHints":{"allow":["GET"]}}],"collection":[{"href":"https:\/\/medicinasinc.com\/fr\/wp-json\/wp\/v2\/product"}],"about":[{"href":"https:\/\/medicinasinc.com\/fr\/wp-json\/wp\/v2\/types\/product"}],"replies":[{"embeddable":true,"href":"https:\/\/medicinasinc.com\/fr\/wp-json\/wp\/v2\/comments?post=4333"}],"wp:featuredmedia":[{"embeddable":true,"href":"https:\/\/medicinasinc.com\/fr\/wp-json\/wp\/v2\/media\/4365"}],"wp:attachment":[{"href":"https:\/\/medicinasinc.com\/fr\/wp-json\/wp\/v2\/media?parent=4333"}],"wp:term":[{"taxonomy":"product_brand","embeddable":true,"href":"https:\/\/medicinasinc.com\/fr\/wp-json\/wp\/v2\/product_brand?post=4333"},{"taxonomy":"product_cat","embeddable":true,"href":"https:\/\/medicinasinc.com\/fr\/wp-json\/wp\/v2\/product_cat?post=4333"},{"taxonomy":"product_tag","embeddable":true,"href":"https:\/\/medicinasinc.com\/fr\/wp-json\/wp\/v2\/product_tag?post=4333"}],"curies":[{"name":"wp","href":"https:\/\/api.w.org\/{rel}","templated":true}]}}