{"id":4332,"date":"2022-02-20T08:26:42","date_gmt":"2022-02-20T08:26:42","guid":{"rendered":"https:\/\/medicinasinc.com\/fr\/?post_type=product&#038;p=4332"},"modified":"2022-08-08T22:37:33","modified_gmt":"2022-08-08T22:37:33","slug":"acheter-1000mg-teinture-arome-thc-keey","status":"publish","type":"product","link":"https:\/\/medicinasinc.com\/fr\/product\/acheter-1000mg-teinture-arome-thc-keey\/","title":{"rendered":"Acheter 1000 mg de teinture aromatis\u00e9e au THC \u2013 Keey"},"content":{"rendered":"<h1>Acheter 1\u00a0000\u00a0mg de teinture aromatis\u00e9e au THC \u2013 Keey<\/h1>\n<p>Menthe verte, myrtille, cerise, pomme verte, mangue, orange, fraise, past\u00e8que<\/p>\n","protected":false},"excerpt":{"rendered":"<p>Acheter 1000 mg de teinture aromatis\u00e9e au THC &#8211; Keey \u00e0 vendre en ligne Europe, Royaume-Uni depuis le plus grand dispensaire en ligne, Buy My Weed Online.<\/p>\n<ul>\n<li>Exp\u00e9dition dans le monde entier<\/li>\n<li>La quantit\u00e9 minimum de commande est de 5 bouteilles<\/li>\n<li> Contactez-nous pour des commandes plus importantes<\/li>\n<\/ul>\n","protected":false},"featured_media":4362,"comment_status":"open","ping_status":"closed","template":"","meta":[],"product_brand":[],"product_cat":[440],"product_tag":[],"class_list":{"0":"post-4332","1":"product","2":"type-product","3":"status-publish","4":"has-post-thumbnail","6":"product_cat-acheter-huile-de-cannabis-cbd","8":"first","9":"instock","10":"shipping-taxable","11":"purchasable","12":"product-type-simple"},"yoast_head":"<!-- This site is optimized with the Yoast SEO plugin v27.3 - https:\/\/yoast.com\/product\/yoast-seo-wordpress\/ -->\n<title>Acheter 1000 mg de teinture aromatis\u00e9e au THC - Keey - Best Global Meds<\/title>\n<meta name=\"description\" content=\"Acheter 1000 mg de teinture aromatis\u00e9e au THC - Keey \u00e0 vendre en ligne Europe, Royaume-Uni aupr\u00e8s du plus grand dispensaire en ligne, Buy My Weed Online.\" \/>\n<meta name=\"robots\" content=\"index, follow, max-snippet:-1, max-image-preview:large, max-video-preview:-1\" \/>\n<link rel=\"canonical\" href=\"https:\/\/medicinasinc.com\/fr\/product\/acheter-1000mg-teinture-arome-thc-keey\/\" \/>\n<meta property=\"og:locale\" content=\"en_US\" \/>\n<meta property=\"og:type\" content=\"article\" \/>\n<meta property=\"og:title\" content=\"Acheter 1000 mg de teinture aromatis\u00e9e au THC - Keey - Best Global Meds\" \/>\n<meta property=\"og:description\" content=\"Acheter 1000 mg de teinture aromatis\u00e9e au THC - Keey \u00e0 vendre en ligne Europe, Royaume-Uni aupr\u00e8s du plus grand dispensaire en ligne, Buy My Weed Online.\" \/>\n<meta property=\"og:url\" content=\"https:\/\/medicinasinc.com\/fr\/product\/acheter-1000mg-teinture-arome-thc-keey\/\" \/>\n<meta property=\"og:site_name\" content=\"Medicinas Inc\" \/>\n<meta property=\"article:modified_time\" content=\"2022-08-08T22:37:33+00:00\" \/>\n<meta property=\"og:image\" content=\"https:\/\/medicinasinc.com\/fr\/wp-content\/uploads\/sites\/5\/2022\/02\/Buy-1000mg-THC-Flavoured-Tincture.jpg\" \/>\n\t<meta property=\"og:image:width\" content=\"600\" \/>\n\t<meta property=\"og:image:height\" content=\"600\" \/>\n\t<meta property=\"og:image:type\" content=\"image\/jpeg\" \/>\n<meta name=\"twitter:card\" content=\"summary_large_image\" \/>\n<meta name=\"twitter:label1\" content=\"Est. reading time\" \/>\n\t<meta name=\"twitter:data1\" content=\"1 minute\" \/>\n<script type=\"application\/ld+json\" class=\"yoast-schema-graph\">{\"@context\":\"https:\\\/\\\/schema.org\",\"@graph\":[{\"@type\":\"WebPage\",\"@id\":\"https:\\\/\\\/medicinasinc.com\\\/fr\\\/product\\\/acheter-1000mg-teinture-arome-thc-keey\\\/\",\"url\":\"https:\\\/\\\/medicinasinc.com\\\/fr\\\/product\\\/acheter-1000mg-teinture-arome-thc-keey\\\/\",\"name\":\"Acheter 1000 mg de teinture aromatis\u00e9e au THC - Keey - Best Global Meds\",\"isPartOf\":{\"@id\":\"https:\\\/\\\/medicinasinc.com\\\/fr\\\/#website\"},\"primaryImageOfPage\":{\"@id\":\"https:\\\/\\\/medicinasinc.com\\\/fr\\\/product\\\/acheter-1000mg-teinture-arome-thc-keey\\\/#primaryimage\"},\"image\":{\"@id\":\"https:\\\/\\\/medicinasinc.com\\\/fr\\\/product\\\/acheter-1000mg-teinture-arome-thc-keey\\\/#primaryimage\"},\"thumbnailUrl\":\"https:\\\/\\\/medicinasinc.com\\\/fr\\\/wp-content\\\/uploads\\\/sites\\\/5\\\/2022\\\/02\\\/Buy-1000mg-THC-Flavoured-Tincture.jpg\",\"datePublished\":\"2022-02-20T08:26:42+00:00\",\"dateModified\":\"2022-08-08T22:37:33+00:00\",\"description\":\"Acheter 1000 mg de teinture aromatis\u00e9e au THC - Keey \u00e0 vendre en ligne Europe, Royaume-Uni aupr\u00e8s du plus grand dispensaire en ligne, Buy My Weed Online.\",\"breadcrumb\":{\"@id\":\"https:\\\/\\\/medicinasinc.com\\\/fr\\\/product\\\/acheter-1000mg-teinture-arome-thc-keey\\\/#breadcrumb\"},\"inLanguage\":\"en-US\",\"potentialAction\":[{\"@type\":\"ReadAction\",\"target\":[\"https:\\\/\\\/medicinasinc.com\\\/fr\\\/product\\\/acheter-1000mg-teinture-arome-thc-keey\\\/\"]}]},{\"@type\":\"ImageObject\",\"inLanguage\":\"en-US\",\"@id\":\"https:\\\/\\\/medicinasinc.com\\\/fr\\\/product\\\/acheter-1000mg-teinture-arome-thc-keey\\\/#primaryimage\",\"url\":\"https:\\\/\\\/medicinasinc.com\\\/fr\\\/wp-content\\\/uploads\\\/sites\\\/5\\\/2022\\\/02\\\/Buy-1000mg-THC-Flavoured-Tincture.jpg\",\"contentUrl\":\"https:\\\/\\\/medicinasinc.com\\\/fr\\\/wp-content\\\/uploads\\\/sites\\\/5\\\/2022\\\/02\\\/Buy-1000mg-THC-Flavoured-Tincture.jpg\",\"width\":600,\"height\":600},{\"@type\":\"BreadcrumbList\",\"@id\":\"https:\\\/\\\/medicinasinc.com\\\/fr\\\/product\\\/acheter-1000mg-teinture-arome-thc-keey\\\/#breadcrumb\",\"itemListElement\":[{\"@type\":\"ListItem\",\"position\":1,\"name\":\"Boutique\",\"item\":\"https:\\\/\\\/medicinasinc.com\\\/fr\\\/boutique\\\/\"},{\"@type\":\"ListItem\",\"position\":2,\"name\":\"Acheter 1000 mg de teinture aromatis\u00e9e au THC \u2013 Keey\"}]},{\"@type\":\"WebSite\",\"@id\":\"https:\\\/\\\/medicinasinc.com\\\/fr\\\/#website\",\"url\":\"https:\\\/\\\/medicinasinc.com\\\/fr\\\/\",\"name\":\"Medicinas Inc\",\"description\":\"Health Medical Clinic\",\"potentialAction\":[{\"@type\":\"SearchAction\",\"target\":{\"@type\":\"EntryPoint\",\"urlTemplate\":\"https:\\\/\\\/medicinasinc.com\\\/fr\\\/?s={search_term_string}\"},\"query-input\":{\"@type\":\"PropertyValueSpecification\",\"valueRequired\":true,\"valueName\":\"search_term_string\"}}],\"inLanguage\":\"en-US\"}]}<\/script>\n<!-- \/ Yoast SEO plugin. -->","yoast_head_json":{"title":"Acheter 1000 mg de teinture aromatis\u00e9e au THC - Keey - Best Global Meds","description":"Acheter 1000 mg de teinture aromatis\u00e9e au THC - Keey \u00e0 vendre en ligne Europe, Royaume-Uni aupr\u00e8s du plus grand dispensaire en ligne, Buy My Weed Online.","robots":{"index":"index","follow":"follow","max-snippet":"max-snippet:-1","max-image-preview":"max-image-preview:large","max-video-preview":"max-video-preview:-1"},"canonical":"https:\/\/medicinasinc.com\/fr\/product\/acheter-1000mg-teinture-arome-thc-keey\/","og_locale":"en_US","og_type":"article","og_title":"Acheter 1000 mg de teinture aromatis\u00e9e au THC - Keey - Best Global Meds","og_description":"Acheter 1000 mg de teinture aromatis\u00e9e au THC - Keey \u00e0 vendre en ligne Europe, Royaume-Uni aupr\u00e8s du plus grand dispensaire en ligne, Buy My Weed Online.","og_url":"https:\/\/medicinasinc.com\/fr\/product\/acheter-1000mg-teinture-arome-thc-keey\/","og_site_name":"Medicinas Inc","article_modified_time":"2022-08-08T22:37:33+00:00","og_image":[{"width":600,"height":600,"url":"https:\/\/medicinasinc.com\/fr\/wp-content\/uploads\/sites\/5\/2022\/02\/Buy-1000mg-THC-Flavoured-Tincture.jpg","type":"image\/jpeg"}],"twitter_card":"summary_large_image","twitter_misc":{"Est. reading time":"1 minute"},"schema":{"@context":"https:\/\/schema.org","@graph":[{"@type":"WebPage","@id":"https:\/\/medicinasinc.com\/fr\/product\/acheter-1000mg-teinture-arome-thc-keey\/","url":"https:\/\/medicinasinc.com\/fr\/product\/acheter-1000mg-teinture-arome-thc-keey\/","name":"Acheter 1000 mg de teinture aromatis\u00e9e au THC - Keey - Best Global Meds","isPartOf":{"@id":"https:\/\/medicinasinc.com\/fr\/#website"},"primaryImageOfPage":{"@id":"https:\/\/medicinasinc.com\/fr\/product\/acheter-1000mg-teinture-arome-thc-keey\/#primaryimage"},"image":{"@id":"https:\/\/medicinasinc.com\/fr\/product\/acheter-1000mg-teinture-arome-thc-keey\/#primaryimage"},"thumbnailUrl":"https:\/\/medicinasinc.com\/fr\/wp-content\/uploads\/sites\/5\/2022\/02\/Buy-1000mg-THC-Flavoured-Tincture.jpg","datePublished":"2022-02-20T08:26:42+00:00","dateModified":"2022-08-08T22:37:33+00:00","description":"Acheter 1000 mg de teinture aromatis\u00e9e au THC - Keey \u00e0 vendre en ligne Europe, Royaume-Uni aupr\u00e8s du plus grand dispensaire en ligne, Buy My Weed Online.","breadcrumb":{"@id":"https:\/\/medicinasinc.com\/fr\/product\/acheter-1000mg-teinture-arome-thc-keey\/#breadcrumb"},"inLanguage":"en-US","potentialAction":[{"@type":"ReadAction","target":["https:\/\/medicinasinc.com\/fr\/product\/acheter-1000mg-teinture-arome-thc-keey\/"]}]},{"@type":"ImageObject","inLanguage":"en-US","@id":"https:\/\/medicinasinc.com\/fr\/product\/acheter-1000mg-teinture-arome-thc-keey\/#primaryimage","url":"https:\/\/medicinasinc.com\/fr\/wp-content\/uploads\/sites\/5\/2022\/02\/Buy-1000mg-THC-Flavoured-Tincture.jpg","contentUrl":"https:\/\/medicinasinc.com\/fr\/wp-content\/uploads\/sites\/5\/2022\/02\/Buy-1000mg-THC-Flavoured-Tincture.jpg","width":600,"height":600},{"@type":"BreadcrumbList","@id":"https:\/\/medicinasinc.com\/fr\/product\/acheter-1000mg-teinture-arome-thc-keey\/#breadcrumb","itemListElement":[{"@type":"ListItem","position":1,"name":"Boutique","item":"https:\/\/medicinasinc.com\/fr\/boutique\/"},{"@type":"ListItem","position":2,"name":"Acheter 1000 mg de teinture aromatis\u00e9e au THC \u2013 Keey"}]},{"@type":"WebSite","@id":"https:\/\/medicinasinc.com\/fr\/#website","url":"https:\/\/medicinasinc.com\/fr\/","name":"Medicinas Inc","description":"Health Medical Clinic","potentialAction":[{"@type":"SearchAction","target":{"@type":"EntryPoint","urlTemplate":"https:\/\/medicinasinc.com\/fr\/?s={search_term_string}"},"query-input":{"@type":"PropertyValueSpecification","valueRequired":true,"valueName":"search_term_string"}}],"inLanguage":"en-US"}]}},"_links":{"self":[{"href":"https:\/\/medicinasinc.com\/fr\/wp-json\/wp\/v2\/product\/4332","targetHints":{"allow":["GET"]}}],"collection":[{"href":"https:\/\/medicinasinc.com\/fr\/wp-json\/wp\/v2\/product"}],"about":[{"href":"https:\/\/medicinasinc.com\/fr\/wp-json\/wp\/v2\/types\/product"}],"replies":[{"embeddable":true,"href":"https:\/\/medicinasinc.com\/fr\/wp-json\/wp\/v2\/comments?post=4332"}],"wp:featuredmedia":[{"embeddable":true,"href":"https:\/\/medicinasinc.com\/fr\/wp-json\/wp\/v2\/media\/4362"}],"wp:attachment":[{"href":"https:\/\/medicinasinc.com\/fr\/wp-json\/wp\/v2\/media?parent=4332"}],"wp:term":[{"taxonomy":"product_brand","embeddable":true,"href":"https:\/\/medicinasinc.com\/fr\/wp-json\/wp\/v2\/product_brand?post=4332"},{"taxonomy":"product_cat","embeddable":true,"href":"https:\/\/medicinasinc.com\/fr\/wp-json\/wp\/v2\/product_cat?post=4332"},{"taxonomy":"product_tag","embeddable":true,"href":"https:\/\/medicinasinc.com\/fr\/wp-json\/wp\/v2\/product_tag?post=4332"}],"curies":[{"name":"wp","href":"https:\/\/api.w.org\/{rel}","templated":true}]}}