{"id":4327,"date":"2022-02-20T08:26:03","date_gmt":"2022-02-20T08:26:03","guid":{"rendered":"https:\/\/medicinasinc.com\/fr\/?post_type=product&#038;p=4327"},"modified":"2022-03-17T12:37:17","modified_gmt":"2022-03-17T12:37:17","slug":"distillat-teinture-1000mg-thc-green-goddess","status":"publish","type":"product","link":"https:\/\/medicinasinc.com\/fr\/product\/distillat-teinture-1000mg-thc-green-goddess\/","title":{"rendered":"Teinture de distillat &#8211; 1000 mg de THC &#8211; D\u00e9esse verte"},"content":{"rendered":"<p>Green Goddess &#8211; 1000mg THC Teinture<\/p>\n<p>Les gouttes de teinture Green Goddess pr\u00e9sentent plusieurs avantages par rapport aux autres m\u00e9thodes d&#8217;administration de cannabino\u00efdes m\u00e9dicaux\u00a0: un pot de 30\u00a0ml avec une application de gouttelettes facile \u00e0 utiliser permet un dosage sublingual pr\u00e9cis et fiable. La muqueuse buccale facilite une absorption rapide et constante dans la circulation sanguine. Le syst\u00e8me digestif et le foie ne sont pas impliqu\u00e9s dans le traitement de ces teintures, comme ils le sont avec les cannabino\u00efdes ing\u00e9r\u00e9s par voie orale pr\u00e9sents dans les produits comestibles. Discret et id\u00e9al pour les non-fumeurs recherchant les bienfaits du THC mais n&#8217;ayant pas la capacit\u00e9 respiratoire n\u00e9cessaire pour fumer.<\/p>\n<p>Produit \u00e0 partir d&#8217;un extrait de la plante de cannabis enti\u00e8re. Nous avons ajout\u00e9 une huile C8 + C10 enti\u00e8rement naturelle, une source 100 % biologique d\u00e9riv\u00e9e de la noix de coco d&#8217;acides gras puissants \u00e0 cha\u00eene moyenne qui aident le corps et l&#8217;esprit \u00e0 fonctionner au mieux. Un ar\u00f4me naturel a \u00e9t\u00e9 ajout\u00e9.<\/p>\n<p>Ingr\u00e9dients\u00a0:<\/p>\n<p>Huile MCT infus\u00e9e d&#8217;extrait de plante de cannabis enti\u00e8re (THC)<\/p>\n<p>Suggestions d&#8217;utilisation<\/p>\n<p>1 -2 compte-gouttes toutes les trois \u00e0 quatre heures, d\u00e9poser sous la langue et maintenir pendant 30 secondes pour un soulagement maximal. Consultez votre m\u00e9decin pour d\u00e9terminer le dosage appropri\u00e9. Prendre l&#8217;estomac vide n&#8217;est pas recommand\u00e9.<\/p>\n","protected":false},"excerpt":{"rendered":"<p>Notre huile de chanvre premium CBD Distillate 1000mg THC Teinture contient 1000 mg de CBD extrait de chanvre biologique cultiv\u00e9 au Colorado. Prenez cette teinture quotidiennement pour un bien-\u00eatre aliment\u00e9 par les plantes\u00a0!<\/p>\n<ul>\n<li>Exp\u00e9dition dans le monde entier<\/li>\n<li>1\u00a0000\u00a0mg de THC par 30\u00a0mL<\/li>\n<li>La quantit\u00e9 minimum de commande est de 5<\/li>\n<li>Contactez-nous pour des commandes plus importantes<\/li>\n<\/ul>\n","protected":false},"featured_media":4357,"comment_status":"open","ping_status":"closed","template":"","meta":[],"product_brand":[],"product_cat":[440],"product_tag":[],"class_list":{"0":"post-4327","1":"product","2":"type-product","3":"status-publish","4":"has-post-thumbnail","6":"product_cat-acheter-huile-de-cannabis-cbd","8":"first","9":"instock","10":"shipping-taxable","11":"purchasable","12":"product-type-variable","13":"has-default-attributes"},"yoast_head":"<!-- This site is optimized with the Yoast SEO plugin v27.3 - https:\/\/yoast.com\/product\/yoast-seo-wordpress\/ -->\n<title>Teinture de distillat 1000mg THC - D\u00e9esse verte - Meilleurs m\u00e9dicaments mondiaux<\/title>\n<meta name=\"description\" content=\"Notre huile de chanvre premium CBD Distillate 1000mg THC Teinture contient 1000 mg de CBD extrait de chanvre biologique cultiv\u00e9 au Colorado. Prenez cette teinture quotidiennement pour un bien-\u00eatre propuls\u00e9 par les plantes !\" \/>\n<meta name=\"robots\" content=\"index, follow, max-snippet:-1, max-image-preview:large, max-video-preview:-1\" \/>\n<link rel=\"canonical\" href=\"https:\/\/medicinasinc.com\/fr\/product\/distillat-teinture-1000mg-thc-green-goddess\/\" \/>\n<meta property=\"og:locale\" content=\"en_US\" \/>\n<meta property=\"og:type\" content=\"article\" \/>\n<meta property=\"og:title\" content=\"Teinture de distillat 1000mg THC - D\u00e9esse verte - Meilleurs m\u00e9dicaments mondiaux\" \/>\n<meta property=\"og:description\" content=\"Notre huile de chanvre premium CBD Distillate 1000mg THC Teinture contient 1000 mg de CBD extrait de chanvre biologique cultiv\u00e9 au Colorado. Prenez cette teinture quotidiennement pour un bien-\u00eatre propuls\u00e9 par les plantes !\" \/>\n<meta property=\"og:url\" content=\"https:\/\/medicinasinc.com\/fr\/product\/distillat-teinture-1000mg-thc-green-goddess\/\" \/>\n<meta property=\"og:site_name\" content=\"Medicinas Inc\" \/>\n<meta property=\"article:modified_time\" content=\"2022-03-17T12:37:17+00:00\" \/>\n<meta property=\"og:image\" content=\"https:\/\/medicinasinc.com\/fr\/wp-content\/uploads\/sites\/5\/2022\/02\/1000mg-THC-Tincture.jpg\" \/>\n\t<meta property=\"og:image:width\" content=\"600\" \/>\n\t<meta property=\"og:image:height\" content=\"600\" \/>\n\t<meta property=\"og:image:type\" content=\"image\/jpeg\" \/>\n<meta name=\"twitter:card\" content=\"summary_large_image\" \/>\n<meta name=\"twitter:label1\" content=\"Est. reading time\" \/>\n\t<meta name=\"twitter:data1\" content=\"1 minute\" \/>\n<script type=\"application\/ld+json\" class=\"yoast-schema-graph\">{\"@context\":\"https:\\\/\\\/schema.org\",\"@graph\":[{\"@type\":\"WebPage\",\"@id\":\"https:\\\/\\\/medicinasinc.com\\\/fr\\\/product\\\/distillat-teinture-1000mg-thc-green-goddess\\\/\",\"url\":\"https:\\\/\\\/medicinasinc.com\\\/fr\\\/product\\\/distillat-teinture-1000mg-thc-green-goddess\\\/\",\"name\":\"Teinture de distillat 1000mg THC - D\u00e9esse verte - Meilleurs m\u00e9dicaments mondiaux\",\"isPartOf\":{\"@id\":\"https:\\\/\\\/medicinasinc.com\\\/fr\\\/#website\"},\"primaryImageOfPage\":{\"@id\":\"https:\\\/\\\/medicinasinc.com\\\/fr\\\/product\\\/distillat-teinture-1000mg-thc-green-goddess\\\/#primaryimage\"},\"image\":{\"@id\":\"https:\\\/\\\/medicinasinc.com\\\/fr\\\/product\\\/distillat-teinture-1000mg-thc-green-goddess\\\/#primaryimage\"},\"thumbnailUrl\":\"https:\\\/\\\/medicinasinc.com\\\/fr\\\/wp-content\\\/uploads\\\/sites\\\/5\\\/2022\\\/02\\\/1000mg-THC-Tincture.jpg\",\"datePublished\":\"2022-02-20T08:26:03+00:00\",\"dateModified\":\"2022-03-17T12:37:17+00:00\",\"description\":\"Notre huile de chanvre premium CBD Distillate 1000mg THC Teinture contient 1000 mg de CBD extrait de chanvre biologique cultiv\u00e9 au Colorado. Prenez cette teinture quotidiennement pour un bien-\u00eatre propuls\u00e9 par les plantes !\",\"breadcrumb\":{\"@id\":\"https:\\\/\\\/medicinasinc.com\\\/fr\\\/product\\\/distillat-teinture-1000mg-thc-green-goddess\\\/#breadcrumb\"},\"inLanguage\":\"en-US\",\"potentialAction\":[{\"@type\":\"ReadAction\",\"target\":[\"https:\\\/\\\/medicinasinc.com\\\/fr\\\/product\\\/distillat-teinture-1000mg-thc-green-goddess\\\/\"]}]},{\"@type\":\"ImageObject\",\"inLanguage\":\"en-US\",\"@id\":\"https:\\\/\\\/medicinasinc.com\\\/fr\\\/product\\\/distillat-teinture-1000mg-thc-green-goddess\\\/#primaryimage\",\"url\":\"https:\\\/\\\/medicinasinc.com\\\/fr\\\/wp-content\\\/uploads\\\/sites\\\/5\\\/2022\\\/02\\\/1000mg-THC-Tincture.jpg\",\"contentUrl\":\"https:\\\/\\\/medicinasinc.com\\\/fr\\\/wp-content\\\/uploads\\\/sites\\\/5\\\/2022\\\/02\\\/1000mg-THC-Tincture.jpg\",\"width\":600,\"height\":600},{\"@type\":\"BreadcrumbList\",\"@id\":\"https:\\\/\\\/medicinasinc.com\\\/fr\\\/product\\\/distillat-teinture-1000mg-thc-green-goddess\\\/#breadcrumb\",\"itemListElement\":[{\"@type\":\"ListItem\",\"position\":1,\"name\":\"Boutique\",\"item\":\"https:\\\/\\\/medicinasinc.com\\\/fr\\\/boutique\\\/\"},{\"@type\":\"ListItem\",\"position\":2,\"name\":\"Teinture de distillat &#8211; 1000 mg de THC &#8211; D\u00e9esse verte\"}]},{\"@type\":\"WebSite\",\"@id\":\"https:\\\/\\\/medicinasinc.com\\\/fr\\\/#website\",\"url\":\"https:\\\/\\\/medicinasinc.com\\\/fr\\\/\",\"name\":\"Medicinas Inc\",\"description\":\"Health Medical Clinic\",\"potentialAction\":[{\"@type\":\"SearchAction\",\"target\":{\"@type\":\"EntryPoint\",\"urlTemplate\":\"https:\\\/\\\/medicinasinc.com\\\/fr\\\/?s={search_term_string}\"},\"query-input\":{\"@type\":\"PropertyValueSpecification\",\"valueRequired\":true,\"valueName\":\"search_term_string\"}}],\"inLanguage\":\"en-US\"}]}<\/script>\n<!-- \/ Yoast SEO plugin. -->","yoast_head_json":{"title":"Teinture de distillat 1000mg THC - D\u00e9esse verte - Meilleurs m\u00e9dicaments mondiaux","description":"Notre huile de chanvre premium CBD Distillate 1000mg THC Teinture contient 1000 mg de CBD extrait de chanvre biologique cultiv\u00e9 au Colorado. Prenez cette teinture quotidiennement pour un bien-\u00eatre propuls\u00e9 par les plantes !","robots":{"index":"index","follow":"follow","max-snippet":"max-snippet:-1","max-image-preview":"max-image-preview:large","max-video-preview":"max-video-preview:-1"},"canonical":"https:\/\/medicinasinc.com\/fr\/product\/distillat-teinture-1000mg-thc-green-goddess\/","og_locale":"en_US","og_type":"article","og_title":"Teinture de distillat 1000mg THC - D\u00e9esse verte - Meilleurs m\u00e9dicaments mondiaux","og_description":"Notre huile de chanvre premium CBD Distillate 1000mg THC Teinture contient 1000 mg de CBD extrait de chanvre biologique cultiv\u00e9 au Colorado. Prenez cette teinture quotidiennement pour un bien-\u00eatre propuls\u00e9 par les plantes !","og_url":"https:\/\/medicinasinc.com\/fr\/product\/distillat-teinture-1000mg-thc-green-goddess\/","og_site_name":"Medicinas Inc","article_modified_time":"2022-03-17T12:37:17+00:00","og_image":[{"width":600,"height":600,"url":"https:\/\/medicinasinc.com\/fr\/wp-content\/uploads\/sites\/5\/2022\/02\/1000mg-THC-Tincture.jpg","type":"image\/jpeg"}],"twitter_card":"summary_large_image","twitter_misc":{"Est. reading time":"1 minute"},"schema":{"@context":"https:\/\/schema.org","@graph":[{"@type":"WebPage","@id":"https:\/\/medicinasinc.com\/fr\/product\/distillat-teinture-1000mg-thc-green-goddess\/","url":"https:\/\/medicinasinc.com\/fr\/product\/distillat-teinture-1000mg-thc-green-goddess\/","name":"Teinture de distillat 1000mg THC - D\u00e9esse verte - Meilleurs m\u00e9dicaments mondiaux","isPartOf":{"@id":"https:\/\/medicinasinc.com\/fr\/#website"},"primaryImageOfPage":{"@id":"https:\/\/medicinasinc.com\/fr\/product\/distillat-teinture-1000mg-thc-green-goddess\/#primaryimage"},"image":{"@id":"https:\/\/medicinasinc.com\/fr\/product\/distillat-teinture-1000mg-thc-green-goddess\/#primaryimage"},"thumbnailUrl":"https:\/\/medicinasinc.com\/fr\/wp-content\/uploads\/sites\/5\/2022\/02\/1000mg-THC-Tincture.jpg","datePublished":"2022-02-20T08:26:03+00:00","dateModified":"2022-03-17T12:37:17+00:00","description":"Notre huile de chanvre premium CBD Distillate 1000mg THC Teinture contient 1000 mg de CBD extrait de chanvre biologique cultiv\u00e9 au Colorado. Prenez cette teinture quotidiennement pour un bien-\u00eatre propuls\u00e9 par les plantes !","breadcrumb":{"@id":"https:\/\/medicinasinc.com\/fr\/product\/distillat-teinture-1000mg-thc-green-goddess\/#breadcrumb"},"inLanguage":"en-US","potentialAction":[{"@type":"ReadAction","target":["https:\/\/medicinasinc.com\/fr\/product\/distillat-teinture-1000mg-thc-green-goddess\/"]}]},{"@type":"ImageObject","inLanguage":"en-US","@id":"https:\/\/medicinasinc.com\/fr\/product\/distillat-teinture-1000mg-thc-green-goddess\/#primaryimage","url":"https:\/\/medicinasinc.com\/fr\/wp-content\/uploads\/sites\/5\/2022\/02\/1000mg-THC-Tincture.jpg","contentUrl":"https:\/\/medicinasinc.com\/fr\/wp-content\/uploads\/sites\/5\/2022\/02\/1000mg-THC-Tincture.jpg","width":600,"height":600},{"@type":"BreadcrumbList","@id":"https:\/\/medicinasinc.com\/fr\/product\/distillat-teinture-1000mg-thc-green-goddess\/#breadcrumb","itemListElement":[{"@type":"ListItem","position":1,"name":"Boutique","item":"https:\/\/medicinasinc.com\/fr\/boutique\/"},{"@type":"ListItem","position":2,"name":"Teinture de distillat &#8211; 1000 mg de THC &#8211; D\u00e9esse verte"}]},{"@type":"WebSite","@id":"https:\/\/medicinasinc.com\/fr\/#website","url":"https:\/\/medicinasinc.com\/fr\/","name":"Medicinas Inc","description":"Health Medical Clinic","potentialAction":[{"@type":"SearchAction","target":{"@type":"EntryPoint","urlTemplate":"https:\/\/medicinasinc.com\/fr\/?s={search_term_string}"},"query-input":{"@type":"PropertyValueSpecification","valueRequired":true,"valueName":"search_term_string"}}],"inLanguage":"en-US"}]}},"_links":{"self":[{"href":"https:\/\/medicinasinc.com\/fr\/wp-json\/wp\/v2\/product\/4327","targetHints":{"allow":["GET"]}}],"collection":[{"href":"https:\/\/medicinasinc.com\/fr\/wp-json\/wp\/v2\/product"}],"about":[{"href":"https:\/\/medicinasinc.com\/fr\/wp-json\/wp\/v2\/types\/product"}],"replies":[{"embeddable":true,"href":"https:\/\/medicinasinc.com\/fr\/wp-json\/wp\/v2\/comments?post=4327"}],"wp:featuredmedia":[{"embeddable":true,"href":"https:\/\/medicinasinc.com\/fr\/wp-json\/wp\/v2\/media\/4357"}],"wp:attachment":[{"href":"https:\/\/medicinasinc.com\/fr\/wp-json\/wp\/v2\/media?parent=4327"}],"wp:term":[{"taxonomy":"product_brand","embeddable":true,"href":"https:\/\/medicinasinc.com\/fr\/wp-json\/wp\/v2\/product_brand?post=4327"},{"taxonomy":"product_cat","embeddable":true,"href":"https:\/\/medicinasinc.com\/fr\/wp-json\/wp\/v2\/product_cat?post=4327"},{"taxonomy":"product_tag","embeddable":true,"href":"https:\/\/medicinasinc.com\/fr\/wp-json\/wp\/v2\/product_tag?post=4327"}],"curies":[{"name":"wp","href":"https:\/\/api.w.org\/{rel}","templated":true}]}}