{"id":3,"date":"2022-02-19T02:31:18","date_gmt":"2022-02-19T02:31:18","guid":{"rendered":"https:\/\/medicinasinc.com\/fr\/?page_id=3"},"modified":"2022-03-15T00:07:58","modified_gmt":"2022-03-15T00:07:58","slug":"strategies","status":"publish","type":"page","link":"https:\/\/medicinasinc.com\/fr\/strategies\/","title":{"rendered":"Confidentialit\u00e9 et conditions"},"content":{"rendered":"<p>[vc_section][vc_row][vc_column][vc_row_inner][vc_column_inner][vc_custom_heading text=&#8221;Nos politiques&#8221; font_container=&#8221;tag:h1|text_align:left&#8221; use_theme_fonts=&#8221;yes&#8221;][vc_separator align=&#8221;align_left&#8221; border_width=&#8221;2&#8243; el_width=&#8221;10&#8243;][\/vc_column_inner][\/vc_row_inner][\/vc_column][\/vc_row][vc_row][vc_column][vc_row_inner][vc_column_inner][vc_empty_space][vc_custom_heading text=&#8221;Avoir une question?&#8221; use_theme_fonts=&#8221;yes&#8221;][\/vc_column_inner][\/vc_row_inner][vc_row_inner][vc_column_inner][vc_column_text]Jetez un \u0153il aux questions les plus fr\u00e9quemment pos\u00e9es concernant les m\u00e9dicaments ci-dessous.<\/p>\n<p>S&#8217;il y a une question que vous cherchez mais que vous ne trouvez pas, n&#8217;h\u00e9sitez pas \u00e0 <strong>nous contacter<\/strong> avec nous.[\/vc_column_text][\/vc_column_inner][\/vc_row_inner][vc_row_inner][vc_column_inner][vc_btn title=&#8221;Entrer en contact&#8221; link=&#8221;url:%2Ffr%2Fcontact%2F&#8221;][\/vc_column_inner][\/vc_row_inner][\/vc_column][\/vc_row][\/vc_section][vc_section][vc_row][vc_column][vc_row_inner][vc_column_inner][vc_empty_space height=&#8221;75px&#8221;][\/vc_column_inner][\/vc_row_inner][vc_row_inner][vc_column_inner][vc_column_text]<\/p>\n<ul>\n<li><a href=\"#shipping\">Politique d&#8217;exp\u00e9dition<\/a><\/li>\n<li><a href=\"#cancellation\">Politique d&#8217;annulation de commande<\/a><\/li>\n<li><a href=\"#refund\">Politique de remboursement<\/a><\/li>\n<li><a href=\"#privacy\">Politique de confidentialit\u00e9<\/a><\/li>\n<li><a href=\"#disclaimer\">Avertissement<\/a><\/li>\n<\/ul>\n<p>[\/vc_column_text][\/vc_column_inner][\/vc_row_inner][\/vc_column][\/vc_row][\/vc_section][vc_section el_id=&#8221;shipping&#8221;][vc_row][vc_column][vc_row_inner][vc_column_inner][vc_empty_space height=&#8221;75px&#8221;][vc_custom_heading text=&#8221;Politique d&#8217;exp\u00e9dition&#8221; use_theme_fonts=&#8221;yes&#8221;][\/vc_column_inner][\/vc_row_inner][vc_row_inner][vc_column_inner][vc_column_text]Les m\u00e9dicaments que nous proposons sont fabriqu\u00e9s et exp\u00e9di\u00e9s depuis l&#8217;Inde. C&#8217;est un long chemin donc la livraison prend du temps. Habituellement, les envois sont livr\u00e9s dans un d\u00e9lai de 10 \u00e0 17 jours, mais dans certains cas, il peut y avoir un retard de 5 jours suppl\u00e9mentaires.<\/p>\n<p>En cas de non-livraison apr\u00e8s la date limite, veuillez nous contacter pour nous en informer. Nous ferons de notre mieux pour vous proposer la solution qui r\u00e9pondra pleinement \u00e0 vos int\u00e9r\u00eats. Cliquez <a href=\"\/faq#shipping\" rel=\"nofollow\">ici<\/a> pour en savoir plus sur l&#8217;exp\u00e9dition.[\/vc_column_text][\/vc_column_inner][\/vc_row_inner][\/vc_column][\/vc_row][\/vc_section][vc_section el_id=&#8221;cancellation&#8221;][vc_row][vc_column][vc_row_inner][vc_column_inner][vc_empty_space height=&#8221;75px&#8221;][vc_custom_heading text=&#8221;Politique d&#8217;annulation de commande&#8221; use_theme_fonts=&#8221;yes&#8221;][\/vc_column_inner][\/vc_row_inner][vc_row_inner][vc_column_inner][vc_column_text]Veuillez noter que nous acceptons les annulations de commande UNIQUEMENT dans les 24 heures suivant la soumission de la commande. Si vous souhaitez annuler la commande, vous devez contacter notre \u00e9quipe d&#8217;assistance par t\u00e9l\u00e9phone ou par e-mail ( <a href=\"\/contact\/\" rel=\"nofollow\">Contactez-nous<\/a> ) et les informer de votre d\u00e9cision . Si vous nous contactez apr\u00e8s 24 heures, aucune annulation de commande ne sera trait\u00e9e.<\/p>\n<p>Assurez-vous que vous ins\u00e9rez une adresse de livraison valide dans le formulaire de commande, nous vous recommandons de rev\u00e9rifier les notes avant de soumettre la commande. Toute erreur peut entra\u00eener la non livraison des produits command\u00e9s. Si vous avez remarqu\u00e9 que les notes d&#8217;adresse ont \u00e9t\u00e9 sp\u00e9cifi\u00e9es de mani\u00e8re incorrecte, contactez-nous d\u00e8s que possible pour en informer ( <a href=\"\/contact\/\" rel=\"nofollow\">Contactez-nous<\/a> ).[\/vc_column_text][\/vc_column_inner][\/vc_row_inner][\/vc_column][\/vc_row][\/vc_section][vc_section el_id=&#8221;refund&#8221;][vc_row][vc_column][vc_row_inner][vc_column_inner][vc_empty_space height=&#8221;75px&#8221;][vc_custom_heading text=&#8221;Politique de remboursement&#8221; use_theme_fonts=&#8221;yes&#8221;][\/vc_column_inner][\/vc_row_inner][vc_row_inner][vc_column_inner][vc_column_text]Les m\u00e9dicaments que nous offrons sont g\u00e9n\u00e9riquement \u00e9quivalents \u00e0 leurs homologues de marque. Nous garantissons qu&#8217;ils sont chimiquement identiques et ont le m\u00eame effet m\u00e9dical.<\/p>\n<p>Si vous n&#8217;\u00eates pas satisfait de l&#8217;effet produit par nos m\u00e9dicaments, veuillez <a href=\"\/contact\/\" rel=\"nofollow\">nous contacter<\/a> pour nous informer du probl\u00e8me. Nous vous fournirons l&#8217;adresse de retour et d\u00e8s r\u00e9ception du produit par notre service des retours, nous lancerons la proc\u00e9dure de remboursement.<\/p>\n<p>Avant de nous contacter, assurez-vous de prendre le bon dosage des produits et de suivre les instructions d&#8217;utilisation. N&#8217;oubliez pas que les effets peuvent \u00eatre ralentis par les aliments gras et l&#8217;alcool que vous prenez avant l&#8217;onglet.<\/p>\n<p>En cas de <strong>non-livraison du produit<\/strong> dans les d\u00e9lais (la livraison prend 10-17 jours, il peut y avoir un d\u00e9lai suppl\u00e9mentaire de 5 jours pour le contr\u00f4le douanier) vous pouvez contacter notre \u00e9quipe d&#8217;assistance ( &lt; a href=&#8221;\/contact\/&#8221; rel=&#8221;nofollow&#8221;&gt;Contactez-nous) pour b\u00e9n\u00e9ficier d&#8217;un remboursement. Votre paiement sera enti\u00e8rement rembours\u00e9 sur votre carte de cr\u00e9dit. La proc\u00e9dure de remboursement prend g\u00e9n\u00e9ralement 5 \u00e0 7 jours ouvrables, apr\u00e8s cette p\u00e9riode, le remboursement sera refl\u00e9t\u00e9 sur votre relev\u00e9 de carte de cr\u00e9dit.<\/p>\n<p>En raison de la nature sp\u00e9cifique des produits que nous proposons, nous n&#8217;acceptons pas les retours. Personne ne peut garantir que les conditions de stockage sont respect\u00e9es pendant le transport de la commande, nous ne pouvons donc pas les accepter m\u00eame si le colis n&#8217;a pas \u00e9t\u00e9 ouvert.[\/vc_column_text][\/vc_column_inner][\/vc_row_inner][\/vc_column][\/vc_row][\/vc_section][vc_section el_id=&#8221;privacy&#8221;][vc_row][vc_column][vc_row_inner][vc_column_inner][vc_empty_space height=&#8221;75px&#8221;][vc_custom_heading text=&#8221;Politique de confidentialit\u00e9&#8221; use_theme_fonts=&#8221;yes&#8221;][\/vc_column_inner][\/vc_row_inner][vc_row_inner][vc_column_inner][vc_column_text]Nous comprenons que la confidentialit\u00e9 de toutes les informations que vous fournissez est d&#8217;une importance primordiale. C&#8217;est pourquoi nous mettons tout en \u0153uvre pour l&#8217;utiliser avec pr\u00e9caution et bon sens. Ces informations ne sont jamais partag\u00e9es avec d&#8217;autres soci\u00e9t\u00e9s ou prestataires de services tiers.<\/p>\n<p>Toutes les transactions sur notre page de paiement sont 100% s\u00e9curis\u00e9es. Nous prot\u00e9geons la s\u00e9curit\u00e9 de vos informations en utilisant un logiciel Secure Sockets Layer (SSL) 256 bits, qui crypte toutes les informations que vous saisissez. De plus, nos serveurs de facturation sont certifi\u00e9s par des agences ind\u00e9pendantes et r\u00e9put\u00e9es qui garantissent la s\u00e9curit\u00e9 et la confidentialit\u00e9 de vos informations.<\/p>\n<p>Seuls les 4 derniers chiffres de votre carte de cr\u00e9dit sont refl\u00e9t\u00e9s dans notre base de donn\u00e9es. Ainsi, m\u00eame nos op\u00e9rateurs d&#8217;assistance \u00e0 la client\u00e8le n&#8217;ont aucun acc\u00e8s aux informations de votre carte de cr\u00e9dit.[\/vc_column_text][\/vc_column_inner][\/vc_row_inner][\/vc_column][\/vc_row][\/vc_section][vc_section el_id=&#8221;disclaimer&#8221;][vc_row][vc_column][vc_row_inner][vc_column_inner][vc_empty_space height=&#8221;75px&#8221;][vc_custom_heading text=&#8221;Avertissement&#8221; use_theme_fonts=&#8221;yes&#8221;][\/vc_column_inner][\/vc_row_inner][vc_row_inner][vc_column_inner][vc_column_text]Notre soci\u00e9t\u00e9 n&#8217;est pas responsable et d\u00e9cline express\u00e9ment toute responsabilit\u00e9 pour tout retard de livraison qui ne d\u00e9passe pas 10 jours apr\u00e8s la date de livraison estim\u00e9e indiqu\u00e9e. 10 (dix) jours apr\u00e8s la date de livraison estim\u00e9e sp\u00e9cifi\u00e9e, ou le jour ouvrable suivant, en cas de jour f\u00e9ri\u00e9 local, est consid\u00e9r\u00e9 comme un d\u00e9lai.<\/p>\n<p>Notre soci\u00e9t\u00e9 n&#8217;est pas responsable de l&#8217;\u00e9chec de la livraison si le client a sp\u00e9cifi\u00e9 une adresse insuffisante, une mauvaise adresse ou une adresse qui ne conduit pas \u00e0 une livraison r\u00e9ussie d&#8217;une autre mani\u00e8re.<br \/>\nNotre soci\u00e9t\u00e9 n&#8217;est pas responsable de l&#8217;\u00e9chec de la livraison si le client n&#8217;a pas r\u00e9clam\u00e9 le colis, l&#8217;a refus\u00e9 ou a emp\u00each\u00e9 une livraison r\u00e9ussie de toute autre mani\u00e8re. Toutes les r\u00e9exp\u00e9ditions dans de tels cas sont effectu\u00e9es uniquement via International Regular Mail.<\/p>\n<p>Notre soci\u00e9t\u00e9 n&#8217;est pas responsable et d\u00e9cline express\u00e9ment toute responsabilit\u00e9 pour la livraison de tout produit g\u00e9n\u00e9rique qui ne r\u00e9pond pas aux attentes du client selon des crit\u00e8res tels que &#8211; la couleur, la forme et la taille de la pilule, la pr\u00e9sence de tout marquage imprim\u00e9 ou marqu\u00e9 sur la pilule, portant un nom commercial ou \u00e9tant fabriqu\u00e9 par un fabricant diff\u00e9rent de celui que le client s&#8217;attend \u00e0 obtenir.<br \/>\nPour tout produit g\u00e9n\u00e9rique, toutes les informations sur les produits pr\u00e9sent\u00e9es sur le site Web, telles que, mais sans s&#8217;y limiter, les vignettes, les images des produits, les noms des fabricants et les noms commerciaux, sont l\u00e0 uniquement \u00e0 des fins d&#8217;information.<\/p>\n<p>Notre soci\u00e9t\u00e9 n&#8217;est pas responsable et d\u00e9cline express\u00e9ment toute responsabilit\u00e9 pour le manque d&#8217;efficacit\u00e9 du produit re\u00e7u dans le cas o\u00f9 le produit a \u00e9t\u00e9 achet\u00e9 pour une utilisation non conforme.<\/p>\n<p>En passant une commande aupr\u00e8s de notre soci\u00e9t\u00e9, vous confirmez avoir lu, compris et accept\u00e9 cette clause de non-responsabilit\u00e9. Toute action entreprise pour r\u00e9clamer votre remboursement pour l&#8217;une des raisons \u00e9num\u00e9r\u00e9es ci-dessus sera consid\u00e9r\u00e9e comme une action frauduleuse et peut entra\u00eener des poursuites judiciaires et une interdiction de notre syst\u00e8me.[\/vc_column_text][\/vc_column_inner][\/vc_row_inner][\/vc_column][\/vc_row][\/vc_section]<\/p>\n","protected":false},"excerpt":{"rendered":"<p>[vc_section][vc_row][vc_column][vc_row_inner][vc_column_inner][vc_custom_heading text=&#8221;Nos politiques&#8221; font_container=&#8221;tag:h1|text_align:left&#8221; use_theme_fonts=&#8221;yes&#8221;][vc_separator align=&#8221;align_left&#8221; border_width=&#8221;2&#8243; el_width=&#8221;10&#8243;][\/vc_column_inner][\/vc_row_inner][\/vc_column][\/vc_row][vc_row][vc_column][vc_row_inner][vc_column_inner][vc_empty_space][vc_custom_heading text=&#8221;Avoir une question?&#8221; use_theme_fonts=&#8221;yes&#8221;][\/vc_column_inner][\/vc_row_inner][vc_row_inner][vc_column_inner][vc_column_text]Jetez un \u0153il aux questions les plus fr\u00e9quemment pos\u00e9es concernant les m\u00e9dicaments ci-dessous. S&#8217;il y a une question que vous cherchez mais que vous ne trouvez pas, n&#8217;h\u00e9sitez pas \u00e0 nous contacter avec nous.[\/vc_column_text][\/vc_column_inner][\/vc_row_inner][vc_row_inner][vc_column_inner][vc_btn title=&#8221;Entrer en contact&#8221; link=&#8221;url:%2Ffr%2Fcontact%2F&#8221;][\/vc_column_inner][\/vc_row_inner][\/vc_column][\/vc_row][\/vc_section][vc_section][vc_row][vc_column][vc_row_inner][vc_column_inner][vc_empty_space height=&#8221;75px&#8221;][\/vc_column_inner][\/vc_row_inner][vc_row_inner][vc_column_inner][vc_column_text] Politique d&#8217;exp\u00e9dition Politique d&#8217;annulation de<\/p>\n","protected":false},"author":1,"featured_media":6014,"parent":0,"menu_order":0,"comment_status":"closed","ping_status":"closed","template":"","meta":{"footnotes":""},"class_list":["post-3","page","type-page","status-publish","has-post-thumbnail","hentry"],"yoast_head":"<!-- This site is optimized with the Yoast SEO plugin v27.3 - https:\/\/yoast.com\/product\/yoast-seo-wordpress\/ -->\n<title>Confidentialit\u00e9 et conditions - Medicinas Inc<\/title>\n<meta name=\"robots\" content=\"index, follow, max-snippet:-1, max-image-preview:large, max-video-preview:-1\" \/>\n<link rel=\"canonical\" href=\"https:\/\/medicinasinc.com\/fr\/strategies\/\" \/>\n<meta property=\"og:locale\" content=\"en_US\" \/>\n<meta property=\"og:type\" content=\"article\" \/>\n<meta property=\"og:title\" content=\"Confidentialit\u00e9 et conditions - Medicinas Inc\" \/>\n<meta property=\"og:description\" content=\"[vc_section][vc_row][vc_column][vc_row_inner][vc_column_inner][vc_custom_heading text=&#8221;Nos politiques&#8221; font_container=&#8221;tag:h1|text_align:left&#8221; use_theme_fonts=&#8221;yes&#8221;][vc_separator align=&#8221;align_left&#8221; border_width=&#8221;2&#8243; el_width=&#8221;10&#8243;][\/vc_column_inner][\/vc_row_inner][\/vc_column][\/vc_row][vc_row][vc_column][vc_row_inner][vc_column_inner][vc_empty_space][vc_custom_heading text=&#8221;Avoir une question?&#8221; use_theme_fonts=&#8221;yes&#8221;][\/vc_column_inner][\/vc_row_inner][vc_row_inner][vc_column_inner][vc_column_text]Jetez un \u0153il aux questions les plus fr\u00e9quemment pos\u00e9es concernant les m\u00e9dicaments ci-dessous. S&#8217;il y a une question que vous cherchez mais que vous ne trouvez pas, n&#8217;h\u00e9sitez pas \u00e0 nous contacter avec nous.[\/vc_column_text][\/vc_column_inner][\/vc_row_inner][vc_row_inner][vc_column_inner][vc_btn title=&#8221;Entrer en contact&#8221; link=&#8221;url:%2Ffr%2Fcontact%2F&#8221;][\/vc_column_inner][\/vc_row_inner][\/vc_column][\/vc_row][\/vc_section][vc_section][vc_row][vc_column][vc_row_inner][vc_column_inner][vc_empty_space height=&#8221;75px&#8221;][\/vc_column_inner][\/vc_row_inner][vc_row_inner][vc_column_inner][vc_column_text] Politique d&#8217;exp\u00e9dition Politique d&#8217;annulation de\" \/>\n<meta property=\"og:url\" content=\"https:\/\/medicinasinc.com\/fr\/strategies\/\" \/>\n<meta property=\"og:site_name\" content=\"Medicinas Inc\" \/>\n<meta property=\"article:modified_time\" content=\"2022-03-15T00:07:58+00:00\" \/>\n<meta name=\"twitter:card\" content=\"summary_large_image\" \/>\n<meta name=\"twitter:label1\" content=\"Est. reading time\" \/>\n\t<meta name=\"twitter:data1\" content=\"5 minutes\" \/>\n<script type=\"application\/ld+json\" class=\"yoast-schema-graph\">{\"@context\":\"https:\\\/\\\/schema.org\",\"@graph\":[{\"@type\":\"WebPage\",\"@id\":\"https:\\\/\\\/medicinasinc.com\\\/fr\\\/strategies\\\/\",\"url\":\"https:\\\/\\\/medicinasinc.com\\\/fr\\\/strategies\\\/\",\"name\":\"Confidentialit\u00e9 et conditions - Medicinas Inc\",\"isPartOf\":{\"@id\":\"https:\\\/\\\/medicinasinc.com\\\/fr\\\/#website\"},\"primaryImageOfPage\":{\"@id\":\"https:\\\/\\\/medicinasinc.com\\\/fr\\\/strategies\\\/#primaryimage\"},\"image\":{\"@id\":\"https:\\\/\\\/medicinasinc.com\\\/fr\\\/strategies\\\/#primaryimage\"},\"thumbnailUrl\":\"https:\\\/\\\/medicinasinc.com\\\/fr\\\/wp-content\\\/uploads\\\/sites\\\/5\\\/2022\\\/03\\\/woocommerce-placeholder.png\",\"datePublished\":\"2022-02-19T02:31:18+00:00\",\"dateModified\":\"2022-03-15T00:07:58+00:00\",\"inLanguage\":\"en-US\",\"potentialAction\":[{\"@type\":\"ReadAction\",\"target\":[\"https:\\\/\\\/medicinasinc.com\\\/fr\\\/strategies\\\/\"]}]},{\"@type\":\"ImageObject\",\"inLanguage\":\"en-US\",\"@id\":\"https:\\\/\\\/medicinasinc.com\\\/fr\\\/strategies\\\/#primaryimage\",\"url\":\"https:\\\/\\\/medicinasinc.com\\\/fr\\\/wp-content\\\/uploads\\\/sites\\\/5\\\/2022\\\/03\\\/woocommerce-placeholder.png\",\"contentUrl\":\"https:\\\/\\\/medicinasinc.com\\\/fr\\\/wp-content\\\/uploads\\\/sites\\\/5\\\/2022\\\/03\\\/woocommerce-placeholder.png\",\"width\":860,\"height\":824},{\"@type\":\"WebSite\",\"@id\":\"https:\\\/\\\/medicinasinc.com\\\/fr\\\/#website\",\"url\":\"https:\\\/\\\/medicinasinc.com\\\/fr\\\/\",\"name\":\"Medicinas Inc\",\"description\":\"Health Medical Clinic\",\"potentialAction\":[{\"@type\":\"SearchAction\",\"target\":{\"@type\":\"EntryPoint\",\"urlTemplate\":\"https:\\\/\\\/medicinasinc.com\\\/fr\\\/?s={search_term_string}\"},\"query-input\":{\"@type\":\"PropertyValueSpecification\",\"valueRequired\":true,\"valueName\":\"search_term_string\"}}],\"inLanguage\":\"en-US\"}]}<\/script>\n<!-- \/ Yoast SEO plugin. -->","yoast_head_json":{"title":"Confidentialit\u00e9 et conditions - Medicinas Inc","robots":{"index":"index","follow":"follow","max-snippet":"max-snippet:-1","max-image-preview":"max-image-preview:large","max-video-preview":"max-video-preview:-1"},"canonical":"https:\/\/medicinasinc.com\/fr\/strategies\/","og_locale":"en_US","og_type":"article","og_title":"Confidentialit\u00e9 et conditions - Medicinas Inc","og_description":"[vc_section][vc_row][vc_column][vc_row_inner][vc_column_inner][vc_custom_heading text=&#8221;Nos politiques&#8221; font_container=&#8221;tag:h1|text_align:left&#8221; use_theme_fonts=&#8221;yes&#8221;][vc_separator align=&#8221;align_left&#8221; border_width=&#8221;2&#8243; el_width=&#8221;10&#8243;][\/vc_column_inner][\/vc_row_inner][\/vc_column][\/vc_row][vc_row][vc_column][vc_row_inner][vc_column_inner][vc_empty_space][vc_custom_heading text=&#8221;Avoir une question?&#8221; use_theme_fonts=&#8221;yes&#8221;][\/vc_column_inner][\/vc_row_inner][vc_row_inner][vc_column_inner][vc_column_text]Jetez un \u0153il aux questions les plus fr\u00e9quemment pos\u00e9es concernant les m\u00e9dicaments ci-dessous. S&#8217;il y a une question que vous cherchez mais que vous ne trouvez pas, n&#8217;h\u00e9sitez pas \u00e0 nous contacter avec nous.[\/vc_column_text][\/vc_column_inner][\/vc_row_inner][vc_row_inner][vc_column_inner][vc_btn title=&#8221;Entrer en contact&#8221; link=&#8221;url:%2Ffr%2Fcontact%2F&#8221;][\/vc_column_inner][\/vc_row_inner][\/vc_column][\/vc_row][\/vc_section][vc_section][vc_row][vc_column][vc_row_inner][vc_column_inner][vc_empty_space height=&#8221;75px&#8221;][\/vc_column_inner][\/vc_row_inner][vc_row_inner][vc_column_inner][vc_column_text] Politique d&#8217;exp\u00e9dition Politique d&#8217;annulation de","og_url":"https:\/\/medicinasinc.com\/fr\/strategies\/","og_site_name":"Medicinas Inc","article_modified_time":"2022-03-15T00:07:58+00:00","twitter_card":"summary_large_image","twitter_misc":{"Est. reading time":"5 minutes"},"schema":{"@context":"https:\/\/schema.org","@graph":[{"@type":"WebPage","@id":"https:\/\/medicinasinc.com\/fr\/strategies\/","url":"https:\/\/medicinasinc.com\/fr\/strategies\/","name":"Confidentialit\u00e9 et conditions - Medicinas Inc","isPartOf":{"@id":"https:\/\/medicinasinc.com\/fr\/#website"},"primaryImageOfPage":{"@id":"https:\/\/medicinasinc.com\/fr\/strategies\/#primaryimage"},"image":{"@id":"https:\/\/medicinasinc.com\/fr\/strategies\/#primaryimage"},"thumbnailUrl":"https:\/\/medicinasinc.com\/fr\/wp-content\/uploads\/sites\/5\/2022\/03\/woocommerce-placeholder.png","datePublished":"2022-02-19T02:31:18+00:00","dateModified":"2022-03-15T00:07:58+00:00","inLanguage":"en-US","potentialAction":[{"@type":"ReadAction","target":["https:\/\/medicinasinc.com\/fr\/strategies\/"]}]},{"@type":"ImageObject","inLanguage":"en-US","@id":"https:\/\/medicinasinc.com\/fr\/strategies\/#primaryimage","url":"https:\/\/medicinasinc.com\/fr\/wp-content\/uploads\/sites\/5\/2022\/03\/woocommerce-placeholder.png","contentUrl":"https:\/\/medicinasinc.com\/fr\/wp-content\/uploads\/sites\/5\/2022\/03\/woocommerce-placeholder.png","width":860,"height":824},{"@type":"WebSite","@id":"https:\/\/medicinasinc.com\/fr\/#website","url":"https:\/\/medicinasinc.com\/fr\/","name":"Medicinas Inc","description":"Health Medical Clinic","potentialAction":[{"@type":"SearchAction","target":{"@type":"EntryPoint","urlTemplate":"https:\/\/medicinasinc.com\/fr\/?s={search_term_string}"},"query-input":{"@type":"PropertyValueSpecification","valueRequired":true,"valueName":"search_term_string"}}],"inLanguage":"en-US"}]}},"_links":{"self":[{"href":"https:\/\/medicinasinc.com\/fr\/wp-json\/wp\/v2\/pages\/3","targetHints":{"allow":["GET"]}}],"collection":[{"href":"https:\/\/medicinasinc.com\/fr\/wp-json\/wp\/v2\/pages"}],"about":[{"href":"https:\/\/medicinasinc.com\/fr\/wp-json\/wp\/v2\/types\/page"}],"author":[{"embeddable":true,"href":"https:\/\/medicinasinc.com\/fr\/wp-json\/wp\/v2\/users\/1"}],"replies":[{"embeddable":true,"href":"https:\/\/medicinasinc.com\/fr\/wp-json\/wp\/v2\/comments?post=3"}],"version-history":[{"count":0,"href":"https:\/\/medicinasinc.com\/fr\/wp-json\/wp\/v2\/pages\/3\/revisions"}],"wp:featuredmedia":[{"embeddable":true,"href":"https:\/\/medicinasinc.com\/fr\/wp-json\/wp\/v2\/media\/6014"}],"wp:attachment":[{"href":"https:\/\/medicinasinc.com\/fr\/wp-json\/wp\/v2\/media?parent=3"}],"curies":[{"name":"wp","href":"https:\/\/api.w.org\/{rel}","templated":true}]}}