{"id":5926,"date":"2022-02-22T08:28:02","date_gmt":"2022-02-22T08:28:02","guid":{"rendered":"https:\/\/medicinasinc.com\/fi\/?post_type=product&#038;p=5926"},"modified":"2022-03-22T00:44:32","modified_gmt":"2022-03-22T00:44:32","slug":"osta-thj-018","status":"publish","type":"product","link":"https:\/\/medicinasinc.com\/fi\/product\/osta-thj-018\/","title":{"rendered":"Osta THJ-018"},"content":{"rendered":"<p>Uusien psykoaktiivisten yhdisteiden yleistymisest\u00e4 huolimatta t\u00e4ll\u00e4 hetkell\u00e4 ei ole saatavilla tietoja ihmisen aineenvaihdunnasta, mik\u00e4 vaikeuttaa laboratoriodokumentointia virtsan\u00e4ytteist\u00e4 nauttimisesta ja l\u00e4\u00e4kkeiden farmakodynaamisten, farmakokineettisten ja toksikologisten ominaisuuksien arvioinnista.<\/p>\n<p>Synteettiset kannabiksen indatsolianalogit JWH-018 ja THJ-2201 julkaistiin vuonna 2014 nimill\u00e4 THJ-018 ja THJ-2201.<\/p>\n<p>THJ 018 on ostettavissa oleva upouusi synteettinen l\u00e4\u00e4ke. Se on luokiteltu kannabinoidiksi. T\u00e4m\u00e4 yhdiste on johdannainen hyvin tunnetusta jwh 018 -l\u00e4\u00e4kkeest\u00e4.<\/p>\n<p>National Forensic Laboratory Information Systemiss\u00e4 on AM-2201:n mukaan 220 THJ-2201-raporttia. Tammikuussa 2015 huumevalvontavirasto luokitteli THJ-2201:n luetteloon I monien haittatapahtumien vuoksi.<\/p>\n<p>MENETELM\u00c4T: 10 mol\/l THJ-018:aa ja THJ-2201:t\u00e4 ihmisen maksasoluissa 3 tunnin inkuboinnin j\u00e4lkeen, k\u00e4ytimme korkean resoluution massaspektrometriaa (HR-MS) (TripleTOF 5600+) l\u00f6yt\u00e4\u00e4ksemme optimaaliset metaboliittimarkkerit. Tuotteiden ioniskannaukset massavikasuodattimilla aktivoitiin t\u00e4ydellisell\u00e4 skannauksella ja tiedoista riippuvaisella hankinnalla. MetaSitea k\u00e4ytettiin in silico -metaboliitin ennusteiden tekemiseen, joita sitten verrattiin ihmisen maksasoluissa l\u00f6ydettyihin metaboliitteihin.<\/p>\n<p>TULOKSET: L\u00f6ydettiin 13 THJ-018-metaboliitia, joiden N-pentyyliketjussa oli hydroksylaatiota ja sen j\u00e4lkeen hapettumista tai glukuronidaatio on vallitseva aineenvaihduntareitti. THJ-2201:st\u00e4 l\u00f6ydettiin 27 metaboliittia, joista suurin osa oli oksidatiivista defluorausta, jota seurasi karboksylaatio tai glukuronidaatio, sek\u00e4 hydroksyloituneiden metaboliittien glukuronidaatio.<\/p>\n<p>Molemmat yhdisteet osoittivat dihydrodiolisynteesi\u00e4 naftaleeniosassa. MetaSite-ennuste oli tarkka THJ-018-hepatosyyttimetaboliittien osalta, kun taas THJ-2201:n oksidatiivinen defluoraus oli aliarvioitu.<\/p>\n<p>JOHTOP\u00c4\u00c4T\u00d6KSET: Tutkimme THJ-018:n ja THJ-2201:n metaboliaa ihmisen maksasoluissa k\u00e4ytt\u00e4m\u00e4ll\u00e4 HR-MS:\u00e4\u00e4 tiedon ker\u00e4\u00e4miseen ja ker\u00e4\u00e4miseen. k\u00e4sittelyyn, ja suosittelemme laboratorioille asianmukaisia \u200b\u200bindikaattoreita THJ-018:n ja THJ-2201:n nauttimisen tunnistamiseksi ja dokumentoitujen haittavaikutusten liitt\u00e4miseksi n\u00e4ihin uusiin synteettisiin kannabinoideihin.<\/p>\n<p>SC:t sitoutuvat endogeenisiin kannabinoidireseptoreihin ja tuottavat kannabiimimeettisi\u00e4 vaikutuksia, jotka ovat verrattavissa 9:\u00e4\u00e4n -tetrahydrokannabinoli (1, 2). SC3:n v\u00e4\u00e4rink\u00e4ytt\u00f6 johtaa merkitt\u00e4viin sivuvaikutuksiin, kuten akuuttiin munuaisvaurioon, syd\u00e4ninfarktiin ja kuolemaan (3, 4).<\/p>\n<p>N\u00e4ist\u00e4 riskeist\u00e4 huolimatta ihmiset jatkavat SC:n k\u00e4ytt\u00f6\u00e4. Monet SC:t on suunniteltu Yhdysvalloissa, Japanissa ja useimmissa Euroopan maissa (esimerkiksi JWH018, JWH-073, AKB48 ja XLR-11); kuitenkin uusia rakenteellisesti erilaisia \u200b\u200byhdisteit\u00e4 ilmaantuu jatkuvasti.<\/p>\n","protected":false},"excerpt":{"rendered":"<p>Osta THJ-018 (SGT-17) myyt\u00e4v\u00e4ksi Euroopassa, Isossa-Britanniassa on synteettinen kannabinoidi, joka on JWH-018:n indatsolianalogi ja jota on myyty verkossa design-huumeena. Tukkutilaus saatavilla<\/p>\n","protected":false},"featured_media":5940,"comment_status":"open","ping_status":"closed","template":"","meta":[],"product_brand":[],"product_cat":[2596],"product_tag":[4104,4109,4105,4103,4107,4106,4108],"class_list":{"0":"post-5926","1":"product","2":"type-product","3":"status-publish","4":"has-post-thumbnail","6":"product_cat-kannabinoidit-myynniss","7":"product_tag-how-to-buy-thj-018-online","8":"product_tag-mist-ostaa-thj-018-verkosta","9":"product_tag-order-thj-018-online","10":"product_tag-osta-thj-018-verkosta","11":"product_tag-paras-ostopaikka-thj-018-verkossa","12":"product_tag-purchase-thj-018-online","13":"product_tag-thj-018-myydn","15":"first","16":"instock","17":"shipping-taxable","18":"purchasable","19":"product-type-variable"},"yoast_head":"<!-- This site is optimized with the Yoast SEO plugin v27.3 - https:\/\/yoast.com\/product\/yoast-seo-wordpress\/ -->\n<title>Osta THJ-018 - SGT-17 - parhaat maailmanlaajuiset l\u00e4\u00e4kkeet<\/title>\n<meta name=\"description\" content=\"Osta THJ-018 (SGT-17) myyt\u00e4v\u00e4n\u00e4 Euroopassa, Isossa-Britanniassa on synteettinen kannabinoidi, joka on JWH-018:n indatsolianalogi ja jota on myyty verkossa design-l\u00e4\u00e4kkeen\u00e4. Tukkutilaus saatavilla\" \/>\n<meta name=\"robots\" content=\"index, follow, max-snippet:-1, max-image-preview:large, max-video-preview:-1\" \/>\n<link rel=\"canonical\" href=\"https:\/\/medicinasinc.com\/fi\/product\/osta-thj-018\/\" \/>\n<meta property=\"og:locale\" content=\"en_US\" \/>\n<meta property=\"og:type\" content=\"article\" \/>\n<meta property=\"og:title\" content=\"Osta THJ-018 - SGT-17 - parhaat maailmanlaajuiset l\u00e4\u00e4kkeet\" \/>\n<meta property=\"og:description\" content=\"Osta THJ-018 (SGT-17) myyt\u00e4v\u00e4n\u00e4 Euroopassa, Isossa-Britanniassa on synteettinen kannabinoidi, joka on JWH-018:n indatsolianalogi ja jota on myyty verkossa design-l\u00e4\u00e4kkeen\u00e4. Tukkutilaus saatavilla\" \/>\n<meta property=\"og:url\" content=\"https:\/\/medicinasinc.com\/fi\/product\/osta-thj-018\/\" \/>\n<meta property=\"og:site_name\" content=\"Medicinas Inc\" \/>\n<meta property=\"article:modified_time\" content=\"2022-03-22T00:44:32+00:00\" \/>\n<meta property=\"og:image\" content=\"https:\/\/medicinasinc.com\/fi\/wp-content\/uploads\/sites\/12\/2022\/02\/Buy-THJ-018.jpeg\" \/>\n\t<meta property=\"og:image:width\" content=\"751\" \/>\n\t<meta property=\"og:image:height\" content=\"800\" \/>\n\t<meta property=\"og:image:type\" content=\"image\/jpeg\" \/>\n<meta name=\"twitter:card\" content=\"summary_large_image\" \/>\n<meta name=\"twitter:label1\" content=\"Est. reading time\" \/>\n\t<meta name=\"twitter:data1\" content=\"2 minutes\" \/>\n<script type=\"application\/ld+json\" class=\"yoast-schema-graph\">{\"@context\":\"https:\\\/\\\/schema.org\",\"@graph\":[{\"@type\":\"WebPage\",\"@id\":\"https:\\\/\\\/medicinasinc.com\\\/fi\\\/product\\\/osta-thj-018\\\/\",\"url\":\"https:\\\/\\\/medicinasinc.com\\\/fi\\\/product\\\/osta-thj-018\\\/\",\"name\":\"Osta THJ-018 - SGT-17 - parhaat maailmanlaajuiset l\u00e4\u00e4kkeet\",\"isPartOf\":{\"@id\":\"https:\\\/\\\/medicinasinc.com\\\/fi\\\/#website\"},\"primaryImageOfPage\":{\"@id\":\"https:\\\/\\\/medicinasinc.com\\\/fi\\\/product\\\/osta-thj-018\\\/#primaryimage\"},\"image\":{\"@id\":\"https:\\\/\\\/medicinasinc.com\\\/fi\\\/product\\\/osta-thj-018\\\/#primaryimage\"},\"thumbnailUrl\":\"https:\\\/\\\/medicinasinc.com\\\/fi\\\/wp-content\\\/uploads\\\/sites\\\/12\\\/2022\\\/02\\\/Buy-THJ-018.jpeg\",\"datePublished\":\"2022-02-22T08:28:02+00:00\",\"dateModified\":\"2022-03-22T00:44:32+00:00\",\"description\":\"Osta THJ-018 (SGT-17) myyt\u00e4v\u00e4n\u00e4 Euroopassa, Isossa-Britanniassa on synteettinen kannabinoidi, joka on JWH-018:n indatsolianalogi ja jota on myyty verkossa design-l\u00e4\u00e4kkeen\u00e4. Tukkutilaus saatavilla\",\"breadcrumb\":{\"@id\":\"https:\\\/\\\/medicinasinc.com\\\/fi\\\/product\\\/osta-thj-018\\\/#breadcrumb\"},\"inLanguage\":\"en-US\",\"potentialAction\":[{\"@type\":\"ReadAction\",\"target\":[\"https:\\\/\\\/medicinasinc.com\\\/fi\\\/product\\\/osta-thj-018\\\/\"]}]},{\"@type\":\"ImageObject\",\"inLanguage\":\"en-US\",\"@id\":\"https:\\\/\\\/medicinasinc.com\\\/fi\\\/product\\\/osta-thj-018\\\/#primaryimage\",\"url\":\"https:\\\/\\\/medicinasinc.com\\\/fi\\\/wp-content\\\/uploads\\\/sites\\\/12\\\/2022\\\/02\\\/Buy-THJ-018.jpeg\",\"contentUrl\":\"https:\\\/\\\/medicinasinc.com\\\/fi\\\/wp-content\\\/uploads\\\/sites\\\/12\\\/2022\\\/02\\\/Buy-THJ-018.jpeg\",\"width\":751,\"height\":800},{\"@type\":\"BreadcrumbList\",\"@id\":\"https:\\\/\\\/medicinasinc.com\\\/fi\\\/product\\\/osta-thj-018\\\/#breadcrumb\",\"itemListElement\":[{\"@type\":\"ListItem\",\"position\":1,\"name\":\"Myym\u00e4l\u00e4\",\"item\":\"https:\\\/\\\/medicinasinc.com\\\/fi\\\/myymala\\\/\"},{\"@type\":\"ListItem\",\"position\":2,\"name\":\"Osta THJ-018\"}]},{\"@type\":\"WebSite\",\"@id\":\"https:\\\/\\\/medicinasinc.com\\\/fi\\\/#website\",\"url\":\"https:\\\/\\\/medicinasinc.com\\\/fi\\\/\",\"name\":\"Medicinas Inc\",\"description\":\"Health Medical Clinic\",\"potentialAction\":[{\"@type\":\"SearchAction\",\"target\":{\"@type\":\"EntryPoint\",\"urlTemplate\":\"https:\\\/\\\/medicinasinc.com\\\/fi\\\/?s={search_term_string}\"},\"query-input\":{\"@type\":\"PropertyValueSpecification\",\"valueRequired\":true,\"valueName\":\"search_term_string\"}}],\"inLanguage\":\"en-US\"}]}<\/script>\n<!-- \/ Yoast SEO plugin. -->","yoast_head_json":{"title":"Osta THJ-018 - SGT-17 - parhaat maailmanlaajuiset l\u00e4\u00e4kkeet","description":"Osta THJ-018 (SGT-17) myyt\u00e4v\u00e4n\u00e4 Euroopassa, Isossa-Britanniassa on synteettinen kannabinoidi, joka on JWH-018:n indatsolianalogi ja jota on myyty verkossa design-l\u00e4\u00e4kkeen\u00e4. Tukkutilaus saatavilla","robots":{"index":"index","follow":"follow","max-snippet":"max-snippet:-1","max-image-preview":"max-image-preview:large","max-video-preview":"max-video-preview:-1"},"canonical":"https:\/\/medicinasinc.com\/fi\/product\/osta-thj-018\/","og_locale":"en_US","og_type":"article","og_title":"Osta THJ-018 - SGT-17 - parhaat maailmanlaajuiset l\u00e4\u00e4kkeet","og_description":"Osta THJ-018 (SGT-17) myyt\u00e4v\u00e4n\u00e4 Euroopassa, Isossa-Britanniassa on synteettinen kannabinoidi, joka on JWH-018:n indatsolianalogi ja jota on myyty verkossa design-l\u00e4\u00e4kkeen\u00e4. Tukkutilaus saatavilla","og_url":"https:\/\/medicinasinc.com\/fi\/product\/osta-thj-018\/","og_site_name":"Medicinas Inc","article_modified_time":"2022-03-22T00:44:32+00:00","og_image":[{"width":751,"height":800,"url":"https:\/\/medicinasinc.com\/fi\/wp-content\/uploads\/sites\/12\/2022\/02\/Buy-THJ-018.jpeg","type":"image\/jpeg"}],"twitter_card":"summary_large_image","twitter_misc":{"Est. reading time":"2 minutes"},"schema":{"@context":"https:\/\/schema.org","@graph":[{"@type":"WebPage","@id":"https:\/\/medicinasinc.com\/fi\/product\/osta-thj-018\/","url":"https:\/\/medicinasinc.com\/fi\/product\/osta-thj-018\/","name":"Osta THJ-018 - SGT-17 - parhaat maailmanlaajuiset l\u00e4\u00e4kkeet","isPartOf":{"@id":"https:\/\/medicinasinc.com\/fi\/#website"},"primaryImageOfPage":{"@id":"https:\/\/medicinasinc.com\/fi\/product\/osta-thj-018\/#primaryimage"},"image":{"@id":"https:\/\/medicinasinc.com\/fi\/product\/osta-thj-018\/#primaryimage"},"thumbnailUrl":"https:\/\/medicinasinc.com\/fi\/wp-content\/uploads\/sites\/12\/2022\/02\/Buy-THJ-018.jpeg","datePublished":"2022-02-22T08:28:02+00:00","dateModified":"2022-03-22T00:44:32+00:00","description":"Osta THJ-018 (SGT-17) myyt\u00e4v\u00e4n\u00e4 Euroopassa, Isossa-Britanniassa on synteettinen kannabinoidi, joka on JWH-018:n indatsolianalogi ja jota on myyty verkossa design-l\u00e4\u00e4kkeen\u00e4. Tukkutilaus saatavilla","breadcrumb":{"@id":"https:\/\/medicinasinc.com\/fi\/product\/osta-thj-018\/#breadcrumb"},"inLanguage":"en-US","potentialAction":[{"@type":"ReadAction","target":["https:\/\/medicinasinc.com\/fi\/product\/osta-thj-018\/"]}]},{"@type":"ImageObject","inLanguage":"en-US","@id":"https:\/\/medicinasinc.com\/fi\/product\/osta-thj-018\/#primaryimage","url":"https:\/\/medicinasinc.com\/fi\/wp-content\/uploads\/sites\/12\/2022\/02\/Buy-THJ-018.jpeg","contentUrl":"https:\/\/medicinasinc.com\/fi\/wp-content\/uploads\/sites\/12\/2022\/02\/Buy-THJ-018.jpeg","width":751,"height":800},{"@type":"BreadcrumbList","@id":"https:\/\/medicinasinc.com\/fi\/product\/osta-thj-018\/#breadcrumb","itemListElement":[{"@type":"ListItem","position":1,"name":"Myym\u00e4l\u00e4","item":"https:\/\/medicinasinc.com\/fi\/myymala\/"},{"@type":"ListItem","position":2,"name":"Osta THJ-018"}]},{"@type":"WebSite","@id":"https:\/\/medicinasinc.com\/fi\/#website","url":"https:\/\/medicinasinc.com\/fi\/","name":"Medicinas Inc","description":"Health Medical Clinic","potentialAction":[{"@type":"SearchAction","target":{"@type":"EntryPoint","urlTemplate":"https:\/\/medicinasinc.com\/fi\/?s={search_term_string}"},"query-input":{"@type":"PropertyValueSpecification","valueRequired":true,"valueName":"search_term_string"}}],"inLanguage":"en-US"}]}},"_links":{"self":[{"href":"https:\/\/medicinasinc.com\/fi\/wp-json\/wp\/v2\/product\/5926","targetHints":{"allow":["GET"]}}],"collection":[{"href":"https:\/\/medicinasinc.com\/fi\/wp-json\/wp\/v2\/product"}],"about":[{"href":"https:\/\/medicinasinc.com\/fi\/wp-json\/wp\/v2\/types\/product"}],"replies":[{"embeddable":true,"href":"https:\/\/medicinasinc.com\/fi\/wp-json\/wp\/v2\/comments?post=5926"}],"wp:featuredmedia":[{"embeddable":true,"href":"https:\/\/medicinasinc.com\/fi\/wp-json\/wp\/v2\/media\/5940"}],"wp:attachment":[{"href":"https:\/\/medicinasinc.com\/fi\/wp-json\/wp\/v2\/media?parent=5926"}],"wp:term":[{"taxonomy":"product_brand","embeddable":true,"href":"https:\/\/medicinasinc.com\/fi\/wp-json\/wp\/v2\/product_brand?post=5926"},{"taxonomy":"product_cat","embeddable":true,"href":"https:\/\/medicinasinc.com\/fi\/wp-json\/wp\/v2\/product_cat?post=5926"},{"taxonomy":"product_tag","embeddable":true,"href":"https:\/\/medicinasinc.com\/fi\/wp-json\/wp\/v2\/product_tag?post=5926"}],"curies":[{"name":"wp","href":"https:\/\/api.w.org\/{rel}","templated":true}]}}