{"id":5921,"date":"2022-02-22T08:23:15","date_gmt":"2022-02-22T08:23:15","guid":{"rendered":"https:\/\/medicinasinc.com\/fi\/?post_type=product&#038;p=5921"},"modified":"2022-03-22T00:44:41","modified_gmt":"2022-03-22T00:44:41","slug":"osta-sdb-005","status":"publish","type":"product","link":"https:\/\/medicinasinc.com\/fi\/product\/osta-sdb-005\/","title":{"rendered":"Osta SDB-005"},"content":{"rendered":"<p>SDB-005 on indatsoleihin perustuva synteettinen kannabis, jota on tarjottu suunnittelijahuumeeksi verkossa. Sen uskotaan olevan kannabinoidireseptoriagonisti CB1:lle ja CB2:lle. SDB-005 on PB-22:n indatsoliydinanalogi, jossa on naftaleeniryhm\u00e4 8-hydroksikinoliinin sijasta.<\/p>\n<p>SDB-005 on aiemmin osoitettu eri kemikaalille, SDB-:n N-fenyylianalogille. 006 SDB-006:n N-bentsyylivastineen sijaan. T\u00e4m\u00e4 kemikaali on vahva CB1 (Ki = 21 nM) ja CB2 (Ki = 140 nM) reseptorien agonisti.<\/p>\n<p>SDB-005 on indatsoleihin perustuva synteettinen kannabis, jota on tarjottu design-huumeeksi verkossa. Sen uskotaan olevan kannabinoidireseptoriagonisti CB1:lle ja CB2:lle. SDB-005 on PB-22:n indatsoliydinanalogi, jossa on naftaleeniryhm\u00e4 8-hydroksikinoliinin sijasta.<\/p>\n","protected":false},"excerpt":{"rendered":"<p>Osta SDB-005 myyt\u00e4v\u00e4n\u00e4 Europe, UK\u00a0on\u00a0indatsolipohjainen\u00a0synteettinen kannabinoidi,\u00a0jota on myyty verkossa suunnittelijal\u00e4\u00e4kkeen\u00e4<\/p>\n","protected":false},"featured_media":5939,"comment_status":"open","ping_status":"closed","template":"","meta":[],"product_brand":[],"product_cat":[2596],"product_tag":[4097,4102,4100,4098,4099,4096,4101],"class_list":{"0":"post-5921","1":"product","2":"type-product","3":"status-publish","4":"has-post-thumbnail","6":"product_cat-kannabinoidit-myynniss","7":"product_tag-miten-to-osta-sdb005-online","8":"product_tag-mist-osta-sdb005-online","9":"product_tag-sdb005-myydn","10":"product_tag-order-sdb005-online","11":"product_tag-buy-sdb005-online","12":"product_tag-osta-sdb005-online","13":"product_tag-paras-ostopaikka-sdb005-verkossa","15":"first","16":"instock","17":"shipping-taxable","18":"purchasable","19":"product-type-variable"},"yoast_head":"<!-- This site is optimized with the Yoast SEO plugin v27.3 - https:\/\/yoast.com\/product\/yoast-seo-wordpress\/ -->\n<title>Osta SDB-005 - SDB005 - parhaat maailmanlaajuiset l\u00e4\u00e4kkeet<\/title>\n<meta name=\"description\" content=\"Osta SDB-005 myyt\u00e4v\u00e4n\u00e4 Europe, UK\u00a0on\u00a0indatsolipohjainen\u00a0synteettinen kannabinoidi,\u00a0jota on myyty verkossa suunnittelul\u00e4\u00e4kkeen\u00e4.\" \/>\n<meta name=\"robots\" content=\"index, follow, max-snippet:-1, max-image-preview:large, max-video-preview:-1\" \/>\n<link rel=\"canonical\" href=\"https:\/\/medicinasinc.com\/fi\/product\/osta-sdb-005\/\" \/>\n<meta property=\"og:locale\" content=\"en_US\" \/>\n<meta property=\"og:type\" content=\"article\" \/>\n<meta property=\"og:title\" content=\"Osta SDB-005 - SDB005 - parhaat maailmanlaajuiset l\u00e4\u00e4kkeet\" \/>\n<meta property=\"og:description\" content=\"Osta SDB-005 myyt\u00e4v\u00e4n\u00e4 Europe, UK\u00a0on\u00a0indatsolipohjainen\u00a0synteettinen kannabinoidi,\u00a0jota on myyty verkossa suunnittelul\u00e4\u00e4kkeen\u00e4.\" \/>\n<meta property=\"og:url\" content=\"https:\/\/medicinasinc.com\/fi\/product\/osta-sdb-005\/\" \/>\n<meta property=\"og:site_name\" content=\"Medicinas Inc\" \/>\n<meta property=\"article:modified_time\" content=\"2022-03-22T00:44:41+00:00\" \/>\n<meta property=\"og:image\" content=\"https:\/\/medicinasinc.com\/fi\/wp-content\/uploads\/sites\/12\/2022\/02\/Buy-SDB-005.jpeg\" \/>\n\t<meta property=\"og:image:width\" content=\"600\" \/>\n\t<meta property=\"og:image:height\" content=\"451\" \/>\n\t<meta property=\"og:image:type\" content=\"image\/jpeg\" \/>\n<meta name=\"twitter:card\" content=\"summary_large_image\" \/>\n<script type=\"application\/ld+json\" class=\"yoast-schema-graph\">{\"@context\":\"https:\\\/\\\/schema.org\",\"@graph\":[{\"@type\":\"WebPage\",\"@id\":\"https:\\\/\\\/medicinasinc.com\\\/fi\\\/product\\\/osta-sdb-005\\\/\",\"url\":\"https:\\\/\\\/medicinasinc.com\\\/fi\\\/product\\\/osta-sdb-005\\\/\",\"name\":\"Osta SDB-005 - SDB005 - parhaat maailmanlaajuiset l\u00e4\u00e4kkeet\",\"isPartOf\":{\"@id\":\"https:\\\/\\\/medicinasinc.com\\\/fi\\\/#website\"},\"primaryImageOfPage\":{\"@id\":\"https:\\\/\\\/medicinasinc.com\\\/fi\\\/product\\\/osta-sdb-005\\\/#primaryimage\"},\"image\":{\"@id\":\"https:\\\/\\\/medicinasinc.com\\\/fi\\\/product\\\/osta-sdb-005\\\/#primaryimage\"},\"thumbnailUrl\":\"https:\\\/\\\/medicinasinc.com\\\/fi\\\/wp-content\\\/uploads\\\/sites\\\/12\\\/2022\\\/02\\\/Buy-SDB-005.jpeg\",\"datePublished\":\"2022-02-22T08:23:15+00:00\",\"dateModified\":\"2022-03-22T00:44:41+00:00\",\"description\":\"Osta SDB-005 myyt\u00e4v\u00e4n\u00e4 Europe, UK\u00a0on\u00a0indatsolipohjainen\u00a0synteettinen kannabinoidi,\u00a0jota on myyty verkossa suunnittelul\u00e4\u00e4kkeen\u00e4.\",\"breadcrumb\":{\"@id\":\"https:\\\/\\\/medicinasinc.com\\\/fi\\\/product\\\/osta-sdb-005\\\/#breadcrumb\"},\"inLanguage\":\"en-US\",\"potentialAction\":[{\"@type\":\"ReadAction\",\"target\":[\"https:\\\/\\\/medicinasinc.com\\\/fi\\\/product\\\/osta-sdb-005\\\/\"]}]},{\"@type\":\"ImageObject\",\"inLanguage\":\"en-US\",\"@id\":\"https:\\\/\\\/medicinasinc.com\\\/fi\\\/product\\\/osta-sdb-005\\\/#primaryimage\",\"url\":\"https:\\\/\\\/medicinasinc.com\\\/fi\\\/wp-content\\\/uploads\\\/sites\\\/12\\\/2022\\\/02\\\/Buy-SDB-005.jpeg\",\"contentUrl\":\"https:\\\/\\\/medicinasinc.com\\\/fi\\\/wp-content\\\/uploads\\\/sites\\\/12\\\/2022\\\/02\\\/Buy-SDB-005.jpeg\",\"width\":600,\"height\":451},{\"@type\":\"BreadcrumbList\",\"@id\":\"https:\\\/\\\/medicinasinc.com\\\/fi\\\/product\\\/osta-sdb-005\\\/#breadcrumb\",\"itemListElement\":[{\"@type\":\"ListItem\",\"position\":1,\"name\":\"Myym\u00e4l\u00e4\",\"item\":\"https:\\\/\\\/medicinasinc.com\\\/fi\\\/myymala\\\/\"},{\"@type\":\"ListItem\",\"position\":2,\"name\":\"Osta SDB-005\"}]},{\"@type\":\"WebSite\",\"@id\":\"https:\\\/\\\/medicinasinc.com\\\/fi\\\/#website\",\"url\":\"https:\\\/\\\/medicinasinc.com\\\/fi\\\/\",\"name\":\"Medicinas Inc\",\"description\":\"Health Medical Clinic\",\"potentialAction\":[{\"@type\":\"SearchAction\",\"target\":{\"@type\":\"EntryPoint\",\"urlTemplate\":\"https:\\\/\\\/medicinasinc.com\\\/fi\\\/?s={search_term_string}\"},\"query-input\":{\"@type\":\"PropertyValueSpecification\",\"valueRequired\":true,\"valueName\":\"search_term_string\"}}],\"inLanguage\":\"en-US\"}]}<\/script>\n<!-- \/ Yoast SEO plugin. -->","yoast_head_json":{"title":"Osta SDB-005 - SDB005 - parhaat maailmanlaajuiset l\u00e4\u00e4kkeet","description":"Osta SDB-005 myyt\u00e4v\u00e4n\u00e4 Europe, UK\u00a0on\u00a0indatsolipohjainen\u00a0synteettinen kannabinoidi,\u00a0jota on myyty verkossa suunnittelul\u00e4\u00e4kkeen\u00e4.","robots":{"index":"index","follow":"follow","max-snippet":"max-snippet:-1","max-image-preview":"max-image-preview:large","max-video-preview":"max-video-preview:-1"},"canonical":"https:\/\/medicinasinc.com\/fi\/product\/osta-sdb-005\/","og_locale":"en_US","og_type":"article","og_title":"Osta SDB-005 - SDB005 - parhaat maailmanlaajuiset l\u00e4\u00e4kkeet","og_description":"Osta SDB-005 myyt\u00e4v\u00e4n\u00e4 Europe, UK\u00a0on\u00a0indatsolipohjainen\u00a0synteettinen kannabinoidi,\u00a0jota on myyty verkossa suunnittelul\u00e4\u00e4kkeen\u00e4.","og_url":"https:\/\/medicinasinc.com\/fi\/product\/osta-sdb-005\/","og_site_name":"Medicinas Inc","article_modified_time":"2022-03-22T00:44:41+00:00","og_image":[{"width":600,"height":451,"url":"https:\/\/medicinasinc.com\/fi\/wp-content\/uploads\/sites\/12\/2022\/02\/Buy-SDB-005.jpeg","type":"image\/jpeg"}],"twitter_card":"summary_large_image","schema":{"@context":"https:\/\/schema.org","@graph":[{"@type":"WebPage","@id":"https:\/\/medicinasinc.com\/fi\/product\/osta-sdb-005\/","url":"https:\/\/medicinasinc.com\/fi\/product\/osta-sdb-005\/","name":"Osta SDB-005 - SDB005 - parhaat maailmanlaajuiset l\u00e4\u00e4kkeet","isPartOf":{"@id":"https:\/\/medicinasinc.com\/fi\/#website"},"primaryImageOfPage":{"@id":"https:\/\/medicinasinc.com\/fi\/product\/osta-sdb-005\/#primaryimage"},"image":{"@id":"https:\/\/medicinasinc.com\/fi\/product\/osta-sdb-005\/#primaryimage"},"thumbnailUrl":"https:\/\/medicinasinc.com\/fi\/wp-content\/uploads\/sites\/12\/2022\/02\/Buy-SDB-005.jpeg","datePublished":"2022-02-22T08:23:15+00:00","dateModified":"2022-03-22T00:44:41+00:00","description":"Osta SDB-005 myyt\u00e4v\u00e4n\u00e4 Europe, UK\u00a0on\u00a0indatsolipohjainen\u00a0synteettinen kannabinoidi,\u00a0jota on myyty verkossa suunnittelul\u00e4\u00e4kkeen\u00e4.","breadcrumb":{"@id":"https:\/\/medicinasinc.com\/fi\/product\/osta-sdb-005\/#breadcrumb"},"inLanguage":"en-US","potentialAction":[{"@type":"ReadAction","target":["https:\/\/medicinasinc.com\/fi\/product\/osta-sdb-005\/"]}]},{"@type":"ImageObject","inLanguage":"en-US","@id":"https:\/\/medicinasinc.com\/fi\/product\/osta-sdb-005\/#primaryimage","url":"https:\/\/medicinasinc.com\/fi\/wp-content\/uploads\/sites\/12\/2022\/02\/Buy-SDB-005.jpeg","contentUrl":"https:\/\/medicinasinc.com\/fi\/wp-content\/uploads\/sites\/12\/2022\/02\/Buy-SDB-005.jpeg","width":600,"height":451},{"@type":"BreadcrumbList","@id":"https:\/\/medicinasinc.com\/fi\/product\/osta-sdb-005\/#breadcrumb","itemListElement":[{"@type":"ListItem","position":1,"name":"Myym\u00e4l\u00e4","item":"https:\/\/medicinasinc.com\/fi\/myymala\/"},{"@type":"ListItem","position":2,"name":"Osta SDB-005"}]},{"@type":"WebSite","@id":"https:\/\/medicinasinc.com\/fi\/#website","url":"https:\/\/medicinasinc.com\/fi\/","name":"Medicinas Inc","description":"Health Medical Clinic","potentialAction":[{"@type":"SearchAction","target":{"@type":"EntryPoint","urlTemplate":"https:\/\/medicinasinc.com\/fi\/?s={search_term_string}"},"query-input":{"@type":"PropertyValueSpecification","valueRequired":true,"valueName":"search_term_string"}}],"inLanguage":"en-US"}]}},"_links":{"self":[{"href":"https:\/\/medicinasinc.com\/fi\/wp-json\/wp\/v2\/product\/5921","targetHints":{"allow":["GET"]}}],"collection":[{"href":"https:\/\/medicinasinc.com\/fi\/wp-json\/wp\/v2\/product"}],"about":[{"href":"https:\/\/medicinasinc.com\/fi\/wp-json\/wp\/v2\/types\/product"}],"replies":[{"embeddable":true,"href":"https:\/\/medicinasinc.com\/fi\/wp-json\/wp\/v2\/comments?post=5921"}],"wp:featuredmedia":[{"embeddable":true,"href":"https:\/\/medicinasinc.com\/fi\/wp-json\/wp\/v2\/media\/5939"}],"wp:attachment":[{"href":"https:\/\/medicinasinc.com\/fi\/wp-json\/wp\/v2\/media?parent=5921"}],"wp:term":[{"taxonomy":"product_brand","embeddable":true,"href":"https:\/\/medicinasinc.com\/fi\/wp-json\/wp\/v2\/product_brand?post=5921"},{"taxonomy":"product_cat","embeddable":true,"href":"https:\/\/medicinasinc.com\/fi\/wp-json\/wp\/v2\/product_cat?post=5921"},{"taxonomy":"product_tag","embeddable":true,"href":"https:\/\/medicinasinc.com\/fi\/wp-json\/wp\/v2\/product_tag?post=5921"}],"curies":[{"name":"wp","href":"https:\/\/api.w.org\/{rel}","templated":true}]}}