{"id":5917,"date":"2022-02-22T08:19:52","date_gmt":"2022-02-22T08:19:52","guid":{"rendered":"https:\/\/medicinasinc.com\/fi\/?post_type=product&#038;p=5917"},"modified":"2022-03-22T00:44:53","modified_gmt":"2022-03-22T00:44:53","slug":"osta-nm-2201","status":"publish","type":"product","link":"https:\/\/medicinasinc.com\/fi\/product\/osta-nm-2201\/","title":{"rendered":"Osta NM-2201"},"content":{"rendered":"<p>On indolipohjainen synteettinen kannabinoidi nimelt\u00e4 CBL-2201. Sill\u00e4 on todenn\u00e4k\u00f6isesti samat ominaisuudet kuin 5F-PB-22:lla ja NNE1:ll\u00e4, jotka ovat molemmat t\u00e4ydellisi\u00e4 agonisteja ja sitoutuvat CB1- ja CB2-reseptoreihin alhaisella nanomolaarisella affiniteetilla.<\/p>\n<p>Osta NM-2201 Online on hyv\u00e4 paikka osta Research Chemicals. Voit ostaa NM-2201 verkosta luotettavalta toimittajalta alennushintaan. Globalhomemed.com on paikka ostaa se. NM-2201:n l\u00e4hett\u00e4minen Euroopasta Yhdysvaltoihin ja muihin paikkoihin on turvallista.<\/p>\n<p>T\u00e4m\u00e4 on synteettinen kannabinoidi nimelt\u00e4 NM-2201. Sill\u00e4 on paljon samoja ominaisuuksia kuin sen l\u00e4hisukulaisilla, 5F-PB-22:lla ja NNE1:ll\u00e4, jotka ovat molemmat t\u00e4ydellisi\u00e4 agonisteja ja sitoutuvat sek\u00e4 CB1- ett\u00e4 CB2-reseptoreihin alhaisella nanomolaarisella affiniteetilla.<\/p>\n<p>Vain tutkimukseen. Sit\u00e4 ei voi k\u00e4ytt\u00e4\u00e4 mihink\u00e4\u00e4n muuhun, kuten in vivo -diagnostiikkaan, ruokaan, l\u00e4\u00e4kkeisiin, l\u00e4\u00e4kinn\u00e4llisiin laitteisiin ja kosmetiikkaan ihmisille ja\/tai el\u00e4imille, eik\u00e4 sit\u00e4 voida k\u00e4ytt\u00e4\u00e4 ihmisille tai el\u00e4imille.<\/p>\n<p>5F -PB-22 ja NNE1 ovat molemmat synteettisi\u00e4 kannabinoideja, jotka ovat indolipohjaisia. Ne ovat molemmat t\u00e4ydellisi\u00e4 agonisteja ja sitoutuvat sek\u00e4 CB1- ett\u00e4 CB2-reseptoreihin alhaisella nanomolaarisella affiniteetilla.<\/p>\n<p>1. 1-(5-fluoripentyyli)-1 H,3-karboksyylihapon N-naftalen-1-yyliesteri N-naftalen-1-yyliesteri N-naftalen-1-yyliesteri N-naftalen-1-1-yyliesteri NM-2201:n kemiallinen kaava on C24H22FNO2 ja se painaa 375,16 grammaa. Se on viel\u00e4 hyvin varhaisessa vaiheessa NM-2201:n tutkimista. Ei ole viel\u00e4 tarpeeksi tietoja osoittamaan, mit\u00e4 se voi tehd\u00e4. Se on kuitenkin sama kuin AM-2201. T\u00e4m\u00e4 tarkoittaa, ett\u00e4 ominaisuudet ovat samat.<\/p>\n<p>T\u00e4m\u00e4 on synteettinen kannabinoidi nimelt\u00e4 NM-2201. Sill\u00e4 on paljon samoja ominaisuuksia kuin sen l\u00e4hisukulaisilla, 5F-PB-22:lla ja NNE1:ll\u00e4, jotka ovat molemmat t\u00e4ydellisi\u00e4 agonisteja ja sitoutuvat sek\u00e4 CB1- ett\u00e4 CB2-reseptoreihin alhaisella nanomolaarisella affiniteetilla.<\/p>\n<p>Vain tutkimukseen. Sit\u00e4 ei voi k\u00e4ytt\u00e4\u00e4 mihink\u00e4\u00e4n muuhun, kuten in vivo -diagnostiikkaan, ruokaan, l\u00e4\u00e4kkeisiin, l\u00e4\u00e4kinn\u00e4llisiin laitteisiin ja kosmetiikkaan ihmisille ja\/tai el\u00e4imille, eik\u00e4 sit\u00e4 voida k\u00e4ytt\u00e4\u00e4 ihmisille tai el\u00e4imille.<\/p>\n<p>5F -PB-22 ja NNE1 ovat molemmat synteettisi\u00e4 kannabinoideja, jotka ovat indolipohjaisia. Ne ovat molemmat t\u00e4ydellisi\u00e4 agonisteja ja sitoutuvat sek\u00e4 CB1- ett\u00e4 CB2-reseptoreihin alhaisella nanomolaarisella affiniteetilla.<\/p>\n<p>1. 1-(5-fluoripentyyli)-1 H,3-karboksyylihapon N-naftalen-1-yyliesteri N-naftalen-1-yyliesteri N-naftalen-1-yyliesteri N-naftalen-1-1-yyliesteri NM-2201:n kemiallinen kaava on C24H22FNO2 ja se painaa 375,16 grammaa. Se on viel\u00e4 hyvin varhaisessa vaiheessa NM-2201:n tutkimista. Ei ole viel\u00e4 tarpeeksi tietoja osoittamaan, mit\u00e4 se voi tehd\u00e4. Se on kuitenkin sama kuin AM-2201. T\u00e4m\u00e4 tarkoittaa, ett\u00e4 ominaisuudet ovat samat.<\/p>\n","protected":false},"excerpt":{"rendered":"<p><b>Osta NM-2201 <\/b> myyt\u00e4v\u00e4n\u00e4 Euroopassa, Isossa-Britanniassa (tunnetaan my\u00f6s nimell\u00e4\u00a0<b>CBL-2201<\/b>) on\u00a0indolipohjainen\u00a0<a class=\"mw-redirect\" title=\"Synteettinen kannabinoidi\" href=\"https:\/\/en.wikipedia.org\/wiki\/Synthetic_cannabinoid\">synteettinen kannabinoidi<\/a>, jolla oletettavasti on samanlaiset ominaisuudet kuin l\u00e4heisesti sukulaisilla 5F-PB-22:lla ja NNE1:ll\u00e4, jotka ovat molemmat t\u00e4ysi\u00e4 agonisteja ja\u00a0sitoutuvat\u00a0ep\u00e4selektiivisesti\u00a0CB<sub>1<\/sub>\u00a0ja\u00a0CB<sub>2<\/sub>-reseptoreihin alhaisella nanomolaarisella affiniteetilla, tukkumyynti<\/p>\n","protected":false},"featured_media":5938,"comment_status":"open","ping_status":"closed","template":"","meta":[],"product_brand":[],"product_cat":[2596],"product_tag":[4090,4095,4091,4093,4094,4092],"class_list":{"0":"post-5917","1":"product","2":"type-product","3":"status-publish","4":"has-post-thumbnail","6":"product_cat-kannabinoidit-myynniss","7":"product_tag-buy-nm2201-online","8":"product_tag-mist-osta-nm2201-verkosta","9":"product_tag-nm2201-myydn","10":"product_tag-osto-nm2201-verkossa","11":"product_tag-paras-ostopaikka-nm2201-verkossa","12":"product_tag-tilaus-nm2201-verkossa","14":"first","15":"instock","16":"featured","17":"shipping-taxable","18":"purchasable","19":"product-type-variable"},"yoast_head":"<!-- This site is optimized with the Yoast SEO plugin v27.3 - https:\/\/yoast.com\/product\/yoast-seo-wordpress\/ -->\n<title>Osta NM-2201\u00a0- CBL-2201 \u2013 parhaat maailmanlaajuiset l\u00e4\u00e4kkeet<\/title>\n<meta name=\"description\" content=\"Osta NM-2201 myyt\u00e4v\u00e4n\u00e4 Europe, UK (tunnetaan my\u00f6s nimell\u00e4 CBL-2201) on indolipohjainen synteettinen kannabinoidi, jolla oletettavasti on samanlaiset ominaisuudet kuin l\u00e4heisesti sukulaisilla 5F-PB-22:lla ja NNE1:ll\u00e4, jotka ovat molemmat t\u00e4ysin agonisteja ja ep\u00e4selektiivisesti sitoutuvia. CB1- ja CB2-reseptorit, joilla on pieni nanomolaarinen affiniteetti, tukkumyynti saatavilla\" \/>\n<meta name=\"robots\" content=\"index, follow, max-snippet:-1, max-image-preview:large, max-video-preview:-1\" \/>\n<link rel=\"canonical\" href=\"https:\/\/medicinasinc.com\/fi\/product\/osta-nm-2201\/\" \/>\n<meta property=\"og:locale\" content=\"en_US\" \/>\n<meta property=\"og:type\" content=\"article\" \/>\n<meta property=\"og:title\" content=\"Osta NM-2201\u00a0- CBL-2201 \u2013 parhaat maailmanlaajuiset l\u00e4\u00e4kkeet\" \/>\n<meta property=\"og:description\" content=\"Osta NM-2201 myyt\u00e4v\u00e4n\u00e4 Europe, UK (tunnetaan my\u00f6s nimell\u00e4 CBL-2201) on indolipohjainen synteettinen kannabinoidi, jolla oletettavasti on samanlaiset ominaisuudet kuin l\u00e4heisesti sukulaisilla 5F-PB-22:lla ja NNE1:ll\u00e4, jotka ovat molemmat t\u00e4ysin agonisteja ja ep\u00e4selektiivisesti sitoutuvia. CB1- ja CB2-reseptorit, joilla on pieni nanomolaarinen affiniteetti, tukkumyynti saatavilla\" \/>\n<meta property=\"og:url\" content=\"https:\/\/medicinasinc.com\/fi\/product\/osta-nm-2201\/\" \/>\n<meta property=\"og:site_name\" content=\"Medicinas Inc\" \/>\n<meta property=\"article:modified_time\" content=\"2022-03-22T00:44:53+00:00\" \/>\n<meta property=\"og:image\" content=\"https:\/\/medicinasinc.com\/fi\/wp-content\/uploads\/sites\/12\/2022\/02\/Buy-NM-2201.jpg\" \/>\n\t<meta property=\"og:image:width\" content=\"458\" \/>\n\t<meta property=\"og:image:height\" content=\"458\" \/>\n\t<meta property=\"og:image:type\" content=\"image\/jpeg\" \/>\n<meta name=\"twitter:card\" content=\"summary_large_image\" \/>\n<meta name=\"twitter:label1\" content=\"Est. reading time\" \/>\n\t<meta name=\"twitter:data1\" content=\"2 minutes\" \/>\n<script type=\"application\/ld+json\" class=\"yoast-schema-graph\">{\"@context\":\"https:\\\/\\\/schema.org\",\"@graph\":[{\"@type\":\"WebPage\",\"@id\":\"https:\\\/\\\/medicinasinc.com\\\/fi\\\/product\\\/osta-nm-2201\\\/\",\"url\":\"https:\\\/\\\/medicinasinc.com\\\/fi\\\/product\\\/osta-nm-2201\\\/\",\"name\":\"Osta NM-2201\u00a0- CBL-2201 \u2013 parhaat maailmanlaajuiset l\u00e4\u00e4kkeet\",\"isPartOf\":{\"@id\":\"https:\\\/\\\/medicinasinc.com\\\/fi\\\/#website\"},\"primaryImageOfPage\":{\"@id\":\"https:\\\/\\\/medicinasinc.com\\\/fi\\\/product\\\/osta-nm-2201\\\/#primaryimage\"},\"image\":{\"@id\":\"https:\\\/\\\/medicinasinc.com\\\/fi\\\/product\\\/osta-nm-2201\\\/#primaryimage\"},\"thumbnailUrl\":\"https:\\\/\\\/medicinasinc.com\\\/fi\\\/wp-content\\\/uploads\\\/sites\\\/12\\\/2022\\\/02\\\/Buy-NM-2201.jpg\",\"datePublished\":\"2022-02-22T08:19:52+00:00\",\"dateModified\":\"2022-03-22T00:44:53+00:00\",\"description\":\"Osta NM-2201 myyt\u00e4v\u00e4n\u00e4 Europe, UK (tunnetaan my\u00f6s nimell\u00e4 CBL-2201) on indolipohjainen synteettinen kannabinoidi, jolla oletettavasti on samanlaiset ominaisuudet kuin l\u00e4heisesti sukulaisilla 5F-PB-22:lla ja NNE1:ll\u00e4, jotka ovat molemmat t\u00e4ysin agonisteja ja ep\u00e4selektiivisesti sitoutuvia. CB1- ja CB2-reseptorit, joilla on pieni nanomolaarinen affiniteetti, tukkumyynti saatavilla\",\"breadcrumb\":{\"@id\":\"https:\\\/\\\/medicinasinc.com\\\/fi\\\/product\\\/osta-nm-2201\\\/#breadcrumb\"},\"inLanguage\":\"en-US\",\"potentialAction\":[{\"@type\":\"ReadAction\",\"target\":[\"https:\\\/\\\/medicinasinc.com\\\/fi\\\/product\\\/osta-nm-2201\\\/\"]}]},{\"@type\":\"ImageObject\",\"inLanguage\":\"en-US\",\"@id\":\"https:\\\/\\\/medicinasinc.com\\\/fi\\\/product\\\/osta-nm-2201\\\/#primaryimage\",\"url\":\"https:\\\/\\\/medicinasinc.com\\\/fi\\\/wp-content\\\/uploads\\\/sites\\\/12\\\/2022\\\/02\\\/Buy-NM-2201.jpg\",\"contentUrl\":\"https:\\\/\\\/medicinasinc.com\\\/fi\\\/wp-content\\\/uploads\\\/sites\\\/12\\\/2022\\\/02\\\/Buy-NM-2201.jpg\",\"width\":458,\"height\":458},{\"@type\":\"BreadcrumbList\",\"@id\":\"https:\\\/\\\/medicinasinc.com\\\/fi\\\/product\\\/osta-nm-2201\\\/#breadcrumb\",\"itemListElement\":[{\"@type\":\"ListItem\",\"position\":1,\"name\":\"Myym\u00e4l\u00e4\",\"item\":\"https:\\\/\\\/medicinasinc.com\\\/fi\\\/myymala\\\/\"},{\"@type\":\"ListItem\",\"position\":2,\"name\":\"Osta NM-2201\"}]},{\"@type\":\"WebSite\",\"@id\":\"https:\\\/\\\/medicinasinc.com\\\/fi\\\/#website\",\"url\":\"https:\\\/\\\/medicinasinc.com\\\/fi\\\/\",\"name\":\"Medicinas Inc\",\"description\":\"Health Medical Clinic\",\"potentialAction\":[{\"@type\":\"SearchAction\",\"target\":{\"@type\":\"EntryPoint\",\"urlTemplate\":\"https:\\\/\\\/medicinasinc.com\\\/fi\\\/?s={search_term_string}\"},\"query-input\":{\"@type\":\"PropertyValueSpecification\",\"valueRequired\":true,\"valueName\":\"search_term_string\"}}],\"inLanguage\":\"en-US\"}]}<\/script>\n<!-- \/ Yoast SEO plugin. -->","yoast_head_json":{"title":"Osta NM-2201\u00a0- CBL-2201 \u2013 parhaat maailmanlaajuiset l\u00e4\u00e4kkeet","description":"Osta NM-2201 myyt\u00e4v\u00e4n\u00e4 Europe, UK (tunnetaan my\u00f6s nimell\u00e4 CBL-2201) on indolipohjainen synteettinen kannabinoidi, jolla oletettavasti on samanlaiset ominaisuudet kuin l\u00e4heisesti sukulaisilla 5F-PB-22:lla ja NNE1:ll\u00e4, jotka ovat molemmat t\u00e4ysin agonisteja ja ep\u00e4selektiivisesti sitoutuvia. CB1- ja CB2-reseptorit, joilla on pieni nanomolaarinen affiniteetti, tukkumyynti saatavilla","robots":{"index":"index","follow":"follow","max-snippet":"max-snippet:-1","max-image-preview":"max-image-preview:large","max-video-preview":"max-video-preview:-1"},"canonical":"https:\/\/medicinasinc.com\/fi\/product\/osta-nm-2201\/","og_locale":"en_US","og_type":"article","og_title":"Osta NM-2201\u00a0- CBL-2201 \u2013 parhaat maailmanlaajuiset l\u00e4\u00e4kkeet","og_description":"Osta NM-2201 myyt\u00e4v\u00e4n\u00e4 Europe, UK (tunnetaan my\u00f6s nimell\u00e4 CBL-2201) on indolipohjainen synteettinen kannabinoidi, jolla oletettavasti on samanlaiset ominaisuudet kuin l\u00e4heisesti sukulaisilla 5F-PB-22:lla ja NNE1:ll\u00e4, jotka ovat molemmat t\u00e4ysin agonisteja ja ep\u00e4selektiivisesti sitoutuvia. CB1- ja CB2-reseptorit, joilla on pieni nanomolaarinen affiniteetti, tukkumyynti saatavilla","og_url":"https:\/\/medicinasinc.com\/fi\/product\/osta-nm-2201\/","og_site_name":"Medicinas Inc","article_modified_time":"2022-03-22T00:44:53+00:00","og_image":[{"width":458,"height":458,"url":"https:\/\/medicinasinc.com\/fi\/wp-content\/uploads\/sites\/12\/2022\/02\/Buy-NM-2201.jpg","type":"image\/jpeg"}],"twitter_card":"summary_large_image","twitter_misc":{"Est. reading time":"2 minutes"},"schema":{"@context":"https:\/\/schema.org","@graph":[{"@type":"WebPage","@id":"https:\/\/medicinasinc.com\/fi\/product\/osta-nm-2201\/","url":"https:\/\/medicinasinc.com\/fi\/product\/osta-nm-2201\/","name":"Osta NM-2201\u00a0- CBL-2201 \u2013 parhaat maailmanlaajuiset l\u00e4\u00e4kkeet","isPartOf":{"@id":"https:\/\/medicinasinc.com\/fi\/#website"},"primaryImageOfPage":{"@id":"https:\/\/medicinasinc.com\/fi\/product\/osta-nm-2201\/#primaryimage"},"image":{"@id":"https:\/\/medicinasinc.com\/fi\/product\/osta-nm-2201\/#primaryimage"},"thumbnailUrl":"https:\/\/medicinasinc.com\/fi\/wp-content\/uploads\/sites\/12\/2022\/02\/Buy-NM-2201.jpg","datePublished":"2022-02-22T08:19:52+00:00","dateModified":"2022-03-22T00:44:53+00:00","description":"Osta NM-2201 myyt\u00e4v\u00e4n\u00e4 Europe, UK (tunnetaan my\u00f6s nimell\u00e4 CBL-2201) on indolipohjainen synteettinen kannabinoidi, jolla oletettavasti on samanlaiset ominaisuudet kuin l\u00e4heisesti sukulaisilla 5F-PB-22:lla ja NNE1:ll\u00e4, jotka ovat molemmat t\u00e4ysin agonisteja ja ep\u00e4selektiivisesti sitoutuvia. CB1- ja CB2-reseptorit, joilla on pieni nanomolaarinen affiniteetti, tukkumyynti saatavilla","breadcrumb":{"@id":"https:\/\/medicinasinc.com\/fi\/product\/osta-nm-2201\/#breadcrumb"},"inLanguage":"en-US","potentialAction":[{"@type":"ReadAction","target":["https:\/\/medicinasinc.com\/fi\/product\/osta-nm-2201\/"]}]},{"@type":"ImageObject","inLanguage":"en-US","@id":"https:\/\/medicinasinc.com\/fi\/product\/osta-nm-2201\/#primaryimage","url":"https:\/\/medicinasinc.com\/fi\/wp-content\/uploads\/sites\/12\/2022\/02\/Buy-NM-2201.jpg","contentUrl":"https:\/\/medicinasinc.com\/fi\/wp-content\/uploads\/sites\/12\/2022\/02\/Buy-NM-2201.jpg","width":458,"height":458},{"@type":"BreadcrumbList","@id":"https:\/\/medicinasinc.com\/fi\/product\/osta-nm-2201\/#breadcrumb","itemListElement":[{"@type":"ListItem","position":1,"name":"Myym\u00e4l\u00e4","item":"https:\/\/medicinasinc.com\/fi\/myymala\/"},{"@type":"ListItem","position":2,"name":"Osta NM-2201"}]},{"@type":"WebSite","@id":"https:\/\/medicinasinc.com\/fi\/#website","url":"https:\/\/medicinasinc.com\/fi\/","name":"Medicinas Inc","description":"Health Medical Clinic","potentialAction":[{"@type":"SearchAction","target":{"@type":"EntryPoint","urlTemplate":"https:\/\/medicinasinc.com\/fi\/?s={search_term_string}"},"query-input":{"@type":"PropertyValueSpecification","valueRequired":true,"valueName":"search_term_string"}}],"inLanguage":"en-US"}]}},"_links":{"self":[{"href":"https:\/\/medicinasinc.com\/fi\/wp-json\/wp\/v2\/product\/5917","targetHints":{"allow":["GET"]}}],"collection":[{"href":"https:\/\/medicinasinc.com\/fi\/wp-json\/wp\/v2\/product"}],"about":[{"href":"https:\/\/medicinasinc.com\/fi\/wp-json\/wp\/v2\/types\/product"}],"replies":[{"embeddable":true,"href":"https:\/\/medicinasinc.com\/fi\/wp-json\/wp\/v2\/comments?post=5917"}],"wp:featuredmedia":[{"embeddable":true,"href":"https:\/\/medicinasinc.com\/fi\/wp-json\/wp\/v2\/media\/5938"}],"wp:attachment":[{"href":"https:\/\/medicinasinc.com\/fi\/wp-json\/wp\/v2\/media?parent=5917"}],"wp:term":[{"taxonomy":"product_brand","embeddable":true,"href":"https:\/\/medicinasinc.com\/fi\/wp-json\/wp\/v2\/product_brand?post=5917"},{"taxonomy":"product_cat","embeddable":true,"href":"https:\/\/medicinasinc.com\/fi\/wp-json\/wp\/v2\/product_cat?post=5917"},{"taxonomy":"product_tag","embeddable":true,"href":"https:\/\/medicinasinc.com\/fi\/wp-json\/wp\/v2\/product_tag?post=5917"}],"curies":[{"name":"wp","href":"https:\/\/api.w.org\/{rel}","templated":true}]}}