{"id":5912,"date":"2022-02-22T08:15:30","date_gmt":"2022-02-22T08:15:30","guid":{"rendered":"https:\/\/medicinasinc.com\/fi\/?post_type=product&#038;p=5912"},"modified":"2022-03-22T00:45:04","modified_gmt":"2022-03-22T00:45:04","slug":"osta-mdmb-chmica","status":"publish","type":"product","link":"https:\/\/medicinasinc.com\/fi\/product\/osta-mdmb-chmica\/","title":{"rendered":"Osta MDMB-CHMICA"},"content":{"rendered":"<p>MDMB-CHMICA (tai MMB-CHMINACA) on indolipohjainen synteettinen kannabis, jota on tarjottu verkossa design-huumeeksi. Vaikka MDMB-CHMICAa markkinoitiin alun perin nimell\u00e4 &#8220;MMB-CHMINACA&#8221;, MDMB-CHMINACA:n isopropyylianalogi (AMB-CHMINACA) l\u00f6ydettiin designhuumeiden markkinoilta vuonna 2015.<\/p>\n<p>MMB-CHMINACA<\/p>\n<p>MDMB-CHMINACA<\/p>\n<p>MMB-CHMINACA (MDMB-CHMINACA) on indolipohjainen synteettinen kannabis, jota on tarjottu verkossa suunnittelijahuumeeksi.<\/p>\n<p>MMB-CHMINACA<\/p>\n<p> p&gt; <\/p>\n<p>MDMB-CHMINACA<\/p>\n<p>IUPAC-nimi: (2S)<\/p>\n<p>2,3-dimetyylibutanoaatti<br \/> CAS: N\/A<br \/> N\/A ChemSpider <br \/> C23H32N2O3<br \/> 384,5 g\/mol MMB<br \/> MDMB-CHMINACA<\/p>\n<p>(2S)-metyyli<\/p>\n<p>1 H-indol-3-yylikarbonyyliamino-2 ,3-dimetyylibutanoaatti<\/p>\n<p>MMB-CHMINACA (MDMB-CHMINACA) on indolipohjainen kannabinoidi, jossa on dimetyylibutanoaattiryhm\u00e4. T\u00e4ll\u00e4 kemikaalilla n\u00e4ytt\u00e4\u00e4 olevan korkeampi in vitro -sitoutumisaffiniteetti kuin monilla nykyisill\u00e4 kannabinoideilla, ja tutkijoiden tulee pit\u00e4\u00e4 t\u00e4m\u00e4 mieless\u00e4 suunnitellessaan tutkimuksia ja sijoittaessaan materiaalia solun substraateille.<\/p>\n<p>Synteettiset kannabinoidit ovat suuri kokoelma yhdisteit\u00e4, jotka ovat jatkuvasti olemassa. kehittyy ja esitell\u00e4\u00e4n yleis\u00f6lle. MMB-CHMINACAn k\u00e4ytt\u00f6\u00f6notto her\u00e4tti kuitenkin huomattavaa kiinnostusta sen ainutlaatuisten ominaisuuksien vuoksi. Sen oletettu vaikutus CB1- ja CB2-reseptoreihin on huomattavasti suurempi yksikk\u00f6\u00e4 kohden kuin AB-CHMINACA, joten kokeen tavoitteen saavuttamiseksi tarvitaan v\u00e4hemm\u00e4n aktiivista materiaalia.<\/p>\n<p>MMB-CHMINACA on valkoinen jauhe, jota voidaan s\u00e4ilytt\u00e4\u00e4 turvallisesti. ja k\u00e4sitell\u00e4\u00e4n laboratoriossa. T\u00e4ll\u00e4 synteettisell\u00e4 kannabinoidilla on monimutkainen kemiallinen kaava (2S)-metyyli-2-(1-(sykloheksyylimetyyli)-1 H-indol-3-yylikarbonyyliamino)-3,3-dimetyylibutanoaatti. Sen molekyylimassa on 384,5 g\/mol ja sen kaava on C23H32N2O3.<\/p>\n<p>MMB-CHMINACA on uusi kemikaali, jota tulee k\u00e4sitell\u00e4 eritt\u00e4in huolellisesti ja mitata tarkasti sen poikkeuksellisen puhtauden vuoksi. Kehotamme kaikkia tutustumaan paikallisiin rajoituksiin ennen synteettisen kannabiksen ja muiden aineiden hankkimista verkkokaupastamme.<\/p>\n","protected":false},"excerpt":{"rendered":"<p>Osta MDMB-CHMICA, MMB2101\u00a0myyd\u00e4\u00e4n Europe, UK (tunnetaan my\u00f6s v\u00e4\u00e4rin nimell\u00e4 MMB-CHMINACA) on\u00a0indolipohjainen\u00a0synteettinen kannabinoidi,\u00a0joka on\u00a0voimakas\u00a0CB1-reseptorin\u00a0agonisti\u00a0ja jota on myyty verkossa huumeiden suunnittelijana. Tilaus saatavilla<\/p>\n","protected":false},"featured_media":5937,"comment_status":"open","ping_status":"closed","template":"","meta":[],"product_brand":[],"product_cat":[2596],"product_tag":[4084,4089,4085,4086,4083,4088,4087],"class_list":{"0":"post-5912","1":"product","2":"type-product","3":"status-publish","4":"has-post-thumbnail","6":"product_cat-kannabinoidit-myynniss","7":"product_tag-how-to-buy-mmb-chminaca-online","8":"product_tag-mist-osta-mmb-chminaca-online","9":"product_tag-mmb-chminaca","10":"product_tag-mmb-chminaca-for-sale","11":"product_tag-osta-mmb-chminaca-online","12":"product_tag-paras-ostopaikka-mmb-chminaca-verkossa","13":"product_tag-tilaa-mmb-chminaca-online","15":"first","16":"instock","17":"shipping-taxable","18":"purchasable","19":"product-type-variable"},"yoast_head":"<!-- This site is optimized with the Yoast SEO plugin v27.3 - https:\/\/yoast.com\/product\/yoast-seo-wordpress\/ -->\n<title>Osta MMB-Chminaca - MMB-CHMINACA - Parhaat maailmanlaajuiset l\u00e4\u00e4kkeet<\/title>\n<meta name=\"description\" content=\"Osta MDMB-CHMICA, MMB2101\u00a0myyt\u00e4v\u00e4n\u00e4 Europe, UK (tunnetaan my\u00f6s v\u00e4\u00e4rin nimell\u00e4 MMB-CHMINACA) on\u00a0indolipohjainen\u00a0synteettinen kannabinoidi,\u00a0joka on\u00a0voimakas\u00a0CB1\u00a0reseptorin\u00a0agonisti\u00a0ja sit\u00e4 on myyty verkossa suunnittelija saatavilla, tukkumyynti.\" \/>\n<meta name=\"robots\" content=\"index, follow, max-snippet:-1, max-image-preview:large, max-video-preview:-1\" \/>\n<link rel=\"canonical\" href=\"https:\/\/medicinasinc.com\/fi\/product\/osta-mdmb-chmica\/\" \/>\n<meta property=\"og:locale\" content=\"en_US\" \/>\n<meta property=\"og:type\" content=\"article\" \/>\n<meta property=\"og:title\" content=\"Osta MMB-Chminaca - MMB-CHMINACA - Parhaat maailmanlaajuiset l\u00e4\u00e4kkeet\" \/>\n<meta property=\"og:description\" content=\"Osta MDMB-CHMICA, MMB2101\u00a0myyt\u00e4v\u00e4n\u00e4 Europe, UK (tunnetaan my\u00f6s v\u00e4\u00e4rin nimell\u00e4 MMB-CHMINACA) on\u00a0indolipohjainen\u00a0synteettinen kannabinoidi,\u00a0joka on\u00a0voimakas\u00a0CB1\u00a0reseptorin\u00a0agonisti\u00a0ja sit\u00e4 on myyty verkossa suunnittelija saatavilla, tukkumyynti.\" \/>\n<meta property=\"og:url\" content=\"https:\/\/medicinasinc.com\/fi\/product\/osta-mdmb-chmica\/\" \/>\n<meta property=\"og:site_name\" content=\"Medicinas Inc\" \/>\n<meta property=\"article:modified_time\" content=\"2022-03-22T00:45:04+00:00\" \/>\n<meta property=\"og:image\" content=\"https:\/\/medicinasinc.com\/fi\/wp-content\/uploads\/sites\/12\/2022\/02\/Buy-MDMB-CHMICA.jpg\" \/>\n\t<meta property=\"og:image:width\" content=\"459\" \/>\n\t<meta property=\"og:image:height\" content=\"443\" \/>\n\t<meta property=\"og:image:type\" content=\"image\/jpeg\" \/>\n<meta name=\"twitter:card\" content=\"summary_large_image\" \/>\n<meta name=\"twitter:label1\" content=\"Est. reading time\" \/>\n\t<meta name=\"twitter:data1\" content=\"2 minutes\" \/>\n<script type=\"application\/ld+json\" class=\"yoast-schema-graph\">{\"@context\":\"https:\\\/\\\/schema.org\",\"@graph\":[{\"@type\":\"WebPage\",\"@id\":\"https:\\\/\\\/medicinasinc.com\\\/fi\\\/product\\\/osta-mdmb-chmica\\\/\",\"url\":\"https:\\\/\\\/medicinasinc.com\\\/fi\\\/product\\\/osta-mdmb-chmica\\\/\",\"name\":\"Osta MMB-Chminaca - MMB-CHMINACA - Parhaat maailmanlaajuiset l\u00e4\u00e4kkeet\",\"isPartOf\":{\"@id\":\"https:\\\/\\\/medicinasinc.com\\\/fi\\\/#website\"},\"primaryImageOfPage\":{\"@id\":\"https:\\\/\\\/medicinasinc.com\\\/fi\\\/product\\\/osta-mdmb-chmica\\\/#primaryimage\"},\"image\":{\"@id\":\"https:\\\/\\\/medicinasinc.com\\\/fi\\\/product\\\/osta-mdmb-chmica\\\/#primaryimage\"},\"thumbnailUrl\":\"https:\\\/\\\/medicinasinc.com\\\/fi\\\/wp-content\\\/uploads\\\/sites\\\/12\\\/2022\\\/02\\\/Buy-MDMB-CHMICA.jpg\",\"datePublished\":\"2022-02-22T08:15:30+00:00\",\"dateModified\":\"2022-03-22T00:45:04+00:00\",\"description\":\"Osta MDMB-CHMICA, MMB2101\u00a0myyt\u00e4v\u00e4n\u00e4 Europe, UK (tunnetaan my\u00f6s v\u00e4\u00e4rin nimell\u00e4 MMB-CHMINACA) on\u00a0indolipohjainen\u00a0synteettinen kannabinoidi,\u00a0joka on\u00a0voimakas\u00a0CB1\u00a0reseptorin\u00a0agonisti\u00a0ja sit\u00e4 on myyty verkossa suunnittelija saatavilla, tukkumyynti.\",\"breadcrumb\":{\"@id\":\"https:\\\/\\\/medicinasinc.com\\\/fi\\\/product\\\/osta-mdmb-chmica\\\/#breadcrumb\"},\"inLanguage\":\"en-US\",\"potentialAction\":[{\"@type\":\"ReadAction\",\"target\":[\"https:\\\/\\\/medicinasinc.com\\\/fi\\\/product\\\/osta-mdmb-chmica\\\/\"]}]},{\"@type\":\"ImageObject\",\"inLanguage\":\"en-US\",\"@id\":\"https:\\\/\\\/medicinasinc.com\\\/fi\\\/product\\\/osta-mdmb-chmica\\\/#primaryimage\",\"url\":\"https:\\\/\\\/medicinasinc.com\\\/fi\\\/wp-content\\\/uploads\\\/sites\\\/12\\\/2022\\\/02\\\/Buy-MDMB-CHMICA.jpg\",\"contentUrl\":\"https:\\\/\\\/medicinasinc.com\\\/fi\\\/wp-content\\\/uploads\\\/sites\\\/12\\\/2022\\\/02\\\/Buy-MDMB-CHMICA.jpg\",\"width\":459,\"height\":443},{\"@type\":\"BreadcrumbList\",\"@id\":\"https:\\\/\\\/medicinasinc.com\\\/fi\\\/product\\\/osta-mdmb-chmica\\\/#breadcrumb\",\"itemListElement\":[{\"@type\":\"ListItem\",\"position\":1,\"name\":\"Myym\u00e4l\u00e4\",\"item\":\"https:\\\/\\\/medicinasinc.com\\\/fi\\\/myymala\\\/\"},{\"@type\":\"ListItem\",\"position\":2,\"name\":\"Osta MDMB-CHMICA\"}]},{\"@type\":\"WebSite\",\"@id\":\"https:\\\/\\\/medicinasinc.com\\\/fi\\\/#website\",\"url\":\"https:\\\/\\\/medicinasinc.com\\\/fi\\\/\",\"name\":\"Medicinas Inc\",\"description\":\"Health Medical Clinic\",\"potentialAction\":[{\"@type\":\"SearchAction\",\"target\":{\"@type\":\"EntryPoint\",\"urlTemplate\":\"https:\\\/\\\/medicinasinc.com\\\/fi\\\/?s={search_term_string}\"},\"query-input\":{\"@type\":\"PropertyValueSpecification\",\"valueRequired\":true,\"valueName\":\"search_term_string\"}}],\"inLanguage\":\"en-US\"}]}<\/script>\n<!-- \/ Yoast SEO plugin. -->","yoast_head_json":{"title":"Osta MMB-Chminaca - MMB-CHMINACA - Parhaat maailmanlaajuiset l\u00e4\u00e4kkeet","description":"Osta MDMB-CHMICA, MMB2101\u00a0myyt\u00e4v\u00e4n\u00e4 Europe, UK (tunnetaan my\u00f6s v\u00e4\u00e4rin nimell\u00e4 MMB-CHMINACA) on\u00a0indolipohjainen\u00a0synteettinen kannabinoidi,\u00a0joka on\u00a0voimakas\u00a0CB1\u00a0reseptorin\u00a0agonisti\u00a0ja sit\u00e4 on myyty verkossa suunnittelija saatavilla, tukkumyynti.","robots":{"index":"index","follow":"follow","max-snippet":"max-snippet:-1","max-image-preview":"max-image-preview:large","max-video-preview":"max-video-preview:-1"},"canonical":"https:\/\/medicinasinc.com\/fi\/product\/osta-mdmb-chmica\/","og_locale":"en_US","og_type":"article","og_title":"Osta MMB-Chminaca - MMB-CHMINACA - Parhaat maailmanlaajuiset l\u00e4\u00e4kkeet","og_description":"Osta MDMB-CHMICA, MMB2101\u00a0myyt\u00e4v\u00e4n\u00e4 Europe, UK (tunnetaan my\u00f6s v\u00e4\u00e4rin nimell\u00e4 MMB-CHMINACA) on\u00a0indolipohjainen\u00a0synteettinen kannabinoidi,\u00a0joka on\u00a0voimakas\u00a0CB1\u00a0reseptorin\u00a0agonisti\u00a0ja sit\u00e4 on myyty verkossa suunnittelija saatavilla, tukkumyynti.","og_url":"https:\/\/medicinasinc.com\/fi\/product\/osta-mdmb-chmica\/","og_site_name":"Medicinas Inc","article_modified_time":"2022-03-22T00:45:04+00:00","og_image":[{"width":459,"height":443,"url":"https:\/\/medicinasinc.com\/fi\/wp-content\/uploads\/sites\/12\/2022\/02\/Buy-MDMB-CHMICA.jpg","type":"image\/jpeg"}],"twitter_card":"summary_large_image","twitter_misc":{"Est. reading time":"2 minutes"},"schema":{"@context":"https:\/\/schema.org","@graph":[{"@type":"WebPage","@id":"https:\/\/medicinasinc.com\/fi\/product\/osta-mdmb-chmica\/","url":"https:\/\/medicinasinc.com\/fi\/product\/osta-mdmb-chmica\/","name":"Osta MMB-Chminaca - MMB-CHMINACA - Parhaat maailmanlaajuiset l\u00e4\u00e4kkeet","isPartOf":{"@id":"https:\/\/medicinasinc.com\/fi\/#website"},"primaryImageOfPage":{"@id":"https:\/\/medicinasinc.com\/fi\/product\/osta-mdmb-chmica\/#primaryimage"},"image":{"@id":"https:\/\/medicinasinc.com\/fi\/product\/osta-mdmb-chmica\/#primaryimage"},"thumbnailUrl":"https:\/\/medicinasinc.com\/fi\/wp-content\/uploads\/sites\/12\/2022\/02\/Buy-MDMB-CHMICA.jpg","datePublished":"2022-02-22T08:15:30+00:00","dateModified":"2022-03-22T00:45:04+00:00","description":"Osta MDMB-CHMICA, MMB2101\u00a0myyt\u00e4v\u00e4n\u00e4 Europe, UK (tunnetaan my\u00f6s v\u00e4\u00e4rin nimell\u00e4 MMB-CHMINACA) on\u00a0indolipohjainen\u00a0synteettinen kannabinoidi,\u00a0joka on\u00a0voimakas\u00a0CB1\u00a0reseptorin\u00a0agonisti\u00a0ja sit\u00e4 on myyty verkossa suunnittelija saatavilla, tukkumyynti.","breadcrumb":{"@id":"https:\/\/medicinasinc.com\/fi\/product\/osta-mdmb-chmica\/#breadcrumb"},"inLanguage":"en-US","potentialAction":[{"@type":"ReadAction","target":["https:\/\/medicinasinc.com\/fi\/product\/osta-mdmb-chmica\/"]}]},{"@type":"ImageObject","inLanguage":"en-US","@id":"https:\/\/medicinasinc.com\/fi\/product\/osta-mdmb-chmica\/#primaryimage","url":"https:\/\/medicinasinc.com\/fi\/wp-content\/uploads\/sites\/12\/2022\/02\/Buy-MDMB-CHMICA.jpg","contentUrl":"https:\/\/medicinasinc.com\/fi\/wp-content\/uploads\/sites\/12\/2022\/02\/Buy-MDMB-CHMICA.jpg","width":459,"height":443},{"@type":"BreadcrumbList","@id":"https:\/\/medicinasinc.com\/fi\/product\/osta-mdmb-chmica\/#breadcrumb","itemListElement":[{"@type":"ListItem","position":1,"name":"Myym\u00e4l\u00e4","item":"https:\/\/medicinasinc.com\/fi\/myymala\/"},{"@type":"ListItem","position":2,"name":"Osta MDMB-CHMICA"}]},{"@type":"WebSite","@id":"https:\/\/medicinasinc.com\/fi\/#website","url":"https:\/\/medicinasinc.com\/fi\/","name":"Medicinas Inc","description":"Health Medical Clinic","potentialAction":[{"@type":"SearchAction","target":{"@type":"EntryPoint","urlTemplate":"https:\/\/medicinasinc.com\/fi\/?s={search_term_string}"},"query-input":{"@type":"PropertyValueSpecification","valueRequired":true,"valueName":"search_term_string"}}],"inLanguage":"en-US"}]}},"_links":{"self":[{"href":"https:\/\/medicinasinc.com\/fi\/wp-json\/wp\/v2\/product\/5912","targetHints":{"allow":["GET"]}}],"collection":[{"href":"https:\/\/medicinasinc.com\/fi\/wp-json\/wp\/v2\/product"}],"about":[{"href":"https:\/\/medicinasinc.com\/fi\/wp-json\/wp\/v2\/types\/product"}],"replies":[{"embeddable":true,"href":"https:\/\/medicinasinc.com\/fi\/wp-json\/wp\/v2\/comments?post=5912"}],"wp:featuredmedia":[{"embeddable":true,"href":"https:\/\/medicinasinc.com\/fi\/wp-json\/wp\/v2\/media\/5937"}],"wp:attachment":[{"href":"https:\/\/medicinasinc.com\/fi\/wp-json\/wp\/v2\/media?parent=5912"}],"wp:term":[{"taxonomy":"product_brand","embeddable":true,"href":"https:\/\/medicinasinc.com\/fi\/wp-json\/wp\/v2\/product_brand?post=5912"},{"taxonomy":"product_cat","embeddable":true,"href":"https:\/\/medicinasinc.com\/fi\/wp-json\/wp\/v2\/product_cat?post=5912"},{"taxonomy":"product_tag","embeddable":true,"href":"https:\/\/medicinasinc.com\/fi\/wp-json\/wp\/v2\/product_tag?post=5912"}],"curies":[{"name":"wp","href":"https:\/\/api.w.org\/{rel}","templated":true}]}}