{"id":5906,"date":"2022-02-22T08:12:00","date_gmt":"2022-02-22T08:12:00","guid":{"rendered":"https:\/\/medicinasinc.com\/fi\/?post_type=product&#038;p=5906"},"modified":"2022-03-22T00:45:16","modified_gmt":"2022-03-22T00:45:16","slug":"osta-fubinacan-kanssa","status":"publish","type":"product","link":"https:\/\/medicinasinc.com\/fi\/product\/osta-fubinacan-kanssa\/","title":{"rendered":"Osta AMB-FUBINACA"},"content":{"rendered":"<p>Indatsolipohjainen synteettinen kannabinoidi AMB-FUBINACA, joka tunnetaan my\u00f6s nimell\u00e4 FUB-AMB ja MMB-FUBINACA, on voimakas kannabinoidiagonisti. Sen Ki-arvot ovat 10,04 nM CB1:ss\u00e4 ja 0,786 nM CB2:ssa ja EC50-arvot 0,5433 nM CB1:ss\u00e4 ja 0,1278 nM CB2:ssa. Sit\u00e4 on myyty verkossa suunnittelijal\u00e4\u00e4kkeen\u00e4. Sen valmisti ensin Pfizer, joka haki yhdisteelle patentin vuonna 2009. Yhdistett\u00e4 ei koskaan testattu ihmisill\u00e4. DEA teki paljon huumetakavarikkoja vuonna 2017 ja vuoden 2018 ensimm\u00e4isell\u00e4 puoliskolla. Yleisin synteettinen kannabinoidi oli AMB-FUBINACA.<\/p>\n<p>Se on indatsolipohjainen synteettinen kannabinoidi nimelt\u00e4 AMB-FUBINACA, ja se on voimakas kannabinoidireseptoreiden agonisti. Sen Ki-arvot ovat 10,04 nM CB1:ss\u00e4 ja 0,786 nM CB2:ssa ja EC50-arvot 0,5433 nM CB1:ss\u00e4 ja 0,1278 nM CB2:ssa. Sit\u00e4 on myyty verkossa suunnittelijahuumeeksi.<\/p>\n","protected":false},"excerpt":{"rendered":"<p><b>Osta AMB-FUBINACA<\/b> Iso-Britannian vuoksi, Eurooppa (tunnetaan my\u00f6s nimell\u00e4 <b>FUB-AMB<\/b>\u00a0ja\u00a0<b>MMB-FUBINACA<\/b>) on\u00a0indatsolipohjainen <a class=\"mw-redirect\" title=\"Synthetic cannabinoid\" href=\"https:\/\/en.wikipedia.org\/wiki\/Synthetic_cannabinoid\">synteettinen kannabinoidi<\/a>, joka on voimakas <a title=\"Agonist\" href=\"https:\/\/en.wikipedia.org\/wiki\/Agonist\">agonisti<\/a>\u00a0kannabinoidireseptoreille,\u00a0<i>K<\/i><sub>i<\/sub>\u00a0-arvot 10,04\u00a0nM klo. CB<sub>1<\/sub>\u00a0ja 0,786\u00a0nM\u00a0CB<sub>2:ssa<\/sub>\u00a0ja\u00a0EC<sub>50<\/sub>\u00a0arvot 0,5433\u00a0nM CB<sub>1<\/sub>:ssa ja 0,1278\u00a0nM kohdassa CB<sub>1<\/sub> CB<sub>2<\/sub>, <sup id=\"cite_ref-1\" class=\"reference\"><\/sup>ja sit\u00e4 on myyty verkossa suunnittelijal\u00e4\u00e4kkeen\u00e4<\/p>\n","protected":false},"featured_media":5936,"comment_status":"open","ping_status":"closed","template":"","meta":[],"product_brand":[],"product_cat":[2596],"product_tag":[4078,4079,4082,4077,4081,4080],"class_list":{"0":"post-5906","1":"product","2":"type-product","3":"status-publish","4":"has-post-thumbnail","6":"product_cat-kannabinoidit-myynniss","7":"product_tag-fub-myynniss","8":"product_tag-how-to-buy-fub-amb-online","9":"product_tag-mist-osta-fub-amb-verkosta","10":"product_tag-osta-fub-verkossa","11":"product_tag-osto-fub-verkossa","12":"product_tag-tilaa-fub-online","14":"first","15":"instock","16":"shipping-taxable","17":"purchasable","18":"product-type-variable"},"yoast_head":"<!-- This site is optimized with the Yoast SEO plugin v27.3 - https:\/\/yoast.com\/product\/yoast-seo-wordpress\/ -->\n<title>Osta AMB-FUBINACA - FUB-AMB - MMB-FUBINACA - Parhaat maailmanlaajuiset l\u00e4\u00e4kkeet<\/title>\n<meta name=\"description\" content=\"Osta AMB-FUBINACA Yhdistyneen kuningaskunnan, Euroopan vuoksi (tunnetaan my\u00f6s nimell\u00e4 FUB-AMB ja MMB-FUBINACA) on indatsolipohjainen synteettinen kannabinoidi, joka on voimakas kannabinoidireseptorien agonisti, jonka Ki-arvot ovat 10,04 nM 718 nM:ss\u00e4 718 nM. CB2- ja EC50-arvot 0,5433 nM CB1:ss\u00e4 ja 0,1278 nM CB2:ssa, ja sit\u00e4 on myyty verkossa suunnittelijal\u00e4\u00e4kkeen\u00e4\" \/>\n<meta name=\"robots\" content=\"index, follow, max-snippet:-1, max-image-preview:large, max-video-preview:-1\" \/>\n<link rel=\"canonical\" href=\"https:\/\/medicinasinc.com\/fi\/product\/osta-fubinacan-kanssa\/\" \/>\n<meta property=\"og:locale\" content=\"en_US\" \/>\n<meta property=\"og:type\" content=\"article\" \/>\n<meta property=\"og:title\" content=\"Osta AMB-FUBINACA - FUB-AMB - MMB-FUBINACA - Parhaat maailmanlaajuiset l\u00e4\u00e4kkeet\" \/>\n<meta property=\"og:description\" content=\"Osta AMB-FUBINACA Yhdistyneen kuningaskunnan, Euroopan vuoksi (tunnetaan my\u00f6s nimell\u00e4 FUB-AMB ja MMB-FUBINACA) on indatsolipohjainen synteettinen kannabinoidi, joka on voimakas kannabinoidireseptorien agonisti, jonka Ki-arvot ovat 10,04 nM 718 nM:ss\u00e4 718 nM. CB2- ja EC50-arvot 0,5433 nM CB1:ss\u00e4 ja 0,1278 nM CB2:ssa, ja sit\u00e4 on myyty verkossa suunnittelijal\u00e4\u00e4kkeen\u00e4\" \/>\n<meta property=\"og:url\" content=\"https:\/\/medicinasinc.com\/fi\/product\/osta-fubinacan-kanssa\/\" \/>\n<meta property=\"og:site_name\" content=\"Medicinas Inc\" \/>\n<meta property=\"article:modified_time\" content=\"2022-03-22T00:45:16+00:00\" \/>\n<meta property=\"og:image\" content=\"https:\/\/medicinasinc.com\/fi\/wp-content\/uploads\/sites\/12\/2022\/02\/Buy-AMB-FUBINACA.jpg\" \/>\n\t<meta property=\"og:image:width\" content=\"400\" \/>\n\t<meta property=\"og:image:height\" content=\"400\" \/>\n\t<meta property=\"og:image:type\" content=\"image\/jpeg\" \/>\n<meta name=\"twitter:card\" content=\"summary_large_image\" \/>\n<meta name=\"twitter:label1\" content=\"Est. reading time\" \/>\n\t<meta name=\"twitter:data1\" content=\"1 minute\" \/>\n<script type=\"application\/ld+json\" class=\"yoast-schema-graph\">{\"@context\":\"https:\\\/\\\/schema.org\",\"@graph\":[{\"@type\":\"WebPage\",\"@id\":\"https:\\\/\\\/medicinasinc.com\\\/fi\\\/product\\\/osta-fubinacan-kanssa\\\/\",\"url\":\"https:\\\/\\\/medicinasinc.com\\\/fi\\\/product\\\/osta-fubinacan-kanssa\\\/\",\"name\":\"Osta AMB-FUBINACA - FUB-AMB - MMB-FUBINACA - Parhaat maailmanlaajuiset l\u00e4\u00e4kkeet\",\"isPartOf\":{\"@id\":\"https:\\\/\\\/medicinasinc.com\\\/fi\\\/#website\"},\"primaryImageOfPage\":{\"@id\":\"https:\\\/\\\/medicinasinc.com\\\/fi\\\/product\\\/osta-fubinacan-kanssa\\\/#primaryimage\"},\"image\":{\"@id\":\"https:\\\/\\\/medicinasinc.com\\\/fi\\\/product\\\/osta-fubinacan-kanssa\\\/#primaryimage\"},\"thumbnailUrl\":\"https:\\\/\\\/medicinasinc.com\\\/fi\\\/wp-content\\\/uploads\\\/sites\\\/12\\\/2022\\\/02\\\/Buy-AMB-FUBINACA.jpg\",\"datePublished\":\"2022-02-22T08:12:00+00:00\",\"dateModified\":\"2022-03-22T00:45:16+00:00\",\"description\":\"Osta AMB-FUBINACA Yhdistyneen kuningaskunnan, Euroopan vuoksi (tunnetaan my\u00f6s nimell\u00e4 FUB-AMB ja MMB-FUBINACA) on indatsolipohjainen synteettinen kannabinoidi, joka on voimakas kannabinoidireseptorien agonisti, jonka Ki-arvot ovat 10,04 nM 718 nM:ss\u00e4 718 nM. CB2- ja EC50-arvot 0,5433 nM CB1:ss\u00e4 ja 0,1278 nM CB2:ssa, ja sit\u00e4 on myyty verkossa suunnittelijal\u00e4\u00e4kkeen\u00e4\",\"breadcrumb\":{\"@id\":\"https:\\\/\\\/medicinasinc.com\\\/fi\\\/product\\\/osta-fubinacan-kanssa\\\/#breadcrumb\"},\"inLanguage\":\"en-US\",\"potentialAction\":[{\"@type\":\"ReadAction\",\"target\":[\"https:\\\/\\\/medicinasinc.com\\\/fi\\\/product\\\/osta-fubinacan-kanssa\\\/\"]}]},{\"@type\":\"ImageObject\",\"inLanguage\":\"en-US\",\"@id\":\"https:\\\/\\\/medicinasinc.com\\\/fi\\\/product\\\/osta-fubinacan-kanssa\\\/#primaryimage\",\"url\":\"https:\\\/\\\/medicinasinc.com\\\/fi\\\/wp-content\\\/uploads\\\/sites\\\/12\\\/2022\\\/02\\\/Buy-AMB-FUBINACA.jpg\",\"contentUrl\":\"https:\\\/\\\/medicinasinc.com\\\/fi\\\/wp-content\\\/uploads\\\/sites\\\/12\\\/2022\\\/02\\\/Buy-AMB-FUBINACA.jpg\",\"width\":400,\"height\":400},{\"@type\":\"BreadcrumbList\",\"@id\":\"https:\\\/\\\/medicinasinc.com\\\/fi\\\/product\\\/osta-fubinacan-kanssa\\\/#breadcrumb\",\"itemListElement\":[{\"@type\":\"ListItem\",\"position\":1,\"name\":\"Myym\u00e4l\u00e4\",\"item\":\"https:\\\/\\\/medicinasinc.com\\\/fi\\\/myymala\\\/\"},{\"@type\":\"ListItem\",\"position\":2,\"name\":\"Osta AMB-FUBINACA\"}]},{\"@type\":\"WebSite\",\"@id\":\"https:\\\/\\\/medicinasinc.com\\\/fi\\\/#website\",\"url\":\"https:\\\/\\\/medicinasinc.com\\\/fi\\\/\",\"name\":\"Medicinas Inc\",\"description\":\"Health Medical Clinic\",\"potentialAction\":[{\"@type\":\"SearchAction\",\"target\":{\"@type\":\"EntryPoint\",\"urlTemplate\":\"https:\\\/\\\/medicinasinc.com\\\/fi\\\/?s={search_term_string}\"},\"query-input\":{\"@type\":\"PropertyValueSpecification\",\"valueRequired\":true,\"valueName\":\"search_term_string\"}}],\"inLanguage\":\"en-US\"}]}<\/script>\n<!-- \/ Yoast SEO plugin. -->","yoast_head_json":{"title":"Osta AMB-FUBINACA - FUB-AMB - MMB-FUBINACA - Parhaat maailmanlaajuiset l\u00e4\u00e4kkeet","description":"Osta AMB-FUBINACA Yhdistyneen kuningaskunnan, Euroopan vuoksi (tunnetaan my\u00f6s nimell\u00e4 FUB-AMB ja MMB-FUBINACA) on indatsolipohjainen synteettinen kannabinoidi, joka on voimakas kannabinoidireseptorien agonisti, jonka Ki-arvot ovat 10,04 nM 718 nM:ss\u00e4 718 nM. CB2- ja EC50-arvot 0,5433 nM CB1:ss\u00e4 ja 0,1278 nM CB2:ssa, ja sit\u00e4 on myyty verkossa suunnittelijal\u00e4\u00e4kkeen\u00e4","robots":{"index":"index","follow":"follow","max-snippet":"max-snippet:-1","max-image-preview":"max-image-preview:large","max-video-preview":"max-video-preview:-1"},"canonical":"https:\/\/medicinasinc.com\/fi\/product\/osta-fubinacan-kanssa\/","og_locale":"en_US","og_type":"article","og_title":"Osta AMB-FUBINACA - FUB-AMB - MMB-FUBINACA - Parhaat maailmanlaajuiset l\u00e4\u00e4kkeet","og_description":"Osta AMB-FUBINACA Yhdistyneen kuningaskunnan, Euroopan vuoksi (tunnetaan my\u00f6s nimell\u00e4 FUB-AMB ja MMB-FUBINACA) on indatsolipohjainen synteettinen kannabinoidi, joka on voimakas kannabinoidireseptorien agonisti, jonka Ki-arvot ovat 10,04 nM 718 nM:ss\u00e4 718 nM. CB2- ja EC50-arvot 0,5433 nM CB1:ss\u00e4 ja 0,1278 nM CB2:ssa, ja sit\u00e4 on myyty verkossa suunnittelijal\u00e4\u00e4kkeen\u00e4","og_url":"https:\/\/medicinasinc.com\/fi\/product\/osta-fubinacan-kanssa\/","og_site_name":"Medicinas Inc","article_modified_time":"2022-03-22T00:45:16+00:00","og_image":[{"width":400,"height":400,"url":"https:\/\/medicinasinc.com\/fi\/wp-content\/uploads\/sites\/12\/2022\/02\/Buy-AMB-FUBINACA.jpg","type":"image\/jpeg"}],"twitter_card":"summary_large_image","twitter_misc":{"Est. reading time":"1 minute"},"schema":{"@context":"https:\/\/schema.org","@graph":[{"@type":"WebPage","@id":"https:\/\/medicinasinc.com\/fi\/product\/osta-fubinacan-kanssa\/","url":"https:\/\/medicinasinc.com\/fi\/product\/osta-fubinacan-kanssa\/","name":"Osta AMB-FUBINACA - FUB-AMB - MMB-FUBINACA - Parhaat maailmanlaajuiset l\u00e4\u00e4kkeet","isPartOf":{"@id":"https:\/\/medicinasinc.com\/fi\/#website"},"primaryImageOfPage":{"@id":"https:\/\/medicinasinc.com\/fi\/product\/osta-fubinacan-kanssa\/#primaryimage"},"image":{"@id":"https:\/\/medicinasinc.com\/fi\/product\/osta-fubinacan-kanssa\/#primaryimage"},"thumbnailUrl":"https:\/\/medicinasinc.com\/fi\/wp-content\/uploads\/sites\/12\/2022\/02\/Buy-AMB-FUBINACA.jpg","datePublished":"2022-02-22T08:12:00+00:00","dateModified":"2022-03-22T00:45:16+00:00","description":"Osta AMB-FUBINACA Yhdistyneen kuningaskunnan, Euroopan vuoksi (tunnetaan my\u00f6s nimell\u00e4 FUB-AMB ja MMB-FUBINACA) on indatsolipohjainen synteettinen kannabinoidi, joka on voimakas kannabinoidireseptorien agonisti, jonka Ki-arvot ovat 10,04 nM 718 nM:ss\u00e4 718 nM. CB2- ja EC50-arvot 0,5433 nM CB1:ss\u00e4 ja 0,1278 nM CB2:ssa, ja sit\u00e4 on myyty verkossa suunnittelijal\u00e4\u00e4kkeen\u00e4","breadcrumb":{"@id":"https:\/\/medicinasinc.com\/fi\/product\/osta-fubinacan-kanssa\/#breadcrumb"},"inLanguage":"en-US","potentialAction":[{"@type":"ReadAction","target":["https:\/\/medicinasinc.com\/fi\/product\/osta-fubinacan-kanssa\/"]}]},{"@type":"ImageObject","inLanguage":"en-US","@id":"https:\/\/medicinasinc.com\/fi\/product\/osta-fubinacan-kanssa\/#primaryimage","url":"https:\/\/medicinasinc.com\/fi\/wp-content\/uploads\/sites\/12\/2022\/02\/Buy-AMB-FUBINACA.jpg","contentUrl":"https:\/\/medicinasinc.com\/fi\/wp-content\/uploads\/sites\/12\/2022\/02\/Buy-AMB-FUBINACA.jpg","width":400,"height":400},{"@type":"BreadcrumbList","@id":"https:\/\/medicinasinc.com\/fi\/product\/osta-fubinacan-kanssa\/#breadcrumb","itemListElement":[{"@type":"ListItem","position":1,"name":"Myym\u00e4l\u00e4","item":"https:\/\/medicinasinc.com\/fi\/myymala\/"},{"@type":"ListItem","position":2,"name":"Osta AMB-FUBINACA"}]},{"@type":"WebSite","@id":"https:\/\/medicinasinc.com\/fi\/#website","url":"https:\/\/medicinasinc.com\/fi\/","name":"Medicinas Inc","description":"Health Medical Clinic","potentialAction":[{"@type":"SearchAction","target":{"@type":"EntryPoint","urlTemplate":"https:\/\/medicinasinc.com\/fi\/?s={search_term_string}"},"query-input":{"@type":"PropertyValueSpecification","valueRequired":true,"valueName":"search_term_string"}}],"inLanguage":"en-US"}]}},"_links":{"self":[{"href":"https:\/\/medicinasinc.com\/fi\/wp-json\/wp\/v2\/product\/5906","targetHints":{"allow":["GET"]}}],"collection":[{"href":"https:\/\/medicinasinc.com\/fi\/wp-json\/wp\/v2\/product"}],"about":[{"href":"https:\/\/medicinasinc.com\/fi\/wp-json\/wp\/v2\/types\/product"}],"replies":[{"embeddable":true,"href":"https:\/\/medicinasinc.com\/fi\/wp-json\/wp\/v2\/comments?post=5906"}],"wp:featuredmedia":[{"embeddable":true,"href":"https:\/\/medicinasinc.com\/fi\/wp-json\/wp\/v2\/media\/5936"}],"wp:attachment":[{"href":"https:\/\/medicinasinc.com\/fi\/wp-json\/wp\/v2\/media?parent=5906"}],"wp:term":[{"taxonomy":"product_brand","embeddable":true,"href":"https:\/\/medicinasinc.com\/fi\/wp-json\/wp\/v2\/product_brand?post=5906"},{"taxonomy":"product_cat","embeddable":true,"href":"https:\/\/medicinasinc.com\/fi\/wp-json\/wp\/v2\/product_cat?post=5906"},{"taxonomy":"product_tag","embeddable":true,"href":"https:\/\/medicinasinc.com\/fi\/wp-json\/wp\/v2\/product_tag?post=5906"}],"curies":[{"name":"wp","href":"https:\/\/api.w.org\/{rel}","templated":true}]}}