{"id":5902,"date":"2022-02-22T08:09:55","date_gmt":"2022-02-22T08:09:55","guid":{"rendered":"https:\/\/medicinasinc.com\/fi\/?post_type=product&#038;p=5902"},"modified":"2022-03-22T00:45:25","modified_gmt":"2022-03-22T00:45:25","slug":"osta-5f-adb","status":"publish","type":"product","link":"https:\/\/medicinasinc.com\/fi\/product\/osta-5f-adb\/","title":{"rendered":"Osta 5F-ADB"},"content":{"rendered":"<p>5F-ADB (vaihtoehtoisesti kirjoitettu 5F-MDMB-PINACA) on indatsolista johdettu synteettinen kannabinoidi, jota on k\u00e4ytetty aktiivisena aineosana synteettisiss\u00e4 kannabistuotteissa ja myyty verkossa design-huumeena.<\/p>\n<p>5F -ADB on vahva CB1-reseptorin agonisti, vaikka sen selektiivisyytt\u00e4 t\u00e4lle reseptorille ei tunneta. 5F-ADB l\u00f6ydettiin ensimm\u00e4isen kerran marraskuussa 2014 k\u00e4ytt\u00e4en post mortem -n\u00e4ytteit\u00e4, jotka oli saatu henkil\u00f6lt\u00e4, joka kuoli t\u00e4t\u00e4 l\u00e4\u00e4kett\u00e4 sis\u00e4lt\u00e4v\u00e4n tuotteen ottamisen j\u00e4lkeen. My\u00f6hemm\u00e4t testit paljastivat, ett\u00e4 5F-ADB:t\u00e4 havaittiin yhteens\u00e4 kymmenell\u00e4 ihmisell\u00e4, jotka kuolivat Japanissa syys-joulukuun 2014 v\u00e4lisen\u00e4 aikana selitt\u00e4m\u00e4tt\u00f6miin huumeiden yliannostuksiin. Kudostesteiss\u00e4 havaittujen suhteellisen alhaisten tasojen perusteella 5F-ADB:n uskotaan olevan poikkeuksellisen vahvaa ja n\u00e4ytt\u00e4\u00e4 olevan huomattavasti vaarallisempi kuin aiemmin myydyt synteettiset kannabisl\u00e4\u00e4kkeet.<\/p>\n<p>N-[[1-(5-) fluoropentyyli)-1H-indatsol-3-yyli]karbonyyli]<\/p>\n<p>-3-metyyli-D-valiinimetyyliesteri (5F-ADB) on eritt\u00e4in vahva synteettinen kannabis, joka aiheuttaa ihmisill\u00e4 satunnaisesti vaikeita psykoottisia oireita kohtalokkaasti.<\/p>\n<p>5F-toksisuuden taustalla olevien hermosolujen mekanismien selvitt\u00e4miseksi ADB:t tutkimme sen vaikutuksia keskiaivojen dopaminergisiin ja serotonergisiin piireihin, jotka s\u00e4\u00e4telev\u00e4t monia aivojen perustoimintoja, mukaan lukien ne, jotka liittyv\u00e4t palkitsemiseen liittyv\u00e4\u00e4n k\u00e4ytt\u00e4ytymiseen. Ex vivo elektrofysiologisia tekniikoita k\u00e4ytettiin rekister\u00f6im\u00e4\u00e4n muutoksia 5F-ADB:n tuottamien dopaminergisten ja serotonergisten hermosolujen spontaanissa laukaisuaktiivisuudessa.<\/p>\n<p>5F-ADB (1 M) nosti dramaattisesti dopaminergisten hermosolujen spontaanin laukaisunopeutta, mutta ei onnistunut aktivoimaan niit\u00e4 CB1-antagonistin AM251 (1 M) l\u00e4sn\u00e4 ollessa. Toisaalta samalla 5F-ADB:n pitoisuudella ei ollut vaikutusta serotonergiseen hermosolujen aktiivisuuteen. N\u00e4m\u00e4 havainnot osoittavat, ett\u00e4 5F-ADB aktivoi paikallisia CB1-reseptoreita ja tehostaa dopaminergisi\u00e4 j\u00e4rjestelmi\u00e4 keskiaivoissa, mutta sill\u00e4 ei ole vaikutusta keskiaivojen serotonergisiin j\u00e4rjestelmiin.<\/p>\n","protected":false},"excerpt":{"rendered":"<p>Osta 5F-ADB myyt\u00e4v\u00e4n\u00e4 Isossa-Britanniassa, Euroopassa, Kiinassa (tunnetaan my\u00f6s nimell\u00e4 5F-MDMB-PINACA) on indatsolipohjainen synteettinen kannabinoidi indatsoli-3-karboksamidiperheest\u00e4, tukkutilaus saatavilla<\/p>\n","protected":false},"featured_media":5933,"comment_status":"open","ping_status":"closed","template":"","meta":[],"product_brand":[],"product_cat":[2596],"product_tag":[4066,4068,4069,4070,4071,4072,4076,4067,4073,4074,4075],"class_list":{"0":"post-5902","1":"product","2":"type-product","3":"status-publish","4":"has-post-thumbnail","6":"product_cat-kannabinoidit-myynniss","7":"product_tag-5f-adb","8":"product_tag-5f-adb-jauhe","9":"product_tag-5f-mdmb-pinaca","10":"product_tag-buy-5f-adb-online","11":"product_tag-c20h28fn3o3","12":"product_tag-how-to-buy-5f-adb-online","13":"product_tag-mist-ostaa-5f-adb-online","14":"product_tag-5f-adb-myynniss","15":"product_tag-order-5f-adb-online","16":"product_tag-paras-ostopaikka-5f-adb-online","17":"product_tag-v1715016-75-3","19":"first","20":"instock","21":"featured","22":"shipping-taxable","23":"purchasable","24":"product-type-variable"},"yoast_head":"<!-- This site is optimized with the Yoast SEO plugin v27.3 - https:\/\/yoast.com\/product\/yoast-seo-wordpress\/ -->\n<title>Osta 5F-ADB - 5F-MDMB-PINACA - parhaat maailmanlaajuiset l\u00e4\u00e4kkeet<\/title>\n<meta name=\"description\" content=\"Osta 5F-ADB myyt\u00e4v\u00e4n\u00e4 Iso-Britannia, Eurooppa\u00a0(tunnetaan my\u00f6s nimell\u00e4\u00a05F-MDMB-PINACA) on\u00a0indatsolipohjainen synteettinen\u00a0kannabinoidi\u00a0indatsoli-3-karboksamidiperheest\u00e4, tukkutilaus saatavilla\" \/>\n<meta name=\"robots\" content=\"index, follow, max-snippet:-1, max-image-preview:large, max-video-preview:-1\" \/>\n<link rel=\"canonical\" href=\"https:\/\/medicinasinc.com\/fi\/product\/osta-5f-adb\/\" \/>\n<meta property=\"og:locale\" content=\"en_US\" \/>\n<meta property=\"og:type\" content=\"article\" \/>\n<meta property=\"og:title\" content=\"Osta 5F-ADB - 5F-MDMB-PINACA - parhaat maailmanlaajuiset l\u00e4\u00e4kkeet\" \/>\n<meta property=\"og:description\" content=\"Osta 5F-ADB myyt\u00e4v\u00e4n\u00e4 Iso-Britannia, Eurooppa\u00a0(tunnetaan my\u00f6s nimell\u00e4\u00a05F-MDMB-PINACA) on\u00a0indatsolipohjainen synteettinen\u00a0kannabinoidi\u00a0indatsoli-3-karboksamidiperheest\u00e4, tukkutilaus saatavilla\" \/>\n<meta property=\"og:url\" content=\"https:\/\/medicinasinc.com\/fi\/product\/osta-5f-adb\/\" \/>\n<meta property=\"og:site_name\" content=\"Medicinas Inc\" \/>\n<meta property=\"article:modified_time\" content=\"2022-03-22T00:45:25+00:00\" \/>\n<meta property=\"og:image\" content=\"https:\/\/medicinasinc.com\/fi\/wp-content\/uploads\/sites\/12\/2022\/02\/Buy-5F-ADB.jpeg\" \/>\n\t<meta property=\"og:image:width\" content=\"800\" \/>\n\t<meta property=\"og:image:height\" content=\"450\" \/>\n\t<meta property=\"og:image:type\" content=\"image\/jpeg\" \/>\n<meta name=\"twitter:card\" content=\"summary_large_image\" \/>\n<meta name=\"twitter:label1\" content=\"Est. reading time\" \/>\n\t<meta name=\"twitter:data1\" content=\"2 minutes\" \/>\n<script type=\"application\/ld+json\" class=\"yoast-schema-graph\">{\"@context\":\"https:\\\/\\\/schema.org\",\"@graph\":[{\"@type\":\"WebPage\",\"@id\":\"https:\\\/\\\/medicinasinc.com\\\/fi\\\/product\\\/osta-5f-adb\\\/\",\"url\":\"https:\\\/\\\/medicinasinc.com\\\/fi\\\/product\\\/osta-5f-adb\\\/\",\"name\":\"Osta 5F-ADB - 5F-MDMB-PINACA - parhaat maailmanlaajuiset l\u00e4\u00e4kkeet\",\"isPartOf\":{\"@id\":\"https:\\\/\\\/medicinasinc.com\\\/fi\\\/#website\"},\"primaryImageOfPage\":{\"@id\":\"https:\\\/\\\/medicinasinc.com\\\/fi\\\/product\\\/osta-5f-adb\\\/#primaryimage\"},\"image\":{\"@id\":\"https:\\\/\\\/medicinasinc.com\\\/fi\\\/product\\\/osta-5f-adb\\\/#primaryimage\"},\"thumbnailUrl\":\"https:\\\/\\\/medicinasinc.com\\\/fi\\\/wp-content\\\/uploads\\\/sites\\\/12\\\/2022\\\/02\\\/Buy-5F-ADB.jpeg\",\"datePublished\":\"2022-02-22T08:09:55+00:00\",\"dateModified\":\"2022-03-22T00:45:25+00:00\",\"description\":\"Osta 5F-ADB myyt\u00e4v\u00e4n\u00e4 Iso-Britannia, Eurooppa\u00a0(tunnetaan my\u00f6s nimell\u00e4\u00a05F-MDMB-PINACA) on\u00a0indatsolipohjainen synteettinen\u00a0kannabinoidi\u00a0indatsoli-3-karboksamidiperheest\u00e4, tukkutilaus saatavilla\",\"breadcrumb\":{\"@id\":\"https:\\\/\\\/medicinasinc.com\\\/fi\\\/product\\\/osta-5f-adb\\\/#breadcrumb\"},\"inLanguage\":\"en-US\",\"potentialAction\":[{\"@type\":\"ReadAction\",\"target\":[\"https:\\\/\\\/medicinasinc.com\\\/fi\\\/product\\\/osta-5f-adb\\\/\"]}]},{\"@type\":\"ImageObject\",\"inLanguage\":\"en-US\",\"@id\":\"https:\\\/\\\/medicinasinc.com\\\/fi\\\/product\\\/osta-5f-adb\\\/#primaryimage\",\"url\":\"https:\\\/\\\/medicinasinc.com\\\/fi\\\/wp-content\\\/uploads\\\/sites\\\/12\\\/2022\\\/02\\\/Buy-5F-ADB.jpeg\",\"contentUrl\":\"https:\\\/\\\/medicinasinc.com\\\/fi\\\/wp-content\\\/uploads\\\/sites\\\/12\\\/2022\\\/02\\\/Buy-5F-ADB.jpeg\",\"width\":800,\"height\":450},{\"@type\":\"BreadcrumbList\",\"@id\":\"https:\\\/\\\/medicinasinc.com\\\/fi\\\/product\\\/osta-5f-adb\\\/#breadcrumb\",\"itemListElement\":[{\"@type\":\"ListItem\",\"position\":1,\"name\":\"Myym\u00e4l\u00e4\",\"item\":\"https:\\\/\\\/medicinasinc.com\\\/fi\\\/myymala\\\/\"},{\"@type\":\"ListItem\",\"position\":2,\"name\":\"Osta 5F-ADB\"}]},{\"@type\":\"WebSite\",\"@id\":\"https:\\\/\\\/medicinasinc.com\\\/fi\\\/#website\",\"url\":\"https:\\\/\\\/medicinasinc.com\\\/fi\\\/\",\"name\":\"Medicinas Inc\",\"description\":\"Health Medical Clinic\",\"potentialAction\":[{\"@type\":\"SearchAction\",\"target\":{\"@type\":\"EntryPoint\",\"urlTemplate\":\"https:\\\/\\\/medicinasinc.com\\\/fi\\\/?s={search_term_string}\"},\"query-input\":{\"@type\":\"PropertyValueSpecification\",\"valueRequired\":true,\"valueName\":\"search_term_string\"}}],\"inLanguage\":\"en-US\"}]}<\/script>\n<!-- \/ Yoast SEO plugin. -->","yoast_head_json":{"title":"Osta 5F-ADB - 5F-MDMB-PINACA - parhaat maailmanlaajuiset l\u00e4\u00e4kkeet","description":"Osta 5F-ADB myyt\u00e4v\u00e4n\u00e4 Iso-Britannia, Eurooppa\u00a0(tunnetaan my\u00f6s nimell\u00e4\u00a05F-MDMB-PINACA) on\u00a0indatsolipohjainen synteettinen\u00a0kannabinoidi\u00a0indatsoli-3-karboksamidiperheest\u00e4, tukkutilaus saatavilla","robots":{"index":"index","follow":"follow","max-snippet":"max-snippet:-1","max-image-preview":"max-image-preview:large","max-video-preview":"max-video-preview:-1"},"canonical":"https:\/\/medicinasinc.com\/fi\/product\/osta-5f-adb\/","og_locale":"en_US","og_type":"article","og_title":"Osta 5F-ADB - 5F-MDMB-PINACA - parhaat maailmanlaajuiset l\u00e4\u00e4kkeet","og_description":"Osta 5F-ADB myyt\u00e4v\u00e4n\u00e4 Iso-Britannia, Eurooppa\u00a0(tunnetaan my\u00f6s nimell\u00e4\u00a05F-MDMB-PINACA) on\u00a0indatsolipohjainen synteettinen\u00a0kannabinoidi\u00a0indatsoli-3-karboksamidiperheest\u00e4, tukkutilaus saatavilla","og_url":"https:\/\/medicinasinc.com\/fi\/product\/osta-5f-adb\/","og_site_name":"Medicinas Inc","article_modified_time":"2022-03-22T00:45:25+00:00","og_image":[{"width":800,"height":450,"url":"https:\/\/medicinasinc.com\/fi\/wp-content\/uploads\/sites\/12\/2022\/02\/Buy-5F-ADB.jpeg","type":"image\/jpeg"}],"twitter_card":"summary_large_image","twitter_misc":{"Est. reading time":"2 minutes"},"schema":{"@context":"https:\/\/schema.org","@graph":[{"@type":"WebPage","@id":"https:\/\/medicinasinc.com\/fi\/product\/osta-5f-adb\/","url":"https:\/\/medicinasinc.com\/fi\/product\/osta-5f-adb\/","name":"Osta 5F-ADB - 5F-MDMB-PINACA - parhaat maailmanlaajuiset l\u00e4\u00e4kkeet","isPartOf":{"@id":"https:\/\/medicinasinc.com\/fi\/#website"},"primaryImageOfPage":{"@id":"https:\/\/medicinasinc.com\/fi\/product\/osta-5f-adb\/#primaryimage"},"image":{"@id":"https:\/\/medicinasinc.com\/fi\/product\/osta-5f-adb\/#primaryimage"},"thumbnailUrl":"https:\/\/medicinasinc.com\/fi\/wp-content\/uploads\/sites\/12\/2022\/02\/Buy-5F-ADB.jpeg","datePublished":"2022-02-22T08:09:55+00:00","dateModified":"2022-03-22T00:45:25+00:00","description":"Osta 5F-ADB myyt\u00e4v\u00e4n\u00e4 Iso-Britannia, Eurooppa\u00a0(tunnetaan my\u00f6s nimell\u00e4\u00a05F-MDMB-PINACA) on\u00a0indatsolipohjainen synteettinen\u00a0kannabinoidi\u00a0indatsoli-3-karboksamidiperheest\u00e4, tukkutilaus saatavilla","breadcrumb":{"@id":"https:\/\/medicinasinc.com\/fi\/product\/osta-5f-adb\/#breadcrumb"},"inLanguage":"en-US","potentialAction":[{"@type":"ReadAction","target":["https:\/\/medicinasinc.com\/fi\/product\/osta-5f-adb\/"]}]},{"@type":"ImageObject","inLanguage":"en-US","@id":"https:\/\/medicinasinc.com\/fi\/product\/osta-5f-adb\/#primaryimage","url":"https:\/\/medicinasinc.com\/fi\/wp-content\/uploads\/sites\/12\/2022\/02\/Buy-5F-ADB.jpeg","contentUrl":"https:\/\/medicinasinc.com\/fi\/wp-content\/uploads\/sites\/12\/2022\/02\/Buy-5F-ADB.jpeg","width":800,"height":450},{"@type":"BreadcrumbList","@id":"https:\/\/medicinasinc.com\/fi\/product\/osta-5f-adb\/#breadcrumb","itemListElement":[{"@type":"ListItem","position":1,"name":"Myym\u00e4l\u00e4","item":"https:\/\/medicinasinc.com\/fi\/myymala\/"},{"@type":"ListItem","position":2,"name":"Osta 5F-ADB"}]},{"@type":"WebSite","@id":"https:\/\/medicinasinc.com\/fi\/#website","url":"https:\/\/medicinasinc.com\/fi\/","name":"Medicinas Inc","description":"Health Medical Clinic","potentialAction":[{"@type":"SearchAction","target":{"@type":"EntryPoint","urlTemplate":"https:\/\/medicinasinc.com\/fi\/?s={search_term_string}"},"query-input":{"@type":"PropertyValueSpecification","valueRequired":true,"valueName":"search_term_string"}}],"inLanguage":"en-US"}]}},"_links":{"self":[{"href":"https:\/\/medicinasinc.com\/fi\/wp-json\/wp\/v2\/product\/5902","targetHints":{"allow":["GET"]}}],"collection":[{"href":"https:\/\/medicinasinc.com\/fi\/wp-json\/wp\/v2\/product"}],"about":[{"href":"https:\/\/medicinasinc.com\/fi\/wp-json\/wp\/v2\/types\/product"}],"replies":[{"embeddable":true,"href":"https:\/\/medicinasinc.com\/fi\/wp-json\/wp\/v2\/comments?post=5902"}],"wp:featuredmedia":[{"embeddable":true,"href":"https:\/\/medicinasinc.com\/fi\/wp-json\/wp\/v2\/media\/5933"}],"wp:attachment":[{"href":"https:\/\/medicinasinc.com\/fi\/wp-json\/wp\/v2\/media?parent=5902"}],"wp:term":[{"taxonomy":"product_brand","embeddable":true,"href":"https:\/\/medicinasinc.com\/fi\/wp-json\/wp\/v2\/product_brand?post=5902"},{"taxonomy":"product_cat","embeddable":true,"href":"https:\/\/medicinasinc.com\/fi\/wp-json\/wp\/v2\/product_cat?post=5902"},{"taxonomy":"product_tag","embeddable":true,"href":"https:\/\/medicinasinc.com\/fi\/wp-json\/wp\/v2\/product_tag?post=5902"}],"curies":[{"name":"wp","href":"https:\/\/api.w.org\/{rel}","templated":true}]}}