{"id":5897,"date":"2022-02-22T08:07:13","date_gmt":"2022-02-22T08:07:13","guid":{"rendered":"https:\/\/medicinasinc.com\/fi\/?post_type=product&#038;p=5897"},"modified":"2022-03-22T00:45:35","modified_gmt":"2022-03-22T00:45:35","slug":"osta-5c-akb48","status":"publish","type":"product","link":"https:\/\/medicinasinc.com\/fi\/product\/osta-5c-akb48\/","title":{"rendered":"Osta 5C-AKB48"},"content":{"rendered":"<p>Mik\u00e4 on 5C-AKB48-koodi?<\/p>\n<p>5C-AKB48 on synteettinen kannabinoidi, joka kuuluu indatsolikarboksamidiluokkaan. Se on Etel\u00e4-Koreasta l\u00f6ydetyn tunnetumman synteettisen kannabinoidin 5F-AKB48 (kutsutaan usein nimill\u00e4 AKB48, 5F-APINACA tai 5F-AKB48) 5-kloorianalogi.<\/p>\n<p>Euroopan suurin v\u00e4hitt\u00e4ismyyj\u00e4 5C-AKB48 jauhetta.<\/p>\n<p>5C-AKB48 voidaan ostaa verkosta Bitcoinilla. 5C-AKB48 on vahvempi versio AKB-48:sta, joka toimii kannabinoidireseptoreissa.<\/p>\n<p>5C-AKB48:lla v\u00e4itet\u00e4\u00e4n olevan samanlaisia, mutta tehokkaampia vaikutuksia kuin 5F-AKB48:lla, ja kuten kaikilla synteettisill\u00e4 kannabinoideilla, sill\u00e4 on korkea affiniteetti CB1- ja CB2-reseptoreihin.<\/p>\n<p>5C-AKB48-kemialliset ominaisuudet<\/p>\n<p>C23H30CIN3O<\/p>\n<p>N-(adamantan-1-yyli)<\/p>\n<p> p&gt; <\/p>\n<p>-1-(5-klooripentyyli)-1H-indatsoli<\/p>\n<p>-3-karboksamidi<\/p>\n<p>Molekyylipaino: 400,00 g\/mol<\/p>\n<p>Puhtaus : yli 98 prosenttia<\/p>\n<p>5C-AKB48 on synteettinen kannabinoidi, joka kuuluu indatsoli-3-karboksamidiryhm\u00e4\u00e4n. Sill\u00e4 on samanlaiset molekyyliominaisuudet kuin 5F-ABD:ll\u00e4. Kuten monien kannabinoidien tapauksessa, sill\u00e4 on korkea affiniteetti CB1- ja CB2-reseptoreihin, mik\u00e4 edist\u00e4\u00e4 sen euforisia ominaisuuksia. Kuten useimmat kannabinoidit, se on veteen liukenematon ja stabiili huoneenl\u00e4mp\u00f6tilassa. Kuten useimpien kannabinoidien kohdalla, 5C-AKB48:lla on merkitt\u00e4v\u00e4 potentiaali k\u00e4ytt\u00e4\u00e4 kipul\u00e4\u00e4kett\u00e4 ja ruokahalua stimuloivana aineena. Vaikka ihmiskokeita ei ole suoritettu, on kohtuullista olettaa, ett\u00e4 5C-AKB48:lla on samat synteettiset kannabinoidivaikutukset kuin muilla saman luokan kemikaaleilla. On syyt\u00e4 mainita, ett\u00e4 t\u00e4m\u00e4n l\u00e4\u00e4kkeen turvallisuusprofiilia ei ole arvioitu perusteellisesti ja ett\u00e4 sit\u00e4 ei ole tarkoitettu ihmisravinnoksi.<\/p>\n<p>Mitk\u00e4 ovat 5C-AKB48:aan liittyv\u00e4t todenn\u00e4k\u00f6iset sivuvaikutukset ja varotoimet?<\/p>\n<p>5C-psykoaktiivisen AKB48:n vaikutukset ovat verrattavissa muiden luonnollisten ja synteettisten kannabinoidien, erityisesti 5F-ABD:n, vaikutuksiin.<\/p>\n<p>Rauhoittaminen: Kenties kannabinoidien tunnetuin vaikutus, kuluttajat kertovat syv\u00e4st\u00e4 rauhallisesta vaikutuksesta. ja alentuneet energiatasot 5C-AKB48:n kulutuksen j\u00e4lkeen.<\/p>\n<p>V\u00e4henn\u00e4 tulehdusta: Luonnossa esiintyvi\u00e4 kannabinoideja on k\u00e4ytetty vuosituhansien ajan niiden tulehdusta ehk\u00e4isevien ominaisuuksien vuoksi. CBD (ei-psykoaktiivinen kannabinoidi) on viime aikoina saavuttanut suosiota kipua ja tulehdusta lievitt\u00e4j\u00e4n\u00e4. Vaikka virallisia tutkimuksia ei ole tehty, on kohtuullista olettaa, ett\u00e4 5C-AKB48:lla on kannabinoideihin liittyvi\u00e4 tulehduksia est\u00e4vi\u00e4 ominaisuuksia.<\/p>\n<p>Pahoinvointia ja oksentelua est\u00e4v\u00e4t ominaisuudet: Kannabinoideilla on pahoinvointia ja oksentelua ehk\u00e4isevi\u00e4 ominaisuuksia, jotka on havaittu kliinisesti useiden vuosien ajan [1] rutiininomaisesti m\u00e4\u00e4r\u00e4tyill\u00e4 l\u00e4\u00e4kkeill\u00e4, kuten Marinol, syndros ja Nabilone, jotka sis\u00e4lt\u00e4v\u00e4t synteettisi\u00e4 kannabinoideja.<\/p>\n<p>Kannabinoidien on pitk\u00e4\u00e4n tunnustettu kyvyst\u00e4\u00e4n v\u00e4hent\u00e4\u00e4 merkitt\u00e4v\u00e4sti migreenin ja migreenin vaikeusastetta. krooninen p\u00e4\u00e4ns\u00e4rky ihmisill\u00e4 [2]. Valitettavasti 5C-AKB48:n hy\u00f6dyllisyydest\u00e4 p\u00e4\u00e4ns\u00e4rkyjen hoidossa ei ole tehty kontrolloituja tutkimuksia, ja vain muutamia anekdoottisia raportteja on olemassa.<\/p>\n<p>Kuten aiemmin mainittiin, muodollista tutkimusta 5C-AKB48:sta ei ole tehty. , ja siksi sen turvallisuusprofiili on t\u00e4ll\u00e4 hetkell\u00e4 ep\u00e4selv\u00e4. Testauksen puuttumisesta huolimatta voimme odottaa, ett\u00e4 sill\u00e4 on tyypillisi\u00e4 kannabiksen haittavaikutuksia. T\u00e4m\u00e4n seurauksena on t\u00e4rke\u00e4\u00e4 muistaa, ett\u00e4 5C-AKB48 on tarkoitettu vain tutkimusk\u00e4ytt\u00f6\u00f6n, eik\u00e4 sit\u00e4 ole tarkoitettu ihmisravinnoksi. Sit\u00e4 ei saa k\u00e4sitell\u00e4 ilman asianmukaisia \u200b\u200blaboratoriov\u00e4lineit\u00e4, kuten silm\u00e4suojaimia ja k\u00e4sineit\u00e4.<\/p>\n<p>Mist\u00e4 voin ostaa?<\/p>\n<p>Chemical Planet tarjoaa ylpe\u00e4n\u00e4 korkealaatuisimman 5C- AKB48 markkinoilla. Chemical Planet on my\u00f6s ykk\u00f6nen luotettava palveluntarjoaja, joka tarjoaa nopeat ja huomaamattomat toimitukset useisiin paikkoihin ymp\u00e4ri maailmaa.<\/p>\n<p>Jos haluat ostaa 5C-AKB48:n, sinun on oltava v\u00e4hint\u00e4\u00e4n 18-vuotias ja kaikki yleisimm\u00e4t luottokortit sek\u00e4 bitcoinit hyv\u00e4ksyt\u00e4\u00e4n. Kaikki tuotteet, mukaan lukien 5C-AKB48, on tarkoitettu yksinomaan tutkimusk\u00e4ytt\u00f6\u00f6n, eiv\u00e4tk\u00e4 ne ole tarkoitettu ihmisravinnoksi.<\/p>\n","protected":false},"excerpt":{"rendered":"<p>Osta 5c-akb48 myyt\u00e4v\u00e4n\u00e4, tukkumyynti 5c-akb48 Iso-Britannia, tilaa 5cakb48 Euroopan toimittaja. 5c-akb48 on indatsolipohjainen synteettinen kannabinoidi, jota on myyty verkossa design-huumeena.<\/p>\n","protected":false},"featured_media":5928,"comment_status":"open","ping_status":"closed","template":"","meta":[],"product_brand":[],"product_cat":[2596],"product_tag":[4052,4053,4054,4055,4056,2600,4058,2616,4059,4057,2615,4060,4061,4062,4065,4063,4064],"class_list":{"0":"post-5897","1":"product","2":"type-product","3":"status-publish","4":"has-post-thumbnail","6":"product_cat-kannabinoidit-myynniss","7":"product_tag-5c-akb48","8":"product_tag-5c-akb48-myydn","9":"product_tag-5cakb48","10":"product_tag-5f-mdmb-2201-5f-mdmb-2201-kannabinoidi","11":"product_tag-5f-mdmb-2201-psychonaut","12":"product_tag-5f-mdmb-2201","13":"product_tag-5f-mdmb-2201-annos","14":"product_tag-5f-mdmb-2201-arvostelu","15":"product_tag-5f-mdmb-2201-arvostelut","16":"product_tag-5f-mdmb-2201-cayman","17":"product_tag-5f-mdmb-2201-reddit","18":"product_tag-5f-mdmb-2201-wiki","19":"product_tag-5fmdmb2201-5f-mdmb-2201-kannabinoidi","20":"product_tag-buy-5c-akb48-online","21":"product_tag-mist-ostaa-5c-akb48-verkosta","22":"product_tag-osta-5c-akb48-verkosta","23":"product_tag-paras-ostopaikka-5c-akb48-verkossa","25":"first","26":"instock","27":"shipping-taxable","28":"purchasable","29":"product-type-variable"},"yoast_head":"<!-- This site is optimized with the Yoast SEO plugin v27.3 - https:\/\/yoast.com\/product\/yoast-seo-wordpress\/ -->\n<title>Osta 5c-akb48 luotettavalta myyj\u00e4lt\u00e4 \u2013 kannabinoidit \u2013 parhaat maailmanlaajuiset l\u00e4\u00e4kkeet<\/title>\n<meta name=\"description\" content=\"Osta 5c-akb48 myyt\u00e4v\u00e4n\u00e4, tukkumyynti 5c-akb48 UK, tilaa 5cakb48 Euroopan toimittaja. 5c-akb48 on indatsolipohjainen synteettinen kannabinoidi, jota on myyty verkossa design-huumeena.\" \/>\n<meta name=\"robots\" content=\"index, follow, max-snippet:-1, max-image-preview:large, max-video-preview:-1\" \/>\n<link rel=\"canonical\" href=\"https:\/\/medicinasinc.com\/fi\/product\/osta-5c-akb48\/\" \/>\n<meta property=\"og:locale\" content=\"en_US\" \/>\n<meta property=\"og:type\" content=\"article\" \/>\n<meta property=\"og:title\" content=\"Osta 5c-akb48 luotettavalta myyj\u00e4lt\u00e4 \u2013 kannabinoidit \u2013 parhaat maailmanlaajuiset l\u00e4\u00e4kkeet\" \/>\n<meta property=\"og:description\" content=\"Osta 5c-akb48 myyt\u00e4v\u00e4n\u00e4, tukkumyynti 5c-akb48 UK, tilaa 5cakb48 Euroopan toimittaja. 5c-akb48 on indatsolipohjainen synteettinen kannabinoidi, jota on myyty verkossa design-huumeena.\" \/>\n<meta property=\"og:url\" content=\"https:\/\/medicinasinc.com\/fi\/product\/osta-5c-akb48\/\" \/>\n<meta property=\"og:site_name\" content=\"Medicinas Inc\" \/>\n<meta property=\"article:modified_time\" content=\"2022-03-22T00:45:35+00:00\" \/>\n<meta property=\"og:image\" content=\"https:\/\/medicinasinc.com\/fi\/wp-content\/uploads\/sites\/12\/2022\/02\/Buy-5C-AKB48.png\" \/>\n\t<meta property=\"og:image:width\" content=\"500\" \/>\n\t<meta property=\"og:image:height\" content=\"500\" \/>\n\t<meta property=\"og:image:type\" content=\"image\/png\" \/>\n<meta name=\"twitter:card\" content=\"summary_large_image\" \/>\n<meta name=\"twitter:label1\" content=\"Est. reading time\" \/>\n\t<meta name=\"twitter:data1\" content=\"3 minutes\" \/>\n<script type=\"application\/ld+json\" class=\"yoast-schema-graph\">{\"@context\":\"https:\\\/\\\/schema.org\",\"@graph\":[{\"@type\":\"WebPage\",\"@id\":\"https:\\\/\\\/medicinasinc.com\\\/fi\\\/product\\\/osta-5c-akb48\\\/\",\"url\":\"https:\\\/\\\/medicinasinc.com\\\/fi\\\/product\\\/osta-5c-akb48\\\/\",\"name\":\"Osta 5c-akb48 luotettavalta myyj\u00e4lt\u00e4 \u2013 kannabinoidit \u2013 parhaat maailmanlaajuiset l\u00e4\u00e4kkeet\",\"isPartOf\":{\"@id\":\"https:\\\/\\\/medicinasinc.com\\\/fi\\\/#website\"},\"primaryImageOfPage\":{\"@id\":\"https:\\\/\\\/medicinasinc.com\\\/fi\\\/product\\\/osta-5c-akb48\\\/#primaryimage\"},\"image\":{\"@id\":\"https:\\\/\\\/medicinasinc.com\\\/fi\\\/product\\\/osta-5c-akb48\\\/#primaryimage\"},\"thumbnailUrl\":\"https:\\\/\\\/medicinasinc.com\\\/fi\\\/wp-content\\\/uploads\\\/sites\\\/12\\\/2022\\\/02\\\/Buy-5C-AKB48.png\",\"datePublished\":\"2022-02-22T08:07:13+00:00\",\"dateModified\":\"2022-03-22T00:45:35+00:00\",\"description\":\"Osta 5c-akb48 myyt\u00e4v\u00e4n\u00e4, tukkumyynti 5c-akb48 UK, tilaa 5cakb48 Euroopan toimittaja. 5c-akb48 on indatsolipohjainen synteettinen kannabinoidi, jota on myyty verkossa design-huumeena.\",\"breadcrumb\":{\"@id\":\"https:\\\/\\\/medicinasinc.com\\\/fi\\\/product\\\/osta-5c-akb48\\\/#breadcrumb\"},\"inLanguage\":\"en-US\",\"potentialAction\":[{\"@type\":\"ReadAction\",\"target\":[\"https:\\\/\\\/medicinasinc.com\\\/fi\\\/product\\\/osta-5c-akb48\\\/\"]}]},{\"@type\":\"ImageObject\",\"inLanguage\":\"en-US\",\"@id\":\"https:\\\/\\\/medicinasinc.com\\\/fi\\\/product\\\/osta-5c-akb48\\\/#primaryimage\",\"url\":\"https:\\\/\\\/medicinasinc.com\\\/fi\\\/wp-content\\\/uploads\\\/sites\\\/12\\\/2022\\\/02\\\/Buy-5C-AKB48.png\",\"contentUrl\":\"https:\\\/\\\/medicinasinc.com\\\/fi\\\/wp-content\\\/uploads\\\/sites\\\/12\\\/2022\\\/02\\\/Buy-5C-AKB48.png\",\"width\":500,\"height\":500},{\"@type\":\"BreadcrumbList\",\"@id\":\"https:\\\/\\\/medicinasinc.com\\\/fi\\\/product\\\/osta-5c-akb48\\\/#breadcrumb\",\"itemListElement\":[{\"@type\":\"ListItem\",\"position\":1,\"name\":\"Myym\u00e4l\u00e4\",\"item\":\"https:\\\/\\\/medicinasinc.com\\\/fi\\\/myymala\\\/\"},{\"@type\":\"ListItem\",\"position\":2,\"name\":\"Osta 5C-AKB48\"}]},{\"@type\":\"WebSite\",\"@id\":\"https:\\\/\\\/medicinasinc.com\\\/fi\\\/#website\",\"url\":\"https:\\\/\\\/medicinasinc.com\\\/fi\\\/\",\"name\":\"Medicinas Inc\",\"description\":\"Health Medical Clinic\",\"potentialAction\":[{\"@type\":\"SearchAction\",\"target\":{\"@type\":\"EntryPoint\",\"urlTemplate\":\"https:\\\/\\\/medicinasinc.com\\\/fi\\\/?s={search_term_string}\"},\"query-input\":{\"@type\":\"PropertyValueSpecification\",\"valueRequired\":true,\"valueName\":\"search_term_string\"}}],\"inLanguage\":\"en-US\"}]}<\/script>\n<!-- \/ Yoast SEO plugin. -->","yoast_head_json":{"title":"Osta 5c-akb48 luotettavalta myyj\u00e4lt\u00e4 \u2013 kannabinoidit \u2013 parhaat maailmanlaajuiset l\u00e4\u00e4kkeet","description":"Osta 5c-akb48 myyt\u00e4v\u00e4n\u00e4, tukkumyynti 5c-akb48 UK, tilaa 5cakb48 Euroopan toimittaja. 5c-akb48 on indatsolipohjainen synteettinen kannabinoidi, jota on myyty verkossa design-huumeena.","robots":{"index":"index","follow":"follow","max-snippet":"max-snippet:-1","max-image-preview":"max-image-preview:large","max-video-preview":"max-video-preview:-1"},"canonical":"https:\/\/medicinasinc.com\/fi\/product\/osta-5c-akb48\/","og_locale":"en_US","og_type":"article","og_title":"Osta 5c-akb48 luotettavalta myyj\u00e4lt\u00e4 \u2013 kannabinoidit \u2013 parhaat maailmanlaajuiset l\u00e4\u00e4kkeet","og_description":"Osta 5c-akb48 myyt\u00e4v\u00e4n\u00e4, tukkumyynti 5c-akb48 UK, tilaa 5cakb48 Euroopan toimittaja. 5c-akb48 on indatsolipohjainen synteettinen kannabinoidi, jota on myyty verkossa design-huumeena.","og_url":"https:\/\/medicinasinc.com\/fi\/product\/osta-5c-akb48\/","og_site_name":"Medicinas Inc","article_modified_time":"2022-03-22T00:45:35+00:00","og_image":[{"width":500,"height":500,"url":"https:\/\/medicinasinc.com\/fi\/wp-content\/uploads\/sites\/12\/2022\/02\/Buy-5C-AKB48.png","type":"image\/png"}],"twitter_card":"summary_large_image","twitter_misc":{"Est. reading time":"3 minutes"},"schema":{"@context":"https:\/\/schema.org","@graph":[{"@type":"WebPage","@id":"https:\/\/medicinasinc.com\/fi\/product\/osta-5c-akb48\/","url":"https:\/\/medicinasinc.com\/fi\/product\/osta-5c-akb48\/","name":"Osta 5c-akb48 luotettavalta myyj\u00e4lt\u00e4 \u2013 kannabinoidit \u2013 parhaat maailmanlaajuiset l\u00e4\u00e4kkeet","isPartOf":{"@id":"https:\/\/medicinasinc.com\/fi\/#website"},"primaryImageOfPage":{"@id":"https:\/\/medicinasinc.com\/fi\/product\/osta-5c-akb48\/#primaryimage"},"image":{"@id":"https:\/\/medicinasinc.com\/fi\/product\/osta-5c-akb48\/#primaryimage"},"thumbnailUrl":"https:\/\/medicinasinc.com\/fi\/wp-content\/uploads\/sites\/12\/2022\/02\/Buy-5C-AKB48.png","datePublished":"2022-02-22T08:07:13+00:00","dateModified":"2022-03-22T00:45:35+00:00","description":"Osta 5c-akb48 myyt\u00e4v\u00e4n\u00e4, tukkumyynti 5c-akb48 UK, tilaa 5cakb48 Euroopan toimittaja. 5c-akb48 on indatsolipohjainen synteettinen kannabinoidi, jota on myyty verkossa design-huumeena.","breadcrumb":{"@id":"https:\/\/medicinasinc.com\/fi\/product\/osta-5c-akb48\/#breadcrumb"},"inLanguage":"en-US","potentialAction":[{"@type":"ReadAction","target":["https:\/\/medicinasinc.com\/fi\/product\/osta-5c-akb48\/"]}]},{"@type":"ImageObject","inLanguage":"en-US","@id":"https:\/\/medicinasinc.com\/fi\/product\/osta-5c-akb48\/#primaryimage","url":"https:\/\/medicinasinc.com\/fi\/wp-content\/uploads\/sites\/12\/2022\/02\/Buy-5C-AKB48.png","contentUrl":"https:\/\/medicinasinc.com\/fi\/wp-content\/uploads\/sites\/12\/2022\/02\/Buy-5C-AKB48.png","width":500,"height":500},{"@type":"BreadcrumbList","@id":"https:\/\/medicinasinc.com\/fi\/product\/osta-5c-akb48\/#breadcrumb","itemListElement":[{"@type":"ListItem","position":1,"name":"Myym\u00e4l\u00e4","item":"https:\/\/medicinasinc.com\/fi\/myymala\/"},{"@type":"ListItem","position":2,"name":"Osta 5C-AKB48"}]},{"@type":"WebSite","@id":"https:\/\/medicinasinc.com\/fi\/#website","url":"https:\/\/medicinasinc.com\/fi\/","name":"Medicinas Inc","description":"Health Medical Clinic","potentialAction":[{"@type":"SearchAction","target":{"@type":"EntryPoint","urlTemplate":"https:\/\/medicinasinc.com\/fi\/?s={search_term_string}"},"query-input":{"@type":"PropertyValueSpecification","valueRequired":true,"valueName":"search_term_string"}}],"inLanguage":"en-US"}]}},"_links":{"self":[{"href":"https:\/\/medicinasinc.com\/fi\/wp-json\/wp\/v2\/product\/5897","targetHints":{"allow":["GET"]}}],"collection":[{"href":"https:\/\/medicinasinc.com\/fi\/wp-json\/wp\/v2\/product"}],"about":[{"href":"https:\/\/medicinasinc.com\/fi\/wp-json\/wp\/v2\/types\/product"}],"replies":[{"embeddable":true,"href":"https:\/\/medicinasinc.com\/fi\/wp-json\/wp\/v2\/comments?post=5897"}],"wp:featuredmedia":[{"embeddable":true,"href":"https:\/\/medicinasinc.com\/fi\/wp-json\/wp\/v2\/media\/5928"}],"wp:attachment":[{"href":"https:\/\/medicinasinc.com\/fi\/wp-json\/wp\/v2\/media?parent=5897"}],"wp:term":[{"taxonomy":"product_brand","embeddable":true,"href":"https:\/\/medicinasinc.com\/fi\/wp-json\/wp\/v2\/product_brand?post=5897"},{"taxonomy":"product_cat","embeddable":true,"href":"https:\/\/medicinasinc.com\/fi\/wp-json\/wp\/v2\/product_cat?post=5897"},{"taxonomy":"product_tag","embeddable":true,"href":"https:\/\/medicinasinc.com\/fi\/wp-json\/wp\/v2\/product_tag?post=5897"}],"curies":[{"name":"wp","href":"https:\/\/api.w.org\/{rel}","templated":true}]}}